{"id":173157,"date":"2023-04-18T10:40:12","date_gmt":"2023-04-18T08:40:12","guid":{"rendered":"https:\/\/ekkla.ch\/produit\/wandleuchte-poem-weis-und-beige-o36-ferm-living\/"},"modified":"2024-01-23T13:58:32","modified_gmt":"2024-01-23T12:58:32","slug":"wandleuchte-poem-weis-und-beige-o36-ferm-living","status":"publish","type":"product","link":"https:\/\/ekkla.ch\/de\/produit\/wandleuchte-poem-weis-und-beige-o36-ferm-living\/","title":{"rendered":"Wandleuchte Poem &#8211; Wei\u00df und Beige &#8211; \u00d836 &#8211; Ferm Living"},"content":{"rendered":"<p>Die Wand-\/Deckenleuchte Poem ist von den opulenten Details der barocken Kunst und Architektur inspiriert und hat einen romantischen und eleganten Ausdruck. In einem aufwendigen Verfahren wird fl\u00fcssiges Gewebe auf die innere Stahlstruktur der Leuchte gespr\u00fcht. Das Ergebnis ist ein durchscheinender Lampenschirm, der sich kunstvoll \u00fcber verschlungene B\u00f6gen spannt und daf\u00fcr sorgt, dass die Leuchte ein weiches, diffuses Licht abgibt und gleichzeitig einer zarten Blume \u00e4hnelt. Der Vlies-Polymerschirm wird im Laufe der Zeit sch\u00f6n patiniert und erh\u00e4lt so ein einzigartiges Aussehen. H\u00e4nge die Poem-Lampe an die Wand oder verwende sie als Deckenlampe im Plafond-Stil, die jeden Raum aufwertet und beleuchtet.<\/p>\n<h2>Merkmale &amp; Eigenschaften<\/h2>\n<p><strong>Marke<\/strong> Ferm Living<\/p>\n<p><strong>Farbe<\/strong> Wei\u00df<\/p>\n<p><strong>Material<\/strong> Eisen, Stahl, Polymer<\/p>\n<p><strong>Gl\u00fchbirne<\/strong> E27 max 12W (nicht inbegriffen)<\/p>\n<p><strong>Stromversorgung (V)<\/strong> 220 &#8211; 240<\/p>\n<p><strong>H\u00f6he (cm)<\/strong> 22<\/p>\n<p><strong>Durchmesser (cm)<\/strong> 35<\/p>\n","protected":false},"excerpt":{"rendered":"<p>Die Wand-\/Deckenleuchte Poem ist von den opulenten Details der barocken Kunst und Architektur inspiriert und hat einen romantischen und eleganten Ausdruck. In einem aufwendigen Verfahren wird fl\u00fcssiges Gewebe auf die innere Stahlstruktur der Leuchte gespr\u00fcht. Das Ergebnis ist ein durchscheinender Lampenschirm, der sich kunstvoll \u00fcber verschlungene B\u00f6gen spannt und daf\u00fcr sorgt, dass die Leuchte ein [&hellip;]<\/p>\n","protected":false},"featured_media":173636,"template":"","meta":{"_acf_changed":false,"om_disable_all_campaigns":false},"product_cat":[286],"product_tag":[1258,896,1188,1265,858,816],"bundled_by":[],"bundle_stock_status":"onbackorder","bundle_stock_quantity":0,"bundle_virtual":false,"bundle_layout":"","bundle_add_to_cart_form_location":"","bundle_editable_in_cart":false,"bundle_sold_individually_context":"","bundle_item_grouping":"","bundle_min_size":"","bundle_max_size":"","bundle_price":[],"bundled_items":[],"bundle_sell_ids":[],"acf":[],"yoast_head":"<!-- This site is optimized with the Yoast SEO Premium plugin v22.2 (Yoast SEO v22.8) - https:\/\/yoast.com\/wordpress\/plugins\/seo\/ -->\n<title>Wandleuchte Poem \u00d836 | Ferm Living | Ekkla<\/title>\n<meta name=\"description\" content=\"Schaffen Sie eine elegante Atmosph\u00e4re mit der Wandleuchte Poem \u00d836. Eine warme und elegante Atmosph\u00e4re ist in jedem Raum garantiert.\" \/>\n<meta name=\"robots\" content=\"index, follow, max-snippet:-1, max-image-preview:large, max-video-preview:-1\" \/>\n<link rel=\"canonical\" href=\"https:\/\/ekkla.ch\/de\/produit\/wandleuchte-poem-weis-und-beige-o36-ferm-living\/\" \/>\n<meta property=\"og:locale\" content=\"de_DE\" \/>\n<meta property=\"og:type\" content=\"article\" \/>\n<meta property=\"og:title\" content=\"Wandleuchte Poem - Wei\u00df und Beige - \u00d836 - Ferm Living\" \/>\n<meta property=\"og:description\" content=\"Schaffen Sie eine elegante Atmosph\u00e4re mit der Wandleuchte Poem \u00d836. Eine warme und elegante Atmosph\u00e4re ist in jedem Raum garantiert.\" \/>\n<meta property=\"og:url\" content=\"https:\/\/ekkla.ch\/de\/produit\/wandleuchte-poem-weis-und-beige-o36-ferm-living\/\" \/>\n<meta property=\"og:site_name\" content=\"Ekkla\" \/>\n<meta property=\"article:modified_time\" content=\"2024-01-23T12:58:32+00:00\" \/>\n<meta property=\"og:image\" content=\"https:\/\/ekkla.ch\/wp-content\/uploads\/2023\/04\/ekkla-light_0018_fermLIVING_SS23_PoemCeilingWallLamp_1104267022_1.jpg\" \/>\n\t<meta property=\"og:image:width\" content=\"900\" \/>\n\t<meta property=\"og:image:height\" content=\"900\" \/>\n\t<meta property=\"og:image:type\" content=\"image\/jpeg\" \/>\n<meta name=\"twitter:card\" content=\"summary_large_image\" \/>\n<meta name=\"twitter:label1\" content=\"Gesch\u00e4tzte Lesezeit\" \/>\n\t<meta name=\"twitter:data1\" content=\"1\u00a0Minute\" \/>\n<script type=\"application\/ld+json\" class=\"yoast-schema-graph\">{\"@context\":\"https:\/\/schema.org\",\"@graph\":[{\"@type\":\"WebPage\",\"@id\":\"https:\/\/ekkla.ch\/de\/produit\/wandleuchte-poem-weis-und-beige-o36-ferm-living\/\",\"url\":\"https:\/\/ekkla.ch\/de\/produit\/wandleuchte-poem-weis-und-beige-o36-ferm-living\/\",\"name\":\"Wandleuchte Poem \u00d836 | Ferm Living | Ekkla\",\"isPartOf\":{\"@id\":\"https:\/\/ekkla.ch\/#website\"},\"primaryImageOfPage\":{\"@id\":\"https:\/\/ekkla.ch\/de\/produit\/wandleuchte-poem-weis-und-beige-o36-ferm-living\/#primaryimage\"},\"image\":{\"@id\":\"https:\/\/ekkla.ch\/de\/produit\/wandleuchte-poem-weis-und-beige-o36-ferm-living\/#primaryimage\"},\"thumbnailUrl\":\"https:\/\/ekkla.ch\/wp-content\/uploads\/2023\/04\/ekkla-light_0018_fermLIVING_SS23_PoemCeilingWallLamp_1104267022_1.jpg\",\"datePublished\":\"2023-04-18T08:40:12+00:00\",\"dateModified\":\"2024-01-23T12:58:32+00:00\",\"description\":\"Schaffen Sie eine elegante Atmosph\u00e4re mit der Wandleuchte Poem \u00d836. Eine warme und elegante Atmosph\u00e4re ist in jedem Raum garantiert.\",\"breadcrumb\":{\"@id\":\"https:\/\/ekkla.ch\/de\/produit\/wandleuchte-poem-weis-und-beige-o36-ferm-living\/#breadcrumb\"},\"inLanguage\":\"de\",\"potentialAction\":[{\"@type\":\"ReadAction\",\"target\":[\"https:\/\/ekkla.ch\/de\/produit\/wandleuchte-poem-weis-und-beige-o36-ferm-living\/\"]}]},{\"@type\":\"ImageObject\",\"inLanguage\":\"de\",\"@id\":\"https:\/\/ekkla.ch\/de\/produit\/wandleuchte-poem-weis-und-beige-o36-ferm-living\/#primaryimage\",\"url\":\"https:\/\/ekkla.ch\/wp-content\/uploads\/2023\/04\/ekkla-light_0018_fermLIVING_SS23_PoemCeilingWallLamp_1104267022_1.jpg\",\"contentUrl\":\"https:\/\/ekkla.ch\/wp-content\/uploads\/2023\/04\/ekkla-light_0018_fermLIVING_SS23_PoemCeilingWallLamp_1104267022_1.jpg\",\"width\":900,\"height\":900},{\"@type\":\"BreadcrumbList\",\"@id\":\"https:\/\/ekkla.ch\/de\/produit\/wandleuchte-poem-weis-und-beige-o36-ferm-living\/#breadcrumb\",\"itemListElement\":[{\"@type\":\"ListItem\",\"position\":1,\"name\":\"Home\",\"item\":\"https:\/\/ekkla.ch\/de\/\"},{\"@type\":\"ListItem\",\"position\":2,\"name\":\"Shop\",\"item\":\"https:\/\/ekkla.ch\/de\/shop\/\"},{\"@type\":\"ListItem\",\"position\":3,\"name\":\"Wandleuchte Poem &#8211; Wei\u00df und Beige &#8211; \u00d836 &#8211; Ferm Living\"}]},{\"@type\":\"WebSite\",\"@id\":\"https:\/\/ekkla.ch\/#website\",\"url\":\"https:\/\/ekkla.ch\/\",\"name\":\"Ekkla\",\"description\":\"Der Onlineshop f\u00fcr Beleuchtung\",\"publisher\":{\"@id\":\"https:\/\/ekkla.ch\/#organization\"},\"potentialAction\":[{\"@type\":\"SearchAction\",\"target\":{\"@type\":\"EntryPoint\",\"urlTemplate\":\"https:\/\/ekkla.ch\/?s={search_term_string}\"},\"query-input\":\"required name=search_term_string\"}],\"inLanguage\":\"de\"},{\"@type\":\"Organization\",\"@id\":\"https:\/\/ekkla.ch\/#organization\",\"name\":\"Ekkla\",\"url\":\"https:\/\/ekkla.ch\/\",\"logo\":{\"@type\":\"ImageObject\",\"inLanguage\":\"de\",\"@id\":\"https:\/\/ekkla.ch\/#\/schema\/logo\/image\/\",\"url\":\"http:\/\/ekkla.ch\/wp-content\/uploads\/2019\/07\/logo-1.svg\",\"contentUrl\":\"http:\/\/ekkla.ch\/wp-content\/uploads\/2019\/07\/logo-1.svg\",\"width\":1,\"height\":1,\"caption\":\"Ekkla\"},\"image\":{\"@id\":\"https:\/\/ekkla.ch\/#\/schema\/logo\/image\/\"},\"sameAs\":[\"https:\/\/www.instagram.com\/ekkla_light\/\"]}]}<\/script>\n<!-- \/ Yoast SEO Premium plugin. -->","yoast_head_json":{"title":"Wandleuchte Poem \u00d836 | Ferm Living | Ekkla","description":"Schaffen Sie eine elegante Atmosph\u00e4re mit der Wandleuchte Poem \u00d836. Eine warme und elegante Atmosph\u00e4re ist in jedem Raum garantiert.","robots":{"index":"index","follow":"follow","max-snippet":"max-snippet:-1","max-image-preview":"max-image-preview:large","max-video-preview":"max-video-preview:-1"},"canonical":"https:\/\/ekkla.ch\/de\/produit\/wandleuchte-poem-weis-und-beige-o36-ferm-living\/","og_locale":"de_DE","og_type":"article","og_title":"Wandleuchte Poem - Wei\u00df und Beige - \u00d836 - Ferm Living","og_description":"Schaffen Sie eine elegante Atmosph\u00e4re mit der Wandleuchte Poem \u00d836. Eine warme und elegante Atmosph\u00e4re ist in jedem Raum garantiert.","og_url":"https:\/\/ekkla.ch\/de\/produit\/wandleuchte-poem-weis-und-beige-o36-ferm-living\/","og_site_name":"Ekkla","article_modified_time":"2024-01-23T12:58:32+00:00","og_image":[{"width":900,"height":900,"url":"https:\/\/ekkla.ch\/wp-content\/uploads\/2023\/04\/ekkla-light_0018_fermLIVING_SS23_PoemCeilingWallLamp_1104267022_1.jpg","type":"image\/jpeg"}],"twitter_card":"summary_large_image","twitter_misc":{"Gesch\u00e4tzte Lesezeit":"1\u00a0Minute"},"schema":{"@context":"https:\/\/schema.org","@graph":[{"@type":"WebPage","@id":"https:\/\/ekkla.ch\/de\/produit\/wandleuchte-poem-weis-und-beige-o36-ferm-living\/","url":"https:\/\/ekkla.ch\/de\/produit\/wandleuchte-poem-weis-und-beige-o36-ferm-living\/","name":"Wandleuchte Poem \u00d836 | Ferm Living | Ekkla","isPartOf":{"@id":"https:\/\/ekkla.ch\/#website"},"primaryImageOfPage":{"@id":"https:\/\/ekkla.ch\/de\/produit\/wandleuchte-poem-weis-und-beige-o36-ferm-living\/#primaryimage"},"image":{"@id":"https:\/\/ekkla.ch\/de\/produit\/wandleuchte-poem-weis-und-beige-o36-ferm-living\/#primaryimage"},"thumbnailUrl":"https:\/\/ekkla.ch\/wp-content\/uploads\/2023\/04\/ekkla-light_0018_fermLIVING_SS23_PoemCeilingWallLamp_1104267022_1.jpg","datePublished":"2023-04-18T08:40:12+00:00","dateModified":"2024-01-23T12:58:32+00:00","description":"Schaffen Sie eine elegante Atmosph\u00e4re mit der Wandleuchte Poem \u00d836. Eine warme und elegante Atmosph\u00e4re ist in jedem Raum garantiert.","breadcrumb":{"@id":"https:\/\/ekkla.ch\/de\/produit\/wandleuchte-poem-weis-und-beige-o36-ferm-living\/#breadcrumb"},"inLanguage":"de","potentialAction":[{"@type":"ReadAction","target":["https:\/\/ekkla.ch\/de\/produit\/wandleuchte-poem-weis-und-beige-o36-ferm-living\/"]}]},{"@type":"ImageObject","inLanguage":"de","@id":"https:\/\/ekkla.ch\/de\/produit\/wandleuchte-poem-weis-und-beige-o36-ferm-living\/#primaryimage","url":"https:\/\/ekkla.ch\/wp-content\/uploads\/2023\/04\/ekkla-light_0018_fermLIVING_SS23_PoemCeilingWallLamp_1104267022_1.jpg","contentUrl":"https:\/\/ekkla.ch\/wp-content\/uploads\/2023\/04\/ekkla-light_0018_fermLIVING_SS23_PoemCeilingWallLamp_1104267022_1.jpg","width":900,"height":900},{"@type":"BreadcrumbList","@id":"https:\/\/ekkla.ch\/de\/produit\/wandleuchte-poem-weis-und-beige-o36-ferm-living\/#breadcrumb","itemListElement":[{"@type":"ListItem","position":1,"name":"Home","item":"https:\/\/ekkla.ch\/de\/"},{"@type":"ListItem","position":2,"name":"Shop","item":"https:\/\/ekkla.ch\/de\/shop\/"},{"@type":"ListItem","position":3,"name":"Wandleuchte Poem &#8211; Wei\u00df und Beige &#8211; \u00d836 &#8211; Ferm Living"}]},{"@type":"WebSite","@id":"https:\/\/ekkla.ch\/#website","url":"https:\/\/ekkla.ch\/","name":"Ekkla","description":"Der Onlineshop f\u00fcr Beleuchtung","publisher":{"@id":"https:\/\/ekkla.ch\/#organization"},"potentialAction":[{"@type":"SearchAction","target":{"@type":"EntryPoint","urlTemplate":"https:\/\/ekkla.ch\/?s={search_term_string}"},"query-input":"required name=search_term_string"}],"inLanguage":"de"},{"@type":"Organization","@id":"https:\/\/ekkla.ch\/#organization","name":"Ekkla","url":"https:\/\/ekkla.ch\/","logo":{"@type":"ImageObject","inLanguage":"de","@id":"https:\/\/ekkla.ch\/#\/schema\/logo\/image\/","url":"http:\/\/ekkla.ch\/wp-content\/uploads\/2019\/07\/logo-1.svg","contentUrl":"http:\/\/ekkla.ch\/wp-content\/uploads\/2019\/07\/logo-1.svg","width":1,"height":1,"caption":"Ekkla"},"image":{"@id":"https:\/\/ekkla.ch\/#\/schema\/logo\/image\/"},"sameAs":["https:\/\/www.instagram.com\/ekkla_light\/"]}]}},"_links":{"self":[{"href":"https:\/\/ekkla.ch\/de\/wp-json\/wp\/v2\/product\/173157"}],"collection":[{"href":"https:\/\/ekkla.ch\/de\/wp-json\/wp\/v2\/product"}],"about":[{"href":"https:\/\/ekkla.ch\/de\/wp-json\/wp\/v2\/types\/product"}],"wp:featuredmedia":[{"embeddable":true,"href":"https:\/\/ekkla.ch\/de\/wp-json\/wp\/v2\/media\/173636"}],"wp:attachment":[{"href":"https:\/\/ekkla.ch\/de\/wp-json\/wp\/v2\/media?parent=173157"}],"wp:term":[{"taxonomy":"product_cat","embeddable":true,"href":"https:\/\/ekkla.ch\/de\/wp-json\/wp\/v2\/product_cat?post=173157"},{"taxonomy":"product_tag","embeddable":true,"href":"https:\/\/ekkla.ch\/de\/wp-json\/wp\/v2\/product_tag?post=173157"}],"curies":[{"name":"wp","href":"https:\/\/api.w.org\/{rel}","templated":true}]}}