{"id":173341,"date":"2023-04-02T21:15:12","date_gmt":"2023-04-02T19:15:12","guid":{"rendered":"https:\/\/ekkla.ch\/produit\/hangeleuchte-sherwood-e-robin-keramik-mattweiss-karman\/"},"modified":"2023-04-19T22:25:40","modified_gmt":"2023-04-19T20:25:40","slug":"hangeleuchte-sherwood-e-robin-keramik-mattweiss-karman","status":"publish","type":"product","link":"https:\/\/ekkla.ch\/de\/produit\/hangeleuchte-sherwood-e-robin-keramik-mattweiss-karman\/","title":{"rendered":"H\u00e4ngeleuchte Sherwood E Robin &#8211; Keramik mattweiss &#8211; Karman"},"content":{"rendered":"<p>Die H\u00e4ngeleuchte Sherwood E Robin von Karman ist eine Leuchte mit einem originellen und stimmungsvollen Design, das vom Sherwood Forest inspiriert ist, einem legend\u00e4ren britischen Wald, der mit der Legende von Robin Hood in Verbindung gebracht wird. Die Pendelleuchte besteht aus zwei Hauptelementen: einer Keramikstruktur, die ein Eichh\u00f6rnchen darstellt, und einem Lampenschirm in Form einer Eichel.<\/p>\n<p>Eine weiche und warme Atmosph\u00e4re ist das Licht, das Ihnen die H\u00e4ngeleuchte Sherwood E Robin verleiht. Sie ist ideal f\u00fcr den Einsatz in einem Wohn- oder Esszimmer, wo sie der Dekoration einen Hauch von Natur und Originalit\u00e4t verleiht. Diese H\u00e4ngeleuchte ist ein einzigartiges Designst\u00fcck, das den Blick fesseln und eine m\u00e4rchenhafte Atmosph\u00e4re heraufbeschw\u00f6ren wird.<\/p>\n<blockquote>\n<h2 style=\"text-align: left;\">Merkmale &amp; Eigenschaften<\/h2>\n<p><strong>Marke<\/strong> Karman<\/p>\n<p style=\"text-align: left;\"><strong>Farbe <\/strong>Weiss<\/p>\n<p><strong>Material <\/strong>Keramik<\/p>\n<p><strong>Gl\u00fcbirne<\/strong>\u00a0E27<\/p>\n<p><strong>Max. Leistung\u00a0(W)<\/strong> 53<\/p>\n<p><b>Durchmesser (cm)<\/b> 8<\/p>\n<p><strong>Gesamth\u00f6he (cm)<\/strong> 211,5<\/p>\n<p><strong>Gewicht (kg)<\/strong> 14,7<\/p><\/blockquote>\n","protected":false},"excerpt":{"rendered":"<p>Die H\u00e4ngeleuchte Sherwood E Robin von Karman ist eine Leuchte mit einem originellen und stimmungsvollen Design, das vom Sherwood Forest inspiriert ist, einem legend\u00e4ren britischen Wald, der mit der Legende von Robin Hood in Verbindung gebracht wird. Die Pendelleuchte besteht aus zwei Hauptelementen: einer Keramikstruktur, die ein Eichh\u00f6rnchen darstellt, und einem Lampenschirm in Form einer [&hellip;]<\/p>\n","protected":false},"featured_media":174156,"template":"","meta":{"_acf_changed":false,"om_disable_all_campaigns":false},"product_cat":[291],"product_tag":[892,1188,816],"bundled_by":[],"bundle_stock_status":"onbackorder","bundle_stock_quantity":null,"bundle_virtual":false,"bundle_layout":"","bundle_add_to_cart_form_location":"","bundle_editable_in_cart":false,"bundle_sold_individually_context":"","bundle_item_grouping":"","bundle_min_size":"","bundle_max_size":"","bundle_price":[],"bundled_items":[],"bundle_sell_ids":[],"acf":[],"yoast_head":"<!-- This site is optimized with the Yoast SEO Premium plugin v22.2 (Yoast SEO v22.8) - https:\/\/yoast.com\/wordpress\/plugins\/seo\/ -->\n<title>Karman | H\u00e4ngeleuchte Sherwood E Robin | Weiss | Ekkla<\/title>\n<meta name=\"description\" content=\"Eine originelle H\u00e4ngeleuchte, die von den legend\u00e4ren britischen W\u00e4ldern inspiriert ist. Die Lampe Sherwood E Robin bringt einen Hauch von Natur mit sich.\" \/>\n<meta name=\"robots\" content=\"index, follow, max-snippet:-1, max-image-preview:large, max-video-preview:-1\" \/>\n<link rel=\"canonical\" href=\"https:\/\/ekkla.ch\/de\/produit\/hangeleuchte-sherwood-e-robin-keramik-mattweiss-karman\/\" \/>\n<meta property=\"og:locale\" content=\"de_DE\" \/>\n<meta property=\"og:type\" content=\"article\" \/>\n<meta property=\"og:title\" content=\"H\u00e4ngeleuchte Sherwood E Robin - Keramik mattweiss - Karman\" \/>\n<meta property=\"og:description\" content=\"Eine originelle H\u00e4ngeleuchte, die von den legend\u00e4ren britischen W\u00e4ldern inspiriert ist. Die Lampe Sherwood E Robin bringt einen Hauch von Natur mit sich.\" \/>\n<meta property=\"og:url\" content=\"https:\/\/ekkla.ch\/de\/produit\/hangeleuchte-sherwood-e-robin-keramik-mattweiss-karman\/\" \/>\n<meta property=\"og:site_name\" content=\"Ekkla\" \/>\n<meta property=\"article:modified_time\" content=\"2023-04-19T20:25:40+00:00\" \/>\n<meta property=\"og:image\" content=\"https:\/\/ekkla.ch\/wp-content\/uploads\/2023\/04\/karman-ekkla-light_sherwood_blanc.jpg\" \/>\n\t<meta property=\"og:image:width\" content=\"900\" \/>\n\t<meta property=\"og:image:height\" content=\"900\" \/>\n\t<meta property=\"og:image:type\" content=\"image\/jpeg\" \/>\n<meta name=\"twitter:card\" content=\"summary_large_image\" \/>\n<meta name=\"twitter:label1\" content=\"Gesch\u00e4tzte Lesezeit\" \/>\n\t<meta name=\"twitter:data1\" content=\"1\u00a0Minute\" \/>\n<script type=\"application\/ld+json\" class=\"yoast-schema-graph\">{\"@context\":\"https:\/\/schema.org\",\"@graph\":[{\"@type\":\"WebPage\",\"@id\":\"https:\/\/ekkla.ch\/de\/produit\/hangeleuchte-sherwood-e-robin-keramik-mattweiss-karman\/\",\"url\":\"https:\/\/ekkla.ch\/de\/produit\/hangeleuchte-sherwood-e-robin-keramik-mattweiss-karman\/\",\"name\":\"Karman | H\u00e4ngeleuchte Sherwood E Robin | Weiss | Ekkla\",\"isPartOf\":{\"@id\":\"https:\/\/ekkla.ch\/#website\"},\"primaryImageOfPage\":{\"@id\":\"https:\/\/ekkla.ch\/de\/produit\/hangeleuchte-sherwood-e-robin-keramik-mattweiss-karman\/#primaryimage\"},\"image\":{\"@id\":\"https:\/\/ekkla.ch\/de\/produit\/hangeleuchte-sherwood-e-robin-keramik-mattweiss-karman\/#primaryimage\"},\"thumbnailUrl\":\"https:\/\/ekkla.ch\/wp-content\/uploads\/2023\/04\/karman-ekkla-light_sherwood_blanc.jpg\",\"datePublished\":\"2023-04-02T19:15:12+00:00\",\"dateModified\":\"2023-04-19T20:25:40+00:00\",\"description\":\"Eine originelle H\u00e4ngeleuchte, die von den legend\u00e4ren britischen W\u00e4ldern inspiriert ist. Die Lampe Sherwood E Robin bringt einen Hauch von Natur mit sich.\",\"breadcrumb\":{\"@id\":\"https:\/\/ekkla.ch\/de\/produit\/hangeleuchte-sherwood-e-robin-keramik-mattweiss-karman\/#breadcrumb\"},\"inLanguage\":\"de\",\"potentialAction\":[{\"@type\":\"ReadAction\",\"target\":[\"https:\/\/ekkla.ch\/de\/produit\/hangeleuchte-sherwood-e-robin-keramik-mattweiss-karman\/\"]}]},{\"@type\":\"ImageObject\",\"inLanguage\":\"de\",\"@id\":\"https:\/\/ekkla.ch\/de\/produit\/hangeleuchte-sherwood-e-robin-keramik-mattweiss-karman\/#primaryimage\",\"url\":\"https:\/\/ekkla.ch\/wp-content\/uploads\/2023\/04\/karman-ekkla-light_sherwood_blanc.jpg\",\"contentUrl\":\"https:\/\/ekkla.ch\/wp-content\/uploads\/2023\/04\/karman-ekkla-light_sherwood_blanc.jpg\",\"width\":900,\"height\":900},{\"@type\":\"BreadcrumbList\",\"@id\":\"https:\/\/ekkla.ch\/de\/produit\/hangeleuchte-sherwood-e-robin-keramik-mattweiss-karman\/#breadcrumb\",\"itemListElement\":[{\"@type\":\"ListItem\",\"position\":1,\"name\":\"Home\",\"item\":\"https:\/\/ekkla.ch\/de\/\"},{\"@type\":\"ListItem\",\"position\":2,\"name\":\"Shop\",\"item\":\"https:\/\/ekkla.ch\/de\/shop\/\"},{\"@type\":\"ListItem\",\"position\":3,\"name\":\"H\u00e4ngeleuchte Sherwood E Robin &#8211; Keramik mattweiss &#8211; Karman\"}]},{\"@type\":\"WebSite\",\"@id\":\"https:\/\/ekkla.ch\/#website\",\"url\":\"https:\/\/ekkla.ch\/\",\"name\":\"Ekkla\",\"description\":\"Der Onlineshop f\u00fcr Beleuchtung\",\"publisher\":{\"@id\":\"https:\/\/ekkla.ch\/#organization\"},\"potentialAction\":[{\"@type\":\"SearchAction\",\"target\":{\"@type\":\"EntryPoint\",\"urlTemplate\":\"https:\/\/ekkla.ch\/?s={search_term_string}\"},\"query-input\":\"required name=search_term_string\"}],\"inLanguage\":\"de\"},{\"@type\":\"Organization\",\"@id\":\"https:\/\/ekkla.ch\/#organization\",\"name\":\"Ekkla\",\"url\":\"https:\/\/ekkla.ch\/\",\"logo\":{\"@type\":\"ImageObject\",\"inLanguage\":\"de\",\"@id\":\"https:\/\/ekkla.ch\/#\/schema\/logo\/image\/\",\"url\":\"http:\/\/ekkla.ch\/wp-content\/uploads\/2019\/07\/logo-1.svg\",\"contentUrl\":\"http:\/\/ekkla.ch\/wp-content\/uploads\/2019\/07\/logo-1.svg\",\"width\":1,\"height\":1,\"caption\":\"Ekkla\"},\"image\":{\"@id\":\"https:\/\/ekkla.ch\/#\/schema\/logo\/image\/\"},\"sameAs\":[\"https:\/\/www.instagram.com\/ekkla_light\/\"]}]}<\/script>\n<!-- \/ Yoast SEO Premium plugin. -->","yoast_head_json":{"title":"Karman | H\u00e4ngeleuchte Sherwood E Robin | Weiss | Ekkla","description":"Eine originelle H\u00e4ngeleuchte, die von den legend\u00e4ren britischen W\u00e4ldern inspiriert ist. Die Lampe Sherwood E Robin bringt einen Hauch von Natur mit sich.","robots":{"index":"index","follow":"follow","max-snippet":"max-snippet:-1","max-image-preview":"max-image-preview:large","max-video-preview":"max-video-preview:-1"},"canonical":"https:\/\/ekkla.ch\/de\/produit\/hangeleuchte-sherwood-e-robin-keramik-mattweiss-karman\/","og_locale":"de_DE","og_type":"article","og_title":"H\u00e4ngeleuchte Sherwood E Robin - Keramik mattweiss - Karman","og_description":"Eine originelle H\u00e4ngeleuchte, die von den legend\u00e4ren britischen W\u00e4ldern inspiriert ist. Die Lampe Sherwood E Robin bringt einen Hauch von Natur mit sich.","og_url":"https:\/\/ekkla.ch\/de\/produit\/hangeleuchte-sherwood-e-robin-keramik-mattweiss-karman\/","og_site_name":"Ekkla","article_modified_time":"2023-04-19T20:25:40+00:00","og_image":[{"width":900,"height":900,"url":"https:\/\/ekkla.ch\/wp-content\/uploads\/2023\/04\/karman-ekkla-light_sherwood_blanc.jpg","type":"image\/jpeg"}],"twitter_card":"summary_large_image","twitter_misc":{"Gesch\u00e4tzte Lesezeit":"1\u00a0Minute"},"schema":{"@context":"https:\/\/schema.org","@graph":[{"@type":"WebPage","@id":"https:\/\/ekkla.ch\/de\/produit\/hangeleuchte-sherwood-e-robin-keramik-mattweiss-karman\/","url":"https:\/\/ekkla.ch\/de\/produit\/hangeleuchte-sherwood-e-robin-keramik-mattweiss-karman\/","name":"Karman | H\u00e4ngeleuchte Sherwood E Robin | Weiss | Ekkla","isPartOf":{"@id":"https:\/\/ekkla.ch\/#website"},"primaryImageOfPage":{"@id":"https:\/\/ekkla.ch\/de\/produit\/hangeleuchte-sherwood-e-robin-keramik-mattweiss-karman\/#primaryimage"},"image":{"@id":"https:\/\/ekkla.ch\/de\/produit\/hangeleuchte-sherwood-e-robin-keramik-mattweiss-karman\/#primaryimage"},"thumbnailUrl":"https:\/\/ekkla.ch\/wp-content\/uploads\/2023\/04\/karman-ekkla-light_sherwood_blanc.jpg","datePublished":"2023-04-02T19:15:12+00:00","dateModified":"2023-04-19T20:25:40+00:00","description":"Eine originelle H\u00e4ngeleuchte, die von den legend\u00e4ren britischen W\u00e4ldern inspiriert ist. Die Lampe Sherwood E Robin bringt einen Hauch von Natur mit sich.","breadcrumb":{"@id":"https:\/\/ekkla.ch\/de\/produit\/hangeleuchte-sherwood-e-robin-keramik-mattweiss-karman\/#breadcrumb"},"inLanguage":"de","potentialAction":[{"@type":"ReadAction","target":["https:\/\/ekkla.ch\/de\/produit\/hangeleuchte-sherwood-e-robin-keramik-mattweiss-karman\/"]}]},{"@type":"ImageObject","inLanguage":"de","@id":"https:\/\/ekkla.ch\/de\/produit\/hangeleuchte-sherwood-e-robin-keramik-mattweiss-karman\/#primaryimage","url":"https:\/\/ekkla.ch\/wp-content\/uploads\/2023\/04\/karman-ekkla-light_sherwood_blanc.jpg","contentUrl":"https:\/\/ekkla.ch\/wp-content\/uploads\/2023\/04\/karman-ekkla-light_sherwood_blanc.jpg","width":900,"height":900},{"@type":"BreadcrumbList","@id":"https:\/\/ekkla.ch\/de\/produit\/hangeleuchte-sherwood-e-robin-keramik-mattweiss-karman\/#breadcrumb","itemListElement":[{"@type":"ListItem","position":1,"name":"Home","item":"https:\/\/ekkla.ch\/de\/"},{"@type":"ListItem","position":2,"name":"Shop","item":"https:\/\/ekkla.ch\/de\/shop\/"},{"@type":"ListItem","position":3,"name":"H\u00e4ngeleuchte Sherwood E Robin &#8211; Keramik mattweiss &#8211; Karman"}]},{"@type":"WebSite","@id":"https:\/\/ekkla.ch\/#website","url":"https:\/\/ekkla.ch\/","name":"Ekkla","description":"Der Onlineshop f\u00fcr Beleuchtung","publisher":{"@id":"https:\/\/ekkla.ch\/#organization"},"potentialAction":[{"@type":"SearchAction","target":{"@type":"EntryPoint","urlTemplate":"https:\/\/ekkla.ch\/?s={search_term_string}"},"query-input":"required name=search_term_string"}],"inLanguage":"de"},{"@type":"Organization","@id":"https:\/\/ekkla.ch\/#organization","name":"Ekkla","url":"https:\/\/ekkla.ch\/","logo":{"@type":"ImageObject","inLanguage":"de","@id":"https:\/\/ekkla.ch\/#\/schema\/logo\/image\/","url":"http:\/\/ekkla.ch\/wp-content\/uploads\/2019\/07\/logo-1.svg","contentUrl":"http:\/\/ekkla.ch\/wp-content\/uploads\/2019\/07\/logo-1.svg","width":1,"height":1,"caption":"Ekkla"},"image":{"@id":"https:\/\/ekkla.ch\/#\/schema\/logo\/image\/"},"sameAs":["https:\/\/www.instagram.com\/ekkla_light\/"]}]}},"_links":{"self":[{"href":"https:\/\/ekkla.ch\/de\/wp-json\/wp\/v2\/product\/173341"}],"collection":[{"href":"https:\/\/ekkla.ch\/de\/wp-json\/wp\/v2\/product"}],"about":[{"href":"https:\/\/ekkla.ch\/de\/wp-json\/wp\/v2\/types\/product"}],"wp:featuredmedia":[{"embeddable":true,"href":"https:\/\/ekkla.ch\/de\/wp-json\/wp\/v2\/media\/174156"}],"wp:attachment":[{"href":"https:\/\/ekkla.ch\/de\/wp-json\/wp\/v2\/media?parent=173341"}],"wp:term":[{"taxonomy":"product_cat","embeddable":true,"href":"https:\/\/ekkla.ch\/de\/wp-json\/wp\/v2\/product_cat?post=173341"},{"taxonomy":"product_tag","embeddable":true,"href":"https:\/\/ekkla.ch\/de\/wp-json\/wp\/v2\/product_tag?post=173341"}],"curies":[{"name":"wp","href":"https:\/\/api.w.org\/{rel}","templated":true}]}}