{"id":173348,"date":"2023-03-12T16:12:20","date_gmt":"2023-03-12T15:12:20","guid":{"rendered":"https:\/\/ekkla.ch\/produit\/hangeleuchte-brueghel-coal-brass-led-direkt-indirekt-l-130-cm-aluminium-dimmbar-sammode\/"},"modified":"2023-05-10T20:56:03","modified_gmt":"2023-05-10T18:56:03","slug":"hangeleuchte-brueghel-coal-brass-led-direkt-indirekt-l-130-cm-aluminium-dimmbar-sammode","status":"publish","type":"product","link":"https:\/\/ekkla.ch\/de\/produit\/hangeleuchte-brueghel-coal-brass-led-direkt-indirekt-l-130-cm-aluminium-dimmbar-sammode\/","title":{"rendered":"H\u00e4ngeleuchte Brueghel Coal Brass LED &#8211; Direkt\/indirekt &#8211; L. 130 cm &#8211; Aluminium &#8211; Dimmbar &#8211; Sammode"},"content":{"rendered":"<p>Die H\u00e4ngeleuchte Brueghel direkt\/indirekt von Sammode Studio ist ideal, um eine Arbeitsfl\u00e4che in einem B\u00fcro, einer K\u00fcche oder einem Atelier zu beleuchten. Sie kann als H\u00e4nge- oder Deckenleuchte angebracht werden und bietet gleichzeitig einen unvergleichlichen Sehkomfort. Dank ihrer beiden Lichtquellen, von denen eine nach unten (direktes Licht) und die zweite an die Decke (indirektes Licht) gerichtet ist, bietet sie eine Vielzahl von Anwendungsm\u00f6glichkeiten. Ihr direktes Licht ist ideal, um stundenlang zu arbeiten, zu kochen, zu lesen oder auch zu basteln, w\u00e4hrend ihr indirektes Licht die Weite Ihres Raumes hervorhebt.<\/p>\n<p>Das authentische Industriedesign besteht aus edlen und wiederverwertbaren Materialien (Edelstahl, Glas) und spielt mit Spiegelungen und Transparenzen. Diese Lampe wird in einer dimmbaren Version angeboten und bietet eine Vielzahl von Lichtstimmungen: Beleben Sie Ihren Raum, indem Sie die Lichtintensit\u00e4t je nach Ihren Aktivit\u00e4ten d\u00e4mpfen oder erh\u00f6hen.<\/p>\n<p>Die Lichtquelle ist integriert (1x LED-Modul, 30W, 2700K, 2100lm (direkt) und 1100lm (indirekt), dimmbar). Die Leuchte wird installationsfertig geliefert und ist mit zwei 3m langen Kabeln, der Lichtquelle und einem Wandauslass ausgestattet.<\/p>\n<p>Hergestellt, zusammengebaut und verpackt in Frankreich (Ch\u00e2tillon-sur-Sa\u00f4ne in den Vogesen). Standardlieferzeit 3-5 Wochen.<\/p>\n<blockquote>\n<h2 style=\"text-align: left;\">Merkmale &amp; Eigenschaften<\/h2>\n<p><strong>Marke<\/strong> Sammode<\/p>\n<p><strong>Farbe<\/strong> Gold<\/p>\n<p><strong>Materialien<\/strong> Rohr aus Borosilikatglas | Edelstahlschale | Gerollte Abdeckung aus Aluminium<\/p>\n<p><strong>Lichtquelle <\/strong>Integrierte austauschbare LED\u00a0(dimmable)<\/p>\n<p><strong>Lichtstrom (lm) <\/strong>2100 (direkt), 1100 (indirekt)<\/p>\n<p><strong>Lichtfarbe (k) <\/strong>2700<\/p>\n<p><strong>Durchmesser (cm)<\/strong> 10<\/p>\n<p><strong>L\u00e4nge (cm)<\/strong> 100<\/p>\n<p><strong>Gewicht (kg)<\/strong> 4,8<\/p><\/blockquote>\n","protected":false},"excerpt":{"rendered":"<p>Die H\u00e4ngeleuchte Brueghel direkt\/indirekt von Sammode Studio ist ideal, um eine Arbeitsfl\u00e4che in einem B\u00fcro, einer K\u00fcche oder einem Atelier zu beleuchten. Sie kann als H\u00e4nge- oder Deckenleuchte angebracht werden und bietet gleichzeitig einen unvergleichlichen Sehkomfort. Dank ihrer beiden Lichtquellen, von denen eine nach unten (direktes Licht) und die zweite an die Decke (indirektes Licht) [&hellip;]<\/p>\n","protected":false},"featured_media":173704,"template":"","meta":{"_acf_changed":false,"om_disable_all_campaigns":false},"product_cat":[291],"product_tag":[1254,892,1188,1265,801],"bundled_by":[],"bundle_stock_status":"onbackorder","bundle_stock_quantity":null,"bundle_virtual":false,"bundle_layout":"","bundle_add_to_cart_form_location":"","bundle_editable_in_cart":false,"bundle_sold_individually_context":"","bundle_item_grouping":"","bundle_min_size":"","bundle_max_size":"","bundle_price":[],"bundled_items":[],"bundle_sell_ids":[],"acf":[],"yoast_head":"<!-- This site is optimized with the Yoast SEO Premium plugin v22.2 (Yoast SEO v22.8) - https:\/\/yoast.com\/wordpress\/plugins\/seo\/ -->\n<title>Sammode | H\u00e4ngeleuchte Brueghel | LED | Ekkla<\/title>\n<meta name=\"description\" content=\"H\u00e4ngeleuchte f\u00fcr den Innen- und Aussenbereich, hergestellt in Frankreich. Industriedesign von Sammode Studio. Kostenloser Versand in der ganzen Schweiz.\" \/>\n<meta name=\"robots\" content=\"index, follow, max-snippet:-1, max-image-preview:large, max-video-preview:-1\" \/>\n<link rel=\"canonical\" href=\"https:\/\/ekkla.ch\/de\/produit\/hangeleuchte-brueghel-coal-brass-led-direkt-indirekt-l-130-cm-aluminium-dimmbar-sammode\/\" \/>\n<meta property=\"og:locale\" content=\"de_DE\" \/>\n<meta property=\"og:type\" content=\"article\" \/>\n<meta property=\"og:title\" content=\"H\u00e4ngeleuchte Brueghel Coal Brass LED - Direkt\/indirekt - L. 130 cm - Aluminium - Dimmbar - Sammode\" \/>\n<meta property=\"og:description\" content=\"H\u00e4ngeleuchte f\u00fcr den Innen- und Aussenbereich, hergestellt in Frankreich. Industriedesign von Sammode Studio. Kostenloser Versand in der ganzen Schweiz.\" \/>\n<meta property=\"og:url\" content=\"https:\/\/ekkla.ch\/de\/produit\/hangeleuchte-brueghel-coal-brass-led-direkt-indirekt-l-130-cm-aluminium-dimmbar-sammode\/\" \/>\n<meta property=\"og:site_name\" content=\"Ekkla\" \/>\n<meta property=\"article:modified_time\" content=\"2023-05-10T18:56:03+00:00\" \/>\n<meta property=\"og:image\" content=\"https:\/\/ekkla.ch\/wp-content\/uploads\/2023\/03\/ekkla-light_0022_Brueghel-133_Coal-Brass_Sammode.jpg\" \/>\n\t<meta property=\"og:image:width\" content=\"900\" \/>\n\t<meta property=\"og:image:height\" content=\"900\" \/>\n\t<meta property=\"og:image:type\" content=\"image\/jpeg\" \/>\n<meta name=\"twitter:card\" content=\"summary_large_image\" \/>\n<meta name=\"twitter:label1\" content=\"Gesch\u00e4tzte Lesezeit\" \/>\n\t<meta name=\"twitter:data1\" content=\"2\u00a0Minuten\" \/>\n<script type=\"application\/ld+json\" class=\"yoast-schema-graph\">{\"@context\":\"https:\/\/schema.org\",\"@graph\":[{\"@type\":\"WebPage\",\"@id\":\"https:\/\/ekkla.ch\/de\/produit\/hangeleuchte-brueghel-coal-brass-led-direkt-indirekt-l-130-cm-aluminium-dimmbar-sammode\/\",\"url\":\"https:\/\/ekkla.ch\/de\/produit\/hangeleuchte-brueghel-coal-brass-led-direkt-indirekt-l-130-cm-aluminium-dimmbar-sammode\/\",\"name\":\"Sammode | H\u00e4ngeleuchte Brueghel | LED | Ekkla\",\"isPartOf\":{\"@id\":\"https:\/\/ekkla.ch\/#website\"},\"primaryImageOfPage\":{\"@id\":\"https:\/\/ekkla.ch\/de\/produit\/hangeleuchte-brueghel-coal-brass-led-direkt-indirekt-l-130-cm-aluminium-dimmbar-sammode\/#primaryimage\"},\"image\":{\"@id\":\"https:\/\/ekkla.ch\/de\/produit\/hangeleuchte-brueghel-coal-brass-led-direkt-indirekt-l-130-cm-aluminium-dimmbar-sammode\/#primaryimage\"},\"thumbnailUrl\":\"https:\/\/ekkla.ch\/wp-content\/uploads\/2023\/03\/ekkla-light_0022_Brueghel-133_Coal-Brass_Sammode.jpg\",\"datePublished\":\"2023-03-12T15:12:20+00:00\",\"dateModified\":\"2023-05-10T18:56:03+00:00\",\"description\":\"H\u00e4ngeleuchte f\u00fcr den Innen- und Aussenbereich, hergestellt in Frankreich. Industriedesign von Sammode Studio. Kostenloser Versand in der ganzen Schweiz.\",\"breadcrumb\":{\"@id\":\"https:\/\/ekkla.ch\/de\/produit\/hangeleuchte-brueghel-coal-brass-led-direkt-indirekt-l-130-cm-aluminium-dimmbar-sammode\/#breadcrumb\"},\"inLanguage\":\"de\",\"potentialAction\":[{\"@type\":\"ReadAction\",\"target\":[\"https:\/\/ekkla.ch\/de\/produit\/hangeleuchte-brueghel-coal-brass-led-direkt-indirekt-l-130-cm-aluminium-dimmbar-sammode\/\"]}]},{\"@type\":\"ImageObject\",\"inLanguage\":\"de\",\"@id\":\"https:\/\/ekkla.ch\/de\/produit\/hangeleuchte-brueghel-coal-brass-led-direkt-indirekt-l-130-cm-aluminium-dimmbar-sammode\/#primaryimage\",\"url\":\"https:\/\/ekkla.ch\/wp-content\/uploads\/2023\/03\/ekkla-light_0022_Brueghel-133_Coal-Brass_Sammode.jpg\",\"contentUrl\":\"https:\/\/ekkla.ch\/wp-content\/uploads\/2023\/03\/ekkla-light_0022_Brueghel-133_Coal-Brass_Sammode.jpg\",\"width\":900,\"height\":900},{\"@type\":\"BreadcrumbList\",\"@id\":\"https:\/\/ekkla.ch\/de\/produit\/hangeleuchte-brueghel-coal-brass-led-direkt-indirekt-l-130-cm-aluminium-dimmbar-sammode\/#breadcrumb\",\"itemListElement\":[{\"@type\":\"ListItem\",\"position\":1,\"name\":\"Home\",\"item\":\"https:\/\/ekkla.ch\/de\/\"},{\"@type\":\"ListItem\",\"position\":2,\"name\":\"Shop\",\"item\":\"https:\/\/ekkla.ch\/de\/shop\/\"},{\"@type\":\"ListItem\",\"position\":3,\"name\":\"H\u00e4ngeleuchte Brueghel Coal Brass LED &#8211; Direkt\/indirekt &#8211; L. 130 cm &#8211; Aluminium &#8211; Dimmbar &#8211; Sammode\"}]},{\"@type\":\"WebSite\",\"@id\":\"https:\/\/ekkla.ch\/#website\",\"url\":\"https:\/\/ekkla.ch\/\",\"name\":\"Ekkla\",\"description\":\"Der Onlineshop f\u00fcr Beleuchtung\",\"publisher\":{\"@id\":\"https:\/\/ekkla.ch\/#organization\"},\"potentialAction\":[{\"@type\":\"SearchAction\",\"target\":{\"@type\":\"EntryPoint\",\"urlTemplate\":\"https:\/\/ekkla.ch\/?s={search_term_string}\"},\"query-input\":\"required name=search_term_string\"}],\"inLanguage\":\"de\"},{\"@type\":\"Organization\",\"@id\":\"https:\/\/ekkla.ch\/#organization\",\"name\":\"Ekkla\",\"url\":\"https:\/\/ekkla.ch\/\",\"logo\":{\"@type\":\"ImageObject\",\"inLanguage\":\"de\",\"@id\":\"https:\/\/ekkla.ch\/#\/schema\/logo\/image\/\",\"url\":\"http:\/\/ekkla.ch\/wp-content\/uploads\/2019\/07\/logo-1.svg\",\"contentUrl\":\"http:\/\/ekkla.ch\/wp-content\/uploads\/2019\/07\/logo-1.svg\",\"width\":1,\"height\":1,\"caption\":\"Ekkla\"},\"image\":{\"@id\":\"https:\/\/ekkla.ch\/#\/schema\/logo\/image\/\"},\"sameAs\":[\"https:\/\/www.instagram.com\/ekkla_light\/\"]}]}<\/script>\n<!-- \/ Yoast SEO Premium plugin. -->","yoast_head_json":{"title":"Sammode | H\u00e4ngeleuchte Brueghel | LED | Ekkla","description":"H\u00e4ngeleuchte f\u00fcr den Innen- und Aussenbereich, hergestellt in Frankreich. Industriedesign von Sammode Studio. Kostenloser Versand in der ganzen Schweiz.","robots":{"index":"index","follow":"follow","max-snippet":"max-snippet:-1","max-image-preview":"max-image-preview:large","max-video-preview":"max-video-preview:-1"},"canonical":"https:\/\/ekkla.ch\/de\/produit\/hangeleuchte-brueghel-coal-brass-led-direkt-indirekt-l-130-cm-aluminium-dimmbar-sammode\/","og_locale":"de_DE","og_type":"article","og_title":"H\u00e4ngeleuchte Brueghel Coal Brass LED - Direkt\/indirekt - L. 130 cm - Aluminium - Dimmbar - Sammode","og_description":"H\u00e4ngeleuchte f\u00fcr den Innen- und Aussenbereich, hergestellt in Frankreich. Industriedesign von Sammode Studio. Kostenloser Versand in der ganzen Schweiz.","og_url":"https:\/\/ekkla.ch\/de\/produit\/hangeleuchte-brueghel-coal-brass-led-direkt-indirekt-l-130-cm-aluminium-dimmbar-sammode\/","og_site_name":"Ekkla","article_modified_time":"2023-05-10T18:56:03+00:00","og_image":[{"width":900,"height":900,"url":"https:\/\/ekkla.ch\/wp-content\/uploads\/2023\/03\/ekkla-light_0022_Brueghel-133_Coal-Brass_Sammode.jpg","type":"image\/jpeg"}],"twitter_card":"summary_large_image","twitter_misc":{"Gesch\u00e4tzte Lesezeit":"2\u00a0Minuten"},"schema":{"@context":"https:\/\/schema.org","@graph":[{"@type":"WebPage","@id":"https:\/\/ekkla.ch\/de\/produit\/hangeleuchte-brueghel-coal-brass-led-direkt-indirekt-l-130-cm-aluminium-dimmbar-sammode\/","url":"https:\/\/ekkla.ch\/de\/produit\/hangeleuchte-brueghel-coal-brass-led-direkt-indirekt-l-130-cm-aluminium-dimmbar-sammode\/","name":"Sammode | H\u00e4ngeleuchte Brueghel | LED | Ekkla","isPartOf":{"@id":"https:\/\/ekkla.ch\/#website"},"primaryImageOfPage":{"@id":"https:\/\/ekkla.ch\/de\/produit\/hangeleuchte-brueghel-coal-brass-led-direkt-indirekt-l-130-cm-aluminium-dimmbar-sammode\/#primaryimage"},"image":{"@id":"https:\/\/ekkla.ch\/de\/produit\/hangeleuchte-brueghel-coal-brass-led-direkt-indirekt-l-130-cm-aluminium-dimmbar-sammode\/#primaryimage"},"thumbnailUrl":"https:\/\/ekkla.ch\/wp-content\/uploads\/2023\/03\/ekkla-light_0022_Brueghel-133_Coal-Brass_Sammode.jpg","datePublished":"2023-03-12T15:12:20+00:00","dateModified":"2023-05-10T18:56:03+00:00","description":"H\u00e4ngeleuchte f\u00fcr den Innen- und Aussenbereich, hergestellt in Frankreich. Industriedesign von Sammode Studio. Kostenloser Versand in der ganzen Schweiz.","breadcrumb":{"@id":"https:\/\/ekkla.ch\/de\/produit\/hangeleuchte-brueghel-coal-brass-led-direkt-indirekt-l-130-cm-aluminium-dimmbar-sammode\/#breadcrumb"},"inLanguage":"de","potentialAction":[{"@type":"ReadAction","target":["https:\/\/ekkla.ch\/de\/produit\/hangeleuchte-brueghel-coal-brass-led-direkt-indirekt-l-130-cm-aluminium-dimmbar-sammode\/"]}]},{"@type":"ImageObject","inLanguage":"de","@id":"https:\/\/ekkla.ch\/de\/produit\/hangeleuchte-brueghel-coal-brass-led-direkt-indirekt-l-130-cm-aluminium-dimmbar-sammode\/#primaryimage","url":"https:\/\/ekkla.ch\/wp-content\/uploads\/2023\/03\/ekkla-light_0022_Brueghel-133_Coal-Brass_Sammode.jpg","contentUrl":"https:\/\/ekkla.ch\/wp-content\/uploads\/2023\/03\/ekkla-light_0022_Brueghel-133_Coal-Brass_Sammode.jpg","width":900,"height":900},{"@type":"BreadcrumbList","@id":"https:\/\/ekkla.ch\/de\/produit\/hangeleuchte-brueghel-coal-brass-led-direkt-indirekt-l-130-cm-aluminium-dimmbar-sammode\/#breadcrumb","itemListElement":[{"@type":"ListItem","position":1,"name":"Home","item":"https:\/\/ekkla.ch\/de\/"},{"@type":"ListItem","position":2,"name":"Shop","item":"https:\/\/ekkla.ch\/de\/shop\/"},{"@type":"ListItem","position":3,"name":"H\u00e4ngeleuchte Brueghel Coal Brass LED &#8211; Direkt\/indirekt &#8211; L. 130 cm &#8211; Aluminium &#8211; Dimmbar &#8211; Sammode"}]},{"@type":"WebSite","@id":"https:\/\/ekkla.ch\/#website","url":"https:\/\/ekkla.ch\/","name":"Ekkla","description":"Der Onlineshop f\u00fcr Beleuchtung","publisher":{"@id":"https:\/\/ekkla.ch\/#organization"},"potentialAction":[{"@type":"SearchAction","target":{"@type":"EntryPoint","urlTemplate":"https:\/\/ekkla.ch\/?s={search_term_string}"},"query-input":"required name=search_term_string"}],"inLanguage":"de"},{"@type":"Organization","@id":"https:\/\/ekkla.ch\/#organization","name":"Ekkla","url":"https:\/\/ekkla.ch\/","logo":{"@type":"ImageObject","inLanguage":"de","@id":"https:\/\/ekkla.ch\/#\/schema\/logo\/image\/","url":"http:\/\/ekkla.ch\/wp-content\/uploads\/2019\/07\/logo-1.svg","contentUrl":"http:\/\/ekkla.ch\/wp-content\/uploads\/2019\/07\/logo-1.svg","width":1,"height":1,"caption":"Ekkla"},"image":{"@id":"https:\/\/ekkla.ch\/#\/schema\/logo\/image\/"},"sameAs":["https:\/\/www.instagram.com\/ekkla_light\/"]}]}},"_links":{"self":[{"href":"https:\/\/ekkla.ch\/de\/wp-json\/wp\/v2\/product\/173348"}],"collection":[{"href":"https:\/\/ekkla.ch\/de\/wp-json\/wp\/v2\/product"}],"about":[{"href":"https:\/\/ekkla.ch\/de\/wp-json\/wp\/v2\/types\/product"}],"wp:featuredmedia":[{"embeddable":true,"href":"https:\/\/ekkla.ch\/de\/wp-json\/wp\/v2\/media\/173704"}],"wp:attachment":[{"href":"https:\/\/ekkla.ch\/de\/wp-json\/wp\/v2\/media?parent=173348"}],"wp:term":[{"taxonomy":"product_cat","embeddable":true,"href":"https:\/\/ekkla.ch\/de\/wp-json\/wp\/v2\/product_cat?post=173348"},{"taxonomy":"product_tag","embeddable":true,"href":"https:\/\/ekkla.ch\/de\/wp-json\/wp\/v2\/product_tag?post=173348"}],"curies":[{"name":"wp","href":"https:\/\/api.w.org\/{rel}","templated":true}]}}