{"id":173901,"date":"2023-04-05T14:12:22","date_gmt":"2023-04-05T12:12:22","guid":{"rendered":"https:\/\/ekkla.ch\/produit\/kabellose-aussenleuchte-street-schwarz-h-42-harz-seletti\/"},"modified":"2023-05-10T20:19:30","modified_gmt":"2023-05-10T18:19:30","slug":"kabellose-aussenleuchte-street-schwarz-h-42-harz-seletti","status":"publish","type":"product","link":"https:\/\/ekkla.ch\/de\/produit\/kabellose-aussenleuchte-street-schwarz-h-42-harz-seletti\/","title":{"rendered":"Kabellose Aussenleuchte Street Schwarz &#8211; H.42 &#8211; Harz &#8211; Seletti"},"content":{"rendered":"<p>Die kabellose Aussenleuchte Street Schwarz von Seletti ist eine Lampe im urbanen Stil mit minimalistischem Design. Sie ist f\u00fcr den Einsatz im Freien oder in Innenr\u00e4umen konzipiert und bietet ein weiches, warmes Licht, um Ihre R\u00e4ume zu beleuchten.<\/p>\n<p>Die Lampe wird mit einem wiederaufladbaren Akku betrieben, der bis zu 8 Stunden Leuchtdauer bietet. Sie verf\u00fcgt \u00fcber einen Ein-\/Ausschalter an der Oberseite und kann auf drei verschiedene Helligkeitsstufen eingestellt werden.<\/p>\n<p>Sie ist wetterfest und kann bei allen Wetterbedingungen verwendet werden. Sie eignet sich ideal zur Beleuchtung von G\u00e4rten, Terrassen und Innenh\u00f6fen oder zur Schaffung eines modernen, urbanen Ambientes auf Balkonen und in den Aussenbereichen von Restaurants oder Bars.<\/p>\n<blockquote>\n<h2 style=\"text-align: left;\">Merkmale &amp; Eigenschaften<\/h2>\n<p><strong>Marke<\/strong>\u00a0Seletti<\/p>\n<p style=\"text-align: left;\"><strong>Farbe<\/strong> Schwarz<\/p>\n<p style=\"text-align: left;\"><strong>Material<\/strong> Harz<\/p>\n<p style=\"text-align: left;\"><b>Lichtquelle <\/b>Integrierte LED<\/p>\n<p><strong>Max. Leistung (W) <\/strong>3<\/p>\n<p><b>Lichtstrom<\/b><strong>\u00a0(lm)<\/strong> 55<\/p>\n<p><strong>Lichtfarbe (K)<\/strong> 3000<\/p>\n<p style=\"text-align: left;\"><strong>H\u00f6he (cm)<\/strong> 42<\/p>\n<p><strong>Durchmesser (cm)<\/strong> 9,8<\/p><\/blockquote>\n","protected":false},"excerpt":{"rendered":"<p>Die kabellose Aussenleuchte Street Schwarz von Seletti ist eine Lampe im urbanen Stil mit minimalistischem Design. Sie ist f\u00fcr den Einsatz im Freien oder in Innenr\u00e4umen konzipiert und bietet ein weiches, warmes Licht, um Ihre R\u00e4ume zu beleuchten. Die Lampe wird mit einem wiederaufladbaren Akku betrieben, der bis zu 8 Stunden Leuchtdauer bietet. Sie verf\u00fcgt [&hellip;]<\/p>\n","protected":false},"featured_media":173858,"template":"","meta":{"_acf_changed":false,"om_disable_all_campaigns":false},"product_cat":[290],"product_tag":[1258,898,1188,1265,816],"bundled_by":[],"bundle_stock_status":"onbackorder","bundle_stock_quantity":null,"bundle_virtual":false,"bundle_layout":"","bundle_add_to_cart_form_location":"","bundle_editable_in_cart":false,"bundle_sold_individually_context":"","bundle_item_grouping":"","bundle_min_size":"","bundle_max_size":"","bundle_price":[],"bundled_items":[],"bundle_sell_ids":[],"acf":[],"yoast_head":"<!-- This site is optimized with the Yoast SEO Premium plugin v22.2 (Yoast SEO v22.8) - https:\/\/yoast.com\/wordpress\/plugins\/seo\/ -->\n<title>Seletti | Kabellose Aussenleuchte Street Schwarz | Harz | Ekkla<\/title>\n<meta name=\"description\" content=\"Dekorative und fantasievolle Lampe in Form einer Stehlampe. Seletti - Italienisches Design. Kostenloser Versand. 100% sichere Schweizer Zahlung.\" \/>\n<meta name=\"robots\" content=\"index, follow, max-snippet:-1, max-image-preview:large, max-video-preview:-1\" \/>\n<link rel=\"canonical\" href=\"https:\/\/ekkla.ch\/de\/produit\/kabellose-aussenleuchte-street-schwarz-h-42-harz-seletti\/\" \/>\n<meta property=\"og:locale\" content=\"de_DE\" \/>\n<meta property=\"og:type\" content=\"article\" \/>\n<meta property=\"og:title\" content=\"Kabellose Aussenleuchte Street Schwarz - H.42 - Harz - Seletti\" \/>\n<meta property=\"og:description\" content=\"Dekorative und fantasievolle Lampe in Form einer Stehlampe. Seletti - Italienisches Design. Kostenloser Versand. 100% sichere Schweizer Zahlung.\" \/>\n<meta property=\"og:url\" content=\"https:\/\/ekkla.ch\/de\/produit\/kabellose-aussenleuchte-street-schwarz-h-42-harz-seletti\/\" \/>\n<meta property=\"og:site_name\" content=\"Ekkla\" \/>\n<meta property=\"article:modified_time\" content=\"2023-05-10T18:19:30+00:00\" \/>\n<meta property=\"og:image\" content=\"https:\/\/ekkla.ch\/wp-content\/uploads\/2023\/04\/ekkla-light_0041_14700_streetlamp_dining_grey_2Z6A6895.jpg\" \/>\n\t<meta property=\"og:image:width\" content=\"900\" \/>\n\t<meta property=\"og:image:height\" content=\"900\" \/>\n\t<meta property=\"og:image:type\" content=\"image\/jpeg\" \/>\n<meta name=\"twitter:card\" content=\"summary_large_image\" \/>\n<meta name=\"twitter:label1\" content=\"Gesch\u00e4tzte Lesezeit\" \/>\n\t<meta name=\"twitter:data1\" content=\"1\u00a0Minute\" \/>\n<script type=\"application\/ld+json\" class=\"yoast-schema-graph\">{\"@context\":\"https:\/\/schema.org\",\"@graph\":[{\"@type\":\"WebPage\",\"@id\":\"https:\/\/ekkla.ch\/de\/produit\/kabellose-aussenleuchte-street-schwarz-h-42-harz-seletti\/\",\"url\":\"https:\/\/ekkla.ch\/de\/produit\/kabellose-aussenleuchte-street-schwarz-h-42-harz-seletti\/\",\"name\":\"Seletti | Kabellose Aussenleuchte Street Schwarz | Harz | Ekkla\",\"isPartOf\":{\"@id\":\"https:\/\/ekkla.ch\/#website\"},\"primaryImageOfPage\":{\"@id\":\"https:\/\/ekkla.ch\/de\/produit\/kabellose-aussenleuchte-street-schwarz-h-42-harz-seletti\/#primaryimage\"},\"image\":{\"@id\":\"https:\/\/ekkla.ch\/de\/produit\/kabellose-aussenleuchte-street-schwarz-h-42-harz-seletti\/#primaryimage\"},\"thumbnailUrl\":\"https:\/\/ekkla.ch\/wp-content\/uploads\/2023\/04\/ekkla-light_0041_14700_streetlamp_dining_grey_2Z6A6895.jpg\",\"datePublished\":\"2023-04-05T12:12:22+00:00\",\"dateModified\":\"2023-05-10T18:19:30+00:00\",\"description\":\"Dekorative und fantasievolle Lampe in Form einer Stehlampe. Seletti - Italienisches Design. Kostenloser Versand. 100% sichere Schweizer Zahlung.\",\"breadcrumb\":{\"@id\":\"https:\/\/ekkla.ch\/de\/produit\/kabellose-aussenleuchte-street-schwarz-h-42-harz-seletti\/#breadcrumb\"},\"inLanguage\":\"de\",\"potentialAction\":[{\"@type\":\"ReadAction\",\"target\":[\"https:\/\/ekkla.ch\/de\/produit\/kabellose-aussenleuchte-street-schwarz-h-42-harz-seletti\/\"]}]},{\"@type\":\"ImageObject\",\"inLanguage\":\"de\",\"@id\":\"https:\/\/ekkla.ch\/de\/produit\/kabellose-aussenleuchte-street-schwarz-h-42-harz-seletti\/#primaryimage\",\"url\":\"https:\/\/ekkla.ch\/wp-content\/uploads\/2023\/04\/ekkla-light_0041_14700_streetlamp_dining_grey_2Z6A6895.jpg\",\"contentUrl\":\"https:\/\/ekkla.ch\/wp-content\/uploads\/2023\/04\/ekkla-light_0041_14700_streetlamp_dining_grey_2Z6A6895.jpg\",\"width\":900,\"height\":900},{\"@type\":\"BreadcrumbList\",\"@id\":\"https:\/\/ekkla.ch\/de\/produit\/kabellose-aussenleuchte-street-schwarz-h-42-harz-seletti\/#breadcrumb\",\"itemListElement\":[{\"@type\":\"ListItem\",\"position\":1,\"name\":\"Home\",\"item\":\"https:\/\/ekkla.ch\/de\/\"},{\"@type\":\"ListItem\",\"position\":2,\"name\":\"Shop\",\"item\":\"https:\/\/ekkla.ch\/de\/shop\/\"},{\"@type\":\"ListItem\",\"position\":3,\"name\":\"Kabellose Aussenleuchte Street Schwarz &#8211; H.42 &#8211; Harz &#8211; Seletti\"}]},{\"@type\":\"WebSite\",\"@id\":\"https:\/\/ekkla.ch\/#website\",\"url\":\"https:\/\/ekkla.ch\/\",\"name\":\"Ekkla\",\"description\":\"Der Onlineshop f\u00fcr Beleuchtung\",\"publisher\":{\"@id\":\"https:\/\/ekkla.ch\/#organization\"},\"potentialAction\":[{\"@type\":\"SearchAction\",\"target\":{\"@type\":\"EntryPoint\",\"urlTemplate\":\"https:\/\/ekkla.ch\/?s={search_term_string}\"},\"query-input\":\"required name=search_term_string\"}],\"inLanguage\":\"de\"},{\"@type\":\"Organization\",\"@id\":\"https:\/\/ekkla.ch\/#organization\",\"name\":\"Ekkla\",\"url\":\"https:\/\/ekkla.ch\/\",\"logo\":{\"@type\":\"ImageObject\",\"inLanguage\":\"de\",\"@id\":\"https:\/\/ekkla.ch\/#\/schema\/logo\/image\/\",\"url\":\"http:\/\/ekkla.ch\/wp-content\/uploads\/2019\/07\/logo-1.svg\",\"contentUrl\":\"http:\/\/ekkla.ch\/wp-content\/uploads\/2019\/07\/logo-1.svg\",\"width\":1,\"height\":1,\"caption\":\"Ekkla\"},\"image\":{\"@id\":\"https:\/\/ekkla.ch\/#\/schema\/logo\/image\/\"},\"sameAs\":[\"https:\/\/www.instagram.com\/ekkla_light\/\"]}]}<\/script>\n<!-- \/ Yoast SEO Premium plugin. -->","yoast_head_json":{"title":"Seletti | Kabellose Aussenleuchte Street Schwarz | Harz | Ekkla","description":"Dekorative und fantasievolle Lampe in Form einer Stehlampe. Seletti - Italienisches Design. Kostenloser Versand. 100% sichere Schweizer Zahlung.","robots":{"index":"index","follow":"follow","max-snippet":"max-snippet:-1","max-image-preview":"max-image-preview:large","max-video-preview":"max-video-preview:-1"},"canonical":"https:\/\/ekkla.ch\/de\/produit\/kabellose-aussenleuchte-street-schwarz-h-42-harz-seletti\/","og_locale":"de_DE","og_type":"article","og_title":"Kabellose Aussenleuchte Street Schwarz - H.42 - Harz - Seletti","og_description":"Dekorative und fantasievolle Lampe in Form einer Stehlampe. Seletti - Italienisches Design. Kostenloser Versand. 100% sichere Schweizer Zahlung.","og_url":"https:\/\/ekkla.ch\/de\/produit\/kabellose-aussenleuchte-street-schwarz-h-42-harz-seletti\/","og_site_name":"Ekkla","article_modified_time":"2023-05-10T18:19:30+00:00","og_image":[{"width":900,"height":900,"url":"https:\/\/ekkla.ch\/wp-content\/uploads\/2023\/04\/ekkla-light_0041_14700_streetlamp_dining_grey_2Z6A6895.jpg","type":"image\/jpeg"}],"twitter_card":"summary_large_image","twitter_misc":{"Gesch\u00e4tzte Lesezeit":"1\u00a0Minute"},"schema":{"@context":"https:\/\/schema.org","@graph":[{"@type":"WebPage","@id":"https:\/\/ekkla.ch\/de\/produit\/kabellose-aussenleuchte-street-schwarz-h-42-harz-seletti\/","url":"https:\/\/ekkla.ch\/de\/produit\/kabellose-aussenleuchte-street-schwarz-h-42-harz-seletti\/","name":"Seletti | Kabellose Aussenleuchte Street Schwarz | Harz | Ekkla","isPartOf":{"@id":"https:\/\/ekkla.ch\/#website"},"primaryImageOfPage":{"@id":"https:\/\/ekkla.ch\/de\/produit\/kabellose-aussenleuchte-street-schwarz-h-42-harz-seletti\/#primaryimage"},"image":{"@id":"https:\/\/ekkla.ch\/de\/produit\/kabellose-aussenleuchte-street-schwarz-h-42-harz-seletti\/#primaryimage"},"thumbnailUrl":"https:\/\/ekkla.ch\/wp-content\/uploads\/2023\/04\/ekkla-light_0041_14700_streetlamp_dining_grey_2Z6A6895.jpg","datePublished":"2023-04-05T12:12:22+00:00","dateModified":"2023-05-10T18:19:30+00:00","description":"Dekorative und fantasievolle Lampe in Form einer Stehlampe. Seletti - Italienisches Design. Kostenloser Versand. 100% sichere Schweizer Zahlung.","breadcrumb":{"@id":"https:\/\/ekkla.ch\/de\/produit\/kabellose-aussenleuchte-street-schwarz-h-42-harz-seletti\/#breadcrumb"},"inLanguage":"de","potentialAction":[{"@type":"ReadAction","target":["https:\/\/ekkla.ch\/de\/produit\/kabellose-aussenleuchte-street-schwarz-h-42-harz-seletti\/"]}]},{"@type":"ImageObject","inLanguage":"de","@id":"https:\/\/ekkla.ch\/de\/produit\/kabellose-aussenleuchte-street-schwarz-h-42-harz-seletti\/#primaryimage","url":"https:\/\/ekkla.ch\/wp-content\/uploads\/2023\/04\/ekkla-light_0041_14700_streetlamp_dining_grey_2Z6A6895.jpg","contentUrl":"https:\/\/ekkla.ch\/wp-content\/uploads\/2023\/04\/ekkla-light_0041_14700_streetlamp_dining_grey_2Z6A6895.jpg","width":900,"height":900},{"@type":"BreadcrumbList","@id":"https:\/\/ekkla.ch\/de\/produit\/kabellose-aussenleuchte-street-schwarz-h-42-harz-seletti\/#breadcrumb","itemListElement":[{"@type":"ListItem","position":1,"name":"Home","item":"https:\/\/ekkla.ch\/de\/"},{"@type":"ListItem","position":2,"name":"Shop","item":"https:\/\/ekkla.ch\/de\/shop\/"},{"@type":"ListItem","position":3,"name":"Kabellose Aussenleuchte Street Schwarz &#8211; H.42 &#8211; Harz &#8211; Seletti"}]},{"@type":"WebSite","@id":"https:\/\/ekkla.ch\/#website","url":"https:\/\/ekkla.ch\/","name":"Ekkla","description":"Der Onlineshop f\u00fcr Beleuchtung","publisher":{"@id":"https:\/\/ekkla.ch\/#organization"},"potentialAction":[{"@type":"SearchAction","target":{"@type":"EntryPoint","urlTemplate":"https:\/\/ekkla.ch\/?s={search_term_string}"},"query-input":"required name=search_term_string"}],"inLanguage":"de"},{"@type":"Organization","@id":"https:\/\/ekkla.ch\/#organization","name":"Ekkla","url":"https:\/\/ekkla.ch\/","logo":{"@type":"ImageObject","inLanguage":"de","@id":"https:\/\/ekkla.ch\/#\/schema\/logo\/image\/","url":"http:\/\/ekkla.ch\/wp-content\/uploads\/2019\/07\/logo-1.svg","contentUrl":"http:\/\/ekkla.ch\/wp-content\/uploads\/2019\/07\/logo-1.svg","width":1,"height":1,"caption":"Ekkla"},"image":{"@id":"https:\/\/ekkla.ch\/#\/schema\/logo\/image\/"},"sameAs":["https:\/\/www.instagram.com\/ekkla_light\/"]}]}},"_links":{"self":[{"href":"https:\/\/ekkla.ch\/de\/wp-json\/wp\/v2\/product\/173901"}],"collection":[{"href":"https:\/\/ekkla.ch\/de\/wp-json\/wp\/v2\/product"}],"about":[{"href":"https:\/\/ekkla.ch\/de\/wp-json\/wp\/v2\/types\/product"}],"wp:featuredmedia":[{"embeddable":true,"href":"https:\/\/ekkla.ch\/de\/wp-json\/wp\/v2\/media\/173858"}],"wp:attachment":[{"href":"https:\/\/ekkla.ch\/de\/wp-json\/wp\/v2\/media?parent=173901"}],"wp:term":[{"taxonomy":"product_cat","embeddable":true,"href":"https:\/\/ekkla.ch\/de\/wp-json\/wp\/v2\/product_cat?post=173901"},{"taxonomy":"product_tag","embeddable":true,"href":"https:\/\/ekkla.ch\/de\/wp-json\/wp\/v2\/product_tag?post=173901"}],"curies":[{"name":"wp","href":"https:\/\/api.w.org\/{rel}","templated":true}]}}