{"id":173912,"date":"2023-04-06T14:56:15","date_gmt":"2023-04-06T12:56:15","guid":{"rendered":"https:\/\/ekkla.ch\/produit\/tischleuchte-raku-sh8-beige-keramik-und-metall-%e2%88%8516-tradition\/"},"modified":"2023-05-10T20:12:37","modified_gmt":"2023-05-10T18:12:37","slug":"tischleuchte-raku-sh8-beige-keramik-und-metall-%e2%88%8516-tradition","status":"publish","type":"product","link":"https:\/\/ekkla.ch\/de\/produit\/tischleuchte-raku-sh8-beige-keramik-und-metall-%e2%88%8516-tradition\/","title":{"rendered":"Tischleuchte Raku SH8 Beige &#8211; Keramik und Metall &#8211; \u220516 &#8211; &#038;Tradition"},"content":{"rendered":"<p>Die Tischleuchte Raku SH8 wurde von dem Designer Sebastian Herkner f\u00fcr die Marke &amp;Tradition entworfen. Raku ist eine kompakte japanische T\u00f6pferlampe mit einer beachtlichen Pr\u00e4senz. Die Lampe hat einen handgeformten Keramiksockel mit einer krakelierten Glasur, die von St\u00fcck zu St\u00fcck leicht variiert und daran erinnert, dass man Unvollkommenheiten sch\u00e4tzen sollte. Sie macht sich gut auf dem Couchtisch in Ihrem Wohnzimmer oder in Ihrem Schlafzimmer.<\/p>\n<p>Die Raku SH8 Tischlampe l\u00e4sst sich ganz einfach mit einem USB-Kabel aufladen und h\u00e4lt bis zu 11 Stunden.<\/p>\n<p>Der 2010 in D\u00e4nemark gegr\u00fcndete Verlag &amp;Tradition entstand aus dem Wunsch heraus, zeitlose und signierte Leuchten neu aufzulegen. Sie mischen Tradition und Innovation gekonnt miteinander und respektieren dabei die Materialien und die nordische Handwerkskunst.<\/p>\n<blockquote>\n<h2 style=\"text-align: left;\">Merkmale &amp; Eigenschaften<\/h2>\n<p><strong>Marke<\/strong> &amp;Tradition<\/p>\n<p style=\"text-align: left;\"><strong>Farben <\/strong>Beige und Grau<\/p>\n<p style=\"text-align: left;\"><strong>Materialien <\/strong>Keramik und Aluminium<\/p>\n<p><strong>Stromversorgung<\/strong> Integrierte LED<\/p>\n<p><strong>Lichtfarbe (k) <\/strong>2700<\/p>\n<p><strong>H\u00f6he (cm) <\/strong>21<\/p>\n<p><strong>Durchmesser (cm) <\/strong>16<\/p><\/blockquote>\n","protected":false},"excerpt":{"rendered":"<p>Die Tischleuchte Raku SH8 wurde von dem Designer Sebastian Herkner f\u00fcr die Marke &amp;Tradition entworfen. Raku ist eine kompakte japanische T\u00f6pferlampe mit einer beachtlichen Pr\u00e4senz. Die Lampe hat einen handgeformten Keramiksockel mit einer krakelierten Glasur, die von St\u00fcck zu St\u00fcck leicht variiert und daran erinnert, dass man Unvollkommenheiten sch\u00e4tzen sollte. Sie macht sich gut auf [&hellip;]<\/p>\n","protected":false},"featured_media":173226,"template":"","meta":{"_acf_changed":false,"om_disable_all_campaigns":false},"product_cat":[290],"product_tag":[846,1254,760,896,1188,1265,816],"bundled_by":[],"bundle_stock_status":"onbackorder","bundle_stock_quantity":null,"bundle_virtual":false,"bundle_layout":"","bundle_add_to_cart_form_location":"","bundle_editable_in_cart":false,"bundle_sold_individually_context":"","bundle_item_grouping":"","bundle_min_size":"","bundle_max_size":"","bundle_price":[],"bundled_items":[],"bundle_sell_ids":[],"acf":[],"yoast_head":"<!-- This site is optimized with the Yoast SEO Premium plugin v22.2 (Yoast SEO v22.8) - https:\/\/yoast.com\/wordpress\/plugins\/seo\/ -->\n<title>&amp;Tradition | Tischleuchte Raku SH8 | Beige | Ekkla<\/title>\n<meta name=\"description\" content=\"Die Tischleuchte Raku SH8 ist eine kompakte japanische T\u00f6pferlampe mit einer beachtlichen Pr\u00e4senz, die sich ideal f\u00fcr Ihr Schlafzimmer eignet.\" \/>\n<meta name=\"robots\" content=\"index, follow, max-snippet:-1, max-image-preview:large, max-video-preview:-1\" \/>\n<link rel=\"canonical\" href=\"https:\/\/ekkla.ch\/de\/produit\/tischleuchte-raku-sh8-beige-keramik-und-metall-\u220516-tradition\/\" \/>\n<meta property=\"og:locale\" content=\"de_DE\" \/>\n<meta property=\"og:type\" content=\"article\" \/>\n<meta property=\"og:title\" content=\"Tischleuchte Raku SH8 Beige - Keramik und Metall - \u220516 - &amp;Tradition\" \/>\n<meta property=\"og:description\" content=\"Die Tischleuchte Raku SH8 ist eine kompakte japanische T\u00f6pferlampe mit einer beachtlichen Pr\u00e4senz, die sich ideal f\u00fcr Ihr Schlafzimmer eignet.\" \/>\n<meta property=\"og:url\" content=\"https:\/\/ekkla.ch\/de\/produit\/tischleuchte-raku-sh8-beige-keramik-und-metall-\u220516-tradition\/\" \/>\n<meta property=\"og:site_name\" content=\"Ekkla\" \/>\n<meta property=\"article:modified_time\" content=\"2023-05-10T18:12:37+00:00\" \/>\n<meta property=\"og:image\" content=\"https:\/\/ekkla.ch\/wp-content\/uploads\/2023\/04\/ekkla-light-tradition-luminaires_0016_Raku-SH8_Beige-Grey-amp-Bronzed_Light-off.jpg\" \/>\n\t<meta property=\"og:image:width\" content=\"900\" \/>\n\t<meta property=\"og:image:height\" content=\"900\" \/>\n\t<meta property=\"og:image:type\" content=\"image\/jpeg\" \/>\n<meta name=\"twitter:card\" content=\"summary_large_image\" \/>\n<meta name=\"twitter:label1\" content=\"Gesch\u00e4tzte Lesezeit\" \/>\n\t<meta name=\"twitter:data1\" content=\"1\u00a0Minute\" \/>\n<script type=\"application\/ld+json\" class=\"yoast-schema-graph\">{\"@context\":\"https:\/\/schema.org\",\"@graph\":[{\"@type\":\"WebPage\",\"@id\":\"https:\/\/ekkla.ch\/de\/produit\/tischleuchte-raku-sh8-beige-keramik-und-metall-%e2%88%8516-tradition\/\",\"url\":\"https:\/\/ekkla.ch\/de\/produit\/tischleuchte-raku-sh8-beige-keramik-und-metall-%e2%88%8516-tradition\/\",\"name\":\"&Tradition | Tischleuchte Raku SH8 | Beige | Ekkla\",\"isPartOf\":{\"@id\":\"https:\/\/ekkla.ch\/#website\"},\"primaryImageOfPage\":{\"@id\":\"https:\/\/ekkla.ch\/de\/produit\/tischleuchte-raku-sh8-beige-keramik-und-metall-%e2%88%8516-tradition\/#primaryimage\"},\"image\":{\"@id\":\"https:\/\/ekkla.ch\/de\/produit\/tischleuchte-raku-sh8-beige-keramik-und-metall-%e2%88%8516-tradition\/#primaryimage\"},\"thumbnailUrl\":\"https:\/\/ekkla.ch\/wp-content\/uploads\/2023\/04\/ekkla-light-tradition-luminaires_0016_Raku-SH8_Beige-Grey-amp-Bronzed_Light-off.jpg\",\"datePublished\":\"2023-04-06T12:56:15+00:00\",\"dateModified\":\"2023-05-10T18:12:37+00:00\",\"description\":\"Die Tischleuchte Raku SH8 ist eine kompakte japanische T\u00f6pferlampe mit einer beachtlichen Pr\u00e4senz, die sich ideal f\u00fcr Ihr Schlafzimmer eignet.\",\"breadcrumb\":{\"@id\":\"https:\/\/ekkla.ch\/de\/produit\/tischleuchte-raku-sh8-beige-keramik-und-metall-%e2%88%8516-tradition\/#breadcrumb\"},\"inLanguage\":\"de\",\"potentialAction\":[{\"@type\":\"ReadAction\",\"target\":[\"https:\/\/ekkla.ch\/de\/produit\/tischleuchte-raku-sh8-beige-keramik-und-metall-%e2%88%8516-tradition\/\"]}]},{\"@type\":\"ImageObject\",\"inLanguage\":\"de\",\"@id\":\"https:\/\/ekkla.ch\/de\/produit\/tischleuchte-raku-sh8-beige-keramik-und-metall-%e2%88%8516-tradition\/#primaryimage\",\"url\":\"https:\/\/ekkla.ch\/wp-content\/uploads\/2023\/04\/ekkla-light-tradition-luminaires_0016_Raku-SH8_Beige-Grey-amp-Bronzed_Light-off.jpg\",\"contentUrl\":\"https:\/\/ekkla.ch\/wp-content\/uploads\/2023\/04\/ekkla-light-tradition-luminaires_0016_Raku-SH8_Beige-Grey-amp-Bronzed_Light-off.jpg\",\"width\":900,\"height\":900},{\"@type\":\"BreadcrumbList\",\"@id\":\"https:\/\/ekkla.ch\/de\/produit\/tischleuchte-raku-sh8-beige-keramik-und-metall-%e2%88%8516-tradition\/#breadcrumb\",\"itemListElement\":[{\"@type\":\"ListItem\",\"position\":1,\"name\":\"Home\",\"item\":\"https:\/\/ekkla.ch\/de\/\"},{\"@type\":\"ListItem\",\"position\":2,\"name\":\"Shop\",\"item\":\"https:\/\/ekkla.ch\/de\/shop\/\"},{\"@type\":\"ListItem\",\"position\":3,\"name\":\"Tischleuchte Raku SH8 Beige &#8211; Keramik und Metall &#8211; \u220516 &#8211; &#038;Tradition\"}]},{\"@type\":\"WebSite\",\"@id\":\"https:\/\/ekkla.ch\/#website\",\"url\":\"https:\/\/ekkla.ch\/\",\"name\":\"Ekkla\",\"description\":\"Der Onlineshop f\u00fcr Beleuchtung\",\"publisher\":{\"@id\":\"https:\/\/ekkla.ch\/#organization\"},\"potentialAction\":[{\"@type\":\"SearchAction\",\"target\":{\"@type\":\"EntryPoint\",\"urlTemplate\":\"https:\/\/ekkla.ch\/?s={search_term_string}\"},\"query-input\":\"required name=search_term_string\"}],\"inLanguage\":\"de\"},{\"@type\":\"Organization\",\"@id\":\"https:\/\/ekkla.ch\/#organization\",\"name\":\"Ekkla\",\"url\":\"https:\/\/ekkla.ch\/\",\"logo\":{\"@type\":\"ImageObject\",\"inLanguage\":\"de\",\"@id\":\"https:\/\/ekkla.ch\/#\/schema\/logo\/image\/\",\"url\":\"http:\/\/ekkla.ch\/wp-content\/uploads\/2019\/07\/logo-1.svg\",\"contentUrl\":\"http:\/\/ekkla.ch\/wp-content\/uploads\/2019\/07\/logo-1.svg\",\"width\":1,\"height\":1,\"caption\":\"Ekkla\"},\"image\":{\"@id\":\"https:\/\/ekkla.ch\/#\/schema\/logo\/image\/\"},\"sameAs\":[\"https:\/\/www.instagram.com\/ekkla_light\/\"]}]}<\/script>\n<!-- \/ Yoast SEO Premium plugin. -->","yoast_head_json":{"title":"&Tradition | Tischleuchte Raku SH8 | Beige | Ekkla","description":"Die Tischleuchte Raku SH8 ist eine kompakte japanische T\u00f6pferlampe mit einer beachtlichen Pr\u00e4senz, die sich ideal f\u00fcr Ihr Schlafzimmer eignet.","robots":{"index":"index","follow":"follow","max-snippet":"max-snippet:-1","max-image-preview":"max-image-preview:large","max-video-preview":"max-video-preview:-1"},"canonical":"https:\/\/ekkla.ch\/de\/produit\/tischleuchte-raku-sh8-beige-keramik-und-metall-\u220516-tradition\/","og_locale":"de_DE","og_type":"article","og_title":"Tischleuchte Raku SH8 Beige - Keramik und Metall - \u220516 - &Tradition","og_description":"Die Tischleuchte Raku SH8 ist eine kompakte japanische T\u00f6pferlampe mit einer beachtlichen Pr\u00e4senz, die sich ideal f\u00fcr Ihr Schlafzimmer eignet.","og_url":"https:\/\/ekkla.ch\/de\/produit\/tischleuchte-raku-sh8-beige-keramik-und-metall-\u220516-tradition\/","og_site_name":"Ekkla","article_modified_time":"2023-05-10T18:12:37+00:00","og_image":[{"width":900,"height":900,"url":"https:\/\/ekkla.ch\/wp-content\/uploads\/2023\/04\/ekkla-light-tradition-luminaires_0016_Raku-SH8_Beige-Grey-amp-Bronzed_Light-off.jpg","type":"image\/jpeg"}],"twitter_card":"summary_large_image","twitter_misc":{"Gesch\u00e4tzte Lesezeit":"1\u00a0Minute"},"schema":{"@context":"https:\/\/schema.org","@graph":[{"@type":"WebPage","@id":"https:\/\/ekkla.ch\/de\/produit\/tischleuchte-raku-sh8-beige-keramik-und-metall-%e2%88%8516-tradition\/","url":"https:\/\/ekkla.ch\/de\/produit\/tischleuchte-raku-sh8-beige-keramik-und-metall-%e2%88%8516-tradition\/","name":"&Tradition | Tischleuchte Raku SH8 | Beige | Ekkla","isPartOf":{"@id":"https:\/\/ekkla.ch\/#website"},"primaryImageOfPage":{"@id":"https:\/\/ekkla.ch\/de\/produit\/tischleuchte-raku-sh8-beige-keramik-und-metall-%e2%88%8516-tradition\/#primaryimage"},"image":{"@id":"https:\/\/ekkla.ch\/de\/produit\/tischleuchte-raku-sh8-beige-keramik-und-metall-%e2%88%8516-tradition\/#primaryimage"},"thumbnailUrl":"https:\/\/ekkla.ch\/wp-content\/uploads\/2023\/04\/ekkla-light-tradition-luminaires_0016_Raku-SH8_Beige-Grey-amp-Bronzed_Light-off.jpg","datePublished":"2023-04-06T12:56:15+00:00","dateModified":"2023-05-10T18:12:37+00:00","description":"Die Tischleuchte Raku SH8 ist eine kompakte japanische T\u00f6pferlampe mit einer beachtlichen Pr\u00e4senz, die sich ideal f\u00fcr Ihr Schlafzimmer eignet.","breadcrumb":{"@id":"https:\/\/ekkla.ch\/de\/produit\/tischleuchte-raku-sh8-beige-keramik-und-metall-%e2%88%8516-tradition\/#breadcrumb"},"inLanguage":"de","potentialAction":[{"@type":"ReadAction","target":["https:\/\/ekkla.ch\/de\/produit\/tischleuchte-raku-sh8-beige-keramik-und-metall-%e2%88%8516-tradition\/"]}]},{"@type":"ImageObject","inLanguage":"de","@id":"https:\/\/ekkla.ch\/de\/produit\/tischleuchte-raku-sh8-beige-keramik-und-metall-%e2%88%8516-tradition\/#primaryimage","url":"https:\/\/ekkla.ch\/wp-content\/uploads\/2023\/04\/ekkla-light-tradition-luminaires_0016_Raku-SH8_Beige-Grey-amp-Bronzed_Light-off.jpg","contentUrl":"https:\/\/ekkla.ch\/wp-content\/uploads\/2023\/04\/ekkla-light-tradition-luminaires_0016_Raku-SH8_Beige-Grey-amp-Bronzed_Light-off.jpg","width":900,"height":900},{"@type":"BreadcrumbList","@id":"https:\/\/ekkla.ch\/de\/produit\/tischleuchte-raku-sh8-beige-keramik-und-metall-%e2%88%8516-tradition\/#breadcrumb","itemListElement":[{"@type":"ListItem","position":1,"name":"Home","item":"https:\/\/ekkla.ch\/de\/"},{"@type":"ListItem","position":2,"name":"Shop","item":"https:\/\/ekkla.ch\/de\/shop\/"},{"@type":"ListItem","position":3,"name":"Tischleuchte Raku SH8 Beige &#8211; Keramik und Metall &#8211; \u220516 &#8211; &#038;Tradition"}]},{"@type":"WebSite","@id":"https:\/\/ekkla.ch\/#website","url":"https:\/\/ekkla.ch\/","name":"Ekkla","description":"Der Onlineshop f\u00fcr Beleuchtung","publisher":{"@id":"https:\/\/ekkla.ch\/#organization"},"potentialAction":[{"@type":"SearchAction","target":{"@type":"EntryPoint","urlTemplate":"https:\/\/ekkla.ch\/?s={search_term_string}"},"query-input":"required name=search_term_string"}],"inLanguage":"de"},{"@type":"Organization","@id":"https:\/\/ekkla.ch\/#organization","name":"Ekkla","url":"https:\/\/ekkla.ch\/","logo":{"@type":"ImageObject","inLanguage":"de","@id":"https:\/\/ekkla.ch\/#\/schema\/logo\/image\/","url":"http:\/\/ekkla.ch\/wp-content\/uploads\/2019\/07\/logo-1.svg","contentUrl":"http:\/\/ekkla.ch\/wp-content\/uploads\/2019\/07\/logo-1.svg","width":1,"height":1,"caption":"Ekkla"},"image":{"@id":"https:\/\/ekkla.ch\/#\/schema\/logo\/image\/"},"sameAs":["https:\/\/www.instagram.com\/ekkla_light\/"]}]}},"_links":{"self":[{"href":"https:\/\/ekkla.ch\/de\/wp-json\/wp\/v2\/product\/173912"}],"collection":[{"href":"https:\/\/ekkla.ch\/de\/wp-json\/wp\/v2\/product"}],"about":[{"href":"https:\/\/ekkla.ch\/de\/wp-json\/wp\/v2\/types\/product"}],"wp:featuredmedia":[{"embeddable":true,"href":"https:\/\/ekkla.ch\/de\/wp-json\/wp\/v2\/media\/173226"}],"wp:attachment":[{"href":"https:\/\/ekkla.ch\/de\/wp-json\/wp\/v2\/media?parent=173912"}],"wp:term":[{"taxonomy":"product_cat","embeddable":true,"href":"https:\/\/ekkla.ch\/de\/wp-json\/wp\/v2\/product_cat?post=173912"},{"taxonomy":"product_tag","embeddable":true,"href":"https:\/\/ekkla.ch\/de\/wp-json\/wp\/v2\/product_tag?post=173912"}],"curies":[{"name":"wp","href":"https:\/\/api.w.org\/{rel}","templated":true}]}}