{"id":173916,"date":"2023-04-05T15:03:20","date_gmt":"2023-04-05T13:03:20","guid":{"rendered":"https:\/\/ekkla.ch\/produit\/tischleuchte-formakami-jh18-elfenbeinweiss-%e2%88%8538-tradition\/"},"modified":"2023-04-26T19:54:25","modified_gmt":"2023-04-26T17:54:25","slug":"tischleuchte-formakami-jh18-elfenbeinweiss-%e2%88%8538-tradition","status":"publish","type":"product","link":"https:\/\/ekkla.ch\/de\/produit\/tischleuchte-formakami-jh18-elfenbeinweiss-%e2%88%8538-tradition\/","title":{"rendered":"Tischleuchte Formakami JH18 &#8211; Elfenbeinweiss &#8211; \u220538 &#8211; &#038;Tradition"},"content":{"rendered":"<p>Die Tischleuchte Formakami JH18\u00a0schafft mit ihrem leichten und luftigen Look eine sanfte Zen-Atmosph\u00e4re in Ihrem Zuhause. Mit dieser modernen Neuinterpretation der asiatischen Laterne schreibt der spanische Designer Jaime Hayon das Zusammentreffen von Orient und Okzident nieder. Seine elfenbeinweisse Laternenserie aus Reispapier mit schwarzem Eichenholz ist eine perfekte Mischung aus zeitgen\u00f6ssischem skandinavischen und asiatischen Stil. Die Formakami JH18 Tischleuchte schwebt elegant \u00fcber Ihrem Esstisch, in Ihrem Wohnzimmer oder auch in Ihrem Schlafzimmer und beleuchtet Ihre R\u00e4ume mit zwei Gl\u00fchbirnen in beiden Teilen des Lampenschirms auf raffinierte Weise. Die Gl\u00fchbirnen sind nicht inbegriffen.<\/p>\n<p>Das 2010 in D\u00e4nemark gegr\u00fcndete Haus &amp;Tradition entstand aus dem Wunsch heraus, zeitlose und ikonische Leuchten neu aufzulegen. Sie mischen Tradition und Innovation gekonnt miteinander und respektieren dabei die Materialien und die nordische Handwerkskunst.<\/p>\n<blockquote>\n<h2 style=\"text-align: left;\">Merkmale &amp; Eigenschaften<\/h2>\n<p><strong>Marke<\/strong> &amp;Tradition<\/p>\n<p style=\"text-align: left;\"><strong>Farbe\u00a0<\/strong>Elfenbeinweiss<\/p>\n<p style=\"text-align: left;\"><strong>Material\u00a0<\/strong>Reispapier<\/p>\n<p><strong>Gl\u00fchbirne<\/strong> 2x E14<\/p>\n<p><strong>Max. Leistung (W) <\/strong>60<\/p>\n<p style=\"text-align: left;\"><strong>H\u00f6he (cm) <\/strong>50<\/p>\n<p><strong>Durchmesser (cm) <\/strong>38<\/p>\n<p><strong>Gewicht (kg)<\/strong> 1<\/p>\n<p><strong>Max. Kabell\u00e4nge (cm)<\/strong> 200<\/p><\/blockquote>\n","protected":false},"excerpt":{"rendered":"<p>Die Tischleuchte Formakami JH18\u00a0schafft mit ihrem leichten und luftigen Look eine sanfte Zen-Atmosph\u00e4re in Ihrem Zuhause. Mit dieser modernen Neuinterpretation der asiatischen Laterne schreibt der spanische Designer Jaime Hayon das Zusammentreffen von Orient und Okzident nieder. Seine elfenbeinweisse Laternenserie aus Reispapier mit schwarzem Eichenholz ist eine perfekte Mischung aus zeitgen\u00f6ssischem skandinavischen und asiatischen Stil. Die [&hellip;]<\/p>\n","protected":false},"featured_media":173168,"template":"","meta":{"_acf_changed":false,"om_disable_all_campaigns":false},"product_cat":[290],"product_tag":[846,1254,896,1188,1265,816],"bundled_by":[],"bundle_stock_status":"onbackorder","bundle_stock_quantity":null,"bundle_virtual":false,"bundle_layout":"","bundle_add_to_cart_form_location":"","bundle_editable_in_cart":false,"bundle_sold_individually_context":"","bundle_item_grouping":"","bundle_min_size":"","bundle_max_size":"","bundle_price":[],"bundled_items":[],"bundle_sell_ids":[],"acf":[],"yoast_head":"<!-- This site is optimized with the Yoast SEO Premium plugin v22.2 (Yoast SEO v22.8) - https:\/\/yoast.com\/wordpress\/plugins\/seo\/ -->\n<title>&amp;Tradition | Tischleuchte Formakami JH18 | Elfenbeinweiss | Ekkla<\/title>\n<meta name=\"description\" content=\"Wie eine schwebende Laterne ist die Formakami JH18 Tischleuchte eine perfekte Mischung aus modernem und asiatischem Stil f\u00fcr eine Zen-Atmosph\u00e4re.\" \/>\n<meta name=\"robots\" content=\"index, follow, max-snippet:-1, max-image-preview:large, max-video-preview:-1\" \/>\n<link rel=\"canonical\" href=\"https:\/\/ekkla.ch\/de\/produit\/tischleuchte-formakami-jh18-elfenbeinweiss-\u220538-tradition\/\" \/>\n<meta property=\"og:locale\" content=\"de_DE\" \/>\n<meta property=\"og:type\" content=\"article\" \/>\n<meta property=\"og:title\" content=\"Tischleuchte Formakami JH18 - Elfenbeinweiss - \u220538 - &amp;Tradition\" \/>\n<meta property=\"og:description\" content=\"Wie eine schwebende Laterne ist die Formakami JH18 Tischleuchte eine perfekte Mischung aus modernem und asiatischem Stil f\u00fcr eine Zen-Atmosph\u00e4re.\" \/>\n<meta property=\"og:url\" content=\"https:\/\/ekkla.ch\/de\/produit\/tischleuchte-formakami-jh18-elfenbeinweiss-\u220538-tradition\/\" \/>\n<meta property=\"og:site_name\" content=\"Ekkla\" \/>\n<meta property=\"article:modified_time\" content=\"2023-04-26T17:54:25+00:00\" \/>\n<meta property=\"og:image\" content=\"https:\/\/ekkla.ch\/wp-content\/uploads\/2023\/04\/ekkla-light-tradition-luminaires_0040_Formkami-JH18.jpg\" \/>\n\t<meta property=\"og:image:width\" content=\"900\" \/>\n\t<meta property=\"og:image:height\" content=\"900\" \/>\n\t<meta property=\"og:image:type\" content=\"image\/jpeg\" \/>\n<meta name=\"twitter:card\" content=\"summary_large_image\" \/>\n<meta name=\"twitter:label1\" content=\"Gesch\u00e4tzte Lesezeit\" \/>\n\t<meta name=\"twitter:data1\" content=\"1\u00a0Minute\" \/>\n<script type=\"application\/ld+json\" class=\"yoast-schema-graph\">{\"@context\":\"https:\/\/schema.org\",\"@graph\":[{\"@type\":\"WebPage\",\"@id\":\"https:\/\/ekkla.ch\/de\/produit\/tischleuchte-formakami-jh18-elfenbeinweiss-%e2%88%8538-tradition\/\",\"url\":\"https:\/\/ekkla.ch\/de\/produit\/tischleuchte-formakami-jh18-elfenbeinweiss-%e2%88%8538-tradition\/\",\"name\":\"&Tradition | Tischleuchte Formakami JH18 | Elfenbeinweiss | Ekkla\",\"isPartOf\":{\"@id\":\"https:\/\/ekkla.ch\/#website\"},\"primaryImageOfPage\":{\"@id\":\"https:\/\/ekkla.ch\/de\/produit\/tischleuchte-formakami-jh18-elfenbeinweiss-%e2%88%8538-tradition\/#primaryimage\"},\"image\":{\"@id\":\"https:\/\/ekkla.ch\/de\/produit\/tischleuchte-formakami-jh18-elfenbeinweiss-%e2%88%8538-tradition\/#primaryimage\"},\"thumbnailUrl\":\"https:\/\/ekkla.ch\/wp-content\/uploads\/2023\/04\/ekkla-light-tradition-luminaires_0040_Formkami-JH18.jpg\",\"datePublished\":\"2023-04-05T13:03:20+00:00\",\"dateModified\":\"2023-04-26T17:54:25+00:00\",\"description\":\"Wie eine schwebende Laterne ist die Formakami JH18 Tischleuchte eine perfekte Mischung aus modernem und asiatischem Stil f\u00fcr eine Zen-Atmosph\u00e4re.\",\"breadcrumb\":{\"@id\":\"https:\/\/ekkla.ch\/de\/produit\/tischleuchte-formakami-jh18-elfenbeinweiss-%e2%88%8538-tradition\/#breadcrumb\"},\"inLanguage\":\"de\",\"potentialAction\":[{\"@type\":\"ReadAction\",\"target\":[\"https:\/\/ekkla.ch\/de\/produit\/tischleuchte-formakami-jh18-elfenbeinweiss-%e2%88%8538-tradition\/\"]}]},{\"@type\":\"ImageObject\",\"inLanguage\":\"de\",\"@id\":\"https:\/\/ekkla.ch\/de\/produit\/tischleuchte-formakami-jh18-elfenbeinweiss-%e2%88%8538-tradition\/#primaryimage\",\"url\":\"https:\/\/ekkla.ch\/wp-content\/uploads\/2023\/04\/ekkla-light-tradition-luminaires_0040_Formkami-JH18.jpg\",\"contentUrl\":\"https:\/\/ekkla.ch\/wp-content\/uploads\/2023\/04\/ekkla-light-tradition-luminaires_0040_Formkami-JH18.jpg\",\"width\":900,\"height\":900},{\"@type\":\"BreadcrumbList\",\"@id\":\"https:\/\/ekkla.ch\/de\/produit\/tischleuchte-formakami-jh18-elfenbeinweiss-%e2%88%8538-tradition\/#breadcrumb\",\"itemListElement\":[{\"@type\":\"ListItem\",\"position\":1,\"name\":\"Home\",\"item\":\"https:\/\/ekkla.ch\/de\/\"},{\"@type\":\"ListItem\",\"position\":2,\"name\":\"Shop\",\"item\":\"https:\/\/ekkla.ch\/de\/shop\/\"},{\"@type\":\"ListItem\",\"position\":3,\"name\":\"Tischleuchte Formakami JH18 &#8211; Elfenbeinweiss &#8211; \u220538 &#8211; &#038;Tradition\"}]},{\"@type\":\"WebSite\",\"@id\":\"https:\/\/ekkla.ch\/#website\",\"url\":\"https:\/\/ekkla.ch\/\",\"name\":\"Ekkla\",\"description\":\"Der Onlineshop f\u00fcr Beleuchtung\",\"publisher\":{\"@id\":\"https:\/\/ekkla.ch\/#organization\"},\"potentialAction\":[{\"@type\":\"SearchAction\",\"target\":{\"@type\":\"EntryPoint\",\"urlTemplate\":\"https:\/\/ekkla.ch\/?s={search_term_string}\"},\"query-input\":\"required name=search_term_string\"}],\"inLanguage\":\"de\"},{\"@type\":\"Organization\",\"@id\":\"https:\/\/ekkla.ch\/#organization\",\"name\":\"Ekkla\",\"url\":\"https:\/\/ekkla.ch\/\",\"logo\":{\"@type\":\"ImageObject\",\"inLanguage\":\"de\",\"@id\":\"https:\/\/ekkla.ch\/#\/schema\/logo\/image\/\",\"url\":\"http:\/\/ekkla.ch\/wp-content\/uploads\/2019\/07\/logo-1.svg\",\"contentUrl\":\"http:\/\/ekkla.ch\/wp-content\/uploads\/2019\/07\/logo-1.svg\",\"width\":1,\"height\":1,\"caption\":\"Ekkla\"},\"image\":{\"@id\":\"https:\/\/ekkla.ch\/#\/schema\/logo\/image\/\"},\"sameAs\":[\"https:\/\/www.instagram.com\/ekkla_light\/\"]}]}<\/script>\n<!-- \/ Yoast SEO Premium plugin. -->","yoast_head_json":{"title":"&Tradition | Tischleuchte Formakami JH18 | Elfenbeinweiss | Ekkla","description":"Wie eine schwebende Laterne ist die Formakami JH18 Tischleuchte eine perfekte Mischung aus modernem und asiatischem Stil f\u00fcr eine Zen-Atmosph\u00e4re.","robots":{"index":"index","follow":"follow","max-snippet":"max-snippet:-1","max-image-preview":"max-image-preview:large","max-video-preview":"max-video-preview:-1"},"canonical":"https:\/\/ekkla.ch\/de\/produit\/tischleuchte-formakami-jh18-elfenbeinweiss-\u220538-tradition\/","og_locale":"de_DE","og_type":"article","og_title":"Tischleuchte Formakami JH18 - Elfenbeinweiss - \u220538 - &Tradition","og_description":"Wie eine schwebende Laterne ist die Formakami JH18 Tischleuchte eine perfekte Mischung aus modernem und asiatischem Stil f\u00fcr eine Zen-Atmosph\u00e4re.","og_url":"https:\/\/ekkla.ch\/de\/produit\/tischleuchte-formakami-jh18-elfenbeinweiss-\u220538-tradition\/","og_site_name":"Ekkla","article_modified_time":"2023-04-26T17:54:25+00:00","og_image":[{"width":900,"height":900,"url":"https:\/\/ekkla.ch\/wp-content\/uploads\/2023\/04\/ekkla-light-tradition-luminaires_0040_Formkami-JH18.jpg","type":"image\/jpeg"}],"twitter_card":"summary_large_image","twitter_misc":{"Gesch\u00e4tzte Lesezeit":"1\u00a0Minute"},"schema":{"@context":"https:\/\/schema.org","@graph":[{"@type":"WebPage","@id":"https:\/\/ekkla.ch\/de\/produit\/tischleuchte-formakami-jh18-elfenbeinweiss-%e2%88%8538-tradition\/","url":"https:\/\/ekkla.ch\/de\/produit\/tischleuchte-formakami-jh18-elfenbeinweiss-%e2%88%8538-tradition\/","name":"&Tradition | Tischleuchte Formakami JH18 | Elfenbeinweiss | Ekkla","isPartOf":{"@id":"https:\/\/ekkla.ch\/#website"},"primaryImageOfPage":{"@id":"https:\/\/ekkla.ch\/de\/produit\/tischleuchte-formakami-jh18-elfenbeinweiss-%e2%88%8538-tradition\/#primaryimage"},"image":{"@id":"https:\/\/ekkla.ch\/de\/produit\/tischleuchte-formakami-jh18-elfenbeinweiss-%e2%88%8538-tradition\/#primaryimage"},"thumbnailUrl":"https:\/\/ekkla.ch\/wp-content\/uploads\/2023\/04\/ekkla-light-tradition-luminaires_0040_Formkami-JH18.jpg","datePublished":"2023-04-05T13:03:20+00:00","dateModified":"2023-04-26T17:54:25+00:00","description":"Wie eine schwebende Laterne ist die Formakami JH18 Tischleuchte eine perfekte Mischung aus modernem und asiatischem Stil f\u00fcr eine Zen-Atmosph\u00e4re.","breadcrumb":{"@id":"https:\/\/ekkla.ch\/de\/produit\/tischleuchte-formakami-jh18-elfenbeinweiss-%e2%88%8538-tradition\/#breadcrumb"},"inLanguage":"de","potentialAction":[{"@type":"ReadAction","target":["https:\/\/ekkla.ch\/de\/produit\/tischleuchte-formakami-jh18-elfenbeinweiss-%e2%88%8538-tradition\/"]}]},{"@type":"ImageObject","inLanguage":"de","@id":"https:\/\/ekkla.ch\/de\/produit\/tischleuchte-formakami-jh18-elfenbeinweiss-%e2%88%8538-tradition\/#primaryimage","url":"https:\/\/ekkla.ch\/wp-content\/uploads\/2023\/04\/ekkla-light-tradition-luminaires_0040_Formkami-JH18.jpg","contentUrl":"https:\/\/ekkla.ch\/wp-content\/uploads\/2023\/04\/ekkla-light-tradition-luminaires_0040_Formkami-JH18.jpg","width":900,"height":900},{"@type":"BreadcrumbList","@id":"https:\/\/ekkla.ch\/de\/produit\/tischleuchte-formakami-jh18-elfenbeinweiss-%e2%88%8538-tradition\/#breadcrumb","itemListElement":[{"@type":"ListItem","position":1,"name":"Home","item":"https:\/\/ekkla.ch\/de\/"},{"@type":"ListItem","position":2,"name":"Shop","item":"https:\/\/ekkla.ch\/de\/shop\/"},{"@type":"ListItem","position":3,"name":"Tischleuchte Formakami JH18 &#8211; Elfenbeinweiss &#8211; \u220538 &#8211; &#038;Tradition"}]},{"@type":"WebSite","@id":"https:\/\/ekkla.ch\/#website","url":"https:\/\/ekkla.ch\/","name":"Ekkla","description":"Der Onlineshop f\u00fcr Beleuchtung","publisher":{"@id":"https:\/\/ekkla.ch\/#organization"},"potentialAction":[{"@type":"SearchAction","target":{"@type":"EntryPoint","urlTemplate":"https:\/\/ekkla.ch\/?s={search_term_string}"},"query-input":"required name=search_term_string"}],"inLanguage":"de"},{"@type":"Organization","@id":"https:\/\/ekkla.ch\/#organization","name":"Ekkla","url":"https:\/\/ekkla.ch\/","logo":{"@type":"ImageObject","inLanguage":"de","@id":"https:\/\/ekkla.ch\/#\/schema\/logo\/image\/","url":"http:\/\/ekkla.ch\/wp-content\/uploads\/2019\/07\/logo-1.svg","contentUrl":"http:\/\/ekkla.ch\/wp-content\/uploads\/2019\/07\/logo-1.svg","width":1,"height":1,"caption":"Ekkla"},"image":{"@id":"https:\/\/ekkla.ch\/#\/schema\/logo\/image\/"},"sameAs":["https:\/\/www.instagram.com\/ekkla_light\/"]}]}},"_links":{"self":[{"href":"https:\/\/ekkla.ch\/de\/wp-json\/wp\/v2\/product\/173916"}],"collection":[{"href":"https:\/\/ekkla.ch\/de\/wp-json\/wp\/v2\/product"}],"about":[{"href":"https:\/\/ekkla.ch\/de\/wp-json\/wp\/v2\/types\/product"}],"wp:featuredmedia":[{"embeddable":true,"href":"https:\/\/ekkla.ch\/de\/wp-json\/wp\/v2\/media\/173168"}],"wp:attachment":[{"href":"https:\/\/ekkla.ch\/de\/wp-json\/wp\/v2\/media?parent=173916"}],"wp:term":[{"taxonomy":"product_cat","embeddable":true,"href":"https:\/\/ekkla.ch\/de\/wp-json\/wp\/v2\/product_cat?post=173916"},{"taxonomy":"product_tag","embeddable":true,"href":"https:\/\/ekkla.ch\/de\/wp-json\/wp\/v2\/product_tag?post=173916"}],"curies":[{"name":"wp","href":"https:\/\/api.w.org\/{rel}","templated":true}]}}