{"id":174556,"date":"2023-04-27T10:50:37","date_gmt":"2023-04-27T08:50:37","guid":{"rendered":"https:\/\/ekkla.ch\/produit\/hangeleuchte-vertigo-small-o110-cm-schwarz-petite-friture\/"},"modified":"2024-10-16T11:32:03","modified_gmt":"2024-10-16T09:32:03","slug":"hangeleuchte-vertigo-small-o110-cm-schwarz-petite-friture","status":"publish","type":"product","link":"https:\/\/ekkla.ch\/de\/produit\/hangeleuchte-vertigo-small-o110-cm-schwarz-petite-friture\/","title":{"rendered":"H\u00e4ngeleuchte Vertigo Small \u00d8110 cm Schwarz &#8211; Petite Friture"},"content":{"rendered":"<p>10 Jahre nach ihrer Einf\u00fchrung erh\u00e4lt die ikonische H\u00e4ngeleuchte Vertigo eine neue Gr\u00f6sse, 110cm, und ist nur in zwei Farben erh\u00e4ltlich: Schwarz und Weiss.<\/p>\n<p>Die H\u00e4ngeleuchte Vertigo Small 110cm ist f\u00fcr kleinere R\u00e4ume gedacht und genauso poetisch und luftig wie die anderen St\u00fccke der Kollektion. Sie wird wie die meisten Leuchten von Petite Friture in Frankreich hergestellt. Die H\u00e4ngeleuchte wurde unter Verwendung einer Kombination aus Materialien wie Eisen, Glasfaser und Polyurethan entworfen, wobei besonderes Augenmerk auf Form, Volumen und Material gelegt wurde, was zu einer bemerkenswerten Kreation f\u00fchrte. Ihre B\u00e4nder werden in den Werkst\u00e4tten von APF France Handicap, einer Organisation, die sich f\u00fcr eine offene, integrative und solidarische Gesellschaft einsetzt, von Hand geklebt. Die Wahl dieses Partners fiel bereits zu Beginn der Vertigo-Ausgabe. Er steht f\u00fcr den Willen von Am\u00e9lie du Passage, der Gr\u00fcnderin von Petite Friture, &#8222;das Gute aus dem Sch\u00f6nen hervorgehen zu lassen&#8220;.<\/p>\n<p>Wie die anderen Modelle ist auch die Schwarze 110 cm Vertigo Pendelleuchte in der H\u00f6he verstellbar.<\/p>\n<p>Das von Am\u00e9lie du Passage gegr\u00fcndete Unternehmen Petite Friture entwirft einzigartige und engagierte M\u00f6belkollektionen. Am Anfang jedes Projekts steht eine intuitive und optimistische Begegnung zwischen Herausgebern, aufstrebenden oder anerkannten Designern und anspruchsvollen Herstellern. Ihr Ziel ist es, Emotionen und Schwingungen zu wecken, die \u00fcber die Zeit und die R\u00e4ume hinweg anhalten. Aus dieser kollektiven Emulsion entsteht ein Elan, eine Lust, gemeinsam ein aufrichtiges Projekt zu tragen. Durch die Aufrichtigkeit seiner Verpflichtungen ist Petite Friture bestrebt, sich auf der Grundlage von Transparenz, Respekt und Dialog dauerhaft weiterzuentwickeln. Petite Friture ist mehr als ein Verlag, es ist eine Geisteshaltung, die auf Vertrauen und Grossz\u00fcgigkeit beruht. Seine Ambition: Das Gute aus dem Sch\u00f6nen hervorbringen, heute und f\u00fcr lange Zeit.<\/p>\n<blockquote>\n<h2 style=\"text-align: left;\">Merkmale &amp; Eigenschaften<\/h2>\n<p><strong>Marke<\/strong> Petite Friture<\/p>\n<p><strong>Farbe<\/strong> Schwarz<\/p>\n<p><strong>Materialien<\/strong> Glasfaser, Stahl, Polyurethanband<\/p>\n<p><b>Gl\u00fchbirne<\/b> E27 (max. 60W)<\/p>\n<p><strong>Durchmesser (cm)<\/strong> 110<\/p>\n<p><strong>H\u00f6he (cm)<\/strong> 12<\/p>\n<p><strong>Kabell\u00e4nge (cm)<\/strong> 300<\/p>\n<p><strong>Gewicht (kg)<\/strong> 0,5<\/p><\/blockquote>\n","protected":false},"excerpt":{"rendered":"<p>10 Jahre nach ihrer Einf\u00fchrung erh\u00e4lt die ikonische H\u00e4ngeleuchte Vertigo eine neue Gr\u00f6sse, 110cm, und ist nur in zwei Farben erh\u00e4ltlich: Schwarz und Weiss. Die H\u00e4ngeleuchte Vertigo Small 110cm ist f\u00fcr kleinere R\u00e4ume gedacht und genauso poetisch und luftig wie die anderen St\u00fccke der Kollektion. Sie wird wie die meisten Leuchten von Petite Friture in [&hellip;]<\/p>\n","protected":false},"featured_media":174986,"template":"","meta":{"_acf_changed":false,"om_disable_all_campaigns":false},"product_cat":[291],"product_tag":[1240,403],"bundled_by":[],"bundle_stock_status":"instock","bundle_stock_quantity":1,"bundle_virtual":false,"bundle_layout":"","bundle_add_to_cart_form_location":"","bundle_editable_in_cart":false,"bundle_sold_individually_context":"","bundle_item_grouping":"","bundle_min_size":"","bundle_max_size":"","bundle_price":[],"bundled_items":[],"bundle_sell_ids":[],"acf":[],"yoast_head":"<!-- This site is optimized with the Yoast SEO Premium plugin v22.2 (Yoast SEO v22.8) - https:\/\/yoast.com\/wordpress\/plugins\/seo\/ -->\n<title>H\u00e4ngeleuchte Vertigo Small Schwarz | Petite Friture | Ekkla<\/title>\n<meta name=\"description\" content=\"Die wundersch\u00f6ne H\u00e4ngeleuchte Vertigo Small Schwarz mit ihrem luftigen Design. Sie ist mehr als nur eine Lampe, sie ist ein echtes Dekorationsobjekt, das Ihre Wohnung zum Strahlen bringen wird.\" \/>\n<meta name=\"robots\" content=\"index, follow, max-snippet:-1, max-image-preview:large, max-video-preview:-1\" \/>\n<link rel=\"canonical\" href=\"https:\/\/ekkla.ch\/de\/produit\/hangeleuchte-vertigo-small-o110-cm-schwarz-petite-friture\/\" \/>\n<meta property=\"og:locale\" content=\"de_DE\" \/>\n<meta property=\"og:type\" content=\"article\" \/>\n<meta property=\"og:title\" content=\"H\u00e4ngeleuchte Vertigo Small \u00d8110 cm Schwarz - Petite Friture\" \/>\n<meta property=\"og:description\" content=\"Die wundersch\u00f6ne H\u00e4ngeleuchte Vertigo Small Schwarz mit ihrem luftigen Design. Sie ist mehr als nur eine Lampe, sie ist ein echtes Dekorationsobjekt, das Ihre Wohnung zum Strahlen bringen wird.\" \/>\n<meta property=\"og:url\" content=\"https:\/\/ekkla.ch\/de\/produit\/hangeleuchte-vertigo-small-o110-cm-schwarz-petite-friture\/\" \/>\n<meta property=\"og:site_name\" content=\"Ekkla\" \/>\n<meta property=\"article:modified_time\" content=\"2024-10-16T09:32:03+00:00\" \/>\n<meta property=\"og:image\" content=\"https:\/\/ekkla.ch\/wp-content\/uploads\/2023\/04\/ekkla-light-petite-friture_vertigo_noir_small.jpg\" \/>\n\t<meta property=\"og:image:width\" content=\"900\" \/>\n\t<meta property=\"og:image:height\" content=\"900\" \/>\n\t<meta property=\"og:image:type\" content=\"image\/jpeg\" \/>\n<meta name=\"twitter:card\" content=\"summary_large_image\" \/>\n<meta name=\"twitter:label1\" content=\"Gesch\u00e4tzte Lesezeit\" \/>\n\t<meta name=\"twitter:data1\" content=\"2\u00a0Minuten\" \/>\n<script type=\"application\/ld+json\" class=\"yoast-schema-graph\">{\"@context\":\"https:\/\/schema.org\",\"@graph\":[{\"@type\":\"WebPage\",\"@id\":\"https:\/\/ekkla.ch\/de\/produit\/hangeleuchte-vertigo-small-o110-cm-schwarz-petite-friture\/\",\"url\":\"https:\/\/ekkla.ch\/de\/produit\/hangeleuchte-vertigo-small-o110-cm-schwarz-petite-friture\/\",\"name\":\"H\u00e4ngeleuchte Vertigo Small Schwarz | Petite Friture | Ekkla\",\"isPartOf\":{\"@id\":\"https:\/\/ekkla.ch\/#website\"},\"primaryImageOfPage\":{\"@id\":\"https:\/\/ekkla.ch\/de\/produit\/hangeleuchte-vertigo-small-o110-cm-schwarz-petite-friture\/#primaryimage\"},\"image\":{\"@id\":\"https:\/\/ekkla.ch\/de\/produit\/hangeleuchte-vertigo-small-o110-cm-schwarz-petite-friture\/#primaryimage\"},\"thumbnailUrl\":\"https:\/\/ekkla.ch\/wp-content\/uploads\/2023\/04\/ekkla-light-petite-friture_vertigo_noir_small.jpg\",\"datePublished\":\"2023-04-27T08:50:37+00:00\",\"dateModified\":\"2024-10-16T09:32:03+00:00\",\"description\":\"Die wundersch\u00f6ne H\u00e4ngeleuchte Vertigo Small Schwarz mit ihrem luftigen Design. Sie ist mehr als nur eine Lampe, sie ist ein echtes Dekorationsobjekt, das Ihre Wohnung zum Strahlen bringen wird.\",\"breadcrumb\":{\"@id\":\"https:\/\/ekkla.ch\/de\/produit\/hangeleuchte-vertigo-small-o110-cm-schwarz-petite-friture\/#breadcrumb\"},\"inLanguage\":\"de\",\"potentialAction\":[{\"@type\":\"ReadAction\",\"target\":[\"https:\/\/ekkla.ch\/de\/produit\/hangeleuchte-vertigo-small-o110-cm-schwarz-petite-friture\/\"]}]},{\"@type\":\"ImageObject\",\"inLanguage\":\"de\",\"@id\":\"https:\/\/ekkla.ch\/de\/produit\/hangeleuchte-vertigo-small-o110-cm-schwarz-petite-friture\/#primaryimage\",\"url\":\"https:\/\/ekkla.ch\/wp-content\/uploads\/2023\/04\/ekkla-light-petite-friture_vertigo_noir_small.jpg\",\"contentUrl\":\"https:\/\/ekkla.ch\/wp-content\/uploads\/2023\/04\/ekkla-light-petite-friture_vertigo_noir_small.jpg\",\"width\":900,\"height\":900},{\"@type\":\"BreadcrumbList\",\"@id\":\"https:\/\/ekkla.ch\/de\/produit\/hangeleuchte-vertigo-small-o110-cm-schwarz-petite-friture\/#breadcrumb\",\"itemListElement\":[{\"@type\":\"ListItem\",\"position\":1,\"name\":\"Home\",\"item\":\"https:\/\/ekkla.ch\/de\/\"},{\"@type\":\"ListItem\",\"position\":2,\"name\":\"Shop\",\"item\":\"https:\/\/ekkla.ch\/de\/shop\/\"},{\"@type\":\"ListItem\",\"position\":3,\"name\":\"H\u00e4ngeleuchte Vertigo Small \u00d8110 cm Schwarz - Petite Friture\"}]},{\"@type\":\"WebSite\",\"@id\":\"https:\/\/ekkla.ch\/#website\",\"url\":\"https:\/\/ekkla.ch\/\",\"name\":\"Ekkla\",\"description\":\"Der Onlineshop f\u00fcr Beleuchtung\",\"publisher\":{\"@id\":\"https:\/\/ekkla.ch\/#organization\"},\"potentialAction\":[{\"@type\":\"SearchAction\",\"target\":{\"@type\":\"EntryPoint\",\"urlTemplate\":\"https:\/\/ekkla.ch\/?s={search_term_string}\"},\"query-input\":\"required name=search_term_string\"}],\"inLanguage\":\"de\"},{\"@type\":\"Organization\",\"@id\":\"https:\/\/ekkla.ch\/#organization\",\"name\":\"Ekkla\",\"url\":\"https:\/\/ekkla.ch\/\",\"logo\":{\"@type\":\"ImageObject\",\"inLanguage\":\"de\",\"@id\":\"https:\/\/ekkla.ch\/#\/schema\/logo\/image\/\",\"url\":\"http:\/\/ekkla.ch\/wp-content\/uploads\/2019\/07\/logo-1.svg\",\"contentUrl\":\"http:\/\/ekkla.ch\/wp-content\/uploads\/2019\/07\/logo-1.svg\",\"width\":1,\"height\":1,\"caption\":\"Ekkla\"},\"image\":{\"@id\":\"https:\/\/ekkla.ch\/#\/schema\/logo\/image\/\"},\"sameAs\":[\"https:\/\/www.instagram.com\/ekkla_light\/\"]}]}<\/script>\n<!-- \/ Yoast SEO Premium plugin. -->","yoast_head_json":{"title":"H\u00e4ngeleuchte Vertigo Small Schwarz | Petite Friture | Ekkla","description":"Die wundersch\u00f6ne H\u00e4ngeleuchte Vertigo Small Schwarz mit ihrem luftigen Design. Sie ist mehr als nur eine Lampe, sie ist ein echtes Dekorationsobjekt, das Ihre Wohnung zum Strahlen bringen wird.","robots":{"index":"index","follow":"follow","max-snippet":"max-snippet:-1","max-image-preview":"max-image-preview:large","max-video-preview":"max-video-preview:-1"},"canonical":"https:\/\/ekkla.ch\/de\/produit\/hangeleuchte-vertigo-small-o110-cm-schwarz-petite-friture\/","og_locale":"de_DE","og_type":"article","og_title":"H\u00e4ngeleuchte Vertigo Small \u00d8110 cm Schwarz - Petite Friture","og_description":"Die wundersch\u00f6ne H\u00e4ngeleuchte Vertigo Small Schwarz mit ihrem luftigen Design. Sie ist mehr als nur eine Lampe, sie ist ein echtes Dekorationsobjekt, das Ihre Wohnung zum Strahlen bringen wird.","og_url":"https:\/\/ekkla.ch\/de\/produit\/hangeleuchte-vertigo-small-o110-cm-schwarz-petite-friture\/","og_site_name":"Ekkla","article_modified_time":"2024-10-16T09:32:03+00:00","og_image":[{"width":900,"height":900,"url":"https:\/\/ekkla.ch\/wp-content\/uploads\/2023\/04\/ekkla-light-petite-friture_vertigo_noir_small.jpg","type":"image\/jpeg"}],"twitter_card":"summary_large_image","twitter_misc":{"Gesch\u00e4tzte Lesezeit":"2\u00a0Minuten"},"schema":{"@context":"https:\/\/schema.org","@graph":[{"@type":"WebPage","@id":"https:\/\/ekkla.ch\/de\/produit\/hangeleuchte-vertigo-small-o110-cm-schwarz-petite-friture\/","url":"https:\/\/ekkla.ch\/de\/produit\/hangeleuchte-vertigo-small-o110-cm-schwarz-petite-friture\/","name":"H\u00e4ngeleuchte Vertigo Small Schwarz | Petite Friture | Ekkla","isPartOf":{"@id":"https:\/\/ekkla.ch\/#website"},"primaryImageOfPage":{"@id":"https:\/\/ekkla.ch\/de\/produit\/hangeleuchte-vertigo-small-o110-cm-schwarz-petite-friture\/#primaryimage"},"image":{"@id":"https:\/\/ekkla.ch\/de\/produit\/hangeleuchte-vertigo-small-o110-cm-schwarz-petite-friture\/#primaryimage"},"thumbnailUrl":"https:\/\/ekkla.ch\/wp-content\/uploads\/2023\/04\/ekkla-light-petite-friture_vertigo_noir_small.jpg","datePublished":"2023-04-27T08:50:37+00:00","dateModified":"2024-10-16T09:32:03+00:00","description":"Die wundersch\u00f6ne H\u00e4ngeleuchte Vertigo Small Schwarz mit ihrem luftigen Design. Sie ist mehr als nur eine Lampe, sie ist ein echtes Dekorationsobjekt, das Ihre Wohnung zum Strahlen bringen wird.","breadcrumb":{"@id":"https:\/\/ekkla.ch\/de\/produit\/hangeleuchte-vertigo-small-o110-cm-schwarz-petite-friture\/#breadcrumb"},"inLanguage":"de","potentialAction":[{"@type":"ReadAction","target":["https:\/\/ekkla.ch\/de\/produit\/hangeleuchte-vertigo-small-o110-cm-schwarz-petite-friture\/"]}]},{"@type":"ImageObject","inLanguage":"de","@id":"https:\/\/ekkla.ch\/de\/produit\/hangeleuchte-vertigo-small-o110-cm-schwarz-petite-friture\/#primaryimage","url":"https:\/\/ekkla.ch\/wp-content\/uploads\/2023\/04\/ekkla-light-petite-friture_vertigo_noir_small.jpg","contentUrl":"https:\/\/ekkla.ch\/wp-content\/uploads\/2023\/04\/ekkla-light-petite-friture_vertigo_noir_small.jpg","width":900,"height":900},{"@type":"BreadcrumbList","@id":"https:\/\/ekkla.ch\/de\/produit\/hangeleuchte-vertigo-small-o110-cm-schwarz-petite-friture\/#breadcrumb","itemListElement":[{"@type":"ListItem","position":1,"name":"Home","item":"https:\/\/ekkla.ch\/de\/"},{"@type":"ListItem","position":2,"name":"Shop","item":"https:\/\/ekkla.ch\/de\/shop\/"},{"@type":"ListItem","position":3,"name":"H\u00e4ngeleuchte Vertigo Small \u00d8110 cm Schwarz - Petite Friture"}]},{"@type":"WebSite","@id":"https:\/\/ekkla.ch\/#website","url":"https:\/\/ekkla.ch\/","name":"Ekkla","description":"Der Onlineshop f\u00fcr Beleuchtung","publisher":{"@id":"https:\/\/ekkla.ch\/#organization"},"potentialAction":[{"@type":"SearchAction","target":{"@type":"EntryPoint","urlTemplate":"https:\/\/ekkla.ch\/?s={search_term_string}"},"query-input":"required name=search_term_string"}],"inLanguage":"de"},{"@type":"Organization","@id":"https:\/\/ekkla.ch\/#organization","name":"Ekkla","url":"https:\/\/ekkla.ch\/","logo":{"@type":"ImageObject","inLanguage":"de","@id":"https:\/\/ekkla.ch\/#\/schema\/logo\/image\/","url":"http:\/\/ekkla.ch\/wp-content\/uploads\/2019\/07\/logo-1.svg","contentUrl":"http:\/\/ekkla.ch\/wp-content\/uploads\/2019\/07\/logo-1.svg","width":1,"height":1,"caption":"Ekkla"},"image":{"@id":"https:\/\/ekkla.ch\/#\/schema\/logo\/image\/"},"sameAs":["https:\/\/www.instagram.com\/ekkla_light\/"]}]}},"_links":{"self":[{"href":"https:\/\/ekkla.ch\/de\/wp-json\/wp\/v2\/product\/174556"}],"collection":[{"href":"https:\/\/ekkla.ch\/de\/wp-json\/wp\/v2\/product"}],"about":[{"href":"https:\/\/ekkla.ch\/de\/wp-json\/wp\/v2\/types\/product"}],"wp:featuredmedia":[{"embeddable":true,"href":"https:\/\/ekkla.ch\/de\/wp-json\/wp\/v2\/media\/174986"}],"wp:attachment":[{"href":"https:\/\/ekkla.ch\/de\/wp-json\/wp\/v2\/media?parent=174556"}],"wp:term":[{"taxonomy":"product_cat","embeddable":true,"href":"https:\/\/ekkla.ch\/de\/wp-json\/wp\/v2\/product_cat?post=174556"},{"taxonomy":"product_tag","embeddable":true,"href":"https:\/\/ekkla.ch\/de\/wp-json\/wp\/v2\/product_tag?post=174556"}],"curies":[{"name":"wp","href":"https:\/\/api.w.org\/{rel}","templated":true}]}}