{"id":174566,"date":"2023-04-27T15:54:48","date_gmt":"2023-04-27T13:54:48","guid":{"rendered":"https:\/\/ekkla.ch\/produit\/wiederaufladbare-kabellose-leuchte-quasar-aluminium-led-petite-friture\/"},"modified":"2023-05-02T11:01:10","modified_gmt":"2023-05-02T09:01:10","slug":"wiederaufladbare-kabellose-leuchte-quasar-aluminium-led-petite-friture","status":"publish","type":"product","link":"https:\/\/ekkla.ch\/de\/produit\/wiederaufladbare-kabellose-leuchte-quasar-aluminium-led-petite-friture\/","title":{"rendered":"Wiederaufladbare kabellose Leuchte Quasar Aluminium &#8211; LED &#8211; Petite Friture"},"content":{"rendered":"<p>Die Nomadenleuchte Quasar ist aus der Zusammenarbeit zwischen Samy Rio und Petite Friture entstanden. Diese eigenwillige und eigenartige Designlampe ist f\u00fcr den Innen- und Aussenbereich geeignet. Ihr Name ist eine Hommage an die Astronomie, denn ein Quasar ist ein Stern, der als der hellste im Universum gilt. Dank der langen Brenndauer dieser kabellosen Leuchte k\u00f6nnen Sie sie nach Lust und Laune verschieben. Das Design ist funktional und elegant und stellt einen perfekten Kompromiss zwischen technischen und \u00e4sthetischen Entscheidungen dar. F\u00fcr den mobilen Einsatz ist die Leuchte mit einer robusten Polyesterkordel ausgestattet.<\/p>\n<p>Die Nomadenleuchte Quasar verf\u00fcgt \u00fcber 3 Lichtfarben (von warmweiss bis kaltweiss) und 3 Lichtst\u00e4rken f\u00fcr unterschiedliche Stimmungen.<\/p>\n<p>Das von Am\u00e9lie du Passage gegr\u00fcndete Unternehmen Petite Friture entwirft einzigartige und engagierte M\u00f6belkollektionen. Am Anfang jedes Projekts steht eine intuitive und optimistische Begegnung zwischen Herausgebern, aufstrebenden oder anerkannten Designern und anspruchsvollen Herstellern. Ihr Ziel ist es, Emotionen und Schwingungen zu wecken, die \u00fcber die Zeit und die R\u00e4ume hinweg anhalten. Aus dieser kollektiven Emulsion entsteht ein Elan, eine Lust, gemeinsam ein aufrichtiges Projekt zu tragen. Durch die Aufrichtigkeit seiner Verpflichtungen ist Petite Friture bestrebt, sich auf der Grundlage von Transparenz, Respekt und Dialog dauerhaft weiterzuentwickeln. Petite Friture ist mehr als ein Verlag, es ist eine Geisteshaltung, die auf Vertrauen und Grossz\u00fcgigkeit beruht. Seine Ambition: Das Gute aus dem Sch\u00f6nen hervorbringen, heute und f\u00fcr lange Zeit.<\/p>\n<blockquote>\n<h2 style=\"text-align: left;\">Merkmale &amp; Eigenschaften<\/h2>\n<p><strong>Marke<\/strong> Petite Friture<\/p>\n<p><strong>Farbe<\/strong> Grau<\/p>\n<p><strong>Materialien\u00a0<\/strong>Aluminium, PC, ABS und Polyester<\/p>\n<p><strong>Durchmesser oben (cm)<\/strong> 17<\/p>\n<p><strong>Durchmesser unten (cm)<\/strong> 7<\/p>\n<p><strong>H\u00f6he (cm)<\/strong> 26<\/p>\n<p><strong>Gewicht (kg)<\/strong> 1,3<\/p><\/blockquote>\n","protected":false},"excerpt":{"rendered":"<p>Die Nomadenleuchte Quasar ist aus der Zusammenarbeit zwischen Samy Rio und Petite Friture entstanden. Diese eigenwillige und eigenartige Designlampe ist f\u00fcr den Innen- und Aussenbereich geeignet. Ihr Name ist eine Hommage an die Astronomie, denn ein Quasar ist ein Stern, der als der hellste im Universum gilt. Dank der langen Brenndauer dieser kabellosen Leuchte k\u00f6nnen [&hellip;]<\/p>\n","protected":false},"featured_media":175278,"template":"","meta":{"_acf_changed":false,"om_disable_all_campaigns":false},"product_cat":[290],"product_tag":[801,934],"bundled_by":[],"bundle_stock_status":"onbackorder","bundle_stock_quantity":null,"bundle_virtual":false,"bundle_layout":"","bundle_add_to_cart_form_location":"","bundle_editable_in_cart":false,"bundle_sold_individually_context":"","bundle_item_grouping":"","bundle_min_size":"","bundle_max_size":"","bundle_price":[],"bundled_items":[],"bundle_sell_ids":[],"acf":[],"yoast_head":"<!-- This site is optimized with the Yoast SEO Premium plugin v22.2 (Yoast SEO v22.8) - https:\/\/yoast.com\/wordpress\/plugins\/seo\/ -->\n<title>Leuchte Quasar Aluminium | Petite Friture | Designer | Ekkla<\/title>\n<meta name=\"description\" content=\"Die Lampe Quasar Aluminium von Petite Friture ist mehr als nur eine Lampe, sie ist ein echtes Dekorationsobjekt, das Ihre Wohnung erhellen wird.\" \/>\n<meta name=\"robots\" content=\"index, follow, max-snippet:-1, max-image-preview:large, max-video-preview:-1\" \/>\n<link rel=\"canonical\" href=\"https:\/\/ekkla.ch\/de\/produit\/wiederaufladbare-kabellose-leuchte-quasar-aluminium-led-petite-friture\/\" \/>\n<meta property=\"og:locale\" content=\"de_DE\" \/>\n<meta property=\"og:type\" content=\"article\" \/>\n<meta property=\"og:title\" content=\"Wiederaufladbare kabellose Leuchte Quasar Aluminium - LED - Petite Friture\" \/>\n<meta property=\"og:description\" content=\"Die Lampe Quasar Aluminium von Petite Friture ist mehr als nur eine Lampe, sie ist ein echtes Dekorationsobjekt, das Ihre Wohnung erhellen wird.\" \/>\n<meta property=\"og:url\" content=\"https:\/\/ekkla.ch\/de\/produit\/wiederaufladbare-kabellose-leuchte-quasar-aluminium-led-petite-friture\/\" \/>\n<meta property=\"og:site_name\" content=\"Ekkla\" \/>\n<meta property=\"article:modified_time\" content=\"2023-05-02T09:01:10+00:00\" \/>\n<meta property=\"og:image\" content=\"https:\/\/ekkla.ch\/wp-content\/uploads\/2023\/04\/ekkla-light-petite-friture_0007_QUASAR_vuedecote_cutout_aluminium.jpg\" \/>\n\t<meta property=\"og:image:width\" content=\"900\" \/>\n\t<meta property=\"og:image:height\" content=\"900\" \/>\n\t<meta property=\"og:image:type\" content=\"image\/jpeg\" \/>\n<meta name=\"twitter:card\" content=\"summary_large_image\" \/>\n<meta name=\"twitter:label1\" content=\"Gesch\u00e4tzte Lesezeit\" \/>\n\t<meta name=\"twitter:data1\" content=\"1\u00a0Minute\" \/>\n<script type=\"application\/ld+json\" class=\"yoast-schema-graph\">{\"@context\":\"https:\/\/schema.org\",\"@graph\":[{\"@type\":\"WebPage\",\"@id\":\"https:\/\/ekkla.ch\/de\/produit\/wiederaufladbare-kabellose-leuchte-quasar-aluminium-led-petite-friture\/\",\"url\":\"https:\/\/ekkla.ch\/de\/produit\/wiederaufladbare-kabellose-leuchte-quasar-aluminium-led-petite-friture\/\",\"name\":\"Leuchte Quasar Aluminium | Petite Friture | Designer | Ekkla\",\"isPartOf\":{\"@id\":\"https:\/\/ekkla.ch\/#website\"},\"primaryImageOfPage\":{\"@id\":\"https:\/\/ekkla.ch\/de\/produit\/wiederaufladbare-kabellose-leuchte-quasar-aluminium-led-petite-friture\/#primaryimage\"},\"image\":{\"@id\":\"https:\/\/ekkla.ch\/de\/produit\/wiederaufladbare-kabellose-leuchte-quasar-aluminium-led-petite-friture\/#primaryimage\"},\"thumbnailUrl\":\"https:\/\/ekkla.ch\/wp-content\/uploads\/2023\/04\/ekkla-light-petite-friture_0007_QUASAR_vuedecote_cutout_aluminium.jpg\",\"datePublished\":\"2023-04-27T13:54:48+00:00\",\"dateModified\":\"2023-05-02T09:01:10+00:00\",\"description\":\"Die Lampe Quasar Aluminium von Petite Friture ist mehr als nur eine Lampe, sie ist ein echtes Dekorationsobjekt, das Ihre Wohnung erhellen wird.\",\"breadcrumb\":{\"@id\":\"https:\/\/ekkla.ch\/de\/produit\/wiederaufladbare-kabellose-leuchte-quasar-aluminium-led-petite-friture\/#breadcrumb\"},\"inLanguage\":\"de\",\"potentialAction\":[{\"@type\":\"ReadAction\",\"target\":[\"https:\/\/ekkla.ch\/de\/produit\/wiederaufladbare-kabellose-leuchte-quasar-aluminium-led-petite-friture\/\"]}]},{\"@type\":\"ImageObject\",\"inLanguage\":\"de\",\"@id\":\"https:\/\/ekkla.ch\/de\/produit\/wiederaufladbare-kabellose-leuchte-quasar-aluminium-led-petite-friture\/#primaryimage\",\"url\":\"https:\/\/ekkla.ch\/wp-content\/uploads\/2023\/04\/ekkla-light-petite-friture_0007_QUASAR_vuedecote_cutout_aluminium.jpg\",\"contentUrl\":\"https:\/\/ekkla.ch\/wp-content\/uploads\/2023\/04\/ekkla-light-petite-friture_0007_QUASAR_vuedecote_cutout_aluminium.jpg\",\"width\":900,\"height\":900},{\"@type\":\"BreadcrumbList\",\"@id\":\"https:\/\/ekkla.ch\/de\/produit\/wiederaufladbare-kabellose-leuchte-quasar-aluminium-led-petite-friture\/#breadcrumb\",\"itemListElement\":[{\"@type\":\"ListItem\",\"position\":1,\"name\":\"Home\",\"item\":\"https:\/\/ekkla.ch\/de\/\"},{\"@type\":\"ListItem\",\"position\":2,\"name\":\"Shop\",\"item\":\"https:\/\/ekkla.ch\/de\/shop\/\"},{\"@type\":\"ListItem\",\"position\":3,\"name\":\"Wiederaufladbare kabellose Leuchte Quasar Aluminium &#8211; LED &#8211; Petite Friture\"}]},{\"@type\":\"WebSite\",\"@id\":\"https:\/\/ekkla.ch\/#website\",\"url\":\"https:\/\/ekkla.ch\/\",\"name\":\"Ekkla\",\"description\":\"Der Onlineshop f\u00fcr Beleuchtung\",\"publisher\":{\"@id\":\"https:\/\/ekkla.ch\/#organization\"},\"potentialAction\":[{\"@type\":\"SearchAction\",\"target\":{\"@type\":\"EntryPoint\",\"urlTemplate\":\"https:\/\/ekkla.ch\/?s={search_term_string}\"},\"query-input\":\"required name=search_term_string\"}],\"inLanguage\":\"de\"},{\"@type\":\"Organization\",\"@id\":\"https:\/\/ekkla.ch\/#organization\",\"name\":\"Ekkla\",\"url\":\"https:\/\/ekkla.ch\/\",\"logo\":{\"@type\":\"ImageObject\",\"inLanguage\":\"de\",\"@id\":\"https:\/\/ekkla.ch\/#\/schema\/logo\/image\/\",\"url\":\"http:\/\/ekkla.ch\/wp-content\/uploads\/2019\/07\/logo-1.svg\",\"contentUrl\":\"http:\/\/ekkla.ch\/wp-content\/uploads\/2019\/07\/logo-1.svg\",\"width\":1,\"height\":1,\"caption\":\"Ekkla\"},\"image\":{\"@id\":\"https:\/\/ekkla.ch\/#\/schema\/logo\/image\/\"},\"sameAs\":[\"https:\/\/www.instagram.com\/ekkla_light\/\"]}]}<\/script>\n<!-- \/ Yoast SEO Premium plugin. -->","yoast_head_json":{"title":"Leuchte Quasar Aluminium | Petite Friture | Designer | Ekkla","description":"Die Lampe Quasar Aluminium von Petite Friture ist mehr als nur eine Lampe, sie ist ein echtes Dekorationsobjekt, das Ihre Wohnung erhellen wird.","robots":{"index":"index","follow":"follow","max-snippet":"max-snippet:-1","max-image-preview":"max-image-preview:large","max-video-preview":"max-video-preview:-1"},"canonical":"https:\/\/ekkla.ch\/de\/produit\/wiederaufladbare-kabellose-leuchte-quasar-aluminium-led-petite-friture\/","og_locale":"de_DE","og_type":"article","og_title":"Wiederaufladbare kabellose Leuchte Quasar Aluminium - LED - Petite Friture","og_description":"Die Lampe Quasar Aluminium von Petite Friture ist mehr als nur eine Lampe, sie ist ein echtes Dekorationsobjekt, das Ihre Wohnung erhellen wird.","og_url":"https:\/\/ekkla.ch\/de\/produit\/wiederaufladbare-kabellose-leuchte-quasar-aluminium-led-petite-friture\/","og_site_name":"Ekkla","article_modified_time":"2023-05-02T09:01:10+00:00","og_image":[{"width":900,"height":900,"url":"https:\/\/ekkla.ch\/wp-content\/uploads\/2023\/04\/ekkla-light-petite-friture_0007_QUASAR_vuedecote_cutout_aluminium.jpg","type":"image\/jpeg"}],"twitter_card":"summary_large_image","twitter_misc":{"Gesch\u00e4tzte Lesezeit":"1\u00a0Minute"},"schema":{"@context":"https:\/\/schema.org","@graph":[{"@type":"WebPage","@id":"https:\/\/ekkla.ch\/de\/produit\/wiederaufladbare-kabellose-leuchte-quasar-aluminium-led-petite-friture\/","url":"https:\/\/ekkla.ch\/de\/produit\/wiederaufladbare-kabellose-leuchte-quasar-aluminium-led-petite-friture\/","name":"Leuchte Quasar Aluminium | Petite Friture | Designer | Ekkla","isPartOf":{"@id":"https:\/\/ekkla.ch\/#website"},"primaryImageOfPage":{"@id":"https:\/\/ekkla.ch\/de\/produit\/wiederaufladbare-kabellose-leuchte-quasar-aluminium-led-petite-friture\/#primaryimage"},"image":{"@id":"https:\/\/ekkla.ch\/de\/produit\/wiederaufladbare-kabellose-leuchte-quasar-aluminium-led-petite-friture\/#primaryimage"},"thumbnailUrl":"https:\/\/ekkla.ch\/wp-content\/uploads\/2023\/04\/ekkla-light-petite-friture_0007_QUASAR_vuedecote_cutout_aluminium.jpg","datePublished":"2023-04-27T13:54:48+00:00","dateModified":"2023-05-02T09:01:10+00:00","description":"Die Lampe Quasar Aluminium von Petite Friture ist mehr als nur eine Lampe, sie ist ein echtes Dekorationsobjekt, das Ihre Wohnung erhellen wird.","breadcrumb":{"@id":"https:\/\/ekkla.ch\/de\/produit\/wiederaufladbare-kabellose-leuchte-quasar-aluminium-led-petite-friture\/#breadcrumb"},"inLanguage":"de","potentialAction":[{"@type":"ReadAction","target":["https:\/\/ekkla.ch\/de\/produit\/wiederaufladbare-kabellose-leuchte-quasar-aluminium-led-petite-friture\/"]}]},{"@type":"ImageObject","inLanguage":"de","@id":"https:\/\/ekkla.ch\/de\/produit\/wiederaufladbare-kabellose-leuchte-quasar-aluminium-led-petite-friture\/#primaryimage","url":"https:\/\/ekkla.ch\/wp-content\/uploads\/2023\/04\/ekkla-light-petite-friture_0007_QUASAR_vuedecote_cutout_aluminium.jpg","contentUrl":"https:\/\/ekkla.ch\/wp-content\/uploads\/2023\/04\/ekkla-light-petite-friture_0007_QUASAR_vuedecote_cutout_aluminium.jpg","width":900,"height":900},{"@type":"BreadcrumbList","@id":"https:\/\/ekkla.ch\/de\/produit\/wiederaufladbare-kabellose-leuchte-quasar-aluminium-led-petite-friture\/#breadcrumb","itemListElement":[{"@type":"ListItem","position":1,"name":"Home","item":"https:\/\/ekkla.ch\/de\/"},{"@type":"ListItem","position":2,"name":"Shop","item":"https:\/\/ekkla.ch\/de\/shop\/"},{"@type":"ListItem","position":3,"name":"Wiederaufladbare kabellose Leuchte Quasar Aluminium &#8211; LED &#8211; Petite Friture"}]},{"@type":"WebSite","@id":"https:\/\/ekkla.ch\/#website","url":"https:\/\/ekkla.ch\/","name":"Ekkla","description":"Der Onlineshop f\u00fcr Beleuchtung","publisher":{"@id":"https:\/\/ekkla.ch\/#organization"},"potentialAction":[{"@type":"SearchAction","target":{"@type":"EntryPoint","urlTemplate":"https:\/\/ekkla.ch\/?s={search_term_string}"},"query-input":"required name=search_term_string"}],"inLanguage":"de"},{"@type":"Organization","@id":"https:\/\/ekkla.ch\/#organization","name":"Ekkla","url":"https:\/\/ekkla.ch\/","logo":{"@type":"ImageObject","inLanguage":"de","@id":"https:\/\/ekkla.ch\/#\/schema\/logo\/image\/","url":"http:\/\/ekkla.ch\/wp-content\/uploads\/2019\/07\/logo-1.svg","contentUrl":"http:\/\/ekkla.ch\/wp-content\/uploads\/2019\/07\/logo-1.svg","width":1,"height":1,"caption":"Ekkla"},"image":{"@id":"https:\/\/ekkla.ch\/#\/schema\/logo\/image\/"},"sameAs":["https:\/\/www.instagram.com\/ekkla_light\/"]}]}},"_links":{"self":[{"href":"https:\/\/ekkla.ch\/de\/wp-json\/wp\/v2\/product\/174566"}],"collection":[{"href":"https:\/\/ekkla.ch\/de\/wp-json\/wp\/v2\/product"}],"about":[{"href":"https:\/\/ekkla.ch\/de\/wp-json\/wp\/v2\/types\/product"}],"wp:featuredmedia":[{"embeddable":true,"href":"https:\/\/ekkla.ch\/de\/wp-json\/wp\/v2\/media\/175278"}],"wp:attachment":[{"href":"https:\/\/ekkla.ch\/de\/wp-json\/wp\/v2\/media?parent=174566"}],"wp:term":[{"taxonomy":"product_cat","embeddable":true,"href":"https:\/\/ekkla.ch\/de\/wp-json\/wp\/v2\/product_cat?post=174566"},{"taxonomy":"product_tag","embeddable":true,"href":"https:\/\/ekkla.ch\/de\/wp-json\/wp\/v2\/product_tag?post=174566"}],"curies":[{"name":"wp","href":"https:\/\/api.w.org\/{rel}","templated":true}]}}