{"id":174712,"date":"2023-04-06T15:47:33","date_gmt":"2023-04-06T13:47:33","guid":{"rendered":"https:\/\/ekkla.ch\/produit\/kabellose-tischleuchte-led-grau-normann-copenhagen\/"},"modified":"2023-06-13T10:39:36","modified_gmt":"2023-06-13T08:39:36","slug":"kabellose-tischleuchte-led-grau-normann-copenhagen","status":"publish","type":"product","link":"https:\/\/ekkla.ch\/de\/produit\/kabellose-tischleuchte-led-grau-normann-copenhagen\/","title":{"rendered":"Kabellose Tischleuchte &#8211; LED &#8211; Grau &#8211; Normann Copenhagen"},"content":{"rendered":"<p>Die kabellose Tischleuchte Porta aus dem Hause Normann Copenhagen wurde von Simon Legald designt. Porta ist die erste tragbare Lampe dieser Marke. Gekennzeichnet durch ein abgerundetes, organisches Design, tragen die zylindrische Basis und die l\u00e4ngliche Kuppelform des Lampenschirms zum \u00e4sthetischen Zusammenhalt bei.<\/p>\n<p>Die Flexibilit\u00e4t von Porta wird durch ihre Mobilit\u00e4t noch verst\u00e4rkt. Dank des leichten, kabellosen Designs k\u00f6nnen Sie die Leuchte von der K\u00fcche \u00fcber Ihre Lieblings-Leseecke bis in den Garten mitnehmen. Mit einem Touch-Dimmer k\u00f6nnen Sie das Licht in drei verschiedenen Stufen an die gew\u00fcnschte Atmosph\u00e4re anpassen, w\u00e4hrend ein unauff\u00e4lliges USB-Ladekabel die Lampe ganz einfach wieder aufl\u00e4dt. Porta wird in jeder Umgebung ein angenehmes Licht spenden und passt perfekt in Gesch\u00e4fts- und Wohnr\u00e4ume.<\/p>\n<blockquote>\n<h2>Merkmale &amp; Eigenschaften<\/h2>\n<p><strong>Marke<\/strong> Normann Copenhagen<\/p>\n<p><strong>Farbe<\/strong> Grau<\/p>\n<p><strong>Materialien <\/strong>Plastik und Acryl<\/p>\n<p><strong>Lichtquelle<\/strong> Integrierte LED<\/p>\n<p><strong>H\u00f6he (cm)<\/strong> 23,5<\/p>\n<p><strong>L\u00e4nge (cm)<\/strong> 20,2<\/p>\n<p><strong>Tiefe (cm)<\/strong> 11,2<\/p>\n<p><strong>Gewicht (kg)<\/strong> 0,49<\/p><\/blockquote>\n","protected":false},"excerpt":{"rendered":"<p>Die kabellose Tischleuchte Porta aus dem Hause Normann Copenhagen wurde von Simon Legald designt. Porta ist die erste tragbare Lampe dieser Marke. Gekennzeichnet durch ein abgerundetes, organisches Design, tragen die zylindrische Basis und die l\u00e4ngliche Kuppelform des Lampenschirms zum \u00e4sthetischen Zusammenhalt bei. Die Flexibilit\u00e4t von Porta wird durch ihre Mobilit\u00e4t noch verst\u00e4rkt. Dank des leichten, [&hellip;]<\/p>\n","protected":false},"featured_media":174013,"template":"","meta":{"_acf_changed":false,"om_disable_all_campaigns":false},"product_cat":[290],"product_tag":[1256,760,898,1188,1265,816,856],"bundled_by":[],"bundle_stock_status":"onbackorder","bundle_stock_quantity":null,"bundle_virtual":false,"bundle_layout":"","bundle_add_to_cart_form_location":"","bundle_editable_in_cart":false,"bundle_sold_individually_context":"","bundle_item_grouping":"","bundle_min_size":"","bundle_max_size":"","bundle_price":[],"bundled_items":[],"bundle_sell_ids":[],"acf":[],"yoast_head":"<!-- This site is optimized with the Yoast SEO Premium plugin v22.2 (Yoast SEO v22.8) - https:\/\/yoast.com\/wordpress\/plugins\/seo\/ -->\n<title>Normann Copenhagen | Tischleuchte Porta | Plastik | Ekkla<\/title>\n<meta name=\"description\" content=\"Dank des leichten, kabellosen Designs k\u00f6nnen Sie die Leuchte von der K\u00fcche \u00fcber Ihre Lieblings-Leseecke bis in den Garten mitnehmen.\" \/>\n<meta name=\"robots\" content=\"index, follow, max-snippet:-1, max-image-preview:large, max-video-preview:-1\" \/>\n<link rel=\"canonical\" href=\"https:\/\/ekkla.ch\/de\/produit\/kabellose-tischleuchte-led-grau-normann-copenhagen\/\" \/>\n<meta property=\"og:locale\" content=\"de_DE\" \/>\n<meta property=\"og:type\" content=\"article\" \/>\n<meta property=\"og:title\" content=\"Kabellose Tischleuchte - LED - Grau - Normann Copenhagen\" \/>\n<meta property=\"og:description\" content=\"Dank des leichten, kabellosen Designs k\u00f6nnen Sie die Leuchte von der K\u00fcche \u00fcber Ihre Lieblings-Leseecke bis in den Garten mitnehmen.\" \/>\n<meta property=\"og:url\" content=\"https:\/\/ekkla.ch\/de\/produit\/kabellose-tischleuchte-led-grau-normann-copenhagen\/\" \/>\n<meta property=\"og:site_name\" content=\"Ekkla\" \/>\n<meta property=\"article:modified_time\" content=\"2023-06-13T08:39:36+00:00\" \/>\n<meta property=\"og:image\" content=\"https:\/\/ekkla.ch\/wp-content\/uploads\/2023\/04\/ekkla-light_0003_510112_Porta_Table_Lamp_Grey_01.jpg\" \/>\n\t<meta property=\"og:image:width\" content=\"900\" \/>\n\t<meta property=\"og:image:height\" content=\"900\" \/>\n\t<meta property=\"og:image:type\" content=\"image\/jpeg\" \/>\n<meta name=\"twitter:card\" content=\"summary_large_image\" \/>\n<meta name=\"twitter:label1\" content=\"Gesch\u00e4tzte Lesezeit\" \/>\n\t<meta name=\"twitter:data1\" content=\"1\u00a0Minute\" \/>\n<script type=\"application\/ld+json\" class=\"yoast-schema-graph\">{\"@context\":\"https:\/\/schema.org\",\"@graph\":[{\"@type\":\"WebPage\",\"@id\":\"https:\/\/ekkla.ch\/de\/produit\/kabellose-tischleuchte-led-grau-normann-copenhagen\/\",\"url\":\"https:\/\/ekkla.ch\/de\/produit\/kabellose-tischleuchte-led-grau-normann-copenhagen\/\",\"name\":\"Normann Copenhagen | Tischleuchte Porta | Plastik | Ekkla\",\"isPartOf\":{\"@id\":\"https:\/\/ekkla.ch\/#website\"},\"primaryImageOfPage\":{\"@id\":\"https:\/\/ekkla.ch\/de\/produit\/kabellose-tischleuchte-led-grau-normann-copenhagen\/#primaryimage\"},\"image\":{\"@id\":\"https:\/\/ekkla.ch\/de\/produit\/kabellose-tischleuchte-led-grau-normann-copenhagen\/#primaryimage\"},\"thumbnailUrl\":\"https:\/\/ekkla.ch\/wp-content\/uploads\/2023\/04\/ekkla-light_0003_510112_Porta_Table_Lamp_Grey_01.jpg\",\"datePublished\":\"2023-04-06T13:47:33+00:00\",\"dateModified\":\"2023-06-13T08:39:36+00:00\",\"description\":\"Dank des leichten, kabellosen Designs k\u00f6nnen Sie die Leuchte von der K\u00fcche \u00fcber Ihre Lieblings-Leseecke bis in den Garten mitnehmen.\",\"breadcrumb\":{\"@id\":\"https:\/\/ekkla.ch\/de\/produit\/kabellose-tischleuchte-led-grau-normann-copenhagen\/#breadcrumb\"},\"inLanguage\":\"de\",\"potentialAction\":[{\"@type\":\"ReadAction\",\"target\":[\"https:\/\/ekkla.ch\/de\/produit\/kabellose-tischleuchte-led-grau-normann-copenhagen\/\"]}]},{\"@type\":\"ImageObject\",\"inLanguage\":\"de\",\"@id\":\"https:\/\/ekkla.ch\/de\/produit\/kabellose-tischleuchte-led-grau-normann-copenhagen\/#primaryimage\",\"url\":\"https:\/\/ekkla.ch\/wp-content\/uploads\/2023\/04\/ekkla-light_0003_510112_Porta_Table_Lamp_Grey_01.jpg\",\"contentUrl\":\"https:\/\/ekkla.ch\/wp-content\/uploads\/2023\/04\/ekkla-light_0003_510112_Porta_Table_Lamp_Grey_01.jpg\",\"width\":900,\"height\":900},{\"@type\":\"BreadcrumbList\",\"@id\":\"https:\/\/ekkla.ch\/de\/produit\/kabellose-tischleuchte-led-grau-normann-copenhagen\/#breadcrumb\",\"itemListElement\":[{\"@type\":\"ListItem\",\"position\":1,\"name\":\"Home\",\"item\":\"https:\/\/ekkla.ch\/de\/\"},{\"@type\":\"ListItem\",\"position\":2,\"name\":\"Shop\",\"item\":\"https:\/\/ekkla.ch\/de\/shop\/\"},{\"@type\":\"ListItem\",\"position\":3,\"name\":\"Kabellose Tischleuchte &#8211; LED &#8211; Grau &#8211; Normann Copenhagen\"}]},{\"@type\":\"WebSite\",\"@id\":\"https:\/\/ekkla.ch\/#website\",\"url\":\"https:\/\/ekkla.ch\/\",\"name\":\"Ekkla\",\"description\":\"Der Onlineshop f\u00fcr Beleuchtung\",\"publisher\":{\"@id\":\"https:\/\/ekkla.ch\/#organization\"},\"potentialAction\":[{\"@type\":\"SearchAction\",\"target\":{\"@type\":\"EntryPoint\",\"urlTemplate\":\"https:\/\/ekkla.ch\/?s={search_term_string}\"},\"query-input\":\"required name=search_term_string\"}],\"inLanguage\":\"de\"},{\"@type\":\"Organization\",\"@id\":\"https:\/\/ekkla.ch\/#organization\",\"name\":\"Ekkla\",\"url\":\"https:\/\/ekkla.ch\/\",\"logo\":{\"@type\":\"ImageObject\",\"inLanguage\":\"de\",\"@id\":\"https:\/\/ekkla.ch\/#\/schema\/logo\/image\/\",\"url\":\"http:\/\/ekkla.ch\/wp-content\/uploads\/2019\/07\/logo-1.svg\",\"contentUrl\":\"http:\/\/ekkla.ch\/wp-content\/uploads\/2019\/07\/logo-1.svg\",\"width\":1,\"height\":1,\"caption\":\"Ekkla\"},\"image\":{\"@id\":\"https:\/\/ekkla.ch\/#\/schema\/logo\/image\/\"},\"sameAs\":[\"https:\/\/www.instagram.com\/ekkla_light\/\"]}]}<\/script>\n<!-- \/ Yoast SEO Premium plugin. -->","yoast_head_json":{"title":"Normann Copenhagen | Tischleuchte Porta | Plastik | Ekkla","description":"Dank des leichten, kabellosen Designs k\u00f6nnen Sie die Leuchte von der K\u00fcche \u00fcber Ihre Lieblings-Leseecke bis in den Garten mitnehmen.","robots":{"index":"index","follow":"follow","max-snippet":"max-snippet:-1","max-image-preview":"max-image-preview:large","max-video-preview":"max-video-preview:-1"},"canonical":"https:\/\/ekkla.ch\/de\/produit\/kabellose-tischleuchte-led-grau-normann-copenhagen\/","og_locale":"de_DE","og_type":"article","og_title":"Kabellose Tischleuchte - LED - Grau - Normann Copenhagen","og_description":"Dank des leichten, kabellosen Designs k\u00f6nnen Sie die Leuchte von der K\u00fcche \u00fcber Ihre Lieblings-Leseecke bis in den Garten mitnehmen.","og_url":"https:\/\/ekkla.ch\/de\/produit\/kabellose-tischleuchte-led-grau-normann-copenhagen\/","og_site_name":"Ekkla","article_modified_time":"2023-06-13T08:39:36+00:00","og_image":[{"width":900,"height":900,"url":"https:\/\/ekkla.ch\/wp-content\/uploads\/2023\/04\/ekkla-light_0003_510112_Porta_Table_Lamp_Grey_01.jpg","type":"image\/jpeg"}],"twitter_card":"summary_large_image","twitter_misc":{"Gesch\u00e4tzte Lesezeit":"1\u00a0Minute"},"schema":{"@context":"https:\/\/schema.org","@graph":[{"@type":"WebPage","@id":"https:\/\/ekkla.ch\/de\/produit\/kabellose-tischleuchte-led-grau-normann-copenhagen\/","url":"https:\/\/ekkla.ch\/de\/produit\/kabellose-tischleuchte-led-grau-normann-copenhagen\/","name":"Normann Copenhagen | Tischleuchte Porta | Plastik | Ekkla","isPartOf":{"@id":"https:\/\/ekkla.ch\/#website"},"primaryImageOfPage":{"@id":"https:\/\/ekkla.ch\/de\/produit\/kabellose-tischleuchte-led-grau-normann-copenhagen\/#primaryimage"},"image":{"@id":"https:\/\/ekkla.ch\/de\/produit\/kabellose-tischleuchte-led-grau-normann-copenhagen\/#primaryimage"},"thumbnailUrl":"https:\/\/ekkla.ch\/wp-content\/uploads\/2023\/04\/ekkla-light_0003_510112_Porta_Table_Lamp_Grey_01.jpg","datePublished":"2023-04-06T13:47:33+00:00","dateModified":"2023-06-13T08:39:36+00:00","description":"Dank des leichten, kabellosen Designs k\u00f6nnen Sie die Leuchte von der K\u00fcche \u00fcber Ihre Lieblings-Leseecke bis in den Garten mitnehmen.","breadcrumb":{"@id":"https:\/\/ekkla.ch\/de\/produit\/kabellose-tischleuchte-led-grau-normann-copenhagen\/#breadcrumb"},"inLanguage":"de","potentialAction":[{"@type":"ReadAction","target":["https:\/\/ekkla.ch\/de\/produit\/kabellose-tischleuchte-led-grau-normann-copenhagen\/"]}]},{"@type":"ImageObject","inLanguage":"de","@id":"https:\/\/ekkla.ch\/de\/produit\/kabellose-tischleuchte-led-grau-normann-copenhagen\/#primaryimage","url":"https:\/\/ekkla.ch\/wp-content\/uploads\/2023\/04\/ekkla-light_0003_510112_Porta_Table_Lamp_Grey_01.jpg","contentUrl":"https:\/\/ekkla.ch\/wp-content\/uploads\/2023\/04\/ekkla-light_0003_510112_Porta_Table_Lamp_Grey_01.jpg","width":900,"height":900},{"@type":"BreadcrumbList","@id":"https:\/\/ekkla.ch\/de\/produit\/kabellose-tischleuchte-led-grau-normann-copenhagen\/#breadcrumb","itemListElement":[{"@type":"ListItem","position":1,"name":"Home","item":"https:\/\/ekkla.ch\/de\/"},{"@type":"ListItem","position":2,"name":"Shop","item":"https:\/\/ekkla.ch\/de\/shop\/"},{"@type":"ListItem","position":3,"name":"Kabellose Tischleuchte &#8211; LED &#8211; Grau &#8211; Normann Copenhagen"}]},{"@type":"WebSite","@id":"https:\/\/ekkla.ch\/#website","url":"https:\/\/ekkla.ch\/","name":"Ekkla","description":"Der Onlineshop f\u00fcr Beleuchtung","publisher":{"@id":"https:\/\/ekkla.ch\/#organization"},"potentialAction":[{"@type":"SearchAction","target":{"@type":"EntryPoint","urlTemplate":"https:\/\/ekkla.ch\/?s={search_term_string}"},"query-input":"required name=search_term_string"}],"inLanguage":"de"},{"@type":"Organization","@id":"https:\/\/ekkla.ch\/#organization","name":"Ekkla","url":"https:\/\/ekkla.ch\/","logo":{"@type":"ImageObject","inLanguage":"de","@id":"https:\/\/ekkla.ch\/#\/schema\/logo\/image\/","url":"http:\/\/ekkla.ch\/wp-content\/uploads\/2019\/07\/logo-1.svg","contentUrl":"http:\/\/ekkla.ch\/wp-content\/uploads\/2019\/07\/logo-1.svg","width":1,"height":1,"caption":"Ekkla"},"image":{"@id":"https:\/\/ekkla.ch\/#\/schema\/logo\/image\/"},"sameAs":["https:\/\/www.instagram.com\/ekkla_light\/"]}]}},"_links":{"self":[{"href":"https:\/\/ekkla.ch\/de\/wp-json\/wp\/v2\/product\/174712"}],"collection":[{"href":"https:\/\/ekkla.ch\/de\/wp-json\/wp\/v2\/product"}],"about":[{"href":"https:\/\/ekkla.ch\/de\/wp-json\/wp\/v2\/types\/product"}],"wp:featuredmedia":[{"embeddable":true,"href":"https:\/\/ekkla.ch\/de\/wp-json\/wp\/v2\/media\/174013"}],"wp:attachment":[{"href":"https:\/\/ekkla.ch\/de\/wp-json\/wp\/v2\/media?parent=174712"}],"wp:term":[{"taxonomy":"product_cat","embeddable":true,"href":"https:\/\/ekkla.ch\/de\/wp-json\/wp\/v2\/product_cat?post=174712"},{"taxonomy":"product_tag","embeddable":true,"href":"https:\/\/ekkla.ch\/de\/wp-json\/wp\/v2\/product_tag?post=174712"}],"curies":[{"name":"wp","href":"https:\/\/api.w.org\/{rel}","templated":true}]}}