{"id":174748,"date":"2023-04-28T13:22:02","date_gmt":"2023-04-28T11:22:02","guid":{"rendered":"https:\/\/ekkla.ch\/produit\/tischleuchte-neotenic-small-kirsche-led-petite-friture\/"},"modified":"2023-05-02T09:33:24","modified_gmt":"2023-05-02T07:33:24","slug":"tischleuchte-neotenic-small-kirsche-led-petite-friture","status":"publish","type":"product","link":"https:\/\/ekkla.ch\/de\/produit\/tischleuchte-neotenic-small-kirsche-led-petite-friture\/","title":{"rendered":"Tischleuchte Neotenic Small Kirsche &#8211; LED &#8211; Petite Friture"},"content":{"rendered":"<p>Neotenic ist eine Tischleuchtenkollektion, die aus der Zusammenarbeit zwischen Petite Friture und dem Studio Jumbo entstanden ist. Inspiriert von der beruhigenden \u00c4sthetik der Kindheit, ist Neotenic eine Kollektion mit grossz\u00fcgigen und organischen Formen. Ihre Form erinnert an die der Cavatappi-Pasta. Die Farben Grillotte, Zinnoberrot und Vanille, die f\u00fcr die Welt von Petite Friture typisch sind, suggerieren das regressive Bild von Auberginen und Tomatensauce. Als poppige und skulpturale Lampe ist Neotenic auch eine technische Tischleuchte. Die Lichtqualit\u00e4t ist angenehm, gleichm\u00e4ssig und kraftvoll zugleich. Der Sockel der Lampe wird von Keramikern in Portugal hergestellt. Die Kr\u00fcmmung des Sockels erfordert eine sorgf\u00e4ltige, manuelle Nachbearbeitung vor und ein Trocknen entgegen der Schwerkraft. Die Farbe wird in einem einzigen Arbeitsgang aufgetragen.<\/p>\n<p>Das von Am\u00e9lie du Passage gegr\u00fcndete Unternehmen Petite Friture entwirft einzigartige und engagierte M\u00f6belkollektionen. Am Anfang jedes Projekts steht eine intuitive und optimistische Begegnung zwischen Herausgebern, aufstrebenden oder anerkannten Designern und anspruchsvollen Herstellern. Ihr Ziel ist es, Emotionen und Schwingungen zu wecken, die \u00fcber die Zeit und die R\u00e4ume hinweg anhalten. Aus dieser kollektiven Emulsion entsteht ein Elan, eine Lust, gemeinsam ein aufrichtiges Projekt zu tragen. Durch die Aufrichtigkeit seiner Verpflichtungen ist Petite Friture bestrebt, sich auf der Grundlage von Transparenz, Respekt und Dialog dauerhaft weiterzuentwickeln. Petite Friture ist mehr als ein Verlag, es ist eine Geisteshaltung, die auf Vertrauen und Grossz\u00fcgigkeit beruht. Seine Ambition: Das Gute aus dem Sch\u00f6nen hervorbringen, heute und f\u00fcr lange Zeit.<\/p>\n<blockquote>\n<h2 style=\"text-align: left;\">Merkmale &amp; Eigenschaften<\/h2>\n<p><strong>Marke<\/strong> Petite Friture<\/p>\n<p><strong>Farbe<\/strong> Kirsche<\/p>\n<p><strong>Materialien<\/strong> Keramik, Glas<\/p>\n<p><strong>L\u00e4nge (cm)<\/strong> 18<\/p>\n<p><strong>H\u00f6he (cm)<\/strong> 26<\/p>\n<p><strong>Lichtstrom (lm)<\/strong> Input 350\/ Output 250<\/p>\n<p><strong>Gewicht (kg)<\/strong> 1,6<\/p><\/blockquote>\n","protected":false},"excerpt":{"rendered":"<p>Neotenic ist eine Tischleuchtenkollektion, die aus der Zusammenarbeit zwischen Petite Friture und dem Studio Jumbo entstanden ist. Inspiriert von der beruhigenden \u00c4sthetik der Kindheit, ist Neotenic eine Kollektion mit grossz\u00fcgigen und organischen Formen. Ihre Form erinnert an die der Cavatappi-Pasta. Die Farben Grillotte, Zinnoberrot und Vanille, die f\u00fcr die Welt von Petite Friture typisch sind, [&hellip;]<\/p>\n","protected":false},"featured_media":175236,"template":"","meta":{"_acf_changed":false,"om_disable_all_campaigns":false},"product_cat":[290],"product_tag":[1254,1265,801,934],"bundled_by":[],"bundle_stock_status":"onbackorder","bundle_stock_quantity":null,"bundle_virtual":false,"bundle_layout":"","bundle_add_to_cart_form_location":"","bundle_editable_in_cart":false,"bundle_sold_individually_context":"","bundle_item_grouping":"","bundle_min_size":"","bundle_max_size":"","bundle_price":[],"bundled_items":[],"bundle_sell_ids":[],"acf":[],"yoast_head":"<!-- This site is optimized with the Yoast SEO Premium plugin v22.2 (Yoast SEO v22.8) - https:\/\/yoast.com\/wordpress\/plugins\/seo\/ -->\n<title>Tischleuchte Neotenic Small Kirsche | Petite Friture | Ekkla<\/title>\n<meta name=\"description\" content=\"Die Tischleuchte Neotenic Small Kirsche ist ideal, um jeden Raum in Ihrem Haus zu beleuchten. Eine warme Atmosph\u00e4re ist garantiert.\" \/>\n<meta name=\"robots\" content=\"index, follow, max-snippet:-1, max-image-preview:large, max-video-preview:-1\" \/>\n<link rel=\"canonical\" href=\"https:\/\/ekkla.ch\/de\/produit\/tischleuchte-neotenic-small-kirsche-led-petite-friture\/\" \/>\n<meta property=\"og:locale\" content=\"de_DE\" \/>\n<meta property=\"og:type\" content=\"article\" \/>\n<meta property=\"og:title\" content=\"Tischleuchte Neotenic Small Kirsche - LED - Petite Friture\" \/>\n<meta property=\"og:description\" content=\"Die Tischleuchte Neotenic Small Kirsche ist ideal, um jeden Raum in Ihrem Haus zu beleuchten. Eine warme Atmosph\u00e4re ist garantiert.\" \/>\n<meta property=\"og:url\" content=\"https:\/\/ekkla.ch\/de\/produit\/tischleuchte-neotenic-small-kirsche-led-petite-friture\/\" \/>\n<meta property=\"og:site_name\" content=\"Ekkla\" \/>\n<meta property=\"article:modified_time\" content=\"2023-05-02T07:33:24+00:00\" \/>\n<meta property=\"og:image\" content=\"https:\/\/ekkla.ch\/wp-content\/uploads\/2023\/04\/ekkla-light-petite-friture_0016_L0880102_NEOTENIC_H26_cherry_2_RVB.jpg\" \/>\n\t<meta property=\"og:image:width\" content=\"900\" \/>\n\t<meta property=\"og:image:height\" content=\"900\" \/>\n\t<meta property=\"og:image:type\" content=\"image\/jpeg\" \/>\n<meta name=\"twitter:card\" content=\"summary_large_image\" \/>\n<meta name=\"twitter:label1\" content=\"Gesch\u00e4tzte Lesezeit\" \/>\n\t<meta name=\"twitter:data1\" content=\"1\u00a0Minute\" \/>\n<script type=\"application\/ld+json\" class=\"yoast-schema-graph\">{\"@context\":\"https:\/\/schema.org\",\"@graph\":[{\"@type\":\"WebPage\",\"@id\":\"https:\/\/ekkla.ch\/de\/produit\/tischleuchte-neotenic-small-kirsche-led-petite-friture\/\",\"url\":\"https:\/\/ekkla.ch\/de\/produit\/tischleuchte-neotenic-small-kirsche-led-petite-friture\/\",\"name\":\"Tischleuchte Neotenic Small Kirsche | Petite Friture | Ekkla\",\"isPartOf\":{\"@id\":\"https:\/\/ekkla.ch\/#website\"},\"primaryImageOfPage\":{\"@id\":\"https:\/\/ekkla.ch\/de\/produit\/tischleuchte-neotenic-small-kirsche-led-petite-friture\/#primaryimage\"},\"image\":{\"@id\":\"https:\/\/ekkla.ch\/de\/produit\/tischleuchte-neotenic-small-kirsche-led-petite-friture\/#primaryimage\"},\"thumbnailUrl\":\"https:\/\/ekkla.ch\/wp-content\/uploads\/2023\/04\/ekkla-light-petite-friture_0016_L0880102_NEOTENIC_H26_cherry_2_RVB.jpg\",\"datePublished\":\"2023-04-28T11:22:02+00:00\",\"dateModified\":\"2023-05-02T07:33:24+00:00\",\"description\":\"Die Tischleuchte Neotenic Small Kirsche ist ideal, um jeden Raum in Ihrem Haus zu beleuchten. Eine warme Atmosph\u00e4re ist garantiert.\",\"breadcrumb\":{\"@id\":\"https:\/\/ekkla.ch\/de\/produit\/tischleuchte-neotenic-small-kirsche-led-petite-friture\/#breadcrumb\"},\"inLanguage\":\"de\",\"potentialAction\":[{\"@type\":\"ReadAction\",\"target\":[\"https:\/\/ekkla.ch\/de\/produit\/tischleuchte-neotenic-small-kirsche-led-petite-friture\/\"]}]},{\"@type\":\"ImageObject\",\"inLanguage\":\"de\",\"@id\":\"https:\/\/ekkla.ch\/de\/produit\/tischleuchte-neotenic-small-kirsche-led-petite-friture\/#primaryimage\",\"url\":\"https:\/\/ekkla.ch\/wp-content\/uploads\/2023\/04\/ekkla-light-petite-friture_0016_L0880102_NEOTENIC_H26_cherry_2_RVB.jpg\",\"contentUrl\":\"https:\/\/ekkla.ch\/wp-content\/uploads\/2023\/04\/ekkla-light-petite-friture_0016_L0880102_NEOTENIC_H26_cherry_2_RVB.jpg\",\"width\":900,\"height\":900},{\"@type\":\"BreadcrumbList\",\"@id\":\"https:\/\/ekkla.ch\/de\/produit\/tischleuchte-neotenic-small-kirsche-led-petite-friture\/#breadcrumb\",\"itemListElement\":[{\"@type\":\"ListItem\",\"position\":1,\"name\":\"Home\",\"item\":\"https:\/\/ekkla.ch\/de\/\"},{\"@type\":\"ListItem\",\"position\":2,\"name\":\"Shop\",\"item\":\"https:\/\/ekkla.ch\/de\/shop\/\"},{\"@type\":\"ListItem\",\"position\":3,\"name\":\"Tischleuchte Neotenic Small Kirsche &#8211; LED &#8211; Petite Friture\"}]},{\"@type\":\"WebSite\",\"@id\":\"https:\/\/ekkla.ch\/#website\",\"url\":\"https:\/\/ekkla.ch\/\",\"name\":\"Ekkla\",\"description\":\"Der Onlineshop f\u00fcr Beleuchtung\",\"publisher\":{\"@id\":\"https:\/\/ekkla.ch\/#organization\"},\"potentialAction\":[{\"@type\":\"SearchAction\",\"target\":{\"@type\":\"EntryPoint\",\"urlTemplate\":\"https:\/\/ekkla.ch\/?s={search_term_string}\"},\"query-input\":\"required name=search_term_string\"}],\"inLanguage\":\"de\"},{\"@type\":\"Organization\",\"@id\":\"https:\/\/ekkla.ch\/#organization\",\"name\":\"Ekkla\",\"url\":\"https:\/\/ekkla.ch\/\",\"logo\":{\"@type\":\"ImageObject\",\"inLanguage\":\"de\",\"@id\":\"https:\/\/ekkla.ch\/#\/schema\/logo\/image\/\",\"url\":\"http:\/\/ekkla.ch\/wp-content\/uploads\/2019\/07\/logo-1.svg\",\"contentUrl\":\"http:\/\/ekkla.ch\/wp-content\/uploads\/2019\/07\/logo-1.svg\",\"width\":1,\"height\":1,\"caption\":\"Ekkla\"},\"image\":{\"@id\":\"https:\/\/ekkla.ch\/#\/schema\/logo\/image\/\"},\"sameAs\":[\"https:\/\/www.instagram.com\/ekkla_light\/\"]}]}<\/script>\n<!-- \/ Yoast SEO Premium plugin. -->","yoast_head_json":{"title":"Tischleuchte Neotenic Small Kirsche | Petite Friture | Ekkla","description":"Die Tischleuchte Neotenic Small Kirsche ist ideal, um jeden Raum in Ihrem Haus zu beleuchten. Eine warme Atmosph\u00e4re ist garantiert.","robots":{"index":"index","follow":"follow","max-snippet":"max-snippet:-1","max-image-preview":"max-image-preview:large","max-video-preview":"max-video-preview:-1"},"canonical":"https:\/\/ekkla.ch\/de\/produit\/tischleuchte-neotenic-small-kirsche-led-petite-friture\/","og_locale":"de_DE","og_type":"article","og_title":"Tischleuchte Neotenic Small Kirsche - LED - Petite Friture","og_description":"Die Tischleuchte Neotenic Small Kirsche ist ideal, um jeden Raum in Ihrem Haus zu beleuchten. Eine warme Atmosph\u00e4re ist garantiert.","og_url":"https:\/\/ekkla.ch\/de\/produit\/tischleuchte-neotenic-small-kirsche-led-petite-friture\/","og_site_name":"Ekkla","article_modified_time":"2023-05-02T07:33:24+00:00","og_image":[{"width":900,"height":900,"url":"https:\/\/ekkla.ch\/wp-content\/uploads\/2023\/04\/ekkla-light-petite-friture_0016_L0880102_NEOTENIC_H26_cherry_2_RVB.jpg","type":"image\/jpeg"}],"twitter_card":"summary_large_image","twitter_misc":{"Gesch\u00e4tzte Lesezeit":"1\u00a0Minute"},"schema":{"@context":"https:\/\/schema.org","@graph":[{"@type":"WebPage","@id":"https:\/\/ekkla.ch\/de\/produit\/tischleuchte-neotenic-small-kirsche-led-petite-friture\/","url":"https:\/\/ekkla.ch\/de\/produit\/tischleuchte-neotenic-small-kirsche-led-petite-friture\/","name":"Tischleuchte Neotenic Small Kirsche | Petite Friture | Ekkla","isPartOf":{"@id":"https:\/\/ekkla.ch\/#website"},"primaryImageOfPage":{"@id":"https:\/\/ekkla.ch\/de\/produit\/tischleuchte-neotenic-small-kirsche-led-petite-friture\/#primaryimage"},"image":{"@id":"https:\/\/ekkla.ch\/de\/produit\/tischleuchte-neotenic-small-kirsche-led-petite-friture\/#primaryimage"},"thumbnailUrl":"https:\/\/ekkla.ch\/wp-content\/uploads\/2023\/04\/ekkla-light-petite-friture_0016_L0880102_NEOTENIC_H26_cherry_2_RVB.jpg","datePublished":"2023-04-28T11:22:02+00:00","dateModified":"2023-05-02T07:33:24+00:00","description":"Die Tischleuchte Neotenic Small Kirsche ist ideal, um jeden Raum in Ihrem Haus zu beleuchten. Eine warme Atmosph\u00e4re ist garantiert.","breadcrumb":{"@id":"https:\/\/ekkla.ch\/de\/produit\/tischleuchte-neotenic-small-kirsche-led-petite-friture\/#breadcrumb"},"inLanguage":"de","potentialAction":[{"@type":"ReadAction","target":["https:\/\/ekkla.ch\/de\/produit\/tischleuchte-neotenic-small-kirsche-led-petite-friture\/"]}]},{"@type":"ImageObject","inLanguage":"de","@id":"https:\/\/ekkla.ch\/de\/produit\/tischleuchte-neotenic-small-kirsche-led-petite-friture\/#primaryimage","url":"https:\/\/ekkla.ch\/wp-content\/uploads\/2023\/04\/ekkla-light-petite-friture_0016_L0880102_NEOTENIC_H26_cherry_2_RVB.jpg","contentUrl":"https:\/\/ekkla.ch\/wp-content\/uploads\/2023\/04\/ekkla-light-petite-friture_0016_L0880102_NEOTENIC_H26_cherry_2_RVB.jpg","width":900,"height":900},{"@type":"BreadcrumbList","@id":"https:\/\/ekkla.ch\/de\/produit\/tischleuchte-neotenic-small-kirsche-led-petite-friture\/#breadcrumb","itemListElement":[{"@type":"ListItem","position":1,"name":"Home","item":"https:\/\/ekkla.ch\/de\/"},{"@type":"ListItem","position":2,"name":"Shop","item":"https:\/\/ekkla.ch\/de\/shop\/"},{"@type":"ListItem","position":3,"name":"Tischleuchte Neotenic Small Kirsche &#8211; LED &#8211; Petite Friture"}]},{"@type":"WebSite","@id":"https:\/\/ekkla.ch\/#website","url":"https:\/\/ekkla.ch\/","name":"Ekkla","description":"Der Onlineshop f\u00fcr Beleuchtung","publisher":{"@id":"https:\/\/ekkla.ch\/#organization"},"potentialAction":[{"@type":"SearchAction","target":{"@type":"EntryPoint","urlTemplate":"https:\/\/ekkla.ch\/?s={search_term_string}"},"query-input":"required name=search_term_string"}],"inLanguage":"de"},{"@type":"Organization","@id":"https:\/\/ekkla.ch\/#organization","name":"Ekkla","url":"https:\/\/ekkla.ch\/","logo":{"@type":"ImageObject","inLanguage":"de","@id":"https:\/\/ekkla.ch\/#\/schema\/logo\/image\/","url":"http:\/\/ekkla.ch\/wp-content\/uploads\/2019\/07\/logo-1.svg","contentUrl":"http:\/\/ekkla.ch\/wp-content\/uploads\/2019\/07\/logo-1.svg","width":1,"height":1,"caption":"Ekkla"},"image":{"@id":"https:\/\/ekkla.ch\/#\/schema\/logo\/image\/"},"sameAs":["https:\/\/www.instagram.com\/ekkla_light\/"]}]}},"_links":{"self":[{"href":"https:\/\/ekkla.ch\/de\/wp-json\/wp\/v2\/product\/174748"}],"collection":[{"href":"https:\/\/ekkla.ch\/de\/wp-json\/wp\/v2\/product"}],"about":[{"href":"https:\/\/ekkla.ch\/de\/wp-json\/wp\/v2\/types\/product"}],"wp:featuredmedia":[{"embeddable":true,"href":"https:\/\/ekkla.ch\/de\/wp-json\/wp\/v2\/media\/175236"}],"wp:attachment":[{"href":"https:\/\/ekkla.ch\/de\/wp-json\/wp\/v2\/media?parent=174748"}],"wp:term":[{"taxonomy":"product_cat","embeddable":true,"href":"https:\/\/ekkla.ch\/de\/wp-json\/wp\/v2\/product_cat?post=174748"},{"taxonomy":"product_tag","embeddable":true,"href":"https:\/\/ekkla.ch\/de\/wp-json\/wp\/v2\/product_tag?post=174748"}],"curies":[{"name":"wp","href":"https:\/\/api.w.org\/{rel}","templated":true}]}}