{"id":174796,"date":"2023-04-28T17:00:13","date_gmt":"2023-04-28T15:00:13","guid":{"rendered":"https:\/\/ekkla.ch\/produit\/hangeleuchte-cherry-xs-h-17-cm-weiss-petite-friture\/"},"modified":"2023-05-02T11:17:12","modified_gmt":"2023-05-02T09:17:12","slug":"hangeleuchte-cherry-xs-h-17-cm-weiss-petite-friture","status":"publish","type":"product","link":"https:\/\/ekkla.ch\/de\/produit\/hangeleuchte-cherry-xs-h-17-cm-weiss-petite-friture\/","title":{"rendered":"H\u00e4ngeleuchte Cherry XS H.17 cm Weiss &#8211; Petite Friture"},"content":{"rendered":"<p>Das australische Designerduo Daniel und Emma entwarf Cherry, eine einfache und minimale Design-H\u00e4ngeleuchte: ein Aluminiumkegel, der von einer Kugel untermontiert wird. Dieses Ensemble schafft es, ein subtiles Lichtverh\u00e4ltnis zwischen dem Diffusor und der Kugel mit ihrer spiegelnden Oberfl\u00e4che herzustellen. Die Cherry-H\u00e4ngeleuchten sind eine Anspielung auf unsere Kinderseele: auf die Radiergummis, die wir sammelten, und am deutlichsten auf die Eist\u00fcte mit der Kirsche oben drauf, die wir so sehr liebten.<\/p>\n<p>Diese Design-H\u00e4ngeleuchte geht mit der Zeit, denn sie ist nachhaltig. Die Materialien stammen aus franz\u00f6sischer Herstellung. Es handelt sich um eine Kollektion mit kurzen Wegen, die das lokale Know-how aufwertet. Ausgestattet mit einem LED-System ist ihre Lichtausbeute viel h\u00f6her als die anderer Beleuchtungsarten, Halogen- oder Kompaktleuchtstofflampen, und sie verbraucht weniger Energie als andere Technologien.<\/p>\n<p>Das von Am\u00e9lie du Passage gegr\u00fcndete Unternehmen Petite Friture entwirft einzigartige und engagierte M\u00f6belkollektionen. Am Anfang jedes Projekts steht eine intuitive und optimistische Begegnung zwischen Herausgebern, aufstrebenden oder anerkannten Designern und anspruchsvollen Herstellern. Ihr Ziel ist es, Emotionen und Schwingungen zu wecken, die \u00fcber die Zeit und die R\u00e4ume hinweg anhalten. Aus dieser kollektiven Emulsion entsteht ein Elan, eine Lust, gemeinsam ein aufrichtiges Projekt zu tragen. Durch die Aufrichtigkeit seiner Verpflichtungen ist Petite Friture bestrebt, sich auf der Grundlage von Transparenz, Respekt und Dialog dauerhaft weiterzuentwickeln. Petite Friture ist mehr als ein Verlag, es ist eine Geisteshaltung, die auf Vertrauen und Grossz\u00fcgigkeit beruht. Seine Ambition: Das Gute aus dem Sch\u00f6nen hervorbringen, heute und f\u00fcr lange Zeit.<\/p>\n<blockquote>\n<h2 style=\"text-align: left;\">Merkmale &amp; Eigenschaften<\/h2>\n<p><strong>Marke<\/strong> Petite Friture<\/p>\n<p><strong>Farbe<\/strong> Weiss<\/p>\n<p><strong>Materialien<\/strong> Aluminium, Stahl<\/p>\n<p><b>Lichtquelle<\/b> LED dimmbar<\/p>\n<p><strong>Durchmesser (cm)<\/strong> 5,1<\/p>\n<p><strong>H\u00f6he (cm)<\/strong> 17<\/p>\n<p><strong>Breite (cm)<\/strong> 9,3<\/p>\n<p><strong>Kabell\u00e4nge (cm)<\/strong> 300<\/p><\/blockquote>\n","protected":false},"excerpt":{"rendered":"<p>Das australische Designerduo Daniel und Emma entwarf Cherry, eine einfache und minimale Design-H\u00e4ngeleuchte: ein Aluminiumkegel, der von einer Kugel untermontiert wird. Dieses Ensemble schafft es, ein subtiles Lichtverh\u00e4ltnis zwischen dem Diffusor und der Kugel mit ihrer spiegelnden Oberfl\u00e4che herzustellen. Die Cherry-H\u00e4ngeleuchten sind eine Anspielung auf unsere Kinderseele: auf die Radiergummis, die wir sammelten, und am [&hellip;]<\/p>\n","protected":false},"featured_media":175341,"template":"","meta":{"_acf_changed":false,"om_disable_all_campaigns":false},"product_cat":[291],"product_tag":[1254,1265,801,934],"bundled_by":[],"bundle_stock_status":"onbackorder","bundle_stock_quantity":null,"bundle_virtual":false,"bundle_layout":"","bundle_add_to_cart_form_location":"","bundle_editable_in_cart":false,"bundle_sold_individually_context":"","bundle_item_grouping":"","bundle_min_size":"","bundle_max_size":"","bundle_price":[],"bundled_items":[],"bundle_sell_ids":[],"acf":[],"yoast_head":"<!-- This site is optimized with the Yoast SEO Premium plugin v22.2 (Yoast SEO v22.8) - https:\/\/yoast.com\/wordpress\/plugins\/seo\/ -->\n<title>H\u00e4ngeleuchte Cherry XS Weiss | Petite Friture | Designer | Ekkla<\/title>\n<meta name=\"description\" content=\"Die wundersch\u00f6ne weisse H\u00e4ngeleuchte Cherry XS von Petit Friture wird jeden Raum sublimieren. Nachhaltige H\u00e4ngeleuchte. Integrierte LED.\" \/>\n<meta name=\"robots\" content=\"index, follow, max-snippet:-1, max-image-preview:large, max-video-preview:-1\" \/>\n<link rel=\"canonical\" href=\"https:\/\/ekkla.ch\/de\/produit\/hangeleuchte-cherry-xs-h-17-cm-weiss-petite-friture\/\" \/>\n<meta property=\"og:locale\" content=\"de_DE\" \/>\n<meta property=\"og:type\" content=\"article\" \/>\n<meta property=\"og:title\" content=\"H\u00e4ngeleuchte Cherry XS H.17 cm Weiss - Petite Friture\" \/>\n<meta property=\"og:description\" content=\"Die wundersch\u00f6ne weisse H\u00e4ngeleuchte Cherry XS von Petit Friture wird jeden Raum sublimieren. Nachhaltige H\u00e4ngeleuchte. Integrierte LED.\" \/>\n<meta property=\"og:url\" content=\"https:\/\/ekkla.ch\/de\/produit\/hangeleuchte-cherry-xs-h-17-cm-weiss-petite-friture\/\" \/>\n<meta property=\"og:site_name\" content=\"Ekkla\" \/>\n<meta property=\"article:modified_time\" content=\"2023-05-02T09:17:12+00:00\" \/>\n<meta property=\"og:image\" content=\"https:\/\/ekkla.ch\/wp-content\/uploads\/2023\/04\/ekkla-light-petite-friture_0037_L0540502_cherry_pendant_xs_white_\u00a9PF_cut-out_HD.jpg\" \/>\n\t<meta property=\"og:image:width\" content=\"900\" \/>\n\t<meta property=\"og:image:height\" content=\"900\" \/>\n\t<meta property=\"og:image:type\" content=\"image\/jpeg\" \/>\n<meta name=\"twitter:card\" content=\"summary_large_image\" \/>\n<meta name=\"twitter:label1\" content=\"Gesch\u00e4tzte Lesezeit\" \/>\n\t<meta name=\"twitter:data1\" content=\"1\u00a0Minute\" \/>\n<script type=\"application\/ld+json\" class=\"yoast-schema-graph\">{\"@context\":\"https:\/\/schema.org\",\"@graph\":[{\"@type\":\"WebPage\",\"@id\":\"https:\/\/ekkla.ch\/de\/produit\/hangeleuchte-cherry-xs-h-17-cm-weiss-petite-friture\/\",\"url\":\"https:\/\/ekkla.ch\/de\/produit\/hangeleuchte-cherry-xs-h-17-cm-weiss-petite-friture\/\",\"name\":\"H\u00e4ngeleuchte Cherry XS Weiss | Petite Friture | Designer | Ekkla\",\"isPartOf\":{\"@id\":\"https:\/\/ekkla.ch\/#website\"},\"primaryImageOfPage\":{\"@id\":\"https:\/\/ekkla.ch\/de\/produit\/hangeleuchte-cherry-xs-h-17-cm-weiss-petite-friture\/#primaryimage\"},\"image\":{\"@id\":\"https:\/\/ekkla.ch\/de\/produit\/hangeleuchte-cherry-xs-h-17-cm-weiss-petite-friture\/#primaryimage\"},\"thumbnailUrl\":\"https:\/\/ekkla.ch\/wp-content\/uploads\/2023\/04\/ekkla-light-petite-friture_0037_L0540502_cherry_pendant_xs_white_\u00a9PF_cut-out_HD.jpg\",\"datePublished\":\"2023-04-28T15:00:13+00:00\",\"dateModified\":\"2023-05-02T09:17:12+00:00\",\"description\":\"Die wundersch\u00f6ne weisse H\u00e4ngeleuchte Cherry XS von Petit Friture wird jeden Raum sublimieren. Nachhaltige H\u00e4ngeleuchte. Integrierte LED.\",\"breadcrumb\":{\"@id\":\"https:\/\/ekkla.ch\/de\/produit\/hangeleuchte-cherry-xs-h-17-cm-weiss-petite-friture\/#breadcrumb\"},\"inLanguage\":\"de\",\"potentialAction\":[{\"@type\":\"ReadAction\",\"target\":[\"https:\/\/ekkla.ch\/de\/produit\/hangeleuchte-cherry-xs-h-17-cm-weiss-petite-friture\/\"]}]},{\"@type\":\"ImageObject\",\"inLanguage\":\"de\",\"@id\":\"https:\/\/ekkla.ch\/de\/produit\/hangeleuchte-cherry-xs-h-17-cm-weiss-petite-friture\/#primaryimage\",\"url\":\"https:\/\/ekkla.ch\/wp-content\/uploads\/2023\/04\/ekkla-light-petite-friture_0037_L0540502_cherry_pendant_xs_white_\u00a9PF_cut-out_HD.jpg\",\"contentUrl\":\"https:\/\/ekkla.ch\/wp-content\/uploads\/2023\/04\/ekkla-light-petite-friture_0037_L0540502_cherry_pendant_xs_white_\u00a9PF_cut-out_HD.jpg\",\"width\":900,\"height\":900},{\"@type\":\"BreadcrumbList\",\"@id\":\"https:\/\/ekkla.ch\/de\/produit\/hangeleuchte-cherry-xs-h-17-cm-weiss-petite-friture\/#breadcrumb\",\"itemListElement\":[{\"@type\":\"ListItem\",\"position\":1,\"name\":\"Home\",\"item\":\"https:\/\/ekkla.ch\/de\/\"},{\"@type\":\"ListItem\",\"position\":2,\"name\":\"Shop\",\"item\":\"https:\/\/ekkla.ch\/de\/shop\/\"},{\"@type\":\"ListItem\",\"position\":3,\"name\":\"H\u00e4ngeleuchte Cherry XS H.17 cm Weiss &#8211; Petite Friture\"}]},{\"@type\":\"WebSite\",\"@id\":\"https:\/\/ekkla.ch\/#website\",\"url\":\"https:\/\/ekkla.ch\/\",\"name\":\"Ekkla\",\"description\":\"Der Onlineshop f\u00fcr Beleuchtung\",\"publisher\":{\"@id\":\"https:\/\/ekkla.ch\/#organization\"},\"potentialAction\":[{\"@type\":\"SearchAction\",\"target\":{\"@type\":\"EntryPoint\",\"urlTemplate\":\"https:\/\/ekkla.ch\/?s={search_term_string}\"},\"query-input\":\"required name=search_term_string\"}],\"inLanguage\":\"de\"},{\"@type\":\"Organization\",\"@id\":\"https:\/\/ekkla.ch\/#organization\",\"name\":\"Ekkla\",\"url\":\"https:\/\/ekkla.ch\/\",\"logo\":{\"@type\":\"ImageObject\",\"inLanguage\":\"de\",\"@id\":\"https:\/\/ekkla.ch\/#\/schema\/logo\/image\/\",\"url\":\"http:\/\/ekkla.ch\/wp-content\/uploads\/2019\/07\/logo-1.svg\",\"contentUrl\":\"http:\/\/ekkla.ch\/wp-content\/uploads\/2019\/07\/logo-1.svg\",\"width\":1,\"height\":1,\"caption\":\"Ekkla\"},\"image\":{\"@id\":\"https:\/\/ekkla.ch\/#\/schema\/logo\/image\/\"},\"sameAs\":[\"https:\/\/www.instagram.com\/ekkla_light\/\"]}]}<\/script>\n<!-- \/ Yoast SEO Premium plugin. -->","yoast_head_json":{"title":"H\u00e4ngeleuchte Cherry XS Weiss | Petite Friture | Designer | Ekkla","description":"Die wundersch\u00f6ne weisse H\u00e4ngeleuchte Cherry XS von Petit Friture wird jeden Raum sublimieren. Nachhaltige H\u00e4ngeleuchte. Integrierte LED.","robots":{"index":"index","follow":"follow","max-snippet":"max-snippet:-1","max-image-preview":"max-image-preview:large","max-video-preview":"max-video-preview:-1"},"canonical":"https:\/\/ekkla.ch\/de\/produit\/hangeleuchte-cherry-xs-h-17-cm-weiss-petite-friture\/","og_locale":"de_DE","og_type":"article","og_title":"H\u00e4ngeleuchte Cherry XS H.17 cm Weiss - Petite Friture","og_description":"Die wundersch\u00f6ne weisse H\u00e4ngeleuchte Cherry XS von Petit Friture wird jeden Raum sublimieren. Nachhaltige H\u00e4ngeleuchte. Integrierte LED.","og_url":"https:\/\/ekkla.ch\/de\/produit\/hangeleuchte-cherry-xs-h-17-cm-weiss-petite-friture\/","og_site_name":"Ekkla","article_modified_time":"2023-05-02T09:17:12+00:00","og_image":[{"width":900,"height":900,"url":"https:\/\/ekkla.ch\/wp-content\/uploads\/2023\/04\/ekkla-light-petite-friture_0037_L0540502_cherry_pendant_xs_white_\u00a9PF_cut-out_HD.jpg","type":"image\/jpeg"}],"twitter_card":"summary_large_image","twitter_misc":{"Gesch\u00e4tzte Lesezeit":"1\u00a0Minute"},"schema":{"@context":"https:\/\/schema.org","@graph":[{"@type":"WebPage","@id":"https:\/\/ekkla.ch\/de\/produit\/hangeleuchte-cherry-xs-h-17-cm-weiss-petite-friture\/","url":"https:\/\/ekkla.ch\/de\/produit\/hangeleuchte-cherry-xs-h-17-cm-weiss-petite-friture\/","name":"H\u00e4ngeleuchte Cherry XS Weiss | Petite Friture | Designer | Ekkla","isPartOf":{"@id":"https:\/\/ekkla.ch\/#website"},"primaryImageOfPage":{"@id":"https:\/\/ekkla.ch\/de\/produit\/hangeleuchte-cherry-xs-h-17-cm-weiss-petite-friture\/#primaryimage"},"image":{"@id":"https:\/\/ekkla.ch\/de\/produit\/hangeleuchte-cherry-xs-h-17-cm-weiss-petite-friture\/#primaryimage"},"thumbnailUrl":"https:\/\/ekkla.ch\/wp-content\/uploads\/2023\/04\/ekkla-light-petite-friture_0037_L0540502_cherry_pendant_xs_white_\u00a9PF_cut-out_HD.jpg","datePublished":"2023-04-28T15:00:13+00:00","dateModified":"2023-05-02T09:17:12+00:00","description":"Die wundersch\u00f6ne weisse H\u00e4ngeleuchte Cherry XS von Petit Friture wird jeden Raum sublimieren. Nachhaltige H\u00e4ngeleuchte. Integrierte LED.","breadcrumb":{"@id":"https:\/\/ekkla.ch\/de\/produit\/hangeleuchte-cherry-xs-h-17-cm-weiss-petite-friture\/#breadcrumb"},"inLanguage":"de","potentialAction":[{"@type":"ReadAction","target":["https:\/\/ekkla.ch\/de\/produit\/hangeleuchte-cherry-xs-h-17-cm-weiss-petite-friture\/"]}]},{"@type":"ImageObject","inLanguage":"de","@id":"https:\/\/ekkla.ch\/de\/produit\/hangeleuchte-cherry-xs-h-17-cm-weiss-petite-friture\/#primaryimage","url":"https:\/\/ekkla.ch\/wp-content\/uploads\/2023\/04\/ekkla-light-petite-friture_0037_L0540502_cherry_pendant_xs_white_\u00a9PF_cut-out_HD.jpg","contentUrl":"https:\/\/ekkla.ch\/wp-content\/uploads\/2023\/04\/ekkla-light-petite-friture_0037_L0540502_cherry_pendant_xs_white_\u00a9PF_cut-out_HD.jpg","width":900,"height":900},{"@type":"BreadcrumbList","@id":"https:\/\/ekkla.ch\/de\/produit\/hangeleuchte-cherry-xs-h-17-cm-weiss-petite-friture\/#breadcrumb","itemListElement":[{"@type":"ListItem","position":1,"name":"Home","item":"https:\/\/ekkla.ch\/de\/"},{"@type":"ListItem","position":2,"name":"Shop","item":"https:\/\/ekkla.ch\/de\/shop\/"},{"@type":"ListItem","position":3,"name":"H\u00e4ngeleuchte Cherry XS H.17 cm Weiss &#8211; Petite Friture"}]},{"@type":"WebSite","@id":"https:\/\/ekkla.ch\/#website","url":"https:\/\/ekkla.ch\/","name":"Ekkla","description":"Der Onlineshop f\u00fcr Beleuchtung","publisher":{"@id":"https:\/\/ekkla.ch\/#organization"},"potentialAction":[{"@type":"SearchAction","target":{"@type":"EntryPoint","urlTemplate":"https:\/\/ekkla.ch\/?s={search_term_string}"},"query-input":"required name=search_term_string"}],"inLanguage":"de"},{"@type":"Organization","@id":"https:\/\/ekkla.ch\/#organization","name":"Ekkla","url":"https:\/\/ekkla.ch\/","logo":{"@type":"ImageObject","inLanguage":"de","@id":"https:\/\/ekkla.ch\/#\/schema\/logo\/image\/","url":"http:\/\/ekkla.ch\/wp-content\/uploads\/2019\/07\/logo-1.svg","contentUrl":"http:\/\/ekkla.ch\/wp-content\/uploads\/2019\/07\/logo-1.svg","width":1,"height":1,"caption":"Ekkla"},"image":{"@id":"https:\/\/ekkla.ch\/#\/schema\/logo\/image\/"},"sameAs":["https:\/\/www.instagram.com\/ekkla_light\/"]}]}},"_links":{"self":[{"href":"https:\/\/ekkla.ch\/de\/wp-json\/wp\/v2\/product\/174796"}],"collection":[{"href":"https:\/\/ekkla.ch\/de\/wp-json\/wp\/v2\/product"}],"about":[{"href":"https:\/\/ekkla.ch\/de\/wp-json\/wp\/v2\/types\/product"}],"wp:featuredmedia":[{"embeddable":true,"href":"https:\/\/ekkla.ch\/de\/wp-json\/wp\/v2\/media\/175341"}],"wp:attachment":[{"href":"https:\/\/ekkla.ch\/de\/wp-json\/wp\/v2\/media?parent=174796"}],"wp:term":[{"taxonomy":"product_cat","embeddable":true,"href":"https:\/\/ekkla.ch\/de\/wp-json\/wp\/v2\/product_cat?post=174796"},{"taxonomy":"product_tag","embeddable":true,"href":"https:\/\/ekkla.ch\/de\/wp-json\/wp\/v2\/product_tag?post=174796"}],"curies":[{"name":"wp","href":"https:\/\/api.w.org\/{rel}","templated":true}]}}