{"id":174797,"date":"2023-04-28T14:31:11","date_gmt":"2023-04-28T12:31:11","guid":{"rendered":"https:\/\/ekkla.ch\/produit\/tischleuchte-unseen-large-led-petite-friture\/"},"modified":"2023-05-02T11:16:50","modified_gmt":"2023-05-02T09:16:50","slug":"tischleuchte-unseen-large-led-petite-friture","status":"publish","type":"product","link":"https:\/\/ekkla.ch\/de\/produit\/tischleuchte-unseen-large-led-petite-friture\/","title":{"rendered":"Tischleuchte Unseen Large &#8211; LED &#8211; Petite Friture"},"content":{"rendered":"<p>Zur Feier ihres 10-j\u00e4hrigen Bestehens startet Petite Friture eine neue Zusammenarbeit mit dem Mail\u00e4nder Frauenduo Arianna Lelli Mami &amp; Chiara di Pinto von Studiopepe.<\/p>\n<p><em>&#8222;Wir wollten die Idee der Reinheit des Lichts durch einen modernen technischen Ansatz bewahren. Der Herstellungsprozess erwies sich aufgrund der Lichttechnik als sehr anstrengend. Wir wollten das Aussehen der traditionellen Neonbeleuchtung beibehalten und gleichzeitig die LED-Technologie nutzen.&#8220;<\/em> Arianna Lelli Mami &amp; Chiara di Pinto.<\/p>\n<p>Sublimiert, dr\u00fcckt sich das Licht durch eine \u00e4sthetische Wiedergabe, die der von Neon getreu ist, in aller Reinheit aus. Die St\u00fccke sind in Messing, einem edlen Material, gefasst, um ein zartes Finish zu erzielen. Die Lampe wird in Frankreich hergestellt. Diese Tischleuchte Unseen wird den Raum, in dem sie h\u00e4ngt, sublimieren.<\/p>\n<p>Das von Am\u00e9lie du Passage gegr\u00fcndete Unternehmen Petite Friture entwirft einzigartige und engagierte M\u00f6belkollektionen. Am Anfang jedes Projekts steht eine intuitive und optimistische Begegnung zwischen Herausgebern, aufstrebenden oder anerkannten Designern und anspruchsvollen Herstellern. Ihr Ziel ist es, Emotionen und Schwingungen zu wecken, die \u00fcber die Zeit und die R\u00e4ume hinweg anhalten. Aus dieser kollektiven Emulsion entsteht ein Elan, eine Lust, gemeinsam ein aufrichtiges Projekt zu tragen. Durch die Aufrichtigkeit seiner Verpflichtungen ist Petite Friture bestrebt, sich auf der Grundlage von Transparenz, Respekt und Dialog dauerhaft weiterzuentwickeln. Petite Friture ist mehr als ein Verlag, es ist eine Geisteshaltung, die auf Vertrauen und Grossz\u00fcgigkeit beruht. Seine Ambition: Das Gute aus dem Sch\u00f6nen hervorbringen, heute und f\u00fcr lange Zeit.<\/p>\n<blockquote>\n<h2 style=\"text-align: left;\">Merkmale &amp; Eigenschaften<\/h2>\n<p><strong>Marke<\/strong> Petite Friture<\/p>\n<p><strong>Farbe<\/strong> Gold<\/p>\n<p><strong>Materialien <\/strong>LED, Silikon, Polycarbonat, Messing, Stahl<\/p>\n<p><b>Lichtstrom<\/b><strong>\u00a0(lm)<\/strong> 1650<\/p>\n<p><strong>L\u00e4nge (cm) 40<\/strong><\/p>\n<p><strong>Breite (cm)<\/strong> 60<\/p><\/blockquote>\n","protected":false},"excerpt":{"rendered":"<p>Zur Feier ihres 10-j\u00e4hrigen Bestehens startet Petite Friture eine neue Zusammenarbeit mit dem Mail\u00e4nder Frauenduo Arianna Lelli Mami &amp; Chiara di Pinto von Studiopepe. &#8222;Wir wollten die Idee der Reinheit des Lichts durch einen modernen technischen Ansatz bewahren. Der Herstellungsprozess erwies sich aufgrund der Lichttechnik als sehr anstrengend. Wir wollten das Aussehen der traditionellen Neonbeleuchtung [&hellip;]<\/p>\n","protected":false},"featured_media":175430,"template":"","meta":{"_acf_changed":false,"om_disable_all_campaigns":false},"product_cat":[290],"product_tag":[1254,1265,801,934],"bundled_by":[],"bundle_stock_status":"onbackorder","bundle_stock_quantity":null,"bundle_virtual":false,"bundle_layout":"","bundle_add_to_cart_form_location":"","bundle_editable_in_cart":false,"bundle_sold_individually_context":"","bundle_item_grouping":"","bundle_min_size":"","bundle_max_size":"","bundle_price":[],"bundled_items":[],"bundle_sell_ids":[],"acf":[],"yoast_head":"<!-- This site is optimized with the Yoast SEO Premium plugin v22.2 (Yoast SEO v22.8) - https:\/\/yoast.com\/wordpress\/plugins\/seo\/ -->\n<title>Tischleuchte Unseen Large | Petite Friture | Designer | Ekkla<\/title>\n<meta name=\"description\" content=\"Die Tischleuchte Unseen Large der Marke Petite Friture wird jeden Raum, in dem sie steht, erstrahlen lassen. Integrierte LED.\" \/>\n<meta name=\"robots\" content=\"index, follow, max-snippet:-1, max-image-preview:large, max-video-preview:-1\" \/>\n<link rel=\"canonical\" href=\"https:\/\/ekkla.ch\/de\/produit\/tischleuchte-unseen-large-led-petite-friture\/\" \/>\n<meta property=\"og:locale\" content=\"de_DE\" \/>\n<meta property=\"og:type\" content=\"article\" \/>\n<meta property=\"og:title\" content=\"Tischleuchte Unseen Large - LED - Petite Friture\" \/>\n<meta property=\"og:description\" content=\"Die Tischleuchte Unseen Large der Marke Petite Friture wird jeden Raum, in dem sie steht, erstrahlen lassen. Integrierte LED.\" \/>\n<meta property=\"og:url\" content=\"https:\/\/ekkla.ch\/de\/produit\/tischleuchte-unseen-large-led-petite-friture\/\" \/>\n<meta property=\"og:site_name\" content=\"Ekkla\" \/>\n<meta property=\"article:modified_time\" content=\"2023-05-02T09:16:50+00:00\" \/>\n<meta property=\"og:image\" content=\"https:\/\/ekkla.ch\/wp-content\/uploads\/2023\/04\/ekkla-light-petite-friture_lampe_unseen_large.jpg\" \/>\n\t<meta property=\"og:image:width\" content=\"900\" \/>\n\t<meta property=\"og:image:height\" content=\"900\" \/>\n\t<meta property=\"og:image:type\" content=\"image\/jpeg\" \/>\n<meta name=\"twitter:card\" content=\"summary_large_image\" \/>\n<meta name=\"twitter:label1\" content=\"Gesch\u00e4tzte Lesezeit\" \/>\n\t<meta name=\"twitter:data1\" content=\"1\u00a0Minute\" \/>\n<script type=\"application\/ld+json\" class=\"yoast-schema-graph\">{\"@context\":\"https:\/\/schema.org\",\"@graph\":[{\"@type\":\"WebPage\",\"@id\":\"https:\/\/ekkla.ch\/de\/produit\/tischleuchte-unseen-large-led-petite-friture\/\",\"url\":\"https:\/\/ekkla.ch\/de\/produit\/tischleuchte-unseen-large-led-petite-friture\/\",\"name\":\"Tischleuchte Unseen Large | Petite Friture | Designer | Ekkla\",\"isPartOf\":{\"@id\":\"https:\/\/ekkla.ch\/#website\"},\"primaryImageOfPage\":{\"@id\":\"https:\/\/ekkla.ch\/de\/produit\/tischleuchte-unseen-large-led-petite-friture\/#primaryimage\"},\"image\":{\"@id\":\"https:\/\/ekkla.ch\/de\/produit\/tischleuchte-unseen-large-led-petite-friture\/#primaryimage\"},\"thumbnailUrl\":\"https:\/\/ekkla.ch\/wp-content\/uploads\/2023\/04\/ekkla-light-petite-friture_lampe_unseen_large.jpg\",\"datePublished\":\"2023-04-28T12:31:11+00:00\",\"dateModified\":\"2023-05-02T09:16:50+00:00\",\"description\":\"Die Tischleuchte Unseen Large der Marke Petite Friture wird jeden Raum, in dem sie steht, erstrahlen lassen. Integrierte LED.\",\"breadcrumb\":{\"@id\":\"https:\/\/ekkla.ch\/de\/produit\/tischleuchte-unseen-large-led-petite-friture\/#breadcrumb\"},\"inLanguage\":\"de\",\"potentialAction\":[{\"@type\":\"ReadAction\",\"target\":[\"https:\/\/ekkla.ch\/de\/produit\/tischleuchte-unseen-large-led-petite-friture\/\"]}]},{\"@type\":\"ImageObject\",\"inLanguage\":\"de\",\"@id\":\"https:\/\/ekkla.ch\/de\/produit\/tischleuchte-unseen-large-led-petite-friture\/#primaryimage\",\"url\":\"https:\/\/ekkla.ch\/wp-content\/uploads\/2023\/04\/ekkla-light-petite-friture_lampe_unseen_large.jpg\",\"contentUrl\":\"https:\/\/ekkla.ch\/wp-content\/uploads\/2023\/04\/ekkla-light-petite-friture_lampe_unseen_large.jpg\",\"width\":900,\"height\":900},{\"@type\":\"BreadcrumbList\",\"@id\":\"https:\/\/ekkla.ch\/de\/produit\/tischleuchte-unseen-large-led-petite-friture\/#breadcrumb\",\"itemListElement\":[{\"@type\":\"ListItem\",\"position\":1,\"name\":\"Home\",\"item\":\"https:\/\/ekkla.ch\/de\/\"},{\"@type\":\"ListItem\",\"position\":2,\"name\":\"Shop\",\"item\":\"https:\/\/ekkla.ch\/de\/shop\/\"},{\"@type\":\"ListItem\",\"position\":3,\"name\":\"Tischleuchte Unseen Large &#8211; LED &#8211; Petite Friture\"}]},{\"@type\":\"WebSite\",\"@id\":\"https:\/\/ekkla.ch\/#website\",\"url\":\"https:\/\/ekkla.ch\/\",\"name\":\"Ekkla\",\"description\":\"Der Onlineshop f\u00fcr Beleuchtung\",\"publisher\":{\"@id\":\"https:\/\/ekkla.ch\/#organization\"},\"potentialAction\":[{\"@type\":\"SearchAction\",\"target\":{\"@type\":\"EntryPoint\",\"urlTemplate\":\"https:\/\/ekkla.ch\/?s={search_term_string}\"},\"query-input\":\"required name=search_term_string\"}],\"inLanguage\":\"de\"},{\"@type\":\"Organization\",\"@id\":\"https:\/\/ekkla.ch\/#organization\",\"name\":\"Ekkla\",\"url\":\"https:\/\/ekkla.ch\/\",\"logo\":{\"@type\":\"ImageObject\",\"inLanguage\":\"de\",\"@id\":\"https:\/\/ekkla.ch\/#\/schema\/logo\/image\/\",\"url\":\"http:\/\/ekkla.ch\/wp-content\/uploads\/2019\/07\/logo-1.svg\",\"contentUrl\":\"http:\/\/ekkla.ch\/wp-content\/uploads\/2019\/07\/logo-1.svg\",\"width\":1,\"height\":1,\"caption\":\"Ekkla\"},\"image\":{\"@id\":\"https:\/\/ekkla.ch\/#\/schema\/logo\/image\/\"},\"sameAs\":[\"https:\/\/www.instagram.com\/ekkla_light\/\"]}]}<\/script>\n<!-- \/ Yoast SEO Premium plugin. -->","yoast_head_json":{"title":"Tischleuchte Unseen Large | Petite Friture | Designer | Ekkla","description":"Die Tischleuchte Unseen Large der Marke Petite Friture wird jeden Raum, in dem sie steht, erstrahlen lassen. Integrierte LED.","robots":{"index":"index","follow":"follow","max-snippet":"max-snippet:-1","max-image-preview":"max-image-preview:large","max-video-preview":"max-video-preview:-1"},"canonical":"https:\/\/ekkla.ch\/de\/produit\/tischleuchte-unseen-large-led-petite-friture\/","og_locale":"de_DE","og_type":"article","og_title":"Tischleuchte Unseen Large - LED - Petite Friture","og_description":"Die Tischleuchte Unseen Large der Marke Petite Friture wird jeden Raum, in dem sie steht, erstrahlen lassen. Integrierte LED.","og_url":"https:\/\/ekkla.ch\/de\/produit\/tischleuchte-unseen-large-led-petite-friture\/","og_site_name":"Ekkla","article_modified_time":"2023-05-02T09:16:50+00:00","og_image":[{"width":900,"height":900,"url":"https:\/\/ekkla.ch\/wp-content\/uploads\/2023\/04\/ekkla-light-petite-friture_lampe_unseen_large.jpg","type":"image\/jpeg"}],"twitter_card":"summary_large_image","twitter_misc":{"Gesch\u00e4tzte Lesezeit":"1\u00a0Minute"},"schema":{"@context":"https:\/\/schema.org","@graph":[{"@type":"WebPage","@id":"https:\/\/ekkla.ch\/de\/produit\/tischleuchte-unseen-large-led-petite-friture\/","url":"https:\/\/ekkla.ch\/de\/produit\/tischleuchte-unseen-large-led-petite-friture\/","name":"Tischleuchte Unseen Large | Petite Friture | Designer | Ekkla","isPartOf":{"@id":"https:\/\/ekkla.ch\/#website"},"primaryImageOfPage":{"@id":"https:\/\/ekkla.ch\/de\/produit\/tischleuchte-unseen-large-led-petite-friture\/#primaryimage"},"image":{"@id":"https:\/\/ekkla.ch\/de\/produit\/tischleuchte-unseen-large-led-petite-friture\/#primaryimage"},"thumbnailUrl":"https:\/\/ekkla.ch\/wp-content\/uploads\/2023\/04\/ekkla-light-petite-friture_lampe_unseen_large.jpg","datePublished":"2023-04-28T12:31:11+00:00","dateModified":"2023-05-02T09:16:50+00:00","description":"Die Tischleuchte Unseen Large der Marke Petite Friture wird jeden Raum, in dem sie steht, erstrahlen lassen. Integrierte LED.","breadcrumb":{"@id":"https:\/\/ekkla.ch\/de\/produit\/tischleuchte-unseen-large-led-petite-friture\/#breadcrumb"},"inLanguage":"de","potentialAction":[{"@type":"ReadAction","target":["https:\/\/ekkla.ch\/de\/produit\/tischleuchte-unseen-large-led-petite-friture\/"]}]},{"@type":"ImageObject","inLanguage":"de","@id":"https:\/\/ekkla.ch\/de\/produit\/tischleuchte-unseen-large-led-petite-friture\/#primaryimage","url":"https:\/\/ekkla.ch\/wp-content\/uploads\/2023\/04\/ekkla-light-petite-friture_lampe_unseen_large.jpg","contentUrl":"https:\/\/ekkla.ch\/wp-content\/uploads\/2023\/04\/ekkla-light-petite-friture_lampe_unseen_large.jpg","width":900,"height":900},{"@type":"BreadcrumbList","@id":"https:\/\/ekkla.ch\/de\/produit\/tischleuchte-unseen-large-led-petite-friture\/#breadcrumb","itemListElement":[{"@type":"ListItem","position":1,"name":"Home","item":"https:\/\/ekkla.ch\/de\/"},{"@type":"ListItem","position":2,"name":"Shop","item":"https:\/\/ekkla.ch\/de\/shop\/"},{"@type":"ListItem","position":3,"name":"Tischleuchte Unseen Large &#8211; LED &#8211; Petite Friture"}]},{"@type":"WebSite","@id":"https:\/\/ekkla.ch\/#website","url":"https:\/\/ekkla.ch\/","name":"Ekkla","description":"Der Onlineshop f\u00fcr Beleuchtung","publisher":{"@id":"https:\/\/ekkla.ch\/#organization"},"potentialAction":[{"@type":"SearchAction","target":{"@type":"EntryPoint","urlTemplate":"https:\/\/ekkla.ch\/?s={search_term_string}"},"query-input":"required name=search_term_string"}],"inLanguage":"de"},{"@type":"Organization","@id":"https:\/\/ekkla.ch\/#organization","name":"Ekkla","url":"https:\/\/ekkla.ch\/","logo":{"@type":"ImageObject","inLanguage":"de","@id":"https:\/\/ekkla.ch\/#\/schema\/logo\/image\/","url":"http:\/\/ekkla.ch\/wp-content\/uploads\/2019\/07\/logo-1.svg","contentUrl":"http:\/\/ekkla.ch\/wp-content\/uploads\/2019\/07\/logo-1.svg","width":1,"height":1,"caption":"Ekkla"},"image":{"@id":"https:\/\/ekkla.ch\/#\/schema\/logo\/image\/"},"sameAs":["https:\/\/www.instagram.com\/ekkla_light\/"]}]}},"_links":{"self":[{"href":"https:\/\/ekkla.ch\/de\/wp-json\/wp\/v2\/product\/174797"}],"collection":[{"href":"https:\/\/ekkla.ch\/de\/wp-json\/wp\/v2\/product"}],"about":[{"href":"https:\/\/ekkla.ch\/de\/wp-json\/wp\/v2\/types\/product"}],"wp:featuredmedia":[{"embeddable":true,"href":"https:\/\/ekkla.ch\/de\/wp-json\/wp\/v2\/media\/175430"}],"wp:attachment":[{"href":"https:\/\/ekkla.ch\/de\/wp-json\/wp\/v2\/media?parent=174797"}],"wp:term":[{"taxonomy":"product_cat","embeddable":true,"href":"https:\/\/ekkla.ch\/de\/wp-json\/wp\/v2\/product_cat?post=174797"},{"taxonomy":"product_tag","embeddable":true,"href":"https:\/\/ekkla.ch\/de\/wp-json\/wp\/v2\/product_tag?post=174797"}],"curies":[{"name":"wp","href":"https:\/\/api.w.org\/{rel}","templated":true}]}}