{"id":176530,"date":"2023-05-15T15:50:34","date_gmt":"2023-05-15T13:50:34","guid":{"rendered":"https:\/\/ekkla.ch\/produit\/wandleuchte-melt-surface-led-chrom-h-50-tom-dixon\/"},"modified":"2023-05-23T14:40:10","modified_gmt":"2023-05-23T12:40:10","slug":"wandleuchte-melt-surface-led-chrom-h-50-tom-dixon","status":"publish","type":"product","link":"https:\/\/ekkla.ch\/de\/produit\/wandleuchte-melt-surface-led-chrom-h-50-tom-dixon\/","title":{"rendered":"Wandleuchte Melt surface LED &#8211; Chrom &#8211; H.50 &#8211; Tom Dixon"},"content":{"rendered":"<p>Die Wandleuchte Melt surface ist eine wundersch\u00f6n verzerrte Leuchte. Diese Wandleuchte erzeugt dank ihres integrierten LED-Moduls einen hypnotischen Effekt, bei dem heiss geblasenes Glas schmilzt, wenn sie eingeschaltet ist, und einen Spiegeleffekt, wenn sie ausgeschaltet ist. Das LED-Modul wird in Deutschland mithilfe eines Hightech-Herstellungsprozesses gefertigt und bietet drei entscheidende Vorteile &#8211; eine l\u00e4ngere Lebensdauer, Energieeffizienz und verbesserte Leistung, einschliesslich Dimmung und Lichtsteuerung.<br \/>\nDie Wandleuchte Melt surface ist in den Farben Kupfer, Chrom, Gold und Rauch erh\u00e4ltlich.<\/p>\n<p>Tom Dixon wurde 2002 gegr\u00fcndet und ist eine Luxusmarke f\u00fcr englisches Design, die sich auf M\u00f6bel, Accessoires und nat\u00fcrlich Leuchten spezialisiert hat. Die Handschrift und der Stil von Tom Dixon haben ihre Wurzeln direkt in der Geschichte des englischen Designs. Ihre Produkte sind international anerkannt und beliebt, nicht nur wegen ihrer Qualit\u00e4t, sondern auch wegen ihres bahnbrechenden Ansatzes bei der Verarbeitung von Materialien und Produktionstechniken.<\/p>\n<p>Tom Dixon, der Gr\u00fcnder und k\u00fcnstlerische Leiter der Marke, wurde bereits in den 80er Jahren als origineller und innovativer Designer anerkannt. Seitdem hat er zahlreiche Designpreise erhalten, darunter den prestigetr\u00e4chtigen Order of the British Empire, der von K\u00f6nigin Elisabeth II pers\u00f6nlich als Dank f\u00fcr seine Verdienste um das englische Design verliehen wurde.<\/p>\n<blockquote>\n<h2>Merkmale &amp; Eigenschaften<\/h2>\n<p><strong>Marke<\/strong> Tom Dixon<\/p>\n<p><strong>Farbe<\/strong> Chrom<\/p>\n<p><strong>Materialien<\/strong> Stahl, Polycarbonat<\/p>\n<p><b>Lichtquelle <\/b>Integrierte LED<\/p>\n<p><b>Lichtstrom (lm) <\/b>800<\/p>\n<p><strong>Lichtfarbe (k)<\/strong> 3000<\/p>\n<p><strong>H\u00f6he (cm) <\/strong>50<\/p>\n<p><strong>Breite (cm)<\/strong> 28<\/p>\n<p><strong>Tiefe (cm)<\/strong> 50<\/p>\n<p><strong>Gewicht (kg)<\/strong> 1,78<\/p><\/blockquote>\n","protected":false},"excerpt":{"rendered":"<p>Die Wandleuchte Melt surface ist eine wundersch\u00f6n verzerrte Leuchte. Diese Wandleuchte erzeugt dank ihres integrierten LED-Moduls einen hypnotischen Effekt, bei dem heiss geblasenes Glas schmilzt, wenn sie eingeschaltet ist, und einen Spiegeleffekt, wenn sie ausgeschaltet ist. Das LED-Modul wird in Deutschland mithilfe eines Hightech-Herstellungsprozesses gefertigt und bietet drei entscheidende Vorteile &#8211; eine l\u00e4ngere Lebensdauer, Energieeffizienz [&hellip;]<\/p>\n","protected":false},"featured_media":176621,"template":"","meta":{"_acf_changed":false,"om_disable_all_campaigns":false},"product_cat":[286],"product_tag":[1254,896,1188,1265,801,816],"bundled_by":[],"bundle_stock_status":"onbackorder","bundle_stock_quantity":null,"bundle_virtual":false,"bundle_layout":"","bundle_add_to_cart_form_location":"","bundle_editable_in_cart":false,"bundle_sold_individually_context":"","bundle_item_grouping":"","bundle_min_size":"","bundle_max_size":"","bundle_price":[],"bundled_items":[],"bundle_sell_ids":[],"acf":[],"yoast_head":"<!-- This site is optimized with the Yoast SEO Premium plugin v22.2 (Yoast SEO v22.8) - https:\/\/yoast.com\/wordpress\/plugins\/seo\/ -->\n<title>Wandleuchte Melt surface - Chrom | Tom Dixon | Design | Ekkla<\/title>\n<meta name=\"description\" content=\"Wandleuchte Melt surface LED - Chrom. Tom Dixon. Ganze Tom Dixon-Kollektion online. Gratisversand 24H. Sicheres Bezahlen. Schweizer Designerlampen Boutique.\" \/>\n<meta name=\"robots\" content=\"index, follow, max-snippet:-1, max-image-preview:large, max-video-preview:-1\" \/>\n<link rel=\"canonical\" href=\"https:\/\/ekkla.ch\/de\/produit\/wandleuchte-melt-surface-led-chrom-h-50-tom-dixon\/\" \/>\n<meta property=\"og:locale\" content=\"de_DE\" \/>\n<meta property=\"og:type\" content=\"article\" \/>\n<meta property=\"og:title\" content=\"Wandleuchte Melt surface LED - Chrom - H.50 - Tom Dixon\" \/>\n<meta property=\"og:description\" content=\"Wandleuchte Melt surface LED - Chrom. Tom Dixon. Ganze Tom Dixon-Kollektion online. Gratisversand 24H. Sicheres Bezahlen. Schweizer Designerlampen Boutique.\" \/>\n<meta property=\"og:url\" content=\"https:\/\/ekkla.ch\/de\/produit\/wandleuchte-melt-surface-led-chrom-h-50-tom-dixon\/\" \/>\n<meta property=\"og:site_name\" content=\"Ekkla\" \/>\n<meta property=\"article:modified_time\" content=\"2023-05-23T12:40:10+00:00\" \/>\n<meta property=\"og:image\" content=\"https:\/\/ekkla.ch\/wp-content\/uploads\/2023\/05\/Tom-Dixon-ekkla-light_0027_MELT-SURFACE-50-LED-CHROME-SIDE-ON_Cut-out.jpg\" \/>\n\t<meta property=\"og:image:width\" content=\"900\" \/>\n\t<meta property=\"og:image:height\" content=\"900\" \/>\n\t<meta property=\"og:image:type\" content=\"image\/jpeg\" \/>\n<meta name=\"twitter:card\" content=\"summary_large_image\" \/>\n<meta name=\"twitter:label1\" content=\"Gesch\u00e4tzte Lesezeit\" \/>\n\t<meta name=\"twitter:data1\" content=\"2\u00a0Minuten\" \/>\n<script type=\"application\/ld+json\" class=\"yoast-schema-graph\">{\"@context\":\"https:\/\/schema.org\",\"@graph\":[{\"@type\":\"WebPage\",\"@id\":\"https:\/\/ekkla.ch\/de\/produit\/wandleuchte-melt-surface-led-chrom-h-50-tom-dixon\/\",\"url\":\"https:\/\/ekkla.ch\/de\/produit\/wandleuchte-melt-surface-led-chrom-h-50-tom-dixon\/\",\"name\":\"Wandleuchte Melt surface - Chrom | Tom Dixon | Design | Ekkla\",\"isPartOf\":{\"@id\":\"https:\/\/ekkla.ch\/#website\"},\"primaryImageOfPage\":{\"@id\":\"https:\/\/ekkla.ch\/de\/produit\/wandleuchte-melt-surface-led-chrom-h-50-tom-dixon\/#primaryimage\"},\"image\":{\"@id\":\"https:\/\/ekkla.ch\/de\/produit\/wandleuchte-melt-surface-led-chrom-h-50-tom-dixon\/#primaryimage\"},\"thumbnailUrl\":\"https:\/\/ekkla.ch\/wp-content\/uploads\/2023\/05\/Tom-Dixon-ekkla-light_0027_MELT-SURFACE-50-LED-CHROME-SIDE-ON_Cut-out.jpg\",\"datePublished\":\"2023-05-15T13:50:34+00:00\",\"dateModified\":\"2023-05-23T12:40:10+00:00\",\"description\":\"Wandleuchte Melt surface LED - Chrom. Tom Dixon. Ganze Tom Dixon-Kollektion online. Gratisversand 24H. Sicheres Bezahlen. Schweizer Designerlampen Boutique.\",\"breadcrumb\":{\"@id\":\"https:\/\/ekkla.ch\/de\/produit\/wandleuchte-melt-surface-led-chrom-h-50-tom-dixon\/#breadcrumb\"},\"inLanguage\":\"de\",\"potentialAction\":[{\"@type\":\"ReadAction\",\"target\":[\"https:\/\/ekkla.ch\/de\/produit\/wandleuchte-melt-surface-led-chrom-h-50-tom-dixon\/\"]}]},{\"@type\":\"ImageObject\",\"inLanguage\":\"de\",\"@id\":\"https:\/\/ekkla.ch\/de\/produit\/wandleuchte-melt-surface-led-chrom-h-50-tom-dixon\/#primaryimage\",\"url\":\"https:\/\/ekkla.ch\/wp-content\/uploads\/2023\/05\/Tom-Dixon-ekkla-light_0027_MELT-SURFACE-50-LED-CHROME-SIDE-ON_Cut-out.jpg\",\"contentUrl\":\"https:\/\/ekkla.ch\/wp-content\/uploads\/2023\/05\/Tom-Dixon-ekkla-light_0027_MELT-SURFACE-50-LED-CHROME-SIDE-ON_Cut-out.jpg\",\"width\":900,\"height\":900},{\"@type\":\"BreadcrumbList\",\"@id\":\"https:\/\/ekkla.ch\/de\/produit\/wandleuchte-melt-surface-led-chrom-h-50-tom-dixon\/#breadcrumb\",\"itemListElement\":[{\"@type\":\"ListItem\",\"position\":1,\"name\":\"Home\",\"item\":\"https:\/\/ekkla.ch\/de\/\"},{\"@type\":\"ListItem\",\"position\":2,\"name\":\"Shop\",\"item\":\"https:\/\/ekkla.ch\/de\/shop\/\"},{\"@type\":\"ListItem\",\"position\":3,\"name\":\"Wandleuchte Melt surface LED &#8211; Chrom &#8211; H.50 &#8211; Tom Dixon\"}]},{\"@type\":\"WebSite\",\"@id\":\"https:\/\/ekkla.ch\/#website\",\"url\":\"https:\/\/ekkla.ch\/\",\"name\":\"Ekkla\",\"description\":\"Der Onlineshop f\u00fcr Beleuchtung\",\"publisher\":{\"@id\":\"https:\/\/ekkla.ch\/#organization\"},\"potentialAction\":[{\"@type\":\"SearchAction\",\"target\":{\"@type\":\"EntryPoint\",\"urlTemplate\":\"https:\/\/ekkla.ch\/?s={search_term_string}\"},\"query-input\":\"required name=search_term_string\"}],\"inLanguage\":\"de\"},{\"@type\":\"Organization\",\"@id\":\"https:\/\/ekkla.ch\/#organization\",\"name\":\"Ekkla\",\"url\":\"https:\/\/ekkla.ch\/\",\"logo\":{\"@type\":\"ImageObject\",\"inLanguage\":\"de\",\"@id\":\"https:\/\/ekkla.ch\/#\/schema\/logo\/image\/\",\"url\":\"http:\/\/ekkla.ch\/wp-content\/uploads\/2019\/07\/logo-1.svg\",\"contentUrl\":\"http:\/\/ekkla.ch\/wp-content\/uploads\/2019\/07\/logo-1.svg\",\"width\":1,\"height\":1,\"caption\":\"Ekkla\"},\"image\":{\"@id\":\"https:\/\/ekkla.ch\/#\/schema\/logo\/image\/\"},\"sameAs\":[\"https:\/\/www.instagram.com\/ekkla_light\/\"]}]}<\/script>\n<!-- \/ Yoast SEO Premium plugin. -->","yoast_head_json":{"title":"Wandleuchte Melt surface - Chrom | Tom Dixon | Design | Ekkla","description":"Wandleuchte Melt surface LED - Chrom. Tom Dixon. Ganze Tom Dixon-Kollektion online. Gratisversand 24H. Sicheres Bezahlen. Schweizer Designerlampen Boutique.","robots":{"index":"index","follow":"follow","max-snippet":"max-snippet:-1","max-image-preview":"max-image-preview:large","max-video-preview":"max-video-preview:-1"},"canonical":"https:\/\/ekkla.ch\/de\/produit\/wandleuchte-melt-surface-led-chrom-h-50-tom-dixon\/","og_locale":"de_DE","og_type":"article","og_title":"Wandleuchte Melt surface LED - Chrom - H.50 - Tom Dixon","og_description":"Wandleuchte Melt surface LED - Chrom. Tom Dixon. Ganze Tom Dixon-Kollektion online. Gratisversand 24H. Sicheres Bezahlen. Schweizer Designerlampen Boutique.","og_url":"https:\/\/ekkla.ch\/de\/produit\/wandleuchte-melt-surface-led-chrom-h-50-tom-dixon\/","og_site_name":"Ekkla","article_modified_time":"2023-05-23T12:40:10+00:00","og_image":[{"width":900,"height":900,"url":"https:\/\/ekkla.ch\/wp-content\/uploads\/2023\/05\/Tom-Dixon-ekkla-light_0027_MELT-SURFACE-50-LED-CHROME-SIDE-ON_Cut-out.jpg","type":"image\/jpeg"}],"twitter_card":"summary_large_image","twitter_misc":{"Gesch\u00e4tzte Lesezeit":"2\u00a0Minuten"},"schema":{"@context":"https:\/\/schema.org","@graph":[{"@type":"WebPage","@id":"https:\/\/ekkla.ch\/de\/produit\/wandleuchte-melt-surface-led-chrom-h-50-tom-dixon\/","url":"https:\/\/ekkla.ch\/de\/produit\/wandleuchte-melt-surface-led-chrom-h-50-tom-dixon\/","name":"Wandleuchte Melt surface - Chrom | Tom Dixon | Design | Ekkla","isPartOf":{"@id":"https:\/\/ekkla.ch\/#website"},"primaryImageOfPage":{"@id":"https:\/\/ekkla.ch\/de\/produit\/wandleuchte-melt-surface-led-chrom-h-50-tom-dixon\/#primaryimage"},"image":{"@id":"https:\/\/ekkla.ch\/de\/produit\/wandleuchte-melt-surface-led-chrom-h-50-tom-dixon\/#primaryimage"},"thumbnailUrl":"https:\/\/ekkla.ch\/wp-content\/uploads\/2023\/05\/Tom-Dixon-ekkla-light_0027_MELT-SURFACE-50-LED-CHROME-SIDE-ON_Cut-out.jpg","datePublished":"2023-05-15T13:50:34+00:00","dateModified":"2023-05-23T12:40:10+00:00","description":"Wandleuchte Melt surface LED - Chrom. Tom Dixon. Ganze Tom Dixon-Kollektion online. Gratisversand 24H. Sicheres Bezahlen. Schweizer Designerlampen Boutique.","breadcrumb":{"@id":"https:\/\/ekkla.ch\/de\/produit\/wandleuchte-melt-surface-led-chrom-h-50-tom-dixon\/#breadcrumb"},"inLanguage":"de","potentialAction":[{"@type":"ReadAction","target":["https:\/\/ekkla.ch\/de\/produit\/wandleuchte-melt-surface-led-chrom-h-50-tom-dixon\/"]}]},{"@type":"ImageObject","inLanguage":"de","@id":"https:\/\/ekkla.ch\/de\/produit\/wandleuchte-melt-surface-led-chrom-h-50-tom-dixon\/#primaryimage","url":"https:\/\/ekkla.ch\/wp-content\/uploads\/2023\/05\/Tom-Dixon-ekkla-light_0027_MELT-SURFACE-50-LED-CHROME-SIDE-ON_Cut-out.jpg","contentUrl":"https:\/\/ekkla.ch\/wp-content\/uploads\/2023\/05\/Tom-Dixon-ekkla-light_0027_MELT-SURFACE-50-LED-CHROME-SIDE-ON_Cut-out.jpg","width":900,"height":900},{"@type":"BreadcrumbList","@id":"https:\/\/ekkla.ch\/de\/produit\/wandleuchte-melt-surface-led-chrom-h-50-tom-dixon\/#breadcrumb","itemListElement":[{"@type":"ListItem","position":1,"name":"Home","item":"https:\/\/ekkla.ch\/de\/"},{"@type":"ListItem","position":2,"name":"Shop","item":"https:\/\/ekkla.ch\/de\/shop\/"},{"@type":"ListItem","position":3,"name":"Wandleuchte Melt surface LED &#8211; Chrom &#8211; H.50 &#8211; Tom Dixon"}]},{"@type":"WebSite","@id":"https:\/\/ekkla.ch\/#website","url":"https:\/\/ekkla.ch\/","name":"Ekkla","description":"Der Onlineshop f\u00fcr Beleuchtung","publisher":{"@id":"https:\/\/ekkla.ch\/#organization"},"potentialAction":[{"@type":"SearchAction","target":{"@type":"EntryPoint","urlTemplate":"https:\/\/ekkla.ch\/?s={search_term_string}"},"query-input":"required name=search_term_string"}],"inLanguage":"de"},{"@type":"Organization","@id":"https:\/\/ekkla.ch\/#organization","name":"Ekkla","url":"https:\/\/ekkla.ch\/","logo":{"@type":"ImageObject","inLanguage":"de","@id":"https:\/\/ekkla.ch\/#\/schema\/logo\/image\/","url":"http:\/\/ekkla.ch\/wp-content\/uploads\/2019\/07\/logo-1.svg","contentUrl":"http:\/\/ekkla.ch\/wp-content\/uploads\/2019\/07\/logo-1.svg","width":1,"height":1,"caption":"Ekkla"},"image":{"@id":"https:\/\/ekkla.ch\/#\/schema\/logo\/image\/"},"sameAs":["https:\/\/www.instagram.com\/ekkla_light\/"]}]}},"_links":{"self":[{"href":"https:\/\/ekkla.ch\/de\/wp-json\/wp\/v2\/product\/176530"}],"collection":[{"href":"https:\/\/ekkla.ch\/de\/wp-json\/wp\/v2\/product"}],"about":[{"href":"https:\/\/ekkla.ch\/de\/wp-json\/wp\/v2\/types\/product"}],"wp:featuredmedia":[{"embeddable":true,"href":"https:\/\/ekkla.ch\/de\/wp-json\/wp\/v2\/media\/176621"}],"wp:attachment":[{"href":"https:\/\/ekkla.ch\/de\/wp-json\/wp\/v2\/media?parent=176530"}],"wp:term":[{"taxonomy":"product_cat","embeddable":true,"href":"https:\/\/ekkla.ch\/de\/wp-json\/wp\/v2\/product_cat?post=176530"},{"taxonomy":"product_tag","embeddable":true,"href":"https:\/\/ekkla.ch\/de\/wp-json\/wp\/v2\/product_tag?post=176530"}],"curies":[{"name":"wp","href":"https:\/\/api.w.org\/{rel}","templated":true}]}}