{"id":177139,"date":"2023-05-02T17:00:04","date_gmt":"2023-05-02T15:00:04","guid":{"rendered":"https:\/\/ekkla.ch\/produit\/deckenleuchte-kuulto-9101-schwarz-l-40-secto-design\/"},"modified":"2023-05-26T09:48:16","modified_gmt":"2023-05-26T07:48:16","slug":"deckenleuchte-kuulto-9101-schwarz-l-40-secto-design","status":"publish","type":"product","link":"https:\/\/ekkla.ch\/de\/produit\/deckenleuchte-kuulto-9101-schwarz-l-40-secto-design\/","title":{"rendered":"Deckenleuchte Kuulto 9101 &#8211; Schwarz &#8211; L.40 &#8211; Secto Design"},"content":{"rendered":"<p>Die Deckenleuchte Kuulto 9101 wurde von dem Designer Seppo Koho entworfen. Sie wird in Finnland in Handarbeit hergestellt und bringt einen neuen Charakter in die Welt der Deckenleuchten, in der Holz als Material nicht \u00fcblich ist. Die einzigartige Struktur der Latten belebt die h\u00f6chste Ebene des Raumes und macht die Decke faszinierender. Dank der Dimmertechnologie bietet diese Deckenleuchte sowohl praktisches helles Licht als auch intimeres subtiles Licht. Sie kann als Allgemeinbeleuchtung nicht nur in grossen Hallen, Foyers und Restaurants, sondern auch in gem\u00fctlichen Privatr\u00e4umen eingesetzt werden. Dank der harmonischen Elemente der skandinavischen Designtradition eignet sich diese Leuchte f\u00fcr eine Vielzahl von Stilen und Geschm\u00e4ckern.<\/p>\n<p>Die Deckenleuchte Kuulto 9101 ist in vier Farben erh\u00e4ltlich: Naturbirke, Walnuss, Weiss oder Schwarz. Durch die einfache Installation kann die Deckenleuchte auch als Wandleuchte verwendet werden, wodurch sie zu einem faszinierenden Teil eines dekorativen Arrangements wird. Die Kombination mehrerer Secto Design Deckenleuchten als Einheit ergibt eine erstaunliche Komposition.<\/p>\n<p>Secto Design ist eine ethische und \u00f6kologische Marke, die 1995 durch das Zusammentreffen von Tuula Jus\u00e9lius und dem Designer Seppo Koho gegr\u00fcndet wurde und eine engagierte Vision der Welt des Designs vertritt. Das Holz, das f\u00fcr die Herstellung der Lampen verwendet wird, ist PEFC-zertifiziertes Birkenholz aus Finnland, um einen kurzen Versorgungskreislauf im Herstellungsprozess der Lampen zu gew\u00e4hrleisten. Die Abf\u00e4lle werden insbesondere als Brennholz verwertet. Die Verwendung von Kunststoffen wird auf ein Minimum reduziert und die Verpackungen bestehen aus lokal hergestelltem, umweltfreundlichem Karton.<\/p>\n<blockquote>\n<h2>Merkmale &amp; Eigenschaften<\/h2>\n<p><strong>Marke<\/strong> Secto Design<\/p>\n<p><strong>Farbe<\/strong> Schwarz<\/p>\n<p><strong>Material <\/strong>Holz (Birke)<\/p>\n<p><strong>Lichtquelle<\/strong> Integrierte LED (20W, 3100lm, 3000K, dimmbar &#8211; inbegriffen)<\/p>\n<p><strong>H\u00f6he (cm) <\/strong>40<\/p>\n<p><strong>Breite (cm)<\/strong> 40<\/p>\n<p><strong>Tiefe (cm) <\/strong>11<\/p><\/blockquote>\n","protected":false},"excerpt":{"rendered":"<p>Die Deckenleuchte Kuulto 9101 wurde von dem Designer Seppo Koho entworfen. Sie wird in Finnland in Handarbeit hergestellt und bringt einen neuen Charakter in die Welt der Deckenleuchten, in der Holz als Material nicht \u00fcblich ist. Die einzigartige Struktur der Latten belebt die h\u00f6chste Ebene des Raumes und macht die Decke faszinierender. Dank der Dimmertechnologie [&hellip;]<\/p>\n","protected":false},"featured_media":175874,"template":"","meta":{"_acf_changed":false,"om_disable_all_campaigns":false},"product_cat":[561,286],"product_tag":[1254,890,1188,1265,801,816],"bundled_by":[],"bundle_stock_status":"onbackorder","bundle_stock_quantity":null,"bundle_virtual":false,"bundle_layout":"","bundle_add_to_cart_form_location":"","bundle_editable_in_cart":false,"bundle_sold_individually_context":"","bundle_item_grouping":"","bundle_min_size":"","bundle_max_size":"","bundle_price":[],"bundled_items":[],"bundle_sell_ids":[],"acf":[],"yoast_head":"<!-- This site is optimized with the Yoast SEO Premium plugin v22.2 (Yoast SEO v22.8) - https:\/\/yoast.com\/wordpress\/plugins\/seo\/ -->\n<title>Deckenleuchte Kuulto 9101 - Schwarz | Secto Design | Ekkla<\/title>\n<meta name=\"description\" content=\"Deckenleuchte Kuulto 9101 aus Birkenholz. Die Secto Design-Kollektion online. Gratisversand 24H. Sicheres Bezahlen. Schweizer Designer Lampen Boutique.\" \/>\n<meta name=\"robots\" content=\"index, follow, max-snippet:-1, max-image-preview:large, max-video-preview:-1\" \/>\n<link rel=\"canonical\" href=\"https:\/\/ekkla.ch\/de\/produit\/deckenleuchte-kuulto-9101-schwarz-l-40-secto-design\/\" \/>\n<meta property=\"og:locale\" content=\"de_DE\" \/>\n<meta property=\"og:type\" content=\"article\" \/>\n<meta property=\"og:title\" content=\"Deckenleuchte Kuulto 9101 - Schwarz - L.40 - Secto Design\" \/>\n<meta property=\"og:description\" content=\"Deckenleuchte Kuulto 9101 aus Birkenholz. Die Secto Design-Kollektion online. Gratisversand 24H. Sicheres Bezahlen. Schweizer Designer Lampen Boutique.\" \/>\n<meta property=\"og:url\" content=\"https:\/\/ekkla.ch\/de\/produit\/deckenleuchte-kuulto-9101-schwarz-l-40-secto-design\/\" \/>\n<meta property=\"og:site_name\" content=\"Ekkla\" \/>\n<meta property=\"article:modified_time\" content=\"2023-05-26T07:48:16+00:00\" \/>\n<meta property=\"og:image\" content=\"https:\/\/ekkla.ch\/wp-content\/uploads\/2023\/05\/ekkla-light-Secto-Design-Kuulto-Small-9101-black-1.jpg\" \/>\n\t<meta property=\"og:image:width\" content=\"900\" \/>\n\t<meta property=\"og:image:height\" content=\"900\" \/>\n\t<meta property=\"og:image:type\" content=\"image\/jpeg\" \/>\n<meta name=\"twitter:card\" content=\"summary_large_image\" \/>\n<meta name=\"twitter:label1\" content=\"Gesch\u00e4tzte Lesezeit\" \/>\n\t<meta name=\"twitter:data1\" content=\"2\u00a0Minuten\" \/>\n<script type=\"application\/ld+json\" class=\"yoast-schema-graph\">{\"@context\":\"https:\/\/schema.org\",\"@graph\":[{\"@type\":\"WebPage\",\"@id\":\"https:\/\/ekkla.ch\/de\/produit\/deckenleuchte-kuulto-9101-schwarz-l-40-secto-design\/\",\"url\":\"https:\/\/ekkla.ch\/de\/produit\/deckenleuchte-kuulto-9101-schwarz-l-40-secto-design\/\",\"name\":\"Deckenleuchte Kuulto 9101 - Schwarz | Secto Design | Ekkla\",\"isPartOf\":{\"@id\":\"https:\/\/ekkla.ch\/#website\"},\"primaryImageOfPage\":{\"@id\":\"https:\/\/ekkla.ch\/de\/produit\/deckenleuchte-kuulto-9101-schwarz-l-40-secto-design\/#primaryimage\"},\"image\":{\"@id\":\"https:\/\/ekkla.ch\/de\/produit\/deckenleuchte-kuulto-9101-schwarz-l-40-secto-design\/#primaryimage\"},\"thumbnailUrl\":\"https:\/\/ekkla.ch\/wp-content\/uploads\/2023\/05\/ekkla-light-Secto-Design-Kuulto-Small-9101-black-1.jpg\",\"datePublished\":\"2023-05-02T15:00:04+00:00\",\"dateModified\":\"2023-05-26T07:48:16+00:00\",\"description\":\"Deckenleuchte Kuulto 9101 aus Birkenholz. Die Secto Design-Kollektion online. Gratisversand 24H. Sicheres Bezahlen. Schweizer Designer Lampen Boutique.\",\"breadcrumb\":{\"@id\":\"https:\/\/ekkla.ch\/de\/produit\/deckenleuchte-kuulto-9101-schwarz-l-40-secto-design\/#breadcrumb\"},\"inLanguage\":\"de\",\"potentialAction\":[{\"@type\":\"ReadAction\",\"target\":[\"https:\/\/ekkla.ch\/de\/produit\/deckenleuchte-kuulto-9101-schwarz-l-40-secto-design\/\"]}]},{\"@type\":\"ImageObject\",\"inLanguage\":\"de\",\"@id\":\"https:\/\/ekkla.ch\/de\/produit\/deckenleuchte-kuulto-9101-schwarz-l-40-secto-design\/#primaryimage\",\"url\":\"https:\/\/ekkla.ch\/wp-content\/uploads\/2023\/05\/ekkla-light-Secto-Design-Kuulto-Small-9101-black-1.jpg\",\"contentUrl\":\"https:\/\/ekkla.ch\/wp-content\/uploads\/2023\/05\/ekkla-light-Secto-Design-Kuulto-Small-9101-black-1.jpg\",\"width\":900,\"height\":900},{\"@type\":\"BreadcrumbList\",\"@id\":\"https:\/\/ekkla.ch\/de\/produit\/deckenleuchte-kuulto-9101-schwarz-l-40-secto-design\/#breadcrumb\",\"itemListElement\":[{\"@type\":\"ListItem\",\"position\":1,\"name\":\"Home\",\"item\":\"https:\/\/ekkla.ch\/de\/\"},{\"@type\":\"ListItem\",\"position\":2,\"name\":\"Shop\",\"item\":\"https:\/\/ekkla.ch\/de\/shop\/\"},{\"@type\":\"ListItem\",\"position\":3,\"name\":\"Deckenleuchte Kuulto 9101 &#8211; Schwarz &#8211; L.40 &#8211; Secto Design\"}]},{\"@type\":\"WebSite\",\"@id\":\"https:\/\/ekkla.ch\/#website\",\"url\":\"https:\/\/ekkla.ch\/\",\"name\":\"Ekkla\",\"description\":\"Der Onlineshop f\u00fcr Beleuchtung\",\"publisher\":{\"@id\":\"https:\/\/ekkla.ch\/#organization\"},\"potentialAction\":[{\"@type\":\"SearchAction\",\"target\":{\"@type\":\"EntryPoint\",\"urlTemplate\":\"https:\/\/ekkla.ch\/?s={search_term_string}\"},\"query-input\":\"required name=search_term_string\"}],\"inLanguage\":\"de\"},{\"@type\":\"Organization\",\"@id\":\"https:\/\/ekkla.ch\/#organization\",\"name\":\"Ekkla\",\"url\":\"https:\/\/ekkla.ch\/\",\"logo\":{\"@type\":\"ImageObject\",\"inLanguage\":\"de\",\"@id\":\"https:\/\/ekkla.ch\/#\/schema\/logo\/image\/\",\"url\":\"http:\/\/ekkla.ch\/wp-content\/uploads\/2019\/07\/logo-1.svg\",\"contentUrl\":\"http:\/\/ekkla.ch\/wp-content\/uploads\/2019\/07\/logo-1.svg\",\"width\":1,\"height\":1,\"caption\":\"Ekkla\"},\"image\":{\"@id\":\"https:\/\/ekkla.ch\/#\/schema\/logo\/image\/\"},\"sameAs\":[\"https:\/\/www.instagram.com\/ekkla_light\/\"]}]}<\/script>\n<!-- \/ Yoast SEO Premium plugin. -->","yoast_head_json":{"title":"Deckenleuchte Kuulto 9101 - Schwarz | Secto Design | Ekkla","description":"Deckenleuchte Kuulto 9101 aus Birkenholz. Die Secto Design-Kollektion online. Gratisversand 24H. Sicheres Bezahlen. Schweizer Designer Lampen Boutique.","robots":{"index":"index","follow":"follow","max-snippet":"max-snippet:-1","max-image-preview":"max-image-preview:large","max-video-preview":"max-video-preview:-1"},"canonical":"https:\/\/ekkla.ch\/de\/produit\/deckenleuchte-kuulto-9101-schwarz-l-40-secto-design\/","og_locale":"de_DE","og_type":"article","og_title":"Deckenleuchte Kuulto 9101 - Schwarz - L.40 - Secto Design","og_description":"Deckenleuchte Kuulto 9101 aus Birkenholz. Die Secto Design-Kollektion online. Gratisversand 24H. Sicheres Bezahlen. Schweizer Designer Lampen Boutique.","og_url":"https:\/\/ekkla.ch\/de\/produit\/deckenleuchte-kuulto-9101-schwarz-l-40-secto-design\/","og_site_name":"Ekkla","article_modified_time":"2023-05-26T07:48:16+00:00","og_image":[{"width":900,"height":900,"url":"https:\/\/ekkla.ch\/wp-content\/uploads\/2023\/05\/ekkla-light-Secto-Design-Kuulto-Small-9101-black-1.jpg","type":"image\/jpeg"}],"twitter_card":"summary_large_image","twitter_misc":{"Gesch\u00e4tzte Lesezeit":"2\u00a0Minuten"},"schema":{"@context":"https:\/\/schema.org","@graph":[{"@type":"WebPage","@id":"https:\/\/ekkla.ch\/de\/produit\/deckenleuchte-kuulto-9101-schwarz-l-40-secto-design\/","url":"https:\/\/ekkla.ch\/de\/produit\/deckenleuchte-kuulto-9101-schwarz-l-40-secto-design\/","name":"Deckenleuchte Kuulto 9101 - Schwarz | Secto Design | Ekkla","isPartOf":{"@id":"https:\/\/ekkla.ch\/#website"},"primaryImageOfPage":{"@id":"https:\/\/ekkla.ch\/de\/produit\/deckenleuchte-kuulto-9101-schwarz-l-40-secto-design\/#primaryimage"},"image":{"@id":"https:\/\/ekkla.ch\/de\/produit\/deckenleuchte-kuulto-9101-schwarz-l-40-secto-design\/#primaryimage"},"thumbnailUrl":"https:\/\/ekkla.ch\/wp-content\/uploads\/2023\/05\/ekkla-light-Secto-Design-Kuulto-Small-9101-black-1.jpg","datePublished":"2023-05-02T15:00:04+00:00","dateModified":"2023-05-26T07:48:16+00:00","description":"Deckenleuchte Kuulto 9101 aus Birkenholz. Die Secto Design-Kollektion online. Gratisversand 24H. Sicheres Bezahlen. Schweizer Designer Lampen Boutique.","breadcrumb":{"@id":"https:\/\/ekkla.ch\/de\/produit\/deckenleuchte-kuulto-9101-schwarz-l-40-secto-design\/#breadcrumb"},"inLanguage":"de","potentialAction":[{"@type":"ReadAction","target":["https:\/\/ekkla.ch\/de\/produit\/deckenleuchte-kuulto-9101-schwarz-l-40-secto-design\/"]}]},{"@type":"ImageObject","inLanguage":"de","@id":"https:\/\/ekkla.ch\/de\/produit\/deckenleuchte-kuulto-9101-schwarz-l-40-secto-design\/#primaryimage","url":"https:\/\/ekkla.ch\/wp-content\/uploads\/2023\/05\/ekkla-light-Secto-Design-Kuulto-Small-9101-black-1.jpg","contentUrl":"https:\/\/ekkla.ch\/wp-content\/uploads\/2023\/05\/ekkla-light-Secto-Design-Kuulto-Small-9101-black-1.jpg","width":900,"height":900},{"@type":"BreadcrumbList","@id":"https:\/\/ekkla.ch\/de\/produit\/deckenleuchte-kuulto-9101-schwarz-l-40-secto-design\/#breadcrumb","itemListElement":[{"@type":"ListItem","position":1,"name":"Home","item":"https:\/\/ekkla.ch\/de\/"},{"@type":"ListItem","position":2,"name":"Shop","item":"https:\/\/ekkla.ch\/de\/shop\/"},{"@type":"ListItem","position":3,"name":"Deckenleuchte Kuulto 9101 &#8211; Schwarz &#8211; L.40 &#8211; Secto Design"}]},{"@type":"WebSite","@id":"https:\/\/ekkla.ch\/#website","url":"https:\/\/ekkla.ch\/","name":"Ekkla","description":"Der Onlineshop f\u00fcr Beleuchtung","publisher":{"@id":"https:\/\/ekkla.ch\/#organization"},"potentialAction":[{"@type":"SearchAction","target":{"@type":"EntryPoint","urlTemplate":"https:\/\/ekkla.ch\/?s={search_term_string}"},"query-input":"required name=search_term_string"}],"inLanguage":"de"},{"@type":"Organization","@id":"https:\/\/ekkla.ch\/#organization","name":"Ekkla","url":"https:\/\/ekkla.ch\/","logo":{"@type":"ImageObject","inLanguage":"de","@id":"https:\/\/ekkla.ch\/#\/schema\/logo\/image\/","url":"http:\/\/ekkla.ch\/wp-content\/uploads\/2019\/07\/logo-1.svg","contentUrl":"http:\/\/ekkla.ch\/wp-content\/uploads\/2019\/07\/logo-1.svg","width":1,"height":1,"caption":"Ekkla"},"image":{"@id":"https:\/\/ekkla.ch\/#\/schema\/logo\/image\/"},"sameAs":["https:\/\/www.instagram.com\/ekkla_light\/"]}]}},"_links":{"self":[{"href":"https:\/\/ekkla.ch\/de\/wp-json\/wp\/v2\/product\/177139"}],"collection":[{"href":"https:\/\/ekkla.ch\/de\/wp-json\/wp\/v2\/product"}],"about":[{"href":"https:\/\/ekkla.ch\/de\/wp-json\/wp\/v2\/types\/product"}],"wp:featuredmedia":[{"embeddable":true,"href":"https:\/\/ekkla.ch\/de\/wp-json\/wp\/v2\/media\/175874"}],"wp:attachment":[{"href":"https:\/\/ekkla.ch\/de\/wp-json\/wp\/v2\/media?parent=177139"}],"wp:term":[{"taxonomy":"product_cat","embeddable":true,"href":"https:\/\/ekkla.ch\/de\/wp-json\/wp\/v2\/product_cat?post=177139"},{"taxonomy":"product_tag","embeddable":true,"href":"https:\/\/ekkla.ch\/de\/wp-json\/wp\/v2\/product_tag?post=177139"}],"curies":[{"name":"wp","href":"https:\/\/api.w.org\/{rel}","templated":true}]}}