{"id":177810,"date":"2023-06-05T13:50:35","date_gmt":"2023-06-05T11:50:35","guid":{"rendered":"https:\/\/ekkla.ch\/produit\/tischleuchte-bellboy-lobby-red-o18-fatboy\/"},"modified":"2023-11-21T16:26:13","modified_gmt":"2023-11-21T15:26:13","slug":"tischleuchte-bellboy-lobby-red-o18-fatboy","status":"publish","type":"product","link":"https:\/\/ekkla.ch\/de\/produit\/tischleuchte-bellboy-lobby-red-o18-fatboy\/","title":{"rendered":"Tischleuchte Bellboy Lobby Red &#8211; \u00d818 &#8211; Fatboy"},"content":{"rendered":"<p>Dies ist die Tischleuchte Bellboy, eine klassische Tischleuchte, die mit einem frischen Look und einem F\u00fcnf-Sterne-Design neu erfunden wurde. Ausgestattet mit einem einfallsreichen Spirit ist diese kabellose Tischleuchte Bellboy das perfekte Accessoire f\u00fcr Ihren Schreibtisch, Ihre Kommode oder Ihren Nachttisch. Und dank ihrer Uniform aus pulverbeschichtetem Aluminium kann sie sogar auf Ihrem Balkon stehen, um Ihre Abende zu beleuchten. Sie k\u00f6nnen sie sogar auf Ihre Dachterrasse mitnehmen, um von dort oben ihre Dienste zu geniessen.<\/p>\n<p>Unter ihrem einfach gestalteten Look verbirgt sich ein cleverer Bediener. Um das warme LED-Licht der Bellboy einzuschalten, ber\u00fchren Sie einfach den ber\u00fchrungsempfindlichen Knopf an der Kappe. Dr\u00fccken Sie etwas l\u00e4nger, um die Lichtintensit\u00e4t anzupassen. Der Akku ist unauff\u00e4llig in der Kappe untergebracht und kann \u00fcber die Basisstation aufgeladen werden. Ob im Innen- oder Aussenbereich, die Bellboy ist bereit, ein langes und warmes Licht zu spenden. Mit ihrem neuen Look und dem F\u00fcnf-Sterne-Design ist die Bellboy dazu da, Ihren Alltag mit Eleganz und Effizienz zu erhellen.<\/p>\n<blockquote>\n<h2>Merkmale &amp; Eigenschaften<\/h2>\n<p><strong>Marke<\/strong> Fatboy<\/p>\n<p><strong>Farbe <\/strong>Rot<\/p>\n<p><strong>Materialien <\/strong>Stahl, Aluminium, Polypropylen<\/p>\n<p><strong>Gl\u00fchbirne<\/strong> Integrierte LED<\/p>\n<p><b>H\u00f6he (cm) <\/b>30<\/p>\n<p><strong>Durchmesser (cm)<\/strong> 17,9<\/p>\n<p><strong>Gewicht (kg)<\/strong> 0,113<\/p>\n<p><strong>Akkulaufzeit<\/strong> 9 Stunden &#8211; Ladekabel mit Micro-USB-Anschluss im Lieferumfang enthalten (Stecker nicht enthalten)<\/p>\n<p><strong>Aufladezeit<\/strong> 3 Stunden<\/p><\/blockquote>\n","protected":false},"excerpt":{"rendered":"<p>Dies ist die Tischleuchte Bellboy, eine klassische Tischleuchte, die mit einem frischen Look und einem F\u00fcnf-Sterne-Design neu erfunden wurde. Ausgestattet mit einem einfallsreichen Spirit ist diese kabellose Tischleuchte Bellboy das perfekte Accessoire f\u00fcr Ihren Schreibtisch, Ihre Kommode oder Ihren Nachttisch. Und dank ihrer Uniform aus pulverbeschichtetem Aluminium kann sie sogar auf Ihrem Balkon stehen, um [&hellip;]<\/p>\n","protected":false},"featured_media":177644,"template":"","meta":{"_acf_changed":false,"om_disable_all_campaigns":false},"product_cat":[290],"product_tag":[1246,760,900,554,1188,1265,1077,1022,820,1220,816,1109,883,653,403,928,1209,1092],"bundled_by":[],"bundle_stock_status":"instock","bundle_stock_quantity":1,"bundle_virtual":false,"bundle_layout":"","bundle_add_to_cart_form_location":"","bundle_editable_in_cart":false,"bundle_sold_individually_context":"","bundle_item_grouping":"","bundle_min_size":"","bundle_max_size":"","bundle_price":[],"bundled_items":[],"bundle_sell_ids":[],"acf":[],"yoast_head":"<!-- This site is optimized with the Yoast SEO Premium plugin v22.2 (Yoast SEO v22.8) - https:\/\/yoast.com\/wordpress\/plugins\/seo\/ -->\n<title>Tischleuchte Bellboy | Fatboy | Rot | Ekkla<\/title>\n<meta name=\"description\" content=\"Die Innen- und Aussenlampe, die jeder auf seiner Terrasse haben sollte. Erhellen Sie Ihren Raum mit der Tischleuchte Bellboy.\" \/>\n<meta name=\"robots\" content=\"index, follow, max-snippet:-1, max-image-preview:large, max-video-preview:-1\" \/>\n<link rel=\"canonical\" href=\"https:\/\/ekkla.ch\/de\/produit\/tischleuchte-bellboy-lobby-red-o18-fatboy\/\" \/>\n<meta property=\"og:locale\" content=\"de_DE\" \/>\n<meta property=\"og:type\" content=\"article\" \/>\n<meta property=\"og:title\" content=\"Tischleuchte Bellboy Lobby Red - \u00d818 - Fatboy\" \/>\n<meta property=\"og:description\" content=\"Die Innen- und Aussenlampe, die jeder auf seiner Terrasse haben sollte. Erhellen Sie Ihren Raum mit der Tischleuchte Bellboy.\" \/>\n<meta property=\"og:url\" content=\"https:\/\/ekkla.ch\/de\/produit\/tischleuchte-bellboy-lobby-red-o18-fatboy\/\" \/>\n<meta property=\"og:site_name\" content=\"Ekkla\" \/>\n<meta property=\"article:modified_time\" content=\"2023-11-21T15:26:13+00:00\" \/>\n<meta property=\"og:image\" content=\"https:\/\/ekkla.ch\/wp-content\/uploads\/2023\/06\/Ekkla-light-luminaires_0010_fatboy-bellboy-lobby-red-packshot-01-105828.jpg\" \/>\n\t<meta property=\"og:image:width\" content=\"900\" \/>\n\t<meta property=\"og:image:height\" content=\"900\" \/>\n\t<meta property=\"og:image:type\" content=\"image\/jpeg\" \/>\n<meta name=\"twitter:card\" content=\"summary_large_image\" \/>\n<meta name=\"twitter:label1\" content=\"Gesch\u00e4tzte Lesezeit\" \/>\n\t<meta name=\"twitter:data1\" content=\"2\u00a0Minuten\" \/>\n<script type=\"application\/ld+json\" class=\"yoast-schema-graph\">{\"@context\":\"https:\/\/schema.org\",\"@graph\":[{\"@type\":\"WebPage\",\"@id\":\"https:\/\/ekkla.ch\/de\/produit\/tischleuchte-bellboy-lobby-red-o18-fatboy\/\",\"url\":\"https:\/\/ekkla.ch\/de\/produit\/tischleuchte-bellboy-lobby-red-o18-fatboy\/\",\"name\":\"Tischleuchte Bellboy | Fatboy | Rot | Ekkla\",\"isPartOf\":{\"@id\":\"https:\/\/ekkla.ch\/#website\"},\"primaryImageOfPage\":{\"@id\":\"https:\/\/ekkla.ch\/de\/produit\/tischleuchte-bellboy-lobby-red-o18-fatboy\/#primaryimage\"},\"image\":{\"@id\":\"https:\/\/ekkla.ch\/de\/produit\/tischleuchte-bellboy-lobby-red-o18-fatboy\/#primaryimage\"},\"thumbnailUrl\":\"https:\/\/ekkla.ch\/wp-content\/uploads\/2023\/06\/Ekkla-light-luminaires_0010_fatboy-bellboy-lobby-red-packshot-01-105828.jpg\",\"datePublished\":\"2023-06-05T11:50:35+00:00\",\"dateModified\":\"2023-11-21T15:26:13+00:00\",\"description\":\"Die Innen- und Aussenlampe, die jeder auf seiner Terrasse haben sollte. Erhellen Sie Ihren Raum mit der Tischleuchte Bellboy.\",\"breadcrumb\":{\"@id\":\"https:\/\/ekkla.ch\/de\/produit\/tischleuchte-bellboy-lobby-red-o18-fatboy\/#breadcrumb\"},\"inLanguage\":\"de\",\"potentialAction\":[{\"@type\":\"ReadAction\",\"target\":[\"https:\/\/ekkla.ch\/de\/produit\/tischleuchte-bellboy-lobby-red-o18-fatboy\/\"]}]},{\"@type\":\"ImageObject\",\"inLanguage\":\"de\",\"@id\":\"https:\/\/ekkla.ch\/de\/produit\/tischleuchte-bellboy-lobby-red-o18-fatboy\/#primaryimage\",\"url\":\"https:\/\/ekkla.ch\/wp-content\/uploads\/2023\/06\/Ekkla-light-luminaires_0010_fatboy-bellboy-lobby-red-packshot-01-105828.jpg\",\"contentUrl\":\"https:\/\/ekkla.ch\/wp-content\/uploads\/2023\/06\/Ekkla-light-luminaires_0010_fatboy-bellboy-lobby-red-packshot-01-105828.jpg\",\"width\":900,\"height\":900},{\"@type\":\"BreadcrumbList\",\"@id\":\"https:\/\/ekkla.ch\/de\/produit\/tischleuchte-bellboy-lobby-red-o18-fatboy\/#breadcrumb\",\"itemListElement\":[{\"@type\":\"ListItem\",\"position\":1,\"name\":\"Home\",\"item\":\"https:\/\/ekkla.ch\/de\/\"},{\"@type\":\"ListItem\",\"position\":2,\"name\":\"Shop\",\"item\":\"https:\/\/ekkla.ch\/de\/shop\/\"},{\"@type\":\"ListItem\",\"position\":3,\"name\":\"Tischleuchte Bellboy Lobby Red &#8211; \u00d818 &#8211; Fatboy\"}]},{\"@type\":\"WebSite\",\"@id\":\"https:\/\/ekkla.ch\/#website\",\"url\":\"https:\/\/ekkla.ch\/\",\"name\":\"Ekkla\",\"description\":\"Der Onlineshop f\u00fcr Beleuchtung\",\"publisher\":{\"@id\":\"https:\/\/ekkla.ch\/#organization\"},\"potentialAction\":[{\"@type\":\"SearchAction\",\"target\":{\"@type\":\"EntryPoint\",\"urlTemplate\":\"https:\/\/ekkla.ch\/?s={search_term_string}\"},\"query-input\":\"required name=search_term_string\"}],\"inLanguage\":\"de\"},{\"@type\":\"Organization\",\"@id\":\"https:\/\/ekkla.ch\/#organization\",\"name\":\"Ekkla\",\"url\":\"https:\/\/ekkla.ch\/\",\"logo\":{\"@type\":\"ImageObject\",\"inLanguage\":\"de\",\"@id\":\"https:\/\/ekkla.ch\/#\/schema\/logo\/image\/\",\"url\":\"http:\/\/ekkla.ch\/wp-content\/uploads\/2019\/07\/logo-1.svg\",\"contentUrl\":\"http:\/\/ekkla.ch\/wp-content\/uploads\/2019\/07\/logo-1.svg\",\"width\":1,\"height\":1,\"caption\":\"Ekkla\"},\"image\":{\"@id\":\"https:\/\/ekkla.ch\/#\/schema\/logo\/image\/\"},\"sameAs\":[\"https:\/\/www.instagram.com\/ekkla_light\/\"]}]}<\/script>\n<!-- \/ Yoast SEO Premium plugin. -->","yoast_head_json":{"title":"Tischleuchte Bellboy | Fatboy | Rot | Ekkla","description":"Die Innen- und Aussenlampe, die jeder auf seiner Terrasse haben sollte. Erhellen Sie Ihren Raum mit der Tischleuchte Bellboy.","robots":{"index":"index","follow":"follow","max-snippet":"max-snippet:-1","max-image-preview":"max-image-preview:large","max-video-preview":"max-video-preview:-1"},"canonical":"https:\/\/ekkla.ch\/de\/produit\/tischleuchte-bellboy-lobby-red-o18-fatboy\/","og_locale":"de_DE","og_type":"article","og_title":"Tischleuchte Bellboy Lobby Red - \u00d818 - Fatboy","og_description":"Die Innen- und Aussenlampe, die jeder auf seiner Terrasse haben sollte. Erhellen Sie Ihren Raum mit der Tischleuchte Bellboy.","og_url":"https:\/\/ekkla.ch\/de\/produit\/tischleuchte-bellboy-lobby-red-o18-fatboy\/","og_site_name":"Ekkla","article_modified_time":"2023-11-21T15:26:13+00:00","og_image":[{"width":900,"height":900,"url":"https:\/\/ekkla.ch\/wp-content\/uploads\/2023\/06\/Ekkla-light-luminaires_0010_fatboy-bellboy-lobby-red-packshot-01-105828.jpg","type":"image\/jpeg"}],"twitter_card":"summary_large_image","twitter_misc":{"Gesch\u00e4tzte Lesezeit":"2\u00a0Minuten"},"schema":{"@context":"https:\/\/schema.org","@graph":[{"@type":"WebPage","@id":"https:\/\/ekkla.ch\/de\/produit\/tischleuchte-bellboy-lobby-red-o18-fatboy\/","url":"https:\/\/ekkla.ch\/de\/produit\/tischleuchte-bellboy-lobby-red-o18-fatboy\/","name":"Tischleuchte Bellboy | Fatboy | Rot | Ekkla","isPartOf":{"@id":"https:\/\/ekkla.ch\/#website"},"primaryImageOfPage":{"@id":"https:\/\/ekkla.ch\/de\/produit\/tischleuchte-bellboy-lobby-red-o18-fatboy\/#primaryimage"},"image":{"@id":"https:\/\/ekkla.ch\/de\/produit\/tischleuchte-bellboy-lobby-red-o18-fatboy\/#primaryimage"},"thumbnailUrl":"https:\/\/ekkla.ch\/wp-content\/uploads\/2023\/06\/Ekkla-light-luminaires_0010_fatboy-bellboy-lobby-red-packshot-01-105828.jpg","datePublished":"2023-06-05T11:50:35+00:00","dateModified":"2023-11-21T15:26:13+00:00","description":"Die Innen- und Aussenlampe, die jeder auf seiner Terrasse haben sollte. Erhellen Sie Ihren Raum mit der Tischleuchte Bellboy.","breadcrumb":{"@id":"https:\/\/ekkla.ch\/de\/produit\/tischleuchte-bellboy-lobby-red-o18-fatboy\/#breadcrumb"},"inLanguage":"de","potentialAction":[{"@type":"ReadAction","target":["https:\/\/ekkla.ch\/de\/produit\/tischleuchte-bellboy-lobby-red-o18-fatboy\/"]}]},{"@type":"ImageObject","inLanguage":"de","@id":"https:\/\/ekkla.ch\/de\/produit\/tischleuchte-bellboy-lobby-red-o18-fatboy\/#primaryimage","url":"https:\/\/ekkla.ch\/wp-content\/uploads\/2023\/06\/Ekkla-light-luminaires_0010_fatboy-bellboy-lobby-red-packshot-01-105828.jpg","contentUrl":"https:\/\/ekkla.ch\/wp-content\/uploads\/2023\/06\/Ekkla-light-luminaires_0010_fatboy-bellboy-lobby-red-packshot-01-105828.jpg","width":900,"height":900},{"@type":"BreadcrumbList","@id":"https:\/\/ekkla.ch\/de\/produit\/tischleuchte-bellboy-lobby-red-o18-fatboy\/#breadcrumb","itemListElement":[{"@type":"ListItem","position":1,"name":"Home","item":"https:\/\/ekkla.ch\/de\/"},{"@type":"ListItem","position":2,"name":"Shop","item":"https:\/\/ekkla.ch\/de\/shop\/"},{"@type":"ListItem","position":3,"name":"Tischleuchte Bellboy Lobby Red &#8211; \u00d818 &#8211; Fatboy"}]},{"@type":"WebSite","@id":"https:\/\/ekkla.ch\/#website","url":"https:\/\/ekkla.ch\/","name":"Ekkla","description":"Der Onlineshop f\u00fcr Beleuchtung","publisher":{"@id":"https:\/\/ekkla.ch\/#organization"},"potentialAction":[{"@type":"SearchAction","target":{"@type":"EntryPoint","urlTemplate":"https:\/\/ekkla.ch\/?s={search_term_string}"},"query-input":"required name=search_term_string"}],"inLanguage":"de"},{"@type":"Organization","@id":"https:\/\/ekkla.ch\/#organization","name":"Ekkla","url":"https:\/\/ekkla.ch\/","logo":{"@type":"ImageObject","inLanguage":"de","@id":"https:\/\/ekkla.ch\/#\/schema\/logo\/image\/","url":"http:\/\/ekkla.ch\/wp-content\/uploads\/2019\/07\/logo-1.svg","contentUrl":"http:\/\/ekkla.ch\/wp-content\/uploads\/2019\/07\/logo-1.svg","width":1,"height":1,"caption":"Ekkla"},"image":{"@id":"https:\/\/ekkla.ch\/#\/schema\/logo\/image\/"},"sameAs":["https:\/\/www.instagram.com\/ekkla_light\/"]}]}},"_links":{"self":[{"href":"https:\/\/ekkla.ch\/de\/wp-json\/wp\/v2\/product\/177810"}],"collection":[{"href":"https:\/\/ekkla.ch\/de\/wp-json\/wp\/v2\/product"}],"about":[{"href":"https:\/\/ekkla.ch\/de\/wp-json\/wp\/v2\/types\/product"}],"wp:featuredmedia":[{"embeddable":true,"href":"https:\/\/ekkla.ch\/de\/wp-json\/wp\/v2\/media\/177644"}],"wp:attachment":[{"href":"https:\/\/ekkla.ch\/de\/wp-json\/wp\/v2\/media?parent=177810"}],"wp:term":[{"taxonomy":"product_cat","embeddable":true,"href":"https:\/\/ekkla.ch\/de\/wp-json\/wp\/v2\/product_cat?post=177810"},{"taxonomy":"product_tag","embeddable":true,"href":"https:\/\/ekkla.ch\/de\/wp-json\/wp\/v2\/product_tag?post=177810"}],"curies":[{"name":"wp","href":"https:\/\/api.w.org\/{rel}","templated":true}]}}