{"id":178231,"date":"2023-06-02T11:42:04","date_gmt":"2023-06-02T09:42:04","guid":{"rendered":"https:\/\/ekkla.ch\/produit\/wandleuchte-grant-schwarz-43-cm-normann-copenhagen\/"},"modified":"2023-06-12T22:49:23","modified_gmt":"2023-06-12T20:49:23","slug":"wandleuchte-grant-schwarz-43-cm-normann-copenhagen","status":"publish","type":"product","link":"https:\/\/ekkla.ch\/de\/produit\/wandleuchte-grant-schwarz-43-cm-normann-copenhagen\/","title":{"rendered":"Wandleuchte Grant &#8211; Schwarz &#8211; 43 cm &#8211; Normann Copenhagen"},"content":{"rendered":"<p>Die Wandleuchte Grant ist die perfekte L\u00f6sung, wenn Sie eine \u00e4sthetische Beleuchtung w\u00fcnschen und gleichzeitig Ihren Raum optimieren m\u00f6chten. Die Lampenkollektion &#8222;Grant&#8220; wurde von dem d\u00e4nischen Designer Simon Legald entworfen. Diese Lampe mit ihrem 43cm langen Stiel ist perfekt f\u00fcr eine pr\u00e4zise Beleuchtung aus der Ferne. Egal, ob Sie Ihre Arbeitsfl\u00e4che oder eine Ecke Ihres Wohnzimmers beleuchten, die Wandleuchte Grant verleiht auch einen modernen, industriellen Touch, der sie zu einer vollwertigen Dekoration macht. Gl\u00fchbirne enthalten.<\/p>\n<p>Normann Copenhagen ist ein d\u00e4nisches Unternehmen, f\u00fcr das Leuchten weit mehr sind als nur eine Beleuchtung f\u00fcr Ihren Raum. Sie betrachtet jede Leuchte als dekoratives Objekt, mit dem Sie sich in Ihrem Zuhause wohlf\u00fchlen k\u00f6nnen.<\/p>\n<blockquote>\n<h2>Merkmale &amp; Eigenschaften<\/h2>\n<p><strong>Marke<\/strong> Normann Copenhagen<\/p>\n<p><strong>Farbe<\/strong> Schwarz<\/p>\n<p><strong>Materialien <\/strong>Stahl und Granit<\/p>\n<p><b>Gl\u00fchbirne <\/b>GX53 (enthalten)<\/p>\n<p><strong>H\u00f6he (cm)<\/strong> 22<\/p>\n<p><strong>Durchmesser (cm)<\/strong> 17,5<\/p>\n<p><strong>L\u00e4nge (cm)<\/strong> 43<\/p>\n<p><strong>Gewicht (kg)<\/strong> 1,5<\/p><\/blockquote>\n","protected":false},"excerpt":{"rendered":"<p>Die Wandleuchte Grant ist die perfekte L\u00f6sung, wenn Sie eine \u00e4sthetische Beleuchtung w\u00fcnschen und gleichzeitig Ihren Raum optimieren m\u00f6chten. Die Lampenkollektion &#8222;Grant&#8220; wurde von dem d\u00e4nischen Designer Simon Legald entworfen. Diese Lampe mit ihrem 43cm langen Stiel ist perfekt f\u00fcr eine pr\u00e4zise Beleuchtung aus der Ferne. Egal, ob Sie Ihre Arbeitsfl\u00e4che oder eine Ecke Ihres [&hellip;]<\/p>\n","protected":false},"featured_media":177963,"template":"","meta":{"_acf_changed":false,"om_disable_all_campaigns":false},"product_cat":[286],"product_tag":[1256,898,1188,1265,816,856],"bundled_by":[],"bundle_stock_status":"onbackorder","bundle_stock_quantity":null,"bundle_virtual":false,"bundle_layout":"","bundle_add_to_cart_form_location":"","bundle_editable_in_cart":false,"bundle_sold_individually_context":"","bundle_item_grouping":"","bundle_min_size":"","bundle_max_size":"","bundle_price":[],"bundled_items":[],"bundle_sell_ids":[],"acf":[],"yoast_head":"<!-- This site is optimized with the Yoast SEO Premium plugin v22.2 (Yoast SEO v22.8) - https:\/\/yoast.com\/wordpress\/plugins\/seo\/ -->\n<title>Wandleuchte Grant Schwarz | Normann Copenhagen | Ekkla<\/title>\n<meta name=\"description\" content=\"Anspruchsvolle und zeitlose Wandleuchte Grant Schwarz, die aus einem Lampenschirm und einem langen Stab besteht und f\u00fcr ein industrielles Ambiente sorgt.\" \/>\n<meta name=\"robots\" content=\"index, follow, max-snippet:-1, max-image-preview:large, max-video-preview:-1\" \/>\n<link rel=\"canonical\" href=\"https:\/\/ekkla.ch\/de\/produit\/wandleuchte-grant-schwarz-43-cm-normann-copenhagen\/\" \/>\n<meta property=\"og:locale\" content=\"de_DE\" \/>\n<meta property=\"og:type\" content=\"article\" \/>\n<meta property=\"og:title\" content=\"Wandleuchte Grant - Schwarz - 43 cm - Normann Copenhagen\" \/>\n<meta property=\"og:description\" content=\"Anspruchsvolle und zeitlose Wandleuchte Grant Schwarz, die aus einem Lampenschirm und einem langen Stab besteht und f\u00fcr ein industrielles Ambiente sorgt.\" \/>\n<meta property=\"og:url\" content=\"https:\/\/ekkla.ch\/de\/produit\/wandleuchte-grant-schwarz-43-cm-normann-copenhagen\/\" \/>\n<meta property=\"og:site_name\" content=\"Ekkla\" \/>\n<meta property=\"article:modified_time\" content=\"2023-06-12T20:49:23+00:00\" \/>\n<meta property=\"og:image\" content=\"https:\/\/ekkla.ch\/wp-content\/uploads\/2023\/06\/normann-copenhagen-ekkla-light_0012_502021_Normann_Copenhagen_Grant_Wall_Lamp_43cm_Black_01.jpg\" \/>\n\t<meta property=\"og:image:width\" content=\"900\" \/>\n\t<meta property=\"og:image:height\" content=\"900\" \/>\n\t<meta property=\"og:image:type\" content=\"image\/jpeg\" \/>\n<meta name=\"twitter:card\" content=\"summary_large_image\" \/>\n<meta name=\"twitter:label1\" content=\"Gesch\u00e4tzte Lesezeit\" \/>\n\t<meta name=\"twitter:data1\" content=\"1\u00a0Minute\" \/>\n<script type=\"application\/ld+json\" class=\"yoast-schema-graph\">{\"@context\":\"https:\/\/schema.org\",\"@graph\":[{\"@type\":\"WebPage\",\"@id\":\"https:\/\/ekkla.ch\/de\/produit\/wandleuchte-grant-schwarz-43-cm-normann-copenhagen\/\",\"url\":\"https:\/\/ekkla.ch\/de\/produit\/wandleuchte-grant-schwarz-43-cm-normann-copenhagen\/\",\"name\":\"Wandleuchte Grant Schwarz | Normann Copenhagen | Ekkla\",\"isPartOf\":{\"@id\":\"https:\/\/ekkla.ch\/#website\"},\"primaryImageOfPage\":{\"@id\":\"https:\/\/ekkla.ch\/de\/produit\/wandleuchte-grant-schwarz-43-cm-normann-copenhagen\/#primaryimage\"},\"image\":{\"@id\":\"https:\/\/ekkla.ch\/de\/produit\/wandleuchte-grant-schwarz-43-cm-normann-copenhagen\/#primaryimage\"},\"thumbnailUrl\":\"https:\/\/ekkla.ch\/wp-content\/uploads\/2023\/06\/normann-copenhagen-ekkla-light_0012_502021_Normann_Copenhagen_Grant_Wall_Lamp_43cm_Black_01.jpg\",\"datePublished\":\"2023-06-02T09:42:04+00:00\",\"dateModified\":\"2023-06-12T20:49:23+00:00\",\"description\":\"Anspruchsvolle und zeitlose Wandleuchte Grant Schwarz, die aus einem Lampenschirm und einem langen Stab besteht und f\u00fcr ein industrielles Ambiente sorgt.\",\"breadcrumb\":{\"@id\":\"https:\/\/ekkla.ch\/de\/produit\/wandleuchte-grant-schwarz-43-cm-normann-copenhagen\/#breadcrumb\"},\"inLanguage\":\"de\",\"potentialAction\":[{\"@type\":\"ReadAction\",\"target\":[\"https:\/\/ekkla.ch\/de\/produit\/wandleuchte-grant-schwarz-43-cm-normann-copenhagen\/\"]}]},{\"@type\":\"ImageObject\",\"inLanguage\":\"de\",\"@id\":\"https:\/\/ekkla.ch\/de\/produit\/wandleuchte-grant-schwarz-43-cm-normann-copenhagen\/#primaryimage\",\"url\":\"https:\/\/ekkla.ch\/wp-content\/uploads\/2023\/06\/normann-copenhagen-ekkla-light_0012_502021_Normann_Copenhagen_Grant_Wall_Lamp_43cm_Black_01.jpg\",\"contentUrl\":\"https:\/\/ekkla.ch\/wp-content\/uploads\/2023\/06\/normann-copenhagen-ekkla-light_0012_502021_Normann_Copenhagen_Grant_Wall_Lamp_43cm_Black_01.jpg\",\"width\":900,\"height\":900},{\"@type\":\"BreadcrumbList\",\"@id\":\"https:\/\/ekkla.ch\/de\/produit\/wandleuchte-grant-schwarz-43-cm-normann-copenhagen\/#breadcrumb\",\"itemListElement\":[{\"@type\":\"ListItem\",\"position\":1,\"name\":\"Home\",\"item\":\"https:\/\/ekkla.ch\/de\/\"},{\"@type\":\"ListItem\",\"position\":2,\"name\":\"Shop\",\"item\":\"https:\/\/ekkla.ch\/de\/shop\/\"},{\"@type\":\"ListItem\",\"position\":3,\"name\":\"Wandleuchte Grant &#8211; Schwarz &#8211; 43 cm &#8211; Normann Copenhagen\"}]},{\"@type\":\"WebSite\",\"@id\":\"https:\/\/ekkla.ch\/#website\",\"url\":\"https:\/\/ekkla.ch\/\",\"name\":\"Ekkla\",\"description\":\"Der Onlineshop f\u00fcr Beleuchtung\",\"publisher\":{\"@id\":\"https:\/\/ekkla.ch\/#organization\"},\"potentialAction\":[{\"@type\":\"SearchAction\",\"target\":{\"@type\":\"EntryPoint\",\"urlTemplate\":\"https:\/\/ekkla.ch\/?s={search_term_string}\"},\"query-input\":\"required name=search_term_string\"}],\"inLanguage\":\"de\"},{\"@type\":\"Organization\",\"@id\":\"https:\/\/ekkla.ch\/#organization\",\"name\":\"Ekkla\",\"url\":\"https:\/\/ekkla.ch\/\",\"logo\":{\"@type\":\"ImageObject\",\"inLanguage\":\"de\",\"@id\":\"https:\/\/ekkla.ch\/#\/schema\/logo\/image\/\",\"url\":\"http:\/\/ekkla.ch\/wp-content\/uploads\/2019\/07\/logo-1.svg\",\"contentUrl\":\"http:\/\/ekkla.ch\/wp-content\/uploads\/2019\/07\/logo-1.svg\",\"width\":1,\"height\":1,\"caption\":\"Ekkla\"},\"image\":{\"@id\":\"https:\/\/ekkla.ch\/#\/schema\/logo\/image\/\"},\"sameAs\":[\"https:\/\/www.instagram.com\/ekkla_light\/\"]}]}<\/script>\n<!-- \/ Yoast SEO Premium plugin. -->","yoast_head_json":{"title":"Wandleuchte Grant Schwarz | Normann Copenhagen | Ekkla","description":"Anspruchsvolle und zeitlose Wandleuchte Grant Schwarz, die aus einem Lampenschirm und einem langen Stab besteht und f\u00fcr ein industrielles Ambiente sorgt.","robots":{"index":"index","follow":"follow","max-snippet":"max-snippet:-1","max-image-preview":"max-image-preview:large","max-video-preview":"max-video-preview:-1"},"canonical":"https:\/\/ekkla.ch\/de\/produit\/wandleuchte-grant-schwarz-43-cm-normann-copenhagen\/","og_locale":"de_DE","og_type":"article","og_title":"Wandleuchte Grant - Schwarz - 43 cm - Normann Copenhagen","og_description":"Anspruchsvolle und zeitlose Wandleuchte Grant Schwarz, die aus einem Lampenschirm und einem langen Stab besteht und f\u00fcr ein industrielles Ambiente sorgt.","og_url":"https:\/\/ekkla.ch\/de\/produit\/wandleuchte-grant-schwarz-43-cm-normann-copenhagen\/","og_site_name":"Ekkla","article_modified_time":"2023-06-12T20:49:23+00:00","og_image":[{"width":900,"height":900,"url":"https:\/\/ekkla.ch\/wp-content\/uploads\/2023\/06\/normann-copenhagen-ekkla-light_0012_502021_Normann_Copenhagen_Grant_Wall_Lamp_43cm_Black_01.jpg","type":"image\/jpeg"}],"twitter_card":"summary_large_image","twitter_misc":{"Gesch\u00e4tzte Lesezeit":"1\u00a0Minute"},"schema":{"@context":"https:\/\/schema.org","@graph":[{"@type":"WebPage","@id":"https:\/\/ekkla.ch\/de\/produit\/wandleuchte-grant-schwarz-43-cm-normann-copenhagen\/","url":"https:\/\/ekkla.ch\/de\/produit\/wandleuchte-grant-schwarz-43-cm-normann-copenhagen\/","name":"Wandleuchte Grant Schwarz | Normann Copenhagen | Ekkla","isPartOf":{"@id":"https:\/\/ekkla.ch\/#website"},"primaryImageOfPage":{"@id":"https:\/\/ekkla.ch\/de\/produit\/wandleuchte-grant-schwarz-43-cm-normann-copenhagen\/#primaryimage"},"image":{"@id":"https:\/\/ekkla.ch\/de\/produit\/wandleuchte-grant-schwarz-43-cm-normann-copenhagen\/#primaryimage"},"thumbnailUrl":"https:\/\/ekkla.ch\/wp-content\/uploads\/2023\/06\/normann-copenhagen-ekkla-light_0012_502021_Normann_Copenhagen_Grant_Wall_Lamp_43cm_Black_01.jpg","datePublished":"2023-06-02T09:42:04+00:00","dateModified":"2023-06-12T20:49:23+00:00","description":"Anspruchsvolle und zeitlose Wandleuchte Grant Schwarz, die aus einem Lampenschirm und einem langen Stab besteht und f\u00fcr ein industrielles Ambiente sorgt.","breadcrumb":{"@id":"https:\/\/ekkla.ch\/de\/produit\/wandleuchte-grant-schwarz-43-cm-normann-copenhagen\/#breadcrumb"},"inLanguage":"de","potentialAction":[{"@type":"ReadAction","target":["https:\/\/ekkla.ch\/de\/produit\/wandleuchte-grant-schwarz-43-cm-normann-copenhagen\/"]}]},{"@type":"ImageObject","inLanguage":"de","@id":"https:\/\/ekkla.ch\/de\/produit\/wandleuchte-grant-schwarz-43-cm-normann-copenhagen\/#primaryimage","url":"https:\/\/ekkla.ch\/wp-content\/uploads\/2023\/06\/normann-copenhagen-ekkla-light_0012_502021_Normann_Copenhagen_Grant_Wall_Lamp_43cm_Black_01.jpg","contentUrl":"https:\/\/ekkla.ch\/wp-content\/uploads\/2023\/06\/normann-copenhagen-ekkla-light_0012_502021_Normann_Copenhagen_Grant_Wall_Lamp_43cm_Black_01.jpg","width":900,"height":900},{"@type":"BreadcrumbList","@id":"https:\/\/ekkla.ch\/de\/produit\/wandleuchte-grant-schwarz-43-cm-normann-copenhagen\/#breadcrumb","itemListElement":[{"@type":"ListItem","position":1,"name":"Home","item":"https:\/\/ekkla.ch\/de\/"},{"@type":"ListItem","position":2,"name":"Shop","item":"https:\/\/ekkla.ch\/de\/shop\/"},{"@type":"ListItem","position":3,"name":"Wandleuchte Grant &#8211; Schwarz &#8211; 43 cm &#8211; Normann Copenhagen"}]},{"@type":"WebSite","@id":"https:\/\/ekkla.ch\/#website","url":"https:\/\/ekkla.ch\/","name":"Ekkla","description":"Der Onlineshop f\u00fcr Beleuchtung","publisher":{"@id":"https:\/\/ekkla.ch\/#organization"},"potentialAction":[{"@type":"SearchAction","target":{"@type":"EntryPoint","urlTemplate":"https:\/\/ekkla.ch\/?s={search_term_string}"},"query-input":"required name=search_term_string"}],"inLanguage":"de"},{"@type":"Organization","@id":"https:\/\/ekkla.ch\/#organization","name":"Ekkla","url":"https:\/\/ekkla.ch\/","logo":{"@type":"ImageObject","inLanguage":"de","@id":"https:\/\/ekkla.ch\/#\/schema\/logo\/image\/","url":"http:\/\/ekkla.ch\/wp-content\/uploads\/2019\/07\/logo-1.svg","contentUrl":"http:\/\/ekkla.ch\/wp-content\/uploads\/2019\/07\/logo-1.svg","width":1,"height":1,"caption":"Ekkla"},"image":{"@id":"https:\/\/ekkla.ch\/#\/schema\/logo\/image\/"},"sameAs":["https:\/\/www.instagram.com\/ekkla_light\/"]}]}},"_links":{"self":[{"href":"https:\/\/ekkla.ch\/de\/wp-json\/wp\/v2\/product\/178231"}],"collection":[{"href":"https:\/\/ekkla.ch\/de\/wp-json\/wp\/v2\/product"}],"about":[{"href":"https:\/\/ekkla.ch\/de\/wp-json\/wp\/v2\/types\/product"}],"wp:featuredmedia":[{"embeddable":true,"href":"https:\/\/ekkla.ch\/de\/wp-json\/wp\/v2\/media\/177963"}],"wp:attachment":[{"href":"https:\/\/ekkla.ch\/de\/wp-json\/wp\/v2\/media?parent=178231"}],"wp:term":[{"taxonomy":"product_cat","embeddable":true,"href":"https:\/\/ekkla.ch\/de\/wp-json\/wp\/v2\/product_cat?post=178231"},{"taxonomy":"product_tag","embeddable":true,"href":"https:\/\/ekkla.ch\/de\/wp-json\/wp\/v2\/product_tag?post=178231"}],"curies":[{"name":"wp","href":"https:\/\/api.w.org\/{rel}","templated":true}]}}