{"id":178267,"date":"2023-06-08T14:21:18","date_gmt":"2023-06-08T12:21:18","guid":{"rendered":"https:\/\/ekkla.ch\/produit\/hangeleuchte-night-birds-schwarz-glas-l-61-cm-brokis\/"},"modified":"2023-07-04T11:29:40","modified_gmt":"2023-07-04T09:29:40","slug":"hangeleuchte-night-birds-schwarz-glas-l-61-cm-brokis","status":"publish","type":"product","link":"https:\/\/ekkla.ch\/de\/produit\/hangeleuchte-night-birds-schwarz-glas-l-61-cm-brokis\/","title":{"rendered":"H\u00e4ngeleuchte Night Birds &#8211; Schwarz &#8211; Glas &#8211; L.61 cm &#8211; Brokis"},"content":{"rendered":"<p>Inspiriert von fliegenden V\u00f6geln, verleiht die H\u00e4ngeleuchte Night Birds jedem Interieur einen poetischen Charme und eine unvergleichliche Lebendigkeit. Was Night Birds vom Rest der Kollektion unterscheidet, ist die einzigartige Produktionstechnik, bei der das Glas in einer Form geschmolzen und dann gebogen wird. Dieser Prozess kann subtile Nuancen in die Form der Fl\u00fcgel bringen und sich jedes Mal in einer anderen, v\u00f6llig einzigartigen Glasfarbe niederschlagen.<\/p>\n<p>Minimalistische LED-Lichtquellen in Leuchten aus lackiertem und poliertem Aluminium unterstreichen den schlichten und unmittelbaren Charakter der Kollektion. Die Night Birds-Kollektion besteht aus drei Leuchten, deren unterschiedliche Fl\u00fcgelpositionen die verschiedenen Flugphasen eines Vogels veranschaulichen. Nachtschw\u00e4rmer wirken am besten in grossen Gruppen. Die Metallteile sind auch in einer schwarz eloxierten Ausf\u00fchrung erh\u00e4ltlich.<\/p>\n<p>Die tschechische Premium-Leuchtenmarke Brokis steht f\u00fcr eine Synthese aus exquisitem Design, h\u00f6chster Qualit\u00e4t und dem bemerkenswerten K\u00f6nnen b\u00f6hmischer Glashandwerker. Die originellen Leuchtenkollektionen von BROKIS, die von renommierten tschechischen und ausl\u00e4ndischen Designern entworfen wurden, haben bereits regelm\u00e4ssig internationale Anerkennung und Lob erhalten. Das Unternehmen kombiniert mundgeblasenes Glas mit anderen raffinierten Materialien, wie Holz und handgepresstem Metall, in k\u00fchnen Lichtkompositionen, die die Grenzen des zeitgen\u00f6ssischen Designs sprengen. Das Portfolio von Brokis umfasst moderne funktionale Leuchten, dekorative Objekte und einzigartige Beleuchtungsl\u00f6sungen f\u00fcr Architekten und Innenarchitekten.<\/p>\n<p><em>Dies ist eine handgefertigte Leuchte. Die Lieferzeit betr\u00e4gt 4 bis 8 Wochen.<\/em><\/p>\n<h2>Merkmale &amp; Eigenschaften<\/h2>\n<p><strong>Marke<\/strong> Brokis<\/p>\n<p><strong>Designer<\/strong> Boris Klimek<\/p>\n<p><strong>Farbe<\/strong> Schwarz<\/p>\n<p><strong>Materialien <\/strong>Glas und Metall<\/p>\n<p><b>Gl\u00fchbirne<\/b> GU10<\/p>\n<p><strong>Max. Leistung (W)<\/strong> 10<\/p>\n<p><b>L\u00e4nge (cm) <\/b>61<\/p>\n<p><strong>H\u00f6he (cm)<\/strong> 22.5<\/p>\n<p><strong>Gewicht (kg)<\/strong> 2<\/p>\n","protected":false},"excerpt":{"rendered":"<p>Inspiriert von fliegenden V\u00f6geln, verleiht die H\u00e4ngeleuchte Night Birds jedem Interieur einen poetischen Charme und eine unvergleichliche Lebendigkeit. Was Night Birds vom Rest der Kollektion unterscheidet, ist die einzigartige Produktionstechnik, bei der das Glas in einer Form geschmolzen und dann gebogen wird. Dieser Prozess kann subtile Nuancen in die Form der Fl\u00fcgel bringen und sich [&hellip;]<\/p>\n","protected":false},"featured_media":178002,"template":"","meta":{"_acf_changed":false,"om_disable_all_campaigns":false},"product_cat":[291],"product_tag":[1254,892,1265,801,816],"bundled_by":[],"bundle_stock_status":"onbackorder","bundle_stock_quantity":null,"bundle_virtual":false,"bundle_layout":"","bundle_add_to_cart_form_location":"","bundle_editable_in_cart":false,"bundle_sold_individually_context":"","bundle_item_grouping":"","bundle_min_size":"","bundle_max_size":"","bundle_price":[],"bundled_items":[],"bundle_sell_ids":[],"acf":[],"yoast_head":"<!-- This site is optimized with the Yoast SEO Premium plugin v22.2 (Yoast SEO v22.8) - https:\/\/yoast.com\/wordpress\/plugins\/seo\/ -->\n<title>H\u00e4ngeleuchte Night Birds | Schwarz I Glas | Brokis | Ekkla<\/title>\n<meta name=\"description\" content=\"Inspiriert von fliegenden V\u00f6geln, verleiht die innovative H\u00e4ngeleuchte Night Birds jedem Interieur einen poetischen Charme und eine besondere Lebendigkeit.\" \/>\n<meta name=\"robots\" content=\"index, follow, max-snippet:-1, max-image-preview:large, max-video-preview:-1\" \/>\n<link rel=\"canonical\" href=\"https:\/\/ekkla.ch\/de\/produit\/hangeleuchte-night-birds-schwarz-glas-l-61-cm-brokis\/\" \/>\n<meta property=\"og:locale\" content=\"de_DE\" \/>\n<meta property=\"og:type\" content=\"article\" \/>\n<meta property=\"og:title\" content=\"H\u00e4ngeleuchte Night Birds - Schwarz - Glas - L.61 cm - Brokis\" \/>\n<meta property=\"og:description\" content=\"Inspiriert von fliegenden V\u00f6geln, verleiht die innovative H\u00e4ngeleuchte Night Birds jedem Interieur einen poetischen Charme und eine besondere Lebendigkeit.\" \/>\n<meta property=\"og:url\" content=\"https:\/\/ekkla.ch\/de\/produit\/hangeleuchte-night-birds-schwarz-glas-l-61-cm-brokis\/\" \/>\n<meta property=\"og:site_name\" content=\"Ekkla\" \/>\n<meta property=\"article:modified_time\" content=\"2023-07-04T09:29:40+00:00\" \/>\n<meta property=\"og:image\" content=\"https:\/\/ekkla.ch\/wp-content\/uploads\/2023\/06\/ekkla-light-brokis_0005_Calque-17.jpg\" \/>\n\t<meta property=\"og:image:width\" content=\"900\" \/>\n\t<meta property=\"og:image:height\" content=\"900\" \/>\n\t<meta property=\"og:image:type\" content=\"image\/jpeg\" \/>\n<meta name=\"twitter:card\" content=\"summary_large_image\" \/>\n<meta name=\"twitter:label1\" content=\"Gesch\u00e4tzte Lesezeit\" \/>\n\t<meta name=\"twitter:data1\" content=\"2\u00a0Minuten\" \/>\n<script type=\"application\/ld+json\" class=\"yoast-schema-graph\">{\"@context\":\"https:\/\/schema.org\",\"@graph\":[{\"@type\":\"WebPage\",\"@id\":\"https:\/\/ekkla.ch\/de\/produit\/hangeleuchte-night-birds-schwarz-glas-l-61-cm-brokis\/\",\"url\":\"https:\/\/ekkla.ch\/de\/produit\/hangeleuchte-night-birds-schwarz-glas-l-61-cm-brokis\/\",\"name\":\"H\u00e4ngeleuchte Night Birds | Schwarz I Glas | Brokis | Ekkla\",\"isPartOf\":{\"@id\":\"https:\/\/ekkla.ch\/#website\"},\"primaryImageOfPage\":{\"@id\":\"https:\/\/ekkla.ch\/de\/produit\/hangeleuchte-night-birds-schwarz-glas-l-61-cm-brokis\/#primaryimage\"},\"image\":{\"@id\":\"https:\/\/ekkla.ch\/de\/produit\/hangeleuchte-night-birds-schwarz-glas-l-61-cm-brokis\/#primaryimage\"},\"thumbnailUrl\":\"https:\/\/ekkla.ch\/wp-content\/uploads\/2023\/06\/ekkla-light-brokis_0005_Calque-17.jpg\",\"datePublished\":\"2023-06-08T12:21:18+00:00\",\"dateModified\":\"2023-07-04T09:29:40+00:00\",\"description\":\"Inspiriert von fliegenden V\u00f6geln, verleiht die innovative H\u00e4ngeleuchte Night Birds jedem Interieur einen poetischen Charme und eine besondere Lebendigkeit.\",\"breadcrumb\":{\"@id\":\"https:\/\/ekkla.ch\/de\/produit\/hangeleuchte-night-birds-schwarz-glas-l-61-cm-brokis\/#breadcrumb\"},\"inLanguage\":\"de\",\"potentialAction\":[{\"@type\":\"ReadAction\",\"target\":[\"https:\/\/ekkla.ch\/de\/produit\/hangeleuchte-night-birds-schwarz-glas-l-61-cm-brokis\/\"]}]},{\"@type\":\"ImageObject\",\"inLanguage\":\"de\",\"@id\":\"https:\/\/ekkla.ch\/de\/produit\/hangeleuchte-night-birds-schwarz-glas-l-61-cm-brokis\/#primaryimage\",\"url\":\"https:\/\/ekkla.ch\/wp-content\/uploads\/2023\/06\/ekkla-light-brokis_0005_Calque-17.jpg\",\"contentUrl\":\"https:\/\/ekkla.ch\/wp-content\/uploads\/2023\/06\/ekkla-light-brokis_0005_Calque-17.jpg\",\"width\":900,\"height\":900},{\"@type\":\"BreadcrumbList\",\"@id\":\"https:\/\/ekkla.ch\/de\/produit\/hangeleuchte-night-birds-schwarz-glas-l-61-cm-brokis\/#breadcrumb\",\"itemListElement\":[{\"@type\":\"ListItem\",\"position\":1,\"name\":\"Home\",\"item\":\"https:\/\/ekkla.ch\/de\/\"},{\"@type\":\"ListItem\",\"position\":2,\"name\":\"Shop\",\"item\":\"https:\/\/ekkla.ch\/de\/shop\/\"},{\"@type\":\"ListItem\",\"position\":3,\"name\":\"H\u00e4ngeleuchte Night Birds &#8211; Schwarz &#8211; Glas &#8211; L.61 cm &#8211; Brokis\"}]},{\"@type\":\"WebSite\",\"@id\":\"https:\/\/ekkla.ch\/#website\",\"url\":\"https:\/\/ekkla.ch\/\",\"name\":\"Ekkla\",\"description\":\"Der Onlineshop f\u00fcr Beleuchtung\",\"publisher\":{\"@id\":\"https:\/\/ekkla.ch\/#organization\"},\"potentialAction\":[{\"@type\":\"SearchAction\",\"target\":{\"@type\":\"EntryPoint\",\"urlTemplate\":\"https:\/\/ekkla.ch\/?s={search_term_string}\"},\"query-input\":\"required name=search_term_string\"}],\"inLanguage\":\"de\"},{\"@type\":\"Organization\",\"@id\":\"https:\/\/ekkla.ch\/#organization\",\"name\":\"Ekkla\",\"url\":\"https:\/\/ekkla.ch\/\",\"logo\":{\"@type\":\"ImageObject\",\"inLanguage\":\"de\",\"@id\":\"https:\/\/ekkla.ch\/#\/schema\/logo\/image\/\",\"url\":\"http:\/\/ekkla.ch\/wp-content\/uploads\/2019\/07\/logo-1.svg\",\"contentUrl\":\"http:\/\/ekkla.ch\/wp-content\/uploads\/2019\/07\/logo-1.svg\",\"width\":1,\"height\":1,\"caption\":\"Ekkla\"},\"image\":{\"@id\":\"https:\/\/ekkla.ch\/#\/schema\/logo\/image\/\"},\"sameAs\":[\"https:\/\/www.instagram.com\/ekkla_light\/\"]}]}<\/script>\n<!-- \/ Yoast SEO Premium plugin. -->","yoast_head_json":{"title":"H\u00e4ngeleuchte Night Birds | Schwarz I Glas | Brokis | Ekkla","description":"Inspiriert von fliegenden V\u00f6geln, verleiht die innovative H\u00e4ngeleuchte Night Birds jedem Interieur einen poetischen Charme und eine besondere Lebendigkeit.","robots":{"index":"index","follow":"follow","max-snippet":"max-snippet:-1","max-image-preview":"max-image-preview:large","max-video-preview":"max-video-preview:-1"},"canonical":"https:\/\/ekkla.ch\/de\/produit\/hangeleuchte-night-birds-schwarz-glas-l-61-cm-brokis\/","og_locale":"de_DE","og_type":"article","og_title":"H\u00e4ngeleuchte Night Birds - Schwarz - Glas - L.61 cm - Brokis","og_description":"Inspiriert von fliegenden V\u00f6geln, verleiht die innovative H\u00e4ngeleuchte Night Birds jedem Interieur einen poetischen Charme und eine besondere Lebendigkeit.","og_url":"https:\/\/ekkla.ch\/de\/produit\/hangeleuchte-night-birds-schwarz-glas-l-61-cm-brokis\/","og_site_name":"Ekkla","article_modified_time":"2023-07-04T09:29:40+00:00","og_image":[{"width":900,"height":900,"url":"https:\/\/ekkla.ch\/wp-content\/uploads\/2023\/06\/ekkla-light-brokis_0005_Calque-17.jpg","type":"image\/jpeg"}],"twitter_card":"summary_large_image","twitter_misc":{"Gesch\u00e4tzte Lesezeit":"2\u00a0Minuten"},"schema":{"@context":"https:\/\/schema.org","@graph":[{"@type":"WebPage","@id":"https:\/\/ekkla.ch\/de\/produit\/hangeleuchte-night-birds-schwarz-glas-l-61-cm-brokis\/","url":"https:\/\/ekkla.ch\/de\/produit\/hangeleuchte-night-birds-schwarz-glas-l-61-cm-brokis\/","name":"H\u00e4ngeleuchte Night Birds | Schwarz I Glas | Brokis | Ekkla","isPartOf":{"@id":"https:\/\/ekkla.ch\/#website"},"primaryImageOfPage":{"@id":"https:\/\/ekkla.ch\/de\/produit\/hangeleuchte-night-birds-schwarz-glas-l-61-cm-brokis\/#primaryimage"},"image":{"@id":"https:\/\/ekkla.ch\/de\/produit\/hangeleuchte-night-birds-schwarz-glas-l-61-cm-brokis\/#primaryimage"},"thumbnailUrl":"https:\/\/ekkla.ch\/wp-content\/uploads\/2023\/06\/ekkla-light-brokis_0005_Calque-17.jpg","datePublished":"2023-06-08T12:21:18+00:00","dateModified":"2023-07-04T09:29:40+00:00","description":"Inspiriert von fliegenden V\u00f6geln, verleiht die innovative H\u00e4ngeleuchte Night Birds jedem Interieur einen poetischen Charme und eine besondere Lebendigkeit.","breadcrumb":{"@id":"https:\/\/ekkla.ch\/de\/produit\/hangeleuchte-night-birds-schwarz-glas-l-61-cm-brokis\/#breadcrumb"},"inLanguage":"de","potentialAction":[{"@type":"ReadAction","target":["https:\/\/ekkla.ch\/de\/produit\/hangeleuchte-night-birds-schwarz-glas-l-61-cm-brokis\/"]}]},{"@type":"ImageObject","inLanguage":"de","@id":"https:\/\/ekkla.ch\/de\/produit\/hangeleuchte-night-birds-schwarz-glas-l-61-cm-brokis\/#primaryimage","url":"https:\/\/ekkla.ch\/wp-content\/uploads\/2023\/06\/ekkla-light-brokis_0005_Calque-17.jpg","contentUrl":"https:\/\/ekkla.ch\/wp-content\/uploads\/2023\/06\/ekkla-light-brokis_0005_Calque-17.jpg","width":900,"height":900},{"@type":"BreadcrumbList","@id":"https:\/\/ekkla.ch\/de\/produit\/hangeleuchte-night-birds-schwarz-glas-l-61-cm-brokis\/#breadcrumb","itemListElement":[{"@type":"ListItem","position":1,"name":"Home","item":"https:\/\/ekkla.ch\/de\/"},{"@type":"ListItem","position":2,"name":"Shop","item":"https:\/\/ekkla.ch\/de\/shop\/"},{"@type":"ListItem","position":3,"name":"H\u00e4ngeleuchte Night Birds &#8211; Schwarz &#8211; Glas &#8211; L.61 cm &#8211; Brokis"}]},{"@type":"WebSite","@id":"https:\/\/ekkla.ch\/#website","url":"https:\/\/ekkla.ch\/","name":"Ekkla","description":"Der Onlineshop f\u00fcr Beleuchtung","publisher":{"@id":"https:\/\/ekkla.ch\/#organization"},"potentialAction":[{"@type":"SearchAction","target":{"@type":"EntryPoint","urlTemplate":"https:\/\/ekkla.ch\/?s={search_term_string}"},"query-input":"required name=search_term_string"}],"inLanguage":"de"},{"@type":"Organization","@id":"https:\/\/ekkla.ch\/#organization","name":"Ekkla","url":"https:\/\/ekkla.ch\/","logo":{"@type":"ImageObject","inLanguage":"de","@id":"https:\/\/ekkla.ch\/#\/schema\/logo\/image\/","url":"http:\/\/ekkla.ch\/wp-content\/uploads\/2019\/07\/logo-1.svg","contentUrl":"http:\/\/ekkla.ch\/wp-content\/uploads\/2019\/07\/logo-1.svg","width":1,"height":1,"caption":"Ekkla"},"image":{"@id":"https:\/\/ekkla.ch\/#\/schema\/logo\/image\/"},"sameAs":["https:\/\/www.instagram.com\/ekkla_light\/"]}]}},"_links":{"self":[{"href":"https:\/\/ekkla.ch\/de\/wp-json\/wp\/v2\/product\/178267"}],"collection":[{"href":"https:\/\/ekkla.ch\/de\/wp-json\/wp\/v2\/product"}],"about":[{"href":"https:\/\/ekkla.ch\/de\/wp-json\/wp\/v2\/types\/product"}],"wp:featuredmedia":[{"embeddable":true,"href":"https:\/\/ekkla.ch\/de\/wp-json\/wp\/v2\/media\/178002"}],"wp:attachment":[{"href":"https:\/\/ekkla.ch\/de\/wp-json\/wp\/v2\/media?parent=178267"}],"wp:term":[{"taxonomy":"product_cat","embeddable":true,"href":"https:\/\/ekkla.ch\/de\/wp-json\/wp\/v2\/product_cat?post=178267"},{"taxonomy":"product_tag","embeddable":true,"href":"https:\/\/ekkla.ch\/de\/wp-json\/wp\/v2\/product_tag?post=178267"}],"curies":[{"name":"wp","href":"https:\/\/api.w.org\/{rel}","templated":true}]}}