{"id":178312,"date":"2023-06-05T17:24:00","date_gmt":"2023-06-05T15:24:00","guid":{"rendered":"https:\/\/ekkla.ch\/produit\/tischleuchte-muffins-s-rauchbraunes-glas-und-naturliche-eiche-h-34-brokis\/"},"modified":"2025-08-21T15:40:32","modified_gmt":"2025-08-21T13:40:32","slug":"tischleuchte-muffins-s-rauchbraunes-glas-und-naturliche-eiche-h-34-brokis","status":"publish","type":"product","link":"https:\/\/ekkla.ch\/de\/produit\/tischleuchte-muffins-s-rauchbraunes-glas-und-naturliche-eiche-h-34-brokis\/","title":{"rendered":"Tischleuchte Muffins M &#8211; Rauchbraunes Glas und nat\u00fcrliche Eiche &#8211; H.50 &#8211; Brokis"},"content":{"rendered":"<p>Ausstellungslampe \u2013 gebraucht.<\/p>\n<p>Die Tischleuchte Muffins M hat seit ihrer Markteinf\u00fchrung den Status einer Ikone erlangt und ist zu einem Symbol der Marke BROKIS geworden. Die Leuchten verf\u00fcgen \u00fcber einen mundgeblasenen Glasschirm in einem handgefertigten Holzsockel und eine Gl\u00fchbirne mit freiliegendem Gl\u00fchfaden. Die Erhabenheit des Designs liegt in der meisterhaften Kombination von zart profiliertem Glas und Massivholz. Diese Leuchte haucht jedem Raum neues Leben ein und schafft eine festliche Atmosph\u00e4re. Die Tischleuchte Muffins M bietet zahlreiche Form- und Gr\u00f6ssenvarianten sowie eine breite Palette an Glas- und Holzfarben.<\/p>\n<p>Die tschechische Premium-Leuchtenmarke Brokis steht f\u00fcr eine Synthese aus exquisitem Design, h\u00f6chster Qualit\u00e4t und dem bemerkenswerten K\u00f6nnen b\u00f6hmischer Glashandwerker. Die originellen Leuchtenkollektionen von BROKIS, die von renommierten tschechischen und ausl\u00e4ndischen Designern entworfen wurden, haben bereits regelm\u00e4ssig internationale Anerkennung und Lob erhalten. Das Unternehmen kombiniert mundgeblasenes Glas mit anderen raffinierten Materialien, wie Holz und handgepresstem Metall, in k\u00fchnen Lichtkompositionen, die die Grenzen des zeitgen\u00f6ssischen Designs sprengen. Das Portfolio von Brokis umfasst moderne funktionale Leuchten, dekorative Objekte und einzigartige Beleuchtungsl\u00f6sungen f\u00fcr Architekten und Innenarchitekten.<\/p>\n<h2 style=\"text-align: left;\">Merkmale &amp; Eigenschaften<\/h2>\n<p style=\"text-align: left;\"><strong>Marke<\/strong> Brokis<\/p>\n<p style=\"text-align: left;\"><strong>Designer<\/strong> Dan Yeffet und Lucie Koldova<\/p>\n<p style=\"text-align: left;\"><strong>Farbe<\/strong> Rauchbraun<\/p>\n<p style=\"text-align: left;\"><strong>Materialien <\/strong>Glas, Holz, Metall<\/p>\n<p style=\"text-align: left;\"><b>Gl\u00fchbirne<\/b>\u00a0E27<\/p>\n<p style=\"text-align: left;\"><strong>Max. Leistung (W)<\/strong> 60<\/p>\n<p style=\"text-align: left;\"><strong>H\u00f6he (cm)<\/strong> 50.6<\/p>\n<p style=\"text-align: left;\"><strong>Durchmesser des Lampenschirms (cm)<\/strong> 53<\/p>\n<p style=\"text-align: left;\"><strong>Gewicht (kg)<\/strong> 13<\/p>\n","protected":false},"excerpt":{"rendered":"<p>Ausstellungslampe \u2013 gebraucht. Die Tischleuchte Muffins M hat seit ihrer Markteinf\u00fchrung den Status einer Ikone erlangt und ist zu einem Symbol der Marke BROKIS geworden. Die Leuchten verf\u00fcgen \u00fcber einen mundgeblasenen Glasschirm in einem handgefertigten Holzsockel und eine Gl\u00fchbirne mit freiliegendem Gl\u00fchfaden. Die Erhabenheit des Designs liegt in der meisterhaften Kombination von zart profiliertem Glas [&hellip;]<\/p>\n","protected":false},"featured_media":199859,"template":"","meta":{"_acf_changed":false,"om_disable_all_campaigns":false},"product_cat":[290],"product_tag":[1248,896,1265,801,1072,1220,816,872,1109,883,403,928,1209,1092],"bundled_by":[],"bundle_stock_status":"instock","bundle_stock_quantity":1,"bundle_virtual":false,"bundle_layout":"","bundle_add_to_cart_form_location":"","bundle_editable_in_cart":false,"bundle_sold_individually_context":"","bundle_item_grouping":"","bundle_min_size":"","bundle_max_size":"","bundle_price":[],"bundled_items":[],"bundle_sell_ids":[],"acf":[],"yoast_head":"<!-- This site is optimized with the Yoast SEO Premium plugin v22.2 (Yoast SEO v22.8) - https:\/\/yoast.com\/wordpress\/plugins\/seo\/ -->\n<title>Tischleuchte Muffins M | Brokis | Ekkla<\/title>\n<meta name=\"description\" content=\"Tischleuchte Muffins M von Brokis. Die gesamte Kollektion von Brokis online. Kostenlose Lieferung. Sicheres Bezahlen. Schweizer Designer-Lampen-Boutique.\" \/>\n<meta name=\"robots\" content=\"index, follow, max-snippet:-1, max-image-preview:large, max-video-preview:-1\" \/>\n<link rel=\"canonical\" href=\"https:\/\/ekkla.ch\/de\/produit\/tischleuchte-muffins-s-rauchbraunes-glas-und-naturliche-eiche-h-34-brokis\/\" \/>\n<meta property=\"og:locale\" content=\"de_DE\" \/>\n<meta property=\"og:type\" content=\"article\" \/>\n<meta property=\"og:title\" content=\"Tischleuchte Muffins M - Rauchbraunes Glas und nat\u00fcrliche Eiche - H.50 - Brokis\" \/>\n<meta property=\"og:description\" content=\"Tischleuchte Muffins M von Brokis. Die gesamte Kollektion von Brokis online. Kostenlose Lieferung. Sicheres Bezahlen. Schweizer Designer-Lampen-Boutique.\" \/>\n<meta property=\"og:url\" content=\"https:\/\/ekkla.ch\/de\/produit\/tischleuchte-muffins-s-rauchbraunes-glas-und-naturliche-eiche-h-34-brokis\/\" \/>\n<meta property=\"og:site_name\" content=\"Ekkla\" \/>\n<meta property=\"article:modified_time\" content=\"2025-08-21T13:40:32+00:00\" \/>\n<meta property=\"og:image\" content=\"https:\/\/ekkla.ch\/wp-content\/uploads\/2023\/06\/ekkla-broki-muffin-m-verre-fume.jpg\" \/>\n\t<meta property=\"og:image:width\" content=\"1000\" \/>\n\t<meta property=\"og:image:height\" content=\"1000\" \/>\n\t<meta property=\"og:image:type\" content=\"image\/jpeg\" \/>\n<meta name=\"twitter:card\" content=\"summary_large_image\" \/>\n<meta name=\"twitter:label1\" content=\"Gesch\u00e4tzte Lesezeit\" \/>\n\t<meta name=\"twitter:data1\" content=\"1\u00a0Minute\" \/>\n<script type=\"application\/ld+json\" class=\"yoast-schema-graph\">{\"@context\":\"https:\/\/schema.org\",\"@graph\":[{\"@type\":\"WebPage\",\"@id\":\"https:\/\/ekkla.ch\/de\/produit\/tischleuchte-muffins-s-rauchbraunes-glas-und-naturliche-eiche-h-34-brokis\/\",\"url\":\"https:\/\/ekkla.ch\/de\/produit\/tischleuchte-muffins-s-rauchbraunes-glas-und-naturliche-eiche-h-34-brokis\/\",\"name\":\"Tischleuchte Muffins M | Brokis | Ekkla\",\"isPartOf\":{\"@id\":\"https:\/\/ekkla.ch\/#website\"},\"primaryImageOfPage\":{\"@id\":\"https:\/\/ekkla.ch\/de\/produit\/tischleuchte-muffins-s-rauchbraunes-glas-und-naturliche-eiche-h-34-brokis\/#primaryimage\"},\"image\":{\"@id\":\"https:\/\/ekkla.ch\/de\/produit\/tischleuchte-muffins-s-rauchbraunes-glas-und-naturliche-eiche-h-34-brokis\/#primaryimage\"},\"thumbnailUrl\":\"https:\/\/ekkla.ch\/wp-content\/uploads\/2023\/06\/ekkla-broki-muffin-m-verre-fume.jpg\",\"datePublished\":\"2023-06-05T15:24:00+00:00\",\"dateModified\":\"2025-08-21T13:40:32+00:00\",\"description\":\"Tischleuchte Muffins M von Brokis. Die gesamte Kollektion von Brokis online. Kostenlose Lieferung. Sicheres Bezahlen. Schweizer Designer-Lampen-Boutique.\",\"breadcrumb\":{\"@id\":\"https:\/\/ekkla.ch\/de\/produit\/tischleuchte-muffins-s-rauchbraunes-glas-und-naturliche-eiche-h-34-brokis\/#breadcrumb\"},\"inLanguage\":\"de\",\"potentialAction\":[{\"@type\":\"ReadAction\",\"target\":[\"https:\/\/ekkla.ch\/de\/produit\/tischleuchte-muffins-s-rauchbraunes-glas-und-naturliche-eiche-h-34-brokis\/\"]}]},{\"@type\":\"ImageObject\",\"inLanguage\":\"de\",\"@id\":\"https:\/\/ekkla.ch\/de\/produit\/tischleuchte-muffins-s-rauchbraunes-glas-und-naturliche-eiche-h-34-brokis\/#primaryimage\",\"url\":\"https:\/\/ekkla.ch\/wp-content\/uploads\/2023\/06\/ekkla-broki-muffin-m-verre-fume.jpg\",\"contentUrl\":\"https:\/\/ekkla.ch\/wp-content\/uploads\/2023\/06\/ekkla-broki-muffin-m-verre-fume.jpg\",\"width\":1000,\"height\":1000},{\"@type\":\"BreadcrumbList\",\"@id\":\"https:\/\/ekkla.ch\/de\/produit\/tischleuchte-muffins-s-rauchbraunes-glas-und-naturliche-eiche-h-34-brokis\/#breadcrumb\",\"itemListElement\":[{\"@type\":\"ListItem\",\"position\":1,\"name\":\"Home\",\"item\":\"https:\/\/ekkla.ch\/de\/\"},{\"@type\":\"ListItem\",\"position\":2,\"name\":\"Shop\",\"item\":\"https:\/\/ekkla.ch\/de\/shop\/\"},{\"@type\":\"ListItem\",\"position\":3,\"name\":\"Tischleuchte Muffins M - Rauchbraunes Glas und nat\u00fcrliche Eiche - H.50 - Brokis\"}]},{\"@type\":\"WebSite\",\"@id\":\"https:\/\/ekkla.ch\/#website\",\"url\":\"https:\/\/ekkla.ch\/\",\"name\":\"Ekkla\",\"description\":\"Der Onlineshop f\u00fcr Beleuchtung\",\"publisher\":{\"@id\":\"https:\/\/ekkla.ch\/#organization\"},\"potentialAction\":[{\"@type\":\"SearchAction\",\"target\":{\"@type\":\"EntryPoint\",\"urlTemplate\":\"https:\/\/ekkla.ch\/?s={search_term_string}\"},\"query-input\":\"required name=search_term_string\"}],\"inLanguage\":\"de\"},{\"@type\":\"Organization\",\"@id\":\"https:\/\/ekkla.ch\/#organization\",\"name\":\"Ekkla\",\"url\":\"https:\/\/ekkla.ch\/\",\"logo\":{\"@type\":\"ImageObject\",\"inLanguage\":\"de\",\"@id\":\"https:\/\/ekkla.ch\/#\/schema\/logo\/image\/\",\"url\":\"http:\/\/ekkla.ch\/wp-content\/uploads\/2019\/07\/logo-1.svg\",\"contentUrl\":\"http:\/\/ekkla.ch\/wp-content\/uploads\/2019\/07\/logo-1.svg\",\"width\":1,\"height\":1,\"caption\":\"Ekkla\"},\"image\":{\"@id\":\"https:\/\/ekkla.ch\/#\/schema\/logo\/image\/\"},\"sameAs\":[\"https:\/\/www.instagram.com\/ekkla_light\/\"]}]}<\/script>\n<!-- \/ Yoast SEO Premium plugin. -->","yoast_head_json":{"title":"Tischleuchte Muffins M | Brokis | Ekkla","description":"Tischleuchte Muffins M von Brokis. Die gesamte Kollektion von Brokis online. Kostenlose Lieferung. Sicheres Bezahlen. Schweizer Designer-Lampen-Boutique.","robots":{"index":"index","follow":"follow","max-snippet":"max-snippet:-1","max-image-preview":"max-image-preview:large","max-video-preview":"max-video-preview:-1"},"canonical":"https:\/\/ekkla.ch\/de\/produit\/tischleuchte-muffins-s-rauchbraunes-glas-und-naturliche-eiche-h-34-brokis\/","og_locale":"de_DE","og_type":"article","og_title":"Tischleuchte Muffins M - Rauchbraunes Glas und nat\u00fcrliche Eiche - H.50 - Brokis","og_description":"Tischleuchte Muffins M von Brokis. Die gesamte Kollektion von Brokis online. Kostenlose Lieferung. Sicheres Bezahlen. Schweizer Designer-Lampen-Boutique.","og_url":"https:\/\/ekkla.ch\/de\/produit\/tischleuchte-muffins-s-rauchbraunes-glas-und-naturliche-eiche-h-34-brokis\/","og_site_name":"Ekkla","article_modified_time":"2025-08-21T13:40:32+00:00","og_image":[{"width":1000,"height":1000,"url":"https:\/\/ekkla.ch\/wp-content\/uploads\/2023\/06\/ekkla-broki-muffin-m-verre-fume.jpg","type":"image\/jpeg"}],"twitter_card":"summary_large_image","twitter_misc":{"Gesch\u00e4tzte Lesezeit":"1\u00a0Minute"},"schema":{"@context":"https:\/\/schema.org","@graph":[{"@type":"WebPage","@id":"https:\/\/ekkla.ch\/de\/produit\/tischleuchte-muffins-s-rauchbraunes-glas-und-naturliche-eiche-h-34-brokis\/","url":"https:\/\/ekkla.ch\/de\/produit\/tischleuchte-muffins-s-rauchbraunes-glas-und-naturliche-eiche-h-34-brokis\/","name":"Tischleuchte Muffins M | Brokis | Ekkla","isPartOf":{"@id":"https:\/\/ekkla.ch\/#website"},"primaryImageOfPage":{"@id":"https:\/\/ekkla.ch\/de\/produit\/tischleuchte-muffins-s-rauchbraunes-glas-und-naturliche-eiche-h-34-brokis\/#primaryimage"},"image":{"@id":"https:\/\/ekkla.ch\/de\/produit\/tischleuchte-muffins-s-rauchbraunes-glas-und-naturliche-eiche-h-34-brokis\/#primaryimage"},"thumbnailUrl":"https:\/\/ekkla.ch\/wp-content\/uploads\/2023\/06\/ekkla-broki-muffin-m-verre-fume.jpg","datePublished":"2023-06-05T15:24:00+00:00","dateModified":"2025-08-21T13:40:32+00:00","description":"Tischleuchte Muffins M von Brokis. Die gesamte Kollektion von Brokis online. Kostenlose Lieferung. Sicheres Bezahlen. Schweizer Designer-Lampen-Boutique.","breadcrumb":{"@id":"https:\/\/ekkla.ch\/de\/produit\/tischleuchte-muffins-s-rauchbraunes-glas-und-naturliche-eiche-h-34-brokis\/#breadcrumb"},"inLanguage":"de","potentialAction":[{"@type":"ReadAction","target":["https:\/\/ekkla.ch\/de\/produit\/tischleuchte-muffins-s-rauchbraunes-glas-und-naturliche-eiche-h-34-brokis\/"]}]},{"@type":"ImageObject","inLanguage":"de","@id":"https:\/\/ekkla.ch\/de\/produit\/tischleuchte-muffins-s-rauchbraunes-glas-und-naturliche-eiche-h-34-brokis\/#primaryimage","url":"https:\/\/ekkla.ch\/wp-content\/uploads\/2023\/06\/ekkla-broki-muffin-m-verre-fume.jpg","contentUrl":"https:\/\/ekkla.ch\/wp-content\/uploads\/2023\/06\/ekkla-broki-muffin-m-verre-fume.jpg","width":1000,"height":1000},{"@type":"BreadcrumbList","@id":"https:\/\/ekkla.ch\/de\/produit\/tischleuchte-muffins-s-rauchbraunes-glas-und-naturliche-eiche-h-34-brokis\/#breadcrumb","itemListElement":[{"@type":"ListItem","position":1,"name":"Home","item":"https:\/\/ekkla.ch\/de\/"},{"@type":"ListItem","position":2,"name":"Shop","item":"https:\/\/ekkla.ch\/de\/shop\/"},{"@type":"ListItem","position":3,"name":"Tischleuchte Muffins M - Rauchbraunes Glas und nat\u00fcrliche Eiche - H.50 - Brokis"}]},{"@type":"WebSite","@id":"https:\/\/ekkla.ch\/#website","url":"https:\/\/ekkla.ch\/","name":"Ekkla","description":"Der Onlineshop f\u00fcr Beleuchtung","publisher":{"@id":"https:\/\/ekkla.ch\/#organization"},"potentialAction":[{"@type":"SearchAction","target":{"@type":"EntryPoint","urlTemplate":"https:\/\/ekkla.ch\/?s={search_term_string}"},"query-input":"required name=search_term_string"}],"inLanguage":"de"},{"@type":"Organization","@id":"https:\/\/ekkla.ch\/#organization","name":"Ekkla","url":"https:\/\/ekkla.ch\/","logo":{"@type":"ImageObject","inLanguage":"de","@id":"https:\/\/ekkla.ch\/#\/schema\/logo\/image\/","url":"http:\/\/ekkla.ch\/wp-content\/uploads\/2019\/07\/logo-1.svg","contentUrl":"http:\/\/ekkla.ch\/wp-content\/uploads\/2019\/07\/logo-1.svg","width":1,"height":1,"caption":"Ekkla"},"image":{"@id":"https:\/\/ekkla.ch\/#\/schema\/logo\/image\/"},"sameAs":["https:\/\/www.instagram.com\/ekkla_light\/"]}]}},"_links":{"self":[{"href":"https:\/\/ekkla.ch\/de\/wp-json\/wp\/v2\/product\/178312"}],"collection":[{"href":"https:\/\/ekkla.ch\/de\/wp-json\/wp\/v2\/product"}],"about":[{"href":"https:\/\/ekkla.ch\/de\/wp-json\/wp\/v2\/types\/product"}],"wp:featuredmedia":[{"embeddable":true,"href":"https:\/\/ekkla.ch\/de\/wp-json\/wp\/v2\/media\/199859"}],"wp:attachment":[{"href":"https:\/\/ekkla.ch\/de\/wp-json\/wp\/v2\/media?parent=178312"}],"wp:term":[{"taxonomy":"product_cat","embeddable":true,"href":"https:\/\/ekkla.ch\/de\/wp-json\/wp\/v2\/product_cat?post=178312"},{"taxonomy":"product_tag","embeddable":true,"href":"https:\/\/ekkla.ch\/de\/wp-json\/wp\/v2\/product_tag?post=178312"}],"curies":[{"name":"wp","href":"https:\/\/api.w.org\/{rel}","templated":true}]}}