{"id":178320,"date":"2023-06-09T15:18:09","date_gmt":"2023-06-09T13:18:09","guid":{"rendered":"https:\/\/ekkla.ch\/produit\/hangeleuchte-memory-weiss-glas-o30-brokis-2\/"},"modified":"2023-07-04T11:32:31","modified_gmt":"2023-07-04T09:32:31","slug":"hangeleuchte-memory-weiss-glas-o30-brokis-2","status":"publish","type":"product","link":"https:\/\/ekkla.ch\/de\/produit\/hangeleuchte-memory-weiss-glas-o30-brokis-2\/","title":{"rendered":"H\u00e4ngeleuchte Memory &#8211; T\u00fcrkis &#8211; Glas &#8211; \u00d830 &#8211; Brokis"},"content":{"rendered":"<p>Die H\u00e4ngeleuchte Memory regt die Fantasie an und verweist auf die Unbeschwertheit der Kindheit. Die Illusion von aufgeblasenen Luftballons ist perfekt, bis hin zur Schnur, mit der das Licht ein- und ausgeschaltet wird. Die aus mundgeblasenem Glas hergestellte H\u00e4ngeleuchte Memory l\u00e4sst den Luftballon in einem unerwarteten Material neu aufleben. Sie ist Sch\u00f6nheit in ihrer einfachsten und \u00fcberzeugendsten Form. Die Kollektion Memory besteht aus Versionen f\u00fcr die Decke und die Wand in drei verschiedenen Gr\u00f6ssen. Die breite Farbpalette und die Auswahl an Ausf\u00fchrungen, verleihen diesem Lichterlebnis eine besondere Vielseitigkeit. Es gibt auch Sets, die es erm\u00f6glichen, mehrere Lampen an einer einzigen Decke zu kombinieren. Neue Farben und Formen sind jetzt erh\u00e4ltlich, um das zehnj\u00e4hrige Jubil\u00e4um der Kollektion zu feiern. Diese Lampe passt perfekt in ein Kinderzimmer, aber auch in das Wohnzimmer oder den Eingangsbereich, um eine nonkonformistische Dekoration zu erzielen.<\/p>\n<p>Die tschechische Premium-Leuchtenmarke Brokis steht f\u00fcr eine Synthese aus exquisitem Design, h\u00f6chster Qualit\u00e4t und dem bemerkenswerten K\u00f6nnen b\u00f6hmischer Glashandwerker. Die originellen Leuchtenkollektionen von BROKIS, die von renommierten tschechischen und ausl\u00e4ndischen Designern entworfen wurden, haben bereits regelm\u00e4ssig internationale Anerkennung und Lob erhalten. Das Unternehmen kombiniert mundgeblasenes Glas mit anderen raffinierten Materialien, wie Holz und handgepresstem Metall, in k\u00fchnen Lichtkompositionen, die die Grenzen des zeitgen\u00f6ssischen Designs sprengen. Das Portfolio von Brokis umfasst moderne funktionale Leuchten, dekorative Objekte und einzigartige Beleuchtungsl\u00f6sungen f\u00fcr Architekten und Innenarchitekten.<\/p>\n<p><em>Dies ist eine handgefertigte Leuchte. Die Lieferzeit betr\u00e4gt 4 bis 8 Wochen.<\/em><\/p>\n<h2>Merkmale und Eigenschaften<\/h2>\n<p><strong>Marke<\/strong> Brokis<\/p>\n<p><strong>Designer<\/strong> Boris Klimek<\/p>\n<p><strong>Farbe<\/strong> T\u00fcrkis<\/p>\n<p><strong>Materialien <\/strong>Glas und Metall<\/p>\n<p><b>Gl\u00fchbirne<\/b> E27<\/p>\n<p><strong>Max. Leistung (W)<\/strong> 60<\/p>\n<p><b>Durchmesser (cm) <\/b>30<\/p>\n<p><strong>H\u00f6he (cm)<\/strong> 32.5<\/p>\n<p><strong>Gewicht (kg)<\/strong> 2.6<\/p>\n","protected":false},"excerpt":{"rendered":"<p>Die H\u00e4ngeleuchte Memory regt die Fantasie an und verweist auf die Unbeschwertheit der Kindheit. Die Illusion von aufgeblasenen Luftballons ist perfekt, bis hin zur Schnur, mit der das Licht ein- und ausgeschaltet wird. Die aus mundgeblasenem Glas hergestellte H\u00e4ngeleuchte Memory l\u00e4sst den Luftballon in einem unerwarteten Material neu aufleben. Sie ist Sch\u00f6nheit in ihrer einfachsten [&hellip;]<\/p>\n","protected":false},"featured_media":178332,"template":"","meta":{"_acf_changed":false,"om_disable_all_campaigns":false},"product_cat":[291],"product_tag":[1254,896,1265,801,1072,816,872,883,1178,1107],"bundled_by":[],"bundle_stock_status":"onbackorder","bundle_stock_quantity":0,"bundle_virtual":false,"bundle_layout":"","bundle_add_to_cart_form_location":"","bundle_editable_in_cart":false,"bundle_sold_individually_context":"","bundle_item_grouping":"","bundle_min_size":"","bundle_max_size":"","bundle_price":[],"bundled_items":[],"bundle_sell_ids":[],"acf":[],"yoast_head":"<!-- This site is optimized with the Yoast SEO Premium plugin v22.2 (Yoast SEO v22.8) - https:\/\/yoast.com\/wordpress\/plugins\/seo\/ -->\n<title>H\u00e4ngeleuchte Memory | T\u00fcrkis | Geblasenes Glas | Brokis | Ekkla<\/title>\n<meta name=\"description\" content=\"Die H\u00e4ngeleuchte Memory regt die Fantasie an und verweist auf die Unbeschwertheit der Kindheit. Kostenlose Lieferung. Schweizer Leuchten-Boutique.\" \/>\n<meta name=\"robots\" content=\"index, follow, max-snippet:-1, max-image-preview:large, max-video-preview:-1\" \/>\n<link rel=\"canonical\" href=\"https:\/\/ekkla.ch\/de\/produit\/hangeleuchte-memory-weiss-glas-o30-brokis-2\/\" \/>\n<meta property=\"og:locale\" content=\"de_DE\" \/>\n<meta property=\"og:type\" content=\"article\" \/>\n<meta property=\"og:title\" content=\"H\u00e4ngeleuchte Memory - T\u00fcrkis - Glas - \u00d830 - Brokis\" \/>\n<meta property=\"og:description\" content=\"Die H\u00e4ngeleuchte Memory regt die Fantasie an und verweist auf die Unbeschwertheit der Kindheit. Kostenlose Lieferung. Schweizer Leuchten-Boutique.\" \/>\n<meta property=\"og:url\" content=\"https:\/\/ekkla.ch\/de\/produit\/hangeleuchte-memory-weiss-glas-o30-brokis-2\/\" \/>\n<meta property=\"og:site_name\" content=\"Ekkla\" \/>\n<meta property=\"article:modified_time\" content=\"2023-07-04T09:32:31+00:00\" \/>\n<meta property=\"og:image\" content=\"https:\/\/ekkla.ch\/wp-content\/uploads\/2023\/06\/ekkla-light-brokis_0019_Calque-4.jpg\" \/>\n\t<meta property=\"og:image:width\" content=\"900\" \/>\n\t<meta property=\"og:image:height\" content=\"900\" \/>\n\t<meta property=\"og:image:type\" content=\"image\/jpeg\" \/>\n<meta name=\"twitter:card\" content=\"summary_large_image\" \/>\n<meta name=\"twitter:label1\" content=\"Gesch\u00e4tzte Lesezeit\" \/>\n\t<meta name=\"twitter:data1\" content=\"1\u00a0Minute\" \/>\n<script type=\"application\/ld+json\" class=\"yoast-schema-graph\">{\"@context\":\"https:\/\/schema.org\",\"@graph\":[{\"@type\":\"WebPage\",\"@id\":\"https:\/\/ekkla.ch\/de\/produit\/hangeleuchte-memory-weiss-glas-o30-brokis-2\/\",\"url\":\"https:\/\/ekkla.ch\/de\/produit\/hangeleuchte-memory-weiss-glas-o30-brokis-2\/\",\"name\":\"H\u00e4ngeleuchte Memory | T\u00fcrkis | Geblasenes Glas | Brokis | Ekkla\",\"isPartOf\":{\"@id\":\"https:\/\/ekkla.ch\/#website\"},\"primaryImageOfPage\":{\"@id\":\"https:\/\/ekkla.ch\/de\/produit\/hangeleuchte-memory-weiss-glas-o30-brokis-2\/#primaryimage\"},\"image\":{\"@id\":\"https:\/\/ekkla.ch\/de\/produit\/hangeleuchte-memory-weiss-glas-o30-brokis-2\/#primaryimage\"},\"thumbnailUrl\":\"https:\/\/ekkla.ch\/wp-content\/uploads\/2023\/06\/ekkla-light-brokis_0019_Calque-4.jpg\",\"datePublished\":\"2023-06-09T13:18:09+00:00\",\"dateModified\":\"2023-07-04T09:32:31+00:00\",\"description\":\"Die H\u00e4ngeleuchte Memory regt die Fantasie an und verweist auf die Unbeschwertheit der Kindheit. Kostenlose Lieferung. Schweizer Leuchten-Boutique.\",\"breadcrumb\":{\"@id\":\"https:\/\/ekkla.ch\/de\/produit\/hangeleuchte-memory-weiss-glas-o30-brokis-2\/#breadcrumb\"},\"inLanguage\":\"de\",\"potentialAction\":[{\"@type\":\"ReadAction\",\"target\":[\"https:\/\/ekkla.ch\/de\/produit\/hangeleuchte-memory-weiss-glas-o30-brokis-2\/\"]}]},{\"@type\":\"ImageObject\",\"inLanguage\":\"de\",\"@id\":\"https:\/\/ekkla.ch\/de\/produit\/hangeleuchte-memory-weiss-glas-o30-brokis-2\/#primaryimage\",\"url\":\"https:\/\/ekkla.ch\/wp-content\/uploads\/2023\/06\/ekkla-light-brokis_0019_Calque-4.jpg\",\"contentUrl\":\"https:\/\/ekkla.ch\/wp-content\/uploads\/2023\/06\/ekkla-light-brokis_0019_Calque-4.jpg\",\"width\":900,\"height\":900},{\"@type\":\"BreadcrumbList\",\"@id\":\"https:\/\/ekkla.ch\/de\/produit\/hangeleuchte-memory-weiss-glas-o30-brokis-2\/#breadcrumb\",\"itemListElement\":[{\"@type\":\"ListItem\",\"position\":1,\"name\":\"Home\",\"item\":\"https:\/\/ekkla.ch\/de\/\"},{\"@type\":\"ListItem\",\"position\":2,\"name\":\"Shop\",\"item\":\"https:\/\/ekkla.ch\/de\/shop\/\"},{\"@type\":\"ListItem\",\"position\":3,\"name\":\"H\u00e4ngeleuchte Memory &#8211; T\u00fcrkis &#8211; Glas &#8211; \u00d830 &#8211; Brokis\"}]},{\"@type\":\"WebSite\",\"@id\":\"https:\/\/ekkla.ch\/#website\",\"url\":\"https:\/\/ekkla.ch\/\",\"name\":\"Ekkla\",\"description\":\"Der Onlineshop f\u00fcr Beleuchtung\",\"publisher\":{\"@id\":\"https:\/\/ekkla.ch\/#organization\"},\"potentialAction\":[{\"@type\":\"SearchAction\",\"target\":{\"@type\":\"EntryPoint\",\"urlTemplate\":\"https:\/\/ekkla.ch\/?s={search_term_string}\"},\"query-input\":\"required name=search_term_string\"}],\"inLanguage\":\"de\"},{\"@type\":\"Organization\",\"@id\":\"https:\/\/ekkla.ch\/#organization\",\"name\":\"Ekkla\",\"url\":\"https:\/\/ekkla.ch\/\",\"logo\":{\"@type\":\"ImageObject\",\"inLanguage\":\"de\",\"@id\":\"https:\/\/ekkla.ch\/#\/schema\/logo\/image\/\",\"url\":\"http:\/\/ekkla.ch\/wp-content\/uploads\/2019\/07\/logo-1.svg\",\"contentUrl\":\"http:\/\/ekkla.ch\/wp-content\/uploads\/2019\/07\/logo-1.svg\",\"width\":1,\"height\":1,\"caption\":\"Ekkla\"},\"image\":{\"@id\":\"https:\/\/ekkla.ch\/#\/schema\/logo\/image\/\"},\"sameAs\":[\"https:\/\/www.instagram.com\/ekkla_light\/\"]}]}<\/script>\n<!-- \/ Yoast SEO Premium plugin. -->","yoast_head_json":{"title":"H\u00e4ngeleuchte Memory | T\u00fcrkis | Geblasenes Glas | Brokis | Ekkla","description":"Die H\u00e4ngeleuchte Memory regt die Fantasie an und verweist auf die Unbeschwertheit der Kindheit. Kostenlose Lieferung. Schweizer Leuchten-Boutique.","robots":{"index":"index","follow":"follow","max-snippet":"max-snippet:-1","max-image-preview":"max-image-preview:large","max-video-preview":"max-video-preview:-1"},"canonical":"https:\/\/ekkla.ch\/de\/produit\/hangeleuchte-memory-weiss-glas-o30-brokis-2\/","og_locale":"de_DE","og_type":"article","og_title":"H\u00e4ngeleuchte Memory - T\u00fcrkis - Glas - \u00d830 - Brokis","og_description":"Die H\u00e4ngeleuchte Memory regt die Fantasie an und verweist auf die Unbeschwertheit der Kindheit. Kostenlose Lieferung. Schweizer Leuchten-Boutique.","og_url":"https:\/\/ekkla.ch\/de\/produit\/hangeleuchte-memory-weiss-glas-o30-brokis-2\/","og_site_name":"Ekkla","article_modified_time":"2023-07-04T09:32:31+00:00","og_image":[{"width":900,"height":900,"url":"https:\/\/ekkla.ch\/wp-content\/uploads\/2023\/06\/ekkla-light-brokis_0019_Calque-4.jpg","type":"image\/jpeg"}],"twitter_card":"summary_large_image","twitter_misc":{"Gesch\u00e4tzte Lesezeit":"1\u00a0Minute"},"schema":{"@context":"https:\/\/schema.org","@graph":[{"@type":"WebPage","@id":"https:\/\/ekkla.ch\/de\/produit\/hangeleuchte-memory-weiss-glas-o30-brokis-2\/","url":"https:\/\/ekkla.ch\/de\/produit\/hangeleuchte-memory-weiss-glas-o30-brokis-2\/","name":"H\u00e4ngeleuchte Memory | T\u00fcrkis | Geblasenes Glas | Brokis | Ekkla","isPartOf":{"@id":"https:\/\/ekkla.ch\/#website"},"primaryImageOfPage":{"@id":"https:\/\/ekkla.ch\/de\/produit\/hangeleuchte-memory-weiss-glas-o30-brokis-2\/#primaryimage"},"image":{"@id":"https:\/\/ekkla.ch\/de\/produit\/hangeleuchte-memory-weiss-glas-o30-brokis-2\/#primaryimage"},"thumbnailUrl":"https:\/\/ekkla.ch\/wp-content\/uploads\/2023\/06\/ekkla-light-brokis_0019_Calque-4.jpg","datePublished":"2023-06-09T13:18:09+00:00","dateModified":"2023-07-04T09:32:31+00:00","description":"Die H\u00e4ngeleuchte Memory regt die Fantasie an und verweist auf die Unbeschwertheit der Kindheit. Kostenlose Lieferung. Schweizer Leuchten-Boutique.","breadcrumb":{"@id":"https:\/\/ekkla.ch\/de\/produit\/hangeleuchte-memory-weiss-glas-o30-brokis-2\/#breadcrumb"},"inLanguage":"de","potentialAction":[{"@type":"ReadAction","target":["https:\/\/ekkla.ch\/de\/produit\/hangeleuchte-memory-weiss-glas-o30-brokis-2\/"]}]},{"@type":"ImageObject","inLanguage":"de","@id":"https:\/\/ekkla.ch\/de\/produit\/hangeleuchte-memory-weiss-glas-o30-brokis-2\/#primaryimage","url":"https:\/\/ekkla.ch\/wp-content\/uploads\/2023\/06\/ekkla-light-brokis_0019_Calque-4.jpg","contentUrl":"https:\/\/ekkla.ch\/wp-content\/uploads\/2023\/06\/ekkla-light-brokis_0019_Calque-4.jpg","width":900,"height":900},{"@type":"BreadcrumbList","@id":"https:\/\/ekkla.ch\/de\/produit\/hangeleuchte-memory-weiss-glas-o30-brokis-2\/#breadcrumb","itemListElement":[{"@type":"ListItem","position":1,"name":"Home","item":"https:\/\/ekkla.ch\/de\/"},{"@type":"ListItem","position":2,"name":"Shop","item":"https:\/\/ekkla.ch\/de\/shop\/"},{"@type":"ListItem","position":3,"name":"H\u00e4ngeleuchte Memory &#8211; T\u00fcrkis &#8211; Glas &#8211; \u00d830 &#8211; Brokis"}]},{"@type":"WebSite","@id":"https:\/\/ekkla.ch\/#website","url":"https:\/\/ekkla.ch\/","name":"Ekkla","description":"Der Onlineshop f\u00fcr Beleuchtung","publisher":{"@id":"https:\/\/ekkla.ch\/#organization"},"potentialAction":[{"@type":"SearchAction","target":{"@type":"EntryPoint","urlTemplate":"https:\/\/ekkla.ch\/?s={search_term_string}"},"query-input":"required name=search_term_string"}],"inLanguage":"de"},{"@type":"Organization","@id":"https:\/\/ekkla.ch\/#organization","name":"Ekkla","url":"https:\/\/ekkla.ch\/","logo":{"@type":"ImageObject","inLanguage":"de","@id":"https:\/\/ekkla.ch\/#\/schema\/logo\/image\/","url":"http:\/\/ekkla.ch\/wp-content\/uploads\/2019\/07\/logo-1.svg","contentUrl":"http:\/\/ekkla.ch\/wp-content\/uploads\/2019\/07\/logo-1.svg","width":1,"height":1,"caption":"Ekkla"},"image":{"@id":"https:\/\/ekkla.ch\/#\/schema\/logo\/image\/"},"sameAs":["https:\/\/www.instagram.com\/ekkla_light\/"]}]}},"_links":{"self":[{"href":"https:\/\/ekkla.ch\/de\/wp-json\/wp\/v2\/product\/178320"}],"collection":[{"href":"https:\/\/ekkla.ch\/de\/wp-json\/wp\/v2\/product"}],"about":[{"href":"https:\/\/ekkla.ch\/de\/wp-json\/wp\/v2\/types\/product"}],"wp:featuredmedia":[{"embeddable":true,"href":"https:\/\/ekkla.ch\/de\/wp-json\/wp\/v2\/media\/178332"}],"wp:attachment":[{"href":"https:\/\/ekkla.ch\/de\/wp-json\/wp\/v2\/media?parent=178320"}],"wp:term":[{"taxonomy":"product_cat","embeddable":true,"href":"https:\/\/ekkla.ch\/de\/wp-json\/wp\/v2\/product_cat?post=178320"},{"taxonomy":"product_tag","embeddable":true,"href":"https:\/\/ekkla.ch\/de\/wp-json\/wp\/v2\/product_tag?post=178320"}],"curies":[{"name":"wp","href":"https:\/\/api.w.org\/{rel}","templated":true}]}}