{"id":178324,"date":"2023-06-09T14:57:59","date_gmt":"2023-06-09T12:57:59","guid":{"rendered":"https:\/\/ekkla.ch\/produit\/kabellose-leuchte-ivy-battery-rosa-glas-h-28-brokis\/"},"modified":"2023-06-14T16:16:56","modified_gmt":"2023-06-14T14:16:56","slug":"kabellose-leuchte-ivy-battery-rosa-glas-h-28-brokis","status":"publish","type":"product","link":"https:\/\/ekkla.ch\/de\/produit\/kabellose-leuchte-ivy-battery-rosa-glas-h-28-brokis\/","title":{"rendered":"Kabellose Leuchte Ivy Battery &#8211; Rosa &#8211; Glas &#8211; H.28 &#8211; Brokis"},"content":{"rendered":"<p>Die kabellose Leuchte Ivy Battery von Lucie Koldova ist das neueste Mitglied der Ivy-Familie, die sich von der Natur und ihrer belebenden Sch\u00f6nheit inspirieren l\u00e4sst. \u00c4hnlich wie eine Pflanze, die an einer Hauswand w\u00e4chst und klettert, verzweigt sich Ivy in verschiedene Richtungen. Die Kollektion bietet ein spezielles Modulsystem f\u00fcr einen sehr innovativen Ansatz zur variablen dekorativen Beleuchtung in vertikalen und horizontalen Kompositionen. Die neue kabellose Tischleuchte ist etwas kleiner als die urspr\u00fcngliche Ivy-Tischleuchte mit Stecker, so dass sie leicht von einem Ort zum anderen bewegt werden kann, um \u00fcberall und jederzeit einzigartige Lichterlebnisse zu schaffen.<\/p>\n<p>Obwohl sie nicht gegen den direkten Kontakt mit Wasser gesch\u00fctzt ist, eignet sie sich aufgrund ihrer Tragbarkeit und Robustheit auch f\u00fcr den Einsatz im Aussenbereich. Die kabellose Leuchte Ivy Battery funktioniert durch Kontakt und verf\u00fcgt \u00fcber drei Helligkeitseinstellungen, mit denen Sie jederzeit die Stimmung wechseln k\u00f6nnen. Der Akku versorgt die Lampe sechs Stunden lang mit Strom und kann induktiv oder \u00fcber einen USB-Anschluss aufgeladen werden. Die Kollektion besteht aus einem Metallrahmen und Lampenschirmen aus mundgeblasenem Glas, die in mattem Hellrosa, Opalweiss oder Rauchgrau erh\u00e4ltlich sind. Elegant und bis ins kleinste Detail pr\u00e4zise ausgef\u00fchrt, ist Ivy ein High-Tech-Beleuchtungskonzept. Sie eignet sich hervorragend f\u00fcr ein B\u00fcro, ein Schlafzimmer oder einen Balkon, stellt aber auch ein anmutiges und flexibles Beleuchtungsobjekt f\u00fcr Restaurants und Hotels dar, wo sie mit anderen Lampen der Ivy-Kollektion kombiniert werden kann.<\/p>\n<p>Die tschechische Premium-Leuchtenmarke Brokis steht f\u00fcr eine Synthese aus exquisitem Design, h\u00f6chster Qualit\u00e4t und dem bemerkenswerten K\u00f6nnen b\u00f6hmischer Glashandwerker. Die originellen Leuchtenkollektionen von BROKIS, die von renommierten tschechischen und ausl\u00e4ndischen Designern entworfen wurden, haben bereits regelm\u00e4ssig internationale Anerkennung und Lob erhalten. Das Unternehmen kombiniert mundgeblasenes Glas mit anderen raffinierten Materialien, wie Holz und handgepresstem Metall, in k\u00fchnen Lichtkompositionen, die die Grenzen des zeitgen\u00f6ssischen Designs sprengen. Das Portfolio von Brokis umfasst moderne funktionale Leuchten, dekorative Objekte und einzigartige Beleuchtungsl\u00f6sungen f\u00fcr Architekten und Innenarchitekten.<\/p>\n<h2>Merkmale und Eigenschaften<\/h2>\n<p><strong>Marke<\/strong>\u00a0Brokis<\/p>\n<p><strong>Designer<\/strong> Lucie Koldova<\/p>\n<p><strong>Farbe<\/strong> Rosa<\/p>\n<p><strong>Materialien <\/strong>Glas und Metall<\/p>\n<p><b>Gl\u00fchbirne <\/b>G4 LED enthalten (max 2W)<\/p>\n<p><strong>Lichtfarbe (K) <\/strong>2700<\/p>\n<p><strong>H\u00f6he (cm)<\/strong> 28<\/p>\n<p><strong>Breite (cm)<\/strong> 20<\/p>\n<p><strong>Gewicht (kg)<\/strong> 0.9<\/p>\n","protected":false},"excerpt":{"rendered":"<p>Die kabellose Leuchte Ivy Battery von Lucie Koldova ist das neueste Mitglied der Ivy-Familie, die sich von der Natur und ihrer belebenden Sch\u00f6nheit inspirieren l\u00e4sst. \u00c4hnlich wie eine Pflanze, die an einer Hauswand w\u00e4chst und klettert, verzweigt sich Ivy in verschiedene Richtungen. Die Kollektion bietet ein spezielles Modulsystem f\u00fcr einen sehr innovativen Ansatz zur variablen [&hellip;]<\/p>\n","protected":false},"featured_media":178089,"template":"","meta":{"_acf_changed":false,"om_disable_all_campaigns":false},"product_cat":[290],"product_tag":[1268,896,1265,801,1072,1220,816,872,1109,883,403,928,1209,1092],"bundled_by":[],"bundle_stock_status":"instock","bundle_stock_quantity":2,"bundle_virtual":false,"bundle_layout":"","bundle_add_to_cart_form_location":"","bundle_editable_in_cart":false,"bundle_sold_individually_context":"","bundle_item_grouping":"","bundle_min_size":"","bundle_max_size":"","bundle_price":[],"bundled_items":[],"bundle_sell_ids":[],"acf":[],"yoast_head":"<!-- This site is optimized with the Yoast SEO Premium plugin v22.2 (Yoast SEO v22.8) - https:\/\/yoast.com\/wordpress\/plugins\/seo\/ -->\n<title>Kabellose Leuchte Ivy Battery | Rosa | Glas und Metall | Brokis<\/title>\n<meta name=\"description\" content=\"Kabellose Leuchte Ivy Battery von Brokis. Die gesamte Brokis-Kollektion online. Kostenlose Lieferung. Sicheres Bezahlen. Schweizer Designer-Lampen-Boutique.\" \/>\n<meta name=\"robots\" content=\"index, follow, max-snippet:-1, max-image-preview:large, max-video-preview:-1\" \/>\n<link rel=\"canonical\" href=\"https:\/\/ekkla.ch\/de\/produit\/kabellose-leuchte-ivy-battery-rosa-glas-h-28-brokis\/\" \/>\n<meta property=\"og:locale\" content=\"de_DE\" \/>\n<meta property=\"og:type\" content=\"article\" \/>\n<meta property=\"og:title\" content=\"Kabellose Leuchte Ivy Battery - Rosa - Glas - H.28 - Brokis\" \/>\n<meta property=\"og:description\" content=\"Kabellose Leuchte Ivy Battery von Brokis. Die gesamte Brokis-Kollektion online. Kostenlose Lieferung. Sicheres Bezahlen. Schweizer Designer-Lampen-Boutique.\" \/>\n<meta property=\"og:url\" content=\"https:\/\/ekkla.ch\/de\/produit\/kabellose-leuchte-ivy-battery-rosa-glas-h-28-brokis\/\" \/>\n<meta property=\"og:site_name\" content=\"Ekkla\" \/>\n<meta property=\"article:modified_time\" content=\"2023-06-14T14:16:56+00:00\" \/>\n<meta property=\"og:image\" content=\"https:\/\/ekkla.ch\/wp-content\/uploads\/2023\/06\/ekkla-light-brokis_0015_Calque-8.jpg\" \/>\n\t<meta property=\"og:image:width\" content=\"900\" \/>\n\t<meta property=\"og:image:height\" content=\"900\" \/>\n\t<meta property=\"og:image:type\" content=\"image\/jpeg\" \/>\n<meta name=\"twitter:card\" content=\"summary_large_image\" \/>\n<meta name=\"twitter:label1\" content=\"Gesch\u00e4tzte Lesezeit\" \/>\n\t<meta name=\"twitter:data1\" content=\"2\u00a0Minuten\" \/>\n<script type=\"application\/ld+json\" class=\"yoast-schema-graph\">{\"@context\":\"https:\/\/schema.org\",\"@graph\":[{\"@type\":\"WebPage\",\"@id\":\"https:\/\/ekkla.ch\/de\/produit\/kabellose-leuchte-ivy-battery-rosa-glas-h-28-brokis\/\",\"url\":\"https:\/\/ekkla.ch\/de\/produit\/kabellose-leuchte-ivy-battery-rosa-glas-h-28-brokis\/\",\"name\":\"Kabellose Leuchte Ivy Battery | Rosa | Glas und Metall | Brokis\",\"isPartOf\":{\"@id\":\"https:\/\/ekkla.ch\/#website\"},\"primaryImageOfPage\":{\"@id\":\"https:\/\/ekkla.ch\/de\/produit\/kabellose-leuchte-ivy-battery-rosa-glas-h-28-brokis\/#primaryimage\"},\"image\":{\"@id\":\"https:\/\/ekkla.ch\/de\/produit\/kabellose-leuchte-ivy-battery-rosa-glas-h-28-brokis\/#primaryimage\"},\"thumbnailUrl\":\"https:\/\/ekkla.ch\/wp-content\/uploads\/2023\/06\/ekkla-light-brokis_0015_Calque-8.jpg\",\"datePublished\":\"2023-06-09T12:57:59+00:00\",\"dateModified\":\"2023-06-14T14:16:56+00:00\",\"description\":\"Kabellose Leuchte Ivy Battery von Brokis. Die gesamte Brokis-Kollektion online. Kostenlose Lieferung. Sicheres Bezahlen. Schweizer Designer-Lampen-Boutique.\",\"breadcrumb\":{\"@id\":\"https:\/\/ekkla.ch\/de\/produit\/kabellose-leuchte-ivy-battery-rosa-glas-h-28-brokis\/#breadcrumb\"},\"inLanguage\":\"de\",\"potentialAction\":[{\"@type\":\"ReadAction\",\"target\":[\"https:\/\/ekkla.ch\/de\/produit\/kabellose-leuchte-ivy-battery-rosa-glas-h-28-brokis\/\"]}]},{\"@type\":\"ImageObject\",\"inLanguage\":\"de\",\"@id\":\"https:\/\/ekkla.ch\/de\/produit\/kabellose-leuchte-ivy-battery-rosa-glas-h-28-brokis\/#primaryimage\",\"url\":\"https:\/\/ekkla.ch\/wp-content\/uploads\/2023\/06\/ekkla-light-brokis_0015_Calque-8.jpg\",\"contentUrl\":\"https:\/\/ekkla.ch\/wp-content\/uploads\/2023\/06\/ekkla-light-brokis_0015_Calque-8.jpg\",\"width\":900,\"height\":900},{\"@type\":\"BreadcrumbList\",\"@id\":\"https:\/\/ekkla.ch\/de\/produit\/kabellose-leuchte-ivy-battery-rosa-glas-h-28-brokis\/#breadcrumb\",\"itemListElement\":[{\"@type\":\"ListItem\",\"position\":1,\"name\":\"Home\",\"item\":\"https:\/\/ekkla.ch\/de\/\"},{\"@type\":\"ListItem\",\"position\":2,\"name\":\"Shop\",\"item\":\"https:\/\/ekkla.ch\/de\/shop\/\"},{\"@type\":\"ListItem\",\"position\":3,\"name\":\"Kabellose Leuchte Ivy Battery &#8211; Rosa &#8211; Glas &#8211; H.28 &#8211; Brokis\"}]},{\"@type\":\"WebSite\",\"@id\":\"https:\/\/ekkla.ch\/#website\",\"url\":\"https:\/\/ekkla.ch\/\",\"name\":\"Ekkla\",\"description\":\"Der Onlineshop f\u00fcr Beleuchtung\",\"publisher\":{\"@id\":\"https:\/\/ekkla.ch\/#organization\"},\"potentialAction\":[{\"@type\":\"SearchAction\",\"target\":{\"@type\":\"EntryPoint\",\"urlTemplate\":\"https:\/\/ekkla.ch\/?s={search_term_string}\"},\"query-input\":\"required name=search_term_string\"}],\"inLanguage\":\"de\"},{\"@type\":\"Organization\",\"@id\":\"https:\/\/ekkla.ch\/#organization\",\"name\":\"Ekkla\",\"url\":\"https:\/\/ekkla.ch\/\",\"logo\":{\"@type\":\"ImageObject\",\"inLanguage\":\"de\",\"@id\":\"https:\/\/ekkla.ch\/#\/schema\/logo\/image\/\",\"url\":\"http:\/\/ekkla.ch\/wp-content\/uploads\/2019\/07\/logo-1.svg\",\"contentUrl\":\"http:\/\/ekkla.ch\/wp-content\/uploads\/2019\/07\/logo-1.svg\",\"width\":1,\"height\":1,\"caption\":\"Ekkla\"},\"image\":{\"@id\":\"https:\/\/ekkla.ch\/#\/schema\/logo\/image\/\"},\"sameAs\":[\"https:\/\/www.instagram.com\/ekkla_light\/\"]}]}<\/script>\n<!-- \/ Yoast SEO Premium plugin. -->","yoast_head_json":{"title":"Kabellose Leuchte Ivy Battery | Rosa | Glas und Metall | Brokis","description":"Kabellose Leuchte Ivy Battery von Brokis. Die gesamte Brokis-Kollektion online. Kostenlose Lieferung. Sicheres Bezahlen. Schweizer Designer-Lampen-Boutique.","robots":{"index":"index","follow":"follow","max-snippet":"max-snippet:-1","max-image-preview":"max-image-preview:large","max-video-preview":"max-video-preview:-1"},"canonical":"https:\/\/ekkla.ch\/de\/produit\/kabellose-leuchte-ivy-battery-rosa-glas-h-28-brokis\/","og_locale":"de_DE","og_type":"article","og_title":"Kabellose Leuchte Ivy Battery - Rosa - Glas - H.28 - Brokis","og_description":"Kabellose Leuchte Ivy Battery von Brokis. Die gesamte Brokis-Kollektion online. Kostenlose Lieferung. Sicheres Bezahlen. Schweizer Designer-Lampen-Boutique.","og_url":"https:\/\/ekkla.ch\/de\/produit\/kabellose-leuchte-ivy-battery-rosa-glas-h-28-brokis\/","og_site_name":"Ekkla","article_modified_time":"2023-06-14T14:16:56+00:00","og_image":[{"width":900,"height":900,"url":"https:\/\/ekkla.ch\/wp-content\/uploads\/2023\/06\/ekkla-light-brokis_0015_Calque-8.jpg","type":"image\/jpeg"}],"twitter_card":"summary_large_image","twitter_misc":{"Gesch\u00e4tzte Lesezeit":"2\u00a0Minuten"},"schema":{"@context":"https:\/\/schema.org","@graph":[{"@type":"WebPage","@id":"https:\/\/ekkla.ch\/de\/produit\/kabellose-leuchte-ivy-battery-rosa-glas-h-28-brokis\/","url":"https:\/\/ekkla.ch\/de\/produit\/kabellose-leuchte-ivy-battery-rosa-glas-h-28-brokis\/","name":"Kabellose Leuchte Ivy Battery | Rosa | Glas und Metall | Brokis","isPartOf":{"@id":"https:\/\/ekkla.ch\/#website"},"primaryImageOfPage":{"@id":"https:\/\/ekkla.ch\/de\/produit\/kabellose-leuchte-ivy-battery-rosa-glas-h-28-brokis\/#primaryimage"},"image":{"@id":"https:\/\/ekkla.ch\/de\/produit\/kabellose-leuchte-ivy-battery-rosa-glas-h-28-brokis\/#primaryimage"},"thumbnailUrl":"https:\/\/ekkla.ch\/wp-content\/uploads\/2023\/06\/ekkla-light-brokis_0015_Calque-8.jpg","datePublished":"2023-06-09T12:57:59+00:00","dateModified":"2023-06-14T14:16:56+00:00","description":"Kabellose Leuchte Ivy Battery von Brokis. Die gesamte Brokis-Kollektion online. Kostenlose Lieferung. Sicheres Bezahlen. Schweizer Designer-Lampen-Boutique.","breadcrumb":{"@id":"https:\/\/ekkla.ch\/de\/produit\/kabellose-leuchte-ivy-battery-rosa-glas-h-28-brokis\/#breadcrumb"},"inLanguage":"de","potentialAction":[{"@type":"ReadAction","target":["https:\/\/ekkla.ch\/de\/produit\/kabellose-leuchte-ivy-battery-rosa-glas-h-28-brokis\/"]}]},{"@type":"ImageObject","inLanguage":"de","@id":"https:\/\/ekkla.ch\/de\/produit\/kabellose-leuchte-ivy-battery-rosa-glas-h-28-brokis\/#primaryimage","url":"https:\/\/ekkla.ch\/wp-content\/uploads\/2023\/06\/ekkla-light-brokis_0015_Calque-8.jpg","contentUrl":"https:\/\/ekkla.ch\/wp-content\/uploads\/2023\/06\/ekkla-light-brokis_0015_Calque-8.jpg","width":900,"height":900},{"@type":"BreadcrumbList","@id":"https:\/\/ekkla.ch\/de\/produit\/kabellose-leuchte-ivy-battery-rosa-glas-h-28-brokis\/#breadcrumb","itemListElement":[{"@type":"ListItem","position":1,"name":"Home","item":"https:\/\/ekkla.ch\/de\/"},{"@type":"ListItem","position":2,"name":"Shop","item":"https:\/\/ekkla.ch\/de\/shop\/"},{"@type":"ListItem","position":3,"name":"Kabellose Leuchte Ivy Battery &#8211; Rosa &#8211; Glas &#8211; H.28 &#8211; Brokis"}]},{"@type":"WebSite","@id":"https:\/\/ekkla.ch\/#website","url":"https:\/\/ekkla.ch\/","name":"Ekkla","description":"Der Onlineshop f\u00fcr Beleuchtung","publisher":{"@id":"https:\/\/ekkla.ch\/#organization"},"potentialAction":[{"@type":"SearchAction","target":{"@type":"EntryPoint","urlTemplate":"https:\/\/ekkla.ch\/?s={search_term_string}"},"query-input":"required name=search_term_string"}],"inLanguage":"de"},{"@type":"Organization","@id":"https:\/\/ekkla.ch\/#organization","name":"Ekkla","url":"https:\/\/ekkla.ch\/","logo":{"@type":"ImageObject","inLanguage":"de","@id":"https:\/\/ekkla.ch\/#\/schema\/logo\/image\/","url":"http:\/\/ekkla.ch\/wp-content\/uploads\/2019\/07\/logo-1.svg","contentUrl":"http:\/\/ekkla.ch\/wp-content\/uploads\/2019\/07\/logo-1.svg","width":1,"height":1,"caption":"Ekkla"},"image":{"@id":"https:\/\/ekkla.ch\/#\/schema\/logo\/image\/"},"sameAs":["https:\/\/www.instagram.com\/ekkla_light\/"]}]}},"_links":{"self":[{"href":"https:\/\/ekkla.ch\/de\/wp-json\/wp\/v2\/product\/178324"}],"collection":[{"href":"https:\/\/ekkla.ch\/de\/wp-json\/wp\/v2\/product"}],"about":[{"href":"https:\/\/ekkla.ch\/de\/wp-json\/wp\/v2\/types\/product"}],"wp:featuredmedia":[{"embeddable":true,"href":"https:\/\/ekkla.ch\/de\/wp-json\/wp\/v2\/media\/178089"}],"wp:attachment":[{"href":"https:\/\/ekkla.ch\/de\/wp-json\/wp\/v2\/media?parent=178324"}],"wp:term":[{"taxonomy":"product_cat","embeddable":true,"href":"https:\/\/ekkla.ch\/de\/wp-json\/wp\/v2\/product_cat?post=178324"},{"taxonomy":"product_tag","embeddable":true,"href":"https:\/\/ekkla.ch\/de\/wp-json\/wp\/v2\/product_tag?post=178324"}],"curies":[{"name":"wp","href":"https:\/\/api.w.org\/{rel}","templated":true}]}}