{"id":178454,"date":"2023-06-08T14:48:00","date_gmt":"2023-06-08T12:48:00","guid":{"rendered":"https:\/\/ekkla.ch\/produit\/hangeleuchte-benjamin-mattblau-o30-frandsen\/"},"modified":"2023-07-04T09:47:33","modified_gmt":"2023-07-04T07:47:33","slug":"hangeleuchte-benjamin-mattblau-o30-frandsen","status":"publish","type":"product","link":"https:\/\/ekkla.ch\/de\/produit\/hangeleuchte-benjamin-mattblau-o30-frandsen\/","title":{"rendered":"H\u00e4ngeleuchte Benjamin &#8211; Mattblau &#8211; \u00d830 &#8211; Frandsen"},"content":{"rendered":"<p>Die Benjamin-Serie von Benny Frandsen zeichnet sich durch ihre charakteristische Kegelform und ihr schlichtes Design aus. Dank ihres zeitlosen Aussehens wird sie viele Jahre lang den Geschmack der Zeit treffen. Ganz gleich, wie die Inneneinrichtung aussieht, diese minimalistische Lampe aus Metall ist ein nat\u00fcrlicher Blickfang und verleiht ihrer Umgebung Stil und Funktionalit\u00e4t.<\/p>\n<p>Die Innenseite des konischen Lampenschirms ist mit weissem Lack \u00fcberzogen und bietet so eine hervorragende Helligkeit, w\u00e4hrend sie gleichzeitig eine warme Atmosph\u00e4re schafft. Dank ihres einfachen, schlichten Designs und der dezenten Farbpalette f\u00fcgt sie sich problemlos in verschiedene Umgebungen ein.<\/p>\n<p>Die H\u00e4ngeleuchte Benjamin passt perfekt in die meisten Esszimmer oder K\u00fcchen, eignet sich aber auch f\u00fcr einen Arbeitsbereich oder eine andere professionelle Umgebung. Sie liefert ein nach unten gerichtetes Licht, das sehr funktional und praktisch ist.<\/p>\n<blockquote>\n<h2 style=\"text-align: left;\">Merkmale &amp; Eigenschaften<\/h2>\n<p><strong>Marke<\/strong> Frandsen<\/p>\n<p style=\"text-align: left;\"><strong>Farbe<\/strong> Mattblau<\/p>\n<p><strong>Material<\/strong> Metall<\/p>\n<p><strong>Gl\u00fchbirne<\/strong> E27<\/p>\n<p><strong>Max. Leistung (W)<\/strong> 25<\/p>\n<p><b>H\u00f6he (cm)<\/b> 22<\/p>\n<p><strong>Durchmesser (cm)<\/strong> 30<\/p>\n<p><strong>Kabell\u00e4nge (cm)<\/strong> 300<\/p>\n<p><strong>Gewicht (kg)<\/strong> 1,1<\/p><\/blockquote>\n","protected":false},"excerpt":{"rendered":"<p>Die Benjamin-Serie von Benny Frandsen zeichnet sich durch ihre charakteristische Kegelform und ihr schlichtes Design aus. Dank ihres zeitlosen Aussehens wird sie viele Jahre lang den Geschmack der Zeit treffen. Ganz gleich, wie die Inneneinrichtung aussieht, diese minimalistische Lampe aus Metall ist ein nat\u00fcrlicher Blickfang und verleiht ihrer Umgebung Stil und Funktionalit\u00e4t. Die Innenseite des [&hellip;]<\/p>\n","protected":false},"featured_media":179638,"template":"","meta":{"_acf_changed":false,"om_disable_all_campaigns":false},"product_cat":[291],"product_tag":[1256,1265],"bundled_by":[],"bundle_stock_status":"onbackorder","bundle_stock_quantity":1,"bundle_virtual":false,"bundle_layout":"","bundle_add_to_cart_form_location":"","bundle_editable_in_cart":false,"bundle_sold_individually_context":"","bundle_item_grouping":"","bundle_min_size":"","bundle_max_size":"","bundle_price":[],"bundled_items":[],"bundle_sell_ids":[],"acf":[],"yoast_head":"<!-- This site is optimized with the Yoast SEO Premium plugin v22.2 (Yoast SEO v22.8) - https:\/\/yoast.com\/wordpress\/plugins\/seo\/ -->\n<title>H\u00e4ngeleuchte Benjamin | Mattblau | Frandsen | Metall | Ekkla<\/title>\n<meta name=\"description\" content=\"Die H\u00e4ngeleuchte Benjamin passt perfekt in ein Esszimmer oder eine K\u00fcche, eignet sich aber auch f\u00fcr einen Arbeitsbereich.\" \/>\n<meta name=\"robots\" content=\"index, follow, max-snippet:-1, max-image-preview:large, max-video-preview:-1\" \/>\n<link rel=\"canonical\" href=\"https:\/\/ekkla.ch\/de\/produit\/hangeleuchte-benjamin-mattblau-o30-frandsen\/\" \/>\n<meta property=\"og:locale\" content=\"de_DE\" \/>\n<meta property=\"og:type\" content=\"article\" \/>\n<meta property=\"og:title\" content=\"H\u00e4ngeleuchte Benjamin - Mattblau - \u00d830 - Frandsen\" \/>\n<meta property=\"og:description\" content=\"Die H\u00e4ngeleuchte Benjamin passt perfekt in ein Esszimmer oder eine K\u00fcche, eignet sich aber auch f\u00fcr einen Arbeitsbereich.\" \/>\n<meta property=\"og:url\" content=\"https:\/\/ekkla.ch\/de\/produit\/hangeleuchte-benjamin-mattblau-o30-frandsen\/\" \/>\n<meta property=\"og:site_name\" content=\"Ekkla\" \/>\n<meta property=\"article:modified_time\" content=\"2023-07-04T07:47:33+00:00\" \/>\n<meta property=\"og:image\" content=\"https:\/\/ekkla.ch\/wp-content\/uploads\/2023\/06\/Ekkla-light-Frandsen-suspension-benjamin.jpg\" \/>\n\t<meta property=\"og:image:width\" content=\"900\" \/>\n\t<meta property=\"og:image:height\" content=\"900\" \/>\n\t<meta property=\"og:image:type\" content=\"image\/jpeg\" \/>\n<meta name=\"twitter:card\" content=\"summary_large_image\" \/>\n<meta name=\"twitter:label1\" content=\"Gesch\u00e4tzte Lesezeit\" \/>\n\t<meta name=\"twitter:data1\" content=\"1\u00a0Minute\" \/>\n<script type=\"application\/ld+json\" class=\"yoast-schema-graph\">{\"@context\":\"https:\/\/schema.org\",\"@graph\":[{\"@type\":\"WebPage\",\"@id\":\"https:\/\/ekkla.ch\/de\/produit\/hangeleuchte-benjamin-mattblau-o30-frandsen\/\",\"url\":\"https:\/\/ekkla.ch\/de\/produit\/hangeleuchte-benjamin-mattblau-o30-frandsen\/\",\"name\":\"H\u00e4ngeleuchte Benjamin | Mattblau | Frandsen | Metall | Ekkla\",\"isPartOf\":{\"@id\":\"https:\/\/ekkla.ch\/#website\"},\"primaryImageOfPage\":{\"@id\":\"https:\/\/ekkla.ch\/de\/produit\/hangeleuchte-benjamin-mattblau-o30-frandsen\/#primaryimage\"},\"image\":{\"@id\":\"https:\/\/ekkla.ch\/de\/produit\/hangeleuchte-benjamin-mattblau-o30-frandsen\/#primaryimage\"},\"thumbnailUrl\":\"https:\/\/ekkla.ch\/wp-content\/uploads\/2023\/06\/Ekkla-light-Frandsen-suspension-benjamin.jpg\",\"datePublished\":\"2023-06-08T12:48:00+00:00\",\"dateModified\":\"2023-07-04T07:47:33+00:00\",\"description\":\"Die H\u00e4ngeleuchte Benjamin passt perfekt in ein Esszimmer oder eine K\u00fcche, eignet sich aber auch f\u00fcr einen Arbeitsbereich.\",\"breadcrumb\":{\"@id\":\"https:\/\/ekkla.ch\/de\/produit\/hangeleuchte-benjamin-mattblau-o30-frandsen\/#breadcrumb\"},\"inLanguage\":\"de\",\"potentialAction\":[{\"@type\":\"ReadAction\",\"target\":[\"https:\/\/ekkla.ch\/de\/produit\/hangeleuchte-benjamin-mattblau-o30-frandsen\/\"]}]},{\"@type\":\"ImageObject\",\"inLanguage\":\"de\",\"@id\":\"https:\/\/ekkla.ch\/de\/produit\/hangeleuchte-benjamin-mattblau-o30-frandsen\/#primaryimage\",\"url\":\"https:\/\/ekkla.ch\/wp-content\/uploads\/2023\/06\/Ekkla-light-Frandsen-suspension-benjamin.jpg\",\"contentUrl\":\"https:\/\/ekkla.ch\/wp-content\/uploads\/2023\/06\/Ekkla-light-Frandsen-suspension-benjamin.jpg\",\"width\":900,\"height\":900},{\"@type\":\"BreadcrumbList\",\"@id\":\"https:\/\/ekkla.ch\/de\/produit\/hangeleuchte-benjamin-mattblau-o30-frandsen\/#breadcrumb\",\"itemListElement\":[{\"@type\":\"ListItem\",\"position\":1,\"name\":\"Home\",\"item\":\"https:\/\/ekkla.ch\/de\/\"},{\"@type\":\"ListItem\",\"position\":2,\"name\":\"Shop\",\"item\":\"https:\/\/ekkla.ch\/de\/shop\/\"},{\"@type\":\"ListItem\",\"position\":3,\"name\":\"H\u00e4ngeleuchte Benjamin &#8211; Mattblau &#8211; \u00d830 &#8211; Frandsen\"}]},{\"@type\":\"WebSite\",\"@id\":\"https:\/\/ekkla.ch\/#website\",\"url\":\"https:\/\/ekkla.ch\/\",\"name\":\"Ekkla\",\"description\":\"Der Onlineshop f\u00fcr Beleuchtung\",\"publisher\":{\"@id\":\"https:\/\/ekkla.ch\/#organization\"},\"potentialAction\":[{\"@type\":\"SearchAction\",\"target\":{\"@type\":\"EntryPoint\",\"urlTemplate\":\"https:\/\/ekkla.ch\/?s={search_term_string}\"},\"query-input\":\"required name=search_term_string\"}],\"inLanguage\":\"de\"},{\"@type\":\"Organization\",\"@id\":\"https:\/\/ekkla.ch\/#organization\",\"name\":\"Ekkla\",\"url\":\"https:\/\/ekkla.ch\/\",\"logo\":{\"@type\":\"ImageObject\",\"inLanguage\":\"de\",\"@id\":\"https:\/\/ekkla.ch\/#\/schema\/logo\/image\/\",\"url\":\"http:\/\/ekkla.ch\/wp-content\/uploads\/2019\/07\/logo-1.svg\",\"contentUrl\":\"http:\/\/ekkla.ch\/wp-content\/uploads\/2019\/07\/logo-1.svg\",\"width\":1,\"height\":1,\"caption\":\"Ekkla\"},\"image\":{\"@id\":\"https:\/\/ekkla.ch\/#\/schema\/logo\/image\/\"},\"sameAs\":[\"https:\/\/www.instagram.com\/ekkla_light\/\"]}]}<\/script>\n<!-- \/ Yoast SEO Premium plugin. -->","yoast_head_json":{"title":"H\u00e4ngeleuchte Benjamin | Mattblau | Frandsen | Metall | Ekkla","description":"Die H\u00e4ngeleuchte Benjamin passt perfekt in ein Esszimmer oder eine K\u00fcche, eignet sich aber auch f\u00fcr einen Arbeitsbereich.","robots":{"index":"index","follow":"follow","max-snippet":"max-snippet:-1","max-image-preview":"max-image-preview:large","max-video-preview":"max-video-preview:-1"},"canonical":"https:\/\/ekkla.ch\/de\/produit\/hangeleuchte-benjamin-mattblau-o30-frandsen\/","og_locale":"de_DE","og_type":"article","og_title":"H\u00e4ngeleuchte Benjamin - Mattblau - \u00d830 - Frandsen","og_description":"Die H\u00e4ngeleuchte Benjamin passt perfekt in ein Esszimmer oder eine K\u00fcche, eignet sich aber auch f\u00fcr einen Arbeitsbereich.","og_url":"https:\/\/ekkla.ch\/de\/produit\/hangeleuchte-benjamin-mattblau-o30-frandsen\/","og_site_name":"Ekkla","article_modified_time":"2023-07-04T07:47:33+00:00","og_image":[{"width":900,"height":900,"url":"https:\/\/ekkla.ch\/wp-content\/uploads\/2023\/06\/Ekkla-light-Frandsen-suspension-benjamin.jpg","type":"image\/jpeg"}],"twitter_card":"summary_large_image","twitter_misc":{"Gesch\u00e4tzte Lesezeit":"1\u00a0Minute"},"schema":{"@context":"https:\/\/schema.org","@graph":[{"@type":"WebPage","@id":"https:\/\/ekkla.ch\/de\/produit\/hangeleuchte-benjamin-mattblau-o30-frandsen\/","url":"https:\/\/ekkla.ch\/de\/produit\/hangeleuchte-benjamin-mattblau-o30-frandsen\/","name":"H\u00e4ngeleuchte Benjamin | Mattblau | Frandsen | Metall | Ekkla","isPartOf":{"@id":"https:\/\/ekkla.ch\/#website"},"primaryImageOfPage":{"@id":"https:\/\/ekkla.ch\/de\/produit\/hangeleuchte-benjamin-mattblau-o30-frandsen\/#primaryimage"},"image":{"@id":"https:\/\/ekkla.ch\/de\/produit\/hangeleuchte-benjamin-mattblau-o30-frandsen\/#primaryimage"},"thumbnailUrl":"https:\/\/ekkla.ch\/wp-content\/uploads\/2023\/06\/Ekkla-light-Frandsen-suspension-benjamin.jpg","datePublished":"2023-06-08T12:48:00+00:00","dateModified":"2023-07-04T07:47:33+00:00","description":"Die H\u00e4ngeleuchte Benjamin passt perfekt in ein Esszimmer oder eine K\u00fcche, eignet sich aber auch f\u00fcr einen Arbeitsbereich.","breadcrumb":{"@id":"https:\/\/ekkla.ch\/de\/produit\/hangeleuchte-benjamin-mattblau-o30-frandsen\/#breadcrumb"},"inLanguage":"de","potentialAction":[{"@type":"ReadAction","target":["https:\/\/ekkla.ch\/de\/produit\/hangeleuchte-benjamin-mattblau-o30-frandsen\/"]}]},{"@type":"ImageObject","inLanguage":"de","@id":"https:\/\/ekkla.ch\/de\/produit\/hangeleuchte-benjamin-mattblau-o30-frandsen\/#primaryimage","url":"https:\/\/ekkla.ch\/wp-content\/uploads\/2023\/06\/Ekkla-light-Frandsen-suspension-benjamin.jpg","contentUrl":"https:\/\/ekkla.ch\/wp-content\/uploads\/2023\/06\/Ekkla-light-Frandsen-suspension-benjamin.jpg","width":900,"height":900},{"@type":"BreadcrumbList","@id":"https:\/\/ekkla.ch\/de\/produit\/hangeleuchte-benjamin-mattblau-o30-frandsen\/#breadcrumb","itemListElement":[{"@type":"ListItem","position":1,"name":"Home","item":"https:\/\/ekkla.ch\/de\/"},{"@type":"ListItem","position":2,"name":"Shop","item":"https:\/\/ekkla.ch\/de\/shop\/"},{"@type":"ListItem","position":3,"name":"H\u00e4ngeleuchte Benjamin &#8211; Mattblau &#8211; \u00d830 &#8211; Frandsen"}]},{"@type":"WebSite","@id":"https:\/\/ekkla.ch\/#website","url":"https:\/\/ekkla.ch\/","name":"Ekkla","description":"Der Onlineshop f\u00fcr Beleuchtung","publisher":{"@id":"https:\/\/ekkla.ch\/#organization"},"potentialAction":[{"@type":"SearchAction","target":{"@type":"EntryPoint","urlTemplate":"https:\/\/ekkla.ch\/?s={search_term_string}"},"query-input":"required name=search_term_string"}],"inLanguage":"de"},{"@type":"Organization","@id":"https:\/\/ekkla.ch\/#organization","name":"Ekkla","url":"https:\/\/ekkla.ch\/","logo":{"@type":"ImageObject","inLanguage":"de","@id":"https:\/\/ekkla.ch\/#\/schema\/logo\/image\/","url":"http:\/\/ekkla.ch\/wp-content\/uploads\/2019\/07\/logo-1.svg","contentUrl":"http:\/\/ekkla.ch\/wp-content\/uploads\/2019\/07\/logo-1.svg","width":1,"height":1,"caption":"Ekkla"},"image":{"@id":"https:\/\/ekkla.ch\/#\/schema\/logo\/image\/"},"sameAs":["https:\/\/www.instagram.com\/ekkla_light\/"]}]}},"_links":{"self":[{"href":"https:\/\/ekkla.ch\/de\/wp-json\/wp\/v2\/product\/178454"}],"collection":[{"href":"https:\/\/ekkla.ch\/de\/wp-json\/wp\/v2\/product"}],"about":[{"href":"https:\/\/ekkla.ch\/de\/wp-json\/wp\/v2\/types\/product"}],"wp:featuredmedia":[{"embeddable":true,"href":"https:\/\/ekkla.ch\/de\/wp-json\/wp\/v2\/media\/179638"}],"wp:attachment":[{"href":"https:\/\/ekkla.ch\/de\/wp-json\/wp\/v2\/media?parent=178454"}],"wp:term":[{"taxonomy":"product_cat","embeddable":true,"href":"https:\/\/ekkla.ch\/de\/wp-json\/wp\/v2\/product_cat?post=178454"},{"taxonomy":"product_tag","embeddable":true,"href":"https:\/\/ekkla.ch\/de\/wp-json\/wp\/v2\/product_tag?post=178454"}],"curies":[{"name":"wp","href":"https:\/\/api.w.org\/{rel}","templated":true}]}}