{"id":179238,"date":"2023-07-04T17:29:10","date_gmt":"2023-07-04T15:29:11","guid":{"rendered":"https:\/\/ekkla.ch\/?post_type=product&#038;p=179238"},"modified":"2023-07-19T14:40:56","modified_gmt":"2023-07-19T12:40:56","slug":"hangeleuchte-edwin-o60-cm-sand-liewood","status":"publish","type":"product","link":"https:\/\/ekkla.ch\/de\/produit\/hangeleuchte-edwin-o60-cm-sand-liewood\/","title":{"rendered":"H\u00e4ngeleuchte Edwin &#8211;  \u00d860 cm &#8211; Sand &#8211; Liewood"},"content":{"rendered":"<p>Entdecken Sie die H\u00e4ngeleuchte Edwin von Liewood, die perfekte Wahl, um im Kinderzimmer eine sanfte und warme Atmosph\u00e4re zu schaffen. Dieser Kronleuchter vereint zeitgen\u00f6ssisches Design und Funktionalit\u00e4t.<\/p>\n<p>Die H\u00e4ngeleuchte Edwin von Liewood wird sorgf\u00e4ltig aus hochwertigen Materialien hergestellt. Seine F\u00e4rbung aus Bio-Baumwolle verleiht ihm einen weichen Touch und schafft eine beruhigende Atmosph\u00e4re. Der Kronleuchter hat zudem eine solide Metallstruktur, die f\u00fcr Stabilit\u00e4t und Sicherheit sorgt. Die Praktikabilit\u00e4t dieser H\u00e4ngeleuchte ist ebenfalls ausgezeichnet. Sie ist einfach zu installieren und kann in der H\u00f6he verstellt werden, um sich perfekt an Ihren Raum anzupassen.<\/p>\n<p>Gl\u00fchbirne nicht im Lieferumfang enthalten.<\/p>\n<blockquote>\n<h2>Merkmale &amp; Eigenschaften<\/h2>\n<p><strong>Marke<\/strong> Liewood<\/p>\n<p><strong>Farbe<\/strong> Sand<\/p>\n<p><strong>Materialien<\/strong> Reispapier, epoxydisch lackiertes Metall<\/p>\n<p><strong>Gl\u00fchbirne<\/strong> LED E27<\/p>\n<p><strong>Durchmesser (cm) <\/strong>60<\/p>\n<p><strong>H\u00f6he (cm)<\/strong> 30<\/p>\n<p><b>Zertifizierung<\/b> CE<\/p><\/blockquote>\n","protected":false},"excerpt":{"rendered":"<p>Entdecken Sie die H\u00e4ngeleuchte Edwin von Liewood, die perfekte Wahl, um im Kinderzimmer eine sanfte und warme Atmosph\u00e4re zu schaffen. Dieser Kronleuchter vereint zeitgen\u00f6ssisches Design und Funktionalit\u00e4t. Die H\u00e4ngeleuchte Edwin von Liewood wird sorgf\u00e4ltig aus hochwertigen Materialien hergestellt. Seine F\u00e4rbung aus Bio-Baumwolle verleiht ihm einen weichen Touch und schafft eine beruhigende Atmosph\u00e4re. Der Kronleuchter hat [&hellip;]<\/p>\n","protected":false},"featured_media":179585,"template":"","meta":{"_acf_changed":false,"om_disable_all_campaigns":false},"product_cat":[291],"product_tag":[1252,900,1188,1265,816,403],"bundled_by":[],"bundle_stock_status":"outofstock","bundle_stock_quantity":0,"bundle_virtual":false,"bundle_layout":"","bundle_add_to_cart_form_location":"","bundle_editable_in_cart":false,"bundle_sold_individually_context":"","bundle_item_grouping":"","bundle_min_size":"","bundle_max_size":"","bundle_price":[],"bundled_items":[],"bundle_sell_ids":[],"acf":[],"yoast_head":"<!-- This site is optimized with the Yoast SEO Premium plugin v22.2 (Yoast SEO v22.8) - https:\/\/yoast.com\/wordpress\/plugins\/seo\/ -->\n<title>Liewood | H\u00e4ngeleuchte Edwin | Nachtlicht f\u00fcr Kinder | Ekkla<\/title>\n<meta name=\"description\" content=\"Die H\u00e4ngeleuchte Edwin von Liewood ist die perfekte Wahl, um im Kinderzimmer eine weiche und warme Atmosph\u00e4re zu schaffen.\" \/>\n<meta name=\"robots\" content=\"index, follow, max-snippet:-1, max-image-preview:large, max-video-preview:-1\" \/>\n<link rel=\"canonical\" href=\"https:\/\/ekkla.ch\/de\/produit\/hangeleuchte-edwin-o60-cm-sand-liewood\/\" \/>\n<meta property=\"og:locale\" content=\"de_DE\" \/>\n<meta property=\"og:type\" content=\"article\" \/>\n<meta property=\"og:title\" content=\"H\u00e4ngeleuchte Edwin - \u00d860 cm - Sand - Liewood\" \/>\n<meta property=\"og:description\" content=\"Die H\u00e4ngeleuchte Edwin von Liewood ist die perfekte Wahl, um im Kinderzimmer eine weiche und warme Atmosph\u00e4re zu schaffen.\" \/>\n<meta property=\"og:url\" content=\"https:\/\/ekkla.ch\/de\/produit\/hangeleuchte-edwin-o60-cm-sand-liewood\/\" \/>\n<meta property=\"og:site_name\" content=\"Ekkla\" \/>\n<meta property=\"article:modified_time\" content=\"2023-07-19T12:40:56+00:00\" \/>\n<meta property=\"og:image\" content=\"https:\/\/ekkla.ch\/wp-content\/uploads\/2023\/07\/ekkla-liight-edwin-sable-2.jpg\" \/>\n\t<meta property=\"og:image:width\" content=\"900\" \/>\n\t<meta property=\"og:image:height\" content=\"900\" \/>\n\t<meta property=\"og:image:type\" content=\"image\/jpeg\" \/>\n<meta name=\"twitter:card\" content=\"summary_large_image\" \/>\n<meta name=\"twitter:label1\" content=\"Gesch\u00e4tzte Lesezeit\" \/>\n\t<meta name=\"twitter:data1\" content=\"1\u00a0Minute\" \/>\n<script type=\"application\/ld+json\" class=\"yoast-schema-graph\">{\"@context\":\"https:\/\/schema.org\",\"@graph\":[{\"@type\":\"WebPage\",\"@id\":\"https:\/\/ekkla.ch\/de\/produit\/hangeleuchte-edwin-o60-cm-sand-liewood\/\",\"url\":\"https:\/\/ekkla.ch\/de\/produit\/hangeleuchte-edwin-o60-cm-sand-liewood\/\",\"name\":\"Liewood | H\u00e4ngeleuchte Edwin | Nachtlicht f\u00fcr Kinder | Ekkla\",\"isPartOf\":{\"@id\":\"https:\/\/ekkla.ch\/#website\"},\"primaryImageOfPage\":{\"@id\":\"https:\/\/ekkla.ch\/de\/produit\/hangeleuchte-edwin-o60-cm-sand-liewood\/#primaryimage\"},\"image\":{\"@id\":\"https:\/\/ekkla.ch\/de\/produit\/hangeleuchte-edwin-o60-cm-sand-liewood\/#primaryimage\"},\"thumbnailUrl\":\"https:\/\/ekkla.ch\/wp-content\/uploads\/2023\/07\/ekkla-liight-edwin-sable-2.jpg\",\"datePublished\":\"2023-07-04T15:29:11+00:00\",\"dateModified\":\"2023-07-19T12:40:56+00:00\",\"description\":\"Die H\u00e4ngeleuchte Edwin von Liewood ist die perfekte Wahl, um im Kinderzimmer eine weiche und warme Atmosph\u00e4re zu schaffen.\",\"breadcrumb\":{\"@id\":\"https:\/\/ekkla.ch\/de\/produit\/hangeleuchte-edwin-o60-cm-sand-liewood\/#breadcrumb\"},\"inLanguage\":\"de\",\"potentialAction\":[{\"@type\":\"ReadAction\",\"target\":[\"https:\/\/ekkla.ch\/de\/produit\/hangeleuchte-edwin-o60-cm-sand-liewood\/\"]}]},{\"@type\":\"ImageObject\",\"inLanguage\":\"de\",\"@id\":\"https:\/\/ekkla.ch\/de\/produit\/hangeleuchte-edwin-o60-cm-sand-liewood\/#primaryimage\",\"url\":\"https:\/\/ekkla.ch\/wp-content\/uploads\/2023\/07\/ekkla-liight-edwin-sable-2.jpg\",\"contentUrl\":\"https:\/\/ekkla.ch\/wp-content\/uploads\/2023\/07\/ekkla-liight-edwin-sable-2.jpg\",\"width\":900,\"height\":900},{\"@type\":\"BreadcrumbList\",\"@id\":\"https:\/\/ekkla.ch\/de\/produit\/hangeleuchte-edwin-o60-cm-sand-liewood\/#breadcrumb\",\"itemListElement\":[{\"@type\":\"ListItem\",\"position\":1,\"name\":\"Home\",\"item\":\"https:\/\/ekkla.ch\/de\/\"},{\"@type\":\"ListItem\",\"position\":2,\"name\":\"Shop\",\"item\":\"https:\/\/ekkla.ch\/de\/shop\/\"},{\"@type\":\"ListItem\",\"position\":3,\"name\":\"H\u00e4ngeleuchte Edwin &#8211; \u00d860 cm &#8211; Sand &#8211; Liewood\"}]},{\"@type\":\"WebSite\",\"@id\":\"https:\/\/ekkla.ch\/#website\",\"url\":\"https:\/\/ekkla.ch\/\",\"name\":\"Ekkla\",\"description\":\"Der Onlineshop f\u00fcr Beleuchtung\",\"publisher\":{\"@id\":\"https:\/\/ekkla.ch\/#organization\"},\"potentialAction\":[{\"@type\":\"SearchAction\",\"target\":{\"@type\":\"EntryPoint\",\"urlTemplate\":\"https:\/\/ekkla.ch\/?s={search_term_string}\"},\"query-input\":\"required name=search_term_string\"}],\"inLanguage\":\"de\"},{\"@type\":\"Organization\",\"@id\":\"https:\/\/ekkla.ch\/#organization\",\"name\":\"Ekkla\",\"url\":\"https:\/\/ekkla.ch\/\",\"logo\":{\"@type\":\"ImageObject\",\"inLanguage\":\"de\",\"@id\":\"https:\/\/ekkla.ch\/#\/schema\/logo\/image\/\",\"url\":\"http:\/\/ekkla.ch\/wp-content\/uploads\/2019\/07\/logo-1.svg\",\"contentUrl\":\"http:\/\/ekkla.ch\/wp-content\/uploads\/2019\/07\/logo-1.svg\",\"width\":1,\"height\":1,\"caption\":\"Ekkla\"},\"image\":{\"@id\":\"https:\/\/ekkla.ch\/#\/schema\/logo\/image\/\"},\"sameAs\":[\"https:\/\/www.instagram.com\/ekkla_light\/\"]}]}<\/script>\n<!-- \/ Yoast SEO Premium plugin. -->","yoast_head_json":{"title":"Liewood | H\u00e4ngeleuchte Edwin | Nachtlicht f\u00fcr Kinder | Ekkla","description":"Die H\u00e4ngeleuchte Edwin von Liewood ist die perfekte Wahl, um im Kinderzimmer eine weiche und warme Atmosph\u00e4re zu schaffen.","robots":{"index":"index","follow":"follow","max-snippet":"max-snippet:-1","max-image-preview":"max-image-preview:large","max-video-preview":"max-video-preview:-1"},"canonical":"https:\/\/ekkla.ch\/de\/produit\/hangeleuchte-edwin-o60-cm-sand-liewood\/","og_locale":"de_DE","og_type":"article","og_title":"H\u00e4ngeleuchte Edwin - \u00d860 cm - Sand - Liewood","og_description":"Die H\u00e4ngeleuchte Edwin von Liewood ist die perfekte Wahl, um im Kinderzimmer eine weiche und warme Atmosph\u00e4re zu schaffen.","og_url":"https:\/\/ekkla.ch\/de\/produit\/hangeleuchte-edwin-o60-cm-sand-liewood\/","og_site_name":"Ekkla","article_modified_time":"2023-07-19T12:40:56+00:00","og_image":[{"width":900,"height":900,"url":"https:\/\/ekkla.ch\/wp-content\/uploads\/2023\/07\/ekkla-liight-edwin-sable-2.jpg","type":"image\/jpeg"}],"twitter_card":"summary_large_image","twitter_misc":{"Gesch\u00e4tzte Lesezeit":"1\u00a0Minute"},"schema":{"@context":"https:\/\/schema.org","@graph":[{"@type":"WebPage","@id":"https:\/\/ekkla.ch\/de\/produit\/hangeleuchte-edwin-o60-cm-sand-liewood\/","url":"https:\/\/ekkla.ch\/de\/produit\/hangeleuchte-edwin-o60-cm-sand-liewood\/","name":"Liewood | H\u00e4ngeleuchte Edwin | Nachtlicht f\u00fcr Kinder | Ekkla","isPartOf":{"@id":"https:\/\/ekkla.ch\/#website"},"primaryImageOfPage":{"@id":"https:\/\/ekkla.ch\/de\/produit\/hangeleuchte-edwin-o60-cm-sand-liewood\/#primaryimage"},"image":{"@id":"https:\/\/ekkla.ch\/de\/produit\/hangeleuchte-edwin-o60-cm-sand-liewood\/#primaryimage"},"thumbnailUrl":"https:\/\/ekkla.ch\/wp-content\/uploads\/2023\/07\/ekkla-liight-edwin-sable-2.jpg","datePublished":"2023-07-04T15:29:11+00:00","dateModified":"2023-07-19T12:40:56+00:00","description":"Die H\u00e4ngeleuchte Edwin von Liewood ist die perfekte Wahl, um im Kinderzimmer eine weiche und warme Atmosph\u00e4re zu schaffen.","breadcrumb":{"@id":"https:\/\/ekkla.ch\/de\/produit\/hangeleuchte-edwin-o60-cm-sand-liewood\/#breadcrumb"},"inLanguage":"de","potentialAction":[{"@type":"ReadAction","target":["https:\/\/ekkla.ch\/de\/produit\/hangeleuchte-edwin-o60-cm-sand-liewood\/"]}]},{"@type":"ImageObject","inLanguage":"de","@id":"https:\/\/ekkla.ch\/de\/produit\/hangeleuchte-edwin-o60-cm-sand-liewood\/#primaryimage","url":"https:\/\/ekkla.ch\/wp-content\/uploads\/2023\/07\/ekkla-liight-edwin-sable-2.jpg","contentUrl":"https:\/\/ekkla.ch\/wp-content\/uploads\/2023\/07\/ekkla-liight-edwin-sable-2.jpg","width":900,"height":900},{"@type":"BreadcrumbList","@id":"https:\/\/ekkla.ch\/de\/produit\/hangeleuchte-edwin-o60-cm-sand-liewood\/#breadcrumb","itemListElement":[{"@type":"ListItem","position":1,"name":"Home","item":"https:\/\/ekkla.ch\/de\/"},{"@type":"ListItem","position":2,"name":"Shop","item":"https:\/\/ekkla.ch\/de\/shop\/"},{"@type":"ListItem","position":3,"name":"H\u00e4ngeleuchte Edwin &#8211; \u00d860 cm &#8211; Sand &#8211; Liewood"}]},{"@type":"WebSite","@id":"https:\/\/ekkla.ch\/#website","url":"https:\/\/ekkla.ch\/","name":"Ekkla","description":"Der Onlineshop f\u00fcr Beleuchtung","publisher":{"@id":"https:\/\/ekkla.ch\/#organization"},"potentialAction":[{"@type":"SearchAction","target":{"@type":"EntryPoint","urlTemplate":"https:\/\/ekkla.ch\/?s={search_term_string}"},"query-input":"required name=search_term_string"}],"inLanguage":"de"},{"@type":"Organization","@id":"https:\/\/ekkla.ch\/#organization","name":"Ekkla","url":"https:\/\/ekkla.ch\/","logo":{"@type":"ImageObject","inLanguage":"de","@id":"https:\/\/ekkla.ch\/#\/schema\/logo\/image\/","url":"http:\/\/ekkla.ch\/wp-content\/uploads\/2019\/07\/logo-1.svg","contentUrl":"http:\/\/ekkla.ch\/wp-content\/uploads\/2019\/07\/logo-1.svg","width":1,"height":1,"caption":"Ekkla"},"image":{"@id":"https:\/\/ekkla.ch\/#\/schema\/logo\/image\/"},"sameAs":["https:\/\/www.instagram.com\/ekkla_light\/"]}]}},"_links":{"self":[{"href":"https:\/\/ekkla.ch\/de\/wp-json\/wp\/v2\/product\/179238"}],"collection":[{"href":"https:\/\/ekkla.ch\/de\/wp-json\/wp\/v2\/product"}],"about":[{"href":"https:\/\/ekkla.ch\/de\/wp-json\/wp\/v2\/types\/product"}],"wp:featuredmedia":[{"embeddable":true,"href":"https:\/\/ekkla.ch\/de\/wp-json\/wp\/v2\/media\/179585"}],"wp:attachment":[{"href":"https:\/\/ekkla.ch\/de\/wp-json\/wp\/v2\/media?parent=179238"}],"wp:term":[{"taxonomy":"product_cat","embeddable":true,"href":"https:\/\/ekkla.ch\/de\/wp-json\/wp\/v2\/product_cat?post=179238"},{"taxonomy":"product_tag","embeddable":true,"href":"https:\/\/ekkla.ch\/de\/wp-json\/wp\/v2\/product_tag?post=179238"}],"curies":[{"name":"wp","href":"https:\/\/api.w.org\/{rel}","templated":true}]}}