{"id":183118,"date":"2023-08-30T15:34:43","date_gmt":"2023-08-30T13:34:43","guid":{"rendered":"https:\/\/ekkla.ch\/produit\/geriffelte-hangeleuchte-s4-sandbeton-l-61-cm-gantlights\/"},"modified":"2023-09-08T17:09:41","modified_gmt":"2023-09-08T15:09:41","slug":"geriffelte-hangeleuchte-s4-sandbeton-l-61-cm-gantlights","status":"publish","type":"product","link":"https:\/\/ekkla.ch\/de\/produit\/geriffelte-hangeleuchte-s4-sandbeton-l-61-cm-gantlights\/","title":{"rendered":"Geriffelte H\u00e4ngeleuchte S4 Sandbeton &#8211; L.61 cm &#8211; Gantlights"},"content":{"rendered":"<p>Die H\u00e4ngeleuchte [S4] der S-Serie zeichnet sich durch ihr schlichtes Design und ihre gerillte Textur aus und zieht alle Blicke auf sich, wo auch immer sie platziert wird. Ob als Solit\u00e4r oder in der Gruppe, die geriffelte H\u00e4ngeleuchte S4 beeindruckt und sorgt f\u00fcr eine besonders angenehme Beleuchtung. Dank der h\u00f6henverstellbaren Aufh\u00e4ngung k\u00f6nnen Sie die Position der Lampe individuell anpassen, um das Licht optimal zu verteilen. Ob in einem B\u00fcro, \u00fcber einem Esstisch oder in einem Caf\u00e9, die H\u00e4ngeleuchte [S4] wird jedem Raum einen Hauch von Eleganz und Stil verleihen.<\/p>\n<p>Die Artikel von GANTLights sind in einer breiten Auswahl an Gr\u00f6ssen, Formen und Farben erh\u00e4ltlich. Bitte kontaktieren Sie uns per E-Mail, wenn Sie ein bestimmtes Modell oder eine bestimmte Farbe suchen, die nicht auf der Website zu finden sind.<\/p>\n<p>Diese Leuchte ist handgefertigt, handmontiert und wird nur auf Bestellung produziert.<\/p>\n<blockquote>\n<h2>Merkmale &amp; Eigenschaften<\/h2>\n<p><strong>Marke<\/strong> GANTLights<\/p>\n<p><strong>Farbe<\/strong> Sand<\/p>\n<p><strong>Material <\/strong>Beton<\/p>\n<p><strong>Lichtquelle <\/strong>Integrierte LED (dimmbar)<\/p>\n<p><strong>L\u00e4nge (cm)<\/strong> 61<\/p>\n<p><strong>Breite (cm)<\/strong> 7<\/p>\n<p><strong>H\u00f6he (cm)<\/strong> 8<\/p>\n<p><strong>Lumens (lm) <\/strong>1400<\/p>\n<p><strong>Max. Leistung (W)<\/strong> 18<\/p>\n<p><strong>Gewicht (kg)<\/strong> 5<\/p><\/blockquote>\n","protected":false},"excerpt":{"rendered":"<p>Die H\u00e4ngeleuchte [S4] der S-Serie zeichnet sich durch ihr schlichtes Design und ihre gerillte Textur aus und zieht alle Blicke auf sich, wo auch immer sie platziert wird. Ob als Solit\u00e4r oder in der Gruppe, die geriffelte H\u00e4ngeleuchte S4 beeindruckt und sorgt f\u00fcr eine besonders angenehme Beleuchtung. Dank der h\u00f6henverstellbaren Aufh\u00e4ngung k\u00f6nnen Sie die Position [&hellip;]<\/p>\n","protected":false},"featured_media":183025,"template":"","meta":{"_acf_changed":false,"om_disable_all_campaigns":false},"product_cat":[291],"product_tag":[892,1188],"bundled_by":[],"bundle_stock_status":"onbackorder","bundle_stock_quantity":null,"bundle_virtual":false,"bundle_layout":"","bundle_add_to_cart_form_location":"","bundle_editable_in_cart":false,"bundle_sold_individually_context":"","bundle_item_grouping":"","bundle_min_size":"","bundle_max_size":"","bundle_price":[],"bundled_items":[],"bundle_sell_ids":[],"acf":[],"yoast_head":"<!-- This site is optimized with the Yoast SEO Premium plugin v22.2 (Yoast SEO v22.8) - https:\/\/yoast.com\/wordpress\/plugins\/seo\/ -->\n<title>GANTlights | Geriffelte H\u00e4ngeleuchte S4 | Sandbeton | Ekkla<\/title>\n<meta name=\"description\" content=\"Geriffelte H\u00e4ngeleuchte S4 aus Beton von GantLights. Eine Kreation des Berliner Designers Stefan Gant, die vollst\u00e4ndig von Hand angefertigt wird.\" \/>\n<meta name=\"robots\" content=\"index, follow, max-snippet:-1, max-image-preview:large, max-video-preview:-1\" \/>\n<link rel=\"canonical\" href=\"https:\/\/ekkla.ch\/de\/produit\/geriffelte-hangeleuchte-s4-sandbeton-l-61-cm-gantlights\/\" \/>\n<meta property=\"og:locale\" content=\"de_DE\" \/>\n<meta property=\"og:type\" content=\"article\" \/>\n<meta property=\"og:title\" content=\"Geriffelte H\u00e4ngeleuchte S4 Sandbeton - L.61 cm - Gantlights\" \/>\n<meta property=\"og:description\" content=\"Geriffelte H\u00e4ngeleuchte S4 aus Beton von GantLights. Eine Kreation des Berliner Designers Stefan Gant, die vollst\u00e4ndig von Hand angefertigt wird.\" \/>\n<meta property=\"og:url\" content=\"https:\/\/ekkla.ch\/de\/produit\/geriffelte-hangeleuchte-s4-sandbeton-l-61-cm-gantlights\/\" \/>\n<meta property=\"og:site_name\" content=\"Ekkla\" \/>\n<meta property=\"article:modified_time\" content=\"2023-09-08T15:09:41+00:00\" \/>\n<meta property=\"og:image\" content=\"https:\/\/ekkla.ch\/wp-content\/uploads\/2023\/08\/ekkla-light-gantlights-suspension-s4-beton-sable.jpg\" \/>\n\t<meta property=\"og:image:width\" content=\"900\" \/>\n\t<meta property=\"og:image:height\" content=\"900\" \/>\n\t<meta property=\"og:image:type\" content=\"image\/jpeg\" \/>\n<meta name=\"twitter:card\" content=\"summary_large_image\" \/>\n<meta name=\"twitter:label1\" content=\"Gesch\u00e4tzte Lesezeit\" \/>\n\t<meta name=\"twitter:data1\" content=\"1\u00a0Minute\" \/>\n<script type=\"application\/ld+json\" class=\"yoast-schema-graph\">{\"@context\":\"https:\/\/schema.org\",\"@graph\":[{\"@type\":\"WebPage\",\"@id\":\"https:\/\/ekkla.ch\/de\/produit\/geriffelte-hangeleuchte-s4-sandbeton-l-61-cm-gantlights\/\",\"url\":\"https:\/\/ekkla.ch\/de\/produit\/geriffelte-hangeleuchte-s4-sandbeton-l-61-cm-gantlights\/\",\"name\":\"GANTlights | Geriffelte H\u00e4ngeleuchte S4 | Sandbeton | Ekkla\",\"isPartOf\":{\"@id\":\"https:\/\/ekkla.ch\/#website\"},\"primaryImageOfPage\":{\"@id\":\"https:\/\/ekkla.ch\/de\/produit\/geriffelte-hangeleuchte-s4-sandbeton-l-61-cm-gantlights\/#primaryimage\"},\"image\":{\"@id\":\"https:\/\/ekkla.ch\/de\/produit\/geriffelte-hangeleuchte-s4-sandbeton-l-61-cm-gantlights\/#primaryimage\"},\"thumbnailUrl\":\"https:\/\/ekkla.ch\/wp-content\/uploads\/2023\/08\/ekkla-light-gantlights-suspension-s4-beton-sable.jpg\",\"datePublished\":\"2023-08-30T13:34:43+00:00\",\"dateModified\":\"2023-09-08T15:09:41+00:00\",\"description\":\"Geriffelte H\u00e4ngeleuchte S4 aus Beton von GantLights. Eine Kreation des Berliner Designers Stefan Gant, die vollst\u00e4ndig von Hand angefertigt wird.\",\"breadcrumb\":{\"@id\":\"https:\/\/ekkla.ch\/de\/produit\/geriffelte-hangeleuchte-s4-sandbeton-l-61-cm-gantlights\/#breadcrumb\"},\"inLanguage\":\"de\",\"potentialAction\":[{\"@type\":\"ReadAction\",\"target\":[\"https:\/\/ekkla.ch\/de\/produit\/geriffelte-hangeleuchte-s4-sandbeton-l-61-cm-gantlights\/\"]}]},{\"@type\":\"ImageObject\",\"inLanguage\":\"de\",\"@id\":\"https:\/\/ekkla.ch\/de\/produit\/geriffelte-hangeleuchte-s4-sandbeton-l-61-cm-gantlights\/#primaryimage\",\"url\":\"https:\/\/ekkla.ch\/wp-content\/uploads\/2023\/08\/ekkla-light-gantlights-suspension-s4-beton-sable.jpg\",\"contentUrl\":\"https:\/\/ekkla.ch\/wp-content\/uploads\/2023\/08\/ekkla-light-gantlights-suspension-s4-beton-sable.jpg\",\"width\":900,\"height\":900},{\"@type\":\"BreadcrumbList\",\"@id\":\"https:\/\/ekkla.ch\/de\/produit\/geriffelte-hangeleuchte-s4-sandbeton-l-61-cm-gantlights\/#breadcrumb\",\"itemListElement\":[{\"@type\":\"ListItem\",\"position\":1,\"name\":\"Home\",\"item\":\"https:\/\/ekkla.ch\/de\/\"},{\"@type\":\"ListItem\",\"position\":2,\"name\":\"Shop\",\"item\":\"https:\/\/ekkla.ch\/de\/shop\/\"},{\"@type\":\"ListItem\",\"position\":3,\"name\":\"Geriffelte H\u00e4ngeleuchte S4 Sandbeton &#8211; L.61 cm &#8211; Gantlights\"}]},{\"@type\":\"WebSite\",\"@id\":\"https:\/\/ekkla.ch\/#website\",\"url\":\"https:\/\/ekkla.ch\/\",\"name\":\"Ekkla\",\"description\":\"Der Onlineshop f\u00fcr Beleuchtung\",\"publisher\":{\"@id\":\"https:\/\/ekkla.ch\/#organization\"},\"potentialAction\":[{\"@type\":\"SearchAction\",\"target\":{\"@type\":\"EntryPoint\",\"urlTemplate\":\"https:\/\/ekkla.ch\/?s={search_term_string}\"},\"query-input\":\"required name=search_term_string\"}],\"inLanguage\":\"de\"},{\"@type\":\"Organization\",\"@id\":\"https:\/\/ekkla.ch\/#organization\",\"name\":\"Ekkla\",\"url\":\"https:\/\/ekkla.ch\/\",\"logo\":{\"@type\":\"ImageObject\",\"inLanguage\":\"de\",\"@id\":\"https:\/\/ekkla.ch\/#\/schema\/logo\/image\/\",\"url\":\"http:\/\/ekkla.ch\/wp-content\/uploads\/2019\/07\/logo-1.svg\",\"contentUrl\":\"http:\/\/ekkla.ch\/wp-content\/uploads\/2019\/07\/logo-1.svg\",\"width\":1,\"height\":1,\"caption\":\"Ekkla\"},\"image\":{\"@id\":\"https:\/\/ekkla.ch\/#\/schema\/logo\/image\/\"},\"sameAs\":[\"https:\/\/www.instagram.com\/ekkla_light\/\"]}]}<\/script>\n<!-- \/ Yoast SEO Premium plugin. -->","yoast_head_json":{"title":"GANTlights | Geriffelte H\u00e4ngeleuchte S4 | Sandbeton | Ekkla","description":"Geriffelte H\u00e4ngeleuchte S4 aus Beton von GantLights. Eine Kreation des Berliner Designers Stefan Gant, die vollst\u00e4ndig von Hand angefertigt wird.","robots":{"index":"index","follow":"follow","max-snippet":"max-snippet:-1","max-image-preview":"max-image-preview:large","max-video-preview":"max-video-preview:-1"},"canonical":"https:\/\/ekkla.ch\/de\/produit\/geriffelte-hangeleuchte-s4-sandbeton-l-61-cm-gantlights\/","og_locale":"de_DE","og_type":"article","og_title":"Geriffelte H\u00e4ngeleuchte S4 Sandbeton - L.61 cm - Gantlights","og_description":"Geriffelte H\u00e4ngeleuchte S4 aus Beton von GantLights. Eine Kreation des Berliner Designers Stefan Gant, die vollst\u00e4ndig von Hand angefertigt wird.","og_url":"https:\/\/ekkla.ch\/de\/produit\/geriffelte-hangeleuchte-s4-sandbeton-l-61-cm-gantlights\/","og_site_name":"Ekkla","article_modified_time":"2023-09-08T15:09:41+00:00","og_image":[{"width":900,"height":900,"url":"https:\/\/ekkla.ch\/wp-content\/uploads\/2023\/08\/ekkla-light-gantlights-suspension-s4-beton-sable.jpg","type":"image\/jpeg"}],"twitter_card":"summary_large_image","twitter_misc":{"Gesch\u00e4tzte Lesezeit":"1\u00a0Minute"},"schema":{"@context":"https:\/\/schema.org","@graph":[{"@type":"WebPage","@id":"https:\/\/ekkla.ch\/de\/produit\/geriffelte-hangeleuchte-s4-sandbeton-l-61-cm-gantlights\/","url":"https:\/\/ekkla.ch\/de\/produit\/geriffelte-hangeleuchte-s4-sandbeton-l-61-cm-gantlights\/","name":"GANTlights | Geriffelte H\u00e4ngeleuchte S4 | Sandbeton | Ekkla","isPartOf":{"@id":"https:\/\/ekkla.ch\/#website"},"primaryImageOfPage":{"@id":"https:\/\/ekkla.ch\/de\/produit\/geriffelte-hangeleuchte-s4-sandbeton-l-61-cm-gantlights\/#primaryimage"},"image":{"@id":"https:\/\/ekkla.ch\/de\/produit\/geriffelte-hangeleuchte-s4-sandbeton-l-61-cm-gantlights\/#primaryimage"},"thumbnailUrl":"https:\/\/ekkla.ch\/wp-content\/uploads\/2023\/08\/ekkla-light-gantlights-suspension-s4-beton-sable.jpg","datePublished":"2023-08-30T13:34:43+00:00","dateModified":"2023-09-08T15:09:41+00:00","description":"Geriffelte H\u00e4ngeleuchte S4 aus Beton von GantLights. Eine Kreation des Berliner Designers Stefan Gant, die vollst\u00e4ndig von Hand angefertigt wird.","breadcrumb":{"@id":"https:\/\/ekkla.ch\/de\/produit\/geriffelte-hangeleuchte-s4-sandbeton-l-61-cm-gantlights\/#breadcrumb"},"inLanguage":"de","potentialAction":[{"@type":"ReadAction","target":["https:\/\/ekkla.ch\/de\/produit\/geriffelte-hangeleuchte-s4-sandbeton-l-61-cm-gantlights\/"]}]},{"@type":"ImageObject","inLanguage":"de","@id":"https:\/\/ekkla.ch\/de\/produit\/geriffelte-hangeleuchte-s4-sandbeton-l-61-cm-gantlights\/#primaryimage","url":"https:\/\/ekkla.ch\/wp-content\/uploads\/2023\/08\/ekkla-light-gantlights-suspension-s4-beton-sable.jpg","contentUrl":"https:\/\/ekkla.ch\/wp-content\/uploads\/2023\/08\/ekkla-light-gantlights-suspension-s4-beton-sable.jpg","width":900,"height":900},{"@type":"BreadcrumbList","@id":"https:\/\/ekkla.ch\/de\/produit\/geriffelte-hangeleuchte-s4-sandbeton-l-61-cm-gantlights\/#breadcrumb","itemListElement":[{"@type":"ListItem","position":1,"name":"Home","item":"https:\/\/ekkla.ch\/de\/"},{"@type":"ListItem","position":2,"name":"Shop","item":"https:\/\/ekkla.ch\/de\/shop\/"},{"@type":"ListItem","position":3,"name":"Geriffelte H\u00e4ngeleuchte S4 Sandbeton &#8211; L.61 cm &#8211; Gantlights"}]},{"@type":"WebSite","@id":"https:\/\/ekkla.ch\/#website","url":"https:\/\/ekkla.ch\/","name":"Ekkla","description":"Der Onlineshop f\u00fcr Beleuchtung","publisher":{"@id":"https:\/\/ekkla.ch\/#organization"},"potentialAction":[{"@type":"SearchAction","target":{"@type":"EntryPoint","urlTemplate":"https:\/\/ekkla.ch\/?s={search_term_string}"},"query-input":"required name=search_term_string"}],"inLanguage":"de"},{"@type":"Organization","@id":"https:\/\/ekkla.ch\/#organization","name":"Ekkla","url":"https:\/\/ekkla.ch\/","logo":{"@type":"ImageObject","inLanguage":"de","@id":"https:\/\/ekkla.ch\/#\/schema\/logo\/image\/","url":"http:\/\/ekkla.ch\/wp-content\/uploads\/2019\/07\/logo-1.svg","contentUrl":"http:\/\/ekkla.ch\/wp-content\/uploads\/2019\/07\/logo-1.svg","width":1,"height":1,"caption":"Ekkla"},"image":{"@id":"https:\/\/ekkla.ch\/#\/schema\/logo\/image\/"},"sameAs":["https:\/\/www.instagram.com\/ekkla_light\/"]}]}},"_links":{"self":[{"href":"https:\/\/ekkla.ch\/de\/wp-json\/wp\/v2\/product\/183118"}],"collection":[{"href":"https:\/\/ekkla.ch\/de\/wp-json\/wp\/v2\/product"}],"about":[{"href":"https:\/\/ekkla.ch\/de\/wp-json\/wp\/v2\/types\/product"}],"wp:featuredmedia":[{"embeddable":true,"href":"https:\/\/ekkla.ch\/de\/wp-json\/wp\/v2\/media\/183025"}],"wp:attachment":[{"href":"https:\/\/ekkla.ch\/de\/wp-json\/wp\/v2\/media?parent=183118"}],"wp:term":[{"taxonomy":"product_cat","embeddable":true,"href":"https:\/\/ekkla.ch\/de\/wp-json\/wp\/v2\/product_cat?post=183118"},{"taxonomy":"product_tag","embeddable":true,"href":"https:\/\/ekkla.ch\/de\/wp-json\/wp\/v2\/product_tag?post=183118"}],"curies":[{"name":"wp","href":"https:\/\/api.w.org\/{rel}","templated":true}]}}