{"id":183502,"date":"2023-09-11T20:40:29","date_gmt":"2023-09-11T18:40:29","guid":{"rendered":"https:\/\/ekkla.ch\/produit\/geriffelte-deckenleuchte-s2-korallenroter-beton-h-13-cm-gantlights\/"},"modified":"2023-09-13T02:03:23","modified_gmt":"2023-09-13T00:03:23","slug":"geriffelte-deckenleuchte-s2-korallenroter-beton-h-13-cm-gantlights","status":"publish","type":"product","link":"https:\/\/ekkla.ch\/de\/produit\/geriffelte-deckenleuchte-s2-korallenroter-beton-h-13-cm-gantlights\/","title":{"rendered":"Geriffelte Deckenleuchte S2 Korallenroter Beton &#8211; H.13 cm &#8211; Gantlights"},"content":{"rendered":"<p>Die Wandleuchten der Serie S [S2] vereinen auf elegante Weise Funktionalit\u00e4t und \u00c4sthetik. Mit ihrem geriffelten Design und den klaren Linien f\u00fcgt sich die geriffelte Deckenleuchte S2 perfekt in jeden Raum ein. Ihr kompaktes Design und die geriffelte Oberfl\u00e4che verleihen ihr einen modernen und zugleich eleganten Look. Mit dem drehbaren Spot k\u00f6nnen Sie das Licht lenken und bestimmte Bereiche hervorheben. Ob im Wohnzimmer, in der K\u00fcche oder im B\u00fcro, die Deckenleuchte [S2] bietet eine vielseitige Alternative f\u00fcr eine individuelle Beleuchtung. Gl\u00fchbirne nicht im Lieferumfang enthalten.<\/p>\n<p>Die Artikel von GANTLights sind in einer breiten Auswahl an Gr\u00f6ssen, Formen und Farben erh\u00e4ltlich. Bitte kontaktieren Sie uns per E-Mail, wenn Sie ein bestimmtes Modell oder eine bestimmte Farbe suchen, die nicht auf der Website zu finden sind.<\/p>\n<p>Diese Leuchte ist handgefertigt, handmontiert und wird nur auf Bestellung produziert.<\/p>\n<blockquote>\n<h2>Merkmale &amp; Eigenschaften<\/h2>\n<p><strong>Marke<\/strong> GANTLights<\/p>\n<p><strong>Farbe<\/strong> Korallenrot<\/p>\n<p><strong>Material<\/strong> Roher Beton<\/p>\n<p><strong>Gl\u00fchbirne<\/strong> GU10<\/p>\n<p><strong>H\u00f6he (cm)<\/strong> 13<\/p>\n<p><strong>Breite (cm)<\/strong> 10<\/p>\n<p><strong>Tiefe (cm)<\/strong> 10<\/p>\n<p><b>Gewicht (kg) <\/b>0,9<\/p><\/blockquote>\n","protected":false},"excerpt":{"rendered":"<p>Die Wandleuchten der Serie S [S2] vereinen auf elegante Weise Funktionalit\u00e4t und \u00c4sthetik. Mit ihrem geriffelten Design und den klaren Linien f\u00fcgt sich die geriffelte Deckenleuchte S2 perfekt in jeden Raum ein. Ihr kompaktes Design und die geriffelte Oberfl\u00e4che verleihen ihr einen modernen und zugleich eleganten Look. Mit dem drehbaren Spot k\u00f6nnen Sie das Licht [&hellip;]<\/p>\n","protected":false},"featured_media":183311,"template":"","meta":{"_acf_changed":false,"om_disable_all_campaigns":false},"product_cat":[561],"product_tag":[892,1188],"bundled_by":[],"bundle_stock_status":"onbackorder","bundle_stock_quantity":null,"bundle_virtual":false,"bundle_layout":"","bundle_add_to_cart_form_location":"","bundle_editable_in_cart":false,"bundle_sold_individually_context":"","bundle_item_grouping":"","bundle_min_size":"","bundle_max_size":"","bundle_price":[],"bundled_items":[],"bundle_sell_ids":[],"acf":[],"yoast_head":"<!-- This site is optimized with the Yoast SEO Premium plugin v22.2 (Yoast SEO v22.8) - https:\/\/yoast.com\/wordpress\/plugins\/seo\/ -->\n<title>GANTlights | Geriffelte Deckenleuchte S2 | Korallen Beton | Ekkla<\/title>\n<meta name=\"description\" content=\"Geriffelte Deckenleuchte S2 aus Beton von GantLights. Eine Kreation des Berliner Designers Stefan Gant, die vollst\u00e4ndig von Hand angefertigt wird.\" \/>\n<meta name=\"robots\" content=\"index, follow, max-snippet:-1, max-image-preview:large, max-video-preview:-1\" \/>\n<link rel=\"canonical\" href=\"https:\/\/ekkla.ch\/de\/produit\/geriffelte-deckenleuchte-s2-korallenroter-beton-h-13-cm-gantlights\/\" \/>\n<meta property=\"og:locale\" content=\"de_DE\" \/>\n<meta property=\"og:type\" content=\"article\" \/>\n<meta property=\"og:title\" content=\"Geriffelte Deckenleuchte S2 Korallenroter Beton - H.13 cm - Gantlights\" \/>\n<meta property=\"og:description\" content=\"Geriffelte Deckenleuchte S2 aus Beton von GantLights. Eine Kreation des Berliner Designers Stefan Gant, die vollst\u00e4ndig von Hand angefertigt wird.\" \/>\n<meta property=\"og:url\" content=\"https:\/\/ekkla.ch\/de\/produit\/geriffelte-deckenleuchte-s2-korallenroter-beton-h-13-cm-gantlights\/\" \/>\n<meta property=\"og:site_name\" content=\"Ekkla\" \/>\n<meta property=\"article:modified_time\" content=\"2023-09-13T00:03:23+00:00\" \/>\n<meta property=\"og:image\" content=\"https:\/\/ekkla.ch\/wp-content\/uploads\/2023\/09\/ekkla-light-gantlights-plafonnier-s2-beton-corail.jpg\" \/>\n\t<meta property=\"og:image:width\" content=\"900\" \/>\n\t<meta property=\"og:image:height\" content=\"900\" \/>\n\t<meta property=\"og:image:type\" content=\"image\/jpeg\" \/>\n<meta name=\"twitter:card\" content=\"summary_large_image\" \/>\n<meta name=\"twitter:label1\" content=\"Gesch\u00e4tzte Lesezeit\" \/>\n\t<meta name=\"twitter:data1\" content=\"1\u00a0Minute\" \/>\n<script type=\"application\/ld+json\" class=\"yoast-schema-graph\">{\"@context\":\"https:\/\/schema.org\",\"@graph\":[{\"@type\":\"WebPage\",\"@id\":\"https:\/\/ekkla.ch\/de\/produit\/geriffelte-deckenleuchte-s2-korallenroter-beton-h-13-cm-gantlights\/\",\"url\":\"https:\/\/ekkla.ch\/de\/produit\/geriffelte-deckenleuchte-s2-korallenroter-beton-h-13-cm-gantlights\/\",\"name\":\"GANTlights | Geriffelte Deckenleuchte S2 | Korallen Beton | Ekkla\",\"isPartOf\":{\"@id\":\"https:\/\/ekkla.ch\/#website\"},\"primaryImageOfPage\":{\"@id\":\"https:\/\/ekkla.ch\/de\/produit\/geriffelte-deckenleuchte-s2-korallenroter-beton-h-13-cm-gantlights\/#primaryimage\"},\"image\":{\"@id\":\"https:\/\/ekkla.ch\/de\/produit\/geriffelte-deckenleuchte-s2-korallenroter-beton-h-13-cm-gantlights\/#primaryimage\"},\"thumbnailUrl\":\"https:\/\/ekkla.ch\/wp-content\/uploads\/2023\/09\/ekkla-light-gantlights-plafonnier-s2-beton-corail.jpg\",\"datePublished\":\"2023-09-11T18:40:29+00:00\",\"dateModified\":\"2023-09-13T00:03:23+00:00\",\"description\":\"Geriffelte Deckenleuchte S2 aus Beton von GantLights. Eine Kreation des Berliner Designers Stefan Gant, die vollst\u00e4ndig von Hand angefertigt wird.\",\"breadcrumb\":{\"@id\":\"https:\/\/ekkla.ch\/de\/produit\/geriffelte-deckenleuchte-s2-korallenroter-beton-h-13-cm-gantlights\/#breadcrumb\"},\"inLanguage\":\"de\",\"potentialAction\":[{\"@type\":\"ReadAction\",\"target\":[\"https:\/\/ekkla.ch\/de\/produit\/geriffelte-deckenleuchte-s2-korallenroter-beton-h-13-cm-gantlights\/\"]}]},{\"@type\":\"ImageObject\",\"inLanguage\":\"de\",\"@id\":\"https:\/\/ekkla.ch\/de\/produit\/geriffelte-deckenleuchte-s2-korallenroter-beton-h-13-cm-gantlights\/#primaryimage\",\"url\":\"https:\/\/ekkla.ch\/wp-content\/uploads\/2023\/09\/ekkla-light-gantlights-plafonnier-s2-beton-corail.jpg\",\"contentUrl\":\"https:\/\/ekkla.ch\/wp-content\/uploads\/2023\/09\/ekkla-light-gantlights-plafonnier-s2-beton-corail.jpg\",\"width\":900,\"height\":900},{\"@type\":\"BreadcrumbList\",\"@id\":\"https:\/\/ekkla.ch\/de\/produit\/geriffelte-deckenleuchte-s2-korallenroter-beton-h-13-cm-gantlights\/#breadcrumb\",\"itemListElement\":[{\"@type\":\"ListItem\",\"position\":1,\"name\":\"Home\",\"item\":\"https:\/\/ekkla.ch\/de\/\"},{\"@type\":\"ListItem\",\"position\":2,\"name\":\"Shop\",\"item\":\"https:\/\/ekkla.ch\/de\/shop\/\"},{\"@type\":\"ListItem\",\"position\":3,\"name\":\"Geriffelte Deckenleuchte S2 Korallenroter Beton &#8211; H.13 cm &#8211; Gantlights\"}]},{\"@type\":\"WebSite\",\"@id\":\"https:\/\/ekkla.ch\/#website\",\"url\":\"https:\/\/ekkla.ch\/\",\"name\":\"Ekkla\",\"description\":\"Der Onlineshop f\u00fcr Beleuchtung\",\"publisher\":{\"@id\":\"https:\/\/ekkla.ch\/#organization\"},\"potentialAction\":[{\"@type\":\"SearchAction\",\"target\":{\"@type\":\"EntryPoint\",\"urlTemplate\":\"https:\/\/ekkla.ch\/?s={search_term_string}\"},\"query-input\":\"required name=search_term_string\"}],\"inLanguage\":\"de\"},{\"@type\":\"Organization\",\"@id\":\"https:\/\/ekkla.ch\/#organization\",\"name\":\"Ekkla\",\"url\":\"https:\/\/ekkla.ch\/\",\"logo\":{\"@type\":\"ImageObject\",\"inLanguage\":\"de\",\"@id\":\"https:\/\/ekkla.ch\/#\/schema\/logo\/image\/\",\"url\":\"http:\/\/ekkla.ch\/wp-content\/uploads\/2019\/07\/logo-1.svg\",\"contentUrl\":\"http:\/\/ekkla.ch\/wp-content\/uploads\/2019\/07\/logo-1.svg\",\"width\":1,\"height\":1,\"caption\":\"Ekkla\"},\"image\":{\"@id\":\"https:\/\/ekkla.ch\/#\/schema\/logo\/image\/\"},\"sameAs\":[\"https:\/\/www.instagram.com\/ekkla_light\/\"]}]}<\/script>\n<!-- \/ Yoast SEO Premium plugin. -->","yoast_head_json":{"title":"GANTlights | Geriffelte Deckenleuchte S2 | Korallen Beton | Ekkla","description":"Geriffelte Deckenleuchte S2 aus Beton von GantLights. Eine Kreation des Berliner Designers Stefan Gant, die vollst\u00e4ndig von Hand angefertigt wird.","robots":{"index":"index","follow":"follow","max-snippet":"max-snippet:-1","max-image-preview":"max-image-preview:large","max-video-preview":"max-video-preview:-1"},"canonical":"https:\/\/ekkla.ch\/de\/produit\/geriffelte-deckenleuchte-s2-korallenroter-beton-h-13-cm-gantlights\/","og_locale":"de_DE","og_type":"article","og_title":"Geriffelte Deckenleuchte S2 Korallenroter Beton - H.13 cm - Gantlights","og_description":"Geriffelte Deckenleuchte S2 aus Beton von GantLights. Eine Kreation des Berliner Designers Stefan Gant, die vollst\u00e4ndig von Hand angefertigt wird.","og_url":"https:\/\/ekkla.ch\/de\/produit\/geriffelte-deckenleuchte-s2-korallenroter-beton-h-13-cm-gantlights\/","og_site_name":"Ekkla","article_modified_time":"2023-09-13T00:03:23+00:00","og_image":[{"width":900,"height":900,"url":"https:\/\/ekkla.ch\/wp-content\/uploads\/2023\/09\/ekkla-light-gantlights-plafonnier-s2-beton-corail.jpg","type":"image\/jpeg"}],"twitter_card":"summary_large_image","twitter_misc":{"Gesch\u00e4tzte Lesezeit":"1\u00a0Minute"},"schema":{"@context":"https:\/\/schema.org","@graph":[{"@type":"WebPage","@id":"https:\/\/ekkla.ch\/de\/produit\/geriffelte-deckenleuchte-s2-korallenroter-beton-h-13-cm-gantlights\/","url":"https:\/\/ekkla.ch\/de\/produit\/geriffelte-deckenleuchte-s2-korallenroter-beton-h-13-cm-gantlights\/","name":"GANTlights | Geriffelte Deckenleuchte S2 | Korallen Beton | Ekkla","isPartOf":{"@id":"https:\/\/ekkla.ch\/#website"},"primaryImageOfPage":{"@id":"https:\/\/ekkla.ch\/de\/produit\/geriffelte-deckenleuchte-s2-korallenroter-beton-h-13-cm-gantlights\/#primaryimage"},"image":{"@id":"https:\/\/ekkla.ch\/de\/produit\/geriffelte-deckenleuchte-s2-korallenroter-beton-h-13-cm-gantlights\/#primaryimage"},"thumbnailUrl":"https:\/\/ekkla.ch\/wp-content\/uploads\/2023\/09\/ekkla-light-gantlights-plafonnier-s2-beton-corail.jpg","datePublished":"2023-09-11T18:40:29+00:00","dateModified":"2023-09-13T00:03:23+00:00","description":"Geriffelte Deckenleuchte S2 aus Beton von GantLights. Eine Kreation des Berliner Designers Stefan Gant, die vollst\u00e4ndig von Hand angefertigt wird.","breadcrumb":{"@id":"https:\/\/ekkla.ch\/de\/produit\/geriffelte-deckenleuchte-s2-korallenroter-beton-h-13-cm-gantlights\/#breadcrumb"},"inLanguage":"de","potentialAction":[{"@type":"ReadAction","target":["https:\/\/ekkla.ch\/de\/produit\/geriffelte-deckenleuchte-s2-korallenroter-beton-h-13-cm-gantlights\/"]}]},{"@type":"ImageObject","inLanguage":"de","@id":"https:\/\/ekkla.ch\/de\/produit\/geriffelte-deckenleuchte-s2-korallenroter-beton-h-13-cm-gantlights\/#primaryimage","url":"https:\/\/ekkla.ch\/wp-content\/uploads\/2023\/09\/ekkla-light-gantlights-plafonnier-s2-beton-corail.jpg","contentUrl":"https:\/\/ekkla.ch\/wp-content\/uploads\/2023\/09\/ekkla-light-gantlights-plafonnier-s2-beton-corail.jpg","width":900,"height":900},{"@type":"BreadcrumbList","@id":"https:\/\/ekkla.ch\/de\/produit\/geriffelte-deckenleuchte-s2-korallenroter-beton-h-13-cm-gantlights\/#breadcrumb","itemListElement":[{"@type":"ListItem","position":1,"name":"Home","item":"https:\/\/ekkla.ch\/de\/"},{"@type":"ListItem","position":2,"name":"Shop","item":"https:\/\/ekkla.ch\/de\/shop\/"},{"@type":"ListItem","position":3,"name":"Geriffelte Deckenleuchte S2 Korallenroter Beton &#8211; H.13 cm &#8211; Gantlights"}]},{"@type":"WebSite","@id":"https:\/\/ekkla.ch\/#website","url":"https:\/\/ekkla.ch\/","name":"Ekkla","description":"Der Onlineshop f\u00fcr Beleuchtung","publisher":{"@id":"https:\/\/ekkla.ch\/#organization"},"potentialAction":[{"@type":"SearchAction","target":{"@type":"EntryPoint","urlTemplate":"https:\/\/ekkla.ch\/?s={search_term_string}"},"query-input":"required name=search_term_string"}],"inLanguage":"de"},{"@type":"Organization","@id":"https:\/\/ekkla.ch\/#organization","name":"Ekkla","url":"https:\/\/ekkla.ch\/","logo":{"@type":"ImageObject","inLanguage":"de","@id":"https:\/\/ekkla.ch\/#\/schema\/logo\/image\/","url":"http:\/\/ekkla.ch\/wp-content\/uploads\/2019\/07\/logo-1.svg","contentUrl":"http:\/\/ekkla.ch\/wp-content\/uploads\/2019\/07\/logo-1.svg","width":1,"height":1,"caption":"Ekkla"},"image":{"@id":"https:\/\/ekkla.ch\/#\/schema\/logo\/image\/"},"sameAs":["https:\/\/www.instagram.com\/ekkla_light\/"]}]}},"_links":{"self":[{"href":"https:\/\/ekkla.ch\/de\/wp-json\/wp\/v2\/product\/183502"}],"collection":[{"href":"https:\/\/ekkla.ch\/de\/wp-json\/wp\/v2\/product"}],"about":[{"href":"https:\/\/ekkla.ch\/de\/wp-json\/wp\/v2\/types\/product"}],"wp:featuredmedia":[{"embeddable":true,"href":"https:\/\/ekkla.ch\/de\/wp-json\/wp\/v2\/media\/183311"}],"wp:attachment":[{"href":"https:\/\/ekkla.ch\/de\/wp-json\/wp\/v2\/media?parent=183502"}],"wp:term":[{"taxonomy":"product_cat","embeddable":true,"href":"https:\/\/ekkla.ch\/de\/wp-json\/wp\/v2\/product_cat?post=183502"},{"taxonomy":"product_tag","embeddable":true,"href":"https:\/\/ekkla.ch\/de\/wp-json\/wp\/v2\/product_tag?post=183502"}],"curies":[{"name":"wp","href":"https:\/\/api.w.org\/{rel}","templated":true}]}}