{"id":183735,"date":"2023-09-22T17:07:10","date_gmt":"2023-09-22T15:07:10","guid":{"rendered":"https:\/\/ekkla.ch\/produit\/wandelbare-wandleuchte-oloha-m-salbeigrun-o30-fatboy\/"},"modified":"2023-09-25T01:22:09","modified_gmt":"2023-09-24T23:22:09","slug":"wandelbare-wandleuchte-oloha-m-salbeigrun-o30-fatboy","status":"publish","type":"product","link":"https:\/\/ekkla.ch\/de\/produit\/wandelbare-wandleuchte-oloha-m-salbeigrun-o30-fatboy\/","title":{"rendered":"Wandelbare Wandleuchte Oloha M &#8211; Salbeigr\u00fcn &#8211; \u00d830 &#8211; Fatboy"},"content":{"rendered":"<p>Die Oloha LED Bol-Leuchte von Fatboy revolutioniert die Erfahrung von Beleuchtung und Kunst v\u00f6llig. Sie ist weit mehr als nur eine Lichtquelle, sondern verk\u00f6rpert Eleganz und Innovation in der Welt des Designs.<\/p>\n<p>Bestehend aus einer eleganten Metallschale und einer genialen Magnetlampe, die sich m\u00fchelos in ihr Geh\u00e4use einf\u00fcgt, schafft die Oloha in jedem Raum eine v\u00f6llig neue Lichtstimmung und durchdringt eine warme und einladende Atmosph\u00e4re. Ob als Tischleuchte oder als dimmbare Wandleuchte, dieses Schmuckst\u00fcck ist in einer breiten Palette von Gr\u00f6ssen und fesselnden Schattierungen erh\u00e4ltlich.<\/p>\n<p>Die Vielseitigkeit der aufladbaren Oloha LED-Lampe von Fatboy \u00fcberwindet die Grenzen zwischen Innen- und Aussenbereich. Sie passt sowohl zu geselligen Abenden mit Freunden als auch zu entspannenden Momenten allein. Dank ihres cleveren Magnetmechanismus bleibt sie sicher in ihrem Geh\u00e4use und kann leicht herausgenommen und wieder aufgeladen werden, um die Magie ihres fesselnden Lichts zu verl\u00e4ngern. Die Oloha ist mehr als nur eine Lampe &#8211; sie ist ein leuchtendes Kunstwerk, das jeden Moment in Erstaunen versetzt.<\/p>\n<blockquote>\n<h2>Merkmale &amp; Eigenschaften<\/h2>\n<p><strong>Marke<\/strong>\u00a0Fatboy<\/p>\n<p><strong>Farbe<\/strong> Gr\u00fcn<\/p>\n<p><strong>Materialien <\/strong>Stahl, ABS und Silikon<\/p>\n<p><strong>Gl\u00fchbirne<\/strong> Integrierte LED<\/p>\n<p><b>Durchmesser (cm) <\/b>30<\/p>\n<p><strong>Tiefe (cm)<\/strong> 7,3<\/p>\n<p><strong>Gewicht (kg)<\/strong> 0,92<\/p>\n<p><strong>Akkulaufzeit<\/strong> 8 Stunden &#8211; Ladekabel mit Micro-USB-Anschluss im Lieferumfang enthalten (Stecker nicht enthalten)<\/p>\n<p><strong>Ladezeit<\/strong> 1,5 Stunden<\/p><\/blockquote>\n","protected":false},"excerpt":{"rendered":"<p>Die Oloha LED Bol-Leuchte von Fatboy revolutioniert die Erfahrung von Beleuchtung und Kunst v\u00f6llig. Sie ist weit mehr als nur eine Lichtquelle, sondern verk\u00f6rpert Eleganz und Innovation in der Welt des Designs. Bestehend aus einer eleganten Metallschale und einer genialen Magnetlampe, die sich m\u00fchelos in ihr Geh\u00e4use einf\u00fcgt, schafft die Oloha in jedem Raum eine [&hellip;]<\/p>\n","protected":false},"featured_media":184076,"template":"","meta":{"_acf_changed":false,"om_disable_all_campaigns":false},"product_cat":[286],"product_tag":[1248,760,900,554,1188,1265,820,1220,816,872,1109,883,653,403,1209],"bundled_by":[],"bundle_stock_status":"instock","bundle_stock_quantity":2,"bundle_virtual":false,"bundle_layout":"","bundle_add_to_cart_form_location":"","bundle_editable_in_cart":false,"bundle_sold_individually_context":"","bundle_item_grouping":"","bundle_min_size":"","bundle_max_size":"","bundle_price":[],"bundled_items":[],"bundle_sell_ids":[],"acf":[],"yoast_head":"<!-- This site is optimized with the Yoast SEO Premium plugin v22.2 (Yoast SEO v22.8) - https:\/\/yoast.com\/wordpress\/plugins\/seo\/ -->\n<title>Wandleuchte Oloha S | Fatboy | Salbeigr\u00fcn | Ekkla<\/title>\n<meta name=\"description\" content=\"Eine Wandleuchte f\u00fcr den Innen- und Aussenbereich, die jeder haben sollte. Sie l\u00e4sst sich leicht bewegen und wird garantiert f\u00fcr Bewunderung sorgen.\" \/>\n<meta name=\"robots\" content=\"index, follow, max-snippet:-1, max-image-preview:large, max-video-preview:-1\" \/>\n<link rel=\"canonical\" href=\"https:\/\/ekkla.ch\/de\/produit\/wandelbare-wandleuchte-oloha-m-salbeigrun-o30-fatboy\/\" \/>\n<meta property=\"og:locale\" content=\"de_DE\" \/>\n<meta property=\"og:type\" content=\"article\" \/>\n<meta property=\"og:title\" content=\"Wandelbare Wandleuchte Oloha M - Salbeigr\u00fcn - \u00d830 - Fatboy\" \/>\n<meta property=\"og:description\" content=\"Eine Wandleuchte f\u00fcr den Innen- und Aussenbereich, die jeder haben sollte. Sie l\u00e4sst sich leicht bewegen und wird garantiert f\u00fcr Bewunderung sorgen.\" \/>\n<meta property=\"og:url\" content=\"https:\/\/ekkla.ch\/de\/produit\/wandelbare-wandleuchte-oloha-m-salbeigrun-o30-fatboy\/\" \/>\n<meta property=\"og:site_name\" content=\"Ekkla\" \/>\n<meta property=\"article:modified_time\" content=\"2023-09-24T23:22:09+00:00\" \/>\n<meta property=\"og:image\" content=\"https:\/\/ekkla.ch\/wp-content\/uploads\/2023\/09\/Ekkla-light-luminaires_0004_fatboy-oloha-medium-sage-packshot-04-105882.jpg\" \/>\n\t<meta property=\"og:image:width\" content=\"900\" \/>\n\t<meta property=\"og:image:height\" content=\"900\" \/>\n\t<meta property=\"og:image:type\" content=\"image\/jpeg\" \/>\n<meta name=\"twitter:card\" content=\"summary_large_image\" \/>\n<meta name=\"twitter:label1\" content=\"Gesch\u00e4tzte Lesezeit\" \/>\n\t<meta name=\"twitter:data1\" content=\"1\u00a0Minute\" \/>\n<script type=\"application\/ld+json\" class=\"yoast-schema-graph\">{\"@context\":\"https:\/\/schema.org\",\"@graph\":[{\"@type\":\"WebPage\",\"@id\":\"https:\/\/ekkla.ch\/de\/produit\/wandelbare-wandleuchte-oloha-m-salbeigrun-o30-fatboy\/\",\"url\":\"https:\/\/ekkla.ch\/de\/produit\/wandelbare-wandleuchte-oloha-m-salbeigrun-o30-fatboy\/\",\"name\":\"Wandleuchte Oloha S | Fatboy | Salbeigr\u00fcn | Ekkla\",\"isPartOf\":{\"@id\":\"https:\/\/ekkla.ch\/#website\"},\"primaryImageOfPage\":{\"@id\":\"https:\/\/ekkla.ch\/de\/produit\/wandelbare-wandleuchte-oloha-m-salbeigrun-o30-fatboy\/#primaryimage\"},\"image\":{\"@id\":\"https:\/\/ekkla.ch\/de\/produit\/wandelbare-wandleuchte-oloha-m-salbeigrun-o30-fatboy\/#primaryimage\"},\"thumbnailUrl\":\"https:\/\/ekkla.ch\/wp-content\/uploads\/2023\/09\/Ekkla-light-luminaires_0004_fatboy-oloha-medium-sage-packshot-04-105882.jpg\",\"datePublished\":\"2023-09-22T15:07:10+00:00\",\"dateModified\":\"2023-09-24T23:22:09+00:00\",\"description\":\"Eine Wandleuchte f\u00fcr den Innen- und Aussenbereich, die jeder haben sollte. Sie l\u00e4sst sich leicht bewegen und wird garantiert f\u00fcr Bewunderung sorgen.\",\"breadcrumb\":{\"@id\":\"https:\/\/ekkla.ch\/de\/produit\/wandelbare-wandleuchte-oloha-m-salbeigrun-o30-fatboy\/#breadcrumb\"},\"inLanguage\":\"de\",\"potentialAction\":[{\"@type\":\"ReadAction\",\"target\":[\"https:\/\/ekkla.ch\/de\/produit\/wandelbare-wandleuchte-oloha-m-salbeigrun-o30-fatboy\/\"]}]},{\"@type\":\"ImageObject\",\"inLanguage\":\"de\",\"@id\":\"https:\/\/ekkla.ch\/de\/produit\/wandelbare-wandleuchte-oloha-m-salbeigrun-o30-fatboy\/#primaryimage\",\"url\":\"https:\/\/ekkla.ch\/wp-content\/uploads\/2023\/09\/Ekkla-light-luminaires_0004_fatboy-oloha-medium-sage-packshot-04-105882.jpg\",\"contentUrl\":\"https:\/\/ekkla.ch\/wp-content\/uploads\/2023\/09\/Ekkla-light-luminaires_0004_fatboy-oloha-medium-sage-packshot-04-105882.jpg\",\"width\":900,\"height\":900},{\"@type\":\"BreadcrumbList\",\"@id\":\"https:\/\/ekkla.ch\/de\/produit\/wandelbare-wandleuchte-oloha-m-salbeigrun-o30-fatboy\/#breadcrumb\",\"itemListElement\":[{\"@type\":\"ListItem\",\"position\":1,\"name\":\"Home\",\"item\":\"https:\/\/ekkla.ch\/de\/\"},{\"@type\":\"ListItem\",\"position\":2,\"name\":\"Shop\",\"item\":\"https:\/\/ekkla.ch\/de\/shop\/\"},{\"@type\":\"ListItem\",\"position\":3,\"name\":\"Wandelbare Wandleuchte Oloha M &#8211; Salbeigr\u00fcn &#8211; \u00d830 &#8211; Fatboy\"}]},{\"@type\":\"WebSite\",\"@id\":\"https:\/\/ekkla.ch\/#website\",\"url\":\"https:\/\/ekkla.ch\/\",\"name\":\"Ekkla\",\"description\":\"Der Onlineshop f\u00fcr Beleuchtung\",\"publisher\":{\"@id\":\"https:\/\/ekkla.ch\/#organization\"},\"potentialAction\":[{\"@type\":\"SearchAction\",\"target\":{\"@type\":\"EntryPoint\",\"urlTemplate\":\"https:\/\/ekkla.ch\/?s={search_term_string}\"},\"query-input\":\"required name=search_term_string\"}],\"inLanguage\":\"de\"},{\"@type\":\"Organization\",\"@id\":\"https:\/\/ekkla.ch\/#organization\",\"name\":\"Ekkla\",\"url\":\"https:\/\/ekkla.ch\/\",\"logo\":{\"@type\":\"ImageObject\",\"inLanguage\":\"de\",\"@id\":\"https:\/\/ekkla.ch\/#\/schema\/logo\/image\/\",\"url\":\"http:\/\/ekkla.ch\/wp-content\/uploads\/2019\/07\/logo-1.svg\",\"contentUrl\":\"http:\/\/ekkla.ch\/wp-content\/uploads\/2019\/07\/logo-1.svg\",\"width\":1,\"height\":1,\"caption\":\"Ekkla\"},\"image\":{\"@id\":\"https:\/\/ekkla.ch\/#\/schema\/logo\/image\/\"},\"sameAs\":[\"https:\/\/www.instagram.com\/ekkla_light\/\"]}]}<\/script>\n<!-- \/ Yoast SEO Premium plugin. -->","yoast_head_json":{"title":"Wandleuchte Oloha S | Fatboy | Salbeigr\u00fcn | Ekkla","description":"Eine Wandleuchte f\u00fcr den Innen- und Aussenbereich, die jeder haben sollte. Sie l\u00e4sst sich leicht bewegen und wird garantiert f\u00fcr Bewunderung sorgen.","robots":{"index":"index","follow":"follow","max-snippet":"max-snippet:-1","max-image-preview":"max-image-preview:large","max-video-preview":"max-video-preview:-1"},"canonical":"https:\/\/ekkla.ch\/de\/produit\/wandelbare-wandleuchte-oloha-m-salbeigrun-o30-fatboy\/","og_locale":"de_DE","og_type":"article","og_title":"Wandelbare Wandleuchte Oloha M - Salbeigr\u00fcn - \u00d830 - Fatboy","og_description":"Eine Wandleuchte f\u00fcr den Innen- und Aussenbereich, die jeder haben sollte. Sie l\u00e4sst sich leicht bewegen und wird garantiert f\u00fcr Bewunderung sorgen.","og_url":"https:\/\/ekkla.ch\/de\/produit\/wandelbare-wandleuchte-oloha-m-salbeigrun-o30-fatboy\/","og_site_name":"Ekkla","article_modified_time":"2023-09-24T23:22:09+00:00","og_image":[{"width":900,"height":900,"url":"https:\/\/ekkla.ch\/wp-content\/uploads\/2023\/09\/Ekkla-light-luminaires_0004_fatboy-oloha-medium-sage-packshot-04-105882.jpg","type":"image\/jpeg"}],"twitter_card":"summary_large_image","twitter_misc":{"Gesch\u00e4tzte Lesezeit":"1\u00a0Minute"},"schema":{"@context":"https:\/\/schema.org","@graph":[{"@type":"WebPage","@id":"https:\/\/ekkla.ch\/de\/produit\/wandelbare-wandleuchte-oloha-m-salbeigrun-o30-fatboy\/","url":"https:\/\/ekkla.ch\/de\/produit\/wandelbare-wandleuchte-oloha-m-salbeigrun-o30-fatboy\/","name":"Wandleuchte Oloha S | Fatboy | Salbeigr\u00fcn | Ekkla","isPartOf":{"@id":"https:\/\/ekkla.ch\/#website"},"primaryImageOfPage":{"@id":"https:\/\/ekkla.ch\/de\/produit\/wandelbare-wandleuchte-oloha-m-salbeigrun-o30-fatboy\/#primaryimage"},"image":{"@id":"https:\/\/ekkla.ch\/de\/produit\/wandelbare-wandleuchte-oloha-m-salbeigrun-o30-fatboy\/#primaryimage"},"thumbnailUrl":"https:\/\/ekkla.ch\/wp-content\/uploads\/2023\/09\/Ekkla-light-luminaires_0004_fatboy-oloha-medium-sage-packshot-04-105882.jpg","datePublished":"2023-09-22T15:07:10+00:00","dateModified":"2023-09-24T23:22:09+00:00","description":"Eine Wandleuchte f\u00fcr den Innen- und Aussenbereich, die jeder haben sollte. Sie l\u00e4sst sich leicht bewegen und wird garantiert f\u00fcr Bewunderung sorgen.","breadcrumb":{"@id":"https:\/\/ekkla.ch\/de\/produit\/wandelbare-wandleuchte-oloha-m-salbeigrun-o30-fatboy\/#breadcrumb"},"inLanguage":"de","potentialAction":[{"@type":"ReadAction","target":["https:\/\/ekkla.ch\/de\/produit\/wandelbare-wandleuchte-oloha-m-salbeigrun-o30-fatboy\/"]}]},{"@type":"ImageObject","inLanguage":"de","@id":"https:\/\/ekkla.ch\/de\/produit\/wandelbare-wandleuchte-oloha-m-salbeigrun-o30-fatboy\/#primaryimage","url":"https:\/\/ekkla.ch\/wp-content\/uploads\/2023\/09\/Ekkla-light-luminaires_0004_fatboy-oloha-medium-sage-packshot-04-105882.jpg","contentUrl":"https:\/\/ekkla.ch\/wp-content\/uploads\/2023\/09\/Ekkla-light-luminaires_0004_fatboy-oloha-medium-sage-packshot-04-105882.jpg","width":900,"height":900},{"@type":"BreadcrumbList","@id":"https:\/\/ekkla.ch\/de\/produit\/wandelbare-wandleuchte-oloha-m-salbeigrun-o30-fatboy\/#breadcrumb","itemListElement":[{"@type":"ListItem","position":1,"name":"Home","item":"https:\/\/ekkla.ch\/de\/"},{"@type":"ListItem","position":2,"name":"Shop","item":"https:\/\/ekkla.ch\/de\/shop\/"},{"@type":"ListItem","position":3,"name":"Wandelbare Wandleuchte Oloha M &#8211; Salbeigr\u00fcn &#8211; \u00d830 &#8211; Fatboy"}]},{"@type":"WebSite","@id":"https:\/\/ekkla.ch\/#website","url":"https:\/\/ekkla.ch\/","name":"Ekkla","description":"Der Onlineshop f\u00fcr Beleuchtung","publisher":{"@id":"https:\/\/ekkla.ch\/#organization"},"potentialAction":[{"@type":"SearchAction","target":{"@type":"EntryPoint","urlTemplate":"https:\/\/ekkla.ch\/?s={search_term_string}"},"query-input":"required name=search_term_string"}],"inLanguage":"de"},{"@type":"Organization","@id":"https:\/\/ekkla.ch\/#organization","name":"Ekkla","url":"https:\/\/ekkla.ch\/","logo":{"@type":"ImageObject","inLanguage":"de","@id":"https:\/\/ekkla.ch\/#\/schema\/logo\/image\/","url":"http:\/\/ekkla.ch\/wp-content\/uploads\/2019\/07\/logo-1.svg","contentUrl":"http:\/\/ekkla.ch\/wp-content\/uploads\/2019\/07\/logo-1.svg","width":1,"height":1,"caption":"Ekkla"},"image":{"@id":"https:\/\/ekkla.ch\/#\/schema\/logo\/image\/"},"sameAs":["https:\/\/www.instagram.com\/ekkla_light\/"]}]}},"_links":{"self":[{"href":"https:\/\/ekkla.ch\/de\/wp-json\/wp\/v2\/product\/183735"}],"collection":[{"href":"https:\/\/ekkla.ch\/de\/wp-json\/wp\/v2\/product"}],"about":[{"href":"https:\/\/ekkla.ch\/de\/wp-json\/wp\/v2\/types\/product"}],"wp:featuredmedia":[{"embeddable":true,"href":"https:\/\/ekkla.ch\/de\/wp-json\/wp\/v2\/media\/184076"}],"wp:attachment":[{"href":"https:\/\/ekkla.ch\/de\/wp-json\/wp\/v2\/media?parent=183735"}],"wp:term":[{"taxonomy":"product_cat","embeddable":true,"href":"https:\/\/ekkla.ch\/de\/wp-json\/wp\/v2\/product_cat?post=183735"},{"taxonomy":"product_tag","embeddable":true,"href":"https:\/\/ekkla.ch\/de\/wp-json\/wp\/v2\/product_tag?post=183735"}],"curies":[{"name":"wp","href":"https:\/\/api.w.org\/{rel}","templated":true}]}}