{"id":184226,"date":"2023-10-10T09:56:39","date_gmt":"2023-10-10T07:56:39","guid":{"rendered":"https:\/\/ekkla.ch\/produit\/kabellose-leuchte-hoopik-d-24-acapulco-blau-fermob\/"},"modified":"2024-05-26T16:09:47","modified_gmt":"2024-05-26T14:09:47","slug":"kabellose-leuchte-hoopik-d-24-acapulco-blau-fermob","status":"publish","type":"product","link":"https:\/\/ekkla.ch\/de\/produit\/kabellose-leuchte-hoopik-d-24-acapulco-blau-fermob\/","title":{"rendered":"Kabellose Leuchte Hoopik &#8211; D.24 &#8211; Acapulco Blau &#8211; Fermob"},"content":{"rendered":"<p>Gef\u00e4llt Ihnen die Outdoor-Lichterkette L1200 Hoopik? Dann werden Sie von der Indoor-Lampe \u00d824 Hoopik begeistert sein! Mit dieser kabellosen Tischlampe erobert die Kollektion Hoopik von Fermob die Innenr\u00e4ume, um sie zu beleuchten und zu versch\u00f6nern!<\/p>\n<p>Die Lampe \u00d824 Hoopik ist eine ebenso dekorative wie innovative Tischleuchte, die das Emblem der gleichnamigen Kollektion aufgreift. Ein Leuchtring verbreitet warmes Licht in Form eines Lichthofs. In der XL-Version wirkt der Leuchtring skulptural und fast mystisch. Zur Unterstreichung dieser Optik ist die \u00d824 Hoopik in einer Palette zarter, mineralischer Farben erh\u00e4ltlich. Diese autonome Tischlampe ist kabellos und vor allem mobil. Sie wurde f\u00fcr Innenr\u00e4ume ausgelegt, ist jedoch spritzwassergesch\u00fctzt (IP42) und sto\u00dffest (IK10). Sie k\u00f6nnen diese Tischleuchte vom Wohnzimmer ins Schlafzimmer, in den Flur oder auf die Terrasse mitnehmen &#8211; und nach Lust und Laune aufstellen! Ob ein- oder ausgeschaltet &#8211; sie sieht sehr sch\u00f6n aus &#8230;<\/p>\n<p>Die Lampe \u00d824 Hoopik ist eine Stimmungsleuchte mit einer LED-Lichtst\u00e4rke von 200 Lm, deren Lichtszenarien bez\u00fcglich der Intensit\u00e4t (von 10 bis 100 %) und der Temperatur (2.700\u00b0K und 4.000\u00b0K) einstellbar sind. Kreieren Sie ihr Lichtambiente mit dem Dimmschalter mit Touch-Technologie! Er ist perfekt und dezent in der Aluminiumstruktur integriert. So kommt das schlichte Design dieser aufladbaren mobilen Lampe voll zur Geltung! Das Aufladen der Lampe \u00d824 Hoopik ist im \u00dcbrigen dank des Magnetsystems \u201eFermob Magnet\u201c sehr einfach.<\/p>\n<p>Bei Fermob stehen Nachhaltigkeit und Wiederverwertbarkeit an erster Stelle. Auch die zerlegbare und reparierbare Lampe \u00d824 Hoopik bleibt diesem Konzept treu &#8230;<\/p>\n<h2>Merkmale &amp; Eigenschaften<\/h2>\n<p><strong>\u00a0 \u00a0 \u00a0 \u00a0 \u00a0Marke\u00a0<\/strong>Fermob<\/p>\n<p><strong>\u00a0 \u00a0 \u00a0 \u00a0 \u00a0Farbe\u00a0<\/strong>Acapulco Blau<\/p>\n<p><strong>\u00a0 \u00a0 \u00a0 \u00a0 \u00a0Materialien\u00a0<\/strong>Aluminium und Polycarbonat<\/p>\n<p><strong>\u00a0 \u00a0 \u00a0 \u00a0 \u00a0Lichtstrom (lm)<\/strong> 200<\/p>\n<p><strong>\u00a0 \u00a0 \u00a0 \u00a0 \u00a0Technologie<\/strong> LED 10W<\/p>\n<p><strong>\u00a0 \u00a0 \u00a0 \u00a0 \u00a0Leuchtdauer<\/strong> 8 bis 15 Stunden<\/p>\n<p><strong>\u00a0 \u00a0 \u00a0 \u00a0 \u00a0Ladung<\/strong>USB-Kabel Fermob magnetisch \u2013 Kabel (inbegriffen) 1,5m<\/p>\n<p><strong>\u00a0 \u00a0 \u00a0 \u00a0 \u00a0H\u00f6he (cm)\u00a0<\/strong>23<\/p>\n<p><strong>\u00a0 \u00a0 \u00a0 \u00a0 \u00a0Durchmesser (cm) <\/strong>24<\/p>\n<p><strong>\u00a0 \u00a0 \u00a0 \u00a0 Dichtigkeit (IP) <\/strong>42 (Indoor Lampe)<\/p>\n<p>&nbsp;<\/p>\n","protected":false},"excerpt":{"rendered":"<p>Gef\u00e4llt Ihnen die Outdoor-Lichterkette L1200 Hoopik? Dann werden Sie von der Indoor-Lampe \u00d824 Hoopik begeistert sein! Mit dieser kabellosen Tischlampe erobert die Kollektion Hoopik von Fermob die Innenr\u00e4ume, um sie zu beleuchten und zu versch\u00f6nern! Die Lampe \u00d824 Hoopik ist eine ebenso dekorative wie innovative Tischleuchte, die das Emblem der gleichnamigen Kollektion aufgreift. Ein Leuchtring [&hellip;]<\/p>\n","protected":false},"featured_media":184219,"template":"","meta":{"_acf_changed":false,"om_disable_all_campaigns":false},"product_cat":[290],"product_tag":[1254,1265],"bundled_by":[],"bundle_stock_status":"onbackorder","bundle_stock_quantity":0,"bundle_virtual":false,"bundle_layout":"","bundle_add_to_cart_form_location":"","bundle_editable_in_cart":false,"bundle_sold_individually_context":"","bundle_item_grouping":"","bundle_min_size":"","bundle_max_size":"","bundle_price":[],"bundled_items":[],"bundle_sell_ids":[],"acf":[],"yoast_head":"<!-- This site is optimized with the Yoast SEO Premium plugin v22.2 (Yoast SEO v22.8) - https:\/\/yoast.com\/wordpress\/plugins\/seo\/ -->\n<title>Fermob | Hoopik Leuchte D.24 Acapulco Blau | Outdoor-Leuchte | Ekkla<\/title>\n<meta name=\"description\" content=\"Die Hoopik-Lampe ist mehr als nur eine Nomadenlampe. Sie ist ein unverzichtbares Accessoire, um in jedem Raum Ihres Hauses eine sanfte und mystische Atmosph\u00e4re zu schaffen.\" \/>\n<meta name=\"robots\" content=\"index, follow, max-snippet:-1, max-image-preview:large, max-video-preview:-1\" \/>\n<link rel=\"canonical\" href=\"https:\/\/ekkla.ch\/de\/produit\/kabellose-leuchte-hoopik-d-24-acapulco-blau-fermob\/\" \/>\n<meta property=\"og:locale\" content=\"de_DE\" \/>\n<meta property=\"og:type\" content=\"article\" \/>\n<meta property=\"og:title\" content=\"Kabellose Leuchte Hoopik - D.24 - Acapulco Blau - Fermob\" \/>\n<meta property=\"og:description\" content=\"Die Hoopik-Lampe ist mehr als nur eine Nomadenlampe. Sie ist ein unverzichtbares Accessoire, um in jedem Raum Ihres Hauses eine sanfte und mystische Atmosph\u00e4re zu schaffen.\" \/>\n<meta property=\"og:url\" content=\"https:\/\/ekkla.ch\/de\/produit\/kabellose-leuchte-hoopik-d-24-acapulco-blau-fermob\/\" \/>\n<meta property=\"og:site_name\" content=\"Ekkla\" \/>\n<meta property=\"article:modified_time\" content=\"2024-05-26T14:09:47+00:00\" \/>\n<meta property=\"og:image\" content=\"https:\/\/ekkla.ch\/wp-content\/uploads\/2023\/10\/ekkla-light-luminaires_0001_HOOPIK_LAMPE_D24_BLEU_ACAPULCO_ON_CHAUD_SKU_351021.jpg\" \/>\n\t<meta property=\"og:image:width\" content=\"900\" \/>\n\t<meta property=\"og:image:height\" content=\"900\" \/>\n\t<meta property=\"og:image:type\" content=\"image\/jpeg\" \/>\n<meta name=\"twitter:card\" content=\"summary_large_image\" \/>\n<meta name=\"twitter:label1\" content=\"Gesch\u00e4tzte Lesezeit\" \/>\n\t<meta name=\"twitter:data1\" content=\"1\u00a0Minute\" \/>\n<script type=\"application\/ld+json\" class=\"yoast-schema-graph\">{\"@context\":\"https:\/\/schema.org\",\"@graph\":[{\"@type\":\"WebPage\",\"@id\":\"https:\/\/ekkla.ch\/de\/produit\/kabellose-leuchte-hoopik-d-24-acapulco-blau-fermob\/\",\"url\":\"https:\/\/ekkla.ch\/de\/produit\/kabellose-leuchte-hoopik-d-24-acapulco-blau-fermob\/\",\"name\":\"Fermob | Hoopik Leuchte D.24 Acapulco Blau | Outdoor-Leuchte | Ekkla\",\"isPartOf\":{\"@id\":\"https:\/\/ekkla.ch\/#website\"},\"primaryImageOfPage\":{\"@id\":\"https:\/\/ekkla.ch\/de\/produit\/kabellose-leuchte-hoopik-d-24-acapulco-blau-fermob\/#primaryimage\"},\"image\":{\"@id\":\"https:\/\/ekkla.ch\/de\/produit\/kabellose-leuchte-hoopik-d-24-acapulco-blau-fermob\/#primaryimage\"},\"thumbnailUrl\":\"https:\/\/ekkla.ch\/wp-content\/uploads\/2023\/10\/ekkla-light-luminaires_0001_HOOPIK_LAMPE_D24_BLEU_ACAPULCO_ON_CHAUD_SKU_351021.jpg\",\"datePublished\":\"2023-10-10T07:56:39+00:00\",\"dateModified\":\"2024-05-26T14:09:47+00:00\",\"description\":\"Die Hoopik-Lampe ist mehr als nur eine Nomadenlampe. Sie ist ein unverzichtbares Accessoire, um in jedem Raum Ihres Hauses eine sanfte und mystische Atmosph\u00e4re zu schaffen.\",\"breadcrumb\":{\"@id\":\"https:\/\/ekkla.ch\/de\/produit\/kabellose-leuchte-hoopik-d-24-acapulco-blau-fermob\/#breadcrumb\"},\"inLanguage\":\"de\",\"potentialAction\":[{\"@type\":\"ReadAction\",\"target\":[\"https:\/\/ekkla.ch\/de\/produit\/kabellose-leuchte-hoopik-d-24-acapulco-blau-fermob\/\"]}]},{\"@type\":\"ImageObject\",\"inLanguage\":\"de\",\"@id\":\"https:\/\/ekkla.ch\/de\/produit\/kabellose-leuchte-hoopik-d-24-acapulco-blau-fermob\/#primaryimage\",\"url\":\"https:\/\/ekkla.ch\/wp-content\/uploads\/2023\/10\/ekkla-light-luminaires_0001_HOOPIK_LAMPE_D24_BLEU_ACAPULCO_ON_CHAUD_SKU_351021.jpg\",\"contentUrl\":\"https:\/\/ekkla.ch\/wp-content\/uploads\/2023\/10\/ekkla-light-luminaires_0001_HOOPIK_LAMPE_D24_BLEU_ACAPULCO_ON_CHAUD_SKU_351021.jpg\",\"width\":900,\"height\":900},{\"@type\":\"BreadcrumbList\",\"@id\":\"https:\/\/ekkla.ch\/de\/produit\/kabellose-leuchte-hoopik-d-24-acapulco-blau-fermob\/#breadcrumb\",\"itemListElement\":[{\"@type\":\"ListItem\",\"position\":1,\"name\":\"Home\",\"item\":\"https:\/\/ekkla.ch\/de\/\"},{\"@type\":\"ListItem\",\"position\":2,\"name\":\"Shop\",\"item\":\"https:\/\/ekkla.ch\/de\/shop\/\"},{\"@type\":\"ListItem\",\"position\":3,\"name\":\"Kabellose Leuchte Hoopik &#8211; D.24 &#8211; Acapulco Blau &#8211; Fermob\"}]},{\"@type\":\"WebSite\",\"@id\":\"https:\/\/ekkla.ch\/#website\",\"url\":\"https:\/\/ekkla.ch\/\",\"name\":\"Ekkla\",\"description\":\"Der Onlineshop f\u00fcr Beleuchtung\",\"publisher\":{\"@id\":\"https:\/\/ekkla.ch\/#organization\"},\"potentialAction\":[{\"@type\":\"SearchAction\",\"target\":{\"@type\":\"EntryPoint\",\"urlTemplate\":\"https:\/\/ekkla.ch\/?s={search_term_string}\"},\"query-input\":\"required name=search_term_string\"}],\"inLanguage\":\"de\"},{\"@type\":\"Organization\",\"@id\":\"https:\/\/ekkla.ch\/#organization\",\"name\":\"Ekkla\",\"url\":\"https:\/\/ekkla.ch\/\",\"logo\":{\"@type\":\"ImageObject\",\"inLanguage\":\"de\",\"@id\":\"https:\/\/ekkla.ch\/#\/schema\/logo\/image\/\",\"url\":\"http:\/\/ekkla.ch\/wp-content\/uploads\/2019\/07\/logo-1.svg\",\"contentUrl\":\"http:\/\/ekkla.ch\/wp-content\/uploads\/2019\/07\/logo-1.svg\",\"width\":1,\"height\":1,\"caption\":\"Ekkla\"},\"image\":{\"@id\":\"https:\/\/ekkla.ch\/#\/schema\/logo\/image\/\"},\"sameAs\":[\"https:\/\/www.instagram.com\/ekkla_light\/\"]}]}<\/script>\n<!-- \/ Yoast SEO Premium plugin. -->","yoast_head_json":{"title":"Fermob | Hoopik Leuchte D.24 Acapulco Blau | Outdoor-Leuchte | Ekkla","description":"Die Hoopik-Lampe ist mehr als nur eine Nomadenlampe. Sie ist ein unverzichtbares Accessoire, um in jedem Raum Ihres Hauses eine sanfte und mystische Atmosph\u00e4re zu schaffen.","robots":{"index":"index","follow":"follow","max-snippet":"max-snippet:-1","max-image-preview":"max-image-preview:large","max-video-preview":"max-video-preview:-1"},"canonical":"https:\/\/ekkla.ch\/de\/produit\/kabellose-leuchte-hoopik-d-24-acapulco-blau-fermob\/","og_locale":"de_DE","og_type":"article","og_title":"Kabellose Leuchte Hoopik - D.24 - Acapulco Blau - Fermob","og_description":"Die Hoopik-Lampe ist mehr als nur eine Nomadenlampe. Sie ist ein unverzichtbares Accessoire, um in jedem Raum Ihres Hauses eine sanfte und mystische Atmosph\u00e4re zu schaffen.","og_url":"https:\/\/ekkla.ch\/de\/produit\/kabellose-leuchte-hoopik-d-24-acapulco-blau-fermob\/","og_site_name":"Ekkla","article_modified_time":"2024-05-26T14:09:47+00:00","og_image":[{"width":900,"height":900,"url":"https:\/\/ekkla.ch\/wp-content\/uploads\/2023\/10\/ekkla-light-luminaires_0001_HOOPIK_LAMPE_D24_BLEU_ACAPULCO_ON_CHAUD_SKU_351021.jpg","type":"image\/jpeg"}],"twitter_card":"summary_large_image","twitter_misc":{"Gesch\u00e4tzte Lesezeit":"1\u00a0Minute"},"schema":{"@context":"https:\/\/schema.org","@graph":[{"@type":"WebPage","@id":"https:\/\/ekkla.ch\/de\/produit\/kabellose-leuchte-hoopik-d-24-acapulco-blau-fermob\/","url":"https:\/\/ekkla.ch\/de\/produit\/kabellose-leuchte-hoopik-d-24-acapulco-blau-fermob\/","name":"Fermob | Hoopik Leuchte D.24 Acapulco Blau | Outdoor-Leuchte | Ekkla","isPartOf":{"@id":"https:\/\/ekkla.ch\/#website"},"primaryImageOfPage":{"@id":"https:\/\/ekkla.ch\/de\/produit\/kabellose-leuchte-hoopik-d-24-acapulco-blau-fermob\/#primaryimage"},"image":{"@id":"https:\/\/ekkla.ch\/de\/produit\/kabellose-leuchte-hoopik-d-24-acapulco-blau-fermob\/#primaryimage"},"thumbnailUrl":"https:\/\/ekkla.ch\/wp-content\/uploads\/2023\/10\/ekkla-light-luminaires_0001_HOOPIK_LAMPE_D24_BLEU_ACAPULCO_ON_CHAUD_SKU_351021.jpg","datePublished":"2023-10-10T07:56:39+00:00","dateModified":"2024-05-26T14:09:47+00:00","description":"Die Hoopik-Lampe ist mehr als nur eine Nomadenlampe. Sie ist ein unverzichtbares Accessoire, um in jedem Raum Ihres Hauses eine sanfte und mystische Atmosph\u00e4re zu schaffen.","breadcrumb":{"@id":"https:\/\/ekkla.ch\/de\/produit\/kabellose-leuchte-hoopik-d-24-acapulco-blau-fermob\/#breadcrumb"},"inLanguage":"de","potentialAction":[{"@type":"ReadAction","target":["https:\/\/ekkla.ch\/de\/produit\/kabellose-leuchte-hoopik-d-24-acapulco-blau-fermob\/"]}]},{"@type":"ImageObject","inLanguage":"de","@id":"https:\/\/ekkla.ch\/de\/produit\/kabellose-leuchte-hoopik-d-24-acapulco-blau-fermob\/#primaryimage","url":"https:\/\/ekkla.ch\/wp-content\/uploads\/2023\/10\/ekkla-light-luminaires_0001_HOOPIK_LAMPE_D24_BLEU_ACAPULCO_ON_CHAUD_SKU_351021.jpg","contentUrl":"https:\/\/ekkla.ch\/wp-content\/uploads\/2023\/10\/ekkla-light-luminaires_0001_HOOPIK_LAMPE_D24_BLEU_ACAPULCO_ON_CHAUD_SKU_351021.jpg","width":900,"height":900},{"@type":"BreadcrumbList","@id":"https:\/\/ekkla.ch\/de\/produit\/kabellose-leuchte-hoopik-d-24-acapulco-blau-fermob\/#breadcrumb","itemListElement":[{"@type":"ListItem","position":1,"name":"Home","item":"https:\/\/ekkla.ch\/de\/"},{"@type":"ListItem","position":2,"name":"Shop","item":"https:\/\/ekkla.ch\/de\/shop\/"},{"@type":"ListItem","position":3,"name":"Kabellose Leuchte Hoopik &#8211; D.24 &#8211; Acapulco Blau &#8211; Fermob"}]},{"@type":"WebSite","@id":"https:\/\/ekkla.ch\/#website","url":"https:\/\/ekkla.ch\/","name":"Ekkla","description":"Der Onlineshop f\u00fcr Beleuchtung","publisher":{"@id":"https:\/\/ekkla.ch\/#organization"},"potentialAction":[{"@type":"SearchAction","target":{"@type":"EntryPoint","urlTemplate":"https:\/\/ekkla.ch\/?s={search_term_string}"},"query-input":"required name=search_term_string"}],"inLanguage":"de"},{"@type":"Organization","@id":"https:\/\/ekkla.ch\/#organization","name":"Ekkla","url":"https:\/\/ekkla.ch\/","logo":{"@type":"ImageObject","inLanguage":"de","@id":"https:\/\/ekkla.ch\/#\/schema\/logo\/image\/","url":"http:\/\/ekkla.ch\/wp-content\/uploads\/2019\/07\/logo-1.svg","contentUrl":"http:\/\/ekkla.ch\/wp-content\/uploads\/2019\/07\/logo-1.svg","width":1,"height":1,"caption":"Ekkla"},"image":{"@id":"https:\/\/ekkla.ch\/#\/schema\/logo\/image\/"},"sameAs":["https:\/\/www.instagram.com\/ekkla_light\/"]}]}},"_links":{"self":[{"href":"https:\/\/ekkla.ch\/de\/wp-json\/wp\/v2\/product\/184226"}],"collection":[{"href":"https:\/\/ekkla.ch\/de\/wp-json\/wp\/v2\/product"}],"about":[{"href":"https:\/\/ekkla.ch\/de\/wp-json\/wp\/v2\/types\/product"}],"wp:featuredmedia":[{"embeddable":true,"href":"https:\/\/ekkla.ch\/de\/wp-json\/wp\/v2\/media\/184219"}],"wp:attachment":[{"href":"https:\/\/ekkla.ch\/de\/wp-json\/wp\/v2\/media?parent=184226"}],"wp:term":[{"taxonomy":"product_cat","embeddable":true,"href":"https:\/\/ekkla.ch\/de\/wp-json\/wp\/v2\/product_cat?post=184226"},{"taxonomy":"product_tag","embeddable":true,"href":"https:\/\/ekkla.ch\/de\/wp-json\/wp\/v2\/product_tag?post=184226"}],"curies":[{"name":"wp","href":"https:\/\/api.w.org\/{rel}","templated":true}]}}