{"id":18434,"date":"2020-02-07T11:41:43","date_gmt":"2020-02-07T10:41:43","guid":{"rendered":"https:\/\/ekkla.ch\/produit\/lampadaire-everest-noir-good-and-mojo\/"},"modified":"2023-02-27T00:00:07","modified_gmt":"2023-02-26T23:00:07","slug":"stehleuchte-everest-noir-good-and-mojo","status":"publish","type":"product","link":"https:\/\/ekkla.ch\/de\/produit\/stehleuchte-everest-noir-good-and-mojo\/","title":{"rendered":"Stehleuchte Everest &#8211; Bambus und schwarzer Stoff &#8211; H.158 &#8211; Good &#038; Mojo"},"content":{"rendered":"<p>Schick und elegant &#8211; so kann man diese sch\u00f6ne Stehleuchte mit ihrem schwarzen Lampenschirm von Good &amp; Mojo beschreiben. Diese sorgf\u00e4ltig von Hand gefertigte Ausf\u00fchrung passt perfekt in jedes Interieur und bringt Raffinesse und Modernit\u00e4t in Ihren Wohnraum. Vom Wohnzimmer bis hin zum Schlafzimmer dekoriert diese stilvolle Leuchte perfekt Ihr Zuhause. Gl\u00fchbirne nicht inbegriffen.<\/p>\n<p>F\u00fcr jede verkaufte Lampe aus der Good &amp; Mojo-Kollektion wird eine Spende von 5% an die <a href=\"https:\/\/waka-waka.com\/de\/foundation\/\" target=\"_blank\" rel=\"noopener noreferrer\">WakaWaka<\/a> Foundation geleistet, die solare Beleuchtungsl\u00f6sungen f\u00fcr bed\u00fcrftige Menschen anbietet.<\/p>\n<blockquote>\n<h2>Merkmale &amp; Eigenschaften<\/h2>\n<p><strong>Marke<\/strong> Good &amp; Mojo<\/p>\n<p><strong>Farben<\/strong> Naturton und schwarz<\/p>\n<p><strong>Materialien\u00a0<\/strong>Bambus und Naturstoff<\/p>\n<p><strong>Gl\u00fchbirne<\/strong>\u00a0E27<\/p>\n<p><strong>Max. Leistung (W) <\/strong>60<\/p>\n<p><strong>Breite (cm) <\/strong>60<\/p>\n<p><strong>H\u00f6he(cm) <\/strong>158<\/p>\n<p><strong>Kabell\u00e4nge (cm)<\/strong> 250<\/p><\/blockquote>\n","protected":false},"excerpt":{"rendered":"<p>Schick und elegant &#8211; so kann man diese sch\u00f6ne Stehleuchte mit ihrem schwarzen Lampenschirm von Good &amp; Mojo beschreiben. Diese sorgf\u00e4ltig von Hand gefertigte Ausf\u00fchrung passt perfekt in jedes Interieur und bringt Raffinesse und Modernit\u00e4t in Ihren Wohnraum. Vom Wohnzimmer bis hin zum Schlafzimmer dekoriert diese stilvolle Leuchte perfekt Ihr Zuhause. Gl\u00fchbirne nicht inbegriffen. F\u00fcr [&hellip;]<\/p>\n","protected":false},"featured_media":15651,"template":"","meta":{"_acf_changed":false,"om_disable_all_campaigns":false},"product_cat":[289],"product_tag":[1258,898,554,1188,816,704,603],"bundled_by":[],"bundle_stock_status":"onbackorder","bundle_stock_quantity":null,"bundle_virtual":false,"bundle_layout":"","bundle_add_to_cart_form_location":"","bundle_editable_in_cart":false,"bundle_sold_individually_context":"","bundle_item_grouping":"","bundle_min_size":"","bundle_max_size":"","bundle_price":[],"bundled_items":[],"bundle_sell_ids":[],"acf":[],"yoast_head":"<!-- This site is optimized with the Yoast SEO Premium plugin v22.2 (Yoast SEO v22.8) - https:\/\/yoast.com\/wordpress\/plugins\/seo\/ -->\n<title>Stehleuchte Everest schwarz | Good &amp; Mojo | Eco-friendly | Ekkla<\/title>\n<meta name=\"description\" content=\"Eine moderne, handgefertigte Stehleuchte zur Belebung Ihrer Inneneinrichtung. Ihr schwarzer Lampenschirm verleiht der Leuchte einen besonderen Charme.\" \/>\n<meta name=\"robots\" content=\"index, follow, max-snippet:-1, max-image-preview:large, max-video-preview:-1\" \/>\n<link rel=\"canonical\" href=\"https:\/\/ekkla.ch\/de\/produit\/stehleuchte-everest-noir-good-and-mojo\/\" \/>\n<meta property=\"og:locale\" content=\"de_DE\" \/>\n<meta property=\"og:type\" content=\"article\" \/>\n<meta property=\"og:title\" content=\"Stehleuchte Everest - Bambus und schwarzer Stoff - H.158 - Good &amp; Mojo\" \/>\n<meta property=\"og:description\" content=\"Eine moderne, handgefertigte Stehleuchte zur Belebung Ihrer Inneneinrichtung. Ihr schwarzer Lampenschirm verleiht der Leuchte einen besonderen Charme.\" \/>\n<meta property=\"og:url\" content=\"https:\/\/ekkla.ch\/de\/produit\/stehleuchte-everest-noir-good-and-mojo\/\" \/>\n<meta property=\"og:site_name\" content=\"Ekkla\" \/>\n<meta property=\"article:modified_time\" content=\"2023-02-26T23:00:07+00:00\" \/>\n<meta property=\"og:image\" content=\"https:\/\/ekkla.ch\/wp-content\/uploads\/2020\/02\/Lampadaire-Everest.jpg\" \/>\n\t<meta property=\"og:image:width\" content=\"1080\" \/>\n\t<meta property=\"og:image:height\" content=\"1080\" \/>\n\t<meta property=\"og:image:type\" content=\"image\/jpeg\" \/>\n<meta name=\"twitter:card\" content=\"summary_large_image\" \/>\n<meta name=\"twitter:label1\" content=\"Gesch\u00e4tzte Lesezeit\" \/>\n\t<meta name=\"twitter:data1\" content=\"1\u00a0Minute\" \/>\n<script type=\"application\/ld+json\" class=\"yoast-schema-graph\">{\"@context\":\"https:\/\/schema.org\",\"@graph\":[{\"@type\":\"WebPage\",\"@id\":\"https:\/\/ekkla.ch\/de\/produit\/stehleuchte-everest-noir-good-and-mojo\/\",\"url\":\"https:\/\/ekkla.ch\/de\/produit\/stehleuchte-everest-noir-good-and-mojo\/\",\"name\":\"Stehleuchte Everest schwarz | Good & Mojo | Eco-friendly | Ekkla\",\"isPartOf\":{\"@id\":\"https:\/\/ekkla.ch\/#website\"},\"primaryImageOfPage\":{\"@id\":\"https:\/\/ekkla.ch\/de\/produit\/stehleuchte-everest-noir-good-and-mojo\/#primaryimage\"},\"image\":{\"@id\":\"https:\/\/ekkla.ch\/de\/produit\/stehleuchte-everest-noir-good-and-mojo\/#primaryimage\"},\"thumbnailUrl\":\"https:\/\/ekkla.ch\/wp-content\/uploads\/2020\/02\/Lampadaire-Everest.jpg\",\"datePublished\":\"2020-02-07T10:41:43+00:00\",\"dateModified\":\"2023-02-26T23:00:07+00:00\",\"description\":\"Eine moderne, handgefertigte Stehleuchte zur Belebung Ihrer Inneneinrichtung. Ihr schwarzer Lampenschirm verleiht der Leuchte einen besonderen Charme.\",\"breadcrumb\":{\"@id\":\"https:\/\/ekkla.ch\/de\/produit\/stehleuchte-everest-noir-good-and-mojo\/#breadcrumb\"},\"inLanguage\":\"de\",\"potentialAction\":[{\"@type\":\"ReadAction\",\"target\":[\"https:\/\/ekkla.ch\/de\/produit\/stehleuchte-everest-noir-good-and-mojo\/\"]}]},{\"@type\":\"ImageObject\",\"inLanguage\":\"de\",\"@id\":\"https:\/\/ekkla.ch\/de\/produit\/stehleuchte-everest-noir-good-and-mojo\/#primaryimage\",\"url\":\"https:\/\/ekkla.ch\/wp-content\/uploads\/2020\/02\/Lampadaire-Everest.jpg\",\"contentUrl\":\"https:\/\/ekkla.ch\/wp-content\/uploads\/2020\/02\/Lampadaire-Everest.jpg\",\"width\":1080,\"height\":1080},{\"@type\":\"BreadcrumbList\",\"@id\":\"https:\/\/ekkla.ch\/de\/produit\/stehleuchte-everest-noir-good-and-mojo\/#breadcrumb\",\"itemListElement\":[{\"@type\":\"ListItem\",\"position\":1,\"name\":\"Home\",\"item\":\"https:\/\/ekkla.ch\/de\/\"},{\"@type\":\"ListItem\",\"position\":2,\"name\":\"Shop\",\"item\":\"https:\/\/ekkla.ch\/de\/shop\/\"},{\"@type\":\"ListItem\",\"position\":3,\"name\":\"Stehleuchte Everest &#8211; Bambus und schwarzer Stoff &#8211; H.158 &#8211; Good &#038; Mojo\"}]},{\"@type\":\"WebSite\",\"@id\":\"https:\/\/ekkla.ch\/#website\",\"url\":\"https:\/\/ekkla.ch\/\",\"name\":\"Ekkla\",\"description\":\"Der Onlineshop f\u00fcr Beleuchtung\",\"publisher\":{\"@id\":\"https:\/\/ekkla.ch\/#organization\"},\"potentialAction\":[{\"@type\":\"SearchAction\",\"target\":{\"@type\":\"EntryPoint\",\"urlTemplate\":\"https:\/\/ekkla.ch\/?s={search_term_string}\"},\"query-input\":\"required name=search_term_string\"}],\"inLanguage\":\"de\"},{\"@type\":\"Organization\",\"@id\":\"https:\/\/ekkla.ch\/#organization\",\"name\":\"Ekkla\",\"url\":\"https:\/\/ekkla.ch\/\",\"logo\":{\"@type\":\"ImageObject\",\"inLanguage\":\"de\",\"@id\":\"https:\/\/ekkla.ch\/#\/schema\/logo\/image\/\",\"url\":\"http:\/\/ekkla.ch\/wp-content\/uploads\/2019\/07\/logo-1.svg\",\"contentUrl\":\"http:\/\/ekkla.ch\/wp-content\/uploads\/2019\/07\/logo-1.svg\",\"width\":1,\"height\":1,\"caption\":\"Ekkla\"},\"image\":{\"@id\":\"https:\/\/ekkla.ch\/#\/schema\/logo\/image\/\"},\"sameAs\":[\"https:\/\/www.instagram.com\/ekkla_light\/\"]}]}<\/script>\n<!-- \/ Yoast SEO Premium plugin. -->","yoast_head_json":{"title":"Stehleuchte Everest schwarz | Good & Mojo | Eco-friendly | Ekkla","description":"Eine moderne, handgefertigte Stehleuchte zur Belebung Ihrer Inneneinrichtung. Ihr schwarzer Lampenschirm verleiht der Leuchte einen besonderen Charme.","robots":{"index":"index","follow":"follow","max-snippet":"max-snippet:-1","max-image-preview":"max-image-preview:large","max-video-preview":"max-video-preview:-1"},"canonical":"https:\/\/ekkla.ch\/de\/produit\/stehleuchte-everest-noir-good-and-mojo\/","og_locale":"de_DE","og_type":"article","og_title":"Stehleuchte Everest - Bambus und schwarzer Stoff - H.158 - Good & Mojo","og_description":"Eine moderne, handgefertigte Stehleuchte zur Belebung Ihrer Inneneinrichtung. Ihr schwarzer Lampenschirm verleiht der Leuchte einen besonderen Charme.","og_url":"https:\/\/ekkla.ch\/de\/produit\/stehleuchte-everest-noir-good-and-mojo\/","og_site_name":"Ekkla","article_modified_time":"2023-02-26T23:00:07+00:00","og_image":[{"width":1080,"height":1080,"url":"https:\/\/ekkla.ch\/wp-content\/uploads\/2020\/02\/Lampadaire-Everest.jpg","type":"image\/jpeg"}],"twitter_card":"summary_large_image","twitter_misc":{"Gesch\u00e4tzte Lesezeit":"1\u00a0Minute"},"schema":{"@context":"https:\/\/schema.org","@graph":[{"@type":"WebPage","@id":"https:\/\/ekkla.ch\/de\/produit\/stehleuchte-everest-noir-good-and-mojo\/","url":"https:\/\/ekkla.ch\/de\/produit\/stehleuchte-everest-noir-good-and-mojo\/","name":"Stehleuchte Everest schwarz | Good & Mojo | Eco-friendly | Ekkla","isPartOf":{"@id":"https:\/\/ekkla.ch\/#website"},"primaryImageOfPage":{"@id":"https:\/\/ekkla.ch\/de\/produit\/stehleuchte-everest-noir-good-and-mojo\/#primaryimage"},"image":{"@id":"https:\/\/ekkla.ch\/de\/produit\/stehleuchte-everest-noir-good-and-mojo\/#primaryimage"},"thumbnailUrl":"https:\/\/ekkla.ch\/wp-content\/uploads\/2020\/02\/Lampadaire-Everest.jpg","datePublished":"2020-02-07T10:41:43+00:00","dateModified":"2023-02-26T23:00:07+00:00","description":"Eine moderne, handgefertigte Stehleuchte zur Belebung Ihrer Inneneinrichtung. Ihr schwarzer Lampenschirm verleiht der Leuchte einen besonderen Charme.","breadcrumb":{"@id":"https:\/\/ekkla.ch\/de\/produit\/stehleuchte-everest-noir-good-and-mojo\/#breadcrumb"},"inLanguage":"de","potentialAction":[{"@type":"ReadAction","target":["https:\/\/ekkla.ch\/de\/produit\/stehleuchte-everest-noir-good-and-mojo\/"]}]},{"@type":"ImageObject","inLanguage":"de","@id":"https:\/\/ekkla.ch\/de\/produit\/stehleuchte-everest-noir-good-and-mojo\/#primaryimage","url":"https:\/\/ekkla.ch\/wp-content\/uploads\/2020\/02\/Lampadaire-Everest.jpg","contentUrl":"https:\/\/ekkla.ch\/wp-content\/uploads\/2020\/02\/Lampadaire-Everest.jpg","width":1080,"height":1080},{"@type":"BreadcrumbList","@id":"https:\/\/ekkla.ch\/de\/produit\/stehleuchte-everest-noir-good-and-mojo\/#breadcrumb","itemListElement":[{"@type":"ListItem","position":1,"name":"Home","item":"https:\/\/ekkla.ch\/de\/"},{"@type":"ListItem","position":2,"name":"Shop","item":"https:\/\/ekkla.ch\/de\/shop\/"},{"@type":"ListItem","position":3,"name":"Stehleuchte Everest &#8211; Bambus und schwarzer Stoff &#8211; H.158 &#8211; Good &#038; Mojo"}]},{"@type":"WebSite","@id":"https:\/\/ekkla.ch\/#website","url":"https:\/\/ekkla.ch\/","name":"Ekkla","description":"Der Onlineshop f\u00fcr Beleuchtung","publisher":{"@id":"https:\/\/ekkla.ch\/#organization"},"potentialAction":[{"@type":"SearchAction","target":{"@type":"EntryPoint","urlTemplate":"https:\/\/ekkla.ch\/?s={search_term_string}"},"query-input":"required name=search_term_string"}],"inLanguage":"de"},{"@type":"Organization","@id":"https:\/\/ekkla.ch\/#organization","name":"Ekkla","url":"https:\/\/ekkla.ch\/","logo":{"@type":"ImageObject","inLanguage":"de","@id":"https:\/\/ekkla.ch\/#\/schema\/logo\/image\/","url":"http:\/\/ekkla.ch\/wp-content\/uploads\/2019\/07\/logo-1.svg","contentUrl":"http:\/\/ekkla.ch\/wp-content\/uploads\/2019\/07\/logo-1.svg","width":1,"height":1,"caption":"Ekkla"},"image":{"@id":"https:\/\/ekkla.ch\/#\/schema\/logo\/image\/"},"sameAs":["https:\/\/www.instagram.com\/ekkla_light\/"]}]}},"_links":{"self":[{"href":"https:\/\/ekkla.ch\/de\/wp-json\/wp\/v2\/product\/18434"}],"collection":[{"href":"https:\/\/ekkla.ch\/de\/wp-json\/wp\/v2\/product"}],"about":[{"href":"https:\/\/ekkla.ch\/de\/wp-json\/wp\/v2\/types\/product"}],"wp:featuredmedia":[{"embeddable":true,"href":"https:\/\/ekkla.ch\/de\/wp-json\/wp\/v2\/media\/15651"}],"wp:attachment":[{"href":"https:\/\/ekkla.ch\/de\/wp-json\/wp\/v2\/media?parent=18434"}],"wp:term":[{"taxonomy":"product_cat","embeddable":true,"href":"https:\/\/ekkla.ch\/de\/wp-json\/wp\/v2\/product_cat?post=18434"},{"taxonomy":"product_tag","embeddable":true,"href":"https:\/\/ekkla.ch\/de\/wp-json\/wp\/v2\/product_tag?post=18434"}],"curies":[{"name":"wp","href":"https:\/\/api.w.org\/{rel}","templated":true}]}}