{"id":18437,"date":"2020-02-07T15:37:55","date_gmt":"2020-02-07T14:37:55","guid":{"rendered":"https:\/\/ekkla.ch\/produit\/suspension-kalahari-good-and-mojo\/"},"modified":"2023-02-27T00:00:07","modified_gmt":"2023-02-26T23:00:07","slug":"haengeleuchte-kalahari-good-and-mojo","status":"publish","type":"product","link":"https:\/\/ekkla.ch\/de\/produit\/haengeleuchte-kalahari-good-and-mojo\/","title":{"rendered":"H\u00e4ngeleuchte Kalahari &#8211; Rattan &#8211; \u00d870 &#8211; Good &#038; Mojo"},"content":{"rendered":"<blockquote><p>Diese handgefertigte Bambus-H\u00e4ngeleuchte aus der Kollektion Good &amp; Mojo bringt Eleganz in Ihr Zuhause. Das handgeflochtene, durchbrochene Rattan l\u00e4sst das Licht leicht hindurch schimmern und hinterl\u00e4sst sch\u00f6ne Reflexionen an den W\u00e4nden. Dank des versetzten Baldachins k\u00f6nnen Sie Ihre Leuchte individuell positionieren und f\u00fcr eine ideale Beleuchtung perfekt anpassen. Gl\u00fchbirne nicht inbegriffen.<\/p>\n<p><span style=\"font-size: 16px;\">F\u00fcr jede verkaufte Leuchte aus der Good &amp; Mojo-Kollektion wird eine Spende von 5% an die <\/span><a style=\"font-size: 16px;\" href=\"https:\/\/waka-waka.com\/de\/foundation\/\" target=\"_blank\" rel=\"noopener noreferrer\">WakaWaka<\/a><span style=\"font-size: 16px;\"> Foundation geleistet, die solare Beleuchtungsl\u00f6sungen f\u00fcr bed\u00fcrftige Menschen anbietet.<\/span><\/p>\n<h2>Merkmale &amp; Eigenschaften<\/h2>\n<p><strong>Marke<\/strong> Good &amp; Mojo<\/p>\n<p><strong>Farbe<\/strong> Naturton<\/p>\n<p><strong>Material<\/strong> Rattan<\/p>\n<p><strong>Gl\u00fchbirne<\/strong>\u00a0E27<\/p>\n<p><strong>Max. Leistung (W) <\/strong>60<\/p>\n<p><strong>Breite (cm) <\/strong>70<\/p>\n<p><strong>H\u00f6he (cm) <\/strong>25<\/p>\n<p><strong>Max. Kabell\u00e4nge (cm)<\/strong> 250<\/p><\/blockquote>\n","protected":false},"excerpt":{"rendered":"<p>Diese handgefertigte Bambus-H\u00e4ngeleuchte aus der Kollektion Good &amp; Mojo bringt Eleganz in Ihr Zuhause. Das handgeflochtene, durchbrochene Rattan l\u00e4sst das Licht leicht hindurch schimmern und hinterl\u00e4sst sch\u00f6ne Reflexionen an den W\u00e4nden. Dank des versetzten Baldachins k\u00f6nnen Sie Ihre Leuchte individuell positionieren und f\u00fcr eine ideale Beleuchtung perfekt anpassen. Gl\u00fchbirne nicht inbegriffen. F\u00fcr jede verkaufte Leuchte [&hellip;]<\/p>\n","protected":false},"featured_media":15444,"template":"","meta":{"_acf_changed":false,"om_disable_all_campaigns":false},"product_cat":[291],"product_tag":[1258,898,1188,816,704,603],"bundled_by":[],"bundle_stock_status":"onbackorder","bundle_stock_quantity":null,"bundle_virtual":false,"bundle_layout":"","bundle_add_to_cart_form_location":"","bundle_editable_in_cart":false,"bundle_sold_individually_context":"","bundle_item_grouping":"","bundle_min_size":"","bundle_max_size":"","bundle_price":[],"bundled_items":[],"bundle_sell_ids":[],"acf":[],"yoast_head":"<!-- This site is optimized with the Yoast SEO Premium plugin v22.2 (Yoast SEO v22.8) - https:\/\/yoast.com\/wordpress\/plugins\/seo\/ -->\n<title>H\u00e4ngeleuchte Kalahari l Good &amp; Mojo l Eco-friendly l Ekkla<\/title>\n<meta name=\"description\" content=\"Handgefertigte H\u00e4ngeleuchte aus Bambus von Good &amp; Mojo, die das Licht leicht durchschimmern l\u00e4sst und sch\u00f6ne Reflexionen an den W\u00e4nden hinterl\u00e4sst.\" \/>\n<meta name=\"robots\" content=\"index, follow, max-snippet:-1, max-image-preview:large, max-video-preview:-1\" \/>\n<link rel=\"canonical\" href=\"https:\/\/ekkla.ch\/de\/produit\/haengeleuchte-kalahari-good-and-mojo\/\" \/>\n<meta property=\"og:locale\" content=\"de_DE\" \/>\n<meta property=\"og:type\" content=\"article\" \/>\n<meta property=\"og:title\" content=\"H\u00e4ngeleuchte Kalahari - Rattan - \u00d870 - Good &amp; Mojo\" \/>\n<meta property=\"og:description\" content=\"Handgefertigte H\u00e4ngeleuchte aus Bambus von Good &amp; Mojo, die das Licht leicht durchschimmern l\u00e4sst und sch\u00f6ne Reflexionen an den W\u00e4nden hinterl\u00e4sst.\" \/>\n<meta property=\"og:url\" content=\"https:\/\/ekkla.ch\/de\/produit\/haengeleuchte-kalahari-good-and-mojo\/\" \/>\n<meta property=\"og:site_name\" content=\"Ekkla\" \/>\n<meta property=\"article:modified_time\" content=\"2023-02-26T23:00:07+00:00\" \/>\n<meta property=\"og:image\" content=\"https:\/\/ekkla.ch\/wp-content\/uploads\/2020\/02\/Suspension-kalahari-70-4.png\" \/>\n\t<meta property=\"og:image:width\" content=\"1081\" \/>\n\t<meta property=\"og:image:height\" content=\"1081\" \/>\n\t<meta property=\"og:image:type\" content=\"image\/png\" \/>\n<meta name=\"twitter:card\" content=\"summary_large_image\" \/>\n<meta name=\"twitter:label1\" content=\"Gesch\u00e4tzte Lesezeit\" \/>\n\t<meta name=\"twitter:data1\" content=\"1\u00a0Minute\" \/>\n<script type=\"application\/ld+json\" class=\"yoast-schema-graph\">{\"@context\":\"https:\/\/schema.org\",\"@graph\":[{\"@type\":\"WebPage\",\"@id\":\"https:\/\/ekkla.ch\/de\/produit\/haengeleuchte-kalahari-good-and-mojo\/\",\"url\":\"https:\/\/ekkla.ch\/de\/produit\/haengeleuchte-kalahari-good-and-mojo\/\",\"name\":\"H\u00e4ngeleuchte Kalahari l Good & Mojo l Eco-friendly l Ekkla\",\"isPartOf\":{\"@id\":\"https:\/\/ekkla.ch\/#website\"},\"primaryImageOfPage\":{\"@id\":\"https:\/\/ekkla.ch\/de\/produit\/haengeleuchte-kalahari-good-and-mojo\/#primaryimage\"},\"image\":{\"@id\":\"https:\/\/ekkla.ch\/de\/produit\/haengeleuchte-kalahari-good-and-mojo\/#primaryimage\"},\"thumbnailUrl\":\"https:\/\/ekkla.ch\/wp-content\/uploads\/2020\/02\/Suspension-kalahari-70-4.png\",\"datePublished\":\"2020-02-07T14:37:55+00:00\",\"dateModified\":\"2023-02-26T23:00:07+00:00\",\"description\":\"Handgefertigte H\u00e4ngeleuchte aus Bambus von Good & Mojo, die das Licht leicht durchschimmern l\u00e4sst und sch\u00f6ne Reflexionen an den W\u00e4nden hinterl\u00e4sst.\",\"breadcrumb\":{\"@id\":\"https:\/\/ekkla.ch\/de\/produit\/haengeleuchte-kalahari-good-and-mojo\/#breadcrumb\"},\"inLanguage\":\"de\",\"potentialAction\":[{\"@type\":\"ReadAction\",\"target\":[\"https:\/\/ekkla.ch\/de\/produit\/haengeleuchte-kalahari-good-and-mojo\/\"]}]},{\"@type\":\"ImageObject\",\"inLanguage\":\"de\",\"@id\":\"https:\/\/ekkla.ch\/de\/produit\/haengeleuchte-kalahari-good-and-mojo\/#primaryimage\",\"url\":\"https:\/\/ekkla.ch\/wp-content\/uploads\/2020\/02\/Suspension-kalahari-70-4.png\",\"contentUrl\":\"https:\/\/ekkla.ch\/wp-content\/uploads\/2020\/02\/Suspension-kalahari-70-4.png\",\"width\":1081,\"height\":1081},{\"@type\":\"BreadcrumbList\",\"@id\":\"https:\/\/ekkla.ch\/de\/produit\/haengeleuchte-kalahari-good-and-mojo\/#breadcrumb\",\"itemListElement\":[{\"@type\":\"ListItem\",\"position\":1,\"name\":\"Home\",\"item\":\"https:\/\/ekkla.ch\/de\/\"},{\"@type\":\"ListItem\",\"position\":2,\"name\":\"Shop\",\"item\":\"https:\/\/ekkla.ch\/de\/shop\/\"},{\"@type\":\"ListItem\",\"position\":3,\"name\":\"H\u00e4ngeleuchte Kalahari &#8211; Rattan &#8211; \u00d870 &#8211; Good &#038; Mojo\"}]},{\"@type\":\"WebSite\",\"@id\":\"https:\/\/ekkla.ch\/#website\",\"url\":\"https:\/\/ekkla.ch\/\",\"name\":\"Ekkla\",\"description\":\"Der Onlineshop f\u00fcr Beleuchtung\",\"publisher\":{\"@id\":\"https:\/\/ekkla.ch\/#organization\"},\"potentialAction\":[{\"@type\":\"SearchAction\",\"target\":{\"@type\":\"EntryPoint\",\"urlTemplate\":\"https:\/\/ekkla.ch\/?s={search_term_string}\"},\"query-input\":\"required name=search_term_string\"}],\"inLanguage\":\"de\"},{\"@type\":\"Organization\",\"@id\":\"https:\/\/ekkla.ch\/#organization\",\"name\":\"Ekkla\",\"url\":\"https:\/\/ekkla.ch\/\",\"logo\":{\"@type\":\"ImageObject\",\"inLanguage\":\"de\",\"@id\":\"https:\/\/ekkla.ch\/#\/schema\/logo\/image\/\",\"url\":\"http:\/\/ekkla.ch\/wp-content\/uploads\/2019\/07\/logo-1.svg\",\"contentUrl\":\"http:\/\/ekkla.ch\/wp-content\/uploads\/2019\/07\/logo-1.svg\",\"width\":1,\"height\":1,\"caption\":\"Ekkla\"},\"image\":{\"@id\":\"https:\/\/ekkla.ch\/#\/schema\/logo\/image\/\"},\"sameAs\":[\"https:\/\/www.instagram.com\/ekkla_light\/\"]}]}<\/script>\n<!-- \/ Yoast SEO Premium plugin. -->","yoast_head_json":{"title":"H\u00e4ngeleuchte Kalahari l Good & Mojo l Eco-friendly l Ekkla","description":"Handgefertigte H\u00e4ngeleuchte aus Bambus von Good & Mojo, die das Licht leicht durchschimmern l\u00e4sst und sch\u00f6ne Reflexionen an den W\u00e4nden hinterl\u00e4sst.","robots":{"index":"index","follow":"follow","max-snippet":"max-snippet:-1","max-image-preview":"max-image-preview:large","max-video-preview":"max-video-preview:-1"},"canonical":"https:\/\/ekkla.ch\/de\/produit\/haengeleuchte-kalahari-good-and-mojo\/","og_locale":"de_DE","og_type":"article","og_title":"H\u00e4ngeleuchte Kalahari - Rattan - \u00d870 - Good & Mojo","og_description":"Handgefertigte H\u00e4ngeleuchte aus Bambus von Good & Mojo, die das Licht leicht durchschimmern l\u00e4sst und sch\u00f6ne Reflexionen an den W\u00e4nden hinterl\u00e4sst.","og_url":"https:\/\/ekkla.ch\/de\/produit\/haengeleuchte-kalahari-good-and-mojo\/","og_site_name":"Ekkla","article_modified_time":"2023-02-26T23:00:07+00:00","og_image":[{"width":1081,"height":1081,"url":"https:\/\/ekkla.ch\/wp-content\/uploads\/2020\/02\/Suspension-kalahari-70-4.png","type":"image\/png"}],"twitter_card":"summary_large_image","twitter_misc":{"Gesch\u00e4tzte Lesezeit":"1\u00a0Minute"},"schema":{"@context":"https:\/\/schema.org","@graph":[{"@type":"WebPage","@id":"https:\/\/ekkla.ch\/de\/produit\/haengeleuchte-kalahari-good-and-mojo\/","url":"https:\/\/ekkla.ch\/de\/produit\/haengeleuchte-kalahari-good-and-mojo\/","name":"H\u00e4ngeleuchte Kalahari l Good & Mojo l Eco-friendly l Ekkla","isPartOf":{"@id":"https:\/\/ekkla.ch\/#website"},"primaryImageOfPage":{"@id":"https:\/\/ekkla.ch\/de\/produit\/haengeleuchte-kalahari-good-and-mojo\/#primaryimage"},"image":{"@id":"https:\/\/ekkla.ch\/de\/produit\/haengeleuchte-kalahari-good-and-mojo\/#primaryimage"},"thumbnailUrl":"https:\/\/ekkla.ch\/wp-content\/uploads\/2020\/02\/Suspension-kalahari-70-4.png","datePublished":"2020-02-07T14:37:55+00:00","dateModified":"2023-02-26T23:00:07+00:00","description":"Handgefertigte H\u00e4ngeleuchte aus Bambus von Good & Mojo, die das Licht leicht durchschimmern l\u00e4sst und sch\u00f6ne Reflexionen an den W\u00e4nden hinterl\u00e4sst.","breadcrumb":{"@id":"https:\/\/ekkla.ch\/de\/produit\/haengeleuchte-kalahari-good-and-mojo\/#breadcrumb"},"inLanguage":"de","potentialAction":[{"@type":"ReadAction","target":["https:\/\/ekkla.ch\/de\/produit\/haengeleuchte-kalahari-good-and-mojo\/"]}]},{"@type":"ImageObject","inLanguage":"de","@id":"https:\/\/ekkla.ch\/de\/produit\/haengeleuchte-kalahari-good-and-mojo\/#primaryimage","url":"https:\/\/ekkla.ch\/wp-content\/uploads\/2020\/02\/Suspension-kalahari-70-4.png","contentUrl":"https:\/\/ekkla.ch\/wp-content\/uploads\/2020\/02\/Suspension-kalahari-70-4.png","width":1081,"height":1081},{"@type":"BreadcrumbList","@id":"https:\/\/ekkla.ch\/de\/produit\/haengeleuchte-kalahari-good-and-mojo\/#breadcrumb","itemListElement":[{"@type":"ListItem","position":1,"name":"Home","item":"https:\/\/ekkla.ch\/de\/"},{"@type":"ListItem","position":2,"name":"Shop","item":"https:\/\/ekkla.ch\/de\/shop\/"},{"@type":"ListItem","position":3,"name":"H\u00e4ngeleuchte Kalahari &#8211; Rattan &#8211; \u00d870 &#8211; Good &#038; Mojo"}]},{"@type":"WebSite","@id":"https:\/\/ekkla.ch\/#website","url":"https:\/\/ekkla.ch\/","name":"Ekkla","description":"Der Onlineshop f\u00fcr Beleuchtung","publisher":{"@id":"https:\/\/ekkla.ch\/#organization"},"potentialAction":[{"@type":"SearchAction","target":{"@type":"EntryPoint","urlTemplate":"https:\/\/ekkla.ch\/?s={search_term_string}"},"query-input":"required name=search_term_string"}],"inLanguage":"de"},{"@type":"Organization","@id":"https:\/\/ekkla.ch\/#organization","name":"Ekkla","url":"https:\/\/ekkla.ch\/","logo":{"@type":"ImageObject","inLanguage":"de","@id":"https:\/\/ekkla.ch\/#\/schema\/logo\/image\/","url":"http:\/\/ekkla.ch\/wp-content\/uploads\/2019\/07\/logo-1.svg","contentUrl":"http:\/\/ekkla.ch\/wp-content\/uploads\/2019\/07\/logo-1.svg","width":1,"height":1,"caption":"Ekkla"},"image":{"@id":"https:\/\/ekkla.ch\/#\/schema\/logo\/image\/"},"sameAs":["https:\/\/www.instagram.com\/ekkla_light\/"]}]}},"_links":{"self":[{"href":"https:\/\/ekkla.ch\/de\/wp-json\/wp\/v2\/product\/18437"}],"collection":[{"href":"https:\/\/ekkla.ch\/de\/wp-json\/wp\/v2\/product"}],"about":[{"href":"https:\/\/ekkla.ch\/de\/wp-json\/wp\/v2\/types\/product"}],"wp:featuredmedia":[{"embeddable":true,"href":"https:\/\/ekkla.ch\/de\/wp-json\/wp\/v2\/media\/15444"}],"wp:attachment":[{"href":"https:\/\/ekkla.ch\/de\/wp-json\/wp\/v2\/media?parent=18437"}],"wp:term":[{"taxonomy":"product_cat","embeddable":true,"href":"https:\/\/ekkla.ch\/de\/wp-json\/wp\/v2\/product_cat?post=18437"},{"taxonomy":"product_tag","embeddable":true,"href":"https:\/\/ekkla.ch\/de\/wp-json\/wp\/v2\/product_tag?post=18437"}],"curies":[{"name":"wp","href":"https:\/\/api.w.org\/{rel}","templated":true}]}}