{"id":18441,"date":"2020-02-07T15:22:23","date_gmt":"2020-02-07T14:22:23","guid":{"rendered":"https:\/\/ekkla.ch\/produit\/suspension-halong-double-blanche-good-and-mojo\/"},"modified":"2023-02-27T00:00:07","modified_gmt":"2023-02-26T23:00:07","slug":"haengeleuchte-halong-double-blanche-good-and-mojo","status":"publish","type":"product","link":"https:\/\/ekkla.ch\/de\/produit\/haengeleuchte-halong-double-blanche-good-and-mojo\/","title":{"rendered":"H\u00e4ngeleuchte Halong Double &#8211; Heller und weiss lackierter Bambus &#8211; B.105 &#8211; Good &#038; Mojo"},"content":{"rendered":"<p>Diese Kreation von Good &amp; Mojo kombiniert Eleganz mit einem industriellen Stil. Die sorgf\u00e4ltige, handgefertigte Bambusverarbeitung passt perfekt in jedes Interieur und verleiht einen Touch von Raffinesse und Modernit\u00e4t. Die weiss lackierten Lampenschirme geben Ihrem Interieur einen sauberen Glanz und reflektieren das Licht perfekt. Besonders geeignet \u00fcber einem Esstisch, wird die Leuchte Ihr Dinner in ein weiches, warmes Licht tauchen. Die Good &amp; Mojo-Kollektion enth\u00e4lt zahlreiche nachhaltige Leuchten, die ausschliesslich aus umweltverantwortlichen und\/oder recycelten Materialien bestehen. Die meisten Lampen werden von Handwerkern aus einer Gemeinschaft in einem kleinen vietnamesischen Dorf handgefertigt.\u00a0Gl\u00fchbirnen nicht inbegriffen.<\/p>\n<blockquote>\n<h2>Merkmale &amp; Eigenschaften<\/h2>\n<p><strong>Marke<\/strong> Good &amp; Mojo<\/p>\n<p><strong>Farben<\/strong> Weiss und Naturton<\/p>\n<p><strong>Material<\/strong> Bambus<\/p>\n<p><strong>Gl\u00fchbirne<\/strong>\u00a0E27<\/p>\n<p><strong>Max. Leistung (W) <\/strong>60<\/p>\n<p><strong>Breite (cm) <\/strong>105<\/p>\n<p><strong>H\u00f6he (cm) <\/strong>28<\/p>\n<p><strong>Max. Kabell\u00e4nge (cm)<\/strong> 350<\/p><\/blockquote>\n","protected":false},"excerpt":{"rendered":"<p>Diese Kreation von Good &amp; Mojo kombiniert Eleganz mit einem industriellen Stil. Die sorgf\u00e4ltige, handgefertigte Bambusverarbeitung passt perfekt in jedes Interieur und verleiht einen Touch von Raffinesse und Modernit\u00e4t. Die weiss lackierten Lampenschirme geben Ihrem Interieur einen sauberen Glanz und reflektieren das Licht perfekt. Besonders geeignet \u00fcber einem Esstisch, wird die Leuchte Ihr Dinner in [&hellip;]<\/p>\n","protected":false},"featured_media":15427,"template":"","meta":{"_acf_changed":false,"om_disable_all_campaigns":false},"product_cat":[291],"product_tag":[1258,898,554,1188,816,704,603],"bundled_by":[],"bundle_stock_status":"onbackorder","bundle_stock_quantity":null,"bundle_virtual":false,"bundle_layout":"","bundle_add_to_cart_form_location":"","bundle_editable_in_cart":false,"bundle_sold_individually_context":"","bundle_item_grouping":"","bundle_min_size":"","bundle_max_size":"","bundle_price":[],"bundled_items":[],"bundle_sell_ids":[],"acf":[],"yoast_head":"<!-- This site is optimized with the Yoast SEO Premium plugin v22.2 (Yoast SEO v22.8) - https:\/\/yoast.com\/wordpress\/plugins\/seo\/ -->\n<title>H\u00e4ngeleuchte Halong Double weiss | Good &amp; Mojo | Eco-friendly | Ekkla<\/title>\n<meta name=\"description\" content=\"Industrie-Stil und Eleganz sind in dieser Good &amp; Mojo H\u00e4ngeleuchte perfekt vereint. Ideal f\u00fcr ein Esszimmer, um Ihre Mahlzeiten ins beste Licht zu r\u00fccken.\" \/>\n<meta name=\"robots\" content=\"index, follow, max-snippet:-1, max-image-preview:large, max-video-preview:-1\" \/>\n<link rel=\"canonical\" href=\"https:\/\/ekkla.ch\/de\/produit\/haengeleuchte-halong-double-blanche-good-and-mojo\/\" \/>\n<meta property=\"og:locale\" content=\"de_DE\" \/>\n<meta property=\"og:type\" content=\"article\" \/>\n<meta property=\"og:title\" content=\"H\u00e4ngeleuchte Halong Double - Heller und weiss lackierter Bambus - B.105 - Good &amp; Mojo\" \/>\n<meta property=\"og:description\" content=\"Industrie-Stil und Eleganz sind in dieser Good &amp; Mojo H\u00e4ngeleuchte perfekt vereint. Ideal f\u00fcr ein Esszimmer, um Ihre Mahlzeiten ins beste Licht zu r\u00fccken.\" \/>\n<meta property=\"og:url\" content=\"https:\/\/ekkla.ch\/de\/produit\/haengeleuchte-halong-double-blanche-good-and-mojo\/\" \/>\n<meta property=\"og:site_name\" content=\"Ekkla\" \/>\n<meta property=\"article:modified_time\" content=\"2023-02-26T23:00:07+00:00\" \/>\n<meta property=\"og:image\" content=\"https:\/\/ekkla.ch\/wp-content\/uploads\/2020\/02\/Suspension-Halong-blanche-1.png\" \/>\n\t<meta property=\"og:image:width\" content=\"1081\" \/>\n\t<meta property=\"og:image:height\" content=\"1081\" \/>\n\t<meta property=\"og:image:type\" content=\"image\/png\" \/>\n<meta name=\"twitter:card\" content=\"summary_large_image\" \/>\n<meta name=\"twitter:label1\" content=\"Gesch\u00e4tzte Lesezeit\" \/>\n\t<meta name=\"twitter:data1\" content=\"1\u00a0Minute\" \/>\n<script type=\"application\/ld+json\" class=\"yoast-schema-graph\">{\"@context\":\"https:\/\/schema.org\",\"@graph\":[{\"@type\":\"WebPage\",\"@id\":\"https:\/\/ekkla.ch\/de\/produit\/haengeleuchte-halong-double-blanche-good-and-mojo\/\",\"url\":\"https:\/\/ekkla.ch\/de\/produit\/haengeleuchte-halong-double-blanche-good-and-mojo\/\",\"name\":\"H\u00e4ngeleuchte Halong Double weiss | Good & Mojo | Eco-friendly | Ekkla\",\"isPartOf\":{\"@id\":\"https:\/\/ekkla.ch\/#website\"},\"primaryImageOfPage\":{\"@id\":\"https:\/\/ekkla.ch\/de\/produit\/haengeleuchte-halong-double-blanche-good-and-mojo\/#primaryimage\"},\"image\":{\"@id\":\"https:\/\/ekkla.ch\/de\/produit\/haengeleuchte-halong-double-blanche-good-and-mojo\/#primaryimage\"},\"thumbnailUrl\":\"https:\/\/ekkla.ch\/wp-content\/uploads\/2020\/02\/Suspension-Halong-blanche-1.png\",\"datePublished\":\"2020-02-07T14:22:23+00:00\",\"dateModified\":\"2023-02-26T23:00:07+00:00\",\"description\":\"Industrie-Stil und Eleganz sind in dieser Good & Mojo H\u00e4ngeleuchte perfekt vereint. Ideal f\u00fcr ein Esszimmer, um Ihre Mahlzeiten ins beste Licht zu r\u00fccken.\",\"breadcrumb\":{\"@id\":\"https:\/\/ekkla.ch\/de\/produit\/haengeleuchte-halong-double-blanche-good-and-mojo\/#breadcrumb\"},\"inLanguage\":\"de\",\"potentialAction\":[{\"@type\":\"ReadAction\",\"target\":[\"https:\/\/ekkla.ch\/de\/produit\/haengeleuchte-halong-double-blanche-good-and-mojo\/\"]}]},{\"@type\":\"ImageObject\",\"inLanguage\":\"de\",\"@id\":\"https:\/\/ekkla.ch\/de\/produit\/haengeleuchte-halong-double-blanche-good-and-mojo\/#primaryimage\",\"url\":\"https:\/\/ekkla.ch\/wp-content\/uploads\/2020\/02\/Suspension-Halong-blanche-1.png\",\"contentUrl\":\"https:\/\/ekkla.ch\/wp-content\/uploads\/2020\/02\/Suspension-Halong-blanche-1.png\",\"width\":1081,\"height\":1081},{\"@type\":\"BreadcrumbList\",\"@id\":\"https:\/\/ekkla.ch\/de\/produit\/haengeleuchte-halong-double-blanche-good-and-mojo\/#breadcrumb\",\"itemListElement\":[{\"@type\":\"ListItem\",\"position\":1,\"name\":\"Home\",\"item\":\"https:\/\/ekkla.ch\/de\/\"},{\"@type\":\"ListItem\",\"position\":2,\"name\":\"Shop\",\"item\":\"https:\/\/ekkla.ch\/de\/shop\/\"},{\"@type\":\"ListItem\",\"position\":3,\"name\":\"H\u00e4ngeleuchte Halong Double &#8211; Heller und weiss lackierter Bambus &#8211; B.105 &#8211; Good &#038; Mojo\"}]},{\"@type\":\"WebSite\",\"@id\":\"https:\/\/ekkla.ch\/#website\",\"url\":\"https:\/\/ekkla.ch\/\",\"name\":\"Ekkla\",\"description\":\"Der Onlineshop f\u00fcr Beleuchtung\",\"publisher\":{\"@id\":\"https:\/\/ekkla.ch\/#organization\"},\"potentialAction\":[{\"@type\":\"SearchAction\",\"target\":{\"@type\":\"EntryPoint\",\"urlTemplate\":\"https:\/\/ekkla.ch\/?s={search_term_string}\"},\"query-input\":\"required name=search_term_string\"}],\"inLanguage\":\"de\"},{\"@type\":\"Organization\",\"@id\":\"https:\/\/ekkla.ch\/#organization\",\"name\":\"Ekkla\",\"url\":\"https:\/\/ekkla.ch\/\",\"logo\":{\"@type\":\"ImageObject\",\"inLanguage\":\"de\",\"@id\":\"https:\/\/ekkla.ch\/#\/schema\/logo\/image\/\",\"url\":\"http:\/\/ekkla.ch\/wp-content\/uploads\/2019\/07\/logo-1.svg\",\"contentUrl\":\"http:\/\/ekkla.ch\/wp-content\/uploads\/2019\/07\/logo-1.svg\",\"width\":1,\"height\":1,\"caption\":\"Ekkla\"},\"image\":{\"@id\":\"https:\/\/ekkla.ch\/#\/schema\/logo\/image\/\"},\"sameAs\":[\"https:\/\/www.instagram.com\/ekkla_light\/\"]}]}<\/script>\n<!-- \/ Yoast SEO Premium plugin. -->","yoast_head_json":{"title":"H\u00e4ngeleuchte Halong Double weiss | Good & Mojo | Eco-friendly | Ekkla","description":"Industrie-Stil und Eleganz sind in dieser Good & Mojo H\u00e4ngeleuchte perfekt vereint. Ideal f\u00fcr ein Esszimmer, um Ihre Mahlzeiten ins beste Licht zu r\u00fccken.","robots":{"index":"index","follow":"follow","max-snippet":"max-snippet:-1","max-image-preview":"max-image-preview:large","max-video-preview":"max-video-preview:-1"},"canonical":"https:\/\/ekkla.ch\/de\/produit\/haengeleuchte-halong-double-blanche-good-and-mojo\/","og_locale":"de_DE","og_type":"article","og_title":"H\u00e4ngeleuchte Halong Double - Heller und weiss lackierter Bambus - B.105 - Good & Mojo","og_description":"Industrie-Stil und Eleganz sind in dieser Good & Mojo H\u00e4ngeleuchte perfekt vereint. Ideal f\u00fcr ein Esszimmer, um Ihre Mahlzeiten ins beste Licht zu r\u00fccken.","og_url":"https:\/\/ekkla.ch\/de\/produit\/haengeleuchte-halong-double-blanche-good-and-mojo\/","og_site_name":"Ekkla","article_modified_time":"2023-02-26T23:00:07+00:00","og_image":[{"width":1081,"height":1081,"url":"https:\/\/ekkla.ch\/wp-content\/uploads\/2020\/02\/Suspension-Halong-blanche-1.png","type":"image\/png"}],"twitter_card":"summary_large_image","twitter_misc":{"Gesch\u00e4tzte Lesezeit":"1\u00a0Minute"},"schema":{"@context":"https:\/\/schema.org","@graph":[{"@type":"WebPage","@id":"https:\/\/ekkla.ch\/de\/produit\/haengeleuchte-halong-double-blanche-good-and-mojo\/","url":"https:\/\/ekkla.ch\/de\/produit\/haengeleuchte-halong-double-blanche-good-and-mojo\/","name":"H\u00e4ngeleuchte Halong Double weiss | Good & Mojo | Eco-friendly | Ekkla","isPartOf":{"@id":"https:\/\/ekkla.ch\/#website"},"primaryImageOfPage":{"@id":"https:\/\/ekkla.ch\/de\/produit\/haengeleuchte-halong-double-blanche-good-and-mojo\/#primaryimage"},"image":{"@id":"https:\/\/ekkla.ch\/de\/produit\/haengeleuchte-halong-double-blanche-good-and-mojo\/#primaryimage"},"thumbnailUrl":"https:\/\/ekkla.ch\/wp-content\/uploads\/2020\/02\/Suspension-Halong-blanche-1.png","datePublished":"2020-02-07T14:22:23+00:00","dateModified":"2023-02-26T23:00:07+00:00","description":"Industrie-Stil und Eleganz sind in dieser Good & Mojo H\u00e4ngeleuchte perfekt vereint. Ideal f\u00fcr ein Esszimmer, um Ihre Mahlzeiten ins beste Licht zu r\u00fccken.","breadcrumb":{"@id":"https:\/\/ekkla.ch\/de\/produit\/haengeleuchte-halong-double-blanche-good-and-mojo\/#breadcrumb"},"inLanguage":"de","potentialAction":[{"@type":"ReadAction","target":["https:\/\/ekkla.ch\/de\/produit\/haengeleuchte-halong-double-blanche-good-and-mojo\/"]}]},{"@type":"ImageObject","inLanguage":"de","@id":"https:\/\/ekkla.ch\/de\/produit\/haengeleuchte-halong-double-blanche-good-and-mojo\/#primaryimage","url":"https:\/\/ekkla.ch\/wp-content\/uploads\/2020\/02\/Suspension-Halong-blanche-1.png","contentUrl":"https:\/\/ekkla.ch\/wp-content\/uploads\/2020\/02\/Suspension-Halong-blanche-1.png","width":1081,"height":1081},{"@type":"BreadcrumbList","@id":"https:\/\/ekkla.ch\/de\/produit\/haengeleuchte-halong-double-blanche-good-and-mojo\/#breadcrumb","itemListElement":[{"@type":"ListItem","position":1,"name":"Home","item":"https:\/\/ekkla.ch\/de\/"},{"@type":"ListItem","position":2,"name":"Shop","item":"https:\/\/ekkla.ch\/de\/shop\/"},{"@type":"ListItem","position":3,"name":"H\u00e4ngeleuchte Halong Double &#8211; Heller und weiss lackierter Bambus &#8211; B.105 &#8211; Good &#038; Mojo"}]},{"@type":"WebSite","@id":"https:\/\/ekkla.ch\/#website","url":"https:\/\/ekkla.ch\/","name":"Ekkla","description":"Der Onlineshop f\u00fcr Beleuchtung","publisher":{"@id":"https:\/\/ekkla.ch\/#organization"},"potentialAction":[{"@type":"SearchAction","target":{"@type":"EntryPoint","urlTemplate":"https:\/\/ekkla.ch\/?s={search_term_string}"},"query-input":"required name=search_term_string"}],"inLanguage":"de"},{"@type":"Organization","@id":"https:\/\/ekkla.ch\/#organization","name":"Ekkla","url":"https:\/\/ekkla.ch\/","logo":{"@type":"ImageObject","inLanguage":"de","@id":"https:\/\/ekkla.ch\/#\/schema\/logo\/image\/","url":"http:\/\/ekkla.ch\/wp-content\/uploads\/2019\/07\/logo-1.svg","contentUrl":"http:\/\/ekkla.ch\/wp-content\/uploads\/2019\/07\/logo-1.svg","width":1,"height":1,"caption":"Ekkla"},"image":{"@id":"https:\/\/ekkla.ch\/#\/schema\/logo\/image\/"},"sameAs":["https:\/\/www.instagram.com\/ekkla_light\/"]}]}},"_links":{"self":[{"href":"https:\/\/ekkla.ch\/de\/wp-json\/wp\/v2\/product\/18441"}],"collection":[{"href":"https:\/\/ekkla.ch\/de\/wp-json\/wp\/v2\/product"}],"about":[{"href":"https:\/\/ekkla.ch\/de\/wp-json\/wp\/v2\/types\/product"}],"wp:featuredmedia":[{"embeddable":true,"href":"https:\/\/ekkla.ch\/de\/wp-json\/wp\/v2\/media\/15427"}],"wp:attachment":[{"href":"https:\/\/ekkla.ch\/de\/wp-json\/wp\/v2\/media?parent=18441"}],"wp:term":[{"taxonomy":"product_cat","embeddable":true,"href":"https:\/\/ekkla.ch\/de\/wp-json\/wp\/v2\/product_cat?post=18441"},{"taxonomy":"product_tag","embeddable":true,"href":"https:\/\/ekkla.ch\/de\/wp-json\/wp\/v2\/product_tag?post=18441"}],"curies":[{"name":"wp","href":"https:\/\/api.w.org\/{rel}","templated":true}]}}