{"id":18445,"date":"2020-02-06T16:58:42","date_gmt":"2020-02-06T15:58:42","guid":{"rendered":"https:\/\/ekkla.ch\/produit\/suspension-florence-noire-its-about-romi\/"},"modified":"2023-02-27T00:00:10","modified_gmt":"2023-02-26T23:00:10","slug":"haengeleuchte-florence-noire-its-about-romi","status":"publish","type":"product","link":"https:\/\/ekkla.ch\/de\/produit\/haengeleuchte-florence-noire-its-about-romi\/","title":{"rendered":"H\u00e4ngeleuchte Florence &#8211; Schwarzes Metall und Glas &#8211; H.52 &#8211; It&#8217;s About Romi"},"content":{"rendered":"<p>Kombinieren Sie Zweckm\u00e4ssigkeit und Stil mit der Leuchte Florence, einer originellen H\u00e4ngeleuchte, die aus einem Metallrahmen mit einem Glasgef\u00e4ss besteht und von einer dekorativen Gl\u00fchbirne gekr\u00f6nt wird. Lassen Sie Ihrer Fantasie freien Lauf und dekorieren Sie Ihre Leuchte nach Wunsch oder Jahreszeit. Kr\u00e4uter in der K\u00fcche, trendige Kakteen f\u00fcr eine sonnige Veranda oder ein Blumenarrangement\u00a0 sind nur einige der M\u00f6glichkeiten! Ob in der K\u00fcche, im Esszimmer oder im Eingangsbereich, Florence findet \u00fcberall ihren Platz. W\u00e4hlen Sie gleich mehrere H\u00e4ngeleuchten und gestalten Sie Ihren eigenen Minigarten im Innenren. Pflanzen und Gl\u00fchbirne nicht inbegriffen.<\/p>\n<blockquote>\n<h2>Merkmale &amp; Eigenschaften<\/h2>\n<p><strong>Marke<\/strong> It&#8217;s About Romi<\/p>\n<p><strong>Farbe<\/strong> Schwarz<\/p>\n<p><strong>Material<\/strong> Metall und Glas<\/p>\n<p><strong>Gl\u00fchbirne<\/strong>\u00a0E27<\/p>\n<p><strong>Max. Leistung (W) <\/strong>60<\/p>\n<p><strong>Breite (cm) <\/strong>19<\/p>\n<p><strong>H\u00f6he (cm) <\/strong>52<\/p>\n<p><strong>Kabell\u00e4nge (cm)<\/strong> 200<\/p><\/blockquote>\n","protected":false},"excerpt":{"rendered":"<p>Kombinieren Sie Zweckm\u00e4ssigkeit und Stil mit der Leuchte Florence, einer originellen H\u00e4ngeleuchte, die aus einem Metallrahmen mit einem Glasgef\u00e4ss besteht und von einer dekorativen Gl\u00fchbirne gekr\u00f6nt wird. Lassen Sie Ihrer Fantasie freien Lauf und dekorieren Sie Ihre Leuchte nach Wunsch oder Jahreszeit. Kr\u00e4uter in der K\u00fcche, trendige Kakteen f\u00fcr eine sonnige Veranda oder ein Blumenarrangement\u00a0 [&hellip;]<\/p>\n","protected":false},"featured_media":15295,"template":"","meta":{"_acf_changed":false,"om_disable_all_campaigns":false},"product_cat":[291],"product_tag":[898,554,1188,816,603,942],"bundled_by":[],"bundle_stock_status":"onbackorder","bundle_stock_quantity":null,"bundle_virtual":false,"bundle_layout":"","bundle_add_to_cart_form_location":"","bundle_editable_in_cart":false,"bundle_sold_individually_context":"","bundle_item_grouping":"","bundle_min_size":"","bundle_max_size":"","bundle_price":[],"bundled_items":[],"bundle_sell_ids":[],"acf":[],"yoast_head":"<!-- This site is optimized with the Yoast SEO Premium plugin v22.2 (Yoast SEO v22.8) - https:\/\/yoast.com\/wordpress\/plugins\/seo\/ -->\n<title>H\u00e4ngeleuchte Florence schwarz | It&#039;s About Romi | Ekkla<\/title>\n<meta name=\"description\" content=\"Eine H\u00e4ngleuchte mit modernem und industriellen Design, das Ihre Inneneinrichtung belebt. Setzt Ihre Pflanzen perfekt in Szene.\" \/>\n<meta name=\"robots\" content=\"index, follow, max-snippet:-1, max-image-preview:large, max-video-preview:-1\" \/>\n<link rel=\"canonical\" href=\"https:\/\/ekkla.ch\/de\/produit\/haengeleuchte-florence-noire-its-about-romi\/\" \/>\n<meta property=\"og:locale\" content=\"de_DE\" \/>\n<meta property=\"og:type\" content=\"article\" \/>\n<meta property=\"og:title\" content=\"H\u00e4ngeleuchte Florence - Schwarzes Metall und Glas - H.52 - It&#039;s About Romi\" \/>\n<meta property=\"og:description\" content=\"Eine H\u00e4ngleuchte mit modernem und industriellen Design, das Ihre Inneneinrichtung belebt. Setzt Ihre Pflanzen perfekt in Szene.\" \/>\n<meta property=\"og:url\" content=\"https:\/\/ekkla.ch\/de\/produit\/haengeleuchte-florence-noire-its-about-romi\/\" \/>\n<meta property=\"og:site_name\" content=\"Ekkla\" \/>\n<meta property=\"article:modified_time\" content=\"2023-02-26T23:00:10+00:00\" \/>\n<meta property=\"og:image\" content=\"https:\/\/ekkla.ch\/wp-content\/uploads\/2020\/02\/Suspension-Florence-noire-7.png\" \/>\n\t<meta property=\"og:image:width\" content=\"1081\" \/>\n\t<meta property=\"og:image:height\" content=\"1081\" \/>\n\t<meta property=\"og:image:type\" content=\"image\/png\" \/>\n<meta name=\"twitter:card\" content=\"summary_large_image\" \/>\n<meta name=\"twitter:label1\" content=\"Gesch\u00e4tzte Lesezeit\" \/>\n\t<meta name=\"twitter:data1\" content=\"1\u00a0Minute\" \/>\n<script type=\"application\/ld+json\" class=\"yoast-schema-graph\">{\"@context\":\"https:\/\/schema.org\",\"@graph\":[{\"@type\":\"WebPage\",\"@id\":\"https:\/\/ekkla.ch\/de\/produit\/haengeleuchte-florence-noire-its-about-romi\/\",\"url\":\"https:\/\/ekkla.ch\/de\/produit\/haengeleuchte-florence-noire-its-about-romi\/\",\"name\":\"H\u00e4ngeleuchte Florence schwarz | It's About Romi | Ekkla\",\"isPartOf\":{\"@id\":\"https:\/\/ekkla.ch\/#website\"},\"primaryImageOfPage\":{\"@id\":\"https:\/\/ekkla.ch\/de\/produit\/haengeleuchte-florence-noire-its-about-romi\/#primaryimage\"},\"image\":{\"@id\":\"https:\/\/ekkla.ch\/de\/produit\/haengeleuchte-florence-noire-its-about-romi\/#primaryimage\"},\"thumbnailUrl\":\"https:\/\/ekkla.ch\/wp-content\/uploads\/2020\/02\/Suspension-Florence-noire-7.png\",\"datePublished\":\"2020-02-06T15:58:42+00:00\",\"dateModified\":\"2023-02-26T23:00:10+00:00\",\"description\":\"Eine H\u00e4ngleuchte mit modernem und industriellen Design, das Ihre Inneneinrichtung belebt. Setzt Ihre Pflanzen perfekt in Szene.\",\"breadcrumb\":{\"@id\":\"https:\/\/ekkla.ch\/de\/produit\/haengeleuchte-florence-noire-its-about-romi\/#breadcrumb\"},\"inLanguage\":\"de\",\"potentialAction\":[{\"@type\":\"ReadAction\",\"target\":[\"https:\/\/ekkla.ch\/de\/produit\/haengeleuchte-florence-noire-its-about-romi\/\"]}]},{\"@type\":\"ImageObject\",\"inLanguage\":\"de\",\"@id\":\"https:\/\/ekkla.ch\/de\/produit\/haengeleuchte-florence-noire-its-about-romi\/#primaryimage\",\"url\":\"https:\/\/ekkla.ch\/wp-content\/uploads\/2020\/02\/Suspension-Florence-noire-7.png\",\"contentUrl\":\"https:\/\/ekkla.ch\/wp-content\/uploads\/2020\/02\/Suspension-Florence-noire-7.png\",\"width\":1081,\"height\":1081},{\"@type\":\"BreadcrumbList\",\"@id\":\"https:\/\/ekkla.ch\/de\/produit\/haengeleuchte-florence-noire-its-about-romi\/#breadcrumb\",\"itemListElement\":[{\"@type\":\"ListItem\",\"position\":1,\"name\":\"Home\",\"item\":\"https:\/\/ekkla.ch\/de\/\"},{\"@type\":\"ListItem\",\"position\":2,\"name\":\"Shop\",\"item\":\"https:\/\/ekkla.ch\/de\/shop\/\"},{\"@type\":\"ListItem\",\"position\":3,\"name\":\"H\u00e4ngeleuchte Florence &#8211; Schwarzes Metall und Glas &#8211; H.52 &#8211; It&#8217;s About Romi\"}]},{\"@type\":\"WebSite\",\"@id\":\"https:\/\/ekkla.ch\/#website\",\"url\":\"https:\/\/ekkla.ch\/\",\"name\":\"Ekkla\",\"description\":\"Der Onlineshop f\u00fcr Beleuchtung\",\"publisher\":{\"@id\":\"https:\/\/ekkla.ch\/#organization\"},\"potentialAction\":[{\"@type\":\"SearchAction\",\"target\":{\"@type\":\"EntryPoint\",\"urlTemplate\":\"https:\/\/ekkla.ch\/?s={search_term_string}\"},\"query-input\":\"required name=search_term_string\"}],\"inLanguage\":\"de\"},{\"@type\":\"Organization\",\"@id\":\"https:\/\/ekkla.ch\/#organization\",\"name\":\"Ekkla\",\"url\":\"https:\/\/ekkla.ch\/\",\"logo\":{\"@type\":\"ImageObject\",\"inLanguage\":\"de\",\"@id\":\"https:\/\/ekkla.ch\/#\/schema\/logo\/image\/\",\"url\":\"http:\/\/ekkla.ch\/wp-content\/uploads\/2019\/07\/logo-1.svg\",\"contentUrl\":\"http:\/\/ekkla.ch\/wp-content\/uploads\/2019\/07\/logo-1.svg\",\"width\":1,\"height\":1,\"caption\":\"Ekkla\"},\"image\":{\"@id\":\"https:\/\/ekkla.ch\/#\/schema\/logo\/image\/\"},\"sameAs\":[\"https:\/\/www.instagram.com\/ekkla_light\/\"]}]}<\/script>\n<!-- \/ Yoast SEO Premium plugin. -->","yoast_head_json":{"title":"H\u00e4ngeleuchte Florence schwarz | It's About Romi | Ekkla","description":"Eine H\u00e4ngleuchte mit modernem und industriellen Design, das Ihre Inneneinrichtung belebt. Setzt Ihre Pflanzen perfekt in Szene.","robots":{"index":"index","follow":"follow","max-snippet":"max-snippet:-1","max-image-preview":"max-image-preview:large","max-video-preview":"max-video-preview:-1"},"canonical":"https:\/\/ekkla.ch\/de\/produit\/haengeleuchte-florence-noire-its-about-romi\/","og_locale":"de_DE","og_type":"article","og_title":"H\u00e4ngeleuchte Florence - Schwarzes Metall und Glas - H.52 - It's About Romi","og_description":"Eine H\u00e4ngleuchte mit modernem und industriellen Design, das Ihre Inneneinrichtung belebt. Setzt Ihre Pflanzen perfekt in Szene.","og_url":"https:\/\/ekkla.ch\/de\/produit\/haengeleuchte-florence-noire-its-about-romi\/","og_site_name":"Ekkla","article_modified_time":"2023-02-26T23:00:10+00:00","og_image":[{"width":1081,"height":1081,"url":"https:\/\/ekkla.ch\/wp-content\/uploads\/2020\/02\/Suspension-Florence-noire-7.png","type":"image\/png"}],"twitter_card":"summary_large_image","twitter_misc":{"Gesch\u00e4tzte Lesezeit":"1\u00a0Minute"},"schema":{"@context":"https:\/\/schema.org","@graph":[{"@type":"WebPage","@id":"https:\/\/ekkla.ch\/de\/produit\/haengeleuchte-florence-noire-its-about-romi\/","url":"https:\/\/ekkla.ch\/de\/produit\/haengeleuchte-florence-noire-its-about-romi\/","name":"H\u00e4ngeleuchte Florence schwarz | It's About Romi | Ekkla","isPartOf":{"@id":"https:\/\/ekkla.ch\/#website"},"primaryImageOfPage":{"@id":"https:\/\/ekkla.ch\/de\/produit\/haengeleuchte-florence-noire-its-about-romi\/#primaryimage"},"image":{"@id":"https:\/\/ekkla.ch\/de\/produit\/haengeleuchte-florence-noire-its-about-romi\/#primaryimage"},"thumbnailUrl":"https:\/\/ekkla.ch\/wp-content\/uploads\/2020\/02\/Suspension-Florence-noire-7.png","datePublished":"2020-02-06T15:58:42+00:00","dateModified":"2023-02-26T23:00:10+00:00","description":"Eine H\u00e4ngleuchte mit modernem und industriellen Design, das Ihre Inneneinrichtung belebt. Setzt Ihre Pflanzen perfekt in Szene.","breadcrumb":{"@id":"https:\/\/ekkla.ch\/de\/produit\/haengeleuchte-florence-noire-its-about-romi\/#breadcrumb"},"inLanguage":"de","potentialAction":[{"@type":"ReadAction","target":["https:\/\/ekkla.ch\/de\/produit\/haengeleuchte-florence-noire-its-about-romi\/"]}]},{"@type":"ImageObject","inLanguage":"de","@id":"https:\/\/ekkla.ch\/de\/produit\/haengeleuchte-florence-noire-its-about-romi\/#primaryimage","url":"https:\/\/ekkla.ch\/wp-content\/uploads\/2020\/02\/Suspension-Florence-noire-7.png","contentUrl":"https:\/\/ekkla.ch\/wp-content\/uploads\/2020\/02\/Suspension-Florence-noire-7.png","width":1081,"height":1081},{"@type":"BreadcrumbList","@id":"https:\/\/ekkla.ch\/de\/produit\/haengeleuchte-florence-noire-its-about-romi\/#breadcrumb","itemListElement":[{"@type":"ListItem","position":1,"name":"Home","item":"https:\/\/ekkla.ch\/de\/"},{"@type":"ListItem","position":2,"name":"Shop","item":"https:\/\/ekkla.ch\/de\/shop\/"},{"@type":"ListItem","position":3,"name":"H\u00e4ngeleuchte Florence &#8211; Schwarzes Metall und Glas &#8211; H.52 &#8211; It&#8217;s About Romi"}]},{"@type":"WebSite","@id":"https:\/\/ekkla.ch\/#website","url":"https:\/\/ekkla.ch\/","name":"Ekkla","description":"Der Onlineshop f\u00fcr Beleuchtung","publisher":{"@id":"https:\/\/ekkla.ch\/#organization"},"potentialAction":[{"@type":"SearchAction","target":{"@type":"EntryPoint","urlTemplate":"https:\/\/ekkla.ch\/?s={search_term_string}"},"query-input":"required name=search_term_string"}],"inLanguage":"de"},{"@type":"Organization","@id":"https:\/\/ekkla.ch\/#organization","name":"Ekkla","url":"https:\/\/ekkla.ch\/","logo":{"@type":"ImageObject","inLanguage":"de","@id":"https:\/\/ekkla.ch\/#\/schema\/logo\/image\/","url":"http:\/\/ekkla.ch\/wp-content\/uploads\/2019\/07\/logo-1.svg","contentUrl":"http:\/\/ekkla.ch\/wp-content\/uploads\/2019\/07\/logo-1.svg","width":1,"height":1,"caption":"Ekkla"},"image":{"@id":"https:\/\/ekkla.ch\/#\/schema\/logo\/image\/"},"sameAs":["https:\/\/www.instagram.com\/ekkla_light\/"]}]}},"_links":{"self":[{"href":"https:\/\/ekkla.ch\/de\/wp-json\/wp\/v2\/product\/18445"}],"collection":[{"href":"https:\/\/ekkla.ch\/de\/wp-json\/wp\/v2\/product"}],"about":[{"href":"https:\/\/ekkla.ch\/de\/wp-json\/wp\/v2\/types\/product"}],"wp:featuredmedia":[{"embeddable":true,"href":"https:\/\/ekkla.ch\/de\/wp-json\/wp\/v2\/media\/15295"}],"wp:attachment":[{"href":"https:\/\/ekkla.ch\/de\/wp-json\/wp\/v2\/media?parent=18445"}],"wp:term":[{"taxonomy":"product_cat","embeddable":true,"href":"https:\/\/ekkla.ch\/de\/wp-json\/wp\/v2\/product_cat?post=18445"},{"taxonomy":"product_tag","embeddable":true,"href":"https:\/\/ekkla.ch\/de\/wp-json\/wp\/v2\/product_tag?post=18445"}],"curies":[{"name":"wp","href":"https:\/\/api.w.org\/{rel}","templated":true}]}}