{"id":18447,"date":"2020-02-06T15:53:30","date_gmt":"2020-02-06T14:53:30","guid":{"rendered":"https:\/\/ekkla.ch\/produit\/plafonnier-orientable-izmir-noir-its-about-romi\/"},"modified":"2024-02-18T18:46:27","modified_gmt":"2024-02-18T17:46:27","slug":"verstellbare-deckenleuchte-izmir-noir-its-about-romi","status":"publish","type":"product","link":"https:\/\/ekkla.ch\/de\/produit\/verstellbare-deckenleuchte-izmir-noir-its-about-romi\/","title":{"rendered":"Deckenleuchte Izmir &#8211; Schwarzes Metall &#8211; B.124 &#8211; Verstellbar &#8211; It&#8217;s About Romi"},"content":{"rendered":"<p>Diese It&#8217;s About Romi Deckenleuchte aus Metall mit 6 Schirmen vereint perfekt industriellen Geist und Eleganz in Einem.\u00a0Mit ihren gepflegten, mattschwarzen und goldenen Oberfl\u00e4chen passt sie perfekt in jedes Interieur und bringt Eleganz und Modernit\u00e4t. Die einzelnen Arme (insgesamt 3) sind individuell einstellbar, aber auch die Lampenschirme k\u00f6nnen je nach Wunsch\u00a0 verstellt werden, um eine direkte oder indirekte Beleuchtung je nach Wunsch zu erzeugen. Die Deckenleuchte Izmir passt in alle R\u00e4ume, vom Wohnzimmer, \u00fcbers Esszimmer bis hin zum Eingangsbereich und die K\u00fcche. Gl\u00fchbirne nicht inbegriffen.<\/p>\n<blockquote>\n<h2>Merkmale &amp; Eigenschaften<\/h2>\n<p><strong>Marke<\/strong> It&#8217;s About Romi<\/p>\n<p><strong>Farbe<\/strong> Schwarz<\/p>\n<p><strong>Material <\/strong>Metall<\/p>\n<p><strong>Gl\u00fchbirne<\/strong> E14<\/p>\n<p><strong>Max. Leistung (W) <\/strong>25<\/p>\n<p><strong>Breite (cm) <\/strong>124<\/p>\n<p><strong>H\u00f6he (cm) <\/strong>39<\/p><\/blockquote>\n","protected":false},"excerpt":{"rendered":"<p>Diese It&#8217;s About Romi Deckenleuchte aus Metall mit 6 Schirmen vereint perfekt industriellen Geist und Eleganz in Einem.\u00a0Mit ihren gepflegten, mattschwarzen und goldenen Oberfl\u00e4chen passt sie perfekt in jedes Interieur und bringt Eleganz und Modernit\u00e4t. Die einzelnen Arme (insgesamt 3) sind individuell einstellbar, aber auch die Lampenschirme k\u00f6nnen je nach Wunsch\u00a0 verstellt werden, um eine [&hellip;]<\/p>\n","protected":false},"featured_media":15253,"template":"","meta":{"_acf_changed":false,"om_disable_all_campaigns":false},"product_cat":[291,486],"product_tag":[898,554,1188,816,603,942],"bundled_by":[],"bundle_stock_status":"onbackorder","bundle_stock_quantity":null,"bundle_virtual":false,"bundle_layout":"","bundle_add_to_cart_form_location":"","bundle_editable_in_cart":false,"bundle_sold_individually_context":"","bundle_item_grouping":"","bundle_min_size":"","bundle_max_size":"","bundle_price":[],"bundled_items":[],"bundle_sell_ids":[],"acf":[],"yoast_head":"<!-- This site is optimized with the Yoast SEO Premium plugin v22.2 (Yoast SEO v22.8) - https:\/\/yoast.com\/wordpress\/plugins\/seo\/ -->\n<title>Vintage Deckenleuchte Izmir schwarz | It&#039;s About Romi | Ekkla<\/title>\n<meta name=\"description\" content=\"Diese raffinierte Deckenleuchte veredelt Ihre Inneneinrichtung mit ihrem modernen und industriellen Design. Ihr Lichtstrahl kann verstellt werden.\" \/>\n<meta name=\"robots\" content=\"index, follow, max-snippet:-1, max-image-preview:large, max-video-preview:-1\" \/>\n<link rel=\"canonical\" href=\"https:\/\/ekkla.ch\/de\/produit\/verstellbare-deckenleuchte-izmir-noir-its-about-romi\/\" \/>\n<meta property=\"og:locale\" content=\"de_DE\" \/>\n<meta property=\"og:type\" content=\"article\" \/>\n<meta property=\"og:title\" content=\"Deckenleuchte Izmir - Schwarzes Metall - B.124 - Verstellbar - It&#039;s About Romi\" \/>\n<meta property=\"og:description\" content=\"Diese raffinierte Deckenleuchte veredelt Ihre Inneneinrichtung mit ihrem modernen und industriellen Design. Ihr Lichtstrahl kann verstellt werden.\" \/>\n<meta property=\"og:url\" content=\"https:\/\/ekkla.ch\/de\/produit\/verstellbare-deckenleuchte-izmir-noir-its-about-romi\/\" \/>\n<meta property=\"og:site_name\" content=\"Ekkla\" \/>\n<meta property=\"article:modified_time\" content=\"2024-02-18T17:46:27+00:00\" \/>\n<meta property=\"og:image\" content=\"https:\/\/ekkla.ch\/wp-content\/uploads\/2020\/02\/Suspension-izmir-1.png\" \/>\n\t<meta property=\"og:image:width\" content=\"1080\" \/>\n\t<meta property=\"og:image:height\" content=\"1081\" \/>\n\t<meta property=\"og:image:type\" content=\"image\/png\" \/>\n<meta name=\"twitter:card\" content=\"summary_large_image\" \/>\n<meta name=\"twitter:label1\" content=\"Gesch\u00e4tzte Lesezeit\" \/>\n\t<meta name=\"twitter:data1\" content=\"1\u00a0Minute\" \/>\n<script type=\"application\/ld+json\" class=\"yoast-schema-graph\">{\"@context\":\"https:\/\/schema.org\",\"@graph\":[{\"@type\":\"WebPage\",\"@id\":\"https:\/\/ekkla.ch\/de\/produit\/verstellbare-deckenleuchte-izmir-noir-its-about-romi\/\",\"url\":\"https:\/\/ekkla.ch\/de\/produit\/verstellbare-deckenleuchte-izmir-noir-its-about-romi\/\",\"name\":\"Vintage Deckenleuchte Izmir schwarz | It's About Romi | Ekkla\",\"isPartOf\":{\"@id\":\"https:\/\/ekkla.ch\/#website\"},\"primaryImageOfPage\":{\"@id\":\"https:\/\/ekkla.ch\/de\/produit\/verstellbare-deckenleuchte-izmir-noir-its-about-romi\/#primaryimage\"},\"image\":{\"@id\":\"https:\/\/ekkla.ch\/de\/produit\/verstellbare-deckenleuchte-izmir-noir-its-about-romi\/#primaryimage\"},\"thumbnailUrl\":\"https:\/\/ekkla.ch\/wp-content\/uploads\/2020\/02\/Suspension-izmir-1.png\",\"datePublished\":\"2020-02-06T14:53:30+00:00\",\"dateModified\":\"2024-02-18T17:46:27+00:00\",\"description\":\"Diese raffinierte Deckenleuchte veredelt Ihre Inneneinrichtung mit ihrem modernen und industriellen Design. Ihr Lichtstrahl kann verstellt werden.\",\"breadcrumb\":{\"@id\":\"https:\/\/ekkla.ch\/de\/produit\/verstellbare-deckenleuchte-izmir-noir-its-about-romi\/#breadcrumb\"},\"inLanguage\":\"de\",\"potentialAction\":[{\"@type\":\"ReadAction\",\"target\":[\"https:\/\/ekkla.ch\/de\/produit\/verstellbare-deckenleuchte-izmir-noir-its-about-romi\/\"]}]},{\"@type\":\"ImageObject\",\"inLanguage\":\"de\",\"@id\":\"https:\/\/ekkla.ch\/de\/produit\/verstellbare-deckenleuchte-izmir-noir-its-about-romi\/#primaryimage\",\"url\":\"https:\/\/ekkla.ch\/wp-content\/uploads\/2020\/02\/Suspension-izmir-1.png\",\"contentUrl\":\"https:\/\/ekkla.ch\/wp-content\/uploads\/2020\/02\/Suspension-izmir-1.png\",\"width\":1080,\"height\":1081},{\"@type\":\"BreadcrumbList\",\"@id\":\"https:\/\/ekkla.ch\/de\/produit\/verstellbare-deckenleuchte-izmir-noir-its-about-romi\/#breadcrumb\",\"itemListElement\":[{\"@type\":\"ListItem\",\"position\":1,\"name\":\"Home\",\"item\":\"https:\/\/ekkla.ch\/de\/\"},{\"@type\":\"ListItem\",\"position\":2,\"name\":\"Shop\",\"item\":\"https:\/\/ekkla.ch\/de\/shop\/\"},{\"@type\":\"ListItem\",\"position\":3,\"name\":\"Deckenleuchte Izmir - Schwarzes Metall - B.124 - Verstellbar - It's About Romi\"}]},{\"@type\":\"WebSite\",\"@id\":\"https:\/\/ekkla.ch\/#website\",\"url\":\"https:\/\/ekkla.ch\/\",\"name\":\"Ekkla\",\"description\":\"Der Onlineshop f\u00fcr Beleuchtung\",\"publisher\":{\"@id\":\"https:\/\/ekkla.ch\/#organization\"},\"potentialAction\":[{\"@type\":\"SearchAction\",\"target\":{\"@type\":\"EntryPoint\",\"urlTemplate\":\"https:\/\/ekkla.ch\/?s={search_term_string}\"},\"query-input\":\"required name=search_term_string\"}],\"inLanguage\":\"de\"},{\"@type\":\"Organization\",\"@id\":\"https:\/\/ekkla.ch\/#organization\",\"name\":\"Ekkla\",\"url\":\"https:\/\/ekkla.ch\/\",\"logo\":{\"@type\":\"ImageObject\",\"inLanguage\":\"de\",\"@id\":\"https:\/\/ekkla.ch\/#\/schema\/logo\/image\/\",\"url\":\"http:\/\/ekkla.ch\/wp-content\/uploads\/2019\/07\/logo-1.svg\",\"contentUrl\":\"http:\/\/ekkla.ch\/wp-content\/uploads\/2019\/07\/logo-1.svg\",\"width\":1,\"height\":1,\"caption\":\"Ekkla\"},\"image\":{\"@id\":\"https:\/\/ekkla.ch\/#\/schema\/logo\/image\/\"},\"sameAs\":[\"https:\/\/www.instagram.com\/ekkla_light\/\"]}]}<\/script>\n<!-- \/ Yoast SEO Premium plugin. -->","yoast_head_json":{"title":"Vintage Deckenleuchte Izmir schwarz | It's About Romi | Ekkla","description":"Diese raffinierte Deckenleuchte veredelt Ihre Inneneinrichtung mit ihrem modernen und industriellen Design. Ihr Lichtstrahl kann verstellt werden.","robots":{"index":"index","follow":"follow","max-snippet":"max-snippet:-1","max-image-preview":"max-image-preview:large","max-video-preview":"max-video-preview:-1"},"canonical":"https:\/\/ekkla.ch\/de\/produit\/verstellbare-deckenleuchte-izmir-noir-its-about-romi\/","og_locale":"de_DE","og_type":"article","og_title":"Deckenleuchte Izmir - Schwarzes Metall - B.124 - Verstellbar - It's About Romi","og_description":"Diese raffinierte Deckenleuchte veredelt Ihre Inneneinrichtung mit ihrem modernen und industriellen Design. Ihr Lichtstrahl kann verstellt werden.","og_url":"https:\/\/ekkla.ch\/de\/produit\/verstellbare-deckenleuchte-izmir-noir-its-about-romi\/","og_site_name":"Ekkla","article_modified_time":"2024-02-18T17:46:27+00:00","og_image":[{"width":1080,"height":1081,"url":"https:\/\/ekkla.ch\/wp-content\/uploads\/2020\/02\/Suspension-izmir-1.png","type":"image\/png"}],"twitter_card":"summary_large_image","twitter_misc":{"Gesch\u00e4tzte Lesezeit":"1\u00a0Minute"},"schema":{"@context":"https:\/\/schema.org","@graph":[{"@type":"WebPage","@id":"https:\/\/ekkla.ch\/de\/produit\/verstellbare-deckenleuchte-izmir-noir-its-about-romi\/","url":"https:\/\/ekkla.ch\/de\/produit\/verstellbare-deckenleuchte-izmir-noir-its-about-romi\/","name":"Vintage Deckenleuchte Izmir schwarz | It's About Romi | Ekkla","isPartOf":{"@id":"https:\/\/ekkla.ch\/#website"},"primaryImageOfPage":{"@id":"https:\/\/ekkla.ch\/de\/produit\/verstellbare-deckenleuchte-izmir-noir-its-about-romi\/#primaryimage"},"image":{"@id":"https:\/\/ekkla.ch\/de\/produit\/verstellbare-deckenleuchte-izmir-noir-its-about-romi\/#primaryimage"},"thumbnailUrl":"https:\/\/ekkla.ch\/wp-content\/uploads\/2020\/02\/Suspension-izmir-1.png","datePublished":"2020-02-06T14:53:30+00:00","dateModified":"2024-02-18T17:46:27+00:00","description":"Diese raffinierte Deckenleuchte veredelt Ihre Inneneinrichtung mit ihrem modernen und industriellen Design. Ihr Lichtstrahl kann verstellt werden.","breadcrumb":{"@id":"https:\/\/ekkla.ch\/de\/produit\/verstellbare-deckenleuchte-izmir-noir-its-about-romi\/#breadcrumb"},"inLanguage":"de","potentialAction":[{"@type":"ReadAction","target":["https:\/\/ekkla.ch\/de\/produit\/verstellbare-deckenleuchte-izmir-noir-its-about-romi\/"]}]},{"@type":"ImageObject","inLanguage":"de","@id":"https:\/\/ekkla.ch\/de\/produit\/verstellbare-deckenleuchte-izmir-noir-its-about-romi\/#primaryimage","url":"https:\/\/ekkla.ch\/wp-content\/uploads\/2020\/02\/Suspension-izmir-1.png","contentUrl":"https:\/\/ekkla.ch\/wp-content\/uploads\/2020\/02\/Suspension-izmir-1.png","width":1080,"height":1081},{"@type":"BreadcrumbList","@id":"https:\/\/ekkla.ch\/de\/produit\/verstellbare-deckenleuchte-izmir-noir-its-about-romi\/#breadcrumb","itemListElement":[{"@type":"ListItem","position":1,"name":"Home","item":"https:\/\/ekkla.ch\/de\/"},{"@type":"ListItem","position":2,"name":"Shop","item":"https:\/\/ekkla.ch\/de\/shop\/"},{"@type":"ListItem","position":3,"name":"Deckenleuchte Izmir - Schwarzes Metall - B.124 - Verstellbar - It's About Romi"}]},{"@type":"WebSite","@id":"https:\/\/ekkla.ch\/#website","url":"https:\/\/ekkla.ch\/","name":"Ekkla","description":"Der Onlineshop f\u00fcr Beleuchtung","publisher":{"@id":"https:\/\/ekkla.ch\/#organization"},"potentialAction":[{"@type":"SearchAction","target":{"@type":"EntryPoint","urlTemplate":"https:\/\/ekkla.ch\/?s={search_term_string}"},"query-input":"required name=search_term_string"}],"inLanguage":"de"},{"@type":"Organization","@id":"https:\/\/ekkla.ch\/#organization","name":"Ekkla","url":"https:\/\/ekkla.ch\/","logo":{"@type":"ImageObject","inLanguage":"de","@id":"https:\/\/ekkla.ch\/#\/schema\/logo\/image\/","url":"http:\/\/ekkla.ch\/wp-content\/uploads\/2019\/07\/logo-1.svg","contentUrl":"http:\/\/ekkla.ch\/wp-content\/uploads\/2019\/07\/logo-1.svg","width":1,"height":1,"caption":"Ekkla"},"image":{"@id":"https:\/\/ekkla.ch\/#\/schema\/logo\/image\/"},"sameAs":["https:\/\/www.instagram.com\/ekkla_light\/"]}]}},"_links":{"self":[{"href":"https:\/\/ekkla.ch\/de\/wp-json\/wp\/v2\/product\/18447"}],"collection":[{"href":"https:\/\/ekkla.ch\/de\/wp-json\/wp\/v2\/product"}],"about":[{"href":"https:\/\/ekkla.ch\/de\/wp-json\/wp\/v2\/types\/product"}],"wp:featuredmedia":[{"embeddable":true,"href":"https:\/\/ekkla.ch\/de\/wp-json\/wp\/v2\/media\/15253"}],"wp:attachment":[{"href":"https:\/\/ekkla.ch\/de\/wp-json\/wp\/v2\/media?parent=18447"}],"wp:term":[{"taxonomy":"product_cat","embeddable":true,"href":"https:\/\/ekkla.ch\/de\/wp-json\/wp\/v2\/product_cat?post=18447"},{"taxonomy":"product_tag","embeddable":true,"href":"https:\/\/ekkla.ch\/de\/wp-json\/wp\/v2\/product_tag?post=18447"}],"curies":[{"name":"wp","href":"https:\/\/api.w.org\/{rel}","templated":true}]}}