{"id":184615,"date":"2023-10-18T17:26:11","date_gmt":"2023-10-18T15:26:12","guid":{"rendered":"https:\/\/ekkla.ch\/?post_type=product&#038;p=184615"},"modified":"2023-10-20T13:22:13","modified_gmt":"2023-10-20T11:22:13","slug":"tischleuchte-teelo-8020-walnuss-h-38-secto-design","status":"publish","type":"product","link":"https:\/\/ekkla.ch\/de\/produit\/tischleuchte-teelo-8020-walnuss-h-38-secto-design\/","title":{"rendered":"Tischleuchte Teelo 8020 &#8211; Walnuss &#8211; H.38 &#8211; Secto Design"},"content":{"rendered":"<p>Die Tischleuchte Teelo 8020 wurde von dem Designer Seppo Koho entworfen, der hinter der Marke Secto Design steht. Sie ist eine hochwertige Leuchte mit einem eleganten und schlichten Design. Eine wundersch\u00f6ne Tischleuchte, die dank ihrer Leichtigkeit jedem Raum einen Hauch von nat\u00fcrlicher W\u00e4rme verleiht. Die Tischleuchte Teelo 8020 ist ein Meisterst\u00fcck der Beleuchtungskunst. Diese finnische Kreation verk\u00f6rpert mit ihrem sanft gebogenen Holz, ihrer zeitlosen Schlichtheit und ihrer beruhigenden Helligkeit die Essenz des skandinavischen Designs. Diese Lampe ist viel mehr als nur eine Leuchte &#8211; sie ist ein funktionales Kunstwerk, das jeder Einrichtung einen Hauch von Eleganz verleiht. Ob auf dem Nachttisch, dem Schreibtisch oder als dekoratives Element in einer Ecke Ihres Wohnzimmers &#8211; die Tischleuchte Teelo 8020 verleiht jedem Raum einen Hauch von Raffinesse. Ihr ged\u00e4mpftes Licht eignet sich perfekt zum Lesen oder um bei Abendessen und besonderen Anl\u00e4ssen eine gem\u00fctliche Atmosph\u00e4re zu schaffen.<\/p>\n<p>Ethisch und \u00f6kologisch, Secto Design, eine Marke, die 1995 durch das Zusammentreffen von Tuula Jus\u00e9lius und dem Designer Seppo Koho gegr\u00fcndet wurde, vertritt eine engagierte Vision der Welt des Designs. Das Holz, das f\u00fcr die Herstellung der Lampen verwendet wird, ist PEFC-zertifiziertes Birkenholz aus Finnland, um einen kurzen Versorgungskreislauf im Herstellungsprozess der Lampen zu gew\u00e4hrleisten. Die Abf\u00e4lle werden insbesondere als Brennholz verwertet. Die Verwendung von Kunststoffen wird auf ein Minimum reduziert und die Verpackungen bestehen aus lokal produziertem, umweltfreundlichem Karton.<\/p>\n<blockquote>\n<h2>Merkmale &amp; Eigenschaften<\/h2>\n<p><strong>Marke<\/strong> Secto Design<\/p>\n<p><strong>Farbe <\/strong>Walnuss &#8211; Dunkelbraun<\/p>\n<p><strong>Material <\/strong>Holz (Birke)<\/p>\n<p><b>Gl\u00fchbirne<\/b> E27 (LED, 12W, 1060lm, 3000K, dimmbar &#8211; inbegriffen)<\/p>\n<p><strong>Max. Lesitung (W)<\/strong> 20<\/p>\n<p><strong>H\u00f6he (cm) <\/strong>38<\/p>\n<p><strong>Breite (cm)<\/strong> 33<\/p>\n<p><strong>Durchmesser der Basis (cm)<\/strong> 11<\/p>\n<p><strong>Gewicht (kg)<\/strong> 1<\/p><\/blockquote>\n","protected":false},"excerpt":{"rendered":"<p>Die Tischleuchte Teelo 8020 wurde von dem Designer Seppo Koho entworfen, der hinter der Marke Secto Design steht. Sie ist eine hochwertige Leuchte mit einem eleganten und schlichten Design. Eine wundersch\u00f6ne Tischleuchte, die dank ihrer Leichtigkeit jedem Raum einen Hauch von nat\u00fcrlicher W\u00e4rme verleiht. Die Tischleuchte Teelo 8020 ist ein Meisterst\u00fcck der Beleuchtungskunst. Diese finnische [&hellip;]<\/p>\n","protected":false},"featured_media":184637,"template":"","meta":{"_acf_changed":false,"om_disable_all_campaigns":false},"product_cat":[290],"product_tag":[1254,890,1188,1265,801,816],"bundled_by":[],"bundle_stock_status":"onbackorder","bundle_stock_quantity":null,"bundle_virtual":false,"bundle_layout":"","bundle_add_to_cart_form_location":"","bundle_editable_in_cart":false,"bundle_sold_individually_context":"","bundle_item_grouping":"","bundle_min_size":"","bundle_max_size":"","bundle_price":[],"bundled_items":[],"bundle_sell_ids":[],"acf":[],"yoast_head":"<!-- This site is optimized with the Yoast SEO Premium plugin v22.2 (Yoast SEO v22.8) - https:\/\/yoast.com\/wordpress\/plugins\/seo\/ -->\n<title>Tischleuchte Teelo 8020 - Walnuss | Secto Design | Ekkla<\/title>\n<meta name=\"description\" content=\"Tischleuchte Teelo 8020 aus Birkenholz. Die ganze Secto Design-Kollektion online. Gratislieferung 24h. Sicher Bezahlen. Schweizer Designer Lampen Boutique.\" \/>\n<meta name=\"robots\" content=\"index, follow, max-snippet:-1, max-image-preview:large, max-video-preview:-1\" \/>\n<link rel=\"canonical\" href=\"https:\/\/ekkla.ch\/de\/produit\/tischleuchte-teelo-8020-walnuss-h-38-secto-design\/\" \/>\n<meta property=\"og:locale\" content=\"de_DE\" \/>\n<meta property=\"og:type\" content=\"article\" \/>\n<meta property=\"og:title\" content=\"Tischleuchte Teelo 8020 - Walnuss - H.38 - Secto Design\" \/>\n<meta property=\"og:description\" content=\"Tischleuchte Teelo 8020 aus Birkenholz. Die ganze Secto Design-Kollektion online. Gratislieferung 24h. Sicher Bezahlen. Schweizer Designer Lampen Boutique.\" \/>\n<meta property=\"og:url\" content=\"https:\/\/ekkla.ch\/de\/produit\/tischleuchte-teelo-8020-walnuss-h-38-secto-design\/\" \/>\n<meta property=\"og:site_name\" content=\"Ekkla\" \/>\n<meta property=\"article:modified_time\" content=\"2023-10-20T11:22:13+00:00\" \/>\n<meta property=\"og:image\" content=\"https:\/\/ekkla.ch\/wp-content\/uploads\/2023\/10\/ekkla-light-secto-design-lampe-teelo-8020-noyer.jpg\" \/>\n\t<meta property=\"og:image:width\" content=\"900\" \/>\n\t<meta property=\"og:image:height\" content=\"900\" \/>\n\t<meta property=\"og:image:type\" content=\"image\/jpeg\" \/>\n<meta name=\"twitter:card\" content=\"summary_large_image\" \/>\n<meta name=\"twitter:label1\" content=\"Gesch\u00e4tzte Lesezeit\" \/>\n\t<meta name=\"twitter:data1\" content=\"2\u00a0Minuten\" \/>\n<script type=\"application\/ld+json\" class=\"yoast-schema-graph\">{\"@context\":\"https:\/\/schema.org\",\"@graph\":[{\"@type\":\"WebPage\",\"@id\":\"https:\/\/ekkla.ch\/de\/produit\/tischleuchte-teelo-8020-walnuss-h-38-secto-design\/\",\"url\":\"https:\/\/ekkla.ch\/de\/produit\/tischleuchte-teelo-8020-walnuss-h-38-secto-design\/\",\"name\":\"Tischleuchte Teelo 8020 - Walnuss | Secto Design | Ekkla\",\"isPartOf\":{\"@id\":\"https:\/\/ekkla.ch\/#website\"},\"primaryImageOfPage\":{\"@id\":\"https:\/\/ekkla.ch\/de\/produit\/tischleuchte-teelo-8020-walnuss-h-38-secto-design\/#primaryimage\"},\"image\":{\"@id\":\"https:\/\/ekkla.ch\/de\/produit\/tischleuchte-teelo-8020-walnuss-h-38-secto-design\/#primaryimage\"},\"thumbnailUrl\":\"https:\/\/ekkla.ch\/wp-content\/uploads\/2023\/10\/ekkla-light-secto-design-lampe-teelo-8020-noyer.jpg\",\"datePublished\":\"2023-10-18T15:26:12+00:00\",\"dateModified\":\"2023-10-20T11:22:13+00:00\",\"description\":\"Tischleuchte Teelo 8020 aus Birkenholz. Die ganze Secto Design-Kollektion online. Gratislieferung 24h. Sicher Bezahlen. Schweizer Designer Lampen Boutique.\",\"breadcrumb\":{\"@id\":\"https:\/\/ekkla.ch\/de\/produit\/tischleuchte-teelo-8020-walnuss-h-38-secto-design\/#breadcrumb\"},\"inLanguage\":\"de\",\"potentialAction\":[{\"@type\":\"ReadAction\",\"target\":[\"https:\/\/ekkla.ch\/de\/produit\/tischleuchte-teelo-8020-walnuss-h-38-secto-design\/\"]}]},{\"@type\":\"ImageObject\",\"inLanguage\":\"de\",\"@id\":\"https:\/\/ekkla.ch\/de\/produit\/tischleuchte-teelo-8020-walnuss-h-38-secto-design\/#primaryimage\",\"url\":\"https:\/\/ekkla.ch\/wp-content\/uploads\/2023\/10\/ekkla-light-secto-design-lampe-teelo-8020-noyer.jpg\",\"contentUrl\":\"https:\/\/ekkla.ch\/wp-content\/uploads\/2023\/10\/ekkla-light-secto-design-lampe-teelo-8020-noyer.jpg\",\"width\":900,\"height\":900},{\"@type\":\"BreadcrumbList\",\"@id\":\"https:\/\/ekkla.ch\/de\/produit\/tischleuchte-teelo-8020-walnuss-h-38-secto-design\/#breadcrumb\",\"itemListElement\":[{\"@type\":\"ListItem\",\"position\":1,\"name\":\"Home\",\"item\":\"https:\/\/ekkla.ch\/de\/\"},{\"@type\":\"ListItem\",\"position\":2,\"name\":\"Shop\",\"item\":\"https:\/\/ekkla.ch\/de\/shop\/\"},{\"@type\":\"ListItem\",\"position\":3,\"name\":\"Tischleuchte Teelo 8020 &#8211; Walnuss &#8211; H.38 &#8211; Secto Design\"}]},{\"@type\":\"WebSite\",\"@id\":\"https:\/\/ekkla.ch\/#website\",\"url\":\"https:\/\/ekkla.ch\/\",\"name\":\"Ekkla\",\"description\":\"Der Onlineshop f\u00fcr Beleuchtung\",\"publisher\":{\"@id\":\"https:\/\/ekkla.ch\/#organization\"},\"potentialAction\":[{\"@type\":\"SearchAction\",\"target\":{\"@type\":\"EntryPoint\",\"urlTemplate\":\"https:\/\/ekkla.ch\/?s={search_term_string}\"},\"query-input\":\"required name=search_term_string\"}],\"inLanguage\":\"de\"},{\"@type\":\"Organization\",\"@id\":\"https:\/\/ekkla.ch\/#organization\",\"name\":\"Ekkla\",\"url\":\"https:\/\/ekkla.ch\/\",\"logo\":{\"@type\":\"ImageObject\",\"inLanguage\":\"de\",\"@id\":\"https:\/\/ekkla.ch\/#\/schema\/logo\/image\/\",\"url\":\"http:\/\/ekkla.ch\/wp-content\/uploads\/2019\/07\/logo-1.svg\",\"contentUrl\":\"http:\/\/ekkla.ch\/wp-content\/uploads\/2019\/07\/logo-1.svg\",\"width\":1,\"height\":1,\"caption\":\"Ekkla\"},\"image\":{\"@id\":\"https:\/\/ekkla.ch\/#\/schema\/logo\/image\/\"},\"sameAs\":[\"https:\/\/www.instagram.com\/ekkla_light\/\"]}]}<\/script>\n<!-- \/ Yoast SEO Premium plugin. -->","yoast_head_json":{"title":"Tischleuchte Teelo 8020 - Walnuss | Secto Design | Ekkla","description":"Tischleuchte Teelo 8020 aus Birkenholz. Die ganze Secto Design-Kollektion online. Gratislieferung 24h. Sicher Bezahlen. Schweizer Designer Lampen Boutique.","robots":{"index":"index","follow":"follow","max-snippet":"max-snippet:-1","max-image-preview":"max-image-preview:large","max-video-preview":"max-video-preview:-1"},"canonical":"https:\/\/ekkla.ch\/de\/produit\/tischleuchte-teelo-8020-walnuss-h-38-secto-design\/","og_locale":"de_DE","og_type":"article","og_title":"Tischleuchte Teelo 8020 - Walnuss - H.38 - Secto Design","og_description":"Tischleuchte Teelo 8020 aus Birkenholz. Die ganze Secto Design-Kollektion online. Gratislieferung 24h. Sicher Bezahlen. Schweizer Designer Lampen Boutique.","og_url":"https:\/\/ekkla.ch\/de\/produit\/tischleuchte-teelo-8020-walnuss-h-38-secto-design\/","og_site_name":"Ekkla","article_modified_time":"2023-10-20T11:22:13+00:00","og_image":[{"width":900,"height":900,"url":"https:\/\/ekkla.ch\/wp-content\/uploads\/2023\/10\/ekkla-light-secto-design-lampe-teelo-8020-noyer.jpg","type":"image\/jpeg"}],"twitter_card":"summary_large_image","twitter_misc":{"Gesch\u00e4tzte Lesezeit":"2\u00a0Minuten"},"schema":{"@context":"https:\/\/schema.org","@graph":[{"@type":"WebPage","@id":"https:\/\/ekkla.ch\/de\/produit\/tischleuchte-teelo-8020-walnuss-h-38-secto-design\/","url":"https:\/\/ekkla.ch\/de\/produit\/tischleuchte-teelo-8020-walnuss-h-38-secto-design\/","name":"Tischleuchte Teelo 8020 - Walnuss | Secto Design | Ekkla","isPartOf":{"@id":"https:\/\/ekkla.ch\/#website"},"primaryImageOfPage":{"@id":"https:\/\/ekkla.ch\/de\/produit\/tischleuchte-teelo-8020-walnuss-h-38-secto-design\/#primaryimage"},"image":{"@id":"https:\/\/ekkla.ch\/de\/produit\/tischleuchte-teelo-8020-walnuss-h-38-secto-design\/#primaryimage"},"thumbnailUrl":"https:\/\/ekkla.ch\/wp-content\/uploads\/2023\/10\/ekkla-light-secto-design-lampe-teelo-8020-noyer.jpg","datePublished":"2023-10-18T15:26:12+00:00","dateModified":"2023-10-20T11:22:13+00:00","description":"Tischleuchte Teelo 8020 aus Birkenholz. Die ganze Secto Design-Kollektion online. Gratislieferung 24h. Sicher Bezahlen. Schweizer Designer Lampen Boutique.","breadcrumb":{"@id":"https:\/\/ekkla.ch\/de\/produit\/tischleuchte-teelo-8020-walnuss-h-38-secto-design\/#breadcrumb"},"inLanguage":"de","potentialAction":[{"@type":"ReadAction","target":["https:\/\/ekkla.ch\/de\/produit\/tischleuchte-teelo-8020-walnuss-h-38-secto-design\/"]}]},{"@type":"ImageObject","inLanguage":"de","@id":"https:\/\/ekkla.ch\/de\/produit\/tischleuchte-teelo-8020-walnuss-h-38-secto-design\/#primaryimage","url":"https:\/\/ekkla.ch\/wp-content\/uploads\/2023\/10\/ekkla-light-secto-design-lampe-teelo-8020-noyer.jpg","contentUrl":"https:\/\/ekkla.ch\/wp-content\/uploads\/2023\/10\/ekkla-light-secto-design-lampe-teelo-8020-noyer.jpg","width":900,"height":900},{"@type":"BreadcrumbList","@id":"https:\/\/ekkla.ch\/de\/produit\/tischleuchte-teelo-8020-walnuss-h-38-secto-design\/#breadcrumb","itemListElement":[{"@type":"ListItem","position":1,"name":"Home","item":"https:\/\/ekkla.ch\/de\/"},{"@type":"ListItem","position":2,"name":"Shop","item":"https:\/\/ekkla.ch\/de\/shop\/"},{"@type":"ListItem","position":3,"name":"Tischleuchte Teelo 8020 &#8211; Walnuss &#8211; H.38 &#8211; Secto Design"}]},{"@type":"WebSite","@id":"https:\/\/ekkla.ch\/#website","url":"https:\/\/ekkla.ch\/","name":"Ekkla","description":"Der Onlineshop f\u00fcr Beleuchtung","publisher":{"@id":"https:\/\/ekkla.ch\/#organization"},"potentialAction":[{"@type":"SearchAction","target":{"@type":"EntryPoint","urlTemplate":"https:\/\/ekkla.ch\/?s={search_term_string}"},"query-input":"required name=search_term_string"}],"inLanguage":"de"},{"@type":"Organization","@id":"https:\/\/ekkla.ch\/#organization","name":"Ekkla","url":"https:\/\/ekkla.ch\/","logo":{"@type":"ImageObject","inLanguage":"de","@id":"https:\/\/ekkla.ch\/#\/schema\/logo\/image\/","url":"http:\/\/ekkla.ch\/wp-content\/uploads\/2019\/07\/logo-1.svg","contentUrl":"http:\/\/ekkla.ch\/wp-content\/uploads\/2019\/07\/logo-1.svg","width":1,"height":1,"caption":"Ekkla"},"image":{"@id":"https:\/\/ekkla.ch\/#\/schema\/logo\/image\/"},"sameAs":["https:\/\/www.instagram.com\/ekkla_light\/"]}]}},"_links":{"self":[{"href":"https:\/\/ekkla.ch\/de\/wp-json\/wp\/v2\/product\/184615"}],"collection":[{"href":"https:\/\/ekkla.ch\/de\/wp-json\/wp\/v2\/product"}],"about":[{"href":"https:\/\/ekkla.ch\/de\/wp-json\/wp\/v2\/types\/product"}],"wp:featuredmedia":[{"embeddable":true,"href":"https:\/\/ekkla.ch\/de\/wp-json\/wp\/v2\/media\/184637"}],"wp:attachment":[{"href":"https:\/\/ekkla.ch\/de\/wp-json\/wp\/v2\/media?parent=184615"}],"wp:term":[{"taxonomy":"product_cat","embeddable":true,"href":"https:\/\/ekkla.ch\/de\/wp-json\/wp\/v2\/product_cat?post=184615"},{"taxonomy":"product_tag","embeddable":true,"href":"https:\/\/ekkla.ch\/de\/wp-json\/wp\/v2\/product_tag?post=184615"}],"curies":[{"name":"wp","href":"https:\/\/api.w.org\/{rel}","templated":true}]}}