{"id":184711,"date":"2023-10-13T14:25:55","date_gmt":"2023-10-13T12:25:55","guid":{"rendered":"https:\/\/ekkla.ch\/produit\/kabellose-tischleuchte-pivot-atd7-rusty-mint-h-21-cm-tradition\/"},"modified":"2023-10-20T11:36:18","modified_gmt":"2023-10-20T09:36:18","slug":"kabellose-tischleuchte-pivot-atd7-rusty-mint-h-21-cm-tradition","status":"publish","type":"product","link":"https:\/\/ekkla.ch\/de\/produit\/kabellose-tischleuchte-pivot-atd7-rusty-mint-h-21-cm-tradition\/","title":{"rendered":"Kabellose Tischleuchte Pivot ATD7 &#8211; Rusty Mint &#8211; H.21 cm &#8211; &#038;Tradition"},"content":{"rendered":"<p>Das Zusammenspiel von nat\u00fcrlichem und k\u00fcnstlichem Licht steht im Mittelpunkt des Designs von Pivot. Der geometrische Lampenschirm der Lampe ist in einem 45-Grad-Winkel zur Basis positioniert und erzeugt so eine sanfte Diffusion, die den warmen Schein einer modernen Kerze simuliert. Durch die Spiegeloberfl\u00e4che wird das Spiel der Reflexionen des nat\u00fcrlichen Lichts im Raum, in dem die Lampe steht, noch st\u00e4rker betont. Das Ergebnis ist ein wundersch\u00f6nes Licht, das eine einladende Stimmung verbreitet und die Atmosph\u00e4re eines Raumes auf Knopfdruck verwandelt. Diese tragbare, kabellose Leuchte ist f\u00fcr den Gebrauch in Innenr\u00e4umen konzipiert.<\/p>\n<p>Der 2010 in D\u00e4nemark gegr\u00fcndete Verlag &amp;Tradition entstand aus dem Wunsch heraus, zeitlose und signierte Leuchten neu aufzulegen. Sie mischt Tradition und Innovation gekonnt miteinander und respektiert dabei die Materialien und die nordische Handwerkskunst.<\/p>\n<blockquote>\n<h2 style=\"text-align: left;\">Merkmale &amp; Eigenschaften<\/h2>\n<p><strong>Marke<\/strong> &amp;Tradition<\/p>\n<p style=\"text-align: left;\"><strong>Farben <\/strong>Rostfarbener Standfuss und gr\u00fcner Lampenschirm<\/p>\n<p style=\"text-align: left;\"><strong>Materialien <\/strong>Metall und Stahl<\/p>\n<p><strong>Stromversorgung<\/strong> Integrierte LED<\/p>\n<p><strong>Lichtintensit\u00e4t (lm)<\/strong> 100 (3 Variationsstufen m\u00f6glich)<\/p>\n<p><strong>Lichtfarbe (K) <\/strong>2700<\/p>\n<p style=\"text-align: left;\"><strong>H\u00f6he (cm) <\/strong>26<\/p>\n<p><strong>Durchmesser (cm) <\/strong>16<\/p>\n<p><strong>Akku (Stunden)<\/strong> 20 (bei voller Aufladung)<\/p><\/blockquote>\n","protected":false},"excerpt":{"rendered":"<p>Das Zusammenspiel von nat\u00fcrlichem und k\u00fcnstlichem Licht steht im Mittelpunkt des Designs von Pivot. Der geometrische Lampenschirm der Lampe ist in einem 45-Grad-Winkel zur Basis positioniert und erzeugt so eine sanfte Diffusion, die den warmen Schein einer modernen Kerze simuliert. Durch die Spiegeloberfl\u00e4che wird das Spiel der Reflexionen des nat\u00fcrlichen Lichts im Raum, in dem [&hellip;]<\/p>\n","protected":false},"featured_media":184299,"template":"","meta":{"_acf_changed":false,"om_disable_all_campaigns":false},"product_cat":[290],"product_tag":[846,1254,1248,760,900,1188,1265,801,1077,1203,816,872,1109,883,938,403,920,1209,1092],"bundled_by":[],"bundle_stock_status":"instock","bundle_stock_quantity":1,"bundle_virtual":false,"bundle_layout":"","bundle_add_to_cart_form_location":"","bundle_editable_in_cart":false,"bundle_sold_individually_context":"","bundle_item_grouping":"","bundle_min_size":"","bundle_max_size":"","bundle_price":[],"bundled_items":[],"bundle_sell_ids":[],"acf":[],"yoast_head":"<!-- This site is optimized with the Yoast SEO Premium plugin v22.2 (Yoast SEO v22.8) - https:\/\/yoast.com\/wordpress\/plugins\/seo\/ -->\n<title>Kabellose Lampe Pivot ATD7 | Rusty Mint | &amp;Tradition | Ekkla<\/title>\n<meta name=\"description\" content=\"Die kabellose Lampe Pivot ATD7 ist eine tragbare, wiederaufladbare Leuchte mit hat ein raffiniertes Design. Die Lichtintensit\u00e4t ist einstellbar.\" \/>\n<meta name=\"robots\" content=\"index, follow, max-snippet:-1, max-image-preview:large, max-video-preview:-1\" \/>\n<link rel=\"canonical\" href=\"https:\/\/ekkla.ch\/de\/produit\/kabellose-tischleuchte-pivot-atd7-rusty-mint-h-21-cm-tradition\/\" \/>\n<meta property=\"og:locale\" content=\"de_DE\" \/>\n<meta property=\"og:type\" content=\"article\" \/>\n<meta property=\"og:title\" content=\"Kabellose Tischleuchte Pivot ATD7 - Rusty Mint - H.21 cm - &amp;Tradition\" \/>\n<meta property=\"og:description\" content=\"Die kabellose Lampe Pivot ATD7 ist eine tragbare, wiederaufladbare Leuchte mit hat ein raffiniertes Design. Die Lichtintensit\u00e4t ist einstellbar.\" \/>\n<meta property=\"og:url\" content=\"https:\/\/ekkla.ch\/de\/produit\/kabellose-tischleuchte-pivot-atd7-rusty-mint-h-21-cm-tradition\/\" \/>\n<meta property=\"og:site_name\" content=\"Ekkla\" \/>\n<meta property=\"article:modified_time\" content=\"2023-10-20T09:36:18+00:00\" \/>\n<meta property=\"og:image\" content=\"https:\/\/ekkla.ch\/wp-content\/uploads\/2023\/10\/ekkla-light-luminaires_0012_Pivot_ATD7_Rusty_Mint_on.jpg\" \/>\n\t<meta property=\"og:image:width\" content=\"900\" \/>\n\t<meta property=\"og:image:height\" content=\"900\" \/>\n\t<meta property=\"og:image:type\" content=\"image\/jpeg\" \/>\n<meta name=\"twitter:card\" content=\"summary_large_image\" \/>\n<meta name=\"twitter:label1\" content=\"Gesch\u00e4tzte Lesezeit\" \/>\n\t<meta name=\"twitter:data1\" content=\"1\u00a0Minute\" \/>\n<script type=\"application\/ld+json\" class=\"yoast-schema-graph\">{\"@context\":\"https:\/\/schema.org\",\"@graph\":[{\"@type\":\"WebPage\",\"@id\":\"https:\/\/ekkla.ch\/de\/produit\/kabellose-tischleuchte-pivot-atd7-rusty-mint-h-21-cm-tradition\/\",\"url\":\"https:\/\/ekkla.ch\/de\/produit\/kabellose-tischleuchte-pivot-atd7-rusty-mint-h-21-cm-tradition\/\",\"name\":\"Kabellose Lampe Pivot ATD7 | Rusty Mint | &Tradition | Ekkla\",\"isPartOf\":{\"@id\":\"https:\/\/ekkla.ch\/#website\"},\"primaryImageOfPage\":{\"@id\":\"https:\/\/ekkla.ch\/de\/produit\/kabellose-tischleuchte-pivot-atd7-rusty-mint-h-21-cm-tradition\/#primaryimage\"},\"image\":{\"@id\":\"https:\/\/ekkla.ch\/de\/produit\/kabellose-tischleuchte-pivot-atd7-rusty-mint-h-21-cm-tradition\/#primaryimage\"},\"thumbnailUrl\":\"https:\/\/ekkla.ch\/wp-content\/uploads\/2023\/10\/ekkla-light-luminaires_0012_Pivot_ATD7_Rusty_Mint_on.jpg\",\"datePublished\":\"2023-10-13T12:25:55+00:00\",\"dateModified\":\"2023-10-20T09:36:18+00:00\",\"description\":\"Die kabellose Lampe Pivot ATD7 ist eine tragbare, wiederaufladbare Leuchte mit hat ein raffiniertes Design. Die Lichtintensit\u00e4t ist einstellbar.\",\"breadcrumb\":{\"@id\":\"https:\/\/ekkla.ch\/de\/produit\/kabellose-tischleuchte-pivot-atd7-rusty-mint-h-21-cm-tradition\/#breadcrumb\"},\"inLanguage\":\"de\",\"potentialAction\":[{\"@type\":\"ReadAction\",\"target\":[\"https:\/\/ekkla.ch\/de\/produit\/kabellose-tischleuchte-pivot-atd7-rusty-mint-h-21-cm-tradition\/\"]}]},{\"@type\":\"ImageObject\",\"inLanguage\":\"de\",\"@id\":\"https:\/\/ekkla.ch\/de\/produit\/kabellose-tischleuchte-pivot-atd7-rusty-mint-h-21-cm-tradition\/#primaryimage\",\"url\":\"https:\/\/ekkla.ch\/wp-content\/uploads\/2023\/10\/ekkla-light-luminaires_0012_Pivot_ATD7_Rusty_Mint_on.jpg\",\"contentUrl\":\"https:\/\/ekkla.ch\/wp-content\/uploads\/2023\/10\/ekkla-light-luminaires_0012_Pivot_ATD7_Rusty_Mint_on.jpg\",\"width\":900,\"height\":900},{\"@type\":\"BreadcrumbList\",\"@id\":\"https:\/\/ekkla.ch\/de\/produit\/kabellose-tischleuchte-pivot-atd7-rusty-mint-h-21-cm-tradition\/#breadcrumb\",\"itemListElement\":[{\"@type\":\"ListItem\",\"position\":1,\"name\":\"Home\",\"item\":\"https:\/\/ekkla.ch\/de\/\"},{\"@type\":\"ListItem\",\"position\":2,\"name\":\"Shop\",\"item\":\"https:\/\/ekkla.ch\/de\/shop\/\"},{\"@type\":\"ListItem\",\"position\":3,\"name\":\"Kabellose Tischleuchte Pivot ATD7 &#8211; Rusty Mint &#8211; H.21 cm &#8211; &#038;Tradition\"}]},{\"@type\":\"WebSite\",\"@id\":\"https:\/\/ekkla.ch\/#website\",\"url\":\"https:\/\/ekkla.ch\/\",\"name\":\"Ekkla\",\"description\":\"Der Onlineshop f\u00fcr Beleuchtung\",\"publisher\":{\"@id\":\"https:\/\/ekkla.ch\/#organization\"},\"potentialAction\":[{\"@type\":\"SearchAction\",\"target\":{\"@type\":\"EntryPoint\",\"urlTemplate\":\"https:\/\/ekkla.ch\/?s={search_term_string}\"},\"query-input\":\"required name=search_term_string\"}],\"inLanguage\":\"de\"},{\"@type\":\"Organization\",\"@id\":\"https:\/\/ekkla.ch\/#organization\",\"name\":\"Ekkla\",\"url\":\"https:\/\/ekkla.ch\/\",\"logo\":{\"@type\":\"ImageObject\",\"inLanguage\":\"de\",\"@id\":\"https:\/\/ekkla.ch\/#\/schema\/logo\/image\/\",\"url\":\"http:\/\/ekkla.ch\/wp-content\/uploads\/2019\/07\/logo-1.svg\",\"contentUrl\":\"http:\/\/ekkla.ch\/wp-content\/uploads\/2019\/07\/logo-1.svg\",\"width\":1,\"height\":1,\"caption\":\"Ekkla\"},\"image\":{\"@id\":\"https:\/\/ekkla.ch\/#\/schema\/logo\/image\/\"},\"sameAs\":[\"https:\/\/www.instagram.com\/ekkla_light\/\"]}]}<\/script>\n<!-- \/ Yoast SEO Premium plugin. -->","yoast_head_json":{"title":"Kabellose Lampe Pivot ATD7 | Rusty Mint | &Tradition | Ekkla","description":"Die kabellose Lampe Pivot ATD7 ist eine tragbare, wiederaufladbare Leuchte mit hat ein raffiniertes Design. Die Lichtintensit\u00e4t ist einstellbar.","robots":{"index":"index","follow":"follow","max-snippet":"max-snippet:-1","max-image-preview":"max-image-preview:large","max-video-preview":"max-video-preview:-1"},"canonical":"https:\/\/ekkla.ch\/de\/produit\/kabellose-tischleuchte-pivot-atd7-rusty-mint-h-21-cm-tradition\/","og_locale":"de_DE","og_type":"article","og_title":"Kabellose Tischleuchte Pivot ATD7 - Rusty Mint - H.21 cm - &Tradition","og_description":"Die kabellose Lampe Pivot ATD7 ist eine tragbare, wiederaufladbare Leuchte mit hat ein raffiniertes Design. Die Lichtintensit\u00e4t ist einstellbar.","og_url":"https:\/\/ekkla.ch\/de\/produit\/kabellose-tischleuchte-pivot-atd7-rusty-mint-h-21-cm-tradition\/","og_site_name":"Ekkla","article_modified_time":"2023-10-20T09:36:18+00:00","og_image":[{"width":900,"height":900,"url":"https:\/\/ekkla.ch\/wp-content\/uploads\/2023\/10\/ekkla-light-luminaires_0012_Pivot_ATD7_Rusty_Mint_on.jpg","type":"image\/jpeg"}],"twitter_card":"summary_large_image","twitter_misc":{"Gesch\u00e4tzte Lesezeit":"1\u00a0Minute"},"schema":{"@context":"https:\/\/schema.org","@graph":[{"@type":"WebPage","@id":"https:\/\/ekkla.ch\/de\/produit\/kabellose-tischleuchte-pivot-atd7-rusty-mint-h-21-cm-tradition\/","url":"https:\/\/ekkla.ch\/de\/produit\/kabellose-tischleuchte-pivot-atd7-rusty-mint-h-21-cm-tradition\/","name":"Kabellose Lampe Pivot ATD7 | Rusty Mint | &Tradition | Ekkla","isPartOf":{"@id":"https:\/\/ekkla.ch\/#website"},"primaryImageOfPage":{"@id":"https:\/\/ekkla.ch\/de\/produit\/kabellose-tischleuchte-pivot-atd7-rusty-mint-h-21-cm-tradition\/#primaryimage"},"image":{"@id":"https:\/\/ekkla.ch\/de\/produit\/kabellose-tischleuchte-pivot-atd7-rusty-mint-h-21-cm-tradition\/#primaryimage"},"thumbnailUrl":"https:\/\/ekkla.ch\/wp-content\/uploads\/2023\/10\/ekkla-light-luminaires_0012_Pivot_ATD7_Rusty_Mint_on.jpg","datePublished":"2023-10-13T12:25:55+00:00","dateModified":"2023-10-20T09:36:18+00:00","description":"Die kabellose Lampe Pivot ATD7 ist eine tragbare, wiederaufladbare Leuchte mit hat ein raffiniertes Design. Die Lichtintensit\u00e4t ist einstellbar.","breadcrumb":{"@id":"https:\/\/ekkla.ch\/de\/produit\/kabellose-tischleuchte-pivot-atd7-rusty-mint-h-21-cm-tradition\/#breadcrumb"},"inLanguage":"de","potentialAction":[{"@type":"ReadAction","target":["https:\/\/ekkla.ch\/de\/produit\/kabellose-tischleuchte-pivot-atd7-rusty-mint-h-21-cm-tradition\/"]}]},{"@type":"ImageObject","inLanguage":"de","@id":"https:\/\/ekkla.ch\/de\/produit\/kabellose-tischleuchte-pivot-atd7-rusty-mint-h-21-cm-tradition\/#primaryimage","url":"https:\/\/ekkla.ch\/wp-content\/uploads\/2023\/10\/ekkla-light-luminaires_0012_Pivot_ATD7_Rusty_Mint_on.jpg","contentUrl":"https:\/\/ekkla.ch\/wp-content\/uploads\/2023\/10\/ekkla-light-luminaires_0012_Pivot_ATD7_Rusty_Mint_on.jpg","width":900,"height":900},{"@type":"BreadcrumbList","@id":"https:\/\/ekkla.ch\/de\/produit\/kabellose-tischleuchte-pivot-atd7-rusty-mint-h-21-cm-tradition\/#breadcrumb","itemListElement":[{"@type":"ListItem","position":1,"name":"Home","item":"https:\/\/ekkla.ch\/de\/"},{"@type":"ListItem","position":2,"name":"Shop","item":"https:\/\/ekkla.ch\/de\/shop\/"},{"@type":"ListItem","position":3,"name":"Kabellose Tischleuchte Pivot ATD7 &#8211; Rusty Mint &#8211; H.21 cm &#8211; &#038;Tradition"}]},{"@type":"WebSite","@id":"https:\/\/ekkla.ch\/#website","url":"https:\/\/ekkla.ch\/","name":"Ekkla","description":"Der Onlineshop f\u00fcr Beleuchtung","publisher":{"@id":"https:\/\/ekkla.ch\/#organization"},"potentialAction":[{"@type":"SearchAction","target":{"@type":"EntryPoint","urlTemplate":"https:\/\/ekkla.ch\/?s={search_term_string}"},"query-input":"required name=search_term_string"}],"inLanguage":"de"},{"@type":"Organization","@id":"https:\/\/ekkla.ch\/#organization","name":"Ekkla","url":"https:\/\/ekkla.ch\/","logo":{"@type":"ImageObject","inLanguage":"de","@id":"https:\/\/ekkla.ch\/#\/schema\/logo\/image\/","url":"http:\/\/ekkla.ch\/wp-content\/uploads\/2019\/07\/logo-1.svg","contentUrl":"http:\/\/ekkla.ch\/wp-content\/uploads\/2019\/07\/logo-1.svg","width":1,"height":1,"caption":"Ekkla"},"image":{"@id":"https:\/\/ekkla.ch\/#\/schema\/logo\/image\/"},"sameAs":["https:\/\/www.instagram.com\/ekkla_light\/"]}]}},"_links":{"self":[{"href":"https:\/\/ekkla.ch\/de\/wp-json\/wp\/v2\/product\/184711"}],"collection":[{"href":"https:\/\/ekkla.ch\/de\/wp-json\/wp\/v2\/product"}],"about":[{"href":"https:\/\/ekkla.ch\/de\/wp-json\/wp\/v2\/types\/product"}],"wp:featuredmedia":[{"embeddable":true,"href":"https:\/\/ekkla.ch\/de\/wp-json\/wp\/v2\/media\/184299"}],"wp:attachment":[{"href":"https:\/\/ekkla.ch\/de\/wp-json\/wp\/v2\/media?parent=184711"}],"wp:term":[{"taxonomy":"product_cat","embeddable":true,"href":"https:\/\/ekkla.ch\/de\/wp-json\/wp\/v2\/product_cat?post=184711"},{"taxonomy":"product_tag","embeddable":true,"href":"https:\/\/ekkla.ch\/de\/wp-json\/wp\/v2\/product_tag?post=184711"}],"curies":[{"name":"wp","href":"https:\/\/api.w.org\/{rel}","templated":true}]}}