{"id":18472,"date":"2020-01-30T10:49:42","date_gmt":"2020-01-30T09:49:42","guid":{"rendered":"https:\/\/ekkla.ch\/produit\/suspension-montreux-its-about-romi\/"},"modified":"2023-02-27T00:00:10","modified_gmt":"2023-02-26T23:00:10","slug":"haengeleuchte-montreux-its-about-romi","status":"publish","type":"product","link":"https:\/\/ekkla.ch\/de\/produit\/haengeleuchte-montreux-its-about-romi\/","title":{"rendered":"H\u00e4ngeleuchte Montreux &#8211; Beiges Metall &#8211; \u00d860 &#8211; It&#8217;s About Romi"},"content":{"rendered":"<p>Die H\u00e4ngeleuchte Montreux findet sowohl \u00fcber Ihrem Esstisch als auch in Ihrer K\u00fcche einen Platz. Sie werden ihren sandfarbenen Farbton in Verbindung mit einer geb\u00fcrsteten Messingoberfl\u00e4che f\u00fcr einen Hauch von Eleganz lieben. Diese H\u00e4ngeleuchte bringt einen modernen Touch in Ihr Interieur. Gl\u00fchbirne nicht inbegriffen.<\/p>\n<blockquote>\n<h2>Merkmale &amp; Eigenschaften<\/h2>\n<p><strong>Marke<\/strong> It&#8217;s About Romi<\/p>\n<p><strong>Farben<\/strong>\u00a0Beige und gold<\/p>\n<p><strong>Material<\/strong> Metall<\/p>\n<p><strong>Gl\u00fchbirne<\/strong>\u00a0E27<\/p>\n<p><strong>Max. Leistung (W) <\/strong>40<\/p>\n<p><strong>Durchmesser (cm) <\/strong>60<\/p>\n<p><strong>H\u00f6he (cm) <\/strong>28<\/p><\/blockquote>\n","protected":false},"excerpt":{"rendered":"<p>Die H\u00e4ngeleuchte Montreux findet sowohl \u00fcber Ihrem Esstisch als auch in Ihrer K\u00fcche einen Platz. Sie werden ihren sandfarbenen Farbton in Verbindung mit einer geb\u00fcrsteten Messingoberfl\u00e4che f\u00fcr einen Hauch von Eleganz lieben. Diese H\u00e4ngeleuchte bringt einen modernen Touch in Ihr Interieur. Gl\u00fchbirne nicht inbegriffen. Merkmale &amp; Eigenschaften Marke It&#8217;s About Romi Farben\u00a0Beige und gold Material [&hellip;]<\/p>\n","protected":false},"featured_media":14672,"template":"","meta":{"_acf_changed":false,"om_disable_all_campaigns":false},"product_cat":[291],"product_tag":[898,554,1188,816,603,942],"bundled_by":[],"bundle_stock_status":"onbackorder","bundle_stock_quantity":null,"bundle_virtual":false,"bundle_layout":"","bundle_add_to_cart_form_location":"","bundle_editable_in_cart":false,"bundle_sold_individually_context":"","bundle_item_grouping":"","bundle_min_size":"","bundle_max_size":"","bundle_price":[],"bundled_items":[],"bundle_sell_ids":[],"acf":[],"yoast_head":"<!-- This site is optimized with the Yoast SEO Premium plugin v22.2 (Yoast SEO v22.8) - https:\/\/yoast.com\/wordpress\/plugins\/seo\/ -->\n<title>It&#039;s About Romi | H\u00e4ngeleuchte Montreux | Modernes Design | Ekkla<\/title>\n<meta name=\"description\" content=\"Die Leuchte Montreux bringt mit ihrem modernen Design, der raffinierten Linienf\u00fchrung und Ihrer sanften cremigen Farbe alle Ihre R\u00e4ume zum Strahlen bringt.\" \/>\n<meta name=\"robots\" content=\"index, follow, max-snippet:-1, max-image-preview:large, max-video-preview:-1\" \/>\n<link rel=\"canonical\" href=\"https:\/\/ekkla.ch\/de\/produit\/haengeleuchte-montreux-its-about-romi\/\" \/>\n<meta property=\"og:locale\" content=\"de_DE\" \/>\n<meta property=\"og:type\" content=\"article\" \/>\n<meta property=\"og:title\" content=\"H\u00e4ngeleuchte Montreux - Beiges Metall - \u00d860 - It&#039;s About Romi\" \/>\n<meta property=\"og:description\" content=\"Die Leuchte Montreux bringt mit ihrem modernen Design, der raffinierten Linienf\u00fchrung und Ihrer sanften cremigen Farbe alle Ihre R\u00e4ume zum Strahlen bringt.\" \/>\n<meta property=\"og:url\" content=\"https:\/\/ekkla.ch\/de\/produit\/haengeleuchte-montreux-its-about-romi\/\" \/>\n<meta property=\"og:site_name\" content=\"Ekkla\" \/>\n<meta property=\"article:modified_time\" content=\"2023-02-26T23:00:10+00:00\" \/>\n<meta property=\"og:image\" content=\"https:\/\/ekkla.ch\/wp-content\/uploads\/2020\/01\/Montreux-HS-carr\u00e9-5.jpg\" \/>\n\t<meta property=\"og:image:width\" content=\"1185\" \/>\n\t<meta property=\"og:image:height\" content=\"1185\" \/>\n\t<meta property=\"og:image:type\" content=\"image\/jpeg\" \/>\n<meta name=\"twitter:card\" content=\"summary_large_image\" \/>\n<meta name=\"twitter:label1\" content=\"Gesch\u00e4tzte Lesezeit\" \/>\n\t<meta name=\"twitter:data1\" content=\"1\u00a0Minute\" \/>\n<script type=\"application\/ld+json\" class=\"yoast-schema-graph\">{\"@context\":\"https:\/\/schema.org\",\"@graph\":[{\"@type\":\"WebPage\",\"@id\":\"https:\/\/ekkla.ch\/de\/produit\/haengeleuchte-montreux-its-about-romi\/\",\"url\":\"https:\/\/ekkla.ch\/de\/produit\/haengeleuchte-montreux-its-about-romi\/\",\"name\":\"It's About Romi | H\u00e4ngeleuchte Montreux | Modernes Design | Ekkla\",\"isPartOf\":{\"@id\":\"https:\/\/ekkla.ch\/#website\"},\"primaryImageOfPage\":{\"@id\":\"https:\/\/ekkla.ch\/de\/produit\/haengeleuchte-montreux-its-about-romi\/#primaryimage\"},\"image\":{\"@id\":\"https:\/\/ekkla.ch\/de\/produit\/haengeleuchte-montreux-its-about-romi\/#primaryimage\"},\"thumbnailUrl\":\"https:\/\/ekkla.ch\/wp-content\/uploads\/2020\/01\/Montreux-HS-carr\u00e9-5.jpg\",\"datePublished\":\"2020-01-30T09:49:42+00:00\",\"dateModified\":\"2023-02-26T23:00:10+00:00\",\"description\":\"Die Leuchte Montreux bringt mit ihrem modernen Design, der raffinierten Linienf\u00fchrung und Ihrer sanften cremigen Farbe alle Ihre R\u00e4ume zum Strahlen bringt.\",\"breadcrumb\":{\"@id\":\"https:\/\/ekkla.ch\/de\/produit\/haengeleuchte-montreux-its-about-romi\/#breadcrumb\"},\"inLanguage\":\"de\",\"potentialAction\":[{\"@type\":\"ReadAction\",\"target\":[\"https:\/\/ekkla.ch\/de\/produit\/haengeleuchte-montreux-its-about-romi\/\"]}]},{\"@type\":\"ImageObject\",\"inLanguage\":\"de\",\"@id\":\"https:\/\/ekkla.ch\/de\/produit\/haengeleuchte-montreux-its-about-romi\/#primaryimage\",\"url\":\"https:\/\/ekkla.ch\/wp-content\/uploads\/2020\/01\/Montreux-HS-carr\u00e9-5.jpg\",\"contentUrl\":\"https:\/\/ekkla.ch\/wp-content\/uploads\/2020\/01\/Montreux-HS-carr\u00e9-5.jpg\",\"width\":1185,\"height\":1185},{\"@type\":\"BreadcrumbList\",\"@id\":\"https:\/\/ekkla.ch\/de\/produit\/haengeleuchte-montreux-its-about-romi\/#breadcrumb\",\"itemListElement\":[{\"@type\":\"ListItem\",\"position\":1,\"name\":\"Home\",\"item\":\"https:\/\/ekkla.ch\/de\/\"},{\"@type\":\"ListItem\",\"position\":2,\"name\":\"Shop\",\"item\":\"https:\/\/ekkla.ch\/de\/shop\/\"},{\"@type\":\"ListItem\",\"position\":3,\"name\":\"H\u00e4ngeleuchte Montreux &#8211; Beiges Metall &#8211; \u00d860 &#8211; It&#8217;s About Romi\"}]},{\"@type\":\"WebSite\",\"@id\":\"https:\/\/ekkla.ch\/#website\",\"url\":\"https:\/\/ekkla.ch\/\",\"name\":\"Ekkla\",\"description\":\"Der Onlineshop f\u00fcr Beleuchtung\",\"publisher\":{\"@id\":\"https:\/\/ekkla.ch\/#organization\"},\"potentialAction\":[{\"@type\":\"SearchAction\",\"target\":{\"@type\":\"EntryPoint\",\"urlTemplate\":\"https:\/\/ekkla.ch\/?s={search_term_string}\"},\"query-input\":\"required name=search_term_string\"}],\"inLanguage\":\"de\"},{\"@type\":\"Organization\",\"@id\":\"https:\/\/ekkla.ch\/#organization\",\"name\":\"Ekkla\",\"url\":\"https:\/\/ekkla.ch\/\",\"logo\":{\"@type\":\"ImageObject\",\"inLanguage\":\"de\",\"@id\":\"https:\/\/ekkla.ch\/#\/schema\/logo\/image\/\",\"url\":\"http:\/\/ekkla.ch\/wp-content\/uploads\/2019\/07\/logo-1.svg\",\"contentUrl\":\"http:\/\/ekkla.ch\/wp-content\/uploads\/2019\/07\/logo-1.svg\",\"width\":1,\"height\":1,\"caption\":\"Ekkla\"},\"image\":{\"@id\":\"https:\/\/ekkla.ch\/#\/schema\/logo\/image\/\"},\"sameAs\":[\"https:\/\/www.instagram.com\/ekkla_light\/\"]}]}<\/script>\n<!-- \/ Yoast SEO Premium plugin. -->","yoast_head_json":{"title":"It's About Romi | H\u00e4ngeleuchte Montreux | Modernes Design | Ekkla","description":"Die Leuchte Montreux bringt mit ihrem modernen Design, der raffinierten Linienf\u00fchrung und Ihrer sanften cremigen Farbe alle Ihre R\u00e4ume zum Strahlen bringt.","robots":{"index":"index","follow":"follow","max-snippet":"max-snippet:-1","max-image-preview":"max-image-preview:large","max-video-preview":"max-video-preview:-1"},"canonical":"https:\/\/ekkla.ch\/de\/produit\/haengeleuchte-montreux-its-about-romi\/","og_locale":"de_DE","og_type":"article","og_title":"H\u00e4ngeleuchte Montreux - Beiges Metall - \u00d860 - It's About Romi","og_description":"Die Leuchte Montreux bringt mit ihrem modernen Design, der raffinierten Linienf\u00fchrung und Ihrer sanften cremigen Farbe alle Ihre R\u00e4ume zum Strahlen bringt.","og_url":"https:\/\/ekkla.ch\/de\/produit\/haengeleuchte-montreux-its-about-romi\/","og_site_name":"Ekkla","article_modified_time":"2023-02-26T23:00:10+00:00","og_image":[{"width":1185,"height":1185,"url":"https:\/\/ekkla.ch\/wp-content\/uploads\/2020\/01\/Montreux-HS-carr\u00e9-5.jpg","type":"image\/jpeg"}],"twitter_card":"summary_large_image","twitter_misc":{"Gesch\u00e4tzte Lesezeit":"1\u00a0Minute"},"schema":{"@context":"https:\/\/schema.org","@graph":[{"@type":"WebPage","@id":"https:\/\/ekkla.ch\/de\/produit\/haengeleuchte-montreux-its-about-romi\/","url":"https:\/\/ekkla.ch\/de\/produit\/haengeleuchte-montreux-its-about-romi\/","name":"It's About Romi | H\u00e4ngeleuchte Montreux | Modernes Design | Ekkla","isPartOf":{"@id":"https:\/\/ekkla.ch\/#website"},"primaryImageOfPage":{"@id":"https:\/\/ekkla.ch\/de\/produit\/haengeleuchte-montreux-its-about-romi\/#primaryimage"},"image":{"@id":"https:\/\/ekkla.ch\/de\/produit\/haengeleuchte-montreux-its-about-romi\/#primaryimage"},"thumbnailUrl":"https:\/\/ekkla.ch\/wp-content\/uploads\/2020\/01\/Montreux-HS-carr\u00e9-5.jpg","datePublished":"2020-01-30T09:49:42+00:00","dateModified":"2023-02-26T23:00:10+00:00","description":"Die Leuchte Montreux bringt mit ihrem modernen Design, der raffinierten Linienf\u00fchrung und Ihrer sanften cremigen Farbe alle Ihre R\u00e4ume zum Strahlen bringt.","breadcrumb":{"@id":"https:\/\/ekkla.ch\/de\/produit\/haengeleuchte-montreux-its-about-romi\/#breadcrumb"},"inLanguage":"de","potentialAction":[{"@type":"ReadAction","target":["https:\/\/ekkla.ch\/de\/produit\/haengeleuchte-montreux-its-about-romi\/"]}]},{"@type":"ImageObject","inLanguage":"de","@id":"https:\/\/ekkla.ch\/de\/produit\/haengeleuchte-montreux-its-about-romi\/#primaryimage","url":"https:\/\/ekkla.ch\/wp-content\/uploads\/2020\/01\/Montreux-HS-carr\u00e9-5.jpg","contentUrl":"https:\/\/ekkla.ch\/wp-content\/uploads\/2020\/01\/Montreux-HS-carr\u00e9-5.jpg","width":1185,"height":1185},{"@type":"BreadcrumbList","@id":"https:\/\/ekkla.ch\/de\/produit\/haengeleuchte-montreux-its-about-romi\/#breadcrumb","itemListElement":[{"@type":"ListItem","position":1,"name":"Home","item":"https:\/\/ekkla.ch\/de\/"},{"@type":"ListItem","position":2,"name":"Shop","item":"https:\/\/ekkla.ch\/de\/shop\/"},{"@type":"ListItem","position":3,"name":"H\u00e4ngeleuchte Montreux &#8211; Beiges Metall &#8211; \u00d860 &#8211; It&#8217;s About Romi"}]},{"@type":"WebSite","@id":"https:\/\/ekkla.ch\/#website","url":"https:\/\/ekkla.ch\/","name":"Ekkla","description":"Der Onlineshop f\u00fcr Beleuchtung","publisher":{"@id":"https:\/\/ekkla.ch\/#organization"},"potentialAction":[{"@type":"SearchAction","target":{"@type":"EntryPoint","urlTemplate":"https:\/\/ekkla.ch\/?s={search_term_string}"},"query-input":"required name=search_term_string"}],"inLanguage":"de"},{"@type":"Organization","@id":"https:\/\/ekkla.ch\/#organization","name":"Ekkla","url":"https:\/\/ekkla.ch\/","logo":{"@type":"ImageObject","inLanguage":"de","@id":"https:\/\/ekkla.ch\/#\/schema\/logo\/image\/","url":"http:\/\/ekkla.ch\/wp-content\/uploads\/2019\/07\/logo-1.svg","contentUrl":"http:\/\/ekkla.ch\/wp-content\/uploads\/2019\/07\/logo-1.svg","width":1,"height":1,"caption":"Ekkla"},"image":{"@id":"https:\/\/ekkla.ch\/#\/schema\/logo\/image\/"},"sameAs":["https:\/\/www.instagram.com\/ekkla_light\/"]}]}},"_links":{"self":[{"href":"https:\/\/ekkla.ch\/de\/wp-json\/wp\/v2\/product\/18472"}],"collection":[{"href":"https:\/\/ekkla.ch\/de\/wp-json\/wp\/v2\/product"}],"about":[{"href":"https:\/\/ekkla.ch\/de\/wp-json\/wp\/v2\/types\/product"}],"wp:featuredmedia":[{"embeddable":true,"href":"https:\/\/ekkla.ch\/de\/wp-json\/wp\/v2\/media\/14672"}],"wp:attachment":[{"href":"https:\/\/ekkla.ch\/de\/wp-json\/wp\/v2\/media?parent=18472"}],"wp:term":[{"taxonomy":"product_cat","embeddable":true,"href":"https:\/\/ekkla.ch\/de\/wp-json\/wp\/v2\/product_cat?post=18472"},{"taxonomy":"product_tag","embeddable":true,"href":"https:\/\/ekkla.ch\/de\/wp-json\/wp\/v2\/product_tag?post=18472"}],"curies":[{"name":"wp","href":"https:\/\/api.w.org\/{rel}","templated":true}]}}