{"id":18515,"date":"2020-01-29T11:09:42","date_gmt":"2020-01-29T10:09:42","guid":{"rendered":"https:\/\/ekkla.ch\/produit\/ampoule-led-diamant\/"},"modified":"2022-03-03T09:12:25","modified_gmt":"2022-03-03T08:12:25","slug":"led-gluehbirne-diamant","status":"publish","type":"product","link":"https:\/\/ekkla.ch\/de\/produit\/led-gluehbirne-diamant\/","title":{"rendered":"LED-Gl\u00fchbirne Diamant"},"content":{"rendered":"<p>Diese kegelf\u00f6rmige LED-Gl\u00fchbirne bringt Eleganz in Ihre Beleuchtungselemente und schont gleichzeitig den Stromverbrauch. Eine originelle Form, die Ihre H\u00e4nge- und Tischleuchten elegant zum Strahlen bringt.<\/p>\n<blockquote>\n<h2>Merkmale und Eigenschaften<\/h2>\n<p><strong>Material<\/strong> Glas<\/p>\n<p><strong>Farbe<\/strong>\u00a0Transparent<\/p>\n<p><strong>Filamentform<\/strong>\u00a0Vertical<\/p>\n<p><strong>Filamenttyp<\/strong>\u00a0LED<\/p>\n<p><strong>Leistung (W)<\/strong> 3.2<\/p>\n<p><strong>Finition<\/strong> Bernstein<\/p>\n<p><strong>Sockel<\/strong>\u00a0E27<\/p>\n<p><strong>Durchmesser (cm)<\/strong> 11.5<\/p>\n<p><strong>H\u00f6he (cm)<\/strong> 13.2<\/p>\n<p><strong>Energieeffizienz<\/strong> A++<\/p>\n<p><strong>Variable Lichtintensit\u00e4t (dimmbar) <\/strong>Ja<\/p><\/blockquote>\n","protected":false},"excerpt":{"rendered":"<p>Diese kegelf\u00f6rmige LED-Gl\u00fchbirne bringt Eleganz in Ihre Beleuchtungselemente und schont gleichzeitig den Stromverbrauch. Eine originelle Form, die Ihre H\u00e4nge- und Tischleuchten elegant zum Strahlen bringt. Merkmale und Eigenschaften Material Glas Farbe\u00a0Transparent Filamentform\u00a0Vertical Filamenttyp\u00a0LED Leistung (W) 3.2 Finition Bernstein Sockel\u00a0E27 Durchmesser (cm) 11.5 H\u00f6he (cm) 13.2 Energieeffizienz A++ Variable Lichtintensit\u00e4t (dimmbar) Ja<\/p>\n","protected":false},"featured_media":61861,"template":"","meta":{"_acf_changed":false,"om_disable_all_campaigns":false},"product_cat":[285],"product_tag":[554,308,816],"bundled_by":[],"bundle_stock_status":"onbackorder","bundle_stock_quantity":null,"bundle_virtual":false,"bundle_layout":"","bundle_add_to_cart_form_location":"","bundle_editable_in_cart":false,"bundle_sold_individually_context":"","bundle_item_grouping":"","bundle_min_size":"","bundle_max_size":"","bundle_price":[],"bundled_items":[],"bundle_sell_ids":[],"acf":[],"yoast_head":"<!-- This site is optimized with the Yoast SEO Premium plugin v22.2 (Yoast SEO v22.8) - https:\/\/yoast.com\/wordpress\/plugins\/seo\/ -->\n<title>DED-Gl\u00fchbirne Diamantform | LED | Sockel E27 | Ekkla<\/title>\n<meta name=\"description\" content=\"Vintage-Gl\u00fchbirne mit E27-Sockel. Eine simple aber dennoch originelle Form, die Ihren Beleuchtungselementen den gewissen Touch verleiht. LED-Technologie.\" \/>\n<meta name=\"robots\" content=\"index, follow, max-snippet:-1, max-image-preview:large, max-video-preview:-1\" \/>\n<link rel=\"canonical\" href=\"https:\/\/ekkla.ch\/de\/produit\/led-gluehbirne-diamant\/\" \/>\n<meta property=\"og:locale\" content=\"de_DE\" \/>\n<meta property=\"og:type\" content=\"article\" \/>\n<meta property=\"og:title\" content=\"LED-Gl\u00fchbirne Diamant\" \/>\n<meta property=\"og:description\" content=\"Vintage-Gl\u00fchbirne mit E27-Sockel. Eine simple aber dennoch originelle Form, die Ihren Beleuchtungselementen den gewissen Touch verleiht. LED-Technologie.\" \/>\n<meta property=\"og:url\" content=\"https:\/\/ekkla.ch\/de\/produit\/led-gluehbirne-diamant\/\" \/>\n<meta property=\"og:site_name\" content=\"Ekkla\" \/>\n<meta property=\"article:modified_time\" content=\"2022-03-03T08:12:25+00:00\" \/>\n<meta property=\"og:image\" content=\"https:\/\/ekkla.ch\/wp-content\/uploads\/2020\/01\/352-48_4.jpg\" \/>\n\t<meta property=\"og:image:width\" content=\"592\" \/>\n\t<meta property=\"og:image:height\" content=\"592\" \/>\n\t<meta property=\"og:image:type\" content=\"image\/jpeg\" \/>\n<meta name=\"twitter:card\" content=\"summary_large_image\" \/>\n<script type=\"application\/ld+json\" class=\"yoast-schema-graph\">{\"@context\":\"https:\/\/schema.org\",\"@graph\":[{\"@type\":\"WebPage\",\"@id\":\"https:\/\/ekkla.ch\/de\/produit\/led-gluehbirne-diamant\/\",\"url\":\"https:\/\/ekkla.ch\/de\/produit\/led-gluehbirne-diamant\/\",\"name\":\"DED-Gl\u00fchbirne Diamantform | LED | Sockel E27 | Ekkla\",\"isPartOf\":{\"@id\":\"https:\/\/ekkla.ch\/#website\"},\"primaryImageOfPage\":{\"@id\":\"https:\/\/ekkla.ch\/de\/produit\/led-gluehbirne-diamant\/#primaryimage\"},\"image\":{\"@id\":\"https:\/\/ekkla.ch\/de\/produit\/led-gluehbirne-diamant\/#primaryimage\"},\"thumbnailUrl\":\"https:\/\/ekkla.ch\/wp-content\/uploads\/2020\/01\/352-48_4.jpg\",\"datePublished\":\"2020-01-29T10:09:42+00:00\",\"dateModified\":\"2022-03-03T08:12:25+00:00\",\"description\":\"Vintage-Gl\u00fchbirne mit E27-Sockel. Eine simple aber dennoch originelle Form, die Ihren Beleuchtungselementen den gewissen Touch verleiht. LED-Technologie.\",\"breadcrumb\":{\"@id\":\"https:\/\/ekkla.ch\/de\/produit\/led-gluehbirne-diamant\/#breadcrumb\"},\"inLanguage\":\"de\",\"potentialAction\":[{\"@type\":\"ReadAction\",\"target\":[\"https:\/\/ekkla.ch\/de\/produit\/led-gluehbirne-diamant\/\"]}]},{\"@type\":\"ImageObject\",\"inLanguage\":\"de\",\"@id\":\"https:\/\/ekkla.ch\/de\/produit\/led-gluehbirne-diamant\/#primaryimage\",\"url\":\"https:\/\/ekkla.ch\/wp-content\/uploads\/2020\/01\/352-48_4.jpg\",\"contentUrl\":\"https:\/\/ekkla.ch\/wp-content\/uploads\/2020\/01\/352-48_4.jpg\",\"width\":592,\"height\":592,\"caption\":\"ampoule diamant\"},{\"@type\":\"BreadcrumbList\",\"@id\":\"https:\/\/ekkla.ch\/de\/produit\/led-gluehbirne-diamant\/#breadcrumb\",\"itemListElement\":[{\"@type\":\"ListItem\",\"position\":1,\"name\":\"Home\",\"item\":\"https:\/\/ekkla.ch\/de\/\"},{\"@type\":\"ListItem\",\"position\":2,\"name\":\"Shop\",\"item\":\"https:\/\/ekkla.ch\/de\/shop\/\"},{\"@type\":\"ListItem\",\"position\":3,\"name\":\"LED-Gl\u00fchbirne Diamant\"}]},{\"@type\":\"WebSite\",\"@id\":\"https:\/\/ekkla.ch\/#website\",\"url\":\"https:\/\/ekkla.ch\/\",\"name\":\"Ekkla\",\"description\":\"Der Onlineshop f\u00fcr Beleuchtung\",\"publisher\":{\"@id\":\"https:\/\/ekkla.ch\/#organization\"},\"potentialAction\":[{\"@type\":\"SearchAction\",\"target\":{\"@type\":\"EntryPoint\",\"urlTemplate\":\"https:\/\/ekkla.ch\/?s={search_term_string}\"},\"query-input\":\"required name=search_term_string\"}],\"inLanguage\":\"de\"},{\"@type\":\"Organization\",\"@id\":\"https:\/\/ekkla.ch\/#organization\",\"name\":\"Ekkla\",\"url\":\"https:\/\/ekkla.ch\/\",\"logo\":{\"@type\":\"ImageObject\",\"inLanguage\":\"de\",\"@id\":\"https:\/\/ekkla.ch\/#\/schema\/logo\/image\/\",\"url\":\"http:\/\/ekkla.ch\/wp-content\/uploads\/2019\/07\/logo-1.svg\",\"contentUrl\":\"http:\/\/ekkla.ch\/wp-content\/uploads\/2019\/07\/logo-1.svg\",\"width\":1,\"height\":1,\"caption\":\"Ekkla\"},\"image\":{\"@id\":\"https:\/\/ekkla.ch\/#\/schema\/logo\/image\/\"},\"sameAs\":[\"https:\/\/www.instagram.com\/ekkla_light\/\"]}]}<\/script>\n<!-- \/ Yoast SEO Premium plugin. -->","yoast_head_json":{"title":"DED-Gl\u00fchbirne Diamantform | LED | Sockel E27 | Ekkla","description":"Vintage-Gl\u00fchbirne mit E27-Sockel. Eine simple aber dennoch originelle Form, die Ihren Beleuchtungselementen den gewissen Touch verleiht. LED-Technologie.","robots":{"index":"index","follow":"follow","max-snippet":"max-snippet:-1","max-image-preview":"max-image-preview:large","max-video-preview":"max-video-preview:-1"},"canonical":"https:\/\/ekkla.ch\/de\/produit\/led-gluehbirne-diamant\/","og_locale":"de_DE","og_type":"article","og_title":"LED-Gl\u00fchbirne Diamant","og_description":"Vintage-Gl\u00fchbirne mit E27-Sockel. Eine simple aber dennoch originelle Form, die Ihren Beleuchtungselementen den gewissen Touch verleiht. LED-Technologie.","og_url":"https:\/\/ekkla.ch\/de\/produit\/led-gluehbirne-diamant\/","og_site_name":"Ekkla","article_modified_time":"2022-03-03T08:12:25+00:00","og_image":[{"width":592,"height":592,"url":"https:\/\/ekkla.ch\/wp-content\/uploads\/2020\/01\/352-48_4.jpg","type":"image\/jpeg"}],"twitter_card":"summary_large_image","schema":{"@context":"https:\/\/schema.org","@graph":[{"@type":"WebPage","@id":"https:\/\/ekkla.ch\/de\/produit\/led-gluehbirne-diamant\/","url":"https:\/\/ekkla.ch\/de\/produit\/led-gluehbirne-diamant\/","name":"DED-Gl\u00fchbirne Diamantform | LED | Sockel E27 | Ekkla","isPartOf":{"@id":"https:\/\/ekkla.ch\/#website"},"primaryImageOfPage":{"@id":"https:\/\/ekkla.ch\/de\/produit\/led-gluehbirne-diamant\/#primaryimage"},"image":{"@id":"https:\/\/ekkla.ch\/de\/produit\/led-gluehbirne-diamant\/#primaryimage"},"thumbnailUrl":"https:\/\/ekkla.ch\/wp-content\/uploads\/2020\/01\/352-48_4.jpg","datePublished":"2020-01-29T10:09:42+00:00","dateModified":"2022-03-03T08:12:25+00:00","description":"Vintage-Gl\u00fchbirne mit E27-Sockel. Eine simple aber dennoch originelle Form, die Ihren Beleuchtungselementen den gewissen Touch verleiht. LED-Technologie.","breadcrumb":{"@id":"https:\/\/ekkla.ch\/de\/produit\/led-gluehbirne-diamant\/#breadcrumb"},"inLanguage":"de","potentialAction":[{"@type":"ReadAction","target":["https:\/\/ekkla.ch\/de\/produit\/led-gluehbirne-diamant\/"]}]},{"@type":"ImageObject","inLanguage":"de","@id":"https:\/\/ekkla.ch\/de\/produit\/led-gluehbirne-diamant\/#primaryimage","url":"https:\/\/ekkla.ch\/wp-content\/uploads\/2020\/01\/352-48_4.jpg","contentUrl":"https:\/\/ekkla.ch\/wp-content\/uploads\/2020\/01\/352-48_4.jpg","width":592,"height":592,"caption":"ampoule diamant"},{"@type":"BreadcrumbList","@id":"https:\/\/ekkla.ch\/de\/produit\/led-gluehbirne-diamant\/#breadcrumb","itemListElement":[{"@type":"ListItem","position":1,"name":"Home","item":"https:\/\/ekkla.ch\/de\/"},{"@type":"ListItem","position":2,"name":"Shop","item":"https:\/\/ekkla.ch\/de\/shop\/"},{"@type":"ListItem","position":3,"name":"LED-Gl\u00fchbirne Diamant"}]},{"@type":"WebSite","@id":"https:\/\/ekkla.ch\/#website","url":"https:\/\/ekkla.ch\/","name":"Ekkla","description":"Der Onlineshop f\u00fcr Beleuchtung","publisher":{"@id":"https:\/\/ekkla.ch\/#organization"},"potentialAction":[{"@type":"SearchAction","target":{"@type":"EntryPoint","urlTemplate":"https:\/\/ekkla.ch\/?s={search_term_string}"},"query-input":"required name=search_term_string"}],"inLanguage":"de"},{"@type":"Organization","@id":"https:\/\/ekkla.ch\/#organization","name":"Ekkla","url":"https:\/\/ekkla.ch\/","logo":{"@type":"ImageObject","inLanguage":"de","@id":"https:\/\/ekkla.ch\/#\/schema\/logo\/image\/","url":"http:\/\/ekkla.ch\/wp-content\/uploads\/2019\/07\/logo-1.svg","contentUrl":"http:\/\/ekkla.ch\/wp-content\/uploads\/2019\/07\/logo-1.svg","width":1,"height":1,"caption":"Ekkla"},"image":{"@id":"https:\/\/ekkla.ch\/#\/schema\/logo\/image\/"},"sameAs":["https:\/\/www.instagram.com\/ekkla_light\/"]}]}},"_links":{"self":[{"href":"https:\/\/ekkla.ch\/de\/wp-json\/wp\/v2\/product\/18515"}],"collection":[{"href":"https:\/\/ekkla.ch\/de\/wp-json\/wp\/v2\/product"}],"about":[{"href":"https:\/\/ekkla.ch\/de\/wp-json\/wp\/v2\/types\/product"}],"wp:featuredmedia":[{"embeddable":true,"href":"https:\/\/ekkla.ch\/de\/wp-json\/wp\/v2\/media\/61861"}],"wp:attachment":[{"href":"https:\/\/ekkla.ch\/de\/wp-json\/wp\/v2\/media?parent=18515"}],"wp:term":[{"taxonomy":"product_cat","embeddable":true,"href":"https:\/\/ekkla.ch\/de\/wp-json\/wp\/v2\/product_cat?post=18515"},{"taxonomy":"product_tag","embeddable":true,"href":"https:\/\/ekkla.ch\/de\/wp-json\/wp\/v2\/product_tag?post=18515"}],"curies":[{"name":"wp","href":"https:\/\/api.w.org\/{rel}","templated":true}]}}