{"id":18519,"date":"2020-01-22T13:43:00","date_gmt":"2020-01-22T12:43:00","guid":{"rendered":"https:\/\/ekkla.ch\/produit\/suspension-c2-en-acier-92cm-gantlights\/"},"modified":"2023-09-08T16:13:47","modified_gmt":"2023-09-08T14:13:47","slug":"suspension-c2-en-acier-92cm-gantlights","status":"publish","type":"product","link":"https:\/\/ekkla.ch\/de\/produit\/suspension-c2-en-acier-92cm-gantlights\/","title":{"rendered":"H\u00e4ngeleuchte [C2] aus Edelstahl 92cm &#8211; GANTLights"},"content":{"rendered":"<p>Die rechteckige H\u00e4ngeleuchte aus Edelstahl [C1] ist in hellgrauen Beton gegossen. Sie vereint modernes Edelstahl mit rohem Beton zu einer zeitlosen und eleganten Designerleuchte. Das Modell des Berliner Designers Stefan Gant ist vollst\u00e4ndig handgefertigt und verleiht Ihrer Dekoration einen rohen und industriellen Touch. Integrierte LED-Beleuchtung.<\/p>\n<p>GANTLights-Produkte sind in einer grossen Auswahl an Gr\u00f6ssen, Formen und Farben erh\u00e4ltlich. Bitte kontaktieren Sie uns per E-Mail, wenn Sie ein bestimmtes Modell oder eine bestimmte Farbe suchen, die nicht auf der Website zu finden ist.<\/p>\n<p>Diese Leuchte wird von Hand gefertigt und zusammengesetzt und nur auf Bestellung produziert.<\/p>\n<blockquote>\n<h2>Merkmale &amp; Eigenschaften<\/h2>\n<p><strong>Marke<\/strong> GANTLights<\/p>\n<p><strong>Farben<\/strong> Grau | Schwarz<\/p>\n<p><strong>Materialien<\/strong> Beton | Edelstahl<\/p>\n<p><strong>Leuchtquelle <\/strong>Integrierte LED (dimmbar)<\/p>\n<p><strong>Lumen (lm) <\/strong>2100<\/p>\n<p><strong>Kelvin (k)\u00a0<\/strong>2700<\/p>\n<p><strong>Max. Leistung (W)<\/strong> 25<\/p>\n<p><strong>Masse (cm) <\/strong>92 x 7 x 7<\/p><\/blockquote>\n","protected":false},"excerpt":{"rendered":"<p>Die rechteckige H\u00e4ngeleuchte aus Edelstahl [C1] ist in hellgrauen Beton gegossen. Sie vereint modernes Edelstahl mit rohem Beton zu einer zeitlosen und eleganten Designerleuchte. Das Modell des Berliner Designers Stefan Gant ist vollst\u00e4ndig handgefertigt und verleiht Ihrer Dekoration einen rohen und industriellen Touch. Integrierte LED-Beleuchtung. GANTLights-Produkte sind in einer grossen Auswahl an Gr\u00f6ssen, Formen und [&hellip;]<\/p>\n","protected":false},"featured_media":14022,"template":"","meta":{"_acf_changed":false,"om_disable_all_campaigns":false},"product_cat":[291],"product_tag":[892,1188],"bundled_by":[],"bundle_stock_status":"onbackorder","bundle_stock_quantity":null,"bundle_virtual":false,"bundle_layout":"","bundle_add_to_cart_form_location":"","bundle_editable_in_cart":false,"bundle_sold_individually_context":"","bundle_item_grouping":"","bundle_min_size":"","bundle_max_size":"","bundle_price":[],"bundled_items":[],"bundle_sell_ids":[],"acf":[],"yoast_head":"<!-- This site is optimized with the Yoast SEO Premium plugin v22.2 (Yoast SEO v22.8) - https:\/\/yoast.com\/wordpress\/plugins\/seo\/ -->\n<title>GANTlights | H\u00e4ngeleuchte [C2] | Edelstahl und Beton | Ekkla<\/title>\n<meta name=\"description\" content=\"Vollst\u00e4ndig handgefertigte und vom Berliner Designer Stefan Gant signierte H\u00e4ngeleuchte aus Edelstahl mit integrierten LEDs aus dem Hause GantLights.\" \/>\n<meta name=\"robots\" content=\"index, follow, max-snippet:-1, max-image-preview:large, max-video-preview:-1\" \/>\n<link rel=\"canonical\" href=\"https:\/\/ekkla.ch\/de\/produit\/suspension-c2-en-acier-92cm-gantlights\/\" \/>\n<meta property=\"og:locale\" content=\"de_DE\" \/>\n<meta property=\"og:type\" content=\"article\" \/>\n<meta property=\"og:title\" content=\"H\u00e4ngeleuchte [C2] aus Edelstahl 92cm - GANTLights\" \/>\n<meta property=\"og:description\" content=\"Vollst\u00e4ndig handgefertigte und vom Berliner Designer Stefan Gant signierte H\u00e4ngeleuchte aus Edelstahl mit integrierten LEDs aus dem Hause GantLights.\" \/>\n<meta property=\"og:url\" content=\"https:\/\/ekkla.ch\/de\/produit\/suspension-c2-en-acier-92cm-gantlights\/\" \/>\n<meta property=\"og:site_name\" content=\"Ekkla\" \/>\n<meta property=\"article:modified_time\" content=\"2023-09-08T14:13:47+00:00\" \/>\n<meta property=\"og:image\" content=\"https:\/\/ekkla.ch\/wp-content\/uploads\/2020\/01\/C2-acier-5-1.png\" \/>\n\t<meta property=\"og:image:width\" content=\"1081\" \/>\n\t<meta property=\"og:image:height\" content=\"1081\" \/>\n\t<meta property=\"og:image:type\" content=\"image\/png\" \/>\n<meta name=\"twitter:card\" content=\"summary_large_image\" \/>\n<meta name=\"twitter:label1\" content=\"Gesch\u00e4tzte Lesezeit\" \/>\n\t<meta name=\"twitter:data1\" content=\"1\u00a0Minute\" \/>\n<script type=\"application\/ld+json\" class=\"yoast-schema-graph\">{\"@context\":\"https:\/\/schema.org\",\"@graph\":[{\"@type\":\"WebPage\",\"@id\":\"https:\/\/ekkla.ch\/de\/produit\/suspension-c2-en-acier-92cm-gantlights\/\",\"url\":\"https:\/\/ekkla.ch\/de\/produit\/suspension-c2-en-acier-92cm-gantlights\/\",\"name\":\"GANTlights | H\u00e4ngeleuchte [C2] | Edelstahl und Beton | Ekkla\",\"isPartOf\":{\"@id\":\"https:\/\/ekkla.ch\/#website\"},\"primaryImageOfPage\":{\"@id\":\"https:\/\/ekkla.ch\/de\/produit\/suspension-c2-en-acier-92cm-gantlights\/#primaryimage\"},\"image\":{\"@id\":\"https:\/\/ekkla.ch\/de\/produit\/suspension-c2-en-acier-92cm-gantlights\/#primaryimage\"},\"thumbnailUrl\":\"https:\/\/ekkla.ch\/wp-content\/uploads\/2020\/01\/C2-acier-5-1.png\",\"datePublished\":\"2020-01-22T12:43:00+00:00\",\"dateModified\":\"2023-09-08T14:13:47+00:00\",\"description\":\"Vollst\u00e4ndig handgefertigte und vom Berliner Designer Stefan Gant signierte H\u00e4ngeleuchte aus Edelstahl mit integrierten LEDs aus dem Hause GantLights.\",\"breadcrumb\":{\"@id\":\"https:\/\/ekkla.ch\/de\/produit\/suspension-c2-en-acier-92cm-gantlights\/#breadcrumb\"},\"inLanguage\":\"de\",\"potentialAction\":[{\"@type\":\"ReadAction\",\"target\":[\"https:\/\/ekkla.ch\/de\/produit\/suspension-c2-en-acier-92cm-gantlights\/\"]}]},{\"@type\":\"ImageObject\",\"inLanguage\":\"de\",\"@id\":\"https:\/\/ekkla.ch\/de\/produit\/suspension-c2-en-acier-92cm-gantlights\/#primaryimage\",\"url\":\"https:\/\/ekkla.ch\/wp-content\/uploads\/2020\/01\/C2-acier-5-1.png\",\"contentUrl\":\"https:\/\/ekkla.ch\/wp-content\/uploads\/2020\/01\/C2-acier-5-1.png\",\"width\":1081,\"height\":1081},{\"@type\":\"BreadcrumbList\",\"@id\":\"https:\/\/ekkla.ch\/de\/produit\/suspension-c2-en-acier-92cm-gantlights\/#breadcrumb\",\"itemListElement\":[{\"@type\":\"ListItem\",\"position\":1,\"name\":\"Home\",\"item\":\"https:\/\/ekkla.ch\/de\/\"},{\"@type\":\"ListItem\",\"position\":2,\"name\":\"Shop\",\"item\":\"https:\/\/ekkla.ch\/de\/shop\/\"},{\"@type\":\"ListItem\",\"position\":3,\"name\":\"H\u00e4ngeleuchte [C2] aus Edelstahl 92cm &#8211; GANTLights\"}]},{\"@type\":\"WebSite\",\"@id\":\"https:\/\/ekkla.ch\/#website\",\"url\":\"https:\/\/ekkla.ch\/\",\"name\":\"Ekkla\",\"description\":\"Der Onlineshop f\u00fcr Beleuchtung\",\"publisher\":{\"@id\":\"https:\/\/ekkla.ch\/#organization\"},\"potentialAction\":[{\"@type\":\"SearchAction\",\"target\":{\"@type\":\"EntryPoint\",\"urlTemplate\":\"https:\/\/ekkla.ch\/?s={search_term_string}\"},\"query-input\":\"required name=search_term_string\"}],\"inLanguage\":\"de\"},{\"@type\":\"Organization\",\"@id\":\"https:\/\/ekkla.ch\/#organization\",\"name\":\"Ekkla\",\"url\":\"https:\/\/ekkla.ch\/\",\"logo\":{\"@type\":\"ImageObject\",\"inLanguage\":\"de\",\"@id\":\"https:\/\/ekkla.ch\/#\/schema\/logo\/image\/\",\"url\":\"http:\/\/ekkla.ch\/wp-content\/uploads\/2019\/07\/logo-1.svg\",\"contentUrl\":\"http:\/\/ekkla.ch\/wp-content\/uploads\/2019\/07\/logo-1.svg\",\"width\":1,\"height\":1,\"caption\":\"Ekkla\"},\"image\":{\"@id\":\"https:\/\/ekkla.ch\/#\/schema\/logo\/image\/\"},\"sameAs\":[\"https:\/\/www.instagram.com\/ekkla_light\/\"]}]}<\/script>\n<!-- \/ Yoast SEO Premium plugin. -->","yoast_head_json":{"title":"GANTlights | H\u00e4ngeleuchte [C2] | Edelstahl und Beton | Ekkla","description":"Vollst\u00e4ndig handgefertigte und vom Berliner Designer Stefan Gant signierte H\u00e4ngeleuchte aus Edelstahl mit integrierten LEDs aus dem Hause GantLights.","robots":{"index":"index","follow":"follow","max-snippet":"max-snippet:-1","max-image-preview":"max-image-preview:large","max-video-preview":"max-video-preview:-1"},"canonical":"https:\/\/ekkla.ch\/de\/produit\/suspension-c2-en-acier-92cm-gantlights\/","og_locale":"de_DE","og_type":"article","og_title":"H\u00e4ngeleuchte [C2] aus Edelstahl 92cm - GANTLights","og_description":"Vollst\u00e4ndig handgefertigte und vom Berliner Designer Stefan Gant signierte H\u00e4ngeleuchte aus Edelstahl mit integrierten LEDs aus dem Hause GantLights.","og_url":"https:\/\/ekkla.ch\/de\/produit\/suspension-c2-en-acier-92cm-gantlights\/","og_site_name":"Ekkla","article_modified_time":"2023-09-08T14:13:47+00:00","og_image":[{"width":1081,"height":1081,"url":"https:\/\/ekkla.ch\/wp-content\/uploads\/2020\/01\/C2-acier-5-1.png","type":"image\/png"}],"twitter_card":"summary_large_image","twitter_misc":{"Gesch\u00e4tzte Lesezeit":"1\u00a0Minute"},"schema":{"@context":"https:\/\/schema.org","@graph":[{"@type":"WebPage","@id":"https:\/\/ekkla.ch\/de\/produit\/suspension-c2-en-acier-92cm-gantlights\/","url":"https:\/\/ekkla.ch\/de\/produit\/suspension-c2-en-acier-92cm-gantlights\/","name":"GANTlights | H\u00e4ngeleuchte [C2] | Edelstahl und Beton | Ekkla","isPartOf":{"@id":"https:\/\/ekkla.ch\/#website"},"primaryImageOfPage":{"@id":"https:\/\/ekkla.ch\/de\/produit\/suspension-c2-en-acier-92cm-gantlights\/#primaryimage"},"image":{"@id":"https:\/\/ekkla.ch\/de\/produit\/suspension-c2-en-acier-92cm-gantlights\/#primaryimage"},"thumbnailUrl":"https:\/\/ekkla.ch\/wp-content\/uploads\/2020\/01\/C2-acier-5-1.png","datePublished":"2020-01-22T12:43:00+00:00","dateModified":"2023-09-08T14:13:47+00:00","description":"Vollst\u00e4ndig handgefertigte und vom Berliner Designer Stefan Gant signierte H\u00e4ngeleuchte aus Edelstahl mit integrierten LEDs aus dem Hause GantLights.","breadcrumb":{"@id":"https:\/\/ekkla.ch\/de\/produit\/suspension-c2-en-acier-92cm-gantlights\/#breadcrumb"},"inLanguage":"de","potentialAction":[{"@type":"ReadAction","target":["https:\/\/ekkla.ch\/de\/produit\/suspension-c2-en-acier-92cm-gantlights\/"]}]},{"@type":"ImageObject","inLanguage":"de","@id":"https:\/\/ekkla.ch\/de\/produit\/suspension-c2-en-acier-92cm-gantlights\/#primaryimage","url":"https:\/\/ekkla.ch\/wp-content\/uploads\/2020\/01\/C2-acier-5-1.png","contentUrl":"https:\/\/ekkla.ch\/wp-content\/uploads\/2020\/01\/C2-acier-5-1.png","width":1081,"height":1081},{"@type":"BreadcrumbList","@id":"https:\/\/ekkla.ch\/de\/produit\/suspension-c2-en-acier-92cm-gantlights\/#breadcrumb","itemListElement":[{"@type":"ListItem","position":1,"name":"Home","item":"https:\/\/ekkla.ch\/de\/"},{"@type":"ListItem","position":2,"name":"Shop","item":"https:\/\/ekkla.ch\/de\/shop\/"},{"@type":"ListItem","position":3,"name":"H\u00e4ngeleuchte [C2] aus Edelstahl 92cm &#8211; GANTLights"}]},{"@type":"WebSite","@id":"https:\/\/ekkla.ch\/#website","url":"https:\/\/ekkla.ch\/","name":"Ekkla","description":"Der Onlineshop f\u00fcr Beleuchtung","publisher":{"@id":"https:\/\/ekkla.ch\/#organization"},"potentialAction":[{"@type":"SearchAction","target":{"@type":"EntryPoint","urlTemplate":"https:\/\/ekkla.ch\/?s={search_term_string}"},"query-input":"required name=search_term_string"}],"inLanguage":"de"},{"@type":"Organization","@id":"https:\/\/ekkla.ch\/#organization","name":"Ekkla","url":"https:\/\/ekkla.ch\/","logo":{"@type":"ImageObject","inLanguage":"de","@id":"https:\/\/ekkla.ch\/#\/schema\/logo\/image\/","url":"http:\/\/ekkla.ch\/wp-content\/uploads\/2019\/07\/logo-1.svg","contentUrl":"http:\/\/ekkla.ch\/wp-content\/uploads\/2019\/07\/logo-1.svg","width":1,"height":1,"caption":"Ekkla"},"image":{"@id":"https:\/\/ekkla.ch\/#\/schema\/logo\/image\/"},"sameAs":["https:\/\/www.instagram.com\/ekkla_light\/"]}]}},"_links":{"self":[{"href":"https:\/\/ekkla.ch\/de\/wp-json\/wp\/v2\/product\/18519"}],"collection":[{"href":"https:\/\/ekkla.ch\/de\/wp-json\/wp\/v2\/product"}],"about":[{"href":"https:\/\/ekkla.ch\/de\/wp-json\/wp\/v2\/types\/product"}],"wp:featuredmedia":[{"embeddable":true,"href":"https:\/\/ekkla.ch\/de\/wp-json\/wp\/v2\/media\/14022"}],"wp:attachment":[{"href":"https:\/\/ekkla.ch\/de\/wp-json\/wp\/v2\/media?parent=18519"}],"wp:term":[{"taxonomy":"product_cat","embeddable":true,"href":"https:\/\/ekkla.ch\/de\/wp-json\/wp\/v2\/product_cat?post=18519"},{"taxonomy":"product_tag","embeddable":true,"href":"https:\/\/ekkla.ch\/de\/wp-json\/wp\/v2\/product_tag?post=18519"}],"curies":[{"name":"wp","href":"https:\/\/api.w.org\/{rel}","templated":true}]}}