{"id":18527,"date":"2019-12-18T09:43:12","date_gmt":"2019-12-18T08:43:12","guid":{"rendered":"https:\/\/ekkla.ch\/produit\/suspension-cairo\/"},"modified":"2023-01-20T10:49:11","modified_gmt":"2023-01-20T09:49:11","slug":"haengeleuchte-cairo-schwarz-mullan-lighting","status":"publish","type":"product","link":"https:\/\/ekkla.ch\/de\/produit\/haengeleuchte-cairo-schwarz-mullan-lighting\/","title":{"rendered":"H\u00e4ngeleuchte Cairo schwarz &#8211; Mullan Lighting"},"content":{"rendered":"<p>Diese elegante H\u00e4ngeleuchte ist die ideale Lichtquelle f\u00fcr jede Art von Interieur. Durch ihre \u00e4sthetische Linienf\u00fchrung und den goldenen Touch erhellt sie Ihr Zuhause mit Raffinesse. Ihe Doppelkegelstruktur macht sie zur idealen Beleuchtung Ihrer K\u00fccheninsel oder ihres B\u00fcros.<\/p>\n<blockquote>\n<h2>Merkmale &amp; Eigenschaften<\/h2>\n<p><strong>Marke<\/strong> Mullan Lighting<\/p>\n<p><strong>Farben<\/strong> Schwarz und Gold<\/p>\n<p><strong>Material<\/strong> Messing<\/p>\n<p><strong>Gl\u00fchbirnen<\/strong> 2x GU10<\/p>\n<p><strong>Max. Leistung (W)<\/strong> 6.5<\/p>\n<p><strong>Breite (cm)<\/strong> 14<\/p>\n<p><strong>H\u00f6he (cm)<\/strong> 34<\/p><\/blockquote>\n","protected":false},"excerpt":{"rendered":"<p>Diese elegante H\u00e4ngeleuchte ist die ideale Lichtquelle f\u00fcr jede Art von Interieur. Durch ihre \u00e4sthetische Linienf\u00fchrung und den goldenen Touch erhellt sie Ihr Zuhause mit Raffinesse. Ihe Doppelkegelstruktur macht sie zur idealen Beleuchtung Ihrer K\u00fccheninsel oder ihres B\u00fcros. Merkmale &amp; Eigenschaften Marke Mullan Lighting Farben Schwarz und Gold Material Messing Gl\u00fchbirnen 2x GU10 Max. Leistung [&hellip;]<\/p>\n","protected":false},"featured_media":189818,"template":"","meta":{"_acf_changed":false,"om_disable_all_campaigns":false},"product_cat":[291],"product_tag":[896,554,1188,816],"bundled_by":[],"bundle_stock_status":"onbackorder","bundle_stock_quantity":null,"bundle_virtual":false,"bundle_layout":"","bundle_add_to_cart_form_location":"","bundle_editable_in_cart":false,"bundle_sold_individually_context":"","bundle_item_grouping":"","bundle_min_size":"","bundle_max_size":"","bundle_price":[],"bundled_items":[],"bundle_sell_ids":[],"acf":[],"yoast_head":"<!-- This site is optimized with the Yoast SEO Premium plugin v22.2 (Yoast SEO v22.8) - https:\/\/yoast.com\/wordpress\/plugins\/seo\/ -->\n<title>Mullan Lighting | H\u00e4ngeleuchte Cairo | Modernes Design | Ekkla<\/title>\n<meta name=\"description\" content=\"Diese Leuchte im modernen und eleganten Design aus dem Hause Mullan Lighting taucht Ihre Wohnr\u00e4ume in ein weiches und warmes Licht.\" \/>\n<meta name=\"robots\" content=\"index, follow, max-snippet:-1, max-image-preview:large, max-video-preview:-1\" \/>\n<link rel=\"canonical\" href=\"https:\/\/ekkla.ch\/de\/produit\/haengeleuchte-cairo-schwarz-mullan-lighting\/\" \/>\n<meta property=\"og:locale\" content=\"de_DE\" \/>\n<meta property=\"og:type\" content=\"article\" \/>\n<meta property=\"og:title\" content=\"H\u00e4ngeleuchte Cairo schwarz - Mullan Lighting\" \/>\n<meta property=\"og:description\" content=\"Diese Leuchte im modernen und eleganten Design aus dem Hause Mullan Lighting taucht Ihre Wohnr\u00e4ume in ein weiches und warmes Licht.\" \/>\n<meta property=\"og:url\" content=\"https:\/\/ekkla.ch\/de\/produit\/haengeleuchte-cairo-schwarz-mullan-lighting\/\" \/>\n<meta property=\"og:site_name\" content=\"Ekkla\" \/>\n<meta property=\"article:modified_time\" content=\"2023-01-20T09:49:11+00:00\" \/>\n<meta name=\"twitter:card\" content=\"summary_large_image\" \/>\n<meta name=\"twitter:label1\" content=\"Gesch\u00e4tzte Lesezeit\" \/>\n\t<meta name=\"twitter:data1\" content=\"1\u00a0Minute\" \/>\n<script type=\"application\/ld+json\" class=\"yoast-schema-graph\">{\"@context\":\"https:\/\/schema.org\",\"@graph\":[{\"@type\":\"WebPage\",\"@id\":\"https:\/\/ekkla.ch\/de\/produit\/haengeleuchte-cairo-schwarz-mullan-lighting\/\",\"url\":\"https:\/\/ekkla.ch\/de\/produit\/haengeleuchte-cairo-schwarz-mullan-lighting\/\",\"name\":\"Mullan Lighting | H\u00e4ngeleuchte Cairo | Modernes Design | Ekkla\",\"isPartOf\":{\"@id\":\"https:\/\/ekkla.ch\/#website\"},\"primaryImageOfPage\":{\"@id\":\"https:\/\/ekkla.ch\/de\/produit\/haengeleuchte-cairo-schwarz-mullan-lighting\/#primaryimage\"},\"image\":{\"@id\":\"https:\/\/ekkla.ch\/de\/produit\/haengeleuchte-cairo-schwarz-mullan-lighting\/#primaryimage\"},\"thumbnailUrl\":\"https:\/\/ekkla.ch\/wp-content\/uploads\/2019\/12\/ekkla-light-luminaires_0005_Suspension-Cairo-noire-Mullan-Lighting.jpg\",\"datePublished\":\"2019-12-18T08:43:12+00:00\",\"dateModified\":\"2023-01-20T09:49:11+00:00\",\"description\":\"Diese Leuchte im modernen und eleganten Design aus dem Hause Mullan Lighting taucht Ihre Wohnr\u00e4ume in ein weiches und warmes Licht.\",\"breadcrumb\":{\"@id\":\"https:\/\/ekkla.ch\/de\/produit\/haengeleuchte-cairo-schwarz-mullan-lighting\/#breadcrumb\"},\"inLanguage\":\"de\",\"potentialAction\":[{\"@type\":\"ReadAction\",\"target\":[\"https:\/\/ekkla.ch\/de\/produit\/haengeleuchte-cairo-schwarz-mullan-lighting\/\"]}]},{\"@type\":\"ImageObject\",\"inLanguage\":\"de\",\"@id\":\"https:\/\/ekkla.ch\/de\/produit\/haengeleuchte-cairo-schwarz-mullan-lighting\/#primaryimage\",\"url\":\"https:\/\/ekkla.ch\/wp-content\/uploads\/2019\/12\/ekkla-light-luminaires_0005_Suspension-Cairo-noire-Mullan-Lighting.jpg\",\"contentUrl\":\"https:\/\/ekkla.ch\/wp-content\/uploads\/2019\/12\/ekkla-light-luminaires_0005_Suspension-Cairo-noire-Mullan-Lighting.jpg\",\"width\":900,\"height\":900},{\"@type\":\"BreadcrumbList\",\"@id\":\"https:\/\/ekkla.ch\/de\/produit\/haengeleuchte-cairo-schwarz-mullan-lighting\/#breadcrumb\",\"itemListElement\":[{\"@type\":\"ListItem\",\"position\":1,\"name\":\"Home\",\"item\":\"https:\/\/ekkla.ch\/de\/\"},{\"@type\":\"ListItem\",\"position\":2,\"name\":\"Shop\",\"item\":\"https:\/\/ekkla.ch\/de\/shop\/\"},{\"@type\":\"ListItem\",\"position\":3,\"name\":\"H\u00e4ngeleuchte Cairo schwarz &#8211; Mullan Lighting\"}]},{\"@type\":\"WebSite\",\"@id\":\"https:\/\/ekkla.ch\/#website\",\"url\":\"https:\/\/ekkla.ch\/\",\"name\":\"Ekkla\",\"description\":\"Der Onlineshop f\u00fcr Beleuchtung\",\"publisher\":{\"@id\":\"https:\/\/ekkla.ch\/#organization\"},\"potentialAction\":[{\"@type\":\"SearchAction\",\"target\":{\"@type\":\"EntryPoint\",\"urlTemplate\":\"https:\/\/ekkla.ch\/?s={search_term_string}\"},\"query-input\":\"required name=search_term_string\"}],\"inLanguage\":\"de\"},{\"@type\":\"Organization\",\"@id\":\"https:\/\/ekkla.ch\/#organization\",\"name\":\"Ekkla\",\"url\":\"https:\/\/ekkla.ch\/\",\"logo\":{\"@type\":\"ImageObject\",\"inLanguage\":\"de\",\"@id\":\"https:\/\/ekkla.ch\/#\/schema\/logo\/image\/\",\"url\":\"http:\/\/ekkla.ch\/wp-content\/uploads\/2019\/07\/logo-1.svg\",\"contentUrl\":\"http:\/\/ekkla.ch\/wp-content\/uploads\/2019\/07\/logo-1.svg\",\"width\":1,\"height\":1,\"caption\":\"Ekkla\"},\"image\":{\"@id\":\"https:\/\/ekkla.ch\/#\/schema\/logo\/image\/\"},\"sameAs\":[\"https:\/\/www.instagram.com\/ekkla_light\/\"]}]}<\/script>\n<!-- \/ Yoast SEO Premium plugin. -->","yoast_head_json":{"title":"Mullan Lighting | H\u00e4ngeleuchte Cairo | Modernes Design | Ekkla","description":"Diese Leuchte im modernen und eleganten Design aus dem Hause Mullan Lighting taucht Ihre Wohnr\u00e4ume in ein weiches und warmes Licht.","robots":{"index":"index","follow":"follow","max-snippet":"max-snippet:-1","max-image-preview":"max-image-preview:large","max-video-preview":"max-video-preview:-1"},"canonical":"https:\/\/ekkla.ch\/de\/produit\/haengeleuchte-cairo-schwarz-mullan-lighting\/","og_locale":"de_DE","og_type":"article","og_title":"H\u00e4ngeleuchte Cairo schwarz - Mullan Lighting","og_description":"Diese Leuchte im modernen und eleganten Design aus dem Hause Mullan Lighting taucht Ihre Wohnr\u00e4ume in ein weiches und warmes Licht.","og_url":"https:\/\/ekkla.ch\/de\/produit\/haengeleuchte-cairo-schwarz-mullan-lighting\/","og_site_name":"Ekkla","article_modified_time":"2023-01-20T09:49:11+00:00","twitter_card":"summary_large_image","twitter_misc":{"Gesch\u00e4tzte Lesezeit":"1\u00a0Minute"},"schema":{"@context":"https:\/\/schema.org","@graph":[{"@type":"WebPage","@id":"https:\/\/ekkla.ch\/de\/produit\/haengeleuchte-cairo-schwarz-mullan-lighting\/","url":"https:\/\/ekkla.ch\/de\/produit\/haengeleuchte-cairo-schwarz-mullan-lighting\/","name":"Mullan Lighting | H\u00e4ngeleuchte Cairo | Modernes Design | Ekkla","isPartOf":{"@id":"https:\/\/ekkla.ch\/#website"},"primaryImageOfPage":{"@id":"https:\/\/ekkla.ch\/de\/produit\/haengeleuchte-cairo-schwarz-mullan-lighting\/#primaryimage"},"image":{"@id":"https:\/\/ekkla.ch\/de\/produit\/haengeleuchte-cairo-schwarz-mullan-lighting\/#primaryimage"},"thumbnailUrl":"https:\/\/ekkla.ch\/wp-content\/uploads\/2019\/12\/ekkla-light-luminaires_0005_Suspension-Cairo-noire-Mullan-Lighting.jpg","datePublished":"2019-12-18T08:43:12+00:00","dateModified":"2023-01-20T09:49:11+00:00","description":"Diese Leuchte im modernen und eleganten Design aus dem Hause Mullan Lighting taucht Ihre Wohnr\u00e4ume in ein weiches und warmes Licht.","breadcrumb":{"@id":"https:\/\/ekkla.ch\/de\/produit\/haengeleuchte-cairo-schwarz-mullan-lighting\/#breadcrumb"},"inLanguage":"de","potentialAction":[{"@type":"ReadAction","target":["https:\/\/ekkla.ch\/de\/produit\/haengeleuchte-cairo-schwarz-mullan-lighting\/"]}]},{"@type":"ImageObject","inLanguage":"de","@id":"https:\/\/ekkla.ch\/de\/produit\/haengeleuchte-cairo-schwarz-mullan-lighting\/#primaryimage","url":"https:\/\/ekkla.ch\/wp-content\/uploads\/2019\/12\/ekkla-light-luminaires_0005_Suspension-Cairo-noire-Mullan-Lighting.jpg","contentUrl":"https:\/\/ekkla.ch\/wp-content\/uploads\/2019\/12\/ekkla-light-luminaires_0005_Suspension-Cairo-noire-Mullan-Lighting.jpg","width":900,"height":900},{"@type":"BreadcrumbList","@id":"https:\/\/ekkla.ch\/de\/produit\/haengeleuchte-cairo-schwarz-mullan-lighting\/#breadcrumb","itemListElement":[{"@type":"ListItem","position":1,"name":"Home","item":"https:\/\/ekkla.ch\/de\/"},{"@type":"ListItem","position":2,"name":"Shop","item":"https:\/\/ekkla.ch\/de\/shop\/"},{"@type":"ListItem","position":3,"name":"H\u00e4ngeleuchte Cairo schwarz &#8211; Mullan Lighting"}]},{"@type":"WebSite","@id":"https:\/\/ekkla.ch\/#website","url":"https:\/\/ekkla.ch\/","name":"Ekkla","description":"Der Onlineshop f\u00fcr Beleuchtung","publisher":{"@id":"https:\/\/ekkla.ch\/#organization"},"potentialAction":[{"@type":"SearchAction","target":{"@type":"EntryPoint","urlTemplate":"https:\/\/ekkla.ch\/?s={search_term_string}"},"query-input":"required name=search_term_string"}],"inLanguage":"de"},{"@type":"Organization","@id":"https:\/\/ekkla.ch\/#organization","name":"Ekkla","url":"https:\/\/ekkla.ch\/","logo":{"@type":"ImageObject","inLanguage":"de","@id":"https:\/\/ekkla.ch\/#\/schema\/logo\/image\/","url":"http:\/\/ekkla.ch\/wp-content\/uploads\/2019\/07\/logo-1.svg","contentUrl":"http:\/\/ekkla.ch\/wp-content\/uploads\/2019\/07\/logo-1.svg","width":1,"height":1,"caption":"Ekkla"},"image":{"@id":"https:\/\/ekkla.ch\/#\/schema\/logo\/image\/"},"sameAs":["https:\/\/www.instagram.com\/ekkla_light\/"]}]}},"_links":{"self":[{"href":"https:\/\/ekkla.ch\/de\/wp-json\/wp\/v2\/product\/18527"}],"collection":[{"href":"https:\/\/ekkla.ch\/de\/wp-json\/wp\/v2\/product"}],"about":[{"href":"https:\/\/ekkla.ch\/de\/wp-json\/wp\/v2\/types\/product"}],"wp:featuredmedia":[{"embeddable":true,"href":"https:\/\/ekkla.ch\/de\/wp-json\/wp\/v2\/media\/189818"}],"wp:attachment":[{"href":"https:\/\/ekkla.ch\/de\/wp-json\/wp\/v2\/media?parent=18527"}],"wp:term":[{"taxonomy":"product_cat","embeddable":true,"href":"https:\/\/ekkla.ch\/de\/wp-json\/wp\/v2\/product_cat?post=18527"},{"taxonomy":"product_tag","embeddable":true,"href":"https:\/\/ekkla.ch\/de\/wp-json\/wp\/v2\/product_tag?post=18527"}],"curies":[{"name":"wp","href":"https:\/\/api.w.org\/{rel}","templated":true}]}}