{"id":185932,"date":"2023-11-22T14:09:07","date_gmt":"2023-11-22T13:09:07","guid":{"rendered":"https:\/\/ekkla.ch\/?post_type=product&#038;p=185932"},"modified":"2023-11-30T11:32:51","modified_gmt":"2023-11-30T10:32:51","slug":"wandleuchte-in-the-sun-gold-o19-dcweditions-copie","status":"publish","type":"product","link":"https:\/\/ekkla.ch\/de\/produit\/wandleuchte-in-the-sun-gold-o19-dcweditions-copie\/","title":{"rendered":"Tischleuchte In The Sun &#8211; Gold &#8211; \u00d813 &#8211; DCW\u00e9ditions"},"content":{"rendered":"<p>Die Tischleuchte In The Sun ist eine innovative kabellose L\u00f6sung, die mit einem wiederaufladbaren Akku betrieben wird. Ausgestattet mit einem 5-Wege-Schalter bietet sie die M\u00f6glichkeit, die Lichtintensit\u00e4t zu modulieren und so eine warme Atmosph\u00e4re zu schaffen, die den Tisch mit subtil festlichem Licht und zarten Schatten erhellt. Dieses raffinierte Design vereint Funktionalit\u00e4t und \u00c4sthetik und bietet ein vielseitiges und ungezwungenes Lichterlebnis.<\/p>\n<blockquote>\n<h2>Merkmale &amp; Eigenschaften<\/h2>\n<p><strong>Marke<\/strong> DCW\u00e9ditions<\/p>\n<p><strong>Farbe <\/strong>Gold<\/p>\n<p><strong>Materialien<\/strong>\u00a0Stahl, Glas, Messinggewebe, Edelstahlgewebe<\/p>\n<p style=\"text-align: left;\"><b>Lichtquelle <\/b>Integrierte LED<\/p>\n<p><strong>Lichtintensit\u00e4t (K)<\/strong> 2700<\/p>\n<p style=\"text-align: left;\"><strong>Max. Leistung (W) <\/strong>2,5<\/p>\n<p><strong>Durchmesser (cm)<\/strong> 13<\/p>\n<p><strong>H\u00f6he (cm)<\/strong> 12,7<\/p>\n<p><strong>Gewicht (kg)<\/strong> 0,8<\/p>\n<p><strong>Leuchtdauer max. Leistung (h)<\/strong> 7<\/p>\n<p><strong>Leuchtdauer min. Leistung (h)<\/strong> 19<\/p><\/blockquote>\n","protected":false},"excerpt":{"rendered":"<p>Die Tischleuchte In The Sun ist eine innovative kabellose L\u00f6sung, die mit einem wiederaufladbaren Akku betrieben wird. Ausgestattet mit einem 5-Wege-Schalter bietet sie die M\u00f6glichkeit, die Lichtintensit\u00e4t zu modulieren und so eine warme Atmosph\u00e4re zu schaffen, die den Tisch mit subtil festlichem Licht und zarten Schatten erhellt. Dieses raffinierte Design vereint Funktionalit\u00e4t und \u00c4sthetik und [&hellip;]<\/p>\n","protected":false},"featured_media":186398,"template":"","meta":{"_acf_changed":false,"om_disable_all_campaigns":false},"product_cat":[290],"product_tag":[1256,896,1188,1265,801],"bundled_by":[],"bundle_stock_status":"onbackorder","bundle_stock_quantity":null,"bundle_virtual":false,"bundle_layout":"","bundle_add_to_cart_form_location":"","bundle_editable_in_cart":false,"bundle_sold_individually_context":"","bundle_item_grouping":"","bundle_min_size":"","bundle_max_size":"","bundle_price":[],"bundled_items":[],"bundle_sell_ids":[],"acf":[],"yoast_head":"<!-- This site is optimized with the Yoast SEO Premium plugin v22.2 (Yoast SEO v22.8) - https:\/\/yoast.com\/wordpress\/plugins\/seo\/ -->\n<title>DCW\u00e9ditions | Tischleuchte In The Sun | Ekkla<\/title>\n<meta name=\"description\" content=\"Die Tischleuchte In The Sun bringt mit ihrer goldenen Farbe Fr\u00f6hlichkeit und ein festliches Licht. Sie mischt heitere Schatten mit strahlendem Licht.\" \/>\n<meta name=\"robots\" content=\"index, follow, max-snippet:-1, max-image-preview:large, max-video-preview:-1\" \/>\n<link rel=\"canonical\" href=\"https:\/\/ekkla.ch\/de\/produit\/wandleuchte-in-the-sun-gold-o19-dcweditions-copie\/\" \/>\n<meta property=\"og:locale\" content=\"de_DE\" \/>\n<meta property=\"og:type\" content=\"article\" \/>\n<meta property=\"og:title\" content=\"Tischleuchte In The Sun - Gold - \u00d813 - DCW\u00e9ditions\" \/>\n<meta property=\"og:description\" content=\"Die Tischleuchte In The Sun bringt mit ihrer goldenen Farbe Fr\u00f6hlichkeit und ein festliches Licht. Sie mischt heitere Schatten mit strahlendem Licht.\" \/>\n<meta property=\"og:url\" content=\"https:\/\/ekkla.ch\/de\/produit\/wandleuchte-in-the-sun-gold-o19-dcweditions-copie\/\" \/>\n<meta property=\"og:site_name\" content=\"Ekkla\" \/>\n<meta property=\"article:modified_time\" content=\"2023-11-30T10:32:51+00:00\" \/>\n<meta property=\"og:image\" content=\"https:\/\/ekkla.ch\/wp-content\/uploads\/2023\/11\/ekkla-light-dcweditions-lampe-de-table-in-the-sun-packshot.jpg\" \/>\n\t<meta property=\"og:image:width\" content=\"900\" \/>\n\t<meta property=\"og:image:height\" content=\"900\" \/>\n\t<meta property=\"og:image:type\" content=\"image\/jpeg\" \/>\n<meta name=\"twitter:card\" content=\"summary_large_image\" \/>\n<meta name=\"twitter:label1\" content=\"Gesch\u00e4tzte Lesezeit\" \/>\n\t<meta name=\"twitter:data1\" content=\"1\u00a0Minute\" \/>\n<script type=\"application\/ld+json\" class=\"yoast-schema-graph\">{\"@context\":\"https:\/\/schema.org\",\"@graph\":[{\"@type\":\"WebPage\",\"@id\":\"https:\/\/ekkla.ch\/de\/produit\/wandleuchte-in-the-sun-gold-o19-dcweditions-copie\/\",\"url\":\"https:\/\/ekkla.ch\/de\/produit\/wandleuchte-in-the-sun-gold-o19-dcweditions-copie\/\",\"name\":\"DCW\u00e9ditions | Tischleuchte In The Sun | Ekkla\",\"isPartOf\":{\"@id\":\"https:\/\/ekkla.ch\/#website\"},\"primaryImageOfPage\":{\"@id\":\"https:\/\/ekkla.ch\/de\/produit\/wandleuchte-in-the-sun-gold-o19-dcweditions-copie\/#primaryimage\"},\"image\":{\"@id\":\"https:\/\/ekkla.ch\/de\/produit\/wandleuchte-in-the-sun-gold-o19-dcweditions-copie\/#primaryimage\"},\"thumbnailUrl\":\"https:\/\/ekkla.ch\/wp-content\/uploads\/2023\/11\/ekkla-light-dcweditions-lampe-de-table-in-the-sun-packshot.jpg\",\"datePublished\":\"2023-11-22T13:09:07+00:00\",\"dateModified\":\"2023-11-30T10:32:51+00:00\",\"description\":\"Die Tischleuchte In The Sun bringt mit ihrer goldenen Farbe Fr\u00f6hlichkeit und ein festliches Licht. Sie mischt heitere Schatten mit strahlendem Licht.\",\"breadcrumb\":{\"@id\":\"https:\/\/ekkla.ch\/de\/produit\/wandleuchte-in-the-sun-gold-o19-dcweditions-copie\/#breadcrumb\"},\"inLanguage\":\"de\",\"potentialAction\":[{\"@type\":\"ReadAction\",\"target\":[\"https:\/\/ekkla.ch\/de\/produit\/wandleuchte-in-the-sun-gold-o19-dcweditions-copie\/\"]}]},{\"@type\":\"ImageObject\",\"inLanguage\":\"de\",\"@id\":\"https:\/\/ekkla.ch\/de\/produit\/wandleuchte-in-the-sun-gold-o19-dcweditions-copie\/#primaryimage\",\"url\":\"https:\/\/ekkla.ch\/wp-content\/uploads\/2023\/11\/ekkla-light-dcweditions-lampe-de-table-in-the-sun-packshot.jpg\",\"contentUrl\":\"https:\/\/ekkla.ch\/wp-content\/uploads\/2023\/11\/ekkla-light-dcweditions-lampe-de-table-in-the-sun-packshot.jpg\",\"width\":900,\"height\":900},{\"@type\":\"BreadcrumbList\",\"@id\":\"https:\/\/ekkla.ch\/de\/produit\/wandleuchte-in-the-sun-gold-o19-dcweditions-copie\/#breadcrumb\",\"itemListElement\":[{\"@type\":\"ListItem\",\"position\":1,\"name\":\"Home\",\"item\":\"https:\/\/ekkla.ch\/de\/\"},{\"@type\":\"ListItem\",\"position\":2,\"name\":\"Shop\",\"item\":\"https:\/\/ekkla.ch\/de\/shop\/\"},{\"@type\":\"ListItem\",\"position\":3,\"name\":\"Tischleuchte In The Sun &#8211; Gold &#8211; \u00d813 &#8211; DCW\u00e9ditions\"}]},{\"@type\":\"WebSite\",\"@id\":\"https:\/\/ekkla.ch\/#website\",\"url\":\"https:\/\/ekkla.ch\/\",\"name\":\"Ekkla\",\"description\":\"Der Onlineshop f\u00fcr Beleuchtung\",\"publisher\":{\"@id\":\"https:\/\/ekkla.ch\/#organization\"},\"potentialAction\":[{\"@type\":\"SearchAction\",\"target\":{\"@type\":\"EntryPoint\",\"urlTemplate\":\"https:\/\/ekkla.ch\/?s={search_term_string}\"},\"query-input\":\"required name=search_term_string\"}],\"inLanguage\":\"de\"},{\"@type\":\"Organization\",\"@id\":\"https:\/\/ekkla.ch\/#organization\",\"name\":\"Ekkla\",\"url\":\"https:\/\/ekkla.ch\/\",\"logo\":{\"@type\":\"ImageObject\",\"inLanguage\":\"de\",\"@id\":\"https:\/\/ekkla.ch\/#\/schema\/logo\/image\/\",\"url\":\"http:\/\/ekkla.ch\/wp-content\/uploads\/2019\/07\/logo-1.svg\",\"contentUrl\":\"http:\/\/ekkla.ch\/wp-content\/uploads\/2019\/07\/logo-1.svg\",\"width\":1,\"height\":1,\"caption\":\"Ekkla\"},\"image\":{\"@id\":\"https:\/\/ekkla.ch\/#\/schema\/logo\/image\/\"},\"sameAs\":[\"https:\/\/www.instagram.com\/ekkla_light\/\"]}]}<\/script>\n<!-- \/ Yoast SEO Premium plugin. -->","yoast_head_json":{"title":"DCW\u00e9ditions | Tischleuchte In The Sun | Ekkla","description":"Die Tischleuchte In The Sun bringt mit ihrer goldenen Farbe Fr\u00f6hlichkeit und ein festliches Licht. Sie mischt heitere Schatten mit strahlendem Licht.","robots":{"index":"index","follow":"follow","max-snippet":"max-snippet:-1","max-image-preview":"max-image-preview:large","max-video-preview":"max-video-preview:-1"},"canonical":"https:\/\/ekkla.ch\/de\/produit\/wandleuchte-in-the-sun-gold-o19-dcweditions-copie\/","og_locale":"de_DE","og_type":"article","og_title":"Tischleuchte In The Sun - Gold - \u00d813 - DCW\u00e9ditions","og_description":"Die Tischleuchte In The Sun bringt mit ihrer goldenen Farbe Fr\u00f6hlichkeit und ein festliches Licht. Sie mischt heitere Schatten mit strahlendem Licht.","og_url":"https:\/\/ekkla.ch\/de\/produit\/wandleuchte-in-the-sun-gold-o19-dcweditions-copie\/","og_site_name":"Ekkla","article_modified_time":"2023-11-30T10:32:51+00:00","og_image":[{"width":900,"height":900,"url":"https:\/\/ekkla.ch\/wp-content\/uploads\/2023\/11\/ekkla-light-dcweditions-lampe-de-table-in-the-sun-packshot.jpg","type":"image\/jpeg"}],"twitter_card":"summary_large_image","twitter_misc":{"Gesch\u00e4tzte Lesezeit":"1\u00a0Minute"},"schema":{"@context":"https:\/\/schema.org","@graph":[{"@type":"WebPage","@id":"https:\/\/ekkla.ch\/de\/produit\/wandleuchte-in-the-sun-gold-o19-dcweditions-copie\/","url":"https:\/\/ekkla.ch\/de\/produit\/wandleuchte-in-the-sun-gold-o19-dcweditions-copie\/","name":"DCW\u00e9ditions | Tischleuchte In The Sun | Ekkla","isPartOf":{"@id":"https:\/\/ekkla.ch\/#website"},"primaryImageOfPage":{"@id":"https:\/\/ekkla.ch\/de\/produit\/wandleuchte-in-the-sun-gold-o19-dcweditions-copie\/#primaryimage"},"image":{"@id":"https:\/\/ekkla.ch\/de\/produit\/wandleuchte-in-the-sun-gold-o19-dcweditions-copie\/#primaryimage"},"thumbnailUrl":"https:\/\/ekkla.ch\/wp-content\/uploads\/2023\/11\/ekkla-light-dcweditions-lampe-de-table-in-the-sun-packshot.jpg","datePublished":"2023-11-22T13:09:07+00:00","dateModified":"2023-11-30T10:32:51+00:00","description":"Die Tischleuchte In The Sun bringt mit ihrer goldenen Farbe Fr\u00f6hlichkeit und ein festliches Licht. Sie mischt heitere Schatten mit strahlendem Licht.","breadcrumb":{"@id":"https:\/\/ekkla.ch\/de\/produit\/wandleuchte-in-the-sun-gold-o19-dcweditions-copie\/#breadcrumb"},"inLanguage":"de","potentialAction":[{"@type":"ReadAction","target":["https:\/\/ekkla.ch\/de\/produit\/wandleuchte-in-the-sun-gold-o19-dcweditions-copie\/"]}]},{"@type":"ImageObject","inLanguage":"de","@id":"https:\/\/ekkla.ch\/de\/produit\/wandleuchte-in-the-sun-gold-o19-dcweditions-copie\/#primaryimage","url":"https:\/\/ekkla.ch\/wp-content\/uploads\/2023\/11\/ekkla-light-dcweditions-lampe-de-table-in-the-sun-packshot.jpg","contentUrl":"https:\/\/ekkla.ch\/wp-content\/uploads\/2023\/11\/ekkla-light-dcweditions-lampe-de-table-in-the-sun-packshot.jpg","width":900,"height":900},{"@type":"BreadcrumbList","@id":"https:\/\/ekkla.ch\/de\/produit\/wandleuchte-in-the-sun-gold-o19-dcweditions-copie\/#breadcrumb","itemListElement":[{"@type":"ListItem","position":1,"name":"Home","item":"https:\/\/ekkla.ch\/de\/"},{"@type":"ListItem","position":2,"name":"Shop","item":"https:\/\/ekkla.ch\/de\/shop\/"},{"@type":"ListItem","position":3,"name":"Tischleuchte In The Sun &#8211; Gold &#8211; \u00d813 &#8211; DCW\u00e9ditions"}]},{"@type":"WebSite","@id":"https:\/\/ekkla.ch\/#website","url":"https:\/\/ekkla.ch\/","name":"Ekkla","description":"Der Onlineshop f\u00fcr Beleuchtung","publisher":{"@id":"https:\/\/ekkla.ch\/#organization"},"potentialAction":[{"@type":"SearchAction","target":{"@type":"EntryPoint","urlTemplate":"https:\/\/ekkla.ch\/?s={search_term_string}"},"query-input":"required name=search_term_string"}],"inLanguage":"de"},{"@type":"Organization","@id":"https:\/\/ekkla.ch\/#organization","name":"Ekkla","url":"https:\/\/ekkla.ch\/","logo":{"@type":"ImageObject","inLanguage":"de","@id":"https:\/\/ekkla.ch\/#\/schema\/logo\/image\/","url":"http:\/\/ekkla.ch\/wp-content\/uploads\/2019\/07\/logo-1.svg","contentUrl":"http:\/\/ekkla.ch\/wp-content\/uploads\/2019\/07\/logo-1.svg","width":1,"height":1,"caption":"Ekkla"},"image":{"@id":"https:\/\/ekkla.ch\/#\/schema\/logo\/image\/"},"sameAs":["https:\/\/www.instagram.com\/ekkla_light\/"]}]}},"_links":{"self":[{"href":"https:\/\/ekkla.ch\/de\/wp-json\/wp\/v2\/product\/185932"}],"collection":[{"href":"https:\/\/ekkla.ch\/de\/wp-json\/wp\/v2\/product"}],"about":[{"href":"https:\/\/ekkla.ch\/de\/wp-json\/wp\/v2\/types\/product"}],"wp:featuredmedia":[{"embeddable":true,"href":"https:\/\/ekkla.ch\/de\/wp-json\/wp\/v2\/media\/186398"}],"wp:attachment":[{"href":"https:\/\/ekkla.ch\/de\/wp-json\/wp\/v2\/media?parent=185932"}],"wp:term":[{"taxonomy":"product_cat","embeddable":true,"href":"https:\/\/ekkla.ch\/de\/wp-json\/wp\/v2\/product_cat?post=185932"},{"taxonomy":"product_tag","embeddable":true,"href":"https:\/\/ekkla.ch\/de\/wp-json\/wp\/v2\/product_tag?post=185932"}],"curies":[{"name":"wp","href":"https:\/\/api.w.org\/{rel}","templated":true}]}}