{"id":186616,"date":"2023-12-07T10:08:32","date_gmt":"2023-12-07T09:08:33","guid":{"rendered":"https:\/\/ekkla.ch\/?post_type=product&#038;p=186616"},"modified":"2024-02-18T18:11:02","modified_gmt":"2024-02-18T17:11:02","slug":"deckenleuchte-bruxelles-durchsichtiges-glas-und-goldene-endungen-o28-cm-its-about-romi-copie","status":"publish","type":"product","link":"https:\/\/ekkla.ch\/de\/produit\/deckenleuchte-bruxelles-durchsichtiges-glas-und-goldene-endungen-o28-cm-its-about-romi-copie\/","title":{"rendered":"H\u00e4ngeleuchte Sapporo &#8211; Opalglas &#8211; Sandfarbenes Finish &#8211; \u00d824 cm &#8211; It&#8217;s About Romi"},"content":{"rendered":"<p>Die H\u00e4ngeleuchte Sapporo der Marke It&#8217;s about Romi verk\u00f6rpert minimalistische und zeitgen\u00f6ssische Eleganz in der Innenbeleuchtung. Die mit einer klaren \u00c4sthetik entworfene Lampe vereint Funktionalit\u00e4t und Stil und verleiht jedem Raum einen modernen Touch. Die H\u00e4ngeleuchte Sapporo unterstreicht die raffinierte Einfachheit ihres Designs. Ihre Kugel aus Opalglas verbreitet ein weiches, gleichm\u00e4ssiges Licht und schafft eine warme, einladende Atmosph\u00e4re im Raum. Ideal f\u00fcr ein Schlafzimmer, ein Wohnzimmer oder \u00fcber einem Esstisch, bringt die H\u00e4ngeleuchte Sapporo eine raffinierte \u00c4sthetik und eine ausgewogene Helligkeit in Ihren Wohnbereich. Gl\u00fchbirne nicht enthalten.<\/p>\n<blockquote>\n<h2>Merkmale &amp; Eigenschaften<\/h2>\n<p><strong>Marke<\/strong> It&#8217;s About Romi<\/p>\n<p><strong>Farben<\/strong> Weiss | Sand<\/p>\n<p><strong>Materialien<\/strong> Metall | Glas<\/p>\n<p><strong>Gl\u00fchbirne<\/strong> E14 (nicht enthalten)<\/p>\n<p><strong>Max. Leistung (W) <\/strong>25<\/p>\n<p><strong>Max. Breite (cm) <\/strong>24<\/p>\n<p><strong>Max. H\u00f6he (cm) <\/strong>27<\/p><\/blockquote>\n","protected":false},"excerpt":{"rendered":"<p>Die H\u00e4ngeleuchte Sapporo der Marke It&#8217;s about Romi verk\u00f6rpert minimalistische und zeitgen\u00f6ssische Eleganz in der Innenbeleuchtung. Die mit einer klaren \u00c4sthetik entworfene Lampe vereint Funktionalit\u00e4t und Stil und verleiht jedem Raum einen modernen Touch. Die H\u00e4ngeleuchte Sapporo unterstreicht die raffinierte Einfachheit ihres Designs. Ihre Kugel aus Opalglas verbreitet ein weiches, gleichm\u00e4ssiges Licht und schafft eine [&hellip;]<\/p>\n","protected":false},"featured_media":186621,"template":"","meta":{"_acf_changed":false,"om_disable_all_campaigns":false},"product_cat":[291],"product_tag":[898,554,1188,816,603,941],"bundled_by":[],"bundle_stock_status":"onbackorder","bundle_stock_quantity":null,"bundle_virtual":false,"bundle_layout":"","bundle_add_to_cart_form_location":"","bundle_editable_in_cart":false,"bundle_sold_individually_context":"","bundle_item_grouping":"","bundle_min_size":"","bundle_max_size":"","bundle_price":[],"bundled_items":[],"bundle_sell_ids":[],"acf":[],"yoast_head":"<!-- This site is optimized with the Yoast SEO Premium plugin v22.2 (Yoast SEO v22.8) - https:\/\/yoast.com\/wordpress\/plugins\/seo\/ -->\n<title>It&#039;s About Romi | H\u00e4ngeleuchte Sapporo | Opalglas &amp; Sand | Ekkla<\/title>\n<meta name=\"description\" content=\"Eine einfache und raffinierte H\u00e4ngeleuchte, die Ihnen eine filzige Helligkeit f\u00fcr eine warme und gem\u00fctliche Atmosph\u00e4re garantiert. Kostenlose Lieferung.\" \/>\n<meta name=\"robots\" content=\"index, follow, max-snippet:-1, max-image-preview:large, max-video-preview:-1\" \/>\n<link rel=\"canonical\" href=\"https:\/\/ekkla.ch\/de\/produit\/deckenleuchte-bruxelles-durchsichtiges-glas-und-goldene-endungen-o28-cm-its-about-romi-copie\/\" \/>\n<meta property=\"og:locale\" content=\"de_DE\" \/>\n<meta property=\"og:type\" content=\"article\" \/>\n<meta property=\"og:title\" content=\"H\u00e4ngeleuchte Sapporo - Opalglas - Sandfarbenes Finish - \u00d824 cm - It&#039;s About Romi\" \/>\n<meta property=\"og:description\" content=\"Eine einfache und raffinierte H\u00e4ngeleuchte, die Ihnen eine filzige Helligkeit f\u00fcr eine warme und gem\u00fctliche Atmosph\u00e4re garantiert. Kostenlose Lieferung.\" \/>\n<meta property=\"og:url\" content=\"https:\/\/ekkla.ch\/de\/produit\/deckenleuchte-bruxelles-durchsichtiges-glas-und-goldene-endungen-o28-cm-its-about-romi-copie\/\" \/>\n<meta property=\"og:site_name\" content=\"Ekkla\" \/>\n<meta property=\"article:modified_time\" content=\"2024-02-18T17:11:02+00:00\" \/>\n<meta property=\"og:image\" content=\"https:\/\/ekkla.ch\/wp-content\/uploads\/2023\/12\/ekkla-light-its-about-romi-sapporo-h24-suspension-white-packshot.jpg\" \/>\n\t<meta property=\"og:image:width\" content=\"900\" \/>\n\t<meta property=\"og:image:height\" content=\"900\" \/>\n\t<meta property=\"og:image:type\" content=\"image\/jpeg\" \/>\n<meta name=\"twitter:card\" content=\"summary_large_image\" \/>\n<meta name=\"twitter:label1\" content=\"Gesch\u00e4tzte Lesezeit\" \/>\n\t<meta name=\"twitter:data1\" content=\"2\u00a0Minuten\" \/>\n<script type=\"application\/ld+json\" class=\"yoast-schema-graph\">{\"@context\":\"https:\/\/schema.org\",\"@graph\":[{\"@type\":\"WebPage\",\"@id\":\"https:\/\/ekkla.ch\/de\/produit\/deckenleuchte-bruxelles-durchsichtiges-glas-und-goldene-endungen-o28-cm-its-about-romi-copie\/\",\"url\":\"https:\/\/ekkla.ch\/de\/produit\/deckenleuchte-bruxelles-durchsichtiges-glas-und-goldene-endungen-o28-cm-its-about-romi-copie\/\",\"name\":\"It's About Romi | H\u00e4ngeleuchte Sapporo | Opalglas & Sand | Ekkla\",\"isPartOf\":{\"@id\":\"https:\/\/ekkla.ch\/#website\"},\"primaryImageOfPage\":{\"@id\":\"https:\/\/ekkla.ch\/de\/produit\/deckenleuchte-bruxelles-durchsichtiges-glas-und-goldene-endungen-o28-cm-its-about-romi-copie\/#primaryimage\"},\"image\":{\"@id\":\"https:\/\/ekkla.ch\/de\/produit\/deckenleuchte-bruxelles-durchsichtiges-glas-und-goldene-endungen-o28-cm-its-about-romi-copie\/#primaryimage\"},\"thumbnailUrl\":\"https:\/\/ekkla.ch\/wp-content\/uploads\/2023\/12\/ekkla-light-its-about-romi-sapporo-h24-suspension-white-packshot.jpg\",\"datePublished\":\"2023-12-07T09:08:33+00:00\",\"dateModified\":\"2024-02-18T17:11:02+00:00\",\"description\":\"Eine einfache und raffinierte H\u00e4ngeleuchte, die Ihnen eine filzige Helligkeit f\u00fcr eine warme und gem\u00fctliche Atmosph\u00e4re garantiert. Kostenlose Lieferung.\",\"breadcrumb\":{\"@id\":\"https:\/\/ekkla.ch\/de\/produit\/deckenleuchte-bruxelles-durchsichtiges-glas-und-goldene-endungen-o28-cm-its-about-romi-copie\/#breadcrumb\"},\"inLanguage\":\"de\",\"potentialAction\":[{\"@type\":\"ReadAction\",\"target\":[\"https:\/\/ekkla.ch\/de\/produit\/deckenleuchte-bruxelles-durchsichtiges-glas-und-goldene-endungen-o28-cm-its-about-romi-copie\/\"]}]},{\"@type\":\"ImageObject\",\"inLanguage\":\"de\",\"@id\":\"https:\/\/ekkla.ch\/de\/produit\/deckenleuchte-bruxelles-durchsichtiges-glas-und-goldene-endungen-o28-cm-its-about-romi-copie\/#primaryimage\",\"url\":\"https:\/\/ekkla.ch\/wp-content\/uploads\/2023\/12\/ekkla-light-its-about-romi-sapporo-h24-suspension-white-packshot.jpg\",\"contentUrl\":\"https:\/\/ekkla.ch\/wp-content\/uploads\/2023\/12\/ekkla-light-its-about-romi-sapporo-h24-suspension-white-packshot.jpg\",\"width\":900,\"height\":900},{\"@type\":\"BreadcrumbList\",\"@id\":\"https:\/\/ekkla.ch\/de\/produit\/deckenleuchte-bruxelles-durchsichtiges-glas-und-goldene-endungen-o28-cm-its-about-romi-copie\/#breadcrumb\",\"itemListElement\":[{\"@type\":\"ListItem\",\"position\":1,\"name\":\"Home\",\"item\":\"https:\/\/ekkla.ch\/de\/\"},{\"@type\":\"ListItem\",\"position\":2,\"name\":\"Shop\",\"item\":\"https:\/\/ekkla.ch\/de\/shop\/\"},{\"@type\":\"ListItem\",\"position\":3,\"name\":\"H\u00e4ngeleuchte Sapporo &#8211; Opalglas &#8211; Sandfarbenes Finish &#8211; \u00d824 cm &#8211; It&#8217;s About Romi\"}]},{\"@type\":\"WebSite\",\"@id\":\"https:\/\/ekkla.ch\/#website\",\"url\":\"https:\/\/ekkla.ch\/\",\"name\":\"Ekkla\",\"description\":\"Der Onlineshop f\u00fcr Beleuchtung\",\"publisher\":{\"@id\":\"https:\/\/ekkla.ch\/#organization\"},\"potentialAction\":[{\"@type\":\"SearchAction\",\"target\":{\"@type\":\"EntryPoint\",\"urlTemplate\":\"https:\/\/ekkla.ch\/?s={search_term_string}\"},\"query-input\":\"required name=search_term_string\"}],\"inLanguage\":\"de\"},{\"@type\":\"Organization\",\"@id\":\"https:\/\/ekkla.ch\/#organization\",\"name\":\"Ekkla\",\"url\":\"https:\/\/ekkla.ch\/\",\"logo\":{\"@type\":\"ImageObject\",\"inLanguage\":\"de\",\"@id\":\"https:\/\/ekkla.ch\/#\/schema\/logo\/image\/\",\"url\":\"http:\/\/ekkla.ch\/wp-content\/uploads\/2019\/07\/logo-1.svg\",\"contentUrl\":\"http:\/\/ekkla.ch\/wp-content\/uploads\/2019\/07\/logo-1.svg\",\"width\":1,\"height\":1,\"caption\":\"Ekkla\"},\"image\":{\"@id\":\"https:\/\/ekkla.ch\/#\/schema\/logo\/image\/\"},\"sameAs\":[\"https:\/\/www.instagram.com\/ekkla_light\/\"]}]}<\/script>\n<!-- \/ Yoast SEO Premium plugin. -->","yoast_head_json":{"title":"It's About Romi | H\u00e4ngeleuchte Sapporo | Opalglas & Sand | Ekkla","description":"Eine einfache und raffinierte H\u00e4ngeleuchte, die Ihnen eine filzige Helligkeit f\u00fcr eine warme und gem\u00fctliche Atmosph\u00e4re garantiert. Kostenlose Lieferung.","robots":{"index":"index","follow":"follow","max-snippet":"max-snippet:-1","max-image-preview":"max-image-preview:large","max-video-preview":"max-video-preview:-1"},"canonical":"https:\/\/ekkla.ch\/de\/produit\/deckenleuchte-bruxelles-durchsichtiges-glas-und-goldene-endungen-o28-cm-its-about-romi-copie\/","og_locale":"de_DE","og_type":"article","og_title":"H\u00e4ngeleuchte Sapporo - Opalglas - Sandfarbenes Finish - \u00d824 cm - It's About Romi","og_description":"Eine einfache und raffinierte H\u00e4ngeleuchte, die Ihnen eine filzige Helligkeit f\u00fcr eine warme und gem\u00fctliche Atmosph\u00e4re garantiert. Kostenlose Lieferung.","og_url":"https:\/\/ekkla.ch\/de\/produit\/deckenleuchte-bruxelles-durchsichtiges-glas-und-goldene-endungen-o28-cm-its-about-romi-copie\/","og_site_name":"Ekkla","article_modified_time":"2024-02-18T17:11:02+00:00","og_image":[{"width":900,"height":900,"url":"https:\/\/ekkla.ch\/wp-content\/uploads\/2023\/12\/ekkla-light-its-about-romi-sapporo-h24-suspension-white-packshot.jpg","type":"image\/jpeg"}],"twitter_card":"summary_large_image","twitter_misc":{"Gesch\u00e4tzte Lesezeit":"2\u00a0Minuten"},"schema":{"@context":"https:\/\/schema.org","@graph":[{"@type":"WebPage","@id":"https:\/\/ekkla.ch\/de\/produit\/deckenleuchte-bruxelles-durchsichtiges-glas-und-goldene-endungen-o28-cm-its-about-romi-copie\/","url":"https:\/\/ekkla.ch\/de\/produit\/deckenleuchte-bruxelles-durchsichtiges-glas-und-goldene-endungen-o28-cm-its-about-romi-copie\/","name":"It's About Romi | H\u00e4ngeleuchte Sapporo | Opalglas & Sand | Ekkla","isPartOf":{"@id":"https:\/\/ekkla.ch\/#website"},"primaryImageOfPage":{"@id":"https:\/\/ekkla.ch\/de\/produit\/deckenleuchte-bruxelles-durchsichtiges-glas-und-goldene-endungen-o28-cm-its-about-romi-copie\/#primaryimage"},"image":{"@id":"https:\/\/ekkla.ch\/de\/produit\/deckenleuchte-bruxelles-durchsichtiges-glas-und-goldene-endungen-o28-cm-its-about-romi-copie\/#primaryimage"},"thumbnailUrl":"https:\/\/ekkla.ch\/wp-content\/uploads\/2023\/12\/ekkla-light-its-about-romi-sapporo-h24-suspension-white-packshot.jpg","datePublished":"2023-12-07T09:08:33+00:00","dateModified":"2024-02-18T17:11:02+00:00","description":"Eine einfache und raffinierte H\u00e4ngeleuchte, die Ihnen eine filzige Helligkeit f\u00fcr eine warme und gem\u00fctliche Atmosph\u00e4re garantiert. Kostenlose Lieferung.","breadcrumb":{"@id":"https:\/\/ekkla.ch\/de\/produit\/deckenleuchte-bruxelles-durchsichtiges-glas-und-goldene-endungen-o28-cm-its-about-romi-copie\/#breadcrumb"},"inLanguage":"de","potentialAction":[{"@type":"ReadAction","target":["https:\/\/ekkla.ch\/de\/produit\/deckenleuchte-bruxelles-durchsichtiges-glas-und-goldene-endungen-o28-cm-its-about-romi-copie\/"]}]},{"@type":"ImageObject","inLanguage":"de","@id":"https:\/\/ekkla.ch\/de\/produit\/deckenleuchte-bruxelles-durchsichtiges-glas-und-goldene-endungen-o28-cm-its-about-romi-copie\/#primaryimage","url":"https:\/\/ekkla.ch\/wp-content\/uploads\/2023\/12\/ekkla-light-its-about-romi-sapporo-h24-suspension-white-packshot.jpg","contentUrl":"https:\/\/ekkla.ch\/wp-content\/uploads\/2023\/12\/ekkla-light-its-about-romi-sapporo-h24-suspension-white-packshot.jpg","width":900,"height":900},{"@type":"BreadcrumbList","@id":"https:\/\/ekkla.ch\/de\/produit\/deckenleuchte-bruxelles-durchsichtiges-glas-und-goldene-endungen-o28-cm-its-about-romi-copie\/#breadcrumb","itemListElement":[{"@type":"ListItem","position":1,"name":"Home","item":"https:\/\/ekkla.ch\/de\/"},{"@type":"ListItem","position":2,"name":"Shop","item":"https:\/\/ekkla.ch\/de\/shop\/"},{"@type":"ListItem","position":3,"name":"H\u00e4ngeleuchte Sapporo &#8211; Opalglas &#8211; Sandfarbenes Finish &#8211; \u00d824 cm &#8211; It&#8217;s About Romi"}]},{"@type":"WebSite","@id":"https:\/\/ekkla.ch\/#website","url":"https:\/\/ekkla.ch\/","name":"Ekkla","description":"Der Onlineshop f\u00fcr Beleuchtung","publisher":{"@id":"https:\/\/ekkla.ch\/#organization"},"potentialAction":[{"@type":"SearchAction","target":{"@type":"EntryPoint","urlTemplate":"https:\/\/ekkla.ch\/?s={search_term_string}"},"query-input":"required name=search_term_string"}],"inLanguage":"de"},{"@type":"Organization","@id":"https:\/\/ekkla.ch\/#organization","name":"Ekkla","url":"https:\/\/ekkla.ch\/","logo":{"@type":"ImageObject","inLanguage":"de","@id":"https:\/\/ekkla.ch\/#\/schema\/logo\/image\/","url":"http:\/\/ekkla.ch\/wp-content\/uploads\/2019\/07\/logo-1.svg","contentUrl":"http:\/\/ekkla.ch\/wp-content\/uploads\/2019\/07\/logo-1.svg","width":1,"height":1,"caption":"Ekkla"},"image":{"@id":"https:\/\/ekkla.ch\/#\/schema\/logo\/image\/"},"sameAs":["https:\/\/www.instagram.com\/ekkla_light\/"]}]}},"_links":{"self":[{"href":"https:\/\/ekkla.ch\/de\/wp-json\/wp\/v2\/product\/186616"}],"collection":[{"href":"https:\/\/ekkla.ch\/de\/wp-json\/wp\/v2\/product"}],"about":[{"href":"https:\/\/ekkla.ch\/de\/wp-json\/wp\/v2\/types\/product"}],"wp:featuredmedia":[{"embeddable":true,"href":"https:\/\/ekkla.ch\/de\/wp-json\/wp\/v2\/media\/186621"}],"wp:attachment":[{"href":"https:\/\/ekkla.ch\/de\/wp-json\/wp\/v2\/media?parent=186616"}],"wp:term":[{"taxonomy":"product_cat","embeddable":true,"href":"https:\/\/ekkla.ch\/de\/wp-json\/wp\/v2\/product_cat?post=186616"},{"taxonomy":"product_tag","embeddable":true,"href":"https:\/\/ekkla.ch\/de\/wp-json\/wp\/v2\/product_tag?post=186616"}],"curies":[{"name":"wp","href":"https:\/\/api.w.org\/{rel}","templated":true}]}}