{"id":187681,"date":"2024-01-12T16:58:16","date_gmt":"2024-01-12T15:58:16","guid":{"rendered":"https:\/\/ekkla.ch\/produit\/haengeleuchte-brush-large-o60cm-schwarz-petite-friture\/"},"modified":"2024-01-19T17:52:34","modified_gmt":"2024-01-19T16:52:34","slug":"haengeleuchte-brush-large-o60cm-schwarz-petite-friture","status":"publish","type":"product","link":"https:\/\/ekkla.ch\/de\/produit\/haengeleuchte-brush-large-o60cm-schwarz-petite-friture\/","title":{"rendered":"H\u00e4ngeleuchte Brush Large &#8211; \u00d860cm &#8211; Schwarz &#8211; Petite Friture"},"content":{"rendered":"<p>Die von Pierre Charri\u00e9 entworfene H\u00e4ngeleuchte Brush Small zeichnet sich durch die Integration zeitloser Strukturen aus, die durch leuchtende Farbt\u00f6ne und eine un\u00fcbertroffene Lackierung sublimiert werden und so eine perfekte Verbindung zwischen Modernit\u00e4t und Eleganz schaffen. Die Brush-Kollektion ist ein Synonym f\u00fcr kreative Energie. Ihre kuppelf\u00f6rmigen Elemente, die alle pr\u00e4zise aus gepresstem Aluminium gefertigt sind, schaffen eine fesselnde \u00c4sthetik, die Ihrem Raum einen unerwarteten Touch verleiht. Das von der H\u00e4ngeleuchte Brush Small ausgehende Licht wird minuti\u00f6s gestreut, schafft eine warme Atmosph\u00e4re und hebt die auff\u00e4lligen Details der Struktur hervor. Eine durchdachte Innenbeleuchtung, die jeder Ecke des Raumes einen Hauch von Eleganz verleiht.<\/p>\n<p>Diese H\u00e4ngeleuchte ist in 2 Gr\u00f6ssen (Small und Large) und 3 Farben (Violett, Hellblau und Schwarz) erh\u00e4ltlich.<\/p>\n<p>Verleihen Sie Ihren R\u00e4umen einen Hauch von Raffinesse und Modernit\u00e4t mit dieser H\u00e4ngeleuchte in zeitlosem Design.<\/p>\n<p>Petite Friture ist eine 2009 gegr\u00fcndete franz\u00f6sische Marke, die einzigartige und engagierte Kollektionen anbietet. Jedes Projekt ist das Ergebnis eines Treffens zwischen Verleger, Designer und Hersteller mit dem gemeinsamen Ziel, nachhaltige Emotionen zu wecken. Die Marke ist der Nachhaltigkeit, der Transparenz, dem Respekt und dem Dialog verpflichtet und ihre Philosophie lautet: &#8222;Aus dem Sch\u00f6nen das Gute entstehen lassen&#8220;.<\/p>\n<blockquote>\n<h2>Merkmale &amp; Eigenschaften<\/h2>\n<p><strong>Marke<\/strong> Petite Friture<\/p>\n<p><strong>Designer<\/strong>\u00a0Pierre Charri\u00e9<\/p>\n<p><strong>Farbe<\/strong> Schwarz (irisiert)<\/p>\n<p><strong>Material<\/strong> Aluminium<\/p>\n<p><b>Gl\u00fchbirne<\/b> E27 (LED, 2700K, 1500 bis 3000lm) &#8211; nicht enthalten<\/p>\n<p><strong>Durchmesser (cm) <\/strong>60<\/p>\n<p><strong>H\u00f6he (cm)<\/strong> 25<\/p>\n<p><strong>Kabell\u00e4nge (cm)<\/strong> 320<\/p>\n<p><strong>Gewicht (kg)<\/strong>\u00a04,9<\/p><\/blockquote>\n","protected":false},"excerpt":{"rendered":"<p>Die von Pierre Charri\u00e9 entworfene H\u00e4ngeleuchte Brush Small zeichnet sich durch die Integration zeitloser Strukturen aus, die durch leuchtende Farbt\u00f6ne und eine un\u00fcbertroffene Lackierung sublimiert werden und so eine perfekte Verbindung zwischen Modernit\u00e4t und Eleganz schaffen. Die Brush-Kollektion ist ein Synonym f\u00fcr kreative Energie. Ihre kuppelf\u00f6rmigen Elemente, die alle pr\u00e4zise aus gepresstem Aluminium gefertigt sind, [&hellip;]<\/p>\n","protected":false},"featured_media":187609,"template":"","meta":{"_acf_changed":false,"om_disable_all_campaigns":false},"product_cat":[291],"product_tag":[1254,1265,801,934],"bundled_by":[],"bundle_stock_status":"onbackorder","bundle_stock_quantity":null,"bundle_virtual":false,"bundle_layout":"","bundle_add_to_cart_form_location":"","bundle_editable_in_cart":false,"bundle_sold_individually_context":"","bundle_item_grouping":"","bundle_min_size":"","bundle_max_size":"","bundle_price":[],"bundled_items":[],"bundle_sell_ids":[],"acf":[],"yoast_head":"<!-- This site is optimized with the Yoast SEO Premium plugin v22.2 (Yoast SEO v22.8) - https:\/\/yoast.com\/wordpress\/plugins\/seo\/ -->\n<title>H\u00e4ngeleuchte Brush | Large | Schwarz | Petite Friture | Ekkla<\/title>\n<meta name=\"description\" content=\"Die H\u00e4ngeleuchte Brush Small ist eine einzigartige Kombination aus zeitlosen Formen &amp; intensiven Farben, die Ihrem Raum einen unnachahmlichen Stil verleiht.\" \/>\n<meta name=\"robots\" content=\"index, follow, max-snippet:-1, max-image-preview:large, max-video-preview:-1\" \/>\n<link rel=\"canonical\" href=\"https:\/\/ekkla.ch\/de\/produit\/haengeleuchte-brush-large-o60cm-schwarz-petite-friture\/\" \/>\n<meta property=\"og:locale\" content=\"de_DE\" \/>\n<meta property=\"og:type\" content=\"article\" \/>\n<meta property=\"og:title\" content=\"H\u00e4ngeleuchte Brush Large - \u00d860cm - Schwarz - Petite Friture\" \/>\n<meta property=\"og:description\" content=\"Die H\u00e4ngeleuchte Brush Small ist eine einzigartige Kombination aus zeitlosen Formen &amp; intensiven Farben, die Ihrem Raum einen unnachahmlichen Stil verleiht.\" \/>\n<meta property=\"og:url\" content=\"https:\/\/ekkla.ch\/de\/produit\/haengeleuchte-brush-large-o60cm-schwarz-petite-friture\/\" \/>\n<meta property=\"og:site_name\" content=\"Ekkla\" \/>\n<meta property=\"article:modified_time\" content=\"2024-01-19T16:52:34+00:00\" \/>\n<meta property=\"og:image\" content=\"https:\/\/ekkla.ch\/wp-content\/uploads\/2024\/01\/ekkla-light-petite-friture-suspension-brush-large-noir-irise.jpg\" \/>\n\t<meta property=\"og:image:width\" content=\"900\" \/>\n\t<meta property=\"og:image:height\" content=\"900\" \/>\n\t<meta property=\"og:image:type\" content=\"image\/jpeg\" \/>\n<meta name=\"twitter:card\" content=\"summary_large_image\" \/>\n<meta name=\"twitter:label1\" content=\"Gesch\u00e4tzte Lesezeit\" \/>\n\t<meta name=\"twitter:data1\" content=\"2\u00a0Minuten\" \/>\n<script type=\"application\/ld+json\" class=\"yoast-schema-graph\">{\"@context\":\"https:\/\/schema.org\",\"@graph\":[{\"@type\":\"WebPage\",\"@id\":\"https:\/\/ekkla.ch\/de\/produit\/haengeleuchte-brush-large-o60cm-schwarz-petite-friture\/\",\"url\":\"https:\/\/ekkla.ch\/de\/produit\/haengeleuchte-brush-large-o60cm-schwarz-petite-friture\/\",\"name\":\"H\u00e4ngeleuchte Brush | Large | Schwarz | Petite Friture | Ekkla\",\"isPartOf\":{\"@id\":\"https:\/\/ekkla.ch\/#website\"},\"primaryImageOfPage\":{\"@id\":\"https:\/\/ekkla.ch\/de\/produit\/haengeleuchte-brush-large-o60cm-schwarz-petite-friture\/#primaryimage\"},\"image\":{\"@id\":\"https:\/\/ekkla.ch\/de\/produit\/haengeleuchte-brush-large-o60cm-schwarz-petite-friture\/#primaryimage\"},\"thumbnailUrl\":\"https:\/\/ekkla.ch\/wp-content\/uploads\/2024\/01\/ekkla-light-petite-friture-suspension-brush-large-noir-irise.jpg\",\"datePublished\":\"2024-01-12T15:58:16+00:00\",\"dateModified\":\"2024-01-19T16:52:34+00:00\",\"description\":\"Die H\u00e4ngeleuchte Brush Small ist eine einzigartige Kombination aus zeitlosen Formen & intensiven Farben, die Ihrem Raum einen unnachahmlichen Stil verleiht.\",\"breadcrumb\":{\"@id\":\"https:\/\/ekkla.ch\/de\/produit\/haengeleuchte-brush-large-o60cm-schwarz-petite-friture\/#breadcrumb\"},\"inLanguage\":\"de\",\"potentialAction\":[{\"@type\":\"ReadAction\",\"target\":[\"https:\/\/ekkla.ch\/de\/produit\/haengeleuchte-brush-large-o60cm-schwarz-petite-friture\/\"]}]},{\"@type\":\"ImageObject\",\"inLanguage\":\"de\",\"@id\":\"https:\/\/ekkla.ch\/de\/produit\/haengeleuchte-brush-large-o60cm-schwarz-petite-friture\/#primaryimage\",\"url\":\"https:\/\/ekkla.ch\/wp-content\/uploads\/2024\/01\/ekkla-light-petite-friture-suspension-brush-large-noir-irise.jpg\",\"contentUrl\":\"https:\/\/ekkla.ch\/wp-content\/uploads\/2024\/01\/ekkla-light-petite-friture-suspension-brush-large-noir-irise.jpg\",\"width\":900,\"height\":900},{\"@type\":\"BreadcrumbList\",\"@id\":\"https:\/\/ekkla.ch\/de\/produit\/haengeleuchte-brush-large-o60cm-schwarz-petite-friture\/#breadcrumb\",\"itemListElement\":[{\"@type\":\"ListItem\",\"position\":1,\"name\":\"Home\",\"item\":\"https:\/\/ekkla.ch\/de\/\"},{\"@type\":\"ListItem\",\"position\":2,\"name\":\"Shop\",\"item\":\"https:\/\/ekkla.ch\/de\/shop\/\"},{\"@type\":\"ListItem\",\"position\":3,\"name\":\"H\u00e4ngeleuchte Brush Large &#8211; \u00d860cm &#8211; Schwarz &#8211; Petite Friture\"}]},{\"@type\":\"WebSite\",\"@id\":\"https:\/\/ekkla.ch\/#website\",\"url\":\"https:\/\/ekkla.ch\/\",\"name\":\"Ekkla\",\"description\":\"Der Onlineshop f\u00fcr Beleuchtung\",\"publisher\":{\"@id\":\"https:\/\/ekkla.ch\/#organization\"},\"potentialAction\":[{\"@type\":\"SearchAction\",\"target\":{\"@type\":\"EntryPoint\",\"urlTemplate\":\"https:\/\/ekkla.ch\/?s={search_term_string}\"},\"query-input\":\"required name=search_term_string\"}],\"inLanguage\":\"de\"},{\"@type\":\"Organization\",\"@id\":\"https:\/\/ekkla.ch\/#organization\",\"name\":\"Ekkla\",\"url\":\"https:\/\/ekkla.ch\/\",\"logo\":{\"@type\":\"ImageObject\",\"inLanguage\":\"de\",\"@id\":\"https:\/\/ekkla.ch\/#\/schema\/logo\/image\/\",\"url\":\"http:\/\/ekkla.ch\/wp-content\/uploads\/2019\/07\/logo-1.svg\",\"contentUrl\":\"http:\/\/ekkla.ch\/wp-content\/uploads\/2019\/07\/logo-1.svg\",\"width\":1,\"height\":1,\"caption\":\"Ekkla\"},\"image\":{\"@id\":\"https:\/\/ekkla.ch\/#\/schema\/logo\/image\/\"},\"sameAs\":[\"https:\/\/www.instagram.com\/ekkla_light\/\"]}]}<\/script>\n<!-- \/ Yoast SEO Premium plugin. -->","yoast_head_json":{"title":"H\u00e4ngeleuchte Brush | Large | Schwarz | Petite Friture | Ekkla","description":"Die H\u00e4ngeleuchte Brush Small ist eine einzigartige Kombination aus zeitlosen Formen & intensiven Farben, die Ihrem Raum einen unnachahmlichen Stil verleiht.","robots":{"index":"index","follow":"follow","max-snippet":"max-snippet:-1","max-image-preview":"max-image-preview:large","max-video-preview":"max-video-preview:-1"},"canonical":"https:\/\/ekkla.ch\/de\/produit\/haengeleuchte-brush-large-o60cm-schwarz-petite-friture\/","og_locale":"de_DE","og_type":"article","og_title":"H\u00e4ngeleuchte Brush Large - \u00d860cm - Schwarz - Petite Friture","og_description":"Die H\u00e4ngeleuchte Brush Small ist eine einzigartige Kombination aus zeitlosen Formen & intensiven Farben, die Ihrem Raum einen unnachahmlichen Stil verleiht.","og_url":"https:\/\/ekkla.ch\/de\/produit\/haengeleuchte-brush-large-o60cm-schwarz-petite-friture\/","og_site_name":"Ekkla","article_modified_time":"2024-01-19T16:52:34+00:00","og_image":[{"width":900,"height":900,"url":"https:\/\/ekkla.ch\/wp-content\/uploads\/2024\/01\/ekkla-light-petite-friture-suspension-brush-large-noir-irise.jpg","type":"image\/jpeg"}],"twitter_card":"summary_large_image","twitter_misc":{"Gesch\u00e4tzte Lesezeit":"2\u00a0Minuten"},"schema":{"@context":"https:\/\/schema.org","@graph":[{"@type":"WebPage","@id":"https:\/\/ekkla.ch\/de\/produit\/haengeleuchte-brush-large-o60cm-schwarz-petite-friture\/","url":"https:\/\/ekkla.ch\/de\/produit\/haengeleuchte-brush-large-o60cm-schwarz-petite-friture\/","name":"H\u00e4ngeleuchte Brush | Large | Schwarz | Petite Friture | Ekkla","isPartOf":{"@id":"https:\/\/ekkla.ch\/#website"},"primaryImageOfPage":{"@id":"https:\/\/ekkla.ch\/de\/produit\/haengeleuchte-brush-large-o60cm-schwarz-petite-friture\/#primaryimage"},"image":{"@id":"https:\/\/ekkla.ch\/de\/produit\/haengeleuchte-brush-large-o60cm-schwarz-petite-friture\/#primaryimage"},"thumbnailUrl":"https:\/\/ekkla.ch\/wp-content\/uploads\/2024\/01\/ekkla-light-petite-friture-suspension-brush-large-noir-irise.jpg","datePublished":"2024-01-12T15:58:16+00:00","dateModified":"2024-01-19T16:52:34+00:00","description":"Die H\u00e4ngeleuchte Brush Small ist eine einzigartige Kombination aus zeitlosen Formen & intensiven Farben, die Ihrem Raum einen unnachahmlichen Stil verleiht.","breadcrumb":{"@id":"https:\/\/ekkla.ch\/de\/produit\/haengeleuchte-brush-large-o60cm-schwarz-petite-friture\/#breadcrumb"},"inLanguage":"de","potentialAction":[{"@type":"ReadAction","target":["https:\/\/ekkla.ch\/de\/produit\/haengeleuchte-brush-large-o60cm-schwarz-petite-friture\/"]}]},{"@type":"ImageObject","inLanguage":"de","@id":"https:\/\/ekkla.ch\/de\/produit\/haengeleuchte-brush-large-o60cm-schwarz-petite-friture\/#primaryimage","url":"https:\/\/ekkla.ch\/wp-content\/uploads\/2024\/01\/ekkla-light-petite-friture-suspension-brush-large-noir-irise.jpg","contentUrl":"https:\/\/ekkla.ch\/wp-content\/uploads\/2024\/01\/ekkla-light-petite-friture-suspension-brush-large-noir-irise.jpg","width":900,"height":900},{"@type":"BreadcrumbList","@id":"https:\/\/ekkla.ch\/de\/produit\/haengeleuchte-brush-large-o60cm-schwarz-petite-friture\/#breadcrumb","itemListElement":[{"@type":"ListItem","position":1,"name":"Home","item":"https:\/\/ekkla.ch\/de\/"},{"@type":"ListItem","position":2,"name":"Shop","item":"https:\/\/ekkla.ch\/de\/shop\/"},{"@type":"ListItem","position":3,"name":"H\u00e4ngeleuchte Brush Large &#8211; \u00d860cm &#8211; Schwarz &#8211; Petite Friture"}]},{"@type":"WebSite","@id":"https:\/\/ekkla.ch\/#website","url":"https:\/\/ekkla.ch\/","name":"Ekkla","description":"Der Onlineshop f\u00fcr Beleuchtung","publisher":{"@id":"https:\/\/ekkla.ch\/#organization"},"potentialAction":[{"@type":"SearchAction","target":{"@type":"EntryPoint","urlTemplate":"https:\/\/ekkla.ch\/?s={search_term_string}"},"query-input":"required name=search_term_string"}],"inLanguage":"de"},{"@type":"Organization","@id":"https:\/\/ekkla.ch\/#organization","name":"Ekkla","url":"https:\/\/ekkla.ch\/","logo":{"@type":"ImageObject","inLanguage":"de","@id":"https:\/\/ekkla.ch\/#\/schema\/logo\/image\/","url":"http:\/\/ekkla.ch\/wp-content\/uploads\/2019\/07\/logo-1.svg","contentUrl":"http:\/\/ekkla.ch\/wp-content\/uploads\/2019\/07\/logo-1.svg","width":1,"height":1,"caption":"Ekkla"},"image":{"@id":"https:\/\/ekkla.ch\/#\/schema\/logo\/image\/"},"sameAs":["https:\/\/www.instagram.com\/ekkla_light\/"]}]}},"_links":{"self":[{"href":"https:\/\/ekkla.ch\/de\/wp-json\/wp\/v2\/product\/187681"}],"collection":[{"href":"https:\/\/ekkla.ch\/de\/wp-json\/wp\/v2\/product"}],"about":[{"href":"https:\/\/ekkla.ch\/de\/wp-json\/wp\/v2\/types\/product"}],"wp:featuredmedia":[{"embeddable":true,"href":"https:\/\/ekkla.ch\/de\/wp-json\/wp\/v2\/media\/187609"}],"wp:attachment":[{"href":"https:\/\/ekkla.ch\/de\/wp-json\/wp\/v2\/media?parent=187681"}],"wp:term":[{"taxonomy":"product_cat","embeddable":true,"href":"https:\/\/ekkla.ch\/de\/wp-json\/wp\/v2\/product_cat?post=187681"},{"taxonomy":"product_tag","embeddable":true,"href":"https:\/\/ekkla.ch\/de\/wp-json\/wp\/v2\/product_tag?post=187681"}],"curies":[{"name":"wp","href":"https:\/\/api.w.org\/{rel}","templated":true}]}}