{"id":188382,"date":"2024-02-06T10:57:24","date_gmt":"2024-02-06T09:57:24","guid":{"rendered":"https:\/\/ekkla.ch\/produit\/haengeleuchte-flowerpot-vp10-mattschwarz-o16-tradition\/"},"modified":"2024-02-12T01:49:45","modified_gmt":"2024-02-12T00:49:45","slug":"haengeleuchte-flowerpot-vp10-mattschwarz-o16-tradition","status":"publish","type":"product","link":"https:\/\/ekkla.ch\/de\/produit\/haengeleuchte-flowerpot-vp10-mattschwarz-o16-tradition\/","title":{"rendered":"H\u00e4ngeleuchte Flowerpot VP10 &#8211; Mattschwarz &#8211; \u00d816 &#8211; &#038;Tradition"},"content":{"rendered":"<p>Die H\u00e4ngeleuchte Flowerpot VP10 von &amp;Tradition ist ein Kultobjekt des Designs. Sie wurde 1968 von dem ber\u00fchmten skandinavischen Designer Verner Panton entworfen. Diese Leuchte mit ihren einfachen, runden Formen wurde zu einer Ikone des Designs der 70er Jahre und hat die letzten Jahrzehnte souver\u00e4n \u00fcberstanden! Mit ihrem Retro-Look ist die H\u00e4ngeleuchte Flowerpot VP10 eine Verschachtelung von zwei Kuppeln aus lackiertem Metall, die in einer Vielzahl fr\u00f6hlicher Farben erh\u00e4ltlich sind. Diese ikonische H\u00e4ngeleuchte kann zur Beleuchtung eines Raumes oder zur Gestaltung einer warmen und einladenden Atmosph\u00e4re verwendet werden. Ihr elegantes und modernes Design macht sie zudem zu einem beliebten Dekorationsobjekt f\u00fcr jede Einrichtung.<\/p>\n<p>Der 2010 in D\u00e4nemark gegr\u00fcndete Verlag &amp;Tradition entstand aus dem Wunsch heraus, zeitlose und signierte Leuchten neu aufzulegen. Sie mischen Tradition und Innovation gekonnt miteinander und respektieren dabei die Materialien und die nordische Handwerkskunst.<\/p>\n<blockquote>\n<h2 style=\"text-align: left;\">Merkmale &amp; Eigenschaften<\/h2>\n<p><strong>Marke<\/strong> &amp;Tradition<\/p>\n<p style=\"text-align: left;\"><strong>Farbe <\/strong>Schwarz<\/p>\n<p style=\"text-align: left;\"><strong>Material <\/strong>Lackiertes Metall<\/p>\n<p><strong>Gl\u00fchbirne <\/strong>G9 (nicht enthalten)<\/p>\n<p><strong>Max. Leistung (W) <\/strong>5<\/p>\n<p><strong>H\u00f6he (cm) <\/strong>12,7<\/p>\n<p><strong>Durchmesser (cm) <\/strong>16<\/p>\n<p><strong>Gewicht (kg)<\/strong> 0,55<\/p>\n<p><strong>Max. Kabell\u00e4nge (cm)<\/strong> 300<\/p><\/blockquote>\n","protected":false},"excerpt":{"rendered":"<p>Die H\u00e4ngeleuchte Flowerpot VP10 von &amp;Tradition ist ein Kultobjekt des Designs. Sie wurde 1968 von dem ber\u00fchmten skandinavischen Designer Verner Panton entworfen. Diese Leuchte mit ihren einfachen, runden Formen wurde zu einer Ikone des Designs der 70er Jahre und hat die letzten Jahrzehnte souver\u00e4n \u00fcberstanden! Mit ihrem Retro-Look ist die H\u00e4ngeleuchte Flowerpot VP10 eine Verschachtelung [&hellip;]<\/p>\n","protected":false},"featured_media":188153,"template":"","meta":{"_acf_changed":false,"om_disable_all_campaigns":false},"product_cat":[291],"product_tag":[846,1254,896,1188,1265,801,816,938],"bundled_by":[],"bundle_stock_status":"onbackorder","bundle_stock_quantity":null,"bundle_virtual":false,"bundle_layout":"","bundle_add_to_cart_form_location":"","bundle_editable_in_cart":false,"bundle_sold_individually_context":"","bundle_item_grouping":"","bundle_min_size":"","bundle_max_size":"","bundle_price":[],"bundled_items":[],"bundle_sell_ids":[],"acf":[],"yoast_head":"<!-- This site is optimized with the Yoast SEO Premium plugin v22.2 (Yoast SEO v22.8) - https:\/\/yoast.com\/wordpress\/plugins\/seo\/ -->\n<title>H\u00e4ngeleuchte Flowerpot VP10 Mattschwarz | &amp;Tradition | Ekkla<\/title>\n<meta name=\"description\" content=\"Die H\u00e4ngeleuchte Flowerpot VP10 mit ihren einfachen, runden Formen wurde zu einer Ikone des Designs der 70er Jahre und schafft eine gem\u00fctliche Atmosph\u00e4re.\" \/>\n<meta name=\"robots\" content=\"index, follow, max-snippet:-1, max-image-preview:large, max-video-preview:-1\" \/>\n<link rel=\"canonical\" href=\"https:\/\/ekkla.ch\/de\/produit\/haengeleuchte-flowerpot-vp10-mattschwarz-o16-tradition\/\" \/>\n<meta property=\"og:locale\" content=\"de_DE\" \/>\n<meta property=\"og:type\" content=\"article\" \/>\n<meta property=\"og:title\" content=\"H\u00e4ngeleuchte Flowerpot VP10 - Mattschwarz - \u00d816 - &amp;Tradition\" \/>\n<meta property=\"og:description\" content=\"Die H\u00e4ngeleuchte Flowerpot VP10 mit ihren einfachen, runden Formen wurde zu einer Ikone des Designs der 70er Jahre und schafft eine gem\u00fctliche Atmosph\u00e4re.\" \/>\n<meta property=\"og:url\" content=\"https:\/\/ekkla.ch\/de\/produit\/haengeleuchte-flowerpot-vp10-mattschwarz-o16-tradition\/\" \/>\n<meta property=\"og:site_name\" content=\"Ekkla\" \/>\n<meta property=\"article:modified_time\" content=\"2024-02-12T00:49:45+00:00\" \/>\n<meta property=\"og:image\" content=\"https:\/\/ekkla.ch\/wp-content\/uploads\/2024\/02\/Ekkla-light-tradition-suspension-flowerpot-vp10-noir-mat.jpg\" \/>\n\t<meta property=\"og:image:width\" content=\"900\" \/>\n\t<meta property=\"og:image:height\" content=\"900\" \/>\n\t<meta property=\"og:image:type\" content=\"image\/jpeg\" \/>\n<meta name=\"twitter:card\" content=\"summary_large_image\" \/>\n<meta name=\"twitter:label1\" content=\"Gesch\u00e4tzte Lesezeit\" \/>\n\t<meta name=\"twitter:data1\" content=\"2\u00a0Minuten\" \/>\n<script type=\"application\/ld+json\" class=\"yoast-schema-graph\">{\"@context\":\"https:\/\/schema.org\",\"@graph\":[{\"@type\":\"WebPage\",\"@id\":\"https:\/\/ekkla.ch\/de\/produit\/haengeleuchte-flowerpot-vp10-mattschwarz-o16-tradition\/\",\"url\":\"https:\/\/ekkla.ch\/de\/produit\/haengeleuchte-flowerpot-vp10-mattschwarz-o16-tradition\/\",\"name\":\"H\u00e4ngeleuchte Flowerpot VP10 Mattschwarz | &Tradition | Ekkla\",\"isPartOf\":{\"@id\":\"https:\/\/ekkla.ch\/#website\"},\"primaryImageOfPage\":{\"@id\":\"https:\/\/ekkla.ch\/de\/produit\/haengeleuchte-flowerpot-vp10-mattschwarz-o16-tradition\/#primaryimage\"},\"image\":{\"@id\":\"https:\/\/ekkla.ch\/de\/produit\/haengeleuchte-flowerpot-vp10-mattschwarz-o16-tradition\/#primaryimage\"},\"thumbnailUrl\":\"https:\/\/ekkla.ch\/wp-content\/uploads\/2024\/02\/Ekkla-light-tradition-suspension-flowerpot-vp10-noir-mat.jpg\",\"datePublished\":\"2024-02-06T09:57:24+00:00\",\"dateModified\":\"2024-02-12T00:49:45+00:00\",\"description\":\"Die H\u00e4ngeleuchte Flowerpot VP10 mit ihren einfachen, runden Formen wurde zu einer Ikone des Designs der 70er Jahre und schafft eine gem\u00fctliche Atmosph\u00e4re.\",\"breadcrumb\":{\"@id\":\"https:\/\/ekkla.ch\/de\/produit\/haengeleuchte-flowerpot-vp10-mattschwarz-o16-tradition\/#breadcrumb\"},\"inLanguage\":\"de\",\"potentialAction\":[{\"@type\":\"ReadAction\",\"target\":[\"https:\/\/ekkla.ch\/de\/produit\/haengeleuchte-flowerpot-vp10-mattschwarz-o16-tradition\/\"]}]},{\"@type\":\"ImageObject\",\"inLanguage\":\"de\",\"@id\":\"https:\/\/ekkla.ch\/de\/produit\/haengeleuchte-flowerpot-vp10-mattschwarz-o16-tradition\/#primaryimage\",\"url\":\"https:\/\/ekkla.ch\/wp-content\/uploads\/2024\/02\/Ekkla-light-tradition-suspension-flowerpot-vp10-noir-mat.jpg\",\"contentUrl\":\"https:\/\/ekkla.ch\/wp-content\/uploads\/2024\/02\/Ekkla-light-tradition-suspension-flowerpot-vp10-noir-mat.jpg\",\"width\":900,\"height\":900},{\"@type\":\"BreadcrumbList\",\"@id\":\"https:\/\/ekkla.ch\/de\/produit\/haengeleuchte-flowerpot-vp10-mattschwarz-o16-tradition\/#breadcrumb\",\"itemListElement\":[{\"@type\":\"ListItem\",\"position\":1,\"name\":\"Home\",\"item\":\"https:\/\/ekkla.ch\/de\/\"},{\"@type\":\"ListItem\",\"position\":2,\"name\":\"Shop\",\"item\":\"https:\/\/ekkla.ch\/de\/shop\/\"},{\"@type\":\"ListItem\",\"position\":3,\"name\":\"H\u00e4ngeleuchte Flowerpot VP10 &#8211; Mattschwarz &#8211; \u00d816 &#8211; &#038;Tradition\"}]},{\"@type\":\"WebSite\",\"@id\":\"https:\/\/ekkla.ch\/#website\",\"url\":\"https:\/\/ekkla.ch\/\",\"name\":\"Ekkla\",\"description\":\"Der Onlineshop f\u00fcr Beleuchtung\",\"publisher\":{\"@id\":\"https:\/\/ekkla.ch\/#organization\"},\"potentialAction\":[{\"@type\":\"SearchAction\",\"target\":{\"@type\":\"EntryPoint\",\"urlTemplate\":\"https:\/\/ekkla.ch\/?s={search_term_string}\"},\"query-input\":\"required name=search_term_string\"}],\"inLanguage\":\"de\"},{\"@type\":\"Organization\",\"@id\":\"https:\/\/ekkla.ch\/#organization\",\"name\":\"Ekkla\",\"url\":\"https:\/\/ekkla.ch\/\",\"logo\":{\"@type\":\"ImageObject\",\"inLanguage\":\"de\",\"@id\":\"https:\/\/ekkla.ch\/#\/schema\/logo\/image\/\",\"url\":\"http:\/\/ekkla.ch\/wp-content\/uploads\/2019\/07\/logo-1.svg\",\"contentUrl\":\"http:\/\/ekkla.ch\/wp-content\/uploads\/2019\/07\/logo-1.svg\",\"width\":1,\"height\":1,\"caption\":\"Ekkla\"},\"image\":{\"@id\":\"https:\/\/ekkla.ch\/#\/schema\/logo\/image\/\"},\"sameAs\":[\"https:\/\/www.instagram.com\/ekkla_light\/\"]}]}<\/script>\n<!-- \/ Yoast SEO Premium plugin. -->","yoast_head_json":{"title":"H\u00e4ngeleuchte Flowerpot VP10 Mattschwarz | &Tradition | Ekkla","description":"Die H\u00e4ngeleuchte Flowerpot VP10 mit ihren einfachen, runden Formen wurde zu einer Ikone des Designs der 70er Jahre und schafft eine gem\u00fctliche Atmosph\u00e4re.","robots":{"index":"index","follow":"follow","max-snippet":"max-snippet:-1","max-image-preview":"max-image-preview:large","max-video-preview":"max-video-preview:-1"},"canonical":"https:\/\/ekkla.ch\/de\/produit\/haengeleuchte-flowerpot-vp10-mattschwarz-o16-tradition\/","og_locale":"de_DE","og_type":"article","og_title":"H\u00e4ngeleuchte Flowerpot VP10 - Mattschwarz - \u00d816 - &Tradition","og_description":"Die H\u00e4ngeleuchte Flowerpot VP10 mit ihren einfachen, runden Formen wurde zu einer Ikone des Designs der 70er Jahre und schafft eine gem\u00fctliche Atmosph\u00e4re.","og_url":"https:\/\/ekkla.ch\/de\/produit\/haengeleuchte-flowerpot-vp10-mattschwarz-o16-tradition\/","og_site_name":"Ekkla","article_modified_time":"2024-02-12T00:49:45+00:00","og_image":[{"width":900,"height":900,"url":"https:\/\/ekkla.ch\/wp-content\/uploads\/2024\/02\/Ekkla-light-tradition-suspension-flowerpot-vp10-noir-mat.jpg","type":"image\/jpeg"}],"twitter_card":"summary_large_image","twitter_misc":{"Gesch\u00e4tzte Lesezeit":"2\u00a0Minuten"},"schema":{"@context":"https:\/\/schema.org","@graph":[{"@type":"WebPage","@id":"https:\/\/ekkla.ch\/de\/produit\/haengeleuchte-flowerpot-vp10-mattschwarz-o16-tradition\/","url":"https:\/\/ekkla.ch\/de\/produit\/haengeleuchte-flowerpot-vp10-mattschwarz-o16-tradition\/","name":"H\u00e4ngeleuchte Flowerpot VP10 Mattschwarz | &Tradition | Ekkla","isPartOf":{"@id":"https:\/\/ekkla.ch\/#website"},"primaryImageOfPage":{"@id":"https:\/\/ekkla.ch\/de\/produit\/haengeleuchte-flowerpot-vp10-mattschwarz-o16-tradition\/#primaryimage"},"image":{"@id":"https:\/\/ekkla.ch\/de\/produit\/haengeleuchte-flowerpot-vp10-mattschwarz-o16-tradition\/#primaryimage"},"thumbnailUrl":"https:\/\/ekkla.ch\/wp-content\/uploads\/2024\/02\/Ekkla-light-tradition-suspension-flowerpot-vp10-noir-mat.jpg","datePublished":"2024-02-06T09:57:24+00:00","dateModified":"2024-02-12T00:49:45+00:00","description":"Die H\u00e4ngeleuchte Flowerpot VP10 mit ihren einfachen, runden Formen wurde zu einer Ikone des Designs der 70er Jahre und schafft eine gem\u00fctliche Atmosph\u00e4re.","breadcrumb":{"@id":"https:\/\/ekkla.ch\/de\/produit\/haengeleuchte-flowerpot-vp10-mattschwarz-o16-tradition\/#breadcrumb"},"inLanguage":"de","potentialAction":[{"@type":"ReadAction","target":["https:\/\/ekkla.ch\/de\/produit\/haengeleuchte-flowerpot-vp10-mattschwarz-o16-tradition\/"]}]},{"@type":"ImageObject","inLanguage":"de","@id":"https:\/\/ekkla.ch\/de\/produit\/haengeleuchte-flowerpot-vp10-mattschwarz-o16-tradition\/#primaryimage","url":"https:\/\/ekkla.ch\/wp-content\/uploads\/2024\/02\/Ekkla-light-tradition-suspension-flowerpot-vp10-noir-mat.jpg","contentUrl":"https:\/\/ekkla.ch\/wp-content\/uploads\/2024\/02\/Ekkla-light-tradition-suspension-flowerpot-vp10-noir-mat.jpg","width":900,"height":900},{"@type":"BreadcrumbList","@id":"https:\/\/ekkla.ch\/de\/produit\/haengeleuchte-flowerpot-vp10-mattschwarz-o16-tradition\/#breadcrumb","itemListElement":[{"@type":"ListItem","position":1,"name":"Home","item":"https:\/\/ekkla.ch\/de\/"},{"@type":"ListItem","position":2,"name":"Shop","item":"https:\/\/ekkla.ch\/de\/shop\/"},{"@type":"ListItem","position":3,"name":"H\u00e4ngeleuchte Flowerpot VP10 &#8211; Mattschwarz &#8211; \u00d816 &#8211; &#038;Tradition"}]},{"@type":"WebSite","@id":"https:\/\/ekkla.ch\/#website","url":"https:\/\/ekkla.ch\/","name":"Ekkla","description":"Der Onlineshop f\u00fcr Beleuchtung","publisher":{"@id":"https:\/\/ekkla.ch\/#organization"},"potentialAction":[{"@type":"SearchAction","target":{"@type":"EntryPoint","urlTemplate":"https:\/\/ekkla.ch\/?s={search_term_string}"},"query-input":"required name=search_term_string"}],"inLanguage":"de"},{"@type":"Organization","@id":"https:\/\/ekkla.ch\/#organization","name":"Ekkla","url":"https:\/\/ekkla.ch\/","logo":{"@type":"ImageObject","inLanguage":"de","@id":"https:\/\/ekkla.ch\/#\/schema\/logo\/image\/","url":"http:\/\/ekkla.ch\/wp-content\/uploads\/2019\/07\/logo-1.svg","contentUrl":"http:\/\/ekkla.ch\/wp-content\/uploads\/2019\/07\/logo-1.svg","width":1,"height":1,"caption":"Ekkla"},"image":{"@id":"https:\/\/ekkla.ch\/#\/schema\/logo\/image\/"},"sameAs":["https:\/\/www.instagram.com\/ekkla_light\/"]}]}},"_links":{"self":[{"href":"https:\/\/ekkla.ch\/de\/wp-json\/wp\/v2\/product\/188382"}],"collection":[{"href":"https:\/\/ekkla.ch\/de\/wp-json\/wp\/v2\/product"}],"about":[{"href":"https:\/\/ekkla.ch\/de\/wp-json\/wp\/v2\/types\/product"}],"wp:featuredmedia":[{"embeddable":true,"href":"https:\/\/ekkla.ch\/de\/wp-json\/wp\/v2\/media\/188153"}],"wp:attachment":[{"href":"https:\/\/ekkla.ch\/de\/wp-json\/wp\/v2\/media?parent=188382"}],"wp:term":[{"taxonomy":"product_cat","embeddable":true,"href":"https:\/\/ekkla.ch\/de\/wp-json\/wp\/v2\/product_cat?post=188382"},{"taxonomy":"product_tag","embeddable":true,"href":"https:\/\/ekkla.ch\/de\/wp-json\/wp\/v2\/product_tag?post=188382"}],"curies":[{"name":"wp","href":"https:\/\/api.w.org\/{rel}","templated":true}]}}