{"id":188393,"date":"2024-01-26T13:55:43","date_gmt":"2024-01-26T12:55:43","guid":{"rendered":"https:\/\/ekkla.ch\/produit\/tischleuchte-flowerpot-vp3-kobaltblau-%e2%88%8523-tradition\/"},"modified":"2024-02-14T09:44:00","modified_gmt":"2024-02-14T08:44:00","slug":"tischleuchte-flowerpot-vp3-kobaltblau-%e2%88%8523-tradition","status":"publish","type":"product","link":"https:\/\/ekkla.ch\/de\/produit\/tischleuchte-flowerpot-vp3-kobaltblau-%e2%88%8523-tradition\/","title":{"rendered":"Tischleuchte Flowerpot VP3 &#8211; Kobaltblau &#8211; \u220523 &#8211; &#038;Tradition"},"content":{"rendered":"<p>Die Tischleuchte <em>Flowerpot VP3<\/em> von &amp;Tradition ist ein Kultobjekt des Designs. Sie wurde 1968 von dem ber\u00fchmten skandinavischen Designer Verner Panton entworfen. Diese Leuchte mit ihren einfachen, runden Formen wurde zu einer Designikone der 70er Jahre und hat die Jahrzehnte problemlos \u00fcberstanden. Die Tischlampe <em>Flowerpot VP3<\/em>, die etwas gr\u00f6sser ist als die kabellose Version, wird einen Raum elegant beleuchten und eine warme und einladende Atmosph\u00e4re schaffen. Ihr raffiniertes und modernes Design macht sie ausserdem zu einem beliebten Dekorationsobjekt f\u00fcr jede Einrichtung.<\/p>\n<p>Das 2010 in D\u00e4nemark gegr\u00fcndete Haus &amp;Tradition entstand aus dem Wunsch heraus, zeitlose und signierte Leuchten neu aufzulegen. Die Marke verbindet Tradition und Innovation, indem sie die Materialien sowie das nordische Handwerk respektiert.<\/p>\n<blockquote>\n<h2 style=\"text-align: left;\">Merkmale &amp; Eigenschaften<\/h2>\n<p><strong>Marke<\/strong> &amp;Tradition<\/p>\n<p style=\"text-align: left;\"><strong>Farbe\u00a0<\/strong>Kobaltblau<\/p>\n<p style=\"text-align: left;\"><strong>Material\u00a0<\/strong>Lackiertes Metall<\/p>\n<p><strong>Gl\u00fchbirne\u00a0<\/strong>E27<\/p>\n<p><strong>Max. Leistung (W) <\/strong>60<\/p>\n<p><strong>H\u00f6he (cm) <\/strong>50<\/p>\n<p><strong>Durchmesser (cm) <\/strong>23<\/p>\n<p><strong>Gewicht (kg)<\/strong>\u00a04,5<\/p><\/blockquote>\n","protected":false},"excerpt":{"rendered":"<p>Die Tischleuchte Flowerpot VP3 von &amp;Tradition ist ein Kultobjekt des Designs. Sie wurde 1968 von dem ber\u00fchmten skandinavischen Designer Verner Panton entworfen. Diese Leuchte mit ihren einfachen, runden Formen wurde zu einer Designikone der 70er Jahre und hat die Jahrzehnte problemlos \u00fcberstanden. Die Tischlampe Flowerpot VP3, die etwas gr\u00f6sser ist als die kabellose Version, wird [&hellip;]<\/p>\n","protected":false},"featured_media":187837,"template":"","meta":{"_acf_changed":false,"om_disable_all_campaigns":false},"product_cat":[290],"product_tag":[846,1254,896,1188,1265,801,816,938],"bundled_by":[],"bundle_stock_status":"onbackorder","bundle_stock_quantity":null,"bundle_virtual":false,"bundle_layout":"","bundle_add_to_cart_form_location":"","bundle_editable_in_cart":false,"bundle_sold_individually_context":"","bundle_item_grouping":"","bundle_min_size":"","bundle_max_size":"","bundle_price":[],"bundled_items":[],"bundle_sell_ids":[],"acf":[],"yoast_head":"<!-- This site is optimized with the Yoast SEO Premium plugin v22.2 (Yoast SEO v22.8) - https:\/\/yoast.com\/wordpress\/plugins\/seo\/ -->\n<title>Tischleuchte Flowerpot VP3 | &amp;Tradition | Kobaltblau | Ekkla<\/title>\n<meta name=\"description\" content=\"Die Tischlampe Flowerpot VP3 mit ihren einfachen, runden Formen war eine Ikone des Designs der 70er Jahre. Sie schafft eine warme, raffinierte Atmosph\u00e4re.\" \/>\n<meta name=\"robots\" content=\"index, follow, max-snippet:-1, max-image-preview:large, max-video-preview:-1\" \/>\n<link rel=\"canonical\" href=\"https:\/\/ekkla.ch\/de\/produit\/tischleuchte-flowerpot-vp3-kobaltblau-\u220523-tradition\/\" \/>\n<meta property=\"og:locale\" content=\"de_DE\" \/>\n<meta property=\"og:type\" content=\"article\" \/>\n<meta property=\"og:title\" content=\"Tischleuchte Flowerpot VP3 - Kobaltblau - \u220523 - &amp;Tradition\" \/>\n<meta property=\"og:description\" content=\"Die Tischlampe Flowerpot VP3 mit ihren einfachen, runden Formen war eine Ikone des Designs der 70er Jahre. Sie schafft eine warme, raffinierte Atmosph\u00e4re.\" \/>\n<meta property=\"og:url\" content=\"https:\/\/ekkla.ch\/de\/produit\/tischleuchte-flowerpot-vp3-kobaltblau-\u220523-tradition\/\" \/>\n<meta property=\"og:site_name\" content=\"Ekkla\" \/>\n<meta property=\"article:modified_time\" content=\"2024-02-14T08:44:00+00:00\" \/>\n<meta property=\"og:image\" content=\"https:\/\/ekkla.ch\/wp-content\/uploads\/2024\/01\/EKkla-light-tradition-lampe-flowerpot-vp3-bleu-cobalt.jpg\" \/>\n\t<meta property=\"og:image:width\" content=\"900\" \/>\n\t<meta property=\"og:image:height\" content=\"900\" \/>\n\t<meta property=\"og:image:type\" content=\"image\/jpeg\" \/>\n<meta name=\"twitter:card\" content=\"summary_large_image\" \/>\n<meta name=\"twitter:label1\" content=\"Gesch\u00e4tzte Lesezeit\" \/>\n\t<meta name=\"twitter:data1\" content=\"1\u00a0Minute\" \/>\n<script type=\"application\/ld+json\" class=\"yoast-schema-graph\">{\"@context\":\"https:\/\/schema.org\",\"@graph\":[{\"@type\":\"WebPage\",\"@id\":\"https:\/\/ekkla.ch\/de\/produit\/tischleuchte-flowerpot-vp3-kobaltblau-%e2%88%8523-tradition\/\",\"url\":\"https:\/\/ekkla.ch\/de\/produit\/tischleuchte-flowerpot-vp3-kobaltblau-%e2%88%8523-tradition\/\",\"name\":\"Tischleuchte Flowerpot VP3 | &Tradition | Kobaltblau | Ekkla\",\"isPartOf\":{\"@id\":\"https:\/\/ekkla.ch\/#website\"},\"primaryImageOfPage\":{\"@id\":\"https:\/\/ekkla.ch\/de\/produit\/tischleuchte-flowerpot-vp3-kobaltblau-%e2%88%8523-tradition\/#primaryimage\"},\"image\":{\"@id\":\"https:\/\/ekkla.ch\/de\/produit\/tischleuchte-flowerpot-vp3-kobaltblau-%e2%88%8523-tradition\/#primaryimage\"},\"thumbnailUrl\":\"https:\/\/ekkla.ch\/wp-content\/uploads\/2024\/01\/EKkla-light-tradition-lampe-flowerpot-vp3-bleu-cobalt.jpg\",\"datePublished\":\"2024-01-26T12:55:43+00:00\",\"dateModified\":\"2024-02-14T08:44:00+00:00\",\"description\":\"Die Tischlampe Flowerpot VP3 mit ihren einfachen, runden Formen war eine Ikone des Designs der 70er Jahre. Sie schafft eine warme, raffinierte Atmosph\u00e4re.\",\"breadcrumb\":{\"@id\":\"https:\/\/ekkla.ch\/de\/produit\/tischleuchte-flowerpot-vp3-kobaltblau-%e2%88%8523-tradition\/#breadcrumb\"},\"inLanguage\":\"de\",\"potentialAction\":[{\"@type\":\"ReadAction\",\"target\":[\"https:\/\/ekkla.ch\/de\/produit\/tischleuchte-flowerpot-vp3-kobaltblau-%e2%88%8523-tradition\/\"]}]},{\"@type\":\"ImageObject\",\"inLanguage\":\"de\",\"@id\":\"https:\/\/ekkla.ch\/de\/produit\/tischleuchte-flowerpot-vp3-kobaltblau-%e2%88%8523-tradition\/#primaryimage\",\"url\":\"https:\/\/ekkla.ch\/wp-content\/uploads\/2024\/01\/EKkla-light-tradition-lampe-flowerpot-vp3-bleu-cobalt.jpg\",\"contentUrl\":\"https:\/\/ekkla.ch\/wp-content\/uploads\/2024\/01\/EKkla-light-tradition-lampe-flowerpot-vp3-bleu-cobalt.jpg\",\"width\":900,\"height\":900},{\"@type\":\"BreadcrumbList\",\"@id\":\"https:\/\/ekkla.ch\/de\/produit\/tischleuchte-flowerpot-vp3-kobaltblau-%e2%88%8523-tradition\/#breadcrumb\",\"itemListElement\":[{\"@type\":\"ListItem\",\"position\":1,\"name\":\"Home\",\"item\":\"https:\/\/ekkla.ch\/de\/\"},{\"@type\":\"ListItem\",\"position\":2,\"name\":\"Shop\",\"item\":\"https:\/\/ekkla.ch\/de\/shop\/\"},{\"@type\":\"ListItem\",\"position\":3,\"name\":\"Tischleuchte Flowerpot VP3 &#8211; Kobaltblau &#8211; \u220523 &#8211; &#038;Tradition\"}]},{\"@type\":\"WebSite\",\"@id\":\"https:\/\/ekkla.ch\/#website\",\"url\":\"https:\/\/ekkla.ch\/\",\"name\":\"Ekkla\",\"description\":\"Der Onlineshop f\u00fcr Beleuchtung\",\"publisher\":{\"@id\":\"https:\/\/ekkla.ch\/#organization\"},\"potentialAction\":[{\"@type\":\"SearchAction\",\"target\":{\"@type\":\"EntryPoint\",\"urlTemplate\":\"https:\/\/ekkla.ch\/?s={search_term_string}\"},\"query-input\":\"required name=search_term_string\"}],\"inLanguage\":\"de\"},{\"@type\":\"Organization\",\"@id\":\"https:\/\/ekkla.ch\/#organization\",\"name\":\"Ekkla\",\"url\":\"https:\/\/ekkla.ch\/\",\"logo\":{\"@type\":\"ImageObject\",\"inLanguage\":\"de\",\"@id\":\"https:\/\/ekkla.ch\/#\/schema\/logo\/image\/\",\"url\":\"http:\/\/ekkla.ch\/wp-content\/uploads\/2019\/07\/logo-1.svg\",\"contentUrl\":\"http:\/\/ekkla.ch\/wp-content\/uploads\/2019\/07\/logo-1.svg\",\"width\":1,\"height\":1,\"caption\":\"Ekkla\"},\"image\":{\"@id\":\"https:\/\/ekkla.ch\/#\/schema\/logo\/image\/\"},\"sameAs\":[\"https:\/\/www.instagram.com\/ekkla_light\/\"]}]}<\/script>\n<!-- \/ Yoast SEO Premium plugin. -->","yoast_head_json":{"title":"Tischleuchte Flowerpot VP3 | &Tradition | Kobaltblau | Ekkla","description":"Die Tischlampe Flowerpot VP3 mit ihren einfachen, runden Formen war eine Ikone des Designs der 70er Jahre. Sie schafft eine warme, raffinierte Atmosph\u00e4re.","robots":{"index":"index","follow":"follow","max-snippet":"max-snippet:-1","max-image-preview":"max-image-preview:large","max-video-preview":"max-video-preview:-1"},"canonical":"https:\/\/ekkla.ch\/de\/produit\/tischleuchte-flowerpot-vp3-kobaltblau-\u220523-tradition\/","og_locale":"de_DE","og_type":"article","og_title":"Tischleuchte Flowerpot VP3 - Kobaltblau - \u220523 - &Tradition","og_description":"Die Tischlampe Flowerpot VP3 mit ihren einfachen, runden Formen war eine Ikone des Designs der 70er Jahre. Sie schafft eine warme, raffinierte Atmosph\u00e4re.","og_url":"https:\/\/ekkla.ch\/de\/produit\/tischleuchte-flowerpot-vp3-kobaltblau-\u220523-tradition\/","og_site_name":"Ekkla","article_modified_time":"2024-02-14T08:44:00+00:00","og_image":[{"width":900,"height":900,"url":"https:\/\/ekkla.ch\/wp-content\/uploads\/2024\/01\/EKkla-light-tradition-lampe-flowerpot-vp3-bleu-cobalt.jpg","type":"image\/jpeg"}],"twitter_card":"summary_large_image","twitter_misc":{"Gesch\u00e4tzte Lesezeit":"1\u00a0Minute"},"schema":{"@context":"https:\/\/schema.org","@graph":[{"@type":"WebPage","@id":"https:\/\/ekkla.ch\/de\/produit\/tischleuchte-flowerpot-vp3-kobaltblau-%e2%88%8523-tradition\/","url":"https:\/\/ekkla.ch\/de\/produit\/tischleuchte-flowerpot-vp3-kobaltblau-%e2%88%8523-tradition\/","name":"Tischleuchte Flowerpot VP3 | &Tradition | Kobaltblau | Ekkla","isPartOf":{"@id":"https:\/\/ekkla.ch\/#website"},"primaryImageOfPage":{"@id":"https:\/\/ekkla.ch\/de\/produit\/tischleuchte-flowerpot-vp3-kobaltblau-%e2%88%8523-tradition\/#primaryimage"},"image":{"@id":"https:\/\/ekkla.ch\/de\/produit\/tischleuchte-flowerpot-vp3-kobaltblau-%e2%88%8523-tradition\/#primaryimage"},"thumbnailUrl":"https:\/\/ekkla.ch\/wp-content\/uploads\/2024\/01\/EKkla-light-tradition-lampe-flowerpot-vp3-bleu-cobalt.jpg","datePublished":"2024-01-26T12:55:43+00:00","dateModified":"2024-02-14T08:44:00+00:00","description":"Die Tischlampe Flowerpot VP3 mit ihren einfachen, runden Formen war eine Ikone des Designs der 70er Jahre. Sie schafft eine warme, raffinierte Atmosph\u00e4re.","breadcrumb":{"@id":"https:\/\/ekkla.ch\/de\/produit\/tischleuchte-flowerpot-vp3-kobaltblau-%e2%88%8523-tradition\/#breadcrumb"},"inLanguage":"de","potentialAction":[{"@type":"ReadAction","target":["https:\/\/ekkla.ch\/de\/produit\/tischleuchte-flowerpot-vp3-kobaltblau-%e2%88%8523-tradition\/"]}]},{"@type":"ImageObject","inLanguage":"de","@id":"https:\/\/ekkla.ch\/de\/produit\/tischleuchte-flowerpot-vp3-kobaltblau-%e2%88%8523-tradition\/#primaryimage","url":"https:\/\/ekkla.ch\/wp-content\/uploads\/2024\/01\/EKkla-light-tradition-lampe-flowerpot-vp3-bleu-cobalt.jpg","contentUrl":"https:\/\/ekkla.ch\/wp-content\/uploads\/2024\/01\/EKkla-light-tradition-lampe-flowerpot-vp3-bleu-cobalt.jpg","width":900,"height":900},{"@type":"BreadcrumbList","@id":"https:\/\/ekkla.ch\/de\/produit\/tischleuchte-flowerpot-vp3-kobaltblau-%e2%88%8523-tradition\/#breadcrumb","itemListElement":[{"@type":"ListItem","position":1,"name":"Home","item":"https:\/\/ekkla.ch\/de\/"},{"@type":"ListItem","position":2,"name":"Shop","item":"https:\/\/ekkla.ch\/de\/shop\/"},{"@type":"ListItem","position":3,"name":"Tischleuchte Flowerpot VP3 &#8211; Kobaltblau &#8211; \u220523 &#8211; &#038;Tradition"}]},{"@type":"WebSite","@id":"https:\/\/ekkla.ch\/#website","url":"https:\/\/ekkla.ch\/","name":"Ekkla","description":"Der Onlineshop f\u00fcr Beleuchtung","publisher":{"@id":"https:\/\/ekkla.ch\/#organization"},"potentialAction":[{"@type":"SearchAction","target":{"@type":"EntryPoint","urlTemplate":"https:\/\/ekkla.ch\/?s={search_term_string}"},"query-input":"required name=search_term_string"}],"inLanguage":"de"},{"@type":"Organization","@id":"https:\/\/ekkla.ch\/#organization","name":"Ekkla","url":"https:\/\/ekkla.ch\/","logo":{"@type":"ImageObject","inLanguage":"de","@id":"https:\/\/ekkla.ch\/#\/schema\/logo\/image\/","url":"http:\/\/ekkla.ch\/wp-content\/uploads\/2019\/07\/logo-1.svg","contentUrl":"http:\/\/ekkla.ch\/wp-content\/uploads\/2019\/07\/logo-1.svg","width":1,"height":1,"caption":"Ekkla"},"image":{"@id":"https:\/\/ekkla.ch\/#\/schema\/logo\/image\/"},"sameAs":["https:\/\/www.instagram.com\/ekkla_light\/"]}]}},"_links":{"self":[{"href":"https:\/\/ekkla.ch\/de\/wp-json\/wp\/v2\/product\/188393"}],"collection":[{"href":"https:\/\/ekkla.ch\/de\/wp-json\/wp\/v2\/product"}],"about":[{"href":"https:\/\/ekkla.ch\/de\/wp-json\/wp\/v2\/types\/product"}],"wp:featuredmedia":[{"embeddable":true,"href":"https:\/\/ekkla.ch\/de\/wp-json\/wp\/v2\/media\/187837"}],"wp:attachment":[{"href":"https:\/\/ekkla.ch\/de\/wp-json\/wp\/v2\/media?parent=188393"}],"wp:term":[{"taxonomy":"product_cat","embeddable":true,"href":"https:\/\/ekkla.ch\/de\/wp-json\/wp\/v2\/product_cat?post=188393"},{"taxonomy":"product_tag","embeddable":true,"href":"https:\/\/ekkla.ch\/de\/wp-json\/wp\/v2\/product_tag?post=188393"}],"curies":[{"name":"wp","href":"https:\/\/api.w.org\/{rel}","templated":true}]}}