{"id":188559,"date":"2024-02-14T13:44:34","date_gmt":"2024-02-14T12:44:34","guid":{"rendered":"https:\/\/ekkla.ch\/produit\/haengeleuchte-reykjavik-o20-cm-milky-white-glas-its-about-romi\/"},"modified":"2024-02-17T14:29:20","modified_gmt":"2024-02-17T13:29:20","slug":"haengeleuchte-reykjavik-o20-cm-milky-white-glas-its-about-romi","status":"publish","type":"product","link":"https:\/\/ekkla.ch\/de\/produit\/haengeleuchte-reykjavik-o20-cm-milky-white-glas-its-about-romi\/","title":{"rendered":"H\u00e4ngeleuchte Reykjavik &#8211; \u00d820 cm &#8211; Milky White Glas &#8211; It&#8217;s About Romi"},"content":{"rendered":"<p>Entdecken Sie die H\u00e4ngeleuchte Reykjavik von It&#8217;s About Romi, eine elegante und vielseitige Option, die Ihrer Innenbeleuchtung Stil verleiht. Ihr wandelbares Design f\u00fcgt sich harmonisch in jeden Raum ein, sei es \u00fcber dem Esstisch, im Wohnzimmer oder \u00fcber der K\u00fccheninsel. Der Kronleuchter Reykjavik f\u00fcgt sich nahtlos in verschiedene Umgebungen ein und verf\u00fcgt \u00fcber einen anpassungsf\u00e4higen und eleganten Stil, wodurch er sich ideal f\u00fcr eine Vielzahl von Einrichtungsstilen eignet. Er ist in zwei verschiedenen Gr\u00f6ssen erh\u00e4ltlich, sodass Sie diejenige w\u00e4hlen k\u00f6nnen, die am besten zu Ihren Beleuchtungsbed\u00fcrfnissen und der Gr\u00f6sse Ihres Raumes passt. G\u00f6nnen Sie sich Eleganz und Funktionalit\u00e4t mit der H\u00e4ngelampe Reykjavik von It&#8217;s About Romi. Gl\u00fchbirne nicht enthalten.<\/p>\n<blockquote>\n<h2>Merkmale &amp; Eigenschaften<\/h2>\n<p><strong>Marke<\/strong> It&#8217;s About Romi<\/p>\n<p><strong>Farbe<\/strong> Weiss<\/p>\n<p><strong>Material<\/strong> Glas<\/p>\n<p><strong>Gl\u00fchbirne<\/strong> E27 (nicht enthalten)<\/p>\n<p><strong>Max. Leistung (W) <\/strong>40<\/p>\n<p><strong>Durchmesser (cm) <\/strong>20<\/p>\n<p><strong>H\u00f6he (cm) <\/strong>23<\/p><\/blockquote>\n","protected":false},"excerpt":{"rendered":"<p>Entdecken Sie die H\u00e4ngeleuchte Reykjavik von It&#8217;s About Romi, eine elegante und vielseitige Option, die Ihrer Innenbeleuchtung Stil verleiht. Ihr wandelbares Design f\u00fcgt sich harmonisch in jeden Raum ein, sei es \u00fcber dem Esstisch, im Wohnzimmer oder \u00fcber der K\u00fccheninsel. Der Kronleuchter Reykjavik f\u00fcgt sich nahtlos in verschiedene Umgebungen ein und verf\u00fcgt \u00fcber einen anpassungsf\u00e4higen [&hellip;]<\/p>\n","protected":false},"featured_media":188496,"template":"","meta":{"_acf_changed":false,"om_disable_all_campaigns":false},"product_cat":[290],"product_tag":[898,554,1188,816,653,603,941],"bundled_by":[],"bundle_stock_status":"onbackorder","bundle_stock_quantity":null,"bundle_virtual":false,"bundle_layout":"","bundle_add_to_cart_form_location":"","bundle_editable_in_cart":false,"bundle_sold_individually_context":"","bundle_item_grouping":"","bundle_min_size":"","bundle_max_size":"","bundle_price":[],"bundled_items":[],"bundle_sell_ids":[],"acf":[],"yoast_head":"<!-- This site is optimized with the Yoast SEO Premium plugin v22.2 (Yoast SEO v22.8) - https:\/\/yoast.com\/wordpress\/plugins\/seo\/ -->\n<title>It&#039;s About Romi | H\u00e4ngeleuchte Reykjavik | Gratisversand | Ekkla<\/title>\n<meta name=\"description\" content=\"Entdecken Sie die Reykjavik H\u00e4ngeleuchte, eine stilvolle und funktionale Leuchte, die Ihrem Zuhause einen eleganten und raffinierten Touch verleiht.\" \/>\n<meta name=\"robots\" content=\"index, follow, max-snippet:-1, max-image-preview:large, max-video-preview:-1\" \/>\n<link rel=\"canonical\" href=\"https:\/\/ekkla.ch\/de\/produit\/haengeleuchte-reykjavik-o20-cm-milky-white-glas-its-about-romi\/\" \/>\n<meta property=\"og:locale\" content=\"de_DE\" \/>\n<meta property=\"og:type\" content=\"article\" \/>\n<meta property=\"og:title\" content=\"H\u00e4ngeleuchte Reykjavik - \u00d820 cm - Milky White Glas - It&#039;s About Romi\" \/>\n<meta property=\"og:description\" content=\"Entdecken Sie die Reykjavik H\u00e4ngeleuchte, eine stilvolle und funktionale Leuchte, die Ihrem Zuhause einen eleganten und raffinierten Touch verleiht.\" \/>\n<meta property=\"og:url\" content=\"https:\/\/ekkla.ch\/de\/produit\/haengeleuchte-reykjavik-o20-cm-milky-white-glas-its-about-romi\/\" \/>\n<meta property=\"og:site_name\" content=\"Ekkla\" \/>\n<meta property=\"article:modified_time\" content=\"2024-02-17T13:29:20+00:00\" \/>\n<meta property=\"og:image\" content=\"https:\/\/ekkla.ch\/wp-content\/uploads\/2024\/02\/Ekkla-light-its-about-romi-suspension-Reykjavik-blanc-20cm.jpg\" \/>\n\t<meta property=\"og:image:width\" content=\"900\" \/>\n\t<meta property=\"og:image:height\" content=\"900\" \/>\n\t<meta property=\"og:image:type\" content=\"image\/jpeg\" \/>\n<meta name=\"twitter:card\" content=\"summary_large_image\" \/>\n<meta name=\"twitter:label1\" content=\"Gesch\u00e4tzte Lesezeit\" \/>\n\t<meta name=\"twitter:data1\" content=\"2\u00a0Minuten\" \/>\n<script type=\"application\/ld+json\" class=\"yoast-schema-graph\">{\"@context\":\"https:\/\/schema.org\",\"@graph\":[{\"@type\":\"WebPage\",\"@id\":\"https:\/\/ekkla.ch\/de\/produit\/haengeleuchte-reykjavik-o20-cm-milky-white-glas-its-about-romi\/\",\"url\":\"https:\/\/ekkla.ch\/de\/produit\/haengeleuchte-reykjavik-o20-cm-milky-white-glas-its-about-romi\/\",\"name\":\"It's About Romi | H\u00e4ngeleuchte Reykjavik | Gratisversand | Ekkla\",\"isPartOf\":{\"@id\":\"https:\/\/ekkla.ch\/#website\"},\"primaryImageOfPage\":{\"@id\":\"https:\/\/ekkla.ch\/de\/produit\/haengeleuchte-reykjavik-o20-cm-milky-white-glas-its-about-romi\/#primaryimage\"},\"image\":{\"@id\":\"https:\/\/ekkla.ch\/de\/produit\/haengeleuchte-reykjavik-o20-cm-milky-white-glas-its-about-romi\/#primaryimage\"},\"thumbnailUrl\":\"https:\/\/ekkla.ch\/wp-content\/uploads\/2024\/02\/Ekkla-light-its-about-romi-suspension-Reykjavik-blanc-20cm.jpg\",\"datePublished\":\"2024-02-14T12:44:34+00:00\",\"dateModified\":\"2024-02-17T13:29:20+00:00\",\"description\":\"Entdecken Sie die Reykjavik H\u00e4ngeleuchte, eine stilvolle und funktionale Leuchte, die Ihrem Zuhause einen eleganten und raffinierten Touch verleiht.\",\"breadcrumb\":{\"@id\":\"https:\/\/ekkla.ch\/de\/produit\/haengeleuchte-reykjavik-o20-cm-milky-white-glas-its-about-romi\/#breadcrumb\"},\"inLanguage\":\"de\",\"potentialAction\":[{\"@type\":\"ReadAction\",\"target\":[\"https:\/\/ekkla.ch\/de\/produit\/haengeleuchte-reykjavik-o20-cm-milky-white-glas-its-about-romi\/\"]}]},{\"@type\":\"ImageObject\",\"inLanguage\":\"de\",\"@id\":\"https:\/\/ekkla.ch\/de\/produit\/haengeleuchte-reykjavik-o20-cm-milky-white-glas-its-about-romi\/#primaryimage\",\"url\":\"https:\/\/ekkla.ch\/wp-content\/uploads\/2024\/02\/Ekkla-light-its-about-romi-suspension-Reykjavik-blanc-20cm.jpg\",\"contentUrl\":\"https:\/\/ekkla.ch\/wp-content\/uploads\/2024\/02\/Ekkla-light-its-about-romi-suspension-Reykjavik-blanc-20cm.jpg\",\"width\":900,\"height\":900},{\"@type\":\"BreadcrumbList\",\"@id\":\"https:\/\/ekkla.ch\/de\/produit\/haengeleuchte-reykjavik-o20-cm-milky-white-glas-its-about-romi\/#breadcrumb\",\"itemListElement\":[{\"@type\":\"ListItem\",\"position\":1,\"name\":\"Home\",\"item\":\"https:\/\/ekkla.ch\/de\/\"},{\"@type\":\"ListItem\",\"position\":2,\"name\":\"Shop\",\"item\":\"https:\/\/ekkla.ch\/de\/shop\/\"},{\"@type\":\"ListItem\",\"position\":3,\"name\":\"H\u00e4ngeleuchte Reykjavik &#8211; \u00d820 cm &#8211; Milky White Glas &#8211; It&#8217;s About Romi\"}]},{\"@type\":\"WebSite\",\"@id\":\"https:\/\/ekkla.ch\/#website\",\"url\":\"https:\/\/ekkla.ch\/\",\"name\":\"Ekkla\",\"description\":\"Der Onlineshop f\u00fcr Beleuchtung\",\"publisher\":{\"@id\":\"https:\/\/ekkla.ch\/#organization\"},\"potentialAction\":[{\"@type\":\"SearchAction\",\"target\":{\"@type\":\"EntryPoint\",\"urlTemplate\":\"https:\/\/ekkla.ch\/?s={search_term_string}\"},\"query-input\":\"required name=search_term_string\"}],\"inLanguage\":\"de\"},{\"@type\":\"Organization\",\"@id\":\"https:\/\/ekkla.ch\/#organization\",\"name\":\"Ekkla\",\"url\":\"https:\/\/ekkla.ch\/\",\"logo\":{\"@type\":\"ImageObject\",\"inLanguage\":\"de\",\"@id\":\"https:\/\/ekkla.ch\/#\/schema\/logo\/image\/\",\"url\":\"http:\/\/ekkla.ch\/wp-content\/uploads\/2019\/07\/logo-1.svg\",\"contentUrl\":\"http:\/\/ekkla.ch\/wp-content\/uploads\/2019\/07\/logo-1.svg\",\"width\":1,\"height\":1,\"caption\":\"Ekkla\"},\"image\":{\"@id\":\"https:\/\/ekkla.ch\/#\/schema\/logo\/image\/\"},\"sameAs\":[\"https:\/\/www.instagram.com\/ekkla_light\/\"]}]}<\/script>\n<!-- \/ Yoast SEO Premium plugin. -->","yoast_head_json":{"title":"It's About Romi | H\u00e4ngeleuchte Reykjavik | Gratisversand | Ekkla","description":"Entdecken Sie die Reykjavik H\u00e4ngeleuchte, eine stilvolle und funktionale Leuchte, die Ihrem Zuhause einen eleganten und raffinierten Touch verleiht.","robots":{"index":"index","follow":"follow","max-snippet":"max-snippet:-1","max-image-preview":"max-image-preview:large","max-video-preview":"max-video-preview:-1"},"canonical":"https:\/\/ekkla.ch\/de\/produit\/haengeleuchte-reykjavik-o20-cm-milky-white-glas-its-about-romi\/","og_locale":"de_DE","og_type":"article","og_title":"H\u00e4ngeleuchte Reykjavik - \u00d820 cm - Milky White Glas - It's About Romi","og_description":"Entdecken Sie die Reykjavik H\u00e4ngeleuchte, eine stilvolle und funktionale Leuchte, die Ihrem Zuhause einen eleganten und raffinierten Touch verleiht.","og_url":"https:\/\/ekkla.ch\/de\/produit\/haengeleuchte-reykjavik-o20-cm-milky-white-glas-its-about-romi\/","og_site_name":"Ekkla","article_modified_time":"2024-02-17T13:29:20+00:00","og_image":[{"width":900,"height":900,"url":"https:\/\/ekkla.ch\/wp-content\/uploads\/2024\/02\/Ekkla-light-its-about-romi-suspension-Reykjavik-blanc-20cm.jpg","type":"image\/jpeg"}],"twitter_card":"summary_large_image","twitter_misc":{"Gesch\u00e4tzte Lesezeit":"2\u00a0Minuten"},"schema":{"@context":"https:\/\/schema.org","@graph":[{"@type":"WebPage","@id":"https:\/\/ekkla.ch\/de\/produit\/haengeleuchte-reykjavik-o20-cm-milky-white-glas-its-about-romi\/","url":"https:\/\/ekkla.ch\/de\/produit\/haengeleuchte-reykjavik-o20-cm-milky-white-glas-its-about-romi\/","name":"It's About Romi | H\u00e4ngeleuchte Reykjavik | Gratisversand | Ekkla","isPartOf":{"@id":"https:\/\/ekkla.ch\/#website"},"primaryImageOfPage":{"@id":"https:\/\/ekkla.ch\/de\/produit\/haengeleuchte-reykjavik-o20-cm-milky-white-glas-its-about-romi\/#primaryimage"},"image":{"@id":"https:\/\/ekkla.ch\/de\/produit\/haengeleuchte-reykjavik-o20-cm-milky-white-glas-its-about-romi\/#primaryimage"},"thumbnailUrl":"https:\/\/ekkla.ch\/wp-content\/uploads\/2024\/02\/Ekkla-light-its-about-romi-suspension-Reykjavik-blanc-20cm.jpg","datePublished":"2024-02-14T12:44:34+00:00","dateModified":"2024-02-17T13:29:20+00:00","description":"Entdecken Sie die Reykjavik H\u00e4ngeleuchte, eine stilvolle und funktionale Leuchte, die Ihrem Zuhause einen eleganten und raffinierten Touch verleiht.","breadcrumb":{"@id":"https:\/\/ekkla.ch\/de\/produit\/haengeleuchte-reykjavik-o20-cm-milky-white-glas-its-about-romi\/#breadcrumb"},"inLanguage":"de","potentialAction":[{"@type":"ReadAction","target":["https:\/\/ekkla.ch\/de\/produit\/haengeleuchte-reykjavik-o20-cm-milky-white-glas-its-about-romi\/"]}]},{"@type":"ImageObject","inLanguage":"de","@id":"https:\/\/ekkla.ch\/de\/produit\/haengeleuchte-reykjavik-o20-cm-milky-white-glas-its-about-romi\/#primaryimage","url":"https:\/\/ekkla.ch\/wp-content\/uploads\/2024\/02\/Ekkla-light-its-about-romi-suspension-Reykjavik-blanc-20cm.jpg","contentUrl":"https:\/\/ekkla.ch\/wp-content\/uploads\/2024\/02\/Ekkla-light-its-about-romi-suspension-Reykjavik-blanc-20cm.jpg","width":900,"height":900},{"@type":"BreadcrumbList","@id":"https:\/\/ekkla.ch\/de\/produit\/haengeleuchte-reykjavik-o20-cm-milky-white-glas-its-about-romi\/#breadcrumb","itemListElement":[{"@type":"ListItem","position":1,"name":"Home","item":"https:\/\/ekkla.ch\/de\/"},{"@type":"ListItem","position":2,"name":"Shop","item":"https:\/\/ekkla.ch\/de\/shop\/"},{"@type":"ListItem","position":3,"name":"H\u00e4ngeleuchte Reykjavik &#8211; \u00d820 cm &#8211; Milky White Glas &#8211; It&#8217;s About Romi"}]},{"@type":"WebSite","@id":"https:\/\/ekkla.ch\/#website","url":"https:\/\/ekkla.ch\/","name":"Ekkla","description":"Der Onlineshop f\u00fcr Beleuchtung","publisher":{"@id":"https:\/\/ekkla.ch\/#organization"},"potentialAction":[{"@type":"SearchAction","target":{"@type":"EntryPoint","urlTemplate":"https:\/\/ekkla.ch\/?s={search_term_string}"},"query-input":"required name=search_term_string"}],"inLanguage":"de"},{"@type":"Organization","@id":"https:\/\/ekkla.ch\/#organization","name":"Ekkla","url":"https:\/\/ekkla.ch\/","logo":{"@type":"ImageObject","inLanguage":"de","@id":"https:\/\/ekkla.ch\/#\/schema\/logo\/image\/","url":"http:\/\/ekkla.ch\/wp-content\/uploads\/2019\/07\/logo-1.svg","contentUrl":"http:\/\/ekkla.ch\/wp-content\/uploads\/2019\/07\/logo-1.svg","width":1,"height":1,"caption":"Ekkla"},"image":{"@id":"https:\/\/ekkla.ch\/#\/schema\/logo\/image\/"},"sameAs":["https:\/\/www.instagram.com\/ekkla_light\/"]}]}},"_links":{"self":[{"href":"https:\/\/ekkla.ch\/de\/wp-json\/wp\/v2\/product\/188559"}],"collection":[{"href":"https:\/\/ekkla.ch\/de\/wp-json\/wp\/v2\/product"}],"about":[{"href":"https:\/\/ekkla.ch\/de\/wp-json\/wp\/v2\/types\/product"}],"wp:featuredmedia":[{"embeddable":true,"href":"https:\/\/ekkla.ch\/de\/wp-json\/wp\/v2\/media\/188496"}],"wp:attachment":[{"href":"https:\/\/ekkla.ch\/de\/wp-json\/wp\/v2\/media?parent=188559"}],"wp:term":[{"taxonomy":"product_cat","embeddable":true,"href":"https:\/\/ekkla.ch\/de\/wp-json\/wp\/v2\/product_cat?post=188559"},{"taxonomy":"product_tag","embeddable":true,"href":"https:\/\/ekkla.ch\/de\/wp-json\/wp\/v2\/product_tag?post=188559"}],"curies":[{"name":"wp","href":"https:\/\/api.w.org\/{rel}","templated":true}]}}