{"id":188582,"date":"2024-02-09T10:27:36","date_gmt":"2024-02-09T09:27:36","guid":{"rendered":"https:\/\/ekkla.ch\/produit\/wandleuchte-bordeaux-weiss-its-about-romi\/"},"modified":"2024-02-18T19:32:25","modified_gmt":"2024-02-18T18:32:25","slug":"wandleuchte-bordeaux-weiss-its-about-romi","status":"publish","type":"product","link":"https:\/\/ekkla.ch\/de\/produit\/wandleuchte-bordeaux-weiss-its-about-romi\/","title":{"rendered":"Wandleuchte Bordeaux &#8211; Weiss &#8211; It&#8217;s About Romi"},"content":{"rendered":"<p>Entdecken Sie die Wandleuchte Bordeaux von It&#8217;s About Romi, die einen industriellen Stil mit hoher Funktionalit\u00e4t verbindet. Mit ihrer klaren Silhouette und dem schwenkbaren Design aus Metall bietet sie eine unglaubliche Pr\u00e4zision, um den Lichtstrom nach Ihren Bed\u00fcrfnissen auszurichten. Diese Wandleuchte eignet sich perfekt f\u00fcr das Kopfende eines Bettes, f\u00fcr ein Wohnzimmer oder einen Flur. Dank ihrer zeitlosen Linien und ihres industriellen Designs verleiht sie Ihrem Zuhause einen modernen und urbanen Touch. Sie ist mit einem Kabel mit Stecker f\u00fcr den Netzanschluss und einem Wandschalter ausgestattet und bietet eine praktische und schnelle Installation.<\/p>\n<p>It&#8217;s About Romi, die bekannte niederl\u00e4ndische Marke, bietet eine komplette Kollektion trendiger Leuchten, die von urbanen Codes inspiriert sind. Mit hochwertigen Materialien, sorgf\u00e4ltiger Verarbeitung und originellen Designs verk\u00f6rpert diese Wandleuchte perfekt die Handwerkskunst und den Stil der Marke.<\/p>\n<blockquote>\n<h2>Merkmale &amp; Eigenschaften<\/h2>\n<p><strong>Marke<\/strong> It&#8217;s About Romi<\/p>\n<p><strong>Farbe<\/strong> Weiss<\/p>\n<p><strong>Material<\/strong> Metall<\/p>\n<p><strong>Gl\u00fchbirne<\/strong> GU10 (nicht enthalten)<\/p>\n<p><strong>Max. Leistung (W) <\/strong>10<\/p>\n<p><strong>L\u00e4nge (cm) <\/strong>26<\/p>\n<p><strong>Max. H\u00f6he (cm) <\/strong>34<\/p>\n<p><strong>L\u00e4nge des Stromkabels (cm) <\/strong>200<\/p><\/blockquote>\n","protected":false},"excerpt":{"rendered":"<p>Entdecken Sie die Wandleuchte Bordeaux von It&#8217;s About Romi, die einen industriellen Stil mit hoher Funktionalit\u00e4t verbindet. Mit ihrer klaren Silhouette und dem schwenkbaren Design aus Metall bietet sie eine unglaubliche Pr\u00e4zision, um den Lichtstrom nach Ihren Bed\u00fcrfnissen auszurichten. Diese Wandleuchte eignet sich perfekt f\u00fcr das Kopfende eines Bettes, f\u00fcr ein Wohnzimmer oder einen Flur. [&hellip;]<\/p>\n","protected":false},"featured_media":188274,"template":"","meta":{"_acf_changed":false,"om_disable_all_campaigns":false},"product_cat":[286],"product_tag":[898,554,1188,816,603,941],"bundled_by":[],"bundle_stock_status":"onbackorder","bundle_stock_quantity":null,"bundle_virtual":false,"bundle_layout":"","bundle_add_to_cart_form_location":"","bundle_editable_in_cart":false,"bundle_sold_individually_context":"","bundle_item_grouping":"","bundle_min_size":"","bundle_max_size":"","bundle_price":[],"bundled_items":[],"bundle_sell_ids":[],"acf":[],"yoast_head":"<!-- This site is optimized with the Yoast SEO Premium plugin v22.2 (Yoast SEO v22.8) - https:\/\/yoast.com\/wordpress\/plugins\/seo\/ -->\n<title>It&#039;s About Romi | Wandleuchte Bordeaux | Weisses Metall | Ekkla<\/title>\n<meta name=\"description\" content=\"Entdecken Sie die Wandleuchte Bordeaux von It&#039;s About Romi, die einen industriellen Stil mit hoher Funktionalit\u00e4t verbindet. Gratisversand.\" \/>\n<meta name=\"robots\" content=\"index, follow, max-snippet:-1, max-image-preview:large, max-video-preview:-1\" \/>\n<link rel=\"canonical\" href=\"https:\/\/ekkla.ch\/de\/produit\/wandleuchte-bordeaux-weiss-its-about-romi\/\" \/>\n<meta property=\"og:locale\" content=\"de_DE\" \/>\n<meta property=\"og:type\" content=\"article\" \/>\n<meta property=\"og:title\" content=\"Wandleuchte Bordeaux - Weiss - It&#039;s About Romi\" \/>\n<meta property=\"og:description\" content=\"Entdecken Sie die Wandleuchte Bordeaux von It&#039;s About Romi, die einen industriellen Stil mit hoher Funktionalit\u00e4t verbindet. Gratisversand.\" \/>\n<meta property=\"og:url\" content=\"https:\/\/ekkla.ch\/de\/produit\/wandleuchte-bordeaux-weiss-its-about-romi\/\" \/>\n<meta property=\"og:site_name\" content=\"Ekkla\" \/>\n<meta property=\"article:modified_time\" content=\"2024-02-18T18:32:25+00:00\" \/>\n<meta property=\"og:image\" content=\"https:\/\/ekkla.ch\/wp-content\/uploads\/2024\/02\/ekkla-light-its-about-romi-applique-murale-bordeaux-blanc.jpg\" \/>\n\t<meta property=\"og:image:width\" content=\"900\" \/>\n\t<meta property=\"og:image:height\" content=\"900\" \/>\n\t<meta property=\"og:image:type\" content=\"image\/jpeg\" \/>\n<meta name=\"twitter:card\" content=\"summary_large_image\" \/>\n<meta name=\"twitter:label1\" content=\"Gesch\u00e4tzte Lesezeit\" \/>\n\t<meta name=\"twitter:data1\" content=\"1\u00a0Minute\" \/>\n<script type=\"application\/ld+json\" class=\"yoast-schema-graph\">{\"@context\":\"https:\/\/schema.org\",\"@graph\":[{\"@type\":\"WebPage\",\"@id\":\"https:\/\/ekkla.ch\/de\/produit\/wandleuchte-bordeaux-weiss-its-about-romi\/\",\"url\":\"https:\/\/ekkla.ch\/de\/produit\/wandleuchte-bordeaux-weiss-its-about-romi\/\",\"name\":\"It's About Romi | Wandleuchte Bordeaux | Weisses Metall | Ekkla\",\"isPartOf\":{\"@id\":\"https:\/\/ekkla.ch\/#website\"},\"primaryImageOfPage\":{\"@id\":\"https:\/\/ekkla.ch\/de\/produit\/wandleuchte-bordeaux-weiss-its-about-romi\/#primaryimage\"},\"image\":{\"@id\":\"https:\/\/ekkla.ch\/de\/produit\/wandleuchte-bordeaux-weiss-its-about-romi\/#primaryimage\"},\"thumbnailUrl\":\"https:\/\/ekkla.ch\/wp-content\/uploads\/2024\/02\/ekkla-light-its-about-romi-applique-murale-bordeaux-blanc.jpg\",\"datePublished\":\"2024-02-09T09:27:36+00:00\",\"dateModified\":\"2024-02-18T18:32:25+00:00\",\"description\":\"Entdecken Sie die Wandleuchte Bordeaux von It's About Romi, die einen industriellen Stil mit hoher Funktionalit\u00e4t verbindet. Gratisversand.\",\"breadcrumb\":{\"@id\":\"https:\/\/ekkla.ch\/de\/produit\/wandleuchte-bordeaux-weiss-its-about-romi\/#breadcrumb\"},\"inLanguage\":\"de\",\"potentialAction\":[{\"@type\":\"ReadAction\",\"target\":[\"https:\/\/ekkla.ch\/de\/produit\/wandleuchte-bordeaux-weiss-its-about-romi\/\"]}]},{\"@type\":\"ImageObject\",\"inLanguage\":\"de\",\"@id\":\"https:\/\/ekkla.ch\/de\/produit\/wandleuchte-bordeaux-weiss-its-about-romi\/#primaryimage\",\"url\":\"https:\/\/ekkla.ch\/wp-content\/uploads\/2024\/02\/ekkla-light-its-about-romi-applique-murale-bordeaux-blanc.jpg\",\"contentUrl\":\"https:\/\/ekkla.ch\/wp-content\/uploads\/2024\/02\/ekkla-light-its-about-romi-applique-murale-bordeaux-blanc.jpg\",\"width\":900,\"height\":900},{\"@type\":\"BreadcrumbList\",\"@id\":\"https:\/\/ekkla.ch\/de\/produit\/wandleuchte-bordeaux-weiss-its-about-romi\/#breadcrumb\",\"itemListElement\":[{\"@type\":\"ListItem\",\"position\":1,\"name\":\"Home\",\"item\":\"https:\/\/ekkla.ch\/de\/\"},{\"@type\":\"ListItem\",\"position\":2,\"name\":\"Shop\",\"item\":\"https:\/\/ekkla.ch\/de\/shop\/\"},{\"@type\":\"ListItem\",\"position\":3,\"name\":\"Wandleuchte Bordeaux &#8211; Weiss &#8211; It&#8217;s About Romi\"}]},{\"@type\":\"WebSite\",\"@id\":\"https:\/\/ekkla.ch\/#website\",\"url\":\"https:\/\/ekkla.ch\/\",\"name\":\"Ekkla\",\"description\":\"Der Onlineshop f\u00fcr Beleuchtung\",\"publisher\":{\"@id\":\"https:\/\/ekkla.ch\/#organization\"},\"potentialAction\":[{\"@type\":\"SearchAction\",\"target\":{\"@type\":\"EntryPoint\",\"urlTemplate\":\"https:\/\/ekkla.ch\/?s={search_term_string}\"},\"query-input\":\"required name=search_term_string\"}],\"inLanguage\":\"de\"},{\"@type\":\"Organization\",\"@id\":\"https:\/\/ekkla.ch\/#organization\",\"name\":\"Ekkla\",\"url\":\"https:\/\/ekkla.ch\/\",\"logo\":{\"@type\":\"ImageObject\",\"inLanguage\":\"de\",\"@id\":\"https:\/\/ekkla.ch\/#\/schema\/logo\/image\/\",\"url\":\"http:\/\/ekkla.ch\/wp-content\/uploads\/2019\/07\/logo-1.svg\",\"contentUrl\":\"http:\/\/ekkla.ch\/wp-content\/uploads\/2019\/07\/logo-1.svg\",\"width\":1,\"height\":1,\"caption\":\"Ekkla\"},\"image\":{\"@id\":\"https:\/\/ekkla.ch\/#\/schema\/logo\/image\/\"},\"sameAs\":[\"https:\/\/www.instagram.com\/ekkla_light\/\"]}]}<\/script>\n<!-- \/ Yoast SEO Premium plugin. -->","yoast_head_json":{"title":"It's About Romi | Wandleuchte Bordeaux | Weisses Metall | Ekkla","description":"Entdecken Sie die Wandleuchte Bordeaux von It's About Romi, die einen industriellen Stil mit hoher Funktionalit\u00e4t verbindet. Gratisversand.","robots":{"index":"index","follow":"follow","max-snippet":"max-snippet:-1","max-image-preview":"max-image-preview:large","max-video-preview":"max-video-preview:-1"},"canonical":"https:\/\/ekkla.ch\/de\/produit\/wandleuchte-bordeaux-weiss-its-about-romi\/","og_locale":"de_DE","og_type":"article","og_title":"Wandleuchte Bordeaux - Weiss - It's About Romi","og_description":"Entdecken Sie die Wandleuchte Bordeaux von It's About Romi, die einen industriellen Stil mit hoher Funktionalit\u00e4t verbindet. Gratisversand.","og_url":"https:\/\/ekkla.ch\/de\/produit\/wandleuchte-bordeaux-weiss-its-about-romi\/","og_site_name":"Ekkla","article_modified_time":"2024-02-18T18:32:25+00:00","og_image":[{"width":900,"height":900,"url":"https:\/\/ekkla.ch\/wp-content\/uploads\/2024\/02\/ekkla-light-its-about-romi-applique-murale-bordeaux-blanc.jpg","type":"image\/jpeg"}],"twitter_card":"summary_large_image","twitter_misc":{"Gesch\u00e4tzte Lesezeit":"1\u00a0Minute"},"schema":{"@context":"https:\/\/schema.org","@graph":[{"@type":"WebPage","@id":"https:\/\/ekkla.ch\/de\/produit\/wandleuchte-bordeaux-weiss-its-about-romi\/","url":"https:\/\/ekkla.ch\/de\/produit\/wandleuchte-bordeaux-weiss-its-about-romi\/","name":"It's About Romi | Wandleuchte Bordeaux | Weisses Metall | Ekkla","isPartOf":{"@id":"https:\/\/ekkla.ch\/#website"},"primaryImageOfPage":{"@id":"https:\/\/ekkla.ch\/de\/produit\/wandleuchte-bordeaux-weiss-its-about-romi\/#primaryimage"},"image":{"@id":"https:\/\/ekkla.ch\/de\/produit\/wandleuchte-bordeaux-weiss-its-about-romi\/#primaryimage"},"thumbnailUrl":"https:\/\/ekkla.ch\/wp-content\/uploads\/2024\/02\/ekkla-light-its-about-romi-applique-murale-bordeaux-blanc.jpg","datePublished":"2024-02-09T09:27:36+00:00","dateModified":"2024-02-18T18:32:25+00:00","description":"Entdecken Sie die Wandleuchte Bordeaux von It's About Romi, die einen industriellen Stil mit hoher Funktionalit\u00e4t verbindet. Gratisversand.","breadcrumb":{"@id":"https:\/\/ekkla.ch\/de\/produit\/wandleuchte-bordeaux-weiss-its-about-romi\/#breadcrumb"},"inLanguage":"de","potentialAction":[{"@type":"ReadAction","target":["https:\/\/ekkla.ch\/de\/produit\/wandleuchte-bordeaux-weiss-its-about-romi\/"]}]},{"@type":"ImageObject","inLanguage":"de","@id":"https:\/\/ekkla.ch\/de\/produit\/wandleuchte-bordeaux-weiss-its-about-romi\/#primaryimage","url":"https:\/\/ekkla.ch\/wp-content\/uploads\/2024\/02\/ekkla-light-its-about-romi-applique-murale-bordeaux-blanc.jpg","contentUrl":"https:\/\/ekkla.ch\/wp-content\/uploads\/2024\/02\/ekkla-light-its-about-romi-applique-murale-bordeaux-blanc.jpg","width":900,"height":900},{"@type":"BreadcrumbList","@id":"https:\/\/ekkla.ch\/de\/produit\/wandleuchte-bordeaux-weiss-its-about-romi\/#breadcrumb","itemListElement":[{"@type":"ListItem","position":1,"name":"Home","item":"https:\/\/ekkla.ch\/de\/"},{"@type":"ListItem","position":2,"name":"Shop","item":"https:\/\/ekkla.ch\/de\/shop\/"},{"@type":"ListItem","position":3,"name":"Wandleuchte Bordeaux &#8211; Weiss &#8211; It&#8217;s About Romi"}]},{"@type":"WebSite","@id":"https:\/\/ekkla.ch\/#website","url":"https:\/\/ekkla.ch\/","name":"Ekkla","description":"Der Onlineshop f\u00fcr Beleuchtung","publisher":{"@id":"https:\/\/ekkla.ch\/#organization"},"potentialAction":[{"@type":"SearchAction","target":{"@type":"EntryPoint","urlTemplate":"https:\/\/ekkla.ch\/?s={search_term_string}"},"query-input":"required name=search_term_string"}],"inLanguage":"de"},{"@type":"Organization","@id":"https:\/\/ekkla.ch\/#organization","name":"Ekkla","url":"https:\/\/ekkla.ch\/","logo":{"@type":"ImageObject","inLanguage":"de","@id":"https:\/\/ekkla.ch\/#\/schema\/logo\/image\/","url":"http:\/\/ekkla.ch\/wp-content\/uploads\/2019\/07\/logo-1.svg","contentUrl":"http:\/\/ekkla.ch\/wp-content\/uploads\/2019\/07\/logo-1.svg","width":1,"height":1,"caption":"Ekkla"},"image":{"@id":"https:\/\/ekkla.ch\/#\/schema\/logo\/image\/"},"sameAs":["https:\/\/www.instagram.com\/ekkla_light\/"]}]}},"_links":{"self":[{"href":"https:\/\/ekkla.ch\/de\/wp-json\/wp\/v2\/product\/188582"}],"collection":[{"href":"https:\/\/ekkla.ch\/de\/wp-json\/wp\/v2\/product"}],"about":[{"href":"https:\/\/ekkla.ch\/de\/wp-json\/wp\/v2\/types\/product"}],"wp:featuredmedia":[{"embeddable":true,"href":"https:\/\/ekkla.ch\/de\/wp-json\/wp\/v2\/media\/188274"}],"wp:attachment":[{"href":"https:\/\/ekkla.ch\/de\/wp-json\/wp\/v2\/media?parent=188582"}],"wp:term":[{"taxonomy":"product_cat","embeddable":true,"href":"https:\/\/ekkla.ch\/de\/wp-json\/wp\/v2\/product_cat?post=188582"},{"taxonomy":"product_tag","embeddable":true,"href":"https:\/\/ekkla.ch\/de\/wp-json\/wp\/v2\/product_tag?post=188582"}],"curies":[{"name":"wp","href":"https:\/\/api.w.org\/{rel}","templated":true}]}}