{"id":188863,"date":"2024-02-23T10:26:10","date_gmt":"2024-02-23T09:26:10","guid":{"rendered":"https:\/\/ekkla.ch\/produit\/kabellose-leuchte-pantop-%e2%88%8518-cm-glaenzendes-rot-verpan\/"},"modified":"2024-02-27T23:03:50","modified_gmt":"2024-02-27T22:03:50","slug":"kabellose-leuchte-pantop-%e2%88%8518-cm-glaenzendes-rot-verpan","status":"publish","type":"product","link":"https:\/\/ekkla.ch\/de\/produit\/kabellose-leuchte-pantop-%e2%88%8518-cm-glaenzendes-rot-verpan\/","title":{"rendered":"Kabellose Leuchte Pantop &#8211; \u220518 cm &#8211; Gl\u00e4nzendes Rot &#8211; Verpan"},"content":{"rendered":"<p>Die elegante Leuchte Pantop wurde 1980 von Verner Panton entworfen und ist seit langem ein fester Bestandteil der Verpan-Kollektion. Pantop zeichnet sich durch einen glockenf\u00f6rmigen, weit ausladenden Lampenschirm aus, der mit der \u00d6ffnung nach unten montiert ist. Die neueste Kreation in der Pantop-Kollektion ist eine tragbare Pantop-Version, bei der moderne Materialien und Technologien zum Einsatz kommen. Dies ist das, wonach Panton selbst immer gesucht hat.<\/p>\n<p>Die kabellose Leuchte Pantop f\u00fcgt ein neues Niveau an Benutzerfreundlichkeit und Flexibilit\u00e4t hinzu, das es Ihnen erm\u00f6glicht, das Licht mitzunehmen &#8211; von einem Raum in den anderen, und die gew\u00fcnschte Atmosph\u00e4re zu schaffen, wo immer Sie auch sind. Mit einer Leuchtdauer von sieben Stunden erm\u00f6glicht Ihnen die kabellose Leuchte Pantop, die Flexibilit\u00e4t des Lichts einen ganzen Abend lang zu geniessen, auch wenn kein Stromanschluss zur Verf\u00fcgung steht.<\/p>\n<p>Mit dem dreistufigen Dimmer k\u00f6nnen Sie das Lichtniveau an die gew\u00fcnschte Atmosph\u00e4re und den gew\u00fcnschten Rahmen anpassen. Dank der Schutzart IP44 wird die Leuchte gerne im Freien eingesetzt.<\/p>\n<p>In den 1980er Jahren entwarf der Designer Verner Panton verschiedene moderne Lampenserien, die zu einem Must-have des skandinavischen Designs wurden. Heute legt das Haus Verpan seine Ideen neu auf!<\/p>\n<blockquote>\n<h2 style=\"text-align: left;\">Merkmale &amp; Eigenschaften<\/h2>\n<p><strong>Marke<\/strong> Verpan<\/p>\n<p style=\"text-align: left;\"><strong>Farbe <\/strong>Gl\u00e4nzendes Rot<\/p>\n<p style=\"text-align: left;\"><strong>Materialien <\/strong>Polycarbonat und Metall<\/p>\n<p><strong>Stromversorgung<\/strong> Integrierte LED<\/p>\n<p><strong>Lichtst\u00e4rke (W) <\/strong>1,5 LED<\/p>\n<p><strong>Lichtfarbe (K) <\/strong>2700<\/p>\n<p style=\"text-align: left;\"><strong>H\u00f6he (cm) <\/strong>30<\/p>\n<p><strong>Durchmesser (cm) <\/strong>18<\/p>\n<p><strong>Gewicht (kg)<\/strong> 1,5<\/p><\/blockquote>\n","protected":false},"excerpt":{"rendered":"<p>Die elegante Leuchte Pantop wurde 1980 von Verner Panton entworfen und ist seit langem ein fester Bestandteil der Verpan-Kollektion. Pantop zeichnet sich durch einen glockenf\u00f6rmigen, weit ausladenden Lampenschirm aus, der mit der \u00d6ffnung nach unten montiert ist. Die neueste Kreation in der Pantop-Kollektion ist eine tragbare Pantop-Version, bei der moderne Materialien und Technologien zum Einsatz [&hellip;]<\/p>\n","protected":false},"featured_media":188691,"template":"","meta":{"_acf_changed":false,"om_disable_all_campaigns":false},"product_cat":[290],"product_tag":[760,896,1188,801,1022,816],"bundled_by":[],"bundle_stock_status":"onbackorder","bundle_stock_quantity":null,"bundle_virtual":false,"bundle_layout":"","bundle_add_to_cart_form_location":"","bundle_editable_in_cart":false,"bundle_sold_individually_context":"","bundle_item_grouping":"","bundle_min_size":"","bundle_max_size":"","bundle_price":[],"bundled_items":[],"bundle_sell_ids":[],"acf":[],"yoast_head":"<!-- This site is optimized with the Yoast SEO Premium plugin v22.2 (Yoast SEO v22.8) - https:\/\/yoast.com\/wordpress\/plugins\/seo\/ -->\n<title>Kabellose Leuchte Pantop Verpan | Gl\u00e4nzendes Rot | Ekkla<\/title>\n<meta name=\"description\" content=\"Die kabellose Pantop Verpan Leuchte mit ihren eleganten Vintage-Formen wurde zu einer Designikone der 80er Jahre. Aufladbare Nomaden- und Outdoor-Leuchte.\" \/>\n<meta name=\"robots\" content=\"index, follow, max-snippet:-1, max-image-preview:large, max-video-preview:-1\" \/>\n<link rel=\"canonical\" href=\"https:\/\/ekkla.ch\/de\/produit\/kabellose-leuchte-pantop-\u220518-cm-glaenzendes-rot-verpan\/\" \/>\n<meta property=\"og:locale\" content=\"de_DE\" \/>\n<meta property=\"og:type\" content=\"article\" \/>\n<meta property=\"og:title\" content=\"Kabellose Leuchte Pantop - \u220518 cm - Gl\u00e4nzendes Rot - Verpan\" \/>\n<meta property=\"og:description\" content=\"Die kabellose Pantop Verpan Leuchte mit ihren eleganten Vintage-Formen wurde zu einer Designikone der 80er Jahre. Aufladbare Nomaden- und Outdoor-Leuchte.\" \/>\n<meta property=\"og:url\" content=\"https:\/\/ekkla.ch\/de\/produit\/kabellose-leuchte-pantop-\u220518-cm-glaenzendes-rot-verpan\/\" \/>\n<meta property=\"og:site_name\" content=\"Ekkla\" \/>\n<meta property=\"article:modified_time\" content=\"2024-02-27T22:03:50+00:00\" \/>\n<meta property=\"og:image\" content=\"https:\/\/ekkla.ch\/wp-content\/uploads\/2024\/02\/ekkla-light-verpan-lampe-de-table-panton-rouge-brillant.jpg\" \/>\n\t<meta property=\"og:image:width\" content=\"900\" \/>\n\t<meta property=\"og:image:height\" content=\"900\" \/>\n\t<meta property=\"og:image:type\" content=\"image\/jpeg\" \/>\n<meta name=\"twitter:card\" content=\"summary_large_image\" \/>\n<meta name=\"twitter:label1\" content=\"Gesch\u00e4tzte Lesezeit\" \/>\n\t<meta name=\"twitter:data1\" content=\"1\u00a0Minute\" \/>\n<script type=\"application\/ld+json\" class=\"yoast-schema-graph\">{\"@context\":\"https:\/\/schema.org\",\"@graph\":[{\"@type\":\"WebPage\",\"@id\":\"https:\/\/ekkla.ch\/de\/produit\/kabellose-leuchte-pantop-%e2%88%8518-cm-glaenzendes-rot-verpan\/\",\"url\":\"https:\/\/ekkla.ch\/de\/produit\/kabellose-leuchte-pantop-%e2%88%8518-cm-glaenzendes-rot-verpan\/\",\"name\":\"Kabellose Leuchte Pantop Verpan | Gl\u00e4nzendes Rot | Ekkla\",\"isPartOf\":{\"@id\":\"https:\/\/ekkla.ch\/#website\"},\"primaryImageOfPage\":{\"@id\":\"https:\/\/ekkla.ch\/de\/produit\/kabellose-leuchte-pantop-%e2%88%8518-cm-glaenzendes-rot-verpan\/#primaryimage\"},\"image\":{\"@id\":\"https:\/\/ekkla.ch\/de\/produit\/kabellose-leuchte-pantop-%e2%88%8518-cm-glaenzendes-rot-verpan\/#primaryimage\"},\"thumbnailUrl\":\"https:\/\/ekkla.ch\/wp-content\/uploads\/2024\/02\/ekkla-light-verpan-lampe-de-table-panton-rouge-brillant.jpg\",\"datePublished\":\"2024-02-23T09:26:10+00:00\",\"dateModified\":\"2024-02-27T22:03:50+00:00\",\"description\":\"Die kabellose Pantop Verpan Leuchte mit ihren eleganten Vintage-Formen wurde zu einer Designikone der 80er Jahre. Aufladbare Nomaden- und Outdoor-Leuchte.\",\"breadcrumb\":{\"@id\":\"https:\/\/ekkla.ch\/de\/produit\/kabellose-leuchte-pantop-%e2%88%8518-cm-glaenzendes-rot-verpan\/#breadcrumb\"},\"inLanguage\":\"de\",\"potentialAction\":[{\"@type\":\"ReadAction\",\"target\":[\"https:\/\/ekkla.ch\/de\/produit\/kabellose-leuchte-pantop-%e2%88%8518-cm-glaenzendes-rot-verpan\/\"]}]},{\"@type\":\"ImageObject\",\"inLanguage\":\"de\",\"@id\":\"https:\/\/ekkla.ch\/de\/produit\/kabellose-leuchte-pantop-%e2%88%8518-cm-glaenzendes-rot-verpan\/#primaryimage\",\"url\":\"https:\/\/ekkla.ch\/wp-content\/uploads\/2024\/02\/ekkla-light-verpan-lampe-de-table-panton-rouge-brillant.jpg\",\"contentUrl\":\"https:\/\/ekkla.ch\/wp-content\/uploads\/2024\/02\/ekkla-light-verpan-lampe-de-table-panton-rouge-brillant.jpg\",\"width\":900,\"height\":900},{\"@type\":\"BreadcrumbList\",\"@id\":\"https:\/\/ekkla.ch\/de\/produit\/kabellose-leuchte-pantop-%e2%88%8518-cm-glaenzendes-rot-verpan\/#breadcrumb\",\"itemListElement\":[{\"@type\":\"ListItem\",\"position\":1,\"name\":\"Home\",\"item\":\"https:\/\/ekkla.ch\/de\/\"},{\"@type\":\"ListItem\",\"position\":2,\"name\":\"Shop\",\"item\":\"https:\/\/ekkla.ch\/de\/shop\/\"},{\"@type\":\"ListItem\",\"position\":3,\"name\":\"Kabellose Leuchte Pantop &#8211; \u220518 cm &#8211; Gl\u00e4nzendes Rot &#8211; Verpan\"}]},{\"@type\":\"WebSite\",\"@id\":\"https:\/\/ekkla.ch\/#website\",\"url\":\"https:\/\/ekkla.ch\/\",\"name\":\"Ekkla\",\"description\":\"Der Onlineshop f\u00fcr Beleuchtung\",\"publisher\":{\"@id\":\"https:\/\/ekkla.ch\/#organization\"},\"potentialAction\":[{\"@type\":\"SearchAction\",\"target\":{\"@type\":\"EntryPoint\",\"urlTemplate\":\"https:\/\/ekkla.ch\/?s={search_term_string}\"},\"query-input\":\"required name=search_term_string\"}],\"inLanguage\":\"de\"},{\"@type\":\"Organization\",\"@id\":\"https:\/\/ekkla.ch\/#organization\",\"name\":\"Ekkla\",\"url\":\"https:\/\/ekkla.ch\/\",\"logo\":{\"@type\":\"ImageObject\",\"inLanguage\":\"de\",\"@id\":\"https:\/\/ekkla.ch\/#\/schema\/logo\/image\/\",\"url\":\"http:\/\/ekkla.ch\/wp-content\/uploads\/2019\/07\/logo-1.svg\",\"contentUrl\":\"http:\/\/ekkla.ch\/wp-content\/uploads\/2019\/07\/logo-1.svg\",\"width\":1,\"height\":1,\"caption\":\"Ekkla\"},\"image\":{\"@id\":\"https:\/\/ekkla.ch\/#\/schema\/logo\/image\/\"},\"sameAs\":[\"https:\/\/www.instagram.com\/ekkla_light\/\"]}]}<\/script>\n<!-- \/ Yoast SEO Premium plugin. -->","yoast_head_json":{"title":"Kabellose Leuchte Pantop Verpan | Gl\u00e4nzendes Rot | Ekkla","description":"Die kabellose Pantop Verpan Leuchte mit ihren eleganten Vintage-Formen wurde zu einer Designikone der 80er Jahre. Aufladbare Nomaden- und Outdoor-Leuchte.","robots":{"index":"index","follow":"follow","max-snippet":"max-snippet:-1","max-image-preview":"max-image-preview:large","max-video-preview":"max-video-preview:-1"},"canonical":"https:\/\/ekkla.ch\/de\/produit\/kabellose-leuchte-pantop-\u220518-cm-glaenzendes-rot-verpan\/","og_locale":"de_DE","og_type":"article","og_title":"Kabellose Leuchte Pantop - \u220518 cm - Gl\u00e4nzendes Rot - Verpan","og_description":"Die kabellose Pantop Verpan Leuchte mit ihren eleganten Vintage-Formen wurde zu einer Designikone der 80er Jahre. Aufladbare Nomaden- und Outdoor-Leuchte.","og_url":"https:\/\/ekkla.ch\/de\/produit\/kabellose-leuchte-pantop-\u220518-cm-glaenzendes-rot-verpan\/","og_site_name":"Ekkla","article_modified_time":"2024-02-27T22:03:50+00:00","og_image":[{"width":900,"height":900,"url":"https:\/\/ekkla.ch\/wp-content\/uploads\/2024\/02\/ekkla-light-verpan-lampe-de-table-panton-rouge-brillant.jpg","type":"image\/jpeg"}],"twitter_card":"summary_large_image","twitter_misc":{"Gesch\u00e4tzte Lesezeit":"1\u00a0Minute"},"schema":{"@context":"https:\/\/schema.org","@graph":[{"@type":"WebPage","@id":"https:\/\/ekkla.ch\/de\/produit\/kabellose-leuchte-pantop-%e2%88%8518-cm-glaenzendes-rot-verpan\/","url":"https:\/\/ekkla.ch\/de\/produit\/kabellose-leuchte-pantop-%e2%88%8518-cm-glaenzendes-rot-verpan\/","name":"Kabellose Leuchte Pantop Verpan | Gl\u00e4nzendes Rot | Ekkla","isPartOf":{"@id":"https:\/\/ekkla.ch\/#website"},"primaryImageOfPage":{"@id":"https:\/\/ekkla.ch\/de\/produit\/kabellose-leuchte-pantop-%e2%88%8518-cm-glaenzendes-rot-verpan\/#primaryimage"},"image":{"@id":"https:\/\/ekkla.ch\/de\/produit\/kabellose-leuchte-pantop-%e2%88%8518-cm-glaenzendes-rot-verpan\/#primaryimage"},"thumbnailUrl":"https:\/\/ekkla.ch\/wp-content\/uploads\/2024\/02\/ekkla-light-verpan-lampe-de-table-panton-rouge-brillant.jpg","datePublished":"2024-02-23T09:26:10+00:00","dateModified":"2024-02-27T22:03:50+00:00","description":"Die kabellose Pantop Verpan Leuchte mit ihren eleganten Vintage-Formen wurde zu einer Designikone der 80er Jahre. Aufladbare Nomaden- und Outdoor-Leuchte.","breadcrumb":{"@id":"https:\/\/ekkla.ch\/de\/produit\/kabellose-leuchte-pantop-%e2%88%8518-cm-glaenzendes-rot-verpan\/#breadcrumb"},"inLanguage":"de","potentialAction":[{"@type":"ReadAction","target":["https:\/\/ekkla.ch\/de\/produit\/kabellose-leuchte-pantop-%e2%88%8518-cm-glaenzendes-rot-verpan\/"]}]},{"@type":"ImageObject","inLanguage":"de","@id":"https:\/\/ekkla.ch\/de\/produit\/kabellose-leuchte-pantop-%e2%88%8518-cm-glaenzendes-rot-verpan\/#primaryimage","url":"https:\/\/ekkla.ch\/wp-content\/uploads\/2024\/02\/ekkla-light-verpan-lampe-de-table-panton-rouge-brillant.jpg","contentUrl":"https:\/\/ekkla.ch\/wp-content\/uploads\/2024\/02\/ekkla-light-verpan-lampe-de-table-panton-rouge-brillant.jpg","width":900,"height":900},{"@type":"BreadcrumbList","@id":"https:\/\/ekkla.ch\/de\/produit\/kabellose-leuchte-pantop-%e2%88%8518-cm-glaenzendes-rot-verpan\/#breadcrumb","itemListElement":[{"@type":"ListItem","position":1,"name":"Home","item":"https:\/\/ekkla.ch\/de\/"},{"@type":"ListItem","position":2,"name":"Shop","item":"https:\/\/ekkla.ch\/de\/shop\/"},{"@type":"ListItem","position":3,"name":"Kabellose Leuchte Pantop &#8211; \u220518 cm &#8211; Gl\u00e4nzendes Rot &#8211; Verpan"}]},{"@type":"WebSite","@id":"https:\/\/ekkla.ch\/#website","url":"https:\/\/ekkla.ch\/","name":"Ekkla","description":"Der Onlineshop f\u00fcr Beleuchtung","publisher":{"@id":"https:\/\/ekkla.ch\/#organization"},"potentialAction":[{"@type":"SearchAction","target":{"@type":"EntryPoint","urlTemplate":"https:\/\/ekkla.ch\/?s={search_term_string}"},"query-input":"required name=search_term_string"}],"inLanguage":"de"},{"@type":"Organization","@id":"https:\/\/ekkla.ch\/#organization","name":"Ekkla","url":"https:\/\/ekkla.ch\/","logo":{"@type":"ImageObject","inLanguage":"de","@id":"https:\/\/ekkla.ch\/#\/schema\/logo\/image\/","url":"http:\/\/ekkla.ch\/wp-content\/uploads\/2019\/07\/logo-1.svg","contentUrl":"http:\/\/ekkla.ch\/wp-content\/uploads\/2019\/07\/logo-1.svg","width":1,"height":1,"caption":"Ekkla"},"image":{"@id":"https:\/\/ekkla.ch\/#\/schema\/logo\/image\/"},"sameAs":["https:\/\/www.instagram.com\/ekkla_light\/"]}]}},"_links":{"self":[{"href":"https:\/\/ekkla.ch\/de\/wp-json\/wp\/v2\/product\/188863"}],"collection":[{"href":"https:\/\/ekkla.ch\/de\/wp-json\/wp\/v2\/product"}],"about":[{"href":"https:\/\/ekkla.ch\/de\/wp-json\/wp\/v2\/types\/product"}],"wp:featuredmedia":[{"embeddable":true,"href":"https:\/\/ekkla.ch\/de\/wp-json\/wp\/v2\/media\/188691"}],"wp:attachment":[{"href":"https:\/\/ekkla.ch\/de\/wp-json\/wp\/v2\/media?parent=188863"}],"wp:term":[{"taxonomy":"product_cat","embeddable":true,"href":"https:\/\/ekkla.ch\/de\/wp-json\/wp\/v2\/product_cat?post=188863"},{"taxonomy":"product_tag","embeddable":true,"href":"https:\/\/ekkla.ch\/de\/wp-json\/wp\/v2\/product_tag?post=188863"}],"curies":[{"name":"wp","href":"https:\/\/api.w.org\/{rel}","templated":true}]}}