{"id":18990,"date":"2020-03-12T15:39:21","date_gmt":"2020-03-12T14:39:21","guid":{"rendered":"https:\/\/ekkla.ch\/produit\/ampoule-led-opaque-basic\/"},"modified":"2022-03-03T09:18:06","modified_gmt":"2022-03-03T08:18:06","slug":"led-gluehbirne-basic-opak","status":"publish","type":"product","link":"https:\/\/ekkla.ch\/de\/produit\/led-gluehbirne-basic-opak\/","title":{"rendered":"LED-Gl\u00fchbirne Basic opak"},"content":{"rendered":"<p>Eine klassische undurchsichtige LED-Gl\u00fchbirne, die sich ideal f\u00fcr die Verwendung mit einer Leuchte mit Lampenschirm eignet. Die warmweisse Farbe gew\u00e4hrleistet eine gute Qualit\u00e4t der Lichtwiedergabe und die Lumenst\u00e4rke garantiert eine hochwertige Beleuchtung f\u00fcr eine Nachttischleuchte, eine Schreibtischleuchte oder eine H\u00e4ngeleuchte mit mehreren Lichtquellen.<\/p>\n<blockquote>\n<h2>Merkmale und Eigenschaften<\/h2>\n<p><strong>Farbe<\/strong>\u00a0Opak<\/p>\n<p><strong>Material<\/strong>\u00a0Glas und Kunststoff<\/p>\n<p><strong>Filamenttyp<\/strong>\u00a0LED<\/p>\n<p><strong>Lichtfarbe (k)<\/strong> 3000<\/p>\n<p><strong>Leistung (W)<\/strong> 5,5<\/p>\n<p><strong>Sockel <\/strong>E14<\/p>\n<p><strong>Durchmesser (cm)<\/strong> 4,5<\/p>\n<p><strong>H\u00f6he (cm)<\/strong> 8.0<\/p>\n<p><strong>Energieeffizienz<\/strong>\u00a0A+<\/p>\n<p><strong>Variable Lichtintensit\u00e4t (dimmbar) <\/strong>Ja<\/p><\/blockquote>\n","protected":false},"excerpt":{"rendered":"<p>Eine klassische undurchsichtige LED-Gl\u00fchbirne, die sich ideal f\u00fcr die Verwendung mit einer Leuchte mit Lampenschirm eignet. Die warmweisse Farbe gew\u00e4hrleistet eine gute Qualit\u00e4t der Lichtwiedergabe und die Lumenst\u00e4rke garantiert eine hochwertige Beleuchtung f\u00fcr eine Nachttischleuchte, eine Schreibtischleuchte oder eine H\u00e4ngeleuchte mit mehreren Lichtquellen. Merkmale und Eigenschaften Farbe\u00a0Opak Material\u00a0Glas und Kunststoff Filamenttyp\u00a0LED Lichtfarbe (k) 3000 Leistung [&hellip;]<\/p>\n","protected":false},"featured_media":61828,"template":"","meta":{"_acf_changed":false,"om_disable_all_campaigns":false},"product_cat":[285],"product_tag":[554,307,816],"bundled_by":["18447"],"bundle_stock_status":"onbackorder","bundle_stock_quantity":null,"bundle_virtual":false,"bundle_layout":"","bundle_add_to_cart_form_location":"","bundle_editable_in_cart":false,"bundle_sold_individually_context":"","bundle_item_grouping":"","bundle_min_size":"","bundle_max_size":"","bundle_price":[],"bundled_items":[],"bundle_sell_ids":[],"acf":[],"yoast_head":"<!-- This site is optimized with the Yoast SEO Premium plugin v22.2 (Yoast SEO v22.8) - https:\/\/yoast.com\/wordpress\/plugins\/seo\/ -->\n<title>Klassische Gl\u00fchbirne opak | LED-Technologie | Sockel E14 | Ekkla<\/title>\n<meta name=\"description\" content=\"Eine klassische undurchsichtige LED-Gl\u00fchbirne f\u00fcr eine Leuchte mit Lampenschirm. Warmweisse Farbe, gute Qualit\u00e4t der Lichtwiedergabe und Lumenst\u00e4rke.\" \/>\n<meta name=\"robots\" content=\"index, follow, max-snippet:-1, max-image-preview:large, max-video-preview:-1\" \/>\n<link rel=\"canonical\" href=\"https:\/\/ekkla.ch\/de\/produit\/led-gluehbirne-basic-opak\/\" \/>\n<meta property=\"og:locale\" content=\"de_DE\" \/>\n<meta property=\"og:type\" content=\"article\" \/>\n<meta property=\"og:title\" content=\"LED-Gl\u00fchbirne Basic opak\" \/>\n<meta property=\"og:description\" content=\"Eine klassische undurchsichtige LED-Gl\u00fchbirne f\u00fcr eine Leuchte mit Lampenschirm. Warmweisse Farbe, gute Qualit\u00e4t der Lichtwiedergabe und Lumenst\u00e4rke.\" \/>\n<meta property=\"og:url\" content=\"https:\/\/ekkla.ch\/de\/produit\/led-gluehbirne-basic-opak\/\" \/>\n<meta property=\"og:site_name\" content=\"Ekkla\" \/>\n<meta property=\"article:modified_time\" content=\"2022-03-03T08:18:06+00:00\" \/>\n<meta property=\"og:image\" content=\"https:\/\/ekkla.ch\/wp-content\/uploads\/2020\/03\/336-73_2.jpg\" \/>\n\t<meta property=\"og:image:width\" content=\"592\" \/>\n\t<meta property=\"og:image:height\" content=\"592\" \/>\n\t<meta property=\"og:image:type\" content=\"image\/jpeg\" \/>\n<meta name=\"twitter:card\" content=\"summary_large_image\" \/>\n<script type=\"application\/ld+json\" class=\"yoast-schema-graph\">{\"@context\":\"https:\/\/schema.org\",\"@graph\":[{\"@type\":\"WebPage\",\"@id\":\"https:\/\/ekkla.ch\/de\/produit\/led-gluehbirne-basic-opak\/\",\"url\":\"https:\/\/ekkla.ch\/de\/produit\/led-gluehbirne-basic-opak\/\",\"name\":\"Klassische Gl\u00fchbirne opak | LED-Technologie | Sockel E14 | Ekkla\",\"isPartOf\":{\"@id\":\"https:\/\/ekkla.ch\/#website\"},\"primaryImageOfPage\":{\"@id\":\"https:\/\/ekkla.ch\/de\/produit\/led-gluehbirne-basic-opak\/#primaryimage\"},\"image\":{\"@id\":\"https:\/\/ekkla.ch\/de\/produit\/led-gluehbirne-basic-opak\/#primaryimage\"},\"thumbnailUrl\":\"https:\/\/ekkla.ch\/wp-content\/uploads\/2020\/03\/336-73_2.jpg\",\"datePublished\":\"2020-03-12T14:39:21+00:00\",\"dateModified\":\"2022-03-03T08:18:06+00:00\",\"description\":\"Eine klassische undurchsichtige LED-Gl\u00fchbirne f\u00fcr eine Leuchte mit Lampenschirm. Warmweisse Farbe, gute Qualit\u00e4t der Lichtwiedergabe und Lumenst\u00e4rke.\",\"breadcrumb\":{\"@id\":\"https:\/\/ekkla.ch\/de\/produit\/led-gluehbirne-basic-opak\/#breadcrumb\"},\"inLanguage\":\"de\",\"potentialAction\":[{\"@type\":\"ReadAction\",\"target\":[\"https:\/\/ekkla.ch\/de\/produit\/led-gluehbirne-basic-opak\/\"]}]},{\"@type\":\"ImageObject\",\"inLanguage\":\"de\",\"@id\":\"https:\/\/ekkla.ch\/de\/produit\/led-gluehbirne-basic-opak\/#primaryimage\",\"url\":\"https:\/\/ekkla.ch\/wp-content\/uploads\/2020\/03\/336-73_2.jpg\",\"contentUrl\":\"https:\/\/ekkla.ch\/wp-content\/uploads\/2020\/03\/336-73_2.jpg\",\"width\":592,\"height\":592,\"caption\":\"Ampoule LED opaque basic\"},{\"@type\":\"BreadcrumbList\",\"@id\":\"https:\/\/ekkla.ch\/de\/produit\/led-gluehbirne-basic-opak\/#breadcrumb\",\"itemListElement\":[{\"@type\":\"ListItem\",\"position\":1,\"name\":\"Home\",\"item\":\"https:\/\/ekkla.ch\/de\/\"},{\"@type\":\"ListItem\",\"position\":2,\"name\":\"Shop\",\"item\":\"https:\/\/ekkla.ch\/de\/shop\/\"},{\"@type\":\"ListItem\",\"position\":3,\"name\":\"LED-Gl\u00fchbirne Basic opak\"}]},{\"@type\":\"WebSite\",\"@id\":\"https:\/\/ekkla.ch\/#website\",\"url\":\"https:\/\/ekkla.ch\/\",\"name\":\"Ekkla\",\"description\":\"Der Onlineshop f\u00fcr Beleuchtung\",\"publisher\":{\"@id\":\"https:\/\/ekkla.ch\/#organization\"},\"potentialAction\":[{\"@type\":\"SearchAction\",\"target\":{\"@type\":\"EntryPoint\",\"urlTemplate\":\"https:\/\/ekkla.ch\/?s={search_term_string}\"},\"query-input\":\"required name=search_term_string\"}],\"inLanguage\":\"de\"},{\"@type\":\"Organization\",\"@id\":\"https:\/\/ekkla.ch\/#organization\",\"name\":\"Ekkla\",\"url\":\"https:\/\/ekkla.ch\/\",\"logo\":{\"@type\":\"ImageObject\",\"inLanguage\":\"de\",\"@id\":\"https:\/\/ekkla.ch\/#\/schema\/logo\/image\/\",\"url\":\"http:\/\/ekkla.ch\/wp-content\/uploads\/2019\/07\/logo-1.svg\",\"contentUrl\":\"http:\/\/ekkla.ch\/wp-content\/uploads\/2019\/07\/logo-1.svg\",\"width\":1,\"height\":1,\"caption\":\"Ekkla\"},\"image\":{\"@id\":\"https:\/\/ekkla.ch\/#\/schema\/logo\/image\/\"},\"sameAs\":[\"https:\/\/www.instagram.com\/ekkla_light\/\"]}]}<\/script>\n<!-- \/ Yoast SEO Premium plugin. -->","yoast_head_json":{"title":"Klassische Gl\u00fchbirne opak | LED-Technologie | Sockel E14 | Ekkla","description":"Eine klassische undurchsichtige LED-Gl\u00fchbirne f\u00fcr eine Leuchte mit Lampenschirm. Warmweisse Farbe, gute Qualit\u00e4t der Lichtwiedergabe und Lumenst\u00e4rke.","robots":{"index":"index","follow":"follow","max-snippet":"max-snippet:-1","max-image-preview":"max-image-preview:large","max-video-preview":"max-video-preview:-1"},"canonical":"https:\/\/ekkla.ch\/de\/produit\/led-gluehbirne-basic-opak\/","og_locale":"de_DE","og_type":"article","og_title":"LED-Gl\u00fchbirne Basic opak","og_description":"Eine klassische undurchsichtige LED-Gl\u00fchbirne f\u00fcr eine Leuchte mit Lampenschirm. Warmweisse Farbe, gute Qualit\u00e4t der Lichtwiedergabe und Lumenst\u00e4rke.","og_url":"https:\/\/ekkla.ch\/de\/produit\/led-gluehbirne-basic-opak\/","og_site_name":"Ekkla","article_modified_time":"2022-03-03T08:18:06+00:00","og_image":[{"width":592,"height":592,"url":"https:\/\/ekkla.ch\/wp-content\/uploads\/2020\/03\/336-73_2.jpg","type":"image\/jpeg"}],"twitter_card":"summary_large_image","schema":{"@context":"https:\/\/schema.org","@graph":[{"@type":"WebPage","@id":"https:\/\/ekkla.ch\/de\/produit\/led-gluehbirne-basic-opak\/","url":"https:\/\/ekkla.ch\/de\/produit\/led-gluehbirne-basic-opak\/","name":"Klassische Gl\u00fchbirne opak | LED-Technologie | Sockel E14 | Ekkla","isPartOf":{"@id":"https:\/\/ekkla.ch\/#website"},"primaryImageOfPage":{"@id":"https:\/\/ekkla.ch\/de\/produit\/led-gluehbirne-basic-opak\/#primaryimage"},"image":{"@id":"https:\/\/ekkla.ch\/de\/produit\/led-gluehbirne-basic-opak\/#primaryimage"},"thumbnailUrl":"https:\/\/ekkla.ch\/wp-content\/uploads\/2020\/03\/336-73_2.jpg","datePublished":"2020-03-12T14:39:21+00:00","dateModified":"2022-03-03T08:18:06+00:00","description":"Eine klassische undurchsichtige LED-Gl\u00fchbirne f\u00fcr eine Leuchte mit Lampenschirm. Warmweisse Farbe, gute Qualit\u00e4t der Lichtwiedergabe und Lumenst\u00e4rke.","breadcrumb":{"@id":"https:\/\/ekkla.ch\/de\/produit\/led-gluehbirne-basic-opak\/#breadcrumb"},"inLanguage":"de","potentialAction":[{"@type":"ReadAction","target":["https:\/\/ekkla.ch\/de\/produit\/led-gluehbirne-basic-opak\/"]}]},{"@type":"ImageObject","inLanguage":"de","@id":"https:\/\/ekkla.ch\/de\/produit\/led-gluehbirne-basic-opak\/#primaryimage","url":"https:\/\/ekkla.ch\/wp-content\/uploads\/2020\/03\/336-73_2.jpg","contentUrl":"https:\/\/ekkla.ch\/wp-content\/uploads\/2020\/03\/336-73_2.jpg","width":592,"height":592,"caption":"Ampoule LED opaque basic"},{"@type":"BreadcrumbList","@id":"https:\/\/ekkla.ch\/de\/produit\/led-gluehbirne-basic-opak\/#breadcrumb","itemListElement":[{"@type":"ListItem","position":1,"name":"Home","item":"https:\/\/ekkla.ch\/de\/"},{"@type":"ListItem","position":2,"name":"Shop","item":"https:\/\/ekkla.ch\/de\/shop\/"},{"@type":"ListItem","position":3,"name":"LED-Gl\u00fchbirne Basic opak"}]},{"@type":"WebSite","@id":"https:\/\/ekkla.ch\/#website","url":"https:\/\/ekkla.ch\/","name":"Ekkla","description":"Der Onlineshop f\u00fcr Beleuchtung","publisher":{"@id":"https:\/\/ekkla.ch\/#organization"},"potentialAction":[{"@type":"SearchAction","target":{"@type":"EntryPoint","urlTemplate":"https:\/\/ekkla.ch\/?s={search_term_string}"},"query-input":"required name=search_term_string"}],"inLanguage":"de"},{"@type":"Organization","@id":"https:\/\/ekkla.ch\/#organization","name":"Ekkla","url":"https:\/\/ekkla.ch\/","logo":{"@type":"ImageObject","inLanguage":"de","@id":"https:\/\/ekkla.ch\/#\/schema\/logo\/image\/","url":"http:\/\/ekkla.ch\/wp-content\/uploads\/2019\/07\/logo-1.svg","contentUrl":"http:\/\/ekkla.ch\/wp-content\/uploads\/2019\/07\/logo-1.svg","width":1,"height":1,"caption":"Ekkla"},"image":{"@id":"https:\/\/ekkla.ch\/#\/schema\/logo\/image\/"},"sameAs":["https:\/\/www.instagram.com\/ekkla_light\/"]}]}},"_links":{"self":[{"href":"https:\/\/ekkla.ch\/de\/wp-json\/wp\/v2\/product\/18990"}],"collection":[{"href":"https:\/\/ekkla.ch\/de\/wp-json\/wp\/v2\/product"}],"about":[{"href":"https:\/\/ekkla.ch\/de\/wp-json\/wp\/v2\/types\/product"}],"wp:featuredmedia":[{"embeddable":true,"href":"https:\/\/ekkla.ch\/de\/wp-json\/wp\/v2\/media\/61828"}],"wp:attachment":[{"href":"https:\/\/ekkla.ch\/de\/wp-json\/wp\/v2\/media?parent=18990"}],"wp:term":[{"taxonomy":"product_cat","embeddable":true,"href":"https:\/\/ekkla.ch\/de\/wp-json\/wp\/v2\/product_cat?post=18990"},{"taxonomy":"product_tag","embeddable":true,"href":"https:\/\/ekkla.ch\/de\/wp-json\/wp\/v2\/product_tag?post=18990"}],"curies":[{"name":"wp","href":"https:\/\/api.w.org\/{rel}","templated":true}]}}