{"id":189962,"date":"2024-03-14T09:02:50","date_gmt":"2024-03-14T08:02:50","guid":{"rendered":"https:\/\/ekkla.ch\/produit\/tischleuchte-romana-medium-pfirsich-superlife\/"},"modified":"2024-04-04T21:36:35","modified_gmt":"2024-04-04T19:36:35","slug":"tischleuchte-romana-medium-pfirsich-superlife","status":"publish","type":"product","link":"https:\/\/ekkla.ch\/de\/produit\/tischleuchte-romana-medium-pfirsich-superlife\/","title":{"rendered":"Tischleuchte Romana Medium &#8211; Pfirsich &#8211; Superlife"},"content":{"rendered":"<p>Die Tischleuchte Romana Medium von Superlife bietet eine perfekte Kombination aus modernem Stil und zeitloser Eleganz. Die Romana-Kollektion stellt eine Reihe von Leuchten dar, die sowohl \u00e4sthetisch als auch funktional sind und die Inspiration der r\u00f6mischen S\u00e4ulen mit der Memphis-Kunstbewegung zu einem einzigartigen Stil vereinen, der jede Einrichtung augenblicklich veredelt. Die Kollektion umfasst vier verschiedene Leuchten: eine Tischleuchte, eine mittlere Tischleuchte, eine Stehleuchte und eine H\u00e4ngeleuchte. Jedes Element dieser Serie ist nicht nur ein dekoratives St\u00fcck, sondern auch eine praktische und leistungsf\u00e4hige Leuchte, die jedem Raum eine elegante und anspruchsvolle Beleuchtung verleihen wird. Hergestellt aus hochwertigen Materialien, ist diese mittlere Tischleuchte sowohl langlebig als auch \u00e4sthetisch ansprechend. Die Tischleuchte Romana Medium bietet flexible Installationsm\u00f6glichkeiten, um sich an Ihre speziellen Beleuchtungsbed\u00fcrfnisse anzupassen. Ob in Ihrem Esszimmer, Wohnzimmer oder B\u00fcro, sie wird f\u00fcr die n\u00f6tige Helligkeit sorgen und gleichzeitig Ihrer Einrichtung eine charakteristische Note verleihen.<\/p>\n<p>Statten Sie Ihr Zuhause mit einer Leuchte aus, die sowohl funktional als auch designorientiert ist, mit der Romana-Tischleuchte Medium von Superlife. Verleihen Sie Ihrer Einrichtung einen Hauch von Eleganz und Modernit\u00e4t und sorgen Sie gleichzeitig f\u00fcr optimale Lichtverh\u00e4ltnisse.<\/p>\n<p>Superlife ist eine Schweizer Marke, die von den Designern Cyrille Verdon und Edrris Gaaloul gegr\u00fcndet wurde. Superlife steht f\u00fcr eine Bewegung hin zu einem nachhaltigeren und bewussteren Lebensstil, der Abfall minimiert und positive Auswirkungen erzeugt.<\/p>\n<blockquote>\n<h2 style=\"text-align: left\">Merkmale &amp; Eigenschaften<\/h2>\n<p><strong>Marke<\/strong> Superlife<\/p>\n<p style=\"text-align: left\"><strong>Farbe <\/strong>Pfirsich<\/p>\n<p style=\"text-align: left\"><strong>Material <\/strong>Thermolackierter Stahl<\/p>\n<p><strong>Stromversorgung<\/strong> G125 E27 8W LED (inkl. Gl\u00fchbirne)<\/p>\n<p style=\"text-align: left\"><strong>H\u00f6he (cm) <\/strong>38<\/p>\n<p><strong>Durchmesser (cm) <\/strong>16<\/p><\/blockquote>\n","protected":false},"excerpt":{"rendered":"<p>Die Tischleuchte Romana Medium von Superlife bietet eine perfekte Kombination aus modernem Stil und zeitloser Eleganz. Die Romana-Kollektion stellt eine Reihe von Leuchten dar, die sowohl \u00e4sthetisch als auch funktional sind und die Inspiration der r\u00f6mischen S\u00e4ulen mit der Memphis-Kunstbewegung zu einem einzigartigen Stil vereinen, der jede Einrichtung augenblicklich veredelt. Die Kollektion umfasst vier verschiedene [&hellip;]<\/p>\n","protected":false},"featured_media":189258,"template":"","meta":{"_acf_changed":false,"om_disable_all_campaigns":false},"product_cat":[290],"product_tag":[1254,896,1188,1265,801,816],"bundled_by":[],"bundle_stock_status":"onbackorder","bundle_stock_quantity":null,"bundle_virtual":false,"bundle_layout":"","bundle_add_to_cart_form_location":"","bundle_editable_in_cart":false,"bundle_sold_individually_context":"","bundle_item_grouping":"","bundle_min_size":"","bundle_max_size":"","bundle_price":[],"bundled_items":[],"bundle_sell_ids":[],"acf":[],"yoast_head":"<!-- This site is optimized with the Yoast SEO Premium plugin v22.2 (Yoast SEO v22.8) - https:\/\/yoast.com\/wordpress\/plugins\/seo\/ -->\n<title>Tischleuchte Romana Medium | Pfirsich | Superlife | Ekkla<\/title>\n<meta name=\"description\" content=\"Die Tischleuchte Romana Medium ist von r\u00f6mischen S\u00e4ulen inspiriert und schafft einen einzigartigen Stil, der jedes Interieur augenblicklich veredelt.\" \/>\n<meta name=\"robots\" content=\"index, follow, max-snippet:-1, max-image-preview:large, max-video-preview:-1\" \/>\n<link rel=\"canonical\" href=\"https:\/\/ekkla.ch\/de\/produit\/tischleuchte-romana-medium-pfirsich-superlife\/\" \/>\n<meta property=\"og:locale\" content=\"de_DE\" \/>\n<meta property=\"og:type\" content=\"article\" \/>\n<meta property=\"og:title\" content=\"Tischleuchte Romana Medium - Pfirsich - Superlife\" \/>\n<meta property=\"og:description\" content=\"Die Tischleuchte Romana Medium ist von r\u00f6mischen S\u00e4ulen inspiriert und schafft einen einzigartigen Stil, der jedes Interieur augenblicklich veredelt.\" \/>\n<meta property=\"og:url\" content=\"https:\/\/ekkla.ch\/de\/produit\/tischleuchte-romana-medium-pfirsich-superlife\/\" \/>\n<meta property=\"og:site_name\" content=\"Ekkla\" \/>\n<meta property=\"article:modified_time\" content=\"2024-04-04T19:36:35+00:00\" \/>\n<meta property=\"og:image\" content=\"https:\/\/ekkla.ch\/wp-content\/uploads\/2024\/03\/ekkla-light-superlife-lampe-de-table-medium-romana-peche.jpg\" \/>\n\t<meta property=\"og:image:width\" content=\"900\" \/>\n\t<meta property=\"og:image:height\" content=\"900\" \/>\n\t<meta property=\"og:image:type\" content=\"image\/jpeg\" \/>\n<meta name=\"twitter:card\" content=\"summary_large_image\" \/>\n<meta name=\"twitter:label1\" content=\"Gesch\u00e4tzte Lesezeit\" \/>\n\t<meta name=\"twitter:data1\" content=\"2\u00a0Minuten\" \/>\n<script type=\"application\/ld+json\" class=\"yoast-schema-graph\">{\"@context\":\"https:\/\/schema.org\",\"@graph\":[{\"@type\":\"WebPage\",\"@id\":\"https:\/\/ekkla.ch\/de\/produit\/tischleuchte-romana-medium-pfirsich-superlife\/\",\"url\":\"https:\/\/ekkla.ch\/de\/produit\/tischleuchte-romana-medium-pfirsich-superlife\/\",\"name\":\"Tischleuchte Romana Medium | Pfirsich | Superlife | Ekkla\",\"isPartOf\":{\"@id\":\"https:\/\/ekkla.ch\/#website\"},\"primaryImageOfPage\":{\"@id\":\"https:\/\/ekkla.ch\/de\/produit\/tischleuchte-romana-medium-pfirsich-superlife\/#primaryimage\"},\"image\":{\"@id\":\"https:\/\/ekkla.ch\/de\/produit\/tischleuchte-romana-medium-pfirsich-superlife\/#primaryimage\"},\"thumbnailUrl\":\"https:\/\/ekkla.ch\/wp-content\/uploads\/2024\/03\/ekkla-light-superlife-lampe-de-table-medium-romana-peche.jpg\",\"datePublished\":\"2024-03-14T08:02:50+00:00\",\"dateModified\":\"2024-04-04T19:36:35+00:00\",\"description\":\"Die Tischleuchte Romana Medium ist von r\u00f6mischen S\u00e4ulen inspiriert und schafft einen einzigartigen Stil, der jedes Interieur augenblicklich veredelt.\",\"breadcrumb\":{\"@id\":\"https:\/\/ekkla.ch\/de\/produit\/tischleuchte-romana-medium-pfirsich-superlife\/#breadcrumb\"},\"inLanguage\":\"de\",\"potentialAction\":[{\"@type\":\"ReadAction\",\"target\":[\"https:\/\/ekkla.ch\/de\/produit\/tischleuchte-romana-medium-pfirsich-superlife\/\"]}]},{\"@type\":\"ImageObject\",\"inLanguage\":\"de\",\"@id\":\"https:\/\/ekkla.ch\/de\/produit\/tischleuchte-romana-medium-pfirsich-superlife\/#primaryimage\",\"url\":\"https:\/\/ekkla.ch\/wp-content\/uploads\/2024\/03\/ekkla-light-superlife-lampe-de-table-medium-romana-peche.jpg\",\"contentUrl\":\"https:\/\/ekkla.ch\/wp-content\/uploads\/2024\/03\/ekkla-light-superlife-lampe-de-table-medium-romana-peche.jpg\",\"width\":900,\"height\":900},{\"@type\":\"BreadcrumbList\",\"@id\":\"https:\/\/ekkla.ch\/de\/produit\/tischleuchte-romana-medium-pfirsich-superlife\/#breadcrumb\",\"itemListElement\":[{\"@type\":\"ListItem\",\"position\":1,\"name\":\"Home\",\"item\":\"https:\/\/ekkla.ch\/de\/\"},{\"@type\":\"ListItem\",\"position\":2,\"name\":\"Shop\",\"item\":\"https:\/\/ekkla.ch\/de\/shop\/\"},{\"@type\":\"ListItem\",\"position\":3,\"name\":\"Tischleuchte Romana Medium - Pfirsich - Superlife\"}]},{\"@type\":\"WebSite\",\"@id\":\"https:\/\/ekkla.ch\/#website\",\"url\":\"https:\/\/ekkla.ch\/\",\"name\":\"Ekkla\",\"description\":\"Der Onlineshop f\u00fcr Beleuchtung\",\"publisher\":{\"@id\":\"https:\/\/ekkla.ch\/#organization\"},\"potentialAction\":[{\"@type\":\"SearchAction\",\"target\":{\"@type\":\"EntryPoint\",\"urlTemplate\":\"https:\/\/ekkla.ch\/?s={search_term_string}\"},\"query-input\":\"required name=search_term_string\"}],\"inLanguage\":\"de\"},{\"@type\":\"Organization\",\"@id\":\"https:\/\/ekkla.ch\/#organization\",\"name\":\"Ekkla\",\"url\":\"https:\/\/ekkla.ch\/\",\"logo\":{\"@type\":\"ImageObject\",\"inLanguage\":\"de\",\"@id\":\"https:\/\/ekkla.ch\/#\/schema\/logo\/image\/\",\"url\":\"http:\/\/ekkla.ch\/wp-content\/uploads\/2019\/07\/logo-1.svg\",\"contentUrl\":\"http:\/\/ekkla.ch\/wp-content\/uploads\/2019\/07\/logo-1.svg\",\"width\":1,\"height\":1,\"caption\":\"Ekkla\"},\"image\":{\"@id\":\"https:\/\/ekkla.ch\/#\/schema\/logo\/image\/\"},\"sameAs\":[\"https:\/\/www.instagram.com\/ekkla_light\/\"]}]}<\/script>\n<!-- \/ Yoast SEO Premium plugin. -->","yoast_head_json":{"title":"Tischleuchte Romana Medium | Pfirsich | Superlife | Ekkla","description":"Die Tischleuchte Romana Medium ist von r\u00f6mischen S\u00e4ulen inspiriert und schafft einen einzigartigen Stil, der jedes Interieur augenblicklich veredelt.","robots":{"index":"index","follow":"follow","max-snippet":"max-snippet:-1","max-image-preview":"max-image-preview:large","max-video-preview":"max-video-preview:-1"},"canonical":"https:\/\/ekkla.ch\/de\/produit\/tischleuchte-romana-medium-pfirsich-superlife\/","og_locale":"de_DE","og_type":"article","og_title":"Tischleuchte Romana Medium - Pfirsich - Superlife","og_description":"Die Tischleuchte Romana Medium ist von r\u00f6mischen S\u00e4ulen inspiriert und schafft einen einzigartigen Stil, der jedes Interieur augenblicklich veredelt.","og_url":"https:\/\/ekkla.ch\/de\/produit\/tischleuchte-romana-medium-pfirsich-superlife\/","og_site_name":"Ekkla","article_modified_time":"2024-04-04T19:36:35+00:00","og_image":[{"width":900,"height":900,"url":"https:\/\/ekkla.ch\/wp-content\/uploads\/2024\/03\/ekkla-light-superlife-lampe-de-table-medium-romana-peche.jpg","type":"image\/jpeg"}],"twitter_card":"summary_large_image","twitter_misc":{"Gesch\u00e4tzte Lesezeit":"2\u00a0Minuten"},"schema":{"@context":"https:\/\/schema.org","@graph":[{"@type":"WebPage","@id":"https:\/\/ekkla.ch\/de\/produit\/tischleuchte-romana-medium-pfirsich-superlife\/","url":"https:\/\/ekkla.ch\/de\/produit\/tischleuchte-romana-medium-pfirsich-superlife\/","name":"Tischleuchte Romana Medium | Pfirsich | Superlife | Ekkla","isPartOf":{"@id":"https:\/\/ekkla.ch\/#website"},"primaryImageOfPage":{"@id":"https:\/\/ekkla.ch\/de\/produit\/tischleuchte-romana-medium-pfirsich-superlife\/#primaryimage"},"image":{"@id":"https:\/\/ekkla.ch\/de\/produit\/tischleuchte-romana-medium-pfirsich-superlife\/#primaryimage"},"thumbnailUrl":"https:\/\/ekkla.ch\/wp-content\/uploads\/2024\/03\/ekkla-light-superlife-lampe-de-table-medium-romana-peche.jpg","datePublished":"2024-03-14T08:02:50+00:00","dateModified":"2024-04-04T19:36:35+00:00","description":"Die Tischleuchte Romana Medium ist von r\u00f6mischen S\u00e4ulen inspiriert und schafft einen einzigartigen Stil, der jedes Interieur augenblicklich veredelt.","breadcrumb":{"@id":"https:\/\/ekkla.ch\/de\/produit\/tischleuchte-romana-medium-pfirsich-superlife\/#breadcrumb"},"inLanguage":"de","potentialAction":[{"@type":"ReadAction","target":["https:\/\/ekkla.ch\/de\/produit\/tischleuchte-romana-medium-pfirsich-superlife\/"]}]},{"@type":"ImageObject","inLanguage":"de","@id":"https:\/\/ekkla.ch\/de\/produit\/tischleuchte-romana-medium-pfirsich-superlife\/#primaryimage","url":"https:\/\/ekkla.ch\/wp-content\/uploads\/2024\/03\/ekkla-light-superlife-lampe-de-table-medium-romana-peche.jpg","contentUrl":"https:\/\/ekkla.ch\/wp-content\/uploads\/2024\/03\/ekkla-light-superlife-lampe-de-table-medium-romana-peche.jpg","width":900,"height":900},{"@type":"BreadcrumbList","@id":"https:\/\/ekkla.ch\/de\/produit\/tischleuchte-romana-medium-pfirsich-superlife\/#breadcrumb","itemListElement":[{"@type":"ListItem","position":1,"name":"Home","item":"https:\/\/ekkla.ch\/de\/"},{"@type":"ListItem","position":2,"name":"Shop","item":"https:\/\/ekkla.ch\/de\/shop\/"},{"@type":"ListItem","position":3,"name":"Tischleuchte Romana Medium - Pfirsich - Superlife"}]},{"@type":"WebSite","@id":"https:\/\/ekkla.ch\/#website","url":"https:\/\/ekkla.ch\/","name":"Ekkla","description":"Der Onlineshop f\u00fcr Beleuchtung","publisher":{"@id":"https:\/\/ekkla.ch\/#organization"},"potentialAction":[{"@type":"SearchAction","target":{"@type":"EntryPoint","urlTemplate":"https:\/\/ekkla.ch\/?s={search_term_string}"},"query-input":"required name=search_term_string"}],"inLanguage":"de"},{"@type":"Organization","@id":"https:\/\/ekkla.ch\/#organization","name":"Ekkla","url":"https:\/\/ekkla.ch\/","logo":{"@type":"ImageObject","inLanguage":"de","@id":"https:\/\/ekkla.ch\/#\/schema\/logo\/image\/","url":"http:\/\/ekkla.ch\/wp-content\/uploads\/2019\/07\/logo-1.svg","contentUrl":"http:\/\/ekkla.ch\/wp-content\/uploads\/2019\/07\/logo-1.svg","width":1,"height":1,"caption":"Ekkla"},"image":{"@id":"https:\/\/ekkla.ch\/#\/schema\/logo\/image\/"},"sameAs":["https:\/\/www.instagram.com\/ekkla_light\/"]}]}},"_links":{"self":[{"href":"https:\/\/ekkla.ch\/de\/wp-json\/wp\/v2\/product\/189962"}],"collection":[{"href":"https:\/\/ekkla.ch\/de\/wp-json\/wp\/v2\/product"}],"about":[{"href":"https:\/\/ekkla.ch\/de\/wp-json\/wp\/v2\/types\/product"}],"wp:featuredmedia":[{"embeddable":true,"href":"https:\/\/ekkla.ch\/de\/wp-json\/wp\/v2\/media\/189258"}],"wp:attachment":[{"href":"https:\/\/ekkla.ch\/de\/wp-json\/wp\/v2\/media?parent=189962"}],"wp:term":[{"taxonomy":"product_cat","embeddable":true,"href":"https:\/\/ekkla.ch\/de\/wp-json\/wp\/v2\/product_cat?post=189962"},{"taxonomy":"product_tag","embeddable":true,"href":"https:\/\/ekkla.ch\/de\/wp-json\/wp\/v2\/product_tag?post=189962"}],"curies":[{"name":"wp","href":"https:\/\/api.w.org\/{rel}","templated":true}]}}