{"id":189980,"date":"2024-04-04T17:09:16","date_gmt":"2024-04-04T15:09:16","guid":{"rendered":"https:\/\/ekkla.ch\/produit\/haengeleuchte-chapiteau-large-weiss-und-gold-superlife\/"},"modified":"2024-04-05T02:04:15","modified_gmt":"2024-04-05T00:04:15","slug":"haengeleuchte-chapiteau-large-weiss-und-gold-superlife","status":"publish","type":"product","link":"https:\/\/ekkla.ch\/de\/produit\/haengeleuchte-chapiteau-large-weiss-und-gold-superlife\/","title":{"rendered":"H\u00e4ngeleuchte Chapiteau &#8211; Large &#8211; Weiss und Gold &#8211; Superlife"},"content":{"rendered":"<p>Verleihen Sie Ihrer Einrichtung mit der H\u00e4ngeleuchte Chapiteau der Schweizer Marke Superlife im wahrsten Sinne des Wortes Leichtigkeit. Inspiriert von der fantasievollen Welt des Zirkus, f\u00fcgt sich ihre verspielte und doch elegante \u00c4sthetik perfekt in jedes Interieur ein. Ein integrierter Lichtschalter verleiht ihrem charmanten Design eine zus\u00e4tzliche Ebene der Zweckm\u00e4ssigkeit. Dank des verstellbaren Kabels bietet die H\u00e4ngeleuchte Chapiteau flexible Installationsm\u00f6glichkeiten, um sich an Ihre speziellen Beleuchtungsbed\u00fcrfnisse anzupassen. Ob in Ihrem Esszimmer, Wohnzimmer oder B\u00fcro, diese H\u00e4ngeleuchte wird f\u00fcr die n\u00f6tige Helligkeit sorgen und gleichzeitig Ihrer Einrichtung einen Hauch von Charakter verleihen.<\/p>\n<p>Statten Sie Ihr Zuhause mit einer funktionalen und zugleich designorientierten Leuchte aus &#8211; mit der H\u00e4ngeleuchte Chapiteau von Superlife. Verleihen Sie Ihrer Einrichtung einen Hauch von Originalit\u00e4t und Fun, w\u00e4hrend Sie gleichzeitig von einer optimalen Helligkeit profitieren.<\/p>\n<p>Superlife ist eine Schweizer Marke, die von den Designern Cyrille Verdon und Edrris Gaaloul gegr\u00fcndet wurde. Superlife steht f\u00fcr eine Bewegung hin zu einem nachhaltigeren und bewussteren Lebensstil, der Abfall minimiert und positive Auswirkungen erzeugt.<\/p>\n<blockquote>\n<h2 style=\"text-align: left\">Merkmale &amp; Eigenschaften<\/h2>\n<p><strong>Marke<\/strong> Superlife<\/p>\n<p style=\"text-align: left\"><strong>Farbe <\/strong>Weiss (goldener Lichtschalter)<\/p>\n<p style=\"text-align: left\"><strong>Material <\/strong>Thermolackierter Stahl<\/p>\n<p><strong>Stromversorgung<\/strong> E27 8W LED (inkl. Gl\u00fchbirne)<\/p>\n<p style=\"text-align: left\"><strong>H\u00f6he (cm) <\/strong>42<\/p>\n<p><strong>Durchmesser (cm) <\/strong>100<\/p><\/blockquote>\n","protected":false},"excerpt":{"rendered":"<p>Verleihen Sie Ihrer Einrichtung mit der H\u00e4ngeleuchte Chapiteau der Schweizer Marke Superlife im wahrsten Sinne des Wortes Leichtigkeit. Inspiriert von der fantasievollen Welt des Zirkus, f\u00fcgt sich ihre verspielte und doch elegante \u00c4sthetik perfekt in jedes Interieur ein. Ein integrierter Lichtschalter verleiht ihrem charmanten Design eine zus\u00e4tzliche Ebene der Zweckm\u00e4ssigkeit. Dank des verstellbaren Kabels bietet [&hellip;]<\/p>\n","protected":false},"featured_media":189292,"template":"","meta":{"_acf_changed":false,"om_disable_all_campaigns":false},"product_cat":[291],"product_tag":[801],"bundled_by":[],"bundle_stock_status":"onbackorder","bundle_stock_quantity":null,"bundle_virtual":false,"bundle_layout":"","bundle_add_to_cart_form_location":"","bundle_editable_in_cart":false,"bundle_sold_individually_context":"","bundle_item_grouping":"","bundle_min_size":"","bundle_max_size":"","bundle_price":[],"bundled_items":[],"bundle_sell_ids":[],"acf":[],"yoast_head":"<!-- This site is optimized with the Yoast SEO Premium plugin v22.2 (Yoast SEO v22.8) - https:\/\/yoast.com\/wordpress\/plugins\/seo\/ -->\n<title>H\u00e4ngeleuchte Chapiteau | Weiss | Superlife | Ekkla<\/title>\n<meta name=\"description\" content=\"Die H\u00e4ngeleuchte Chapiteau l\u00e4sst sich von ihrer Umgebung inspirieren, um einen einzigartigen Stil zu schaffen, der jede Einrichtung augenblicklich veredelt.\" \/>\n<meta name=\"robots\" content=\"index, follow, max-snippet:-1, max-image-preview:large, max-video-preview:-1\" \/>\n<link rel=\"canonical\" href=\"https:\/\/ekkla.ch\/de\/produit\/haengeleuchte-chapiteau-large-weiss-und-gold-superlife\/\" \/>\n<meta property=\"og:locale\" content=\"de_DE\" \/>\n<meta property=\"og:type\" content=\"article\" \/>\n<meta property=\"og:title\" content=\"H\u00e4ngeleuchte Chapiteau - Large - Weiss und Gold - Superlife\" \/>\n<meta property=\"og:description\" content=\"Die H\u00e4ngeleuchte Chapiteau l\u00e4sst sich von ihrer Umgebung inspirieren, um einen einzigartigen Stil zu schaffen, der jede Einrichtung augenblicklich veredelt.\" \/>\n<meta property=\"og:url\" content=\"https:\/\/ekkla.ch\/de\/produit\/haengeleuchte-chapiteau-large-weiss-und-gold-superlife\/\" \/>\n<meta property=\"og:site_name\" content=\"Ekkla\" \/>\n<meta property=\"article:modified_time\" content=\"2024-04-05T00:04:15+00:00\" \/>\n<meta property=\"og:image\" content=\"https:\/\/ekkla.ch\/wp-content\/uploads\/2024\/03\/ekkla-light-superlife-suspension-chapiteau-blanc-et-or.jpg\" \/>\n\t<meta property=\"og:image:width\" content=\"900\" \/>\n\t<meta property=\"og:image:height\" content=\"900\" \/>\n\t<meta property=\"og:image:type\" content=\"image\/jpeg\" \/>\n<meta name=\"twitter:card\" content=\"summary_large_image\" \/>\n<meta name=\"twitter:label1\" content=\"Gesch\u00e4tzte Lesezeit\" \/>\n\t<meta name=\"twitter:data1\" content=\"2\u00a0Minuten\" \/>\n<script type=\"application\/ld+json\" class=\"yoast-schema-graph\">{\"@context\":\"https:\/\/schema.org\",\"@graph\":[{\"@type\":\"WebPage\",\"@id\":\"https:\/\/ekkla.ch\/de\/produit\/haengeleuchte-chapiteau-large-weiss-und-gold-superlife\/\",\"url\":\"https:\/\/ekkla.ch\/de\/produit\/haengeleuchte-chapiteau-large-weiss-und-gold-superlife\/\",\"name\":\"H\u00e4ngeleuchte Chapiteau | Weiss | Superlife | Ekkla\",\"isPartOf\":{\"@id\":\"https:\/\/ekkla.ch\/#website\"},\"primaryImageOfPage\":{\"@id\":\"https:\/\/ekkla.ch\/de\/produit\/haengeleuchte-chapiteau-large-weiss-und-gold-superlife\/#primaryimage\"},\"image\":{\"@id\":\"https:\/\/ekkla.ch\/de\/produit\/haengeleuchte-chapiteau-large-weiss-und-gold-superlife\/#primaryimage\"},\"thumbnailUrl\":\"https:\/\/ekkla.ch\/wp-content\/uploads\/2024\/03\/ekkla-light-superlife-suspension-chapiteau-blanc-et-or.jpg\",\"datePublished\":\"2024-04-04T15:09:16+00:00\",\"dateModified\":\"2024-04-05T00:04:15+00:00\",\"description\":\"Die H\u00e4ngeleuchte Chapiteau l\u00e4sst sich von ihrer Umgebung inspirieren, um einen einzigartigen Stil zu schaffen, der jede Einrichtung augenblicklich veredelt.\",\"breadcrumb\":{\"@id\":\"https:\/\/ekkla.ch\/de\/produit\/haengeleuchte-chapiteau-large-weiss-und-gold-superlife\/#breadcrumb\"},\"inLanguage\":\"de\",\"potentialAction\":[{\"@type\":\"ReadAction\",\"target\":[\"https:\/\/ekkla.ch\/de\/produit\/haengeleuchte-chapiteau-large-weiss-und-gold-superlife\/\"]}]},{\"@type\":\"ImageObject\",\"inLanguage\":\"de\",\"@id\":\"https:\/\/ekkla.ch\/de\/produit\/haengeleuchte-chapiteau-large-weiss-und-gold-superlife\/#primaryimage\",\"url\":\"https:\/\/ekkla.ch\/wp-content\/uploads\/2024\/03\/ekkla-light-superlife-suspension-chapiteau-blanc-et-or.jpg\",\"contentUrl\":\"https:\/\/ekkla.ch\/wp-content\/uploads\/2024\/03\/ekkla-light-superlife-suspension-chapiteau-blanc-et-or.jpg\",\"width\":900,\"height\":900},{\"@type\":\"BreadcrumbList\",\"@id\":\"https:\/\/ekkla.ch\/de\/produit\/haengeleuchte-chapiteau-large-weiss-und-gold-superlife\/#breadcrumb\",\"itemListElement\":[{\"@type\":\"ListItem\",\"position\":1,\"name\":\"Home\",\"item\":\"https:\/\/ekkla.ch\/de\/\"},{\"@type\":\"ListItem\",\"position\":2,\"name\":\"Shop\",\"item\":\"https:\/\/ekkla.ch\/de\/shop\/\"},{\"@type\":\"ListItem\",\"position\":3,\"name\":\"H\u00e4ngeleuchte Chapiteau - Large - Weiss und Gold - Superlife\"}]},{\"@type\":\"WebSite\",\"@id\":\"https:\/\/ekkla.ch\/#website\",\"url\":\"https:\/\/ekkla.ch\/\",\"name\":\"Ekkla\",\"description\":\"Der Onlineshop f\u00fcr Beleuchtung\",\"publisher\":{\"@id\":\"https:\/\/ekkla.ch\/#organization\"},\"potentialAction\":[{\"@type\":\"SearchAction\",\"target\":{\"@type\":\"EntryPoint\",\"urlTemplate\":\"https:\/\/ekkla.ch\/?s={search_term_string}\"},\"query-input\":\"required name=search_term_string\"}],\"inLanguage\":\"de\"},{\"@type\":\"Organization\",\"@id\":\"https:\/\/ekkla.ch\/#organization\",\"name\":\"Ekkla\",\"url\":\"https:\/\/ekkla.ch\/\",\"logo\":{\"@type\":\"ImageObject\",\"inLanguage\":\"de\",\"@id\":\"https:\/\/ekkla.ch\/#\/schema\/logo\/image\/\",\"url\":\"http:\/\/ekkla.ch\/wp-content\/uploads\/2019\/07\/logo-1.svg\",\"contentUrl\":\"http:\/\/ekkla.ch\/wp-content\/uploads\/2019\/07\/logo-1.svg\",\"width\":1,\"height\":1,\"caption\":\"Ekkla\"},\"image\":{\"@id\":\"https:\/\/ekkla.ch\/#\/schema\/logo\/image\/\"},\"sameAs\":[\"https:\/\/www.instagram.com\/ekkla_light\/\"]}]}<\/script>\n<!-- \/ Yoast SEO Premium plugin. -->","yoast_head_json":{"title":"H\u00e4ngeleuchte Chapiteau | Weiss | Superlife | Ekkla","description":"Die H\u00e4ngeleuchte Chapiteau l\u00e4sst sich von ihrer Umgebung inspirieren, um einen einzigartigen Stil zu schaffen, der jede Einrichtung augenblicklich veredelt.","robots":{"index":"index","follow":"follow","max-snippet":"max-snippet:-1","max-image-preview":"max-image-preview:large","max-video-preview":"max-video-preview:-1"},"canonical":"https:\/\/ekkla.ch\/de\/produit\/haengeleuchte-chapiteau-large-weiss-und-gold-superlife\/","og_locale":"de_DE","og_type":"article","og_title":"H\u00e4ngeleuchte Chapiteau - Large - Weiss und Gold - Superlife","og_description":"Die H\u00e4ngeleuchte Chapiteau l\u00e4sst sich von ihrer Umgebung inspirieren, um einen einzigartigen Stil zu schaffen, der jede Einrichtung augenblicklich veredelt.","og_url":"https:\/\/ekkla.ch\/de\/produit\/haengeleuchte-chapiteau-large-weiss-und-gold-superlife\/","og_site_name":"Ekkla","article_modified_time":"2024-04-05T00:04:15+00:00","og_image":[{"width":900,"height":900,"url":"https:\/\/ekkla.ch\/wp-content\/uploads\/2024\/03\/ekkla-light-superlife-suspension-chapiteau-blanc-et-or.jpg","type":"image\/jpeg"}],"twitter_card":"summary_large_image","twitter_misc":{"Gesch\u00e4tzte Lesezeit":"2\u00a0Minuten"},"schema":{"@context":"https:\/\/schema.org","@graph":[{"@type":"WebPage","@id":"https:\/\/ekkla.ch\/de\/produit\/haengeleuchte-chapiteau-large-weiss-und-gold-superlife\/","url":"https:\/\/ekkla.ch\/de\/produit\/haengeleuchte-chapiteau-large-weiss-und-gold-superlife\/","name":"H\u00e4ngeleuchte Chapiteau | Weiss | Superlife | Ekkla","isPartOf":{"@id":"https:\/\/ekkla.ch\/#website"},"primaryImageOfPage":{"@id":"https:\/\/ekkla.ch\/de\/produit\/haengeleuchte-chapiteau-large-weiss-und-gold-superlife\/#primaryimage"},"image":{"@id":"https:\/\/ekkla.ch\/de\/produit\/haengeleuchte-chapiteau-large-weiss-und-gold-superlife\/#primaryimage"},"thumbnailUrl":"https:\/\/ekkla.ch\/wp-content\/uploads\/2024\/03\/ekkla-light-superlife-suspension-chapiteau-blanc-et-or.jpg","datePublished":"2024-04-04T15:09:16+00:00","dateModified":"2024-04-05T00:04:15+00:00","description":"Die H\u00e4ngeleuchte Chapiteau l\u00e4sst sich von ihrer Umgebung inspirieren, um einen einzigartigen Stil zu schaffen, der jede Einrichtung augenblicklich veredelt.","breadcrumb":{"@id":"https:\/\/ekkla.ch\/de\/produit\/haengeleuchte-chapiteau-large-weiss-und-gold-superlife\/#breadcrumb"},"inLanguage":"de","potentialAction":[{"@type":"ReadAction","target":["https:\/\/ekkla.ch\/de\/produit\/haengeleuchte-chapiteau-large-weiss-und-gold-superlife\/"]}]},{"@type":"ImageObject","inLanguage":"de","@id":"https:\/\/ekkla.ch\/de\/produit\/haengeleuchte-chapiteau-large-weiss-und-gold-superlife\/#primaryimage","url":"https:\/\/ekkla.ch\/wp-content\/uploads\/2024\/03\/ekkla-light-superlife-suspension-chapiteau-blanc-et-or.jpg","contentUrl":"https:\/\/ekkla.ch\/wp-content\/uploads\/2024\/03\/ekkla-light-superlife-suspension-chapiteau-blanc-et-or.jpg","width":900,"height":900},{"@type":"BreadcrumbList","@id":"https:\/\/ekkla.ch\/de\/produit\/haengeleuchte-chapiteau-large-weiss-und-gold-superlife\/#breadcrumb","itemListElement":[{"@type":"ListItem","position":1,"name":"Home","item":"https:\/\/ekkla.ch\/de\/"},{"@type":"ListItem","position":2,"name":"Shop","item":"https:\/\/ekkla.ch\/de\/shop\/"},{"@type":"ListItem","position":3,"name":"H\u00e4ngeleuchte Chapiteau - Large - Weiss und Gold - Superlife"}]},{"@type":"WebSite","@id":"https:\/\/ekkla.ch\/#website","url":"https:\/\/ekkla.ch\/","name":"Ekkla","description":"Der Onlineshop f\u00fcr Beleuchtung","publisher":{"@id":"https:\/\/ekkla.ch\/#organization"},"potentialAction":[{"@type":"SearchAction","target":{"@type":"EntryPoint","urlTemplate":"https:\/\/ekkla.ch\/?s={search_term_string}"},"query-input":"required name=search_term_string"}],"inLanguage":"de"},{"@type":"Organization","@id":"https:\/\/ekkla.ch\/#organization","name":"Ekkla","url":"https:\/\/ekkla.ch\/","logo":{"@type":"ImageObject","inLanguage":"de","@id":"https:\/\/ekkla.ch\/#\/schema\/logo\/image\/","url":"http:\/\/ekkla.ch\/wp-content\/uploads\/2019\/07\/logo-1.svg","contentUrl":"http:\/\/ekkla.ch\/wp-content\/uploads\/2019\/07\/logo-1.svg","width":1,"height":1,"caption":"Ekkla"},"image":{"@id":"https:\/\/ekkla.ch\/#\/schema\/logo\/image\/"},"sameAs":["https:\/\/www.instagram.com\/ekkla_light\/"]}]}},"_links":{"self":[{"href":"https:\/\/ekkla.ch\/de\/wp-json\/wp\/v2\/product\/189980"}],"collection":[{"href":"https:\/\/ekkla.ch\/de\/wp-json\/wp\/v2\/product"}],"about":[{"href":"https:\/\/ekkla.ch\/de\/wp-json\/wp\/v2\/types\/product"}],"wp:featuredmedia":[{"embeddable":true,"href":"https:\/\/ekkla.ch\/de\/wp-json\/wp\/v2\/media\/189292"}],"wp:attachment":[{"href":"https:\/\/ekkla.ch\/de\/wp-json\/wp\/v2\/media?parent=189980"}],"wp:term":[{"taxonomy":"product_cat","embeddable":true,"href":"https:\/\/ekkla.ch\/de\/wp-json\/wp\/v2\/product_cat?post=189980"},{"taxonomy":"product_tag","embeddable":true,"href":"https:\/\/ekkla.ch\/de\/wp-json\/wp\/v2\/product_tag?post=189980"}],"curies":[{"name":"wp","href":"https:\/\/api.w.org\/{rel}","templated":true}]}}