{"id":190114,"date":"2024-04-05T09:49:58","date_gmt":"2024-04-05T07:49:58","guid":{"rendered":"https:\/\/ekkla.ch\/produit\/haengeleuchte-funambulb-salbeigruen-superlife\/"},"modified":"2024-04-05T19:56:05","modified_gmt":"2024-04-05T17:56:05","slug":"haengeleuchte-funambulb-salbeigruen-superlife","status":"publish","type":"product","link":"https:\/\/ekkla.ch\/de\/produit\/haengeleuchte-funambulb-salbeigruen-superlife\/","title":{"rendered":"H\u00e4ngeleuchte Funambulb &#8211; Salbeigr\u00fcn &#8211; Superlife"},"content":{"rendered":"<p>Die H\u00e4ngeleuchte Funambulb von Superlife bietet unendlich viele Aufh\u00e4ngem\u00f6glichkeiten. FUNAMBULB wurde mit einem langen Kabel entworfen, sodass sie leicht bewegt oder f\u00fcr eine Vielzahl von Beleuchtungsoptionen aufgeh\u00e4ngt werden kann. Das Kn\u00fcpfen ist erw\u00fcnscht, sei es, um die H\u00f6he anzupassen oder einfach, um einen Hauch von Pers\u00f6nlichkeit hinzuzuf\u00fcgen. Mit ihrem 7 Meter langen Textilkabel bietet sie Ihnen maximale Flexibilit\u00e4t, um sie in jeden Raum Ihres Zuhauses zu integrieren. Sie ist vielseitig einsetzbar und kann je nach Lust und Laune und Jahreszeit variiert werden. Die Gl\u00fchbirne ist im Lieferumfang der Lampe enthalten. Die Lampe wird wie eine normale Tischleuchte mit einem herk\u00f6mmlichen Stecker angeschlossen.<\/p>\n<p>Superlife ist eine Schweizer Marke, die von den Designern Cyrille Verdon und Edrris Gaaloul gegr\u00fcndet wurde. Superlife steht f\u00fcr eine Bewegung hin zu einem nachhaltigeren und bewussteren Lebensstil, der Abfall minimiert und positive Auswirkungen erzeugt.<\/p>\n<blockquote>\n<h2 style=\"text-align: left\">Merkmale &amp; Eigenschaften<\/h2>\n<p><strong>Marke<\/strong> Superlife<\/p>\n<p style=\"text-align: left\"><strong>Farbe <\/strong>Salbeigr\u00fcn<\/p>\n<p style=\"text-align: left\"><strong>Material <\/strong>Thermolackierter Stahl<\/p>\n<p><strong>Stromversorgung<\/strong> E27 8W LED (inkl. Gl\u00fchbirne)<\/p>\n<p style=\"text-align: left\"><strong>H\u00f6he (cm) <\/strong>20<\/p>\n<p><strong>Durchmesser (cm) <\/strong>12,5<\/p>\n<p><strong>Kabell\u00e4nge (cm)<\/strong> 70<\/p><\/blockquote>\n","protected":false},"excerpt":{"rendered":"<p>Die H\u00e4ngeleuchte Funambulb von Superlife bietet unendlich viele Aufh\u00e4ngem\u00f6glichkeiten. FUNAMBULB wurde mit einem langen Kabel entworfen, sodass sie leicht bewegt oder f\u00fcr eine Vielzahl von Beleuchtungsoptionen aufgeh\u00e4ngt werden kann. Das Kn\u00fcpfen ist erw\u00fcnscht, sei es, um die H\u00f6he anzupassen oder einfach, um einen Hauch von Pers\u00f6nlichkeit hinzuzuf\u00fcgen. Mit ihrem 7 Meter langen Textilkabel bietet sie [&hellip;]<\/p>\n","protected":false},"featured_media":189318,"template":"","meta":{"_acf_changed":false,"om_disable_all_campaigns":false},"product_cat":[291],"product_tag":[1254,896,1188,1265,801,816],"bundled_by":[],"bundle_stock_status":"onbackorder","bundle_stock_quantity":null,"bundle_virtual":false,"bundle_layout":"","bundle_add_to_cart_form_location":"","bundle_editable_in_cart":false,"bundle_sold_individually_context":"","bundle_item_grouping":"","bundle_min_size":"","bundle_max_size":"","bundle_price":[],"bundled_items":[],"bundle_sell_ids":[],"acf":[],"yoast_head":"<!-- This site is optimized with the Yoast SEO Premium plugin v22.2 (Yoast SEO v22.8) - https:\/\/yoast.com\/wordpress\/plugins\/seo\/ -->\n<title>H\u00e4ngeleuchte Funambulb | Salbeigr\u00fcn | Superlife | Ekkla<\/title>\n<meta name=\"description\" content=\"Die H\u00e4ngeleuchte Funambulb ist von r\u00f6mischen S\u00e4ulen inspiriert und schafft einen einzigartigen Stil, der jedes Interieur augenblicklich veredelt.\" \/>\n<meta name=\"robots\" content=\"index, follow, max-snippet:-1, max-image-preview:large, max-video-preview:-1\" \/>\n<link rel=\"canonical\" href=\"https:\/\/ekkla.ch\/de\/produit\/haengeleuchte-funambulb-salbeigruen-superlife\/\" \/>\n<meta property=\"og:locale\" content=\"de_DE\" \/>\n<meta property=\"og:type\" content=\"article\" \/>\n<meta property=\"og:title\" content=\"H\u00e4ngeleuchte Funambulb - Salbeigr\u00fcn - Superlife\" \/>\n<meta property=\"og:description\" content=\"Die H\u00e4ngeleuchte Funambulb ist von r\u00f6mischen S\u00e4ulen inspiriert und schafft einen einzigartigen Stil, der jedes Interieur augenblicklich veredelt.\" \/>\n<meta property=\"og:url\" content=\"https:\/\/ekkla.ch\/de\/produit\/haengeleuchte-funambulb-salbeigruen-superlife\/\" \/>\n<meta property=\"og:site_name\" content=\"Ekkla\" \/>\n<meta property=\"article:modified_time\" content=\"2024-04-05T17:56:05+00:00\" \/>\n<meta property=\"og:image\" content=\"https:\/\/ekkla.ch\/wp-content\/uploads\/2024\/03\/ekkla-light-superlife-suspension-funambulb-vert-sauge.jpg\" \/>\n\t<meta property=\"og:image:width\" content=\"900\" \/>\n\t<meta property=\"og:image:height\" content=\"900\" \/>\n\t<meta property=\"og:image:type\" content=\"image\/jpeg\" \/>\n<meta name=\"twitter:card\" content=\"summary_large_image\" \/>\n<meta name=\"twitter:label1\" content=\"Gesch\u00e4tzte Lesezeit\" \/>\n\t<meta name=\"twitter:data1\" content=\"2\u00a0Minuten\" \/>\n<script type=\"application\/ld+json\" class=\"yoast-schema-graph\">{\"@context\":\"https:\/\/schema.org\",\"@graph\":[{\"@type\":\"WebPage\",\"@id\":\"https:\/\/ekkla.ch\/de\/produit\/haengeleuchte-funambulb-salbeigruen-superlife\/\",\"url\":\"https:\/\/ekkla.ch\/de\/produit\/haengeleuchte-funambulb-salbeigruen-superlife\/\",\"name\":\"H\u00e4ngeleuchte Funambulb | Salbeigr\u00fcn | Superlife | Ekkla\",\"isPartOf\":{\"@id\":\"https:\/\/ekkla.ch\/#website\"},\"primaryImageOfPage\":{\"@id\":\"https:\/\/ekkla.ch\/de\/produit\/haengeleuchte-funambulb-salbeigruen-superlife\/#primaryimage\"},\"image\":{\"@id\":\"https:\/\/ekkla.ch\/de\/produit\/haengeleuchte-funambulb-salbeigruen-superlife\/#primaryimage\"},\"thumbnailUrl\":\"https:\/\/ekkla.ch\/wp-content\/uploads\/2024\/03\/ekkla-light-superlife-suspension-funambulb-vert-sauge.jpg\",\"datePublished\":\"2024-04-05T07:49:58+00:00\",\"dateModified\":\"2024-04-05T17:56:05+00:00\",\"description\":\"Die H\u00e4ngeleuchte Funambulb ist von r\u00f6mischen S\u00e4ulen inspiriert und schafft einen einzigartigen Stil, der jedes Interieur augenblicklich veredelt.\",\"breadcrumb\":{\"@id\":\"https:\/\/ekkla.ch\/de\/produit\/haengeleuchte-funambulb-salbeigruen-superlife\/#breadcrumb\"},\"inLanguage\":\"de\",\"potentialAction\":[{\"@type\":\"ReadAction\",\"target\":[\"https:\/\/ekkla.ch\/de\/produit\/haengeleuchte-funambulb-salbeigruen-superlife\/\"]}]},{\"@type\":\"ImageObject\",\"inLanguage\":\"de\",\"@id\":\"https:\/\/ekkla.ch\/de\/produit\/haengeleuchte-funambulb-salbeigruen-superlife\/#primaryimage\",\"url\":\"https:\/\/ekkla.ch\/wp-content\/uploads\/2024\/03\/ekkla-light-superlife-suspension-funambulb-vert-sauge.jpg\",\"contentUrl\":\"https:\/\/ekkla.ch\/wp-content\/uploads\/2024\/03\/ekkla-light-superlife-suspension-funambulb-vert-sauge.jpg\",\"width\":900,\"height\":900},{\"@type\":\"BreadcrumbList\",\"@id\":\"https:\/\/ekkla.ch\/de\/produit\/haengeleuchte-funambulb-salbeigruen-superlife\/#breadcrumb\",\"itemListElement\":[{\"@type\":\"ListItem\",\"position\":1,\"name\":\"Home\",\"item\":\"https:\/\/ekkla.ch\/de\/\"},{\"@type\":\"ListItem\",\"position\":2,\"name\":\"Shop\",\"item\":\"https:\/\/ekkla.ch\/de\/shop\/\"},{\"@type\":\"ListItem\",\"position\":3,\"name\":\"H\u00e4ngeleuchte Funambulb - Salbeigr\u00fcn - Superlife\"}]},{\"@type\":\"WebSite\",\"@id\":\"https:\/\/ekkla.ch\/#website\",\"url\":\"https:\/\/ekkla.ch\/\",\"name\":\"Ekkla\",\"description\":\"Der Onlineshop f\u00fcr Beleuchtung\",\"publisher\":{\"@id\":\"https:\/\/ekkla.ch\/#organization\"},\"potentialAction\":[{\"@type\":\"SearchAction\",\"target\":{\"@type\":\"EntryPoint\",\"urlTemplate\":\"https:\/\/ekkla.ch\/?s={search_term_string}\"},\"query-input\":\"required name=search_term_string\"}],\"inLanguage\":\"de\"},{\"@type\":\"Organization\",\"@id\":\"https:\/\/ekkla.ch\/#organization\",\"name\":\"Ekkla\",\"url\":\"https:\/\/ekkla.ch\/\",\"logo\":{\"@type\":\"ImageObject\",\"inLanguage\":\"de\",\"@id\":\"https:\/\/ekkla.ch\/#\/schema\/logo\/image\/\",\"url\":\"http:\/\/ekkla.ch\/wp-content\/uploads\/2019\/07\/logo-1.svg\",\"contentUrl\":\"http:\/\/ekkla.ch\/wp-content\/uploads\/2019\/07\/logo-1.svg\",\"width\":1,\"height\":1,\"caption\":\"Ekkla\"},\"image\":{\"@id\":\"https:\/\/ekkla.ch\/#\/schema\/logo\/image\/\"},\"sameAs\":[\"https:\/\/www.instagram.com\/ekkla_light\/\"]}]}<\/script>\n<!-- \/ Yoast SEO Premium plugin. -->","yoast_head_json":{"title":"H\u00e4ngeleuchte Funambulb | Salbeigr\u00fcn | Superlife | Ekkla","description":"Die H\u00e4ngeleuchte Funambulb ist von r\u00f6mischen S\u00e4ulen inspiriert und schafft einen einzigartigen Stil, der jedes Interieur augenblicklich veredelt.","robots":{"index":"index","follow":"follow","max-snippet":"max-snippet:-1","max-image-preview":"max-image-preview:large","max-video-preview":"max-video-preview:-1"},"canonical":"https:\/\/ekkla.ch\/de\/produit\/haengeleuchte-funambulb-salbeigruen-superlife\/","og_locale":"de_DE","og_type":"article","og_title":"H\u00e4ngeleuchte Funambulb - Salbeigr\u00fcn - Superlife","og_description":"Die H\u00e4ngeleuchte Funambulb ist von r\u00f6mischen S\u00e4ulen inspiriert und schafft einen einzigartigen Stil, der jedes Interieur augenblicklich veredelt.","og_url":"https:\/\/ekkla.ch\/de\/produit\/haengeleuchte-funambulb-salbeigruen-superlife\/","og_site_name":"Ekkla","article_modified_time":"2024-04-05T17:56:05+00:00","og_image":[{"width":900,"height":900,"url":"https:\/\/ekkla.ch\/wp-content\/uploads\/2024\/03\/ekkla-light-superlife-suspension-funambulb-vert-sauge.jpg","type":"image\/jpeg"}],"twitter_card":"summary_large_image","twitter_misc":{"Gesch\u00e4tzte Lesezeit":"2\u00a0Minuten"},"schema":{"@context":"https:\/\/schema.org","@graph":[{"@type":"WebPage","@id":"https:\/\/ekkla.ch\/de\/produit\/haengeleuchte-funambulb-salbeigruen-superlife\/","url":"https:\/\/ekkla.ch\/de\/produit\/haengeleuchte-funambulb-salbeigruen-superlife\/","name":"H\u00e4ngeleuchte Funambulb | Salbeigr\u00fcn | Superlife | Ekkla","isPartOf":{"@id":"https:\/\/ekkla.ch\/#website"},"primaryImageOfPage":{"@id":"https:\/\/ekkla.ch\/de\/produit\/haengeleuchte-funambulb-salbeigruen-superlife\/#primaryimage"},"image":{"@id":"https:\/\/ekkla.ch\/de\/produit\/haengeleuchte-funambulb-salbeigruen-superlife\/#primaryimage"},"thumbnailUrl":"https:\/\/ekkla.ch\/wp-content\/uploads\/2024\/03\/ekkla-light-superlife-suspension-funambulb-vert-sauge.jpg","datePublished":"2024-04-05T07:49:58+00:00","dateModified":"2024-04-05T17:56:05+00:00","description":"Die H\u00e4ngeleuchte Funambulb ist von r\u00f6mischen S\u00e4ulen inspiriert und schafft einen einzigartigen Stil, der jedes Interieur augenblicklich veredelt.","breadcrumb":{"@id":"https:\/\/ekkla.ch\/de\/produit\/haengeleuchte-funambulb-salbeigruen-superlife\/#breadcrumb"},"inLanguage":"de","potentialAction":[{"@type":"ReadAction","target":["https:\/\/ekkla.ch\/de\/produit\/haengeleuchte-funambulb-salbeigruen-superlife\/"]}]},{"@type":"ImageObject","inLanguage":"de","@id":"https:\/\/ekkla.ch\/de\/produit\/haengeleuchte-funambulb-salbeigruen-superlife\/#primaryimage","url":"https:\/\/ekkla.ch\/wp-content\/uploads\/2024\/03\/ekkla-light-superlife-suspension-funambulb-vert-sauge.jpg","contentUrl":"https:\/\/ekkla.ch\/wp-content\/uploads\/2024\/03\/ekkla-light-superlife-suspension-funambulb-vert-sauge.jpg","width":900,"height":900},{"@type":"BreadcrumbList","@id":"https:\/\/ekkla.ch\/de\/produit\/haengeleuchte-funambulb-salbeigruen-superlife\/#breadcrumb","itemListElement":[{"@type":"ListItem","position":1,"name":"Home","item":"https:\/\/ekkla.ch\/de\/"},{"@type":"ListItem","position":2,"name":"Shop","item":"https:\/\/ekkla.ch\/de\/shop\/"},{"@type":"ListItem","position":3,"name":"H\u00e4ngeleuchte Funambulb - Salbeigr\u00fcn - Superlife"}]},{"@type":"WebSite","@id":"https:\/\/ekkla.ch\/#website","url":"https:\/\/ekkla.ch\/","name":"Ekkla","description":"Der Onlineshop f\u00fcr Beleuchtung","publisher":{"@id":"https:\/\/ekkla.ch\/#organization"},"potentialAction":[{"@type":"SearchAction","target":{"@type":"EntryPoint","urlTemplate":"https:\/\/ekkla.ch\/?s={search_term_string}"},"query-input":"required name=search_term_string"}],"inLanguage":"de"},{"@type":"Organization","@id":"https:\/\/ekkla.ch\/#organization","name":"Ekkla","url":"https:\/\/ekkla.ch\/","logo":{"@type":"ImageObject","inLanguage":"de","@id":"https:\/\/ekkla.ch\/#\/schema\/logo\/image\/","url":"http:\/\/ekkla.ch\/wp-content\/uploads\/2019\/07\/logo-1.svg","contentUrl":"http:\/\/ekkla.ch\/wp-content\/uploads\/2019\/07\/logo-1.svg","width":1,"height":1,"caption":"Ekkla"},"image":{"@id":"https:\/\/ekkla.ch\/#\/schema\/logo\/image\/"},"sameAs":["https:\/\/www.instagram.com\/ekkla_light\/"]}]}},"_links":{"self":[{"href":"https:\/\/ekkla.ch\/de\/wp-json\/wp\/v2\/product\/190114"}],"collection":[{"href":"https:\/\/ekkla.ch\/de\/wp-json\/wp\/v2\/product"}],"about":[{"href":"https:\/\/ekkla.ch\/de\/wp-json\/wp\/v2\/types\/product"}],"wp:featuredmedia":[{"embeddable":true,"href":"https:\/\/ekkla.ch\/de\/wp-json\/wp\/v2\/media\/189318"}],"wp:attachment":[{"href":"https:\/\/ekkla.ch\/de\/wp-json\/wp\/v2\/media?parent=190114"}],"wp:term":[{"taxonomy":"product_cat","embeddable":true,"href":"https:\/\/ekkla.ch\/de\/wp-json\/wp\/v2\/product_cat?post=190114"},{"taxonomy":"product_tag","embeddable":true,"href":"https:\/\/ekkla.ch\/de\/wp-json\/wp\/v2\/product_tag?post=190114"}],"curies":[{"name":"wp","href":"https:\/\/api.w.org\/{rel}","templated":true}]}}