{"id":190118,"date":"2024-04-05T14:06:17","date_gmt":"2024-04-05T12:06:17","guid":{"rendered":"https:\/\/ekkla.ch\/produit\/kabellose-leuchte-arum-h-30-cashmere-ferm-living\/"},"modified":"2024-07-10T09:47:02","modified_gmt":"2024-07-10T07:47:02","slug":"kabellose-leuchte-arum-h-30-cashmere-ferm-living","status":"publish","type":"product","link":"https:\/\/ekkla.ch\/de\/produit\/kabellose-leuchte-arum-h-30-cashmere-ferm-living\/","title":{"rendered":"Kabellose Leuchte Arum &#8211; H.30 &#8211; Cashmere &#8211; Ferm Living"},"content":{"rendered":"<p>Die tragbare Leuchte Arum ist eine vielseitige und mobile Beleuchtungsl\u00f6sung. Diese kleine, tragbare LED-Lampe kann \u00fcber USB-C aufgeladen werden, sodass Sie \u00fcberall eine kuschelige Atmosph\u00e4re schaffen k\u00f6nnen. W\u00e4hrend sie an die Form der Tischleuchte Arum, einem Klassiker der Marke, erinnert, ist diese tragbare Version vollst\u00e4ndig aus Eisen und Aluminium mit einer Pulverbeschichtung gefertigt, was ihr eine lange Haltbarkeit und ein elegantes Finish verleiht. Ihr Design beh\u00e4lt die f\u00fcr die Kollektion charakteristische Eleganz und Ausgewogenheit bei, mit einem bl\u00fctenblattf\u00f6rmigen Lampenschirm, der auf seinem Stiel zu schweben scheint. Die Lampe verf\u00fcgt \u00fcber einen Touch-Dimmer mit drei Intervallen, sodass Sie das Stimmungslicht ganz nach Ihren Bed\u00fcrfnissen einstellen k\u00f6nnen. Sie verf\u00fcgt \u00fcber die Schutzart IP44, was sie gegen Spritzwasser (normaler Regen) sowie gegen Feuchtigkeit resistent macht. Sie kann also sowohl im Innen- als auch im Aussenbereich verwendet werden!<\/p>\n<p>Wird gerade aufgef\u00fcllt : Lieferung Anfang September<\/p>\n<blockquote>\n<h2>Merkmale &amp; Eigenschaften<\/h2>\n<p><strong>Marke<\/strong> Ferm Living<\/p>\n<p><strong>Farbe <\/strong>Gr\u00fcn<\/p>\n<p><strong>Materialien<\/strong> Aluminium und Eisen<\/p>\n<p><strong>Lichtstrom (lm)<\/strong> 350<\/p>\n<p><strong>Technologie<\/strong> LED 3W<\/p>\n<p><strong>Leuchtdauer<\/strong> 8 bis 24 Stunden<\/p>\n<p><strong>Aufladen<\/strong> USB-C Kabel (mitgeliefert) 1,8m (kann w\u00e4hrend des Ladevorgangs mit dem mitgelieferten Ladeger\u00e4t verwendet werden).<\/p>\n<p><strong>Standfussdurchmesser\u00a0(cm) <\/strong>7<\/p>\n<p><strong>H\u00f6he (cm) <\/strong>7<\/p>\n<p><strong>Gewicht (kg) <\/strong>1.1<\/p><\/blockquote>\n","protected":false},"excerpt":{"rendered":"<p>Die tragbare Leuchte Arum ist eine vielseitige und mobile Beleuchtungsl\u00f6sung. Diese kleine, tragbare LED-Lampe kann \u00fcber USB-C aufgeladen werden, sodass Sie \u00fcberall eine kuschelige Atmosph\u00e4re schaffen k\u00f6nnen. W\u00e4hrend sie an die Form der Tischleuchte Arum, einem Klassiker der Marke, erinnert, ist diese tragbare Version vollst\u00e4ndig aus Eisen und Aluminium mit einer Pulverbeschichtung gefertigt, was ihr [&hellip;]<\/p>\n","protected":false},"featured_media":190031,"template":"","meta":{"_acf_changed":false,"om_disable_all_campaigns":false},"product_cat":[290],"product_tag":[1258,896,1188,1265,1022,1204,816],"bundled_by":[],"bundle_stock_status":"onbackorder","bundle_stock_quantity":1,"bundle_virtual":false,"bundle_layout":"","bundle_add_to_cart_form_location":"","bundle_editable_in_cart":false,"bundle_sold_individually_context":"","bundle_item_grouping":"","bundle_min_size":"","bundle_max_size":"","bundle_price":[],"bundled_items":[],"bundle_sell_ids":[],"acf":[],"yoast_head":"<!-- This site is optimized with the Yoast SEO Premium plugin v22.2 (Yoast SEO v22.8) - https:\/\/yoast.com\/wordpress\/plugins\/seo\/ -->\n<title>Ferm Living | Kabellose Leuchte Arum Cashmere | Outdoor | Ekkla<\/title>\n<meta name=\"description\" content=\"Die Arum-Lampe ist mehr als eine tragbare Leuchte, sie ist extrem handlich und eignet sich f\u00fcr eine Vielzahl von Anwendungen im Innen- und Aussenbereich.\" \/>\n<meta name=\"robots\" content=\"index, follow, max-snippet:-1, max-image-preview:large, max-video-preview:-1\" \/>\n<link rel=\"canonical\" href=\"https:\/\/ekkla.ch\/de\/produit\/kabellose-leuchte-arum-h-30-cashmere-ferm-living\/\" \/>\n<meta property=\"og:locale\" content=\"de_DE\" \/>\n<meta property=\"og:type\" content=\"article\" \/>\n<meta property=\"og:title\" content=\"Kabellose Leuchte Arum - H.30 - Cashmere - Ferm Living\" \/>\n<meta property=\"og:description\" content=\"Die Arum-Lampe ist mehr als eine tragbare Leuchte, sie ist extrem handlich und eignet sich f\u00fcr eine Vielzahl von Anwendungen im Innen- und Aussenbereich.\" \/>\n<meta property=\"og:url\" content=\"https:\/\/ekkla.ch\/de\/produit\/kabellose-leuchte-arum-h-30-cashmere-ferm-living\/\" \/>\n<meta property=\"og:site_name\" content=\"Ekkla\" \/>\n<meta property=\"article:modified_time\" content=\"2024-07-10T07:47:02+00:00\" \/>\n<meta property=\"og:image\" content=\"https:\/\/ekkla.ch\/wp-content\/uploads\/2024\/04\/fermLIVING_SS24_ArumPortableLamp_Cashmere_1104269285_1.jpg\" \/>\n\t<meta property=\"og:image:width\" content=\"900\" \/>\n\t<meta property=\"og:image:height\" content=\"900\" \/>\n\t<meta property=\"og:image:type\" content=\"image\/jpeg\" \/>\n<meta name=\"twitter:card\" content=\"summary_large_image\" \/>\n<meta name=\"twitter:label1\" content=\"Gesch\u00e4tzte Lesezeit\" \/>\n\t<meta name=\"twitter:data1\" content=\"1\u00a0Minute\" \/>\n<script type=\"application\/ld+json\" class=\"yoast-schema-graph\">{\"@context\":\"https:\/\/schema.org\",\"@graph\":[{\"@type\":\"WebPage\",\"@id\":\"https:\/\/ekkla.ch\/de\/produit\/kabellose-leuchte-arum-h-30-cashmere-ferm-living\/\",\"url\":\"https:\/\/ekkla.ch\/de\/produit\/kabellose-leuchte-arum-h-30-cashmere-ferm-living\/\",\"name\":\"Ferm Living | Kabellose Leuchte Arum Cashmere | Outdoor | Ekkla\",\"isPartOf\":{\"@id\":\"https:\/\/ekkla.ch\/#website\"},\"primaryImageOfPage\":{\"@id\":\"https:\/\/ekkla.ch\/de\/produit\/kabellose-leuchte-arum-h-30-cashmere-ferm-living\/#primaryimage\"},\"image\":{\"@id\":\"https:\/\/ekkla.ch\/de\/produit\/kabellose-leuchte-arum-h-30-cashmere-ferm-living\/#primaryimage\"},\"thumbnailUrl\":\"https:\/\/ekkla.ch\/wp-content\/uploads\/2024\/04\/fermLIVING_SS24_ArumPortableLamp_Cashmere_1104269285_1.jpg\",\"datePublished\":\"2024-04-05T12:06:17+00:00\",\"dateModified\":\"2024-07-10T07:47:02+00:00\",\"description\":\"Die Arum-Lampe ist mehr als eine tragbare Leuchte, sie ist extrem handlich und eignet sich f\u00fcr eine Vielzahl von Anwendungen im Innen- und Aussenbereich.\",\"breadcrumb\":{\"@id\":\"https:\/\/ekkla.ch\/de\/produit\/kabellose-leuchte-arum-h-30-cashmere-ferm-living\/#breadcrumb\"},\"inLanguage\":\"de\",\"potentialAction\":[{\"@type\":\"ReadAction\",\"target\":[\"https:\/\/ekkla.ch\/de\/produit\/kabellose-leuchte-arum-h-30-cashmere-ferm-living\/\"]}]},{\"@type\":\"ImageObject\",\"inLanguage\":\"de\",\"@id\":\"https:\/\/ekkla.ch\/de\/produit\/kabellose-leuchte-arum-h-30-cashmere-ferm-living\/#primaryimage\",\"url\":\"https:\/\/ekkla.ch\/wp-content\/uploads\/2024\/04\/fermLIVING_SS24_ArumPortableLamp_Cashmere_1104269285_1.jpg\",\"contentUrl\":\"https:\/\/ekkla.ch\/wp-content\/uploads\/2024\/04\/fermLIVING_SS24_ArumPortableLamp_Cashmere_1104269285_1.jpg\",\"width\":900,\"height\":900},{\"@type\":\"BreadcrumbList\",\"@id\":\"https:\/\/ekkla.ch\/de\/produit\/kabellose-leuchte-arum-h-30-cashmere-ferm-living\/#breadcrumb\",\"itemListElement\":[{\"@type\":\"ListItem\",\"position\":1,\"name\":\"Home\",\"item\":\"https:\/\/ekkla.ch\/de\/\"},{\"@type\":\"ListItem\",\"position\":2,\"name\":\"Shop\",\"item\":\"https:\/\/ekkla.ch\/de\/shop\/\"},{\"@type\":\"ListItem\",\"position\":3,\"name\":\"Kabellose Leuchte Arum - H.30 - Cashmere - Ferm Living\"}]},{\"@type\":\"WebSite\",\"@id\":\"https:\/\/ekkla.ch\/#website\",\"url\":\"https:\/\/ekkla.ch\/\",\"name\":\"Ekkla\",\"description\":\"Der Onlineshop f\u00fcr Beleuchtung\",\"publisher\":{\"@id\":\"https:\/\/ekkla.ch\/#organization\"},\"potentialAction\":[{\"@type\":\"SearchAction\",\"target\":{\"@type\":\"EntryPoint\",\"urlTemplate\":\"https:\/\/ekkla.ch\/?s={search_term_string}\"},\"query-input\":\"required name=search_term_string\"}],\"inLanguage\":\"de\"},{\"@type\":\"Organization\",\"@id\":\"https:\/\/ekkla.ch\/#organization\",\"name\":\"Ekkla\",\"url\":\"https:\/\/ekkla.ch\/\",\"logo\":{\"@type\":\"ImageObject\",\"inLanguage\":\"de\",\"@id\":\"https:\/\/ekkla.ch\/#\/schema\/logo\/image\/\",\"url\":\"http:\/\/ekkla.ch\/wp-content\/uploads\/2019\/07\/logo-1.svg\",\"contentUrl\":\"http:\/\/ekkla.ch\/wp-content\/uploads\/2019\/07\/logo-1.svg\",\"width\":1,\"height\":1,\"caption\":\"Ekkla\"},\"image\":{\"@id\":\"https:\/\/ekkla.ch\/#\/schema\/logo\/image\/\"},\"sameAs\":[\"https:\/\/www.instagram.com\/ekkla_light\/\"]}]}<\/script>\n<!-- \/ Yoast SEO Premium plugin. -->","yoast_head_json":{"title":"Ferm Living | Kabellose Leuchte Arum Cashmere | Outdoor | Ekkla","description":"Die Arum-Lampe ist mehr als eine tragbare Leuchte, sie ist extrem handlich und eignet sich f\u00fcr eine Vielzahl von Anwendungen im Innen- und Aussenbereich.","robots":{"index":"index","follow":"follow","max-snippet":"max-snippet:-1","max-image-preview":"max-image-preview:large","max-video-preview":"max-video-preview:-1"},"canonical":"https:\/\/ekkla.ch\/de\/produit\/kabellose-leuchte-arum-h-30-cashmere-ferm-living\/","og_locale":"de_DE","og_type":"article","og_title":"Kabellose Leuchte Arum - H.30 - Cashmere - Ferm Living","og_description":"Die Arum-Lampe ist mehr als eine tragbare Leuchte, sie ist extrem handlich und eignet sich f\u00fcr eine Vielzahl von Anwendungen im Innen- und Aussenbereich.","og_url":"https:\/\/ekkla.ch\/de\/produit\/kabellose-leuchte-arum-h-30-cashmere-ferm-living\/","og_site_name":"Ekkla","article_modified_time":"2024-07-10T07:47:02+00:00","og_image":[{"width":900,"height":900,"url":"https:\/\/ekkla.ch\/wp-content\/uploads\/2024\/04\/fermLIVING_SS24_ArumPortableLamp_Cashmere_1104269285_1.jpg","type":"image\/jpeg"}],"twitter_card":"summary_large_image","twitter_misc":{"Gesch\u00e4tzte Lesezeit":"1\u00a0Minute"},"schema":{"@context":"https:\/\/schema.org","@graph":[{"@type":"WebPage","@id":"https:\/\/ekkla.ch\/de\/produit\/kabellose-leuchte-arum-h-30-cashmere-ferm-living\/","url":"https:\/\/ekkla.ch\/de\/produit\/kabellose-leuchte-arum-h-30-cashmere-ferm-living\/","name":"Ferm Living | Kabellose Leuchte Arum Cashmere | Outdoor | Ekkla","isPartOf":{"@id":"https:\/\/ekkla.ch\/#website"},"primaryImageOfPage":{"@id":"https:\/\/ekkla.ch\/de\/produit\/kabellose-leuchte-arum-h-30-cashmere-ferm-living\/#primaryimage"},"image":{"@id":"https:\/\/ekkla.ch\/de\/produit\/kabellose-leuchte-arum-h-30-cashmere-ferm-living\/#primaryimage"},"thumbnailUrl":"https:\/\/ekkla.ch\/wp-content\/uploads\/2024\/04\/fermLIVING_SS24_ArumPortableLamp_Cashmere_1104269285_1.jpg","datePublished":"2024-04-05T12:06:17+00:00","dateModified":"2024-07-10T07:47:02+00:00","description":"Die Arum-Lampe ist mehr als eine tragbare Leuchte, sie ist extrem handlich und eignet sich f\u00fcr eine Vielzahl von Anwendungen im Innen- und Aussenbereich.","breadcrumb":{"@id":"https:\/\/ekkla.ch\/de\/produit\/kabellose-leuchte-arum-h-30-cashmere-ferm-living\/#breadcrumb"},"inLanguage":"de","potentialAction":[{"@type":"ReadAction","target":["https:\/\/ekkla.ch\/de\/produit\/kabellose-leuchte-arum-h-30-cashmere-ferm-living\/"]}]},{"@type":"ImageObject","inLanguage":"de","@id":"https:\/\/ekkla.ch\/de\/produit\/kabellose-leuchte-arum-h-30-cashmere-ferm-living\/#primaryimage","url":"https:\/\/ekkla.ch\/wp-content\/uploads\/2024\/04\/fermLIVING_SS24_ArumPortableLamp_Cashmere_1104269285_1.jpg","contentUrl":"https:\/\/ekkla.ch\/wp-content\/uploads\/2024\/04\/fermLIVING_SS24_ArumPortableLamp_Cashmere_1104269285_1.jpg","width":900,"height":900},{"@type":"BreadcrumbList","@id":"https:\/\/ekkla.ch\/de\/produit\/kabellose-leuchte-arum-h-30-cashmere-ferm-living\/#breadcrumb","itemListElement":[{"@type":"ListItem","position":1,"name":"Home","item":"https:\/\/ekkla.ch\/de\/"},{"@type":"ListItem","position":2,"name":"Shop","item":"https:\/\/ekkla.ch\/de\/shop\/"},{"@type":"ListItem","position":3,"name":"Kabellose Leuchte Arum - H.30 - Cashmere - Ferm Living"}]},{"@type":"WebSite","@id":"https:\/\/ekkla.ch\/#website","url":"https:\/\/ekkla.ch\/","name":"Ekkla","description":"Der Onlineshop f\u00fcr Beleuchtung","publisher":{"@id":"https:\/\/ekkla.ch\/#organization"},"potentialAction":[{"@type":"SearchAction","target":{"@type":"EntryPoint","urlTemplate":"https:\/\/ekkla.ch\/?s={search_term_string}"},"query-input":"required name=search_term_string"}],"inLanguage":"de"},{"@type":"Organization","@id":"https:\/\/ekkla.ch\/#organization","name":"Ekkla","url":"https:\/\/ekkla.ch\/","logo":{"@type":"ImageObject","inLanguage":"de","@id":"https:\/\/ekkla.ch\/#\/schema\/logo\/image\/","url":"http:\/\/ekkla.ch\/wp-content\/uploads\/2019\/07\/logo-1.svg","contentUrl":"http:\/\/ekkla.ch\/wp-content\/uploads\/2019\/07\/logo-1.svg","width":1,"height":1,"caption":"Ekkla"},"image":{"@id":"https:\/\/ekkla.ch\/#\/schema\/logo\/image\/"},"sameAs":["https:\/\/www.instagram.com\/ekkla_light\/"]}]}},"_links":{"self":[{"href":"https:\/\/ekkla.ch\/de\/wp-json\/wp\/v2\/product\/190118"}],"collection":[{"href":"https:\/\/ekkla.ch\/de\/wp-json\/wp\/v2\/product"}],"about":[{"href":"https:\/\/ekkla.ch\/de\/wp-json\/wp\/v2\/types\/product"}],"wp:featuredmedia":[{"embeddable":true,"href":"https:\/\/ekkla.ch\/de\/wp-json\/wp\/v2\/media\/190031"}],"wp:attachment":[{"href":"https:\/\/ekkla.ch\/de\/wp-json\/wp\/v2\/media?parent=190118"}],"wp:term":[{"taxonomy":"product_cat","embeddable":true,"href":"https:\/\/ekkla.ch\/de\/wp-json\/wp\/v2\/product_cat?post=190118"},{"taxonomy":"product_tag","embeddable":true,"href":"https:\/\/ekkla.ch\/de\/wp-json\/wp\/v2\/product_tag?post=190118"}],"curies":[{"name":"wp","href":"https:\/\/api.w.org\/{rel}","templated":true}]}}